{"id":246161,"date":"2024-03-06T15:52:07","date_gmt":"2024-03-06T13:52:07","guid":{"rendered":"https:\/\/bbqentertainment.com\/?post_type=product&#038;p=246161"},"modified":"2026-01-09T14:34:11","modified_gmt":"2026-01-09T12:34:11","slug":"yeti-termos-joogitops-kaanega-rambler-tumbler-20-oz-591-ml-seafoam-neoon-heleroheline","status":"publish","type":"product","link":"https:\/\/bbqentertainment.com\/en\/toode\/yeti-termos-joogitops-kaanega-rambler-tumbler-20-oz-591-ml-seafoam-neoon-heleroheline\/","title":{"rendered":"YETI termos-joogitops kaanega Rambler Tumbler 20 Oz \/ 591 ml Seafoam \/ neoon heleroheline"},"content":{"rendered":"<p>IDEAALNE KAASLANE KOHVI KAASA V\u00d5TMISEKS. MAHUB ENAMIKKU TOPSIHOIDJATESSE. Iga tumbler, mis on kaasas s\u00f5idul, peab olema piisavalt vastupidav, et sammu pidada. Meie f\u00e4nnide lemmik Rambler\u00ae 20 oz Tumbler on valmistatud vastupidavast roostevabast terasest kahekordse vaakumisolatsiooniga, et kaitsta iga hinna eest teie joogi temperatuuri. Nagu terve Rambler\u00ae joogin\u00f5ude perekond, on 20 oz Tumbler ja MagSlider\u2122 kaas n\u00f5udepesumasinas pestavad lihtsaks puhastamiseks. Kuigi kaasasoleva MagSlider\u2122 kaane magnet lisab t\u00e4iendava kaitsekihi joogi s\u00e4ilitamiseks ja soojuse v\u00f5i k\u00fclma p\u00f5genemise \u00e4rahoidmiseks, palun pange t\u00e4hele &#8211; see magnetkomponent ei ole lekkekindel ja ei hoia \u00e4ra valgumist.<\/p>\n<p>18\/8 ROOSTEVABA TERAS. Valmistatud k\u00f6\u00f6gikvaliteediga roostevabast terasest, torke- ja roostekindel.<\/p>\n<p>KAHEKORDNE VAUKUMISOLATSIOON. Hoiab k\u00fclma joogi k\u00fclmana ja kuuma joogi kuumana viimase s\u00f5\u00f5muni.<\/p>\n<p>N\u00d5UDEPESUMASINAS PESTAV, sest keegi ei vaja lisat\u00f6\u00f6d.<\/p>\n<p>MAGNETID &#8211; lihtsaks avamiseks ja sulgemiseks.<\/p>\n","protected":false},"excerpt":{"rendered":"<h3><strong>YETI termos-joogitops kaanega Rambler Tumbler 20 Oz \/ 591 ml Seafoam \/ neoon heleroheline<\/strong><\/h3>\n<p>Ideaalne kaaslane kohvi kaasa v\u00f5tmiseks. Mahub enamikku topsihoidjatesse.<\/p>\n","protected":false},"featured_media":246166,"template":"","meta":{"inline_featured_image":false},"product_brand":[],"product_cat":[574,178,377],"product_tag":[],"class_list":{"0":"post-246161","1":"product","2":"type-product","3":"status-publish","4":"has-post-thumbnail","6":"product_cat-yeti-kulmakastid-ja-joogipudelid","7":"product_cat-muud-tooted","8":"product_cat-joogipudelid-termosed","10":"first","11":"instock","12":"taxable","13":"shipping-taxable","14":"purchasable","15":"product-type-simple"},"yoast_head":"<!-- This site is optimized with the Yoast SEO plugin v27.4 - https:\/\/yoast.com\/product\/yoast-seo-wordpress\/ -->\n<title>YETI termos-joogitops kaanega Rambler Tumbler 20 Oz \/ 591 ml Seafoam \/ neoon heleroheline - BBQ Entertainment<\/title>\n<meta name=\"robots\" content=\"index, follow, max-snippet:-1, max-image-preview:large, max-video-preview:-1\" \/>\n<link rel=\"canonical\" href=\"https:\/\/bbqentertainment.com\/toode\/yeti-termos-joogitops-kaanega-rambler-tumbler-20-oz-591-ml-seafoam-neoon-heleroheline\/\" \/>\n<meta property=\"og:locale\" content=\"en_US\" \/>\n<meta property=\"og:type\" content=\"article\" \/>\n<meta property=\"og:title\" content=\"YETI termos-joogitops kaanega Rambler Tumbler 20 Oz \/ 591 ml Seafoam \/ neoon heleroheline - BBQ Entertainment\" \/>\n<meta property=\"og:description\" content=\"YETI termos-joogitops kaanega Rambler Tumbler 20 Oz \/ 591 ml Seafoam \/ neoon helerohelineIdeaalne kaaslane kohvi kaasa v\u00f5tmiseks. Mahub enamikku topsihoidjatesse.\" \/>\n<meta property=\"og:url\" content=\"https:\/\/bbqentertainment.com\/toode\/yeti-termos-joogitops-kaanega-rambler-tumbler-20-oz-591-ml-seafoam-neoon-heleroheline\/\" \/>\n<meta property=\"og:site_name\" content=\"BBQ Entertainment\" \/>\n<meta property=\"article:publisher\" content=\"https:\/\/www.facebook.com\/BBQ-Entertainment-N-Catering-2437913376443540\" \/>\n<meta property=\"article:modified_time\" content=\"2026-01-09T12:34:11+00:00\" \/>\n<meta property=\"og:image\" content=\"https:\/\/bbqentertainment.com\/wp-content\/uploads\/2024\/03\/BBQ-Entertainment-YETI-termos-joogitops-kaanega-Rambler-Tumbler-20-Oz-591-ml-Seafoam-neoon-heleroheline-1.jpg\" \/>\n\t<meta property=\"og:image:width\" content=\"1445\" \/>\n\t<meta property=\"og:image:height\" content=\"1445\" \/>\n\t<meta property=\"og:image:type\" content=\"image\/jpeg\" \/>\n<meta name=\"twitter:card\" content=\"summary_large_image\" \/>\n<meta name=\"twitter:label1\" content=\"Est. reading time\" \/>\n\t<meta name=\"twitter:data1\" content=\"1 minute\" \/>\n<script type=\"application\/ld+json\" class=\"yoast-schema-graph\">{\"@context\":\"https:\\\/\\\/schema.org\",\"@graph\":[{\"@type\":[\"WebPage\",\"ItemPage\"],\"@id\":\"https:\\\/\\\/bbqentertainment.com\\\/toode\\\/yeti-termos-joogitops-kaanega-rambler-tumbler-20-oz-591-ml-seafoam-neoon-heleroheline\\\/\",\"url\":\"https:\\\/\\\/bbqentertainment.com\\\/toode\\\/yeti-termos-joogitops-kaanega-rambler-tumbler-20-oz-591-ml-seafoam-neoon-heleroheline\\\/\",\"name\":\"YETI termos-joogitops kaanega Rambler Tumbler 20 Oz \\\/ 591 ml Seafoam \\\/ neoon heleroheline - BBQ Entertainment\",\"isPartOf\":{\"@id\":\"https:\\\/\\\/bbqentertainment.com\\\/#website\"},\"primaryImageOfPage\":{\"@id\":\"https:\\\/\\\/bbqentertainment.com\\\/toode\\\/yeti-termos-joogitops-kaanega-rambler-tumbler-20-oz-591-ml-seafoam-neoon-heleroheline\\\/#primaryimage\"},\"image\":{\"@id\":\"https:\\\/\\\/bbqentertainment.com\\\/toode\\\/yeti-termos-joogitops-kaanega-rambler-tumbler-20-oz-591-ml-seafoam-neoon-heleroheline\\\/#primaryimage\"},\"thumbnailUrl\":\"https:\\\/\\\/bbqentertainment.com\\\/wp-content\\\/uploads\\\/2024\\\/03\\\/BBQ-Entertainment-YETI-termos-joogitops-kaanega-Rambler-Tumbler-20-Oz-591-ml-Seafoam-neoon-heleroheline-1.jpg\",\"datePublished\":\"2024-03-06T13:52:07+00:00\",\"dateModified\":\"2026-01-09T12:34:11+00:00\",\"breadcrumb\":{\"@id\":\"https:\\\/\\\/bbqentertainment.com\\\/toode\\\/yeti-termos-joogitops-kaanega-rambler-tumbler-20-oz-591-ml-seafoam-neoon-heleroheline\\\/#breadcrumb\"},\"inLanguage\":\"en-US\",\"potentialAction\":[{\"@type\":\"ReadAction\",\"target\":[\"https:\\\/\\\/bbqentertainment.com\\\/toode\\\/yeti-termos-joogitops-kaanega-rambler-tumbler-20-oz-591-ml-seafoam-neoon-heleroheline\\\/\"]}]},{\"@type\":\"ImageObject\",\"inLanguage\":\"en-US\",\"@id\":\"https:\\\/\\\/bbqentertainment.com\\\/toode\\\/yeti-termos-joogitops-kaanega-rambler-tumbler-20-oz-591-ml-seafoam-neoon-heleroheline\\\/#primaryimage\",\"url\":\"https:\\\/\\\/bbqentertainment.com\\\/wp-content\\\/uploads\\\/2024\\\/03\\\/BBQ-Entertainment-YETI-termos-joogitops-kaanega-Rambler-Tumbler-20-Oz-591-ml-Seafoam-neoon-heleroheline-1.jpg\",\"contentUrl\":\"https:\\\/\\\/bbqentertainment.com\\\/wp-content\\\/uploads\\\/2024\\\/03\\\/BBQ-Entertainment-YETI-termos-joogitops-kaanega-Rambler-Tumbler-20-Oz-591-ml-Seafoam-neoon-heleroheline-1.jpg\",\"width\":1445,\"height\":1445},{\"@type\":\"BreadcrumbList\",\"@id\":\"https:\\\/\\\/bbqentertainment.com\\\/toode\\\/yeti-termos-joogitops-kaanega-rambler-tumbler-20-oz-591-ml-seafoam-neoon-heleroheline\\\/#breadcrumb\",\"itemListElement\":[{\"@type\":\"ListItem\",\"position\":1,\"name\":\"AVALEHT\",\"item\":\"https:\\\/\\\/bbqentertainment.com\\\/en\\\/\"},{\"@type\":\"ListItem\",\"position\":2,\"name\":\"Tooted\",\"item\":\"https:\\\/\\\/bbqentertainment.com\\\/tooted\\\/\"},{\"@type\":\"ListItem\",\"position\":3,\"name\":\"Muud tooted\",\"item\":\"https:\\\/\\\/bbqentertainment.com\\\/tootekategooria\\\/muud-tooted\\\/\"},{\"@type\":\"ListItem\",\"position\":4,\"name\":\"YETI k\u00fclmakastid ja joogipudelid\",\"item\":\"https:\\\/\\\/bbqentertainment.com\\\/tootekategooria\\\/muud-tooted\\\/yeti-kulmakastid-ja-joogipudelid\\\/\"},{\"@type\":\"ListItem\",\"position\":5,\"name\":\"YETI termos-joogitops kaanega Rambler Tumbler 20 Oz \\\/ 591 ml Seafoam \\\/ neoon heleroheline\"}]},{\"@type\":\"WebSite\",\"@id\":\"https:\\\/\\\/bbqentertainment.com\\\/#website\",\"url\":\"https:\\\/\\\/bbqentertainment.com\\\/\",\"name\":\"BBQ Entertainment\",\"description\":\"BBQ is a great lifestyle, not just fun!\",\"publisher\":{\"@id\":\"https:\\\/\\\/bbqentertainment.com\\\/#organization\"},\"potentialAction\":[{\"@type\":\"SearchAction\",\"target\":{\"@type\":\"EntryPoint\",\"urlTemplate\":\"https:\\\/\\\/bbqentertainment.com\\\/?s={search_term_string}\"},\"query-input\":{\"@type\":\"PropertyValueSpecification\",\"valueRequired\":true,\"valueName\":\"search_term_string\"}}],\"inLanguage\":\"en-US\"},{\"@type\":\"Organization\",\"@id\":\"https:\\\/\\\/bbqentertainment.com\\\/#organization\",\"name\":\"BBQ Entertainment O\u00dc\",\"url\":\"https:\\\/\\\/bbqentertainment.com\\\/\",\"logo\":{\"@type\":\"ImageObject\",\"inLanguage\":\"en-US\",\"@id\":\"https:\\\/\\\/bbqentertainment.com\\\/#\\\/schema\\\/logo\\\/image\\\/\",\"url\":\"https:\\\/\\\/bbqentertainment.com\\\/wp-content\\\/uploads\\\/2020\\\/04\\\/BBQ-Entertainment-N-Catering-Enn-Tobreluts-Logo.png\",\"contentUrl\":\"https:\\\/\\\/bbqentertainment.com\\\/wp-content\\\/uploads\\\/2020\\\/04\\\/BBQ-Entertainment-N-Catering-Enn-Tobreluts-Logo.png\",\"width\":628,\"height\":266,\"caption\":\"BBQ Entertainment O\u00dc\"},\"image\":{\"@id\":\"https:\\\/\\\/bbqentertainment.com\\\/#\\\/schema\\\/logo\\\/image\\\/\"},\"sameAs\":[\"https:\\\/\\\/www.facebook.com\\\/BBQ-Entertainment-N-Catering-2437913376443540\",\"https:\\\/\\\/www.instagram.com\\\/bbqentertainmentncatering\\\/\",\"https:\\\/\\\/www.youtube.com\\\/channel\\\/UCmpuANQVhLy2Md8nrenp2jA\"]}]}<\/script>\n<!-- \/ Yoast SEO plugin. -->","yoast_head_json":{"title":"YETI termos-joogitops kaanega Rambler Tumbler 20 Oz \/ 591 ml Seafoam \/ neoon heleroheline - BBQ Entertainment","robots":{"index":"index","follow":"follow","max-snippet":"max-snippet:-1","max-image-preview":"max-image-preview:large","max-video-preview":"max-video-preview:-1"},"canonical":"https:\/\/bbqentertainment.com\/toode\/yeti-termos-joogitops-kaanega-rambler-tumbler-20-oz-591-ml-seafoam-neoon-heleroheline\/","og_locale":"en_US","og_type":"article","og_title":"YETI termos-joogitops kaanega Rambler Tumbler 20 Oz \/ 591 ml Seafoam \/ neoon heleroheline - BBQ Entertainment","og_description":"YETI termos-joogitops kaanega Rambler Tumbler 20 Oz \/ 591 ml Seafoam \/ neoon helerohelineIdeaalne kaaslane kohvi kaasa v\u00f5tmiseks. Mahub enamikku topsihoidjatesse.","og_url":"https:\/\/bbqentertainment.com\/toode\/yeti-termos-joogitops-kaanega-rambler-tumbler-20-oz-591-ml-seafoam-neoon-heleroheline\/","og_site_name":"BBQ Entertainment","article_publisher":"https:\/\/www.facebook.com\/BBQ-Entertainment-N-Catering-2437913376443540","article_modified_time":"2026-01-09T12:34:11+00:00","og_image":[{"width":1445,"height":1445,"url":"https:\/\/bbqentertainment.com\/wp-content\/uploads\/2024\/03\/BBQ-Entertainment-YETI-termos-joogitops-kaanega-Rambler-Tumbler-20-Oz-591-ml-Seafoam-neoon-heleroheline-1.jpg","type":"image\/jpeg"}],"twitter_card":"summary_large_image","twitter_misc":{"Est. reading time":"1 minute"},"schema":{"@context":"https:\/\/schema.org","@graph":[{"@type":["WebPage","ItemPage"],"@id":"https:\/\/bbqentertainment.com\/toode\/yeti-termos-joogitops-kaanega-rambler-tumbler-20-oz-591-ml-seafoam-neoon-heleroheline\/","url":"https:\/\/bbqentertainment.com\/toode\/yeti-termos-joogitops-kaanega-rambler-tumbler-20-oz-591-ml-seafoam-neoon-heleroheline\/","name":"YETI termos-joogitops kaanega Rambler Tumbler 20 Oz \/ 591 ml Seafoam \/ neoon heleroheline - BBQ Entertainment","isPartOf":{"@id":"https:\/\/bbqentertainment.com\/#website"},"primaryImageOfPage":{"@id":"https:\/\/bbqentertainment.com\/toode\/yeti-termos-joogitops-kaanega-rambler-tumbler-20-oz-591-ml-seafoam-neoon-heleroheline\/#primaryimage"},"image":{"@id":"https:\/\/bbqentertainment.com\/toode\/yeti-termos-joogitops-kaanega-rambler-tumbler-20-oz-591-ml-seafoam-neoon-heleroheline\/#primaryimage"},"thumbnailUrl":"https:\/\/bbqentertainment.com\/wp-content\/uploads\/2024\/03\/BBQ-Entertainment-YETI-termos-joogitops-kaanega-Rambler-Tumbler-20-Oz-591-ml-Seafoam-neoon-heleroheline-1.jpg","datePublished":"2024-03-06T13:52:07+00:00","dateModified":"2026-01-09T12:34:11+00:00","breadcrumb":{"@id":"https:\/\/bbqentertainment.com\/toode\/yeti-termos-joogitops-kaanega-rambler-tumbler-20-oz-591-ml-seafoam-neoon-heleroheline\/#breadcrumb"},"inLanguage":"en-US","potentialAction":[{"@type":"ReadAction","target":["https:\/\/bbqentertainment.com\/toode\/yeti-termos-joogitops-kaanega-rambler-tumbler-20-oz-591-ml-seafoam-neoon-heleroheline\/"]}]},{"@type":"ImageObject","inLanguage":"en-US","@id":"https:\/\/bbqentertainment.com\/toode\/yeti-termos-joogitops-kaanega-rambler-tumbler-20-oz-591-ml-seafoam-neoon-heleroheline\/#primaryimage","url":"https:\/\/bbqentertainment.com\/wp-content\/uploads\/2024\/03\/BBQ-Entertainment-YETI-termos-joogitops-kaanega-Rambler-Tumbler-20-Oz-591-ml-Seafoam-neoon-heleroheline-1.jpg","contentUrl":"https:\/\/bbqentertainment.com\/wp-content\/uploads\/2024\/03\/BBQ-Entertainment-YETI-termos-joogitops-kaanega-Rambler-Tumbler-20-Oz-591-ml-Seafoam-neoon-heleroheline-1.jpg","width":1445,"height":1445},{"@type":"BreadcrumbList","@id":"https:\/\/bbqentertainment.com\/toode\/yeti-termos-joogitops-kaanega-rambler-tumbler-20-oz-591-ml-seafoam-neoon-heleroheline\/#breadcrumb","itemListElement":[{"@type":"ListItem","position":1,"name":"AVALEHT","item":"https:\/\/bbqentertainment.com\/en\/"},{"@type":"ListItem","position":2,"name":"Tooted","item":"https:\/\/bbqentertainment.com\/tooted\/"},{"@type":"ListItem","position":3,"name":"Muud tooted","item":"https:\/\/bbqentertainment.com\/tootekategooria\/muud-tooted\/"},{"@type":"ListItem","position":4,"name":"YETI k\u00fclmakastid ja joogipudelid","item":"https:\/\/bbqentertainment.com\/tootekategooria\/muud-tooted\/yeti-kulmakastid-ja-joogipudelid\/"},{"@type":"ListItem","position":5,"name":"YETI termos-joogitops kaanega Rambler Tumbler 20 Oz \/ 591 ml Seafoam \/ neoon heleroheline"}]},{"@type":"WebSite","@id":"https:\/\/bbqentertainment.com\/#website","url":"https:\/\/bbqentertainment.com\/","name":"BBQ Entertainment","description":"BBQ is a great lifestyle, not just fun!","publisher":{"@id":"https:\/\/bbqentertainment.com\/#organization"},"potentialAction":[{"@type":"SearchAction","target":{"@type":"EntryPoint","urlTemplate":"https:\/\/bbqentertainment.com\/?s={search_term_string}"},"query-input":{"@type":"PropertyValueSpecification","valueRequired":true,"valueName":"search_term_string"}}],"inLanguage":"en-US"},{"@type":"Organization","@id":"https:\/\/bbqentertainment.com\/#organization","name":"BBQ Entertainment O\u00dc","url":"https:\/\/bbqentertainment.com\/","logo":{"@type":"ImageObject","inLanguage":"en-US","@id":"https:\/\/bbqentertainment.com\/#\/schema\/logo\/image\/","url":"https:\/\/bbqentertainment.com\/wp-content\/uploads\/2020\/04\/BBQ-Entertainment-N-Catering-Enn-Tobreluts-Logo.png","contentUrl":"https:\/\/bbqentertainment.com\/wp-content\/uploads\/2020\/04\/BBQ-Entertainment-N-Catering-Enn-Tobreluts-Logo.png","width":628,"height":266,"caption":"BBQ Entertainment O\u00dc"},"image":{"@id":"https:\/\/bbqentertainment.com\/#\/schema\/logo\/image\/"},"sameAs":["https:\/\/www.facebook.com\/BBQ-Entertainment-N-Catering-2437913376443540","https:\/\/www.instagram.com\/bbqentertainmentncatering\/","https:\/\/www.youtube.com\/channel\/UCmpuANQVhLy2Md8nrenp2jA"]}]}},"_links":{"self":[{"href":"https:\/\/bbqentertainment.com\/en\/wp-json\/wp\/v2\/product\/246161","targetHints":{"allow":["GET"]}}],"collection":[{"href":"https:\/\/bbqentertainment.com\/en\/wp-json\/wp\/v2\/product"}],"about":[{"href":"https:\/\/bbqentertainment.com\/en\/wp-json\/wp\/v2\/types\/product"}],"wp:featuredmedia":[{"embeddable":true,"href":"https:\/\/bbqentertainment.com\/en\/wp-json\/wp\/v2\/media\/246166"}],"wp:attachment":[{"href":"https:\/\/bbqentertainment.com\/en\/wp-json\/wp\/v2\/media?parent=246161"}],"wp:term":[{"taxonomy":"product_brand","embeddable":true,"href":"https:\/\/bbqentertainment.com\/en\/wp-json\/wp\/v2\/product_brand?post=246161"},{"taxonomy":"product_cat","embeddable":true,"href":"https:\/\/bbqentertainment.com\/en\/wp-json\/wp\/v2\/product_cat?post=246161"},{"taxonomy":"product_tag","embeddable":true,"href":"https:\/\/bbqentertainment.com\/en\/wp-json\/wp\/v2\/product_tag?post=246161"}],"curies":[{"name":"wp","href":"https:\/\/api.w.org\/{rel}","templated":true}]}}