{"id":246192,"date":"2024-03-06T16:31:24","date_gmt":"2024-03-06T14:31:24","guid":{"rendered":"https:\/\/bbqentertainment.com\/?post_type=product&#038;p=246192"},"modified":"2025-01-14T15:50:06","modified_gmt":"2025-01-14T13:50:06","slug":"yeti-termos-joogitops-kaanega-ja-sangaga-rambler-mug-20-oz-591-ml-rescue-red-punane","status":"publish","type":"product","link":"https:\/\/bbqentertainment.com\/en\/toode\/yeti-termos-joogitops-kaanega-ja-sangaga-rambler-mug-20-oz-591-ml-rescue-red-punane\/","title":{"rendered":"YETI termos-joogitops kaanega ja sangaga Rambler Mug 20 Oz \/ 591 ml Rescue Red \/ punane"},"content":{"rendered":"<p>V\u00d5TA OMA HOMMIKUKOHV KAASA. See topeltotstarbeline kaasaskantav joogin\u00f5u on varustatud Rambler\u00ae Stronghold\u2122 Kaanega \u2014 lekkekindel, keeratav uuendus, mis on toetatud kahe libiseva magnetitehnoloogiaga. See kaas keerleb kergesti kinnitumaks nii parema- kui vasakuk\u00e4elistele kasutajatele, lisades tugeva kihi teie vabalt voolava joogi ja v\u00e4lismaailma vahele. Ja kui me r\u00e4\u00e4gime sellest, kuhu seda viia, siis selle t\u00f5stetud k\u00e4epide v\u00f5imaldab teil nautida topsihoidja mugavust peaaegu igal pool. Palun pane t\u00e4hele: Stronghold\u2122 Kaas on spetsiaalselt tehtud Rambler\u00ae 20 oz. reisikruusi jaoks ega sobi teistele Rambler\u00ae Joogin\u00f5ude mudelitele. Reisikruusi Stronghold\u2122 Kaanel on neli asetusv\u00f5imalust ja see sobib h\u00e4sti nii parema- kui vasakuk\u00e4elistele, nagu k\u00f5ik meie Rambler\u00ae Joogin\u00f5ud. \u00c4ra kasuta Rambler\u00ae Reisikruusi Stronghold\u2122 Kaant gaseeritud jookidega v\u00f5i toidu v\u00f5i kergestiriknevate ainete hoiustamiseks. Lisateavet toote kasutamise ja ohutuse kohta leiad meie KKK lehelt. 18\/8 ROOSTEVABA TERAS Valmistatud k\u00f6\u00f6gikvaliteediga roostevabast terasest, nii et need on torke- ja roostekindlad. KAHEKORDNE VAUKUMISOLATSIOON Hoiab k\u00fclma joogi k\u00fclmana ja kuuma joogi kuumana viimase s\u00f5\u00f5muni. N\u00d5UDEPESUMASINAS PESTAV Sest keegi ei vaja lisat\u00f6\u00f6d. LEKKEKINDEL KAAS Keeratav kaas, mida toetab kahe libiseva magnetitehnoloogia, et hoida teie kohv t\u00e4is ja mured eemal. (Niikaua kui see on suletud.)<\/p>\n","protected":false},"excerpt":{"rendered":"<h3><strong>YETI termos-joogitops kaanega ja sangaga Rambler Mug 20 Oz \/ 591 ml Rescue Red \/ punane<\/strong><\/h3>\n<p>V\u00f5ta oma hommikukohv kaasa. Mahub enamikku topsihoidjatesse.<\/p>\n","protected":false},"featured_media":246197,"template":"","meta":{"inline_featured_image":false},"product_brand":[],"product_cat":[574,178,377],"product_tag":[],"class_list":{"0":"post-246192","1":"product","2":"type-product","3":"status-publish","4":"has-post-thumbnail","6":"product_cat-yeti-kulmakastid-ja-joogipudelid","7":"product_cat-muud-tooted","8":"product_cat-joogipudelid-termosed","10":"first","11":"instock","12":"taxable","13":"shipping-taxable","14":"purchasable","15":"product-type-simple"},"yoast_head":"<!-- This site is optimized with the Yoast SEO plugin v27.4 - https:\/\/yoast.com\/product\/yoast-seo-wordpress\/ -->\n<title>YETI termos-joogitops kaanega ja sangaga Rambler Mug 20 Oz \/ 591 ml Rescue Red \/ punane - BBQ Entertainment<\/title>\n<meta name=\"robots\" content=\"index, follow, max-snippet:-1, max-image-preview:large, max-video-preview:-1\" \/>\n<link rel=\"canonical\" href=\"https:\/\/bbqentertainment.com\/toode\/yeti-termos-joogitops-kaanega-ja-sangaga-rambler-mug-20-oz-591-ml-rescue-red-punane\/\" \/>\n<meta property=\"og:locale\" content=\"en_US\" \/>\n<meta property=\"og:type\" content=\"article\" \/>\n<meta property=\"og:title\" content=\"YETI termos-joogitops kaanega ja sangaga Rambler Mug 20 Oz \/ 591 ml Rescue Red \/ punane - BBQ Entertainment\" \/>\n<meta property=\"og:description\" content=\"YETI termos-joogitops kaanega ja sangaga Rambler Mug 20 Oz \/ 591 ml Rescue Red \/ punane V\u00f5ta oma hommikukohv kaasa. Mahub enamikku topsihoidjatesse.\" \/>\n<meta property=\"og:url\" content=\"https:\/\/bbqentertainment.com\/toode\/yeti-termos-joogitops-kaanega-ja-sangaga-rambler-mug-20-oz-591-ml-rescue-red-punane\/\" \/>\n<meta property=\"og:site_name\" content=\"BBQ Entertainment\" \/>\n<meta property=\"article:publisher\" content=\"https:\/\/www.facebook.com\/BBQ-Entertainment-N-Catering-2437913376443540\" \/>\n<meta property=\"article:modified_time\" content=\"2025-01-14T13:50:06+00:00\" \/>\n<meta property=\"og:image\" content=\"https:\/\/bbqentertainment.com\/wp-content\/uploads\/2024\/03\/BBQ-Entertainment-YETI-termos-joogitops-kaanega-ja-sangaga-Rambler-3.jpg\" \/>\n\t<meta property=\"og:image:width\" content=\"1445\" \/>\n\t<meta property=\"og:image:height\" content=\"1445\" \/>\n\t<meta property=\"og:image:type\" content=\"image\/jpeg\" \/>\n<meta name=\"twitter:card\" content=\"summary_large_image\" \/>\n<meta name=\"twitter:label1\" content=\"Est. reading time\" \/>\n\t<meta name=\"twitter:data1\" content=\"2 minutes\" \/>\n<script type=\"application\/ld+json\" class=\"yoast-schema-graph\">{\"@context\":\"https:\\\/\\\/schema.org\",\"@graph\":[{\"@type\":[\"WebPage\",\"ItemPage\"],\"@id\":\"https:\\\/\\\/bbqentertainment.com\\\/toode\\\/yeti-termos-joogitops-kaanega-ja-sangaga-rambler-mug-20-oz-591-ml-rescue-red-punane\\\/\",\"url\":\"https:\\\/\\\/bbqentertainment.com\\\/toode\\\/yeti-termos-joogitops-kaanega-ja-sangaga-rambler-mug-20-oz-591-ml-rescue-red-punane\\\/\",\"name\":\"YETI termos-joogitops kaanega ja sangaga Rambler Mug 20 Oz \\\/ 591 ml Rescue Red \\\/ punane - BBQ Entertainment\",\"isPartOf\":{\"@id\":\"https:\\\/\\\/bbqentertainment.com\\\/#website\"},\"primaryImageOfPage\":{\"@id\":\"https:\\\/\\\/bbqentertainment.com\\\/toode\\\/yeti-termos-joogitops-kaanega-ja-sangaga-rambler-mug-20-oz-591-ml-rescue-red-punane\\\/#primaryimage\"},\"image\":{\"@id\":\"https:\\\/\\\/bbqentertainment.com\\\/toode\\\/yeti-termos-joogitops-kaanega-ja-sangaga-rambler-mug-20-oz-591-ml-rescue-red-punane\\\/#primaryimage\"},\"thumbnailUrl\":\"https:\\\/\\\/bbqentertainment.com\\\/wp-content\\\/uploads\\\/2024\\\/03\\\/BBQ-Entertainment-YETI-termos-joogitops-kaanega-ja-sangaga-Rambler-3.jpg\",\"datePublished\":\"2024-03-06T14:31:24+00:00\",\"dateModified\":\"2025-01-14T13:50:06+00:00\",\"breadcrumb\":{\"@id\":\"https:\\\/\\\/bbqentertainment.com\\\/toode\\\/yeti-termos-joogitops-kaanega-ja-sangaga-rambler-mug-20-oz-591-ml-rescue-red-punane\\\/#breadcrumb\"},\"inLanguage\":\"en-US\",\"potentialAction\":[{\"@type\":\"ReadAction\",\"target\":[\"https:\\\/\\\/bbqentertainment.com\\\/toode\\\/yeti-termos-joogitops-kaanega-ja-sangaga-rambler-mug-20-oz-591-ml-rescue-red-punane\\\/\"]}]},{\"@type\":\"ImageObject\",\"inLanguage\":\"en-US\",\"@id\":\"https:\\\/\\\/bbqentertainment.com\\\/toode\\\/yeti-termos-joogitops-kaanega-ja-sangaga-rambler-mug-20-oz-591-ml-rescue-red-punane\\\/#primaryimage\",\"url\":\"https:\\\/\\\/bbqentertainment.com\\\/wp-content\\\/uploads\\\/2024\\\/03\\\/BBQ-Entertainment-YETI-termos-joogitops-kaanega-ja-sangaga-Rambler-3.jpg\",\"contentUrl\":\"https:\\\/\\\/bbqentertainment.com\\\/wp-content\\\/uploads\\\/2024\\\/03\\\/BBQ-Entertainment-YETI-termos-joogitops-kaanega-ja-sangaga-Rambler-3.jpg\",\"width\":1445,\"height\":1445},{\"@type\":\"BreadcrumbList\",\"@id\":\"https:\\\/\\\/bbqentertainment.com\\\/toode\\\/yeti-termos-joogitops-kaanega-ja-sangaga-rambler-mug-20-oz-591-ml-rescue-red-punane\\\/#breadcrumb\",\"itemListElement\":[{\"@type\":\"ListItem\",\"position\":1,\"name\":\"AVALEHT\",\"item\":\"https:\\\/\\\/bbqentertainment.com\\\/en\\\/\"},{\"@type\":\"ListItem\",\"position\":2,\"name\":\"Tooted\",\"item\":\"https:\\\/\\\/bbqentertainment.com\\\/tooted\\\/\"},{\"@type\":\"ListItem\",\"position\":3,\"name\":\"Muud tooted\",\"item\":\"https:\\\/\\\/bbqentertainment.com\\\/tootekategooria\\\/muud-tooted\\\/\"},{\"@type\":\"ListItem\",\"position\":4,\"name\":\"YETI k\u00fclmakastid ja joogipudelid\",\"item\":\"https:\\\/\\\/bbqentertainment.com\\\/tootekategooria\\\/muud-tooted\\\/yeti-kulmakastid-ja-joogipudelid\\\/\"},{\"@type\":\"ListItem\",\"position\":5,\"name\":\"YETI termos-joogitops kaanega ja sangaga Rambler Mug 20 Oz \\\/ 591 ml Rescue Red \\\/ punane\"}]},{\"@type\":\"WebSite\",\"@id\":\"https:\\\/\\\/bbqentertainment.com\\\/#website\",\"url\":\"https:\\\/\\\/bbqentertainment.com\\\/\",\"name\":\"BBQ Entertainment\",\"description\":\"BBQ is a great lifestyle, not just fun!\",\"publisher\":{\"@id\":\"https:\\\/\\\/bbqentertainment.com\\\/#organization\"},\"potentialAction\":[{\"@type\":\"SearchAction\",\"target\":{\"@type\":\"EntryPoint\",\"urlTemplate\":\"https:\\\/\\\/bbqentertainment.com\\\/?s={search_term_string}\"},\"query-input\":{\"@type\":\"PropertyValueSpecification\",\"valueRequired\":true,\"valueName\":\"search_term_string\"}}],\"inLanguage\":\"en-US\"},{\"@type\":\"Organization\",\"@id\":\"https:\\\/\\\/bbqentertainment.com\\\/#organization\",\"name\":\"BBQ Entertainment O\u00dc\",\"url\":\"https:\\\/\\\/bbqentertainment.com\\\/\",\"logo\":{\"@type\":\"ImageObject\",\"inLanguage\":\"en-US\",\"@id\":\"https:\\\/\\\/bbqentertainment.com\\\/#\\\/schema\\\/logo\\\/image\\\/\",\"url\":\"https:\\\/\\\/bbqentertainment.com\\\/wp-content\\\/uploads\\\/2020\\\/04\\\/BBQ-Entertainment-N-Catering-Enn-Tobreluts-Logo.png\",\"contentUrl\":\"https:\\\/\\\/bbqentertainment.com\\\/wp-content\\\/uploads\\\/2020\\\/04\\\/BBQ-Entertainment-N-Catering-Enn-Tobreluts-Logo.png\",\"width\":628,\"height\":266,\"caption\":\"BBQ Entertainment O\u00dc\"},\"image\":{\"@id\":\"https:\\\/\\\/bbqentertainment.com\\\/#\\\/schema\\\/logo\\\/image\\\/\"},\"sameAs\":[\"https:\\\/\\\/www.facebook.com\\\/BBQ-Entertainment-N-Catering-2437913376443540\",\"https:\\\/\\\/www.instagram.com\\\/bbqentertainmentncatering\\\/\",\"https:\\\/\\\/www.youtube.com\\\/channel\\\/UCmpuANQVhLy2Md8nrenp2jA\"]}]}<\/script>\n<!-- \/ Yoast SEO plugin. -->","yoast_head_json":{"title":"YETI termos-joogitops kaanega ja sangaga Rambler Mug 20 Oz \/ 591 ml Rescue Red \/ punane - BBQ Entertainment","robots":{"index":"index","follow":"follow","max-snippet":"max-snippet:-1","max-image-preview":"max-image-preview:large","max-video-preview":"max-video-preview:-1"},"canonical":"https:\/\/bbqentertainment.com\/toode\/yeti-termos-joogitops-kaanega-ja-sangaga-rambler-mug-20-oz-591-ml-rescue-red-punane\/","og_locale":"en_US","og_type":"article","og_title":"YETI termos-joogitops kaanega ja sangaga Rambler Mug 20 Oz \/ 591 ml Rescue Red \/ punane - BBQ Entertainment","og_description":"YETI termos-joogitops kaanega ja sangaga Rambler Mug 20 Oz \/ 591 ml Rescue Red \/ punane V\u00f5ta oma hommikukohv kaasa. Mahub enamikku topsihoidjatesse.","og_url":"https:\/\/bbqentertainment.com\/toode\/yeti-termos-joogitops-kaanega-ja-sangaga-rambler-mug-20-oz-591-ml-rescue-red-punane\/","og_site_name":"BBQ Entertainment","article_publisher":"https:\/\/www.facebook.com\/BBQ-Entertainment-N-Catering-2437913376443540","article_modified_time":"2025-01-14T13:50:06+00:00","og_image":[{"width":1445,"height":1445,"url":"https:\/\/bbqentertainment.com\/wp-content\/uploads\/2024\/03\/BBQ-Entertainment-YETI-termos-joogitops-kaanega-ja-sangaga-Rambler-3.jpg","type":"image\/jpeg"}],"twitter_card":"summary_large_image","twitter_misc":{"Est. reading time":"2 minutes"},"schema":{"@context":"https:\/\/schema.org","@graph":[{"@type":["WebPage","ItemPage"],"@id":"https:\/\/bbqentertainment.com\/toode\/yeti-termos-joogitops-kaanega-ja-sangaga-rambler-mug-20-oz-591-ml-rescue-red-punane\/","url":"https:\/\/bbqentertainment.com\/toode\/yeti-termos-joogitops-kaanega-ja-sangaga-rambler-mug-20-oz-591-ml-rescue-red-punane\/","name":"YETI termos-joogitops kaanega ja sangaga Rambler Mug 20 Oz \/ 591 ml Rescue Red \/ punane - BBQ Entertainment","isPartOf":{"@id":"https:\/\/bbqentertainment.com\/#website"},"primaryImageOfPage":{"@id":"https:\/\/bbqentertainment.com\/toode\/yeti-termos-joogitops-kaanega-ja-sangaga-rambler-mug-20-oz-591-ml-rescue-red-punane\/#primaryimage"},"image":{"@id":"https:\/\/bbqentertainment.com\/toode\/yeti-termos-joogitops-kaanega-ja-sangaga-rambler-mug-20-oz-591-ml-rescue-red-punane\/#primaryimage"},"thumbnailUrl":"https:\/\/bbqentertainment.com\/wp-content\/uploads\/2024\/03\/BBQ-Entertainment-YETI-termos-joogitops-kaanega-ja-sangaga-Rambler-3.jpg","datePublished":"2024-03-06T14:31:24+00:00","dateModified":"2025-01-14T13:50:06+00:00","breadcrumb":{"@id":"https:\/\/bbqentertainment.com\/toode\/yeti-termos-joogitops-kaanega-ja-sangaga-rambler-mug-20-oz-591-ml-rescue-red-punane\/#breadcrumb"},"inLanguage":"en-US","potentialAction":[{"@type":"ReadAction","target":["https:\/\/bbqentertainment.com\/toode\/yeti-termos-joogitops-kaanega-ja-sangaga-rambler-mug-20-oz-591-ml-rescue-red-punane\/"]}]},{"@type":"ImageObject","inLanguage":"en-US","@id":"https:\/\/bbqentertainment.com\/toode\/yeti-termos-joogitops-kaanega-ja-sangaga-rambler-mug-20-oz-591-ml-rescue-red-punane\/#primaryimage","url":"https:\/\/bbqentertainment.com\/wp-content\/uploads\/2024\/03\/BBQ-Entertainment-YETI-termos-joogitops-kaanega-ja-sangaga-Rambler-3.jpg","contentUrl":"https:\/\/bbqentertainment.com\/wp-content\/uploads\/2024\/03\/BBQ-Entertainment-YETI-termos-joogitops-kaanega-ja-sangaga-Rambler-3.jpg","width":1445,"height":1445},{"@type":"BreadcrumbList","@id":"https:\/\/bbqentertainment.com\/toode\/yeti-termos-joogitops-kaanega-ja-sangaga-rambler-mug-20-oz-591-ml-rescue-red-punane\/#breadcrumb","itemListElement":[{"@type":"ListItem","position":1,"name":"AVALEHT","item":"https:\/\/bbqentertainment.com\/en\/"},{"@type":"ListItem","position":2,"name":"Tooted","item":"https:\/\/bbqentertainment.com\/tooted\/"},{"@type":"ListItem","position":3,"name":"Muud tooted","item":"https:\/\/bbqentertainment.com\/tootekategooria\/muud-tooted\/"},{"@type":"ListItem","position":4,"name":"YETI k\u00fclmakastid ja joogipudelid","item":"https:\/\/bbqentertainment.com\/tootekategooria\/muud-tooted\/yeti-kulmakastid-ja-joogipudelid\/"},{"@type":"ListItem","position":5,"name":"YETI termos-joogitops kaanega ja sangaga Rambler Mug 20 Oz \/ 591 ml Rescue Red \/ punane"}]},{"@type":"WebSite","@id":"https:\/\/bbqentertainment.com\/#website","url":"https:\/\/bbqentertainment.com\/","name":"BBQ Entertainment","description":"BBQ is a great lifestyle, not just fun!","publisher":{"@id":"https:\/\/bbqentertainment.com\/#organization"},"potentialAction":[{"@type":"SearchAction","target":{"@type":"EntryPoint","urlTemplate":"https:\/\/bbqentertainment.com\/?s={search_term_string}"},"query-input":{"@type":"PropertyValueSpecification","valueRequired":true,"valueName":"search_term_string"}}],"inLanguage":"en-US"},{"@type":"Organization","@id":"https:\/\/bbqentertainment.com\/#organization","name":"BBQ Entertainment O\u00dc","url":"https:\/\/bbqentertainment.com\/","logo":{"@type":"ImageObject","inLanguage":"en-US","@id":"https:\/\/bbqentertainment.com\/#\/schema\/logo\/image\/","url":"https:\/\/bbqentertainment.com\/wp-content\/uploads\/2020\/04\/BBQ-Entertainment-N-Catering-Enn-Tobreluts-Logo.png","contentUrl":"https:\/\/bbqentertainment.com\/wp-content\/uploads\/2020\/04\/BBQ-Entertainment-N-Catering-Enn-Tobreluts-Logo.png","width":628,"height":266,"caption":"BBQ Entertainment O\u00dc"},"image":{"@id":"https:\/\/bbqentertainment.com\/#\/schema\/logo\/image\/"},"sameAs":["https:\/\/www.facebook.com\/BBQ-Entertainment-N-Catering-2437913376443540","https:\/\/www.instagram.com\/bbqentertainmentncatering\/","https:\/\/www.youtube.com\/channel\/UCmpuANQVhLy2Md8nrenp2jA"]}]}},"_links":{"self":[{"href":"https:\/\/bbqentertainment.com\/en\/wp-json\/wp\/v2\/product\/246192","targetHints":{"allow":["GET"]}}],"collection":[{"href":"https:\/\/bbqentertainment.com\/en\/wp-json\/wp\/v2\/product"}],"about":[{"href":"https:\/\/bbqentertainment.com\/en\/wp-json\/wp\/v2\/types\/product"}],"wp:featuredmedia":[{"embeddable":true,"href":"https:\/\/bbqentertainment.com\/en\/wp-json\/wp\/v2\/media\/246197"}],"wp:attachment":[{"href":"https:\/\/bbqentertainment.com\/en\/wp-json\/wp\/v2\/media?parent=246192"}],"wp:term":[{"taxonomy":"product_brand","embeddable":true,"href":"https:\/\/bbqentertainment.com\/en\/wp-json\/wp\/v2\/product_brand?post=246192"},{"taxonomy":"product_cat","embeddable":true,"href":"https:\/\/bbqentertainment.com\/en\/wp-json\/wp\/v2\/product_cat?post=246192"},{"taxonomy":"product_tag","embeddable":true,"href":"https:\/\/bbqentertainment.com\/en\/wp-json\/wp\/v2\/product_tag?post=246192"}],"curies":[{"name":"wp","href":"https:\/\/api.w.org\/{rel}","templated":true}]}}