{"id":246199,"date":"2024-03-06T16:40:56","date_gmt":"2024-03-06T14:40:56","guid":{"rendered":"https:\/\/bbqentertainment.com\/?post_type=product&#038;p=246199"},"modified":"2025-09-18T15:11:58","modified_gmt":"2025-09-18T12:11:58","slug":"yeti-termos-joogitops-kaanega-sangaga-ja-korrega-rambler-straw-mug-25-oz-710-ml-rescue-red-punane","status":"publish","type":"product","link":"https:\/\/bbqentertainment.com\/en\/toode\/yeti-termos-joogitops-kaanega-sangaga-ja-korrega-rambler-straw-mug-25-oz-710-ml-rescue-red-punane\/","title":{"rendered":"YETI termos-joogitops kaanega, sangaga ja k\u00f5rrega Rambler Straw Mug 25 Oz \/ 739 ml Rescue Red \/ punane"},"content":{"rendered":"<p>TOPSIHOIDJAGA SOBIV TERMOSKRUUS, MIS SOBIB K\u00d5IGEKS ALATES SMUUTIDEST KUNI TERVE P\u00c4EVA KESTVA J\u00c4\u00c4KOHVINI. \u00dchendasime meie f\u00e4nnide lemmiku k\u00f5rrekaane ja reisis\u00f5braliku kruusi, et luua teie \u00fclim seikluskaaslane. Selle t\u00f5stetud k\u00e4epide ja topsihoidjaga \u00fchilduv disain teevad sellest ideaalse valiku maastikus\u00f5iduks, pikaks ajaks tekil vedeliku tarbimiseks ja terve p\u00e4eva kestvateks j\u00e4\u00e4kohvi energias\u00fcstideks.<\/p>\n<p>KAHEKORDNE VAUKUMISOLATSIOON hoiab joogid k\u00fclmana isegi k\u00f5ige kuumematel p\u00e4evadel.<\/p>\n<p>18\/8 ROOSTEVABA TERAS. Valmistatud k\u00f6\u00f6gikvaliteediga roostevabast terasest, torke- ja roostekindel.<\/p>\n<p>N\u00d5UDEPESUMASINAS PESTAV, sest keegi ei vaja lisat\u00f6\u00f6d. Kui on aeg pesta v\u00f5i t\u00e4ita, eemaldage terve kaas. Lisateavet toote kasutamise ja ohutuse kohta leiate meie Rambler KKK lehelt.<\/p>\n<p>100% LEKKEKINDEL<\/p>\n","protected":false},"excerpt":{"rendered":"<h3><strong>YETI termos-joogitops kaanega, sangaga ja k\u00f5rrega Rambler Straw Mug 25 Oz \/ 739 ml Rescue Red \/ punane<\/strong><\/h3>\n<p>Topsihoidjaga sobiv kruus, mis sobib k\u00f5igeks alates smuutidest kuni terve p\u00e4eva kestva j\u00e4\u00e4kohvini v\u00f5i kuuma joogini.<\/p>\n","protected":false},"featured_media":246202,"template":"","meta":{"inline_featured_image":false},"product_brand":[],"product_cat":[574,178,377],"product_tag":[],"class_list":{"0":"post-246199","1":"product","2":"type-product","3":"status-publish","4":"has-post-thumbnail","6":"product_cat-yeti-kulmakastid-ja-joogipudelid","7":"product_cat-muud-tooted","8":"product_cat-joogipudelid-termosed","10":"first","11":"instock","12":"taxable","13":"shipping-taxable","14":"purchasable","15":"product-type-simple"},"yoast_head":"<!-- This site is optimized with the Yoast SEO plugin v27.4 - https:\/\/yoast.com\/product\/yoast-seo-wordpress\/ -->\n<title>YETI termos-joogitops kaanega, sangaga ja k\u00f5rrega Rambler Straw Mug 25 Oz \/ 739 ml Rescue Red \/ punane - BBQ Entertainment<\/title>\n<meta name=\"robots\" content=\"index, follow, max-snippet:-1, max-image-preview:large, max-video-preview:-1\" \/>\n<link rel=\"canonical\" href=\"https:\/\/bbqentertainment.com\/toode\/yeti-termos-joogitops-kaanega-sangaga-ja-korrega-rambler-straw-mug-25-oz-710-ml-rescue-red-punane\/\" \/>\n<meta property=\"og:locale\" content=\"en_US\" \/>\n<meta property=\"og:type\" content=\"article\" \/>\n<meta property=\"og:title\" content=\"YETI termos-joogitops kaanega, sangaga ja k\u00f5rrega Rambler Straw Mug 25 Oz \/ 739 ml Rescue Red \/ punane - BBQ Entertainment\" \/>\n<meta property=\"og:description\" content=\"YETI termos-joogitops kaanega, sangaga ja k\u00f5rrega Rambler Straw Mug 25 Oz \/ 739 ml Rescue Red \/ punaneTopsihoidjaga sobiv kruus, mis sobib k\u00f5igeks alates smuutidest kuni terve p\u00e4eva kestva j\u00e4\u00e4kohvini v\u00f5i kuuma joogini.\" \/>\n<meta property=\"og:url\" content=\"https:\/\/bbqentertainment.com\/toode\/yeti-termos-joogitops-kaanega-sangaga-ja-korrega-rambler-straw-mug-25-oz-710-ml-rescue-red-punane\/\" \/>\n<meta property=\"og:site_name\" content=\"BBQ Entertainment\" \/>\n<meta property=\"article:publisher\" content=\"https:\/\/www.facebook.com\/BBQ-Entertainment-N-Catering-2437913376443540\" \/>\n<meta property=\"article:modified_time\" content=\"2025-09-18T12:11:58+00:00\" \/>\n<meta property=\"og:image\" content=\"https:\/\/bbqentertainment.com\/wp-content\/uploads\/2024\/03\/BBQ-Entertainment-YETI-termos-joogitops-kaanega-sangaga-ja-korrega-Rambler-Straw-punane-2.jpg\" \/>\n\t<meta property=\"og:image:width\" content=\"1445\" \/>\n\t<meta property=\"og:image:height\" content=\"1445\" \/>\n\t<meta property=\"og:image:type\" content=\"image\/jpeg\" \/>\n<meta name=\"twitter:card\" content=\"summary_large_image\" \/>\n<meta name=\"twitter:label1\" content=\"Est. reading time\" \/>\n\t<meta name=\"twitter:data1\" content=\"1 minute\" \/>\n<script type=\"application\/ld+json\" class=\"yoast-schema-graph\">{\"@context\":\"https:\\\/\\\/schema.org\",\"@graph\":[{\"@type\":[\"WebPage\",\"ItemPage\"],\"@id\":\"https:\\\/\\\/bbqentertainment.com\\\/toode\\\/yeti-termos-joogitops-kaanega-sangaga-ja-korrega-rambler-straw-mug-25-oz-710-ml-rescue-red-punane\\\/\",\"url\":\"https:\\\/\\\/bbqentertainment.com\\\/toode\\\/yeti-termos-joogitops-kaanega-sangaga-ja-korrega-rambler-straw-mug-25-oz-710-ml-rescue-red-punane\\\/\",\"name\":\"YETI termos-joogitops kaanega, sangaga ja k\u00f5rrega Rambler Straw Mug 25 Oz \\\/ 739 ml Rescue Red \\\/ punane - BBQ Entertainment\",\"isPartOf\":{\"@id\":\"https:\\\/\\\/bbqentertainment.com\\\/#website\"},\"primaryImageOfPage\":{\"@id\":\"https:\\\/\\\/bbqentertainment.com\\\/toode\\\/yeti-termos-joogitops-kaanega-sangaga-ja-korrega-rambler-straw-mug-25-oz-710-ml-rescue-red-punane\\\/#primaryimage\"},\"image\":{\"@id\":\"https:\\\/\\\/bbqentertainment.com\\\/toode\\\/yeti-termos-joogitops-kaanega-sangaga-ja-korrega-rambler-straw-mug-25-oz-710-ml-rescue-red-punane\\\/#primaryimage\"},\"thumbnailUrl\":\"https:\\\/\\\/bbqentertainment.com\\\/wp-content\\\/uploads\\\/2024\\\/03\\\/BBQ-Entertainment-YETI-termos-joogitops-kaanega-sangaga-ja-korrega-Rambler-Straw-punane-2.jpg\",\"datePublished\":\"2024-03-06T14:40:56+00:00\",\"dateModified\":\"2025-09-18T12:11:58+00:00\",\"breadcrumb\":{\"@id\":\"https:\\\/\\\/bbqentertainment.com\\\/toode\\\/yeti-termos-joogitops-kaanega-sangaga-ja-korrega-rambler-straw-mug-25-oz-710-ml-rescue-red-punane\\\/#breadcrumb\"},\"inLanguage\":\"en-US\",\"potentialAction\":[{\"@type\":\"ReadAction\",\"target\":[\"https:\\\/\\\/bbqentertainment.com\\\/toode\\\/yeti-termos-joogitops-kaanega-sangaga-ja-korrega-rambler-straw-mug-25-oz-710-ml-rescue-red-punane\\\/\"]}]},{\"@type\":\"ImageObject\",\"inLanguage\":\"en-US\",\"@id\":\"https:\\\/\\\/bbqentertainment.com\\\/toode\\\/yeti-termos-joogitops-kaanega-sangaga-ja-korrega-rambler-straw-mug-25-oz-710-ml-rescue-red-punane\\\/#primaryimage\",\"url\":\"https:\\\/\\\/bbqentertainment.com\\\/wp-content\\\/uploads\\\/2024\\\/03\\\/BBQ-Entertainment-YETI-termos-joogitops-kaanega-sangaga-ja-korrega-Rambler-Straw-punane-2.jpg\",\"contentUrl\":\"https:\\\/\\\/bbqentertainment.com\\\/wp-content\\\/uploads\\\/2024\\\/03\\\/BBQ-Entertainment-YETI-termos-joogitops-kaanega-sangaga-ja-korrega-Rambler-Straw-punane-2.jpg\",\"width\":1445,\"height\":1445},{\"@type\":\"BreadcrumbList\",\"@id\":\"https:\\\/\\\/bbqentertainment.com\\\/toode\\\/yeti-termos-joogitops-kaanega-sangaga-ja-korrega-rambler-straw-mug-25-oz-710-ml-rescue-red-punane\\\/#breadcrumb\",\"itemListElement\":[{\"@type\":\"ListItem\",\"position\":1,\"name\":\"AVALEHT\",\"item\":\"https:\\\/\\\/bbqentertainment.com\\\/en\\\/\"},{\"@type\":\"ListItem\",\"position\":2,\"name\":\"Tooted\",\"item\":\"https:\\\/\\\/bbqentertainment.com\\\/tooted\\\/\"},{\"@type\":\"ListItem\",\"position\":3,\"name\":\"Muud tooted\",\"item\":\"https:\\\/\\\/bbqentertainment.com\\\/tootekategooria\\\/muud-tooted\\\/\"},{\"@type\":\"ListItem\",\"position\":4,\"name\":\"YETI k\u00fclmakastid ja joogipudelid\",\"item\":\"https:\\\/\\\/bbqentertainment.com\\\/tootekategooria\\\/muud-tooted\\\/yeti-kulmakastid-ja-joogipudelid\\\/\"},{\"@type\":\"ListItem\",\"position\":5,\"name\":\"YETI termos-joogitops kaanega, sangaga ja k\u00f5rrega Rambler Straw Mug 25 Oz \\\/ 739 ml Rescue Red \\\/ punane\"}]},{\"@type\":\"WebSite\",\"@id\":\"https:\\\/\\\/bbqentertainment.com\\\/#website\",\"url\":\"https:\\\/\\\/bbqentertainment.com\\\/\",\"name\":\"BBQ Entertainment\",\"description\":\"BBQ is a great lifestyle, not just fun!\",\"publisher\":{\"@id\":\"https:\\\/\\\/bbqentertainment.com\\\/#organization\"},\"potentialAction\":[{\"@type\":\"SearchAction\",\"target\":{\"@type\":\"EntryPoint\",\"urlTemplate\":\"https:\\\/\\\/bbqentertainment.com\\\/?s={search_term_string}\"},\"query-input\":{\"@type\":\"PropertyValueSpecification\",\"valueRequired\":true,\"valueName\":\"search_term_string\"}}],\"inLanguage\":\"en-US\"},{\"@type\":\"Organization\",\"@id\":\"https:\\\/\\\/bbqentertainment.com\\\/#organization\",\"name\":\"BBQ Entertainment O\u00dc\",\"url\":\"https:\\\/\\\/bbqentertainment.com\\\/\",\"logo\":{\"@type\":\"ImageObject\",\"inLanguage\":\"en-US\",\"@id\":\"https:\\\/\\\/bbqentertainment.com\\\/#\\\/schema\\\/logo\\\/image\\\/\",\"url\":\"https:\\\/\\\/bbqentertainment.com\\\/wp-content\\\/uploads\\\/2020\\\/04\\\/BBQ-Entertainment-N-Catering-Enn-Tobreluts-Logo.png\",\"contentUrl\":\"https:\\\/\\\/bbqentertainment.com\\\/wp-content\\\/uploads\\\/2020\\\/04\\\/BBQ-Entertainment-N-Catering-Enn-Tobreluts-Logo.png\",\"width\":628,\"height\":266,\"caption\":\"BBQ Entertainment O\u00dc\"},\"image\":{\"@id\":\"https:\\\/\\\/bbqentertainment.com\\\/#\\\/schema\\\/logo\\\/image\\\/\"},\"sameAs\":[\"https:\\\/\\\/www.facebook.com\\\/BBQ-Entertainment-N-Catering-2437913376443540\",\"https:\\\/\\\/www.instagram.com\\\/bbqentertainmentncatering\\\/\",\"https:\\\/\\\/www.youtube.com\\\/channel\\\/UCmpuANQVhLy2Md8nrenp2jA\"]}]}<\/script>\n<!-- \/ Yoast SEO plugin. -->","yoast_head_json":{"title":"YETI termos-joogitops kaanega, sangaga ja k\u00f5rrega Rambler Straw Mug 25 Oz \/ 739 ml Rescue Red \/ punane - BBQ Entertainment","robots":{"index":"index","follow":"follow","max-snippet":"max-snippet:-1","max-image-preview":"max-image-preview:large","max-video-preview":"max-video-preview:-1"},"canonical":"https:\/\/bbqentertainment.com\/toode\/yeti-termos-joogitops-kaanega-sangaga-ja-korrega-rambler-straw-mug-25-oz-710-ml-rescue-red-punane\/","og_locale":"en_US","og_type":"article","og_title":"YETI termos-joogitops kaanega, sangaga ja k\u00f5rrega Rambler Straw Mug 25 Oz \/ 739 ml Rescue Red \/ punane - BBQ Entertainment","og_description":"YETI termos-joogitops kaanega, sangaga ja k\u00f5rrega Rambler Straw Mug 25 Oz \/ 739 ml Rescue Red \/ punaneTopsihoidjaga sobiv kruus, mis sobib k\u00f5igeks alates smuutidest kuni terve p\u00e4eva kestva j\u00e4\u00e4kohvini v\u00f5i kuuma joogini.","og_url":"https:\/\/bbqentertainment.com\/toode\/yeti-termos-joogitops-kaanega-sangaga-ja-korrega-rambler-straw-mug-25-oz-710-ml-rescue-red-punane\/","og_site_name":"BBQ Entertainment","article_publisher":"https:\/\/www.facebook.com\/BBQ-Entertainment-N-Catering-2437913376443540","article_modified_time":"2025-09-18T12:11:58+00:00","og_image":[{"width":1445,"height":1445,"url":"https:\/\/bbqentertainment.com\/wp-content\/uploads\/2024\/03\/BBQ-Entertainment-YETI-termos-joogitops-kaanega-sangaga-ja-korrega-Rambler-Straw-punane-2.jpg","type":"image\/jpeg"}],"twitter_card":"summary_large_image","twitter_misc":{"Est. reading time":"1 minute"},"schema":{"@context":"https:\/\/schema.org","@graph":[{"@type":["WebPage","ItemPage"],"@id":"https:\/\/bbqentertainment.com\/toode\/yeti-termos-joogitops-kaanega-sangaga-ja-korrega-rambler-straw-mug-25-oz-710-ml-rescue-red-punane\/","url":"https:\/\/bbqentertainment.com\/toode\/yeti-termos-joogitops-kaanega-sangaga-ja-korrega-rambler-straw-mug-25-oz-710-ml-rescue-red-punane\/","name":"YETI termos-joogitops kaanega, sangaga ja k\u00f5rrega Rambler Straw Mug 25 Oz \/ 739 ml Rescue Red \/ punane - BBQ Entertainment","isPartOf":{"@id":"https:\/\/bbqentertainment.com\/#website"},"primaryImageOfPage":{"@id":"https:\/\/bbqentertainment.com\/toode\/yeti-termos-joogitops-kaanega-sangaga-ja-korrega-rambler-straw-mug-25-oz-710-ml-rescue-red-punane\/#primaryimage"},"image":{"@id":"https:\/\/bbqentertainment.com\/toode\/yeti-termos-joogitops-kaanega-sangaga-ja-korrega-rambler-straw-mug-25-oz-710-ml-rescue-red-punane\/#primaryimage"},"thumbnailUrl":"https:\/\/bbqentertainment.com\/wp-content\/uploads\/2024\/03\/BBQ-Entertainment-YETI-termos-joogitops-kaanega-sangaga-ja-korrega-Rambler-Straw-punane-2.jpg","datePublished":"2024-03-06T14:40:56+00:00","dateModified":"2025-09-18T12:11:58+00:00","breadcrumb":{"@id":"https:\/\/bbqentertainment.com\/toode\/yeti-termos-joogitops-kaanega-sangaga-ja-korrega-rambler-straw-mug-25-oz-710-ml-rescue-red-punane\/#breadcrumb"},"inLanguage":"en-US","potentialAction":[{"@type":"ReadAction","target":["https:\/\/bbqentertainment.com\/toode\/yeti-termos-joogitops-kaanega-sangaga-ja-korrega-rambler-straw-mug-25-oz-710-ml-rescue-red-punane\/"]}]},{"@type":"ImageObject","inLanguage":"en-US","@id":"https:\/\/bbqentertainment.com\/toode\/yeti-termos-joogitops-kaanega-sangaga-ja-korrega-rambler-straw-mug-25-oz-710-ml-rescue-red-punane\/#primaryimage","url":"https:\/\/bbqentertainment.com\/wp-content\/uploads\/2024\/03\/BBQ-Entertainment-YETI-termos-joogitops-kaanega-sangaga-ja-korrega-Rambler-Straw-punane-2.jpg","contentUrl":"https:\/\/bbqentertainment.com\/wp-content\/uploads\/2024\/03\/BBQ-Entertainment-YETI-termos-joogitops-kaanega-sangaga-ja-korrega-Rambler-Straw-punane-2.jpg","width":1445,"height":1445},{"@type":"BreadcrumbList","@id":"https:\/\/bbqentertainment.com\/toode\/yeti-termos-joogitops-kaanega-sangaga-ja-korrega-rambler-straw-mug-25-oz-710-ml-rescue-red-punane\/#breadcrumb","itemListElement":[{"@type":"ListItem","position":1,"name":"AVALEHT","item":"https:\/\/bbqentertainment.com\/en\/"},{"@type":"ListItem","position":2,"name":"Tooted","item":"https:\/\/bbqentertainment.com\/tooted\/"},{"@type":"ListItem","position":3,"name":"Muud tooted","item":"https:\/\/bbqentertainment.com\/tootekategooria\/muud-tooted\/"},{"@type":"ListItem","position":4,"name":"YETI k\u00fclmakastid ja joogipudelid","item":"https:\/\/bbqentertainment.com\/tootekategooria\/muud-tooted\/yeti-kulmakastid-ja-joogipudelid\/"},{"@type":"ListItem","position":5,"name":"YETI termos-joogitops kaanega, sangaga ja k\u00f5rrega Rambler Straw Mug 25 Oz \/ 739 ml Rescue Red \/ punane"}]},{"@type":"WebSite","@id":"https:\/\/bbqentertainment.com\/#website","url":"https:\/\/bbqentertainment.com\/","name":"BBQ Entertainment","description":"BBQ is a great lifestyle, not just fun!","publisher":{"@id":"https:\/\/bbqentertainment.com\/#organization"},"potentialAction":[{"@type":"SearchAction","target":{"@type":"EntryPoint","urlTemplate":"https:\/\/bbqentertainment.com\/?s={search_term_string}"},"query-input":{"@type":"PropertyValueSpecification","valueRequired":true,"valueName":"search_term_string"}}],"inLanguage":"en-US"},{"@type":"Organization","@id":"https:\/\/bbqentertainment.com\/#organization","name":"BBQ Entertainment O\u00dc","url":"https:\/\/bbqentertainment.com\/","logo":{"@type":"ImageObject","inLanguage":"en-US","@id":"https:\/\/bbqentertainment.com\/#\/schema\/logo\/image\/","url":"https:\/\/bbqentertainment.com\/wp-content\/uploads\/2020\/04\/BBQ-Entertainment-N-Catering-Enn-Tobreluts-Logo.png","contentUrl":"https:\/\/bbqentertainment.com\/wp-content\/uploads\/2020\/04\/BBQ-Entertainment-N-Catering-Enn-Tobreluts-Logo.png","width":628,"height":266,"caption":"BBQ Entertainment O\u00dc"},"image":{"@id":"https:\/\/bbqentertainment.com\/#\/schema\/logo\/image\/"},"sameAs":["https:\/\/www.facebook.com\/BBQ-Entertainment-N-Catering-2437913376443540","https:\/\/www.instagram.com\/bbqentertainmentncatering\/","https:\/\/www.youtube.com\/channel\/UCmpuANQVhLy2Md8nrenp2jA"]}]}},"_links":{"self":[{"href":"https:\/\/bbqentertainment.com\/en\/wp-json\/wp\/v2\/product\/246199","targetHints":{"allow":["GET"]}}],"collection":[{"href":"https:\/\/bbqentertainment.com\/en\/wp-json\/wp\/v2\/product"}],"about":[{"href":"https:\/\/bbqentertainment.com\/en\/wp-json\/wp\/v2\/types\/product"}],"wp:featuredmedia":[{"embeddable":true,"href":"https:\/\/bbqentertainment.com\/en\/wp-json\/wp\/v2\/media\/246202"}],"wp:attachment":[{"href":"https:\/\/bbqentertainment.com\/en\/wp-json\/wp\/v2\/media?parent=246199"}],"wp:term":[{"taxonomy":"product_brand","embeddable":true,"href":"https:\/\/bbqentertainment.com\/en\/wp-json\/wp\/v2\/product_brand?post=246199"},{"taxonomy":"product_cat","embeddable":true,"href":"https:\/\/bbqentertainment.com\/en\/wp-json\/wp\/v2\/product_cat?post=246199"},{"taxonomy":"product_tag","embeddable":true,"href":"https:\/\/bbqentertainment.com\/en\/wp-json\/wp\/v2\/product_tag?post=246199"}],"curies":[{"name":"wp","href":"https:\/\/api.w.org\/{rel}","templated":true}]}}