{"id":246258,"date":"2024-03-06T16:57:09","date_gmt":"2024-03-06T14:57:09","guid":{"rendered":"https:\/\/bbqentertainment.com\/?post_type=product&#038;p=246258"},"modified":"2025-09-18T15:11:58","modified_gmt":"2025-09-18T12:11:58","slug":"yeti-termos-joogitops-kaanega-sangaga-ja-korrega-rambler-straw-mug-42-oz-1193-ml-navy-tumesinine","status":"publish","type":"product","link":"https:\/\/bbqentertainment.com\/en\/toode\/yeti-termos-joogitops-kaanega-sangaga-ja-korrega-rambler-straw-mug-42-oz-1193-ml-navy-tumesinine\/","title":{"rendered":"YETI termos-joogitops kaanega, sangaga ja k\u00f5rrega Rambler Straw Mug 42 Oz \/ 1193 ml Navy \/ tumesinine"},"content":{"rendered":"<p>V\u00d5IMAS JOOGITOPS K\u00d5RREGA, MIS ON LOODUD PIKKADEKS REISIDEKS. Yeti Rambler\u00ae k\u00f5rrekaaned on loodud vastupidavaks ja neil on sissevormitud stopper, mis hoiab teie k\u00f5rt kindlalt paigal. Yeti on purunemiskindel, n\u00f5udepesumasinas pestav ja t\u00e4iesti BPA-vaba. PS. Seda kaant ei ole m\u00f5eldud kasutamiseks kuumade jookidega. Kui soovite nautida kuuma jooki, saab juurde osta eraldi Yeti \u00fchilduva suure MagSlider\u2122 kaane (k\u00fcsi info@bbqentertainment.com).<\/p>\n<p>KAHEKORDNE VAUKUMISOLATSIOON hoiab joogid k\u00fclmana isegi k\u00f5ige kuumematel p\u00e4evadel.<\/p>\n<p>18\/8 ROOSTEVABA TERAS. Valmistatud k\u00f6\u00f6gikvaliteediga roostevabast terasest, torke- ja roostekindel.<\/p>\n<p>N\u00d5UDEPESUMASINAS PESTAV, sest keegi ei vaja lisat\u00f6\u00f6d. Kui on aeg pesta v\u00f5i t\u00e4ita, eemaldage terve kaas. Lisateavet toote kasutamise ja ohutuse kohta leiate meie Rambler KKK lehelt.<\/p>\n<p>100% LEKKEKINDEL<\/p>\n","protected":false},"excerpt":{"rendered":"<h3><strong>YETI termos-joogitops kaanega, sangaga ja k\u00f5rrega Rambler Straw Mug 42 Oz \/ 1193 ml Navy tumesinine<\/strong><\/h3>\n<p>V\u00f5imas kruus, mis on loodud pikkadeks reisideks, m\u00f5nusateks s\u00f5\u00f5mudeks ja k\u00f5rrega joomiseks.<\/p>\n<ul>\n<li>Taaskasutatav k\u00f5rs<\/li>\n<li>N\u00f5udepesumasinas pestav<\/li>\n<li>Kahekordne vaakumisolatsioon<\/li>\n<li>Pikendatud k\u00e4epide<\/li>\n<\/ul>\n","protected":false},"featured_media":246265,"template":"","meta":{"inline_featured_image":false},"product_brand":[],"product_cat":[574,178,377],"product_tag":[],"class_list":{"0":"post-246258","1":"product","2":"type-product","3":"status-publish","4":"has-post-thumbnail","6":"product_cat-yeti-kulmakastid-ja-joogipudelid","7":"product_cat-muud-tooted","8":"product_cat-joogipudelid-termosed","10":"first","11":"instock","12":"taxable","13":"shipping-taxable","14":"purchasable","15":"product-type-simple"},"yoast_head":"<!-- This site is optimized with the Yoast SEO plugin v27.4 - https:\/\/yoast.com\/product\/yoast-seo-wordpress\/ -->\n<title>YETI termos-joogitops kaanega, sangaga ja k\u00f5rrega Rambler Straw Mug 42 Oz \/ 1193 ml Navy \/ tumesinine - BBQ Entertainment<\/title>\n<meta name=\"robots\" content=\"index, follow, max-snippet:-1, max-image-preview:large, max-video-preview:-1\" \/>\n<link rel=\"canonical\" href=\"https:\/\/bbqentertainment.com\/toode\/yeti-termos-joogitops-kaanega-sangaga-ja-korrega-rambler-straw-mug-42-oz-1193-ml-navy-tumesinine\/\" \/>\n<meta property=\"og:locale\" content=\"en_US\" \/>\n<meta property=\"og:type\" content=\"article\" \/>\n<meta property=\"og:title\" content=\"YETI termos-joogitops kaanega, sangaga ja k\u00f5rrega Rambler Straw Mug 42 Oz \/ 1193 ml Navy \/ tumesinine - BBQ Entertainment\" \/>\n<meta property=\"og:description\" content=\"YETI termos-joogitops kaanega, sangaga ja k\u00f5rrega Rambler Straw Mug 42 Oz \/ 1193 ml Navy tumesinineV\u00f5imas kruus, mis on loodud pikkadeks reisideks, m\u00f5nusateks s\u00f5\u00f5mudeks ja k\u00f5rrega joomiseks.Taaskasutatav k\u00f5rsN\u00f5udepesumasinas pestavKahekordne vaakumisolatsioonPikendatud k\u00e4epide\" \/>\n<meta property=\"og:url\" content=\"https:\/\/bbqentertainment.com\/toode\/yeti-termos-joogitops-kaanega-sangaga-ja-korrega-rambler-straw-mug-42-oz-1193-ml-navy-tumesinine\/\" \/>\n<meta property=\"og:site_name\" content=\"BBQ Entertainment\" \/>\n<meta property=\"article:publisher\" content=\"https:\/\/www.facebook.com\/BBQ-Entertainment-N-Catering-2437913376443540\" \/>\n<meta property=\"article:modified_time\" content=\"2025-09-18T12:11:58+00:00\" \/>\n<meta property=\"og:image\" content=\"https:\/\/bbqentertainment.com\/wp-content\/uploads\/2024\/03\/BBQ-Entertainment-YETI-termos-joogitops-kaanega-sangaga-ja-korrega-Rambler-1193-ml-tumesinine-3.jpg\" \/>\n\t<meta property=\"og:image:width\" content=\"1445\" \/>\n\t<meta property=\"og:image:height\" content=\"1445\" \/>\n\t<meta property=\"og:image:type\" content=\"image\/jpeg\" \/>\n<meta name=\"twitter:card\" content=\"summary_large_image\" \/>\n<meta name=\"twitter:label1\" content=\"Est. reading time\" \/>\n\t<meta name=\"twitter:data1\" content=\"1 minute\" \/>\n<script type=\"application\/ld+json\" class=\"yoast-schema-graph\">{\"@context\":\"https:\\\/\\\/schema.org\",\"@graph\":[{\"@type\":[\"WebPage\",\"ItemPage\"],\"@id\":\"https:\\\/\\\/bbqentertainment.com\\\/toode\\\/yeti-termos-joogitops-kaanega-sangaga-ja-korrega-rambler-straw-mug-42-oz-1193-ml-navy-tumesinine\\\/\",\"url\":\"https:\\\/\\\/bbqentertainment.com\\\/toode\\\/yeti-termos-joogitops-kaanega-sangaga-ja-korrega-rambler-straw-mug-42-oz-1193-ml-navy-tumesinine\\\/\",\"name\":\"YETI termos-joogitops kaanega, sangaga ja k\u00f5rrega Rambler Straw Mug 42 Oz \\\/ 1193 ml Navy \\\/ tumesinine - BBQ Entertainment\",\"isPartOf\":{\"@id\":\"https:\\\/\\\/bbqentertainment.com\\\/#website\"},\"primaryImageOfPage\":{\"@id\":\"https:\\\/\\\/bbqentertainment.com\\\/toode\\\/yeti-termos-joogitops-kaanega-sangaga-ja-korrega-rambler-straw-mug-42-oz-1193-ml-navy-tumesinine\\\/#primaryimage\"},\"image\":{\"@id\":\"https:\\\/\\\/bbqentertainment.com\\\/toode\\\/yeti-termos-joogitops-kaanega-sangaga-ja-korrega-rambler-straw-mug-42-oz-1193-ml-navy-tumesinine\\\/#primaryimage\"},\"thumbnailUrl\":\"https:\\\/\\\/bbqentertainment.com\\\/wp-content\\\/uploads\\\/2024\\\/03\\\/BBQ-Entertainment-YETI-termos-joogitops-kaanega-sangaga-ja-korrega-Rambler-1193-ml-tumesinine-3.jpg\",\"datePublished\":\"2024-03-06T14:57:09+00:00\",\"dateModified\":\"2025-09-18T12:11:58+00:00\",\"breadcrumb\":{\"@id\":\"https:\\\/\\\/bbqentertainment.com\\\/toode\\\/yeti-termos-joogitops-kaanega-sangaga-ja-korrega-rambler-straw-mug-42-oz-1193-ml-navy-tumesinine\\\/#breadcrumb\"},\"inLanguage\":\"en-US\",\"potentialAction\":[{\"@type\":\"ReadAction\",\"target\":[\"https:\\\/\\\/bbqentertainment.com\\\/toode\\\/yeti-termos-joogitops-kaanega-sangaga-ja-korrega-rambler-straw-mug-42-oz-1193-ml-navy-tumesinine\\\/\"]}]},{\"@type\":\"ImageObject\",\"inLanguage\":\"en-US\",\"@id\":\"https:\\\/\\\/bbqentertainment.com\\\/toode\\\/yeti-termos-joogitops-kaanega-sangaga-ja-korrega-rambler-straw-mug-42-oz-1193-ml-navy-tumesinine\\\/#primaryimage\",\"url\":\"https:\\\/\\\/bbqentertainment.com\\\/wp-content\\\/uploads\\\/2024\\\/03\\\/BBQ-Entertainment-YETI-termos-joogitops-kaanega-sangaga-ja-korrega-Rambler-1193-ml-tumesinine-3.jpg\",\"contentUrl\":\"https:\\\/\\\/bbqentertainment.com\\\/wp-content\\\/uploads\\\/2024\\\/03\\\/BBQ-Entertainment-YETI-termos-joogitops-kaanega-sangaga-ja-korrega-Rambler-1193-ml-tumesinine-3.jpg\",\"width\":1445,\"height\":1445},{\"@type\":\"BreadcrumbList\",\"@id\":\"https:\\\/\\\/bbqentertainment.com\\\/toode\\\/yeti-termos-joogitops-kaanega-sangaga-ja-korrega-rambler-straw-mug-42-oz-1193-ml-navy-tumesinine\\\/#breadcrumb\",\"itemListElement\":[{\"@type\":\"ListItem\",\"position\":1,\"name\":\"AVALEHT\",\"item\":\"https:\\\/\\\/bbqentertainment.com\\\/en\\\/\"},{\"@type\":\"ListItem\",\"position\":2,\"name\":\"Tooted\",\"item\":\"https:\\\/\\\/bbqentertainment.com\\\/tooted\\\/\"},{\"@type\":\"ListItem\",\"position\":3,\"name\":\"Muud tooted\",\"item\":\"https:\\\/\\\/bbqentertainment.com\\\/tootekategooria\\\/muud-tooted\\\/\"},{\"@type\":\"ListItem\",\"position\":4,\"name\":\"YETI k\u00fclmakastid ja joogipudelid\",\"item\":\"https:\\\/\\\/bbqentertainment.com\\\/tootekategooria\\\/muud-tooted\\\/yeti-kulmakastid-ja-joogipudelid\\\/\"},{\"@type\":\"ListItem\",\"position\":5,\"name\":\"YETI termos-joogitops kaanega, sangaga ja k\u00f5rrega Rambler Straw Mug 42 Oz \\\/ 1193 ml Navy \\\/ tumesinine\"}]},{\"@type\":\"WebSite\",\"@id\":\"https:\\\/\\\/bbqentertainment.com\\\/#website\",\"url\":\"https:\\\/\\\/bbqentertainment.com\\\/\",\"name\":\"BBQ Entertainment\",\"description\":\"BBQ is a great lifestyle, not just fun!\",\"publisher\":{\"@id\":\"https:\\\/\\\/bbqentertainment.com\\\/#organization\"},\"potentialAction\":[{\"@type\":\"SearchAction\",\"target\":{\"@type\":\"EntryPoint\",\"urlTemplate\":\"https:\\\/\\\/bbqentertainment.com\\\/?s={search_term_string}\"},\"query-input\":{\"@type\":\"PropertyValueSpecification\",\"valueRequired\":true,\"valueName\":\"search_term_string\"}}],\"inLanguage\":\"en-US\"},{\"@type\":\"Organization\",\"@id\":\"https:\\\/\\\/bbqentertainment.com\\\/#organization\",\"name\":\"BBQ Entertainment O\u00dc\",\"url\":\"https:\\\/\\\/bbqentertainment.com\\\/\",\"logo\":{\"@type\":\"ImageObject\",\"inLanguage\":\"en-US\",\"@id\":\"https:\\\/\\\/bbqentertainment.com\\\/#\\\/schema\\\/logo\\\/image\\\/\",\"url\":\"https:\\\/\\\/bbqentertainment.com\\\/wp-content\\\/uploads\\\/2020\\\/04\\\/BBQ-Entertainment-N-Catering-Enn-Tobreluts-Logo.png\",\"contentUrl\":\"https:\\\/\\\/bbqentertainment.com\\\/wp-content\\\/uploads\\\/2020\\\/04\\\/BBQ-Entertainment-N-Catering-Enn-Tobreluts-Logo.png\",\"width\":628,\"height\":266,\"caption\":\"BBQ Entertainment O\u00dc\"},\"image\":{\"@id\":\"https:\\\/\\\/bbqentertainment.com\\\/#\\\/schema\\\/logo\\\/image\\\/\"},\"sameAs\":[\"https:\\\/\\\/www.facebook.com\\\/BBQ-Entertainment-N-Catering-2437913376443540\",\"https:\\\/\\\/www.instagram.com\\\/bbqentertainmentncatering\\\/\",\"https:\\\/\\\/www.youtube.com\\\/channel\\\/UCmpuANQVhLy2Md8nrenp2jA\"]}]}<\/script>\n<!-- \/ Yoast SEO plugin. -->","yoast_head_json":{"title":"YETI termos-joogitops kaanega, sangaga ja k\u00f5rrega Rambler Straw Mug 42 Oz \/ 1193 ml Navy \/ tumesinine - BBQ Entertainment","robots":{"index":"index","follow":"follow","max-snippet":"max-snippet:-1","max-image-preview":"max-image-preview:large","max-video-preview":"max-video-preview:-1"},"canonical":"https:\/\/bbqentertainment.com\/toode\/yeti-termos-joogitops-kaanega-sangaga-ja-korrega-rambler-straw-mug-42-oz-1193-ml-navy-tumesinine\/","og_locale":"en_US","og_type":"article","og_title":"YETI termos-joogitops kaanega, sangaga ja k\u00f5rrega Rambler Straw Mug 42 Oz \/ 1193 ml Navy \/ tumesinine - BBQ Entertainment","og_description":"YETI termos-joogitops kaanega, sangaga ja k\u00f5rrega Rambler Straw Mug 42 Oz \/ 1193 ml Navy tumesinineV\u00f5imas kruus, mis on loodud pikkadeks reisideks, m\u00f5nusateks s\u00f5\u00f5mudeks ja k\u00f5rrega joomiseks.Taaskasutatav k\u00f5rsN\u00f5udepesumasinas pestavKahekordne vaakumisolatsioonPikendatud k\u00e4epide","og_url":"https:\/\/bbqentertainment.com\/toode\/yeti-termos-joogitops-kaanega-sangaga-ja-korrega-rambler-straw-mug-42-oz-1193-ml-navy-tumesinine\/","og_site_name":"BBQ Entertainment","article_publisher":"https:\/\/www.facebook.com\/BBQ-Entertainment-N-Catering-2437913376443540","article_modified_time":"2025-09-18T12:11:58+00:00","og_image":[{"width":1445,"height":1445,"url":"https:\/\/bbqentertainment.com\/wp-content\/uploads\/2024\/03\/BBQ-Entertainment-YETI-termos-joogitops-kaanega-sangaga-ja-korrega-Rambler-1193-ml-tumesinine-3.jpg","type":"image\/jpeg"}],"twitter_card":"summary_large_image","twitter_misc":{"Est. reading time":"1 minute"},"schema":{"@context":"https:\/\/schema.org","@graph":[{"@type":["WebPage","ItemPage"],"@id":"https:\/\/bbqentertainment.com\/toode\/yeti-termos-joogitops-kaanega-sangaga-ja-korrega-rambler-straw-mug-42-oz-1193-ml-navy-tumesinine\/","url":"https:\/\/bbqentertainment.com\/toode\/yeti-termos-joogitops-kaanega-sangaga-ja-korrega-rambler-straw-mug-42-oz-1193-ml-navy-tumesinine\/","name":"YETI termos-joogitops kaanega, sangaga ja k\u00f5rrega Rambler Straw Mug 42 Oz \/ 1193 ml Navy \/ tumesinine - BBQ Entertainment","isPartOf":{"@id":"https:\/\/bbqentertainment.com\/#website"},"primaryImageOfPage":{"@id":"https:\/\/bbqentertainment.com\/toode\/yeti-termos-joogitops-kaanega-sangaga-ja-korrega-rambler-straw-mug-42-oz-1193-ml-navy-tumesinine\/#primaryimage"},"image":{"@id":"https:\/\/bbqentertainment.com\/toode\/yeti-termos-joogitops-kaanega-sangaga-ja-korrega-rambler-straw-mug-42-oz-1193-ml-navy-tumesinine\/#primaryimage"},"thumbnailUrl":"https:\/\/bbqentertainment.com\/wp-content\/uploads\/2024\/03\/BBQ-Entertainment-YETI-termos-joogitops-kaanega-sangaga-ja-korrega-Rambler-1193-ml-tumesinine-3.jpg","datePublished":"2024-03-06T14:57:09+00:00","dateModified":"2025-09-18T12:11:58+00:00","breadcrumb":{"@id":"https:\/\/bbqentertainment.com\/toode\/yeti-termos-joogitops-kaanega-sangaga-ja-korrega-rambler-straw-mug-42-oz-1193-ml-navy-tumesinine\/#breadcrumb"},"inLanguage":"en-US","potentialAction":[{"@type":"ReadAction","target":["https:\/\/bbqentertainment.com\/toode\/yeti-termos-joogitops-kaanega-sangaga-ja-korrega-rambler-straw-mug-42-oz-1193-ml-navy-tumesinine\/"]}]},{"@type":"ImageObject","inLanguage":"en-US","@id":"https:\/\/bbqentertainment.com\/toode\/yeti-termos-joogitops-kaanega-sangaga-ja-korrega-rambler-straw-mug-42-oz-1193-ml-navy-tumesinine\/#primaryimage","url":"https:\/\/bbqentertainment.com\/wp-content\/uploads\/2024\/03\/BBQ-Entertainment-YETI-termos-joogitops-kaanega-sangaga-ja-korrega-Rambler-1193-ml-tumesinine-3.jpg","contentUrl":"https:\/\/bbqentertainment.com\/wp-content\/uploads\/2024\/03\/BBQ-Entertainment-YETI-termos-joogitops-kaanega-sangaga-ja-korrega-Rambler-1193-ml-tumesinine-3.jpg","width":1445,"height":1445},{"@type":"BreadcrumbList","@id":"https:\/\/bbqentertainment.com\/toode\/yeti-termos-joogitops-kaanega-sangaga-ja-korrega-rambler-straw-mug-42-oz-1193-ml-navy-tumesinine\/#breadcrumb","itemListElement":[{"@type":"ListItem","position":1,"name":"AVALEHT","item":"https:\/\/bbqentertainment.com\/en\/"},{"@type":"ListItem","position":2,"name":"Tooted","item":"https:\/\/bbqentertainment.com\/tooted\/"},{"@type":"ListItem","position":3,"name":"Muud tooted","item":"https:\/\/bbqentertainment.com\/tootekategooria\/muud-tooted\/"},{"@type":"ListItem","position":4,"name":"YETI k\u00fclmakastid ja joogipudelid","item":"https:\/\/bbqentertainment.com\/tootekategooria\/muud-tooted\/yeti-kulmakastid-ja-joogipudelid\/"},{"@type":"ListItem","position":5,"name":"YETI termos-joogitops kaanega, sangaga ja k\u00f5rrega Rambler Straw Mug 42 Oz \/ 1193 ml Navy \/ tumesinine"}]},{"@type":"WebSite","@id":"https:\/\/bbqentertainment.com\/#website","url":"https:\/\/bbqentertainment.com\/","name":"BBQ Entertainment","description":"BBQ is a great lifestyle, not just fun!","publisher":{"@id":"https:\/\/bbqentertainment.com\/#organization"},"potentialAction":[{"@type":"SearchAction","target":{"@type":"EntryPoint","urlTemplate":"https:\/\/bbqentertainment.com\/?s={search_term_string}"},"query-input":{"@type":"PropertyValueSpecification","valueRequired":true,"valueName":"search_term_string"}}],"inLanguage":"en-US"},{"@type":"Organization","@id":"https:\/\/bbqentertainment.com\/#organization","name":"BBQ Entertainment O\u00dc","url":"https:\/\/bbqentertainment.com\/","logo":{"@type":"ImageObject","inLanguage":"en-US","@id":"https:\/\/bbqentertainment.com\/#\/schema\/logo\/image\/","url":"https:\/\/bbqentertainment.com\/wp-content\/uploads\/2020\/04\/BBQ-Entertainment-N-Catering-Enn-Tobreluts-Logo.png","contentUrl":"https:\/\/bbqentertainment.com\/wp-content\/uploads\/2020\/04\/BBQ-Entertainment-N-Catering-Enn-Tobreluts-Logo.png","width":628,"height":266,"caption":"BBQ Entertainment O\u00dc"},"image":{"@id":"https:\/\/bbqentertainment.com\/#\/schema\/logo\/image\/"},"sameAs":["https:\/\/www.facebook.com\/BBQ-Entertainment-N-Catering-2437913376443540","https:\/\/www.instagram.com\/bbqentertainmentncatering\/","https:\/\/www.youtube.com\/channel\/UCmpuANQVhLy2Md8nrenp2jA"]}]}},"_links":{"self":[{"href":"https:\/\/bbqentertainment.com\/en\/wp-json\/wp\/v2\/product\/246258","targetHints":{"allow":["GET"]}}],"collection":[{"href":"https:\/\/bbqentertainment.com\/en\/wp-json\/wp\/v2\/product"}],"about":[{"href":"https:\/\/bbqentertainment.com\/en\/wp-json\/wp\/v2\/types\/product"}],"wp:featuredmedia":[{"embeddable":true,"href":"https:\/\/bbqentertainment.com\/en\/wp-json\/wp\/v2\/media\/246265"}],"wp:attachment":[{"href":"https:\/\/bbqentertainment.com\/en\/wp-json\/wp\/v2\/media?parent=246258"}],"wp:term":[{"taxonomy":"product_brand","embeddable":true,"href":"https:\/\/bbqentertainment.com\/en\/wp-json\/wp\/v2\/product_brand?post=246258"},{"taxonomy":"product_cat","embeddable":true,"href":"https:\/\/bbqentertainment.com\/en\/wp-json\/wp\/v2\/product_cat?post=246258"},{"taxonomy":"product_tag","embeddable":true,"href":"https:\/\/bbqentertainment.com\/en\/wp-json\/wp\/v2\/product_tag?post=246258"}],"curies":[{"name":"wp","href":"https:\/\/api.w.org\/{rel}","templated":true}]}}