{"id":246343,"date":"2024-03-06T17:19:25","date_gmt":"2024-03-06T15:19:25","guid":{"rendered":"https:\/\/bbqentertainment.com\/?post_type=product&#038;p=246343"},"modified":"2025-09-18T15:11:58","modified_gmt":"2025-09-18T12:11:58","slug":"yeti-termos-rambler-jug-one-gallon-3800-ml-black-must","status":"publish","type":"product","link":"https:\/\/bbqentertainment.com\/en\/toode\/yeti-termos-rambler-jug-one-gallon-3800-ml-black-must\/","title":{"rendered":"YETI termos Rambler Jug One Gallon \/ 3800 ml Black \/ must"},"content":{"rendered":"<p>JAGAGE TULIKUUMAT KOHVI OMA MEESKONNAGA V\u00d5I TAGAGE OMA IGAP\u00c4EVANE VEETARBIMINE. Janu ei ole midagi, mida me kergelt v\u00f5taksime. &#8220;Rambler\u00ae \u00dche Galloni Kann&#8221; on kavandatud olema peaaegu h\u00e4vimatu, hoides samal ajal iga tilga kallist vett t\u00e4iuslikult k\u00fclmana. V\u00f5i kui teie ja teie meeskond vajate gallonit kohvi, siis see kann talub ka kuumust. Nagu k\u00f5ik Rambler\u00ae joogin\u00f5ud, on \u00fche galloniga taaskasutatav kann ja selle kaas n\u00f5udepesumasinas pestavad ja lihtsad puhastada. Saadaval roostevabast terasest ja DuraCoat\u2122 v\u00e4rvidega.<\/p>\n<p>Tugeva konstruktsiooni, FatLid\u2122 isolatsiooni ja roostevabast terasest k\u00e4epidemega Rambler\u00ae on loodud loodusele vastu pidama. Millal iganes ja kus iganes seda vajad, v\u00f5id loota j\u00e4\u00e4k\u00fclma (v\u00f5i tulikuumale) lonksule oma Rambler\u00ae termoskannust. Nagu kogu Rambler pere, on ka see taaskasutatav termoskann ja selle kaas lihtsad puhastatavad ning n\u00f5udepesumasinas pestavad. Saadaval roostevabast terasest ja DuraCoat\u2122 v\u00e4rvidega. Lisateavet toote kasutamise ja ohutuse kohta leiate meie Rambler\u00ae KKK lehelt.<\/p>\n<p>KAHEKORDNE VAUKUMISOLATSIOON. Hoiab k\u00fclma joogi k\u00fclmana ja kuuma joogi kuumana viimase s\u00f5\u00f5muni.<\/p>\n<p>FATLID\u2122 ISOLATSIOON. \u00dche tolli paksune kaane isolatsioon hoiab temperatuuri p\u00fcsivalt lukustatuna ja Magcap Dock kasutab magnetite j\u00f5udu, et hoida teie Magcap k\u00e4ep\u00e4rast. Roostevabast terasest k\u00e4epide koos kummist haardega teeb transpordi kindlaks ja lihtsaks.<\/p>\n<p>18\/8 ROOSTEVABA TERAS. Valmistatud k\u00f6\u00f6gikvaliteediga roostevabast terasest, torke- ja roostekindel.<\/p>\n<p>N\u00d5UDEPESUMASINAS PESTAV, sest keegi ei vaja lisat\u00f6\u00f6d.<\/p>\n<p>100% LEKKEKINDEL<\/p>\n","protected":false},"excerpt":{"rendered":"<h3><strong>YETI termos Rambler Jug One Gallon \/ 3800 ml must<\/strong><\/h3>\n<p>Jagage tulikuuma kohvi oma meeskonnaga v\u00f5i t\u00e4itke oma igap\u00e4evane veetarbimine eemal olles jahiretkedel ja pikkadel t\u00f6\u00f6p\u00e4evadel. V\u00f5ib kasutada ka supi kuuma hoidmiseks v\u00f5i ka n\u00e4iteks rebitud sealiha vms liha kuumana hoidmiseks ja liha pehmendamiseks.<\/p>\n","protected":false},"featured_media":246344,"template":"","meta":{"inline_featured_image":false},"product_brand":[],"product_cat":[574,178,377],"product_tag":[],"class_list":{"0":"post-246343","1":"product","2":"type-product","3":"status-publish","4":"has-post-thumbnail","6":"product_cat-yeti-kulmakastid-ja-joogipudelid","7":"product_cat-muud-tooted","8":"product_cat-joogipudelid-termosed","10":"first","11":"instock","12":"taxable","13":"shipping-taxable","14":"purchasable","15":"product-type-simple"},"yoast_head":"<!-- This site is optimized with the Yoast SEO plugin v27.4 - https:\/\/yoast.com\/product\/yoast-seo-wordpress\/ -->\n<title>YETI termos Rambler Jug One Gallon \/ 3800 ml Black \/ must - BBQ Entertainment<\/title>\n<meta name=\"robots\" content=\"index, follow, max-snippet:-1, max-image-preview:large, max-video-preview:-1\" \/>\n<link rel=\"canonical\" href=\"https:\/\/bbqentertainment.com\/toode\/yeti-termos-rambler-jug-one-gallon-3800-ml-black-must\/\" \/>\n<meta property=\"og:locale\" content=\"en_US\" \/>\n<meta property=\"og:type\" content=\"article\" \/>\n<meta property=\"og:title\" content=\"YETI termos Rambler Jug One Gallon \/ 3800 ml Black \/ must - BBQ Entertainment\" \/>\n<meta property=\"og:description\" content=\"YETI termos Rambler Jug One Gallon \/ 3800 ml must Jagage tulikuuma kohvi oma meeskonnaga v\u00f5i t\u00e4itke oma igap\u00e4evane veetarbimine eemal olles jahiretkedel ja pikkadel t\u00f6\u00f6p\u00e4evadel. V\u00f5ib kasutada ka supi kuuma hoidmiseks v\u00f5i ka n\u00e4iteks rebitud sealiha vms liha kuumana hoidmiseks ja liha pehmendamiseks.\" \/>\n<meta property=\"og:url\" content=\"https:\/\/bbqentertainment.com\/toode\/yeti-termos-rambler-jug-one-gallon-3800-ml-black-must\/\" \/>\n<meta property=\"og:site_name\" content=\"BBQ Entertainment\" \/>\n<meta property=\"article:publisher\" content=\"https:\/\/www.facebook.com\/BBQ-Entertainment-N-Catering-2437913376443540\" \/>\n<meta property=\"article:modified_time\" content=\"2025-09-18T12:11:58+00:00\" \/>\n<meta property=\"og:image\" content=\"https:\/\/bbqentertainment.com\/wp-content\/uploads\/2024\/03\/BBQ-Entertainment-YETI-termos-Rambler-Jug-One-Gallon-3800-ml-must-3.jpg\" \/>\n\t<meta property=\"og:image:width\" content=\"1445\" \/>\n\t<meta property=\"og:image:height\" content=\"1445\" \/>\n\t<meta property=\"og:image:type\" content=\"image\/jpeg\" \/>\n<meta name=\"twitter:card\" content=\"summary_large_image\" \/>\n<meta name=\"twitter:label1\" content=\"Est. reading time\" \/>\n\t<meta name=\"twitter:data1\" content=\"2 minutes\" \/>\n<script type=\"application\/ld+json\" class=\"yoast-schema-graph\">{\"@context\":\"https:\\\/\\\/schema.org\",\"@graph\":[{\"@type\":[\"WebPage\",\"ItemPage\"],\"@id\":\"https:\\\/\\\/bbqentertainment.com\\\/toode\\\/yeti-termos-rambler-jug-one-gallon-3800-ml-black-must\\\/\",\"url\":\"https:\\\/\\\/bbqentertainment.com\\\/toode\\\/yeti-termos-rambler-jug-one-gallon-3800-ml-black-must\\\/\",\"name\":\"YETI termos Rambler Jug One Gallon \\\/ 3800 ml Black \\\/ must - BBQ Entertainment\",\"isPartOf\":{\"@id\":\"https:\\\/\\\/bbqentertainment.com\\\/#website\"},\"primaryImageOfPage\":{\"@id\":\"https:\\\/\\\/bbqentertainment.com\\\/toode\\\/yeti-termos-rambler-jug-one-gallon-3800-ml-black-must\\\/#primaryimage\"},\"image\":{\"@id\":\"https:\\\/\\\/bbqentertainment.com\\\/toode\\\/yeti-termos-rambler-jug-one-gallon-3800-ml-black-must\\\/#primaryimage\"},\"thumbnailUrl\":\"https:\\\/\\\/bbqentertainment.com\\\/wp-content\\\/uploads\\\/2024\\\/03\\\/BBQ-Entertainment-YETI-termos-Rambler-Jug-One-Gallon-3800-ml-must-3.jpg\",\"datePublished\":\"2024-03-06T15:19:25+00:00\",\"dateModified\":\"2025-09-18T12:11:58+00:00\",\"breadcrumb\":{\"@id\":\"https:\\\/\\\/bbqentertainment.com\\\/toode\\\/yeti-termos-rambler-jug-one-gallon-3800-ml-black-must\\\/#breadcrumb\"},\"inLanguage\":\"en-US\",\"potentialAction\":[{\"@type\":\"ReadAction\",\"target\":[\"https:\\\/\\\/bbqentertainment.com\\\/toode\\\/yeti-termos-rambler-jug-one-gallon-3800-ml-black-must\\\/\"]}]},{\"@type\":\"ImageObject\",\"inLanguage\":\"en-US\",\"@id\":\"https:\\\/\\\/bbqentertainment.com\\\/toode\\\/yeti-termos-rambler-jug-one-gallon-3800-ml-black-must\\\/#primaryimage\",\"url\":\"https:\\\/\\\/bbqentertainment.com\\\/wp-content\\\/uploads\\\/2024\\\/03\\\/BBQ-Entertainment-YETI-termos-Rambler-Jug-One-Gallon-3800-ml-must-3.jpg\",\"contentUrl\":\"https:\\\/\\\/bbqentertainment.com\\\/wp-content\\\/uploads\\\/2024\\\/03\\\/BBQ-Entertainment-YETI-termos-Rambler-Jug-One-Gallon-3800-ml-must-3.jpg\",\"width\":1445,\"height\":1445},{\"@type\":\"BreadcrumbList\",\"@id\":\"https:\\\/\\\/bbqentertainment.com\\\/toode\\\/yeti-termos-rambler-jug-one-gallon-3800-ml-black-must\\\/#breadcrumb\",\"itemListElement\":[{\"@type\":\"ListItem\",\"position\":1,\"name\":\"AVALEHT\",\"item\":\"https:\\\/\\\/bbqentertainment.com\\\/en\\\/\"},{\"@type\":\"ListItem\",\"position\":2,\"name\":\"Tooted\",\"item\":\"https:\\\/\\\/bbqentertainment.com\\\/tooted\\\/\"},{\"@type\":\"ListItem\",\"position\":3,\"name\":\"Muud tooted\",\"item\":\"https:\\\/\\\/bbqentertainment.com\\\/tootekategooria\\\/muud-tooted\\\/\"},{\"@type\":\"ListItem\",\"position\":4,\"name\":\"YETI k\u00fclmakastid ja joogipudelid\",\"item\":\"https:\\\/\\\/bbqentertainment.com\\\/tootekategooria\\\/muud-tooted\\\/yeti-kulmakastid-ja-joogipudelid\\\/\"},{\"@type\":\"ListItem\",\"position\":5,\"name\":\"YETI termos Rambler Jug One Gallon \\\/ 3800 ml Black \\\/ must\"}]},{\"@type\":\"WebSite\",\"@id\":\"https:\\\/\\\/bbqentertainment.com\\\/#website\",\"url\":\"https:\\\/\\\/bbqentertainment.com\\\/\",\"name\":\"BBQ Entertainment\",\"description\":\"BBQ is a great lifestyle, not just fun!\",\"publisher\":{\"@id\":\"https:\\\/\\\/bbqentertainment.com\\\/#organization\"},\"potentialAction\":[{\"@type\":\"SearchAction\",\"target\":{\"@type\":\"EntryPoint\",\"urlTemplate\":\"https:\\\/\\\/bbqentertainment.com\\\/?s={search_term_string}\"},\"query-input\":{\"@type\":\"PropertyValueSpecification\",\"valueRequired\":true,\"valueName\":\"search_term_string\"}}],\"inLanguage\":\"en-US\"},{\"@type\":\"Organization\",\"@id\":\"https:\\\/\\\/bbqentertainment.com\\\/#organization\",\"name\":\"BBQ Entertainment O\u00dc\",\"url\":\"https:\\\/\\\/bbqentertainment.com\\\/\",\"logo\":{\"@type\":\"ImageObject\",\"inLanguage\":\"en-US\",\"@id\":\"https:\\\/\\\/bbqentertainment.com\\\/#\\\/schema\\\/logo\\\/image\\\/\",\"url\":\"https:\\\/\\\/bbqentertainment.com\\\/wp-content\\\/uploads\\\/2020\\\/04\\\/BBQ-Entertainment-N-Catering-Enn-Tobreluts-Logo.png\",\"contentUrl\":\"https:\\\/\\\/bbqentertainment.com\\\/wp-content\\\/uploads\\\/2020\\\/04\\\/BBQ-Entertainment-N-Catering-Enn-Tobreluts-Logo.png\",\"width\":628,\"height\":266,\"caption\":\"BBQ Entertainment O\u00dc\"},\"image\":{\"@id\":\"https:\\\/\\\/bbqentertainment.com\\\/#\\\/schema\\\/logo\\\/image\\\/\"},\"sameAs\":[\"https:\\\/\\\/www.facebook.com\\\/BBQ-Entertainment-N-Catering-2437913376443540\",\"https:\\\/\\\/www.instagram.com\\\/bbqentertainmentncatering\\\/\",\"https:\\\/\\\/www.youtube.com\\\/channel\\\/UCmpuANQVhLy2Md8nrenp2jA\"]}]}<\/script>\n<!-- \/ Yoast SEO plugin. -->","yoast_head_json":{"title":"YETI termos Rambler Jug One Gallon \/ 3800 ml Black \/ must - BBQ Entertainment","robots":{"index":"index","follow":"follow","max-snippet":"max-snippet:-1","max-image-preview":"max-image-preview:large","max-video-preview":"max-video-preview:-1"},"canonical":"https:\/\/bbqentertainment.com\/toode\/yeti-termos-rambler-jug-one-gallon-3800-ml-black-must\/","og_locale":"en_US","og_type":"article","og_title":"YETI termos Rambler Jug One Gallon \/ 3800 ml Black \/ must - BBQ Entertainment","og_description":"YETI termos Rambler Jug One Gallon \/ 3800 ml must Jagage tulikuuma kohvi oma meeskonnaga v\u00f5i t\u00e4itke oma igap\u00e4evane veetarbimine eemal olles jahiretkedel ja pikkadel t\u00f6\u00f6p\u00e4evadel. V\u00f5ib kasutada ka supi kuuma hoidmiseks v\u00f5i ka n\u00e4iteks rebitud sealiha vms liha kuumana hoidmiseks ja liha pehmendamiseks.","og_url":"https:\/\/bbqentertainment.com\/toode\/yeti-termos-rambler-jug-one-gallon-3800-ml-black-must\/","og_site_name":"BBQ Entertainment","article_publisher":"https:\/\/www.facebook.com\/BBQ-Entertainment-N-Catering-2437913376443540","article_modified_time":"2025-09-18T12:11:58+00:00","og_image":[{"width":1445,"height":1445,"url":"https:\/\/bbqentertainment.com\/wp-content\/uploads\/2024\/03\/BBQ-Entertainment-YETI-termos-Rambler-Jug-One-Gallon-3800-ml-must-3.jpg","type":"image\/jpeg"}],"twitter_card":"summary_large_image","twitter_misc":{"Est. reading time":"2 minutes"},"schema":{"@context":"https:\/\/schema.org","@graph":[{"@type":["WebPage","ItemPage"],"@id":"https:\/\/bbqentertainment.com\/toode\/yeti-termos-rambler-jug-one-gallon-3800-ml-black-must\/","url":"https:\/\/bbqentertainment.com\/toode\/yeti-termos-rambler-jug-one-gallon-3800-ml-black-must\/","name":"YETI termos Rambler Jug One Gallon \/ 3800 ml Black \/ must - BBQ Entertainment","isPartOf":{"@id":"https:\/\/bbqentertainment.com\/#website"},"primaryImageOfPage":{"@id":"https:\/\/bbqentertainment.com\/toode\/yeti-termos-rambler-jug-one-gallon-3800-ml-black-must\/#primaryimage"},"image":{"@id":"https:\/\/bbqentertainment.com\/toode\/yeti-termos-rambler-jug-one-gallon-3800-ml-black-must\/#primaryimage"},"thumbnailUrl":"https:\/\/bbqentertainment.com\/wp-content\/uploads\/2024\/03\/BBQ-Entertainment-YETI-termos-Rambler-Jug-One-Gallon-3800-ml-must-3.jpg","datePublished":"2024-03-06T15:19:25+00:00","dateModified":"2025-09-18T12:11:58+00:00","breadcrumb":{"@id":"https:\/\/bbqentertainment.com\/toode\/yeti-termos-rambler-jug-one-gallon-3800-ml-black-must\/#breadcrumb"},"inLanguage":"en-US","potentialAction":[{"@type":"ReadAction","target":["https:\/\/bbqentertainment.com\/toode\/yeti-termos-rambler-jug-one-gallon-3800-ml-black-must\/"]}]},{"@type":"ImageObject","inLanguage":"en-US","@id":"https:\/\/bbqentertainment.com\/toode\/yeti-termos-rambler-jug-one-gallon-3800-ml-black-must\/#primaryimage","url":"https:\/\/bbqentertainment.com\/wp-content\/uploads\/2024\/03\/BBQ-Entertainment-YETI-termos-Rambler-Jug-One-Gallon-3800-ml-must-3.jpg","contentUrl":"https:\/\/bbqentertainment.com\/wp-content\/uploads\/2024\/03\/BBQ-Entertainment-YETI-termos-Rambler-Jug-One-Gallon-3800-ml-must-3.jpg","width":1445,"height":1445},{"@type":"BreadcrumbList","@id":"https:\/\/bbqentertainment.com\/toode\/yeti-termos-rambler-jug-one-gallon-3800-ml-black-must\/#breadcrumb","itemListElement":[{"@type":"ListItem","position":1,"name":"AVALEHT","item":"https:\/\/bbqentertainment.com\/en\/"},{"@type":"ListItem","position":2,"name":"Tooted","item":"https:\/\/bbqentertainment.com\/tooted\/"},{"@type":"ListItem","position":3,"name":"Muud tooted","item":"https:\/\/bbqentertainment.com\/tootekategooria\/muud-tooted\/"},{"@type":"ListItem","position":4,"name":"YETI k\u00fclmakastid ja joogipudelid","item":"https:\/\/bbqentertainment.com\/tootekategooria\/muud-tooted\/yeti-kulmakastid-ja-joogipudelid\/"},{"@type":"ListItem","position":5,"name":"YETI termos Rambler Jug One Gallon \/ 3800 ml Black \/ must"}]},{"@type":"WebSite","@id":"https:\/\/bbqentertainment.com\/#website","url":"https:\/\/bbqentertainment.com\/","name":"BBQ Entertainment","description":"BBQ is a great lifestyle, not just fun!","publisher":{"@id":"https:\/\/bbqentertainment.com\/#organization"},"potentialAction":[{"@type":"SearchAction","target":{"@type":"EntryPoint","urlTemplate":"https:\/\/bbqentertainment.com\/?s={search_term_string}"},"query-input":{"@type":"PropertyValueSpecification","valueRequired":true,"valueName":"search_term_string"}}],"inLanguage":"en-US"},{"@type":"Organization","@id":"https:\/\/bbqentertainment.com\/#organization","name":"BBQ Entertainment O\u00dc","url":"https:\/\/bbqentertainment.com\/","logo":{"@type":"ImageObject","inLanguage":"en-US","@id":"https:\/\/bbqentertainment.com\/#\/schema\/logo\/image\/","url":"https:\/\/bbqentertainment.com\/wp-content\/uploads\/2020\/04\/BBQ-Entertainment-N-Catering-Enn-Tobreluts-Logo.png","contentUrl":"https:\/\/bbqentertainment.com\/wp-content\/uploads\/2020\/04\/BBQ-Entertainment-N-Catering-Enn-Tobreluts-Logo.png","width":628,"height":266,"caption":"BBQ Entertainment O\u00dc"},"image":{"@id":"https:\/\/bbqentertainment.com\/#\/schema\/logo\/image\/"},"sameAs":["https:\/\/www.facebook.com\/BBQ-Entertainment-N-Catering-2437913376443540","https:\/\/www.instagram.com\/bbqentertainmentncatering\/","https:\/\/www.youtube.com\/channel\/UCmpuANQVhLy2Md8nrenp2jA"]}]}},"_links":{"self":[{"href":"https:\/\/bbqentertainment.com\/en\/wp-json\/wp\/v2\/product\/246343","targetHints":{"allow":["GET"]}}],"collection":[{"href":"https:\/\/bbqentertainment.com\/en\/wp-json\/wp\/v2\/product"}],"about":[{"href":"https:\/\/bbqentertainment.com\/en\/wp-json\/wp\/v2\/types\/product"}],"wp:featuredmedia":[{"embeddable":true,"href":"https:\/\/bbqentertainment.com\/en\/wp-json\/wp\/v2\/media\/246344"}],"wp:attachment":[{"href":"https:\/\/bbqentertainment.com\/en\/wp-json\/wp\/v2\/media?parent=246343"}],"wp:term":[{"taxonomy":"product_brand","embeddable":true,"href":"https:\/\/bbqentertainment.com\/en\/wp-json\/wp\/v2\/product_brand?post=246343"},{"taxonomy":"product_cat","embeddable":true,"href":"https:\/\/bbqentertainment.com\/en\/wp-json\/wp\/v2\/product_cat?post=246343"},{"taxonomy":"product_tag","embeddable":true,"href":"https:\/\/bbqentertainment.com\/en\/wp-json\/wp\/v2\/product_tag?post=246343"}],"curies":[{"name":"wp","href":"https:\/\/api.w.org\/{rel}","templated":true}]}}