{"id":246377,"date":"2024-03-06T17:50:27","date_gmt":"2024-03-06T15:50:27","guid":{"rendered":"https:\/\/bbqentertainment.com\/?post_type=product&#038;p=246377"},"modified":"2026-03-11T11:15:22","modified_gmt":"2026-03-11T09:15:22","slug":"omberg-asado-gaucho-1200","status":"publish","type":"product","link":"https:\/\/bbqentertainment.com\/en\/toode\/omberg-asado-gaucho-1200\/","title":{"rendered":"Omberg Asado Gaucho 1200 (komplektis riiul ja k\u00e4ru)"},"content":{"rendered":"<p><strong>ASADO GAUCHO 1200<\/strong><\/p>\n<p>See grill p\u00e4rineb Ombergi kaubam\u00e4rgilt ja on valmistatud roostevabast terasest (304 kvaliteet l\u00e4bi ja l\u00f5hki) ning grilli \u00fcmber on tulekindlad tellised. Grill on avatud, k\u00f5rguse reguleeritavate V-kujuliste restidega, mis aitavad koguda grillitavast tilkuvat rasva. Rasv voolab restide pidi ees asuvasse tilgakogujasse, mida on lihtne t\u00fchjendamiseks ja puhastamiseks eemaldada. Resti k\u00f5rgust saab suure ratta abil k\u00fcljel reguleerida, olenevalt sellest, kas soovite grillida kuumalt ja l\u00e4hedalt v\u00f5i pikema aja jooksul kaugemal kuumusest. Restil on ka lukustus, mida ettevaatlikult vabastades saab resti k\u00f5rgust muuta.<\/p>\n","protected":false},"excerpt":{"rendered":"<h3>Omberg Asado Gaucho 1200 (komplektis riiul ja k\u00e4ru)<\/h3>\n<p>Asado Gaucho 1200 on inspireeritud L\u00f5una-Ameerika Asado grillidest. See on t\u00e4iesti unikaalne viis toidu valmistamiseks, kus puidut\u00fckid s\u00fc\u00fcdatakse tulekorvis ja muudetakse s\u00fcteks, mida seej\u00e4rel grillile \u00fcle kantakse, et grillimist alustada! Eriti populaarne on Asadogrillimine Argentinas ja see on t\u00f5epoolest ainulaadne viis liha grillimiseks. T\u00f5eline grill t\u00f5elistele grillikuningatele v\u00f5i grillikuningannadele.<\/p>\n","protected":false},"featured_media":246384,"template":"","meta":{"inline_featured_image":false},"product_brand":[],"product_cat":[17,577,238],"product_tag":[],"class_list":{"0":"post-246377","1":"product","2":"type-product","3":"status-publish","4":"has-post-thumbnail","6":"product_cat-grillid-ja-ahjud","7":"product_cat-omberg-asado-jm-grillid","8":"product_cat-muud-grillid-ja-ahjud","9":"product_shipping_class-ainult-ise-jarele-tulemisega","11":"first","12":"instock","13":"taxable","14":"shipping-taxable","15":"purchasable","16":"product-type-simple"},"yoast_head":"<!-- This site is optimized with the Yoast SEO plugin v27.4 - https:\/\/yoast.com\/product\/yoast-seo-wordpress\/ -->\n<title>Omberg Asado Gaucho 1200 (komplektis riiul ja k\u00e4ru) - BBQ Entertainment<\/title>\n<meta name=\"robots\" content=\"index, follow, max-snippet:-1, max-image-preview:large, max-video-preview:-1\" \/>\n<link rel=\"canonical\" href=\"https:\/\/bbqentertainment.com\/toode\/omberg-asado-gaucho-1200\/\" \/>\n<meta property=\"og:locale\" content=\"en_US\" \/>\n<meta property=\"og:type\" content=\"article\" \/>\n<meta property=\"og:title\" content=\"Omberg Asado Gaucho 1200 (komplektis riiul ja k\u00e4ru) - BBQ Entertainment\" \/>\n<meta property=\"og:description\" content=\"Omberg Asado Gaucho 1200 (komplektis riiul ja k\u00e4ru) Asado Gaucho 1200 on inspireeritud L\u00f5una-Ameerika Asado grillidest. See on t\u00e4iesti unikaalne viis toidu valmistamiseks, kus puidut\u00fckid s\u00fc\u00fcdatakse tulekorvis ja muudetakse s\u00fcteks, mida seej\u00e4rel grillile \u00fcle kantakse, et grillimist alustada! Eriti populaarne on Asadogrillimine Argentinas ja see on t\u00f5epoolest ainulaadne viis liha grillimiseks. T\u00f5eline grill t\u00f5elistele grillikuningatele v\u00f5i grillikuningannadele.\" \/>\n<meta property=\"og:url\" content=\"https:\/\/bbqentertainment.com\/toode\/omberg-asado-gaucho-1200\/\" \/>\n<meta property=\"og:site_name\" content=\"BBQ Entertainment\" \/>\n<meta property=\"article:publisher\" content=\"https:\/\/www.facebook.com\/BBQ-Entertainment-N-Catering-2437913376443540\" \/>\n<meta property=\"article:modified_time\" content=\"2026-03-11T09:15:22+00:00\" \/>\n<meta property=\"og:image\" content=\"https:\/\/bbqentertainment.com\/wp-content\/uploads\/2024\/03\/BBQ-Entertainment-Omberg-Gaucho-1200-5.jpg\" \/>\n\t<meta property=\"og:image:width\" content=\"1145\" \/>\n\t<meta property=\"og:image:height\" content=\"1144\" \/>\n\t<meta property=\"og:image:type\" content=\"image\/jpeg\" \/>\n<meta name=\"twitter:card\" content=\"summary_large_image\" \/>\n<meta name=\"twitter:label1\" content=\"Est. reading time\" \/>\n\t<meta name=\"twitter:data1\" content=\"1 minute\" \/>\n<script type=\"application\/ld+json\" class=\"yoast-schema-graph\">{\"@context\":\"https:\\\/\\\/schema.org\",\"@graph\":[{\"@type\":[\"WebPage\",\"ItemPage\"],\"@id\":\"https:\\\/\\\/bbqentertainment.com\\\/toode\\\/omberg-asado-gaucho-1200\\\/\",\"url\":\"https:\\\/\\\/bbqentertainment.com\\\/toode\\\/omberg-asado-gaucho-1200\\\/\",\"name\":\"Omberg Asado Gaucho 1200 (komplektis riiul ja k\u00e4ru) - BBQ Entertainment\",\"isPartOf\":{\"@id\":\"https:\\\/\\\/bbqentertainment.com\\\/#website\"},\"primaryImageOfPage\":{\"@id\":\"https:\\\/\\\/bbqentertainment.com\\\/toode\\\/omberg-asado-gaucho-1200\\\/#primaryimage\"},\"image\":{\"@id\":\"https:\\\/\\\/bbqentertainment.com\\\/toode\\\/omberg-asado-gaucho-1200\\\/#primaryimage\"},\"thumbnailUrl\":\"https:\\\/\\\/bbqentertainment.com\\\/wp-content\\\/uploads\\\/2024\\\/03\\\/BBQ-Entertainment-Omberg-Gaucho-1200-5.jpg\",\"datePublished\":\"2024-03-06T15:50:27+00:00\",\"dateModified\":\"2026-03-11T09:15:22+00:00\",\"breadcrumb\":{\"@id\":\"https:\\\/\\\/bbqentertainment.com\\\/toode\\\/omberg-asado-gaucho-1200\\\/#breadcrumb\"},\"inLanguage\":\"en-US\",\"potentialAction\":[{\"@type\":\"ReadAction\",\"target\":[\"https:\\\/\\\/bbqentertainment.com\\\/toode\\\/omberg-asado-gaucho-1200\\\/\"]}]},{\"@type\":\"ImageObject\",\"inLanguage\":\"en-US\",\"@id\":\"https:\\\/\\\/bbqentertainment.com\\\/toode\\\/omberg-asado-gaucho-1200\\\/#primaryimage\",\"url\":\"https:\\\/\\\/bbqentertainment.com\\\/wp-content\\\/uploads\\\/2024\\\/03\\\/BBQ-Entertainment-Omberg-Gaucho-1200-5.jpg\",\"contentUrl\":\"https:\\\/\\\/bbqentertainment.com\\\/wp-content\\\/uploads\\\/2024\\\/03\\\/BBQ-Entertainment-Omberg-Gaucho-1200-5.jpg\",\"width\":1145,\"height\":1144},{\"@type\":\"BreadcrumbList\",\"@id\":\"https:\\\/\\\/bbqentertainment.com\\\/toode\\\/omberg-asado-gaucho-1200\\\/#breadcrumb\",\"itemListElement\":[{\"@type\":\"ListItem\",\"position\":1,\"name\":\"AVALEHT\",\"item\":\"https:\\\/\\\/bbqentertainment.com\\\/en\\\/\"},{\"@type\":\"ListItem\",\"position\":2,\"name\":\"Tooted\",\"item\":\"https:\\\/\\\/bbqentertainment.com\\\/tooted\\\/\"},{\"@type\":\"ListItem\",\"position\":3,\"name\":\"Grillid ja ahjud\",\"item\":\"https:\\\/\\\/bbqentertainment.com\\\/tootekategooria\\\/grillid-ja-ahjud\\\/\"},{\"@type\":\"ListItem\",\"position\":4,\"name\":\"OMBERG ASADO JM GRILLID\",\"item\":\"https:\\\/\\\/bbqentertainment.com\\\/tootekategooria\\\/grillid-ja-ahjud\\\/omberg-asado-jm-grillid\\\/\"},{\"@type\":\"ListItem\",\"position\":5,\"name\":\"Omberg Asado Gaucho 1200 (komplektis riiul ja k\u00e4ru)\"}]},{\"@type\":\"WebSite\",\"@id\":\"https:\\\/\\\/bbqentertainment.com\\\/#website\",\"url\":\"https:\\\/\\\/bbqentertainment.com\\\/\",\"name\":\"BBQ Entertainment\",\"description\":\"BBQ is a great lifestyle, not just fun!\",\"publisher\":{\"@id\":\"https:\\\/\\\/bbqentertainment.com\\\/#organization\"},\"potentialAction\":[{\"@type\":\"SearchAction\",\"target\":{\"@type\":\"EntryPoint\",\"urlTemplate\":\"https:\\\/\\\/bbqentertainment.com\\\/?s={search_term_string}\"},\"query-input\":{\"@type\":\"PropertyValueSpecification\",\"valueRequired\":true,\"valueName\":\"search_term_string\"}}],\"inLanguage\":\"en-US\"},{\"@type\":\"Organization\",\"@id\":\"https:\\\/\\\/bbqentertainment.com\\\/#organization\",\"name\":\"BBQ Entertainment O\u00dc\",\"url\":\"https:\\\/\\\/bbqentertainment.com\\\/\",\"logo\":{\"@type\":\"ImageObject\",\"inLanguage\":\"en-US\",\"@id\":\"https:\\\/\\\/bbqentertainment.com\\\/#\\\/schema\\\/logo\\\/image\\\/\",\"url\":\"https:\\\/\\\/bbqentertainment.com\\\/wp-content\\\/uploads\\\/2020\\\/04\\\/BBQ-Entertainment-N-Catering-Enn-Tobreluts-Logo.png\",\"contentUrl\":\"https:\\\/\\\/bbqentertainment.com\\\/wp-content\\\/uploads\\\/2020\\\/04\\\/BBQ-Entertainment-N-Catering-Enn-Tobreluts-Logo.png\",\"width\":628,\"height\":266,\"caption\":\"BBQ Entertainment O\u00dc\"},\"image\":{\"@id\":\"https:\\\/\\\/bbqentertainment.com\\\/#\\\/schema\\\/logo\\\/image\\\/\"},\"sameAs\":[\"https:\\\/\\\/www.facebook.com\\\/BBQ-Entertainment-N-Catering-2437913376443540\",\"https:\\\/\\\/www.instagram.com\\\/bbqentertainmentncatering\\\/\",\"https:\\\/\\\/www.youtube.com\\\/channel\\\/UCmpuANQVhLy2Md8nrenp2jA\"]}]}<\/script>\n<!-- \/ Yoast SEO plugin. -->","yoast_head_json":{"title":"Omberg Asado Gaucho 1200 (komplektis riiul ja k\u00e4ru) - BBQ Entertainment","robots":{"index":"index","follow":"follow","max-snippet":"max-snippet:-1","max-image-preview":"max-image-preview:large","max-video-preview":"max-video-preview:-1"},"canonical":"https:\/\/bbqentertainment.com\/toode\/omberg-asado-gaucho-1200\/","og_locale":"en_US","og_type":"article","og_title":"Omberg Asado Gaucho 1200 (komplektis riiul ja k\u00e4ru) - BBQ Entertainment","og_description":"Omberg Asado Gaucho 1200 (komplektis riiul ja k\u00e4ru) Asado Gaucho 1200 on inspireeritud L\u00f5una-Ameerika Asado grillidest. See on t\u00e4iesti unikaalne viis toidu valmistamiseks, kus puidut\u00fckid s\u00fc\u00fcdatakse tulekorvis ja muudetakse s\u00fcteks, mida seej\u00e4rel grillile \u00fcle kantakse, et grillimist alustada! Eriti populaarne on Asadogrillimine Argentinas ja see on t\u00f5epoolest ainulaadne viis liha grillimiseks. T\u00f5eline grill t\u00f5elistele grillikuningatele v\u00f5i grillikuningannadele.","og_url":"https:\/\/bbqentertainment.com\/toode\/omberg-asado-gaucho-1200\/","og_site_name":"BBQ Entertainment","article_publisher":"https:\/\/www.facebook.com\/BBQ-Entertainment-N-Catering-2437913376443540","article_modified_time":"2026-03-11T09:15:22+00:00","og_image":[{"width":1145,"height":1144,"url":"https:\/\/bbqentertainment.com\/wp-content\/uploads\/2024\/03\/BBQ-Entertainment-Omberg-Gaucho-1200-5.jpg","type":"image\/jpeg"}],"twitter_card":"summary_large_image","twitter_misc":{"Est. reading time":"1 minute"},"schema":{"@context":"https:\/\/schema.org","@graph":[{"@type":["WebPage","ItemPage"],"@id":"https:\/\/bbqentertainment.com\/toode\/omberg-asado-gaucho-1200\/","url":"https:\/\/bbqentertainment.com\/toode\/omberg-asado-gaucho-1200\/","name":"Omberg Asado Gaucho 1200 (komplektis riiul ja k\u00e4ru) - BBQ Entertainment","isPartOf":{"@id":"https:\/\/bbqentertainment.com\/#website"},"primaryImageOfPage":{"@id":"https:\/\/bbqentertainment.com\/toode\/omberg-asado-gaucho-1200\/#primaryimage"},"image":{"@id":"https:\/\/bbqentertainment.com\/toode\/omberg-asado-gaucho-1200\/#primaryimage"},"thumbnailUrl":"https:\/\/bbqentertainment.com\/wp-content\/uploads\/2024\/03\/BBQ-Entertainment-Omberg-Gaucho-1200-5.jpg","datePublished":"2024-03-06T15:50:27+00:00","dateModified":"2026-03-11T09:15:22+00:00","breadcrumb":{"@id":"https:\/\/bbqentertainment.com\/toode\/omberg-asado-gaucho-1200\/#breadcrumb"},"inLanguage":"en-US","potentialAction":[{"@type":"ReadAction","target":["https:\/\/bbqentertainment.com\/toode\/omberg-asado-gaucho-1200\/"]}]},{"@type":"ImageObject","inLanguage":"en-US","@id":"https:\/\/bbqentertainment.com\/toode\/omberg-asado-gaucho-1200\/#primaryimage","url":"https:\/\/bbqentertainment.com\/wp-content\/uploads\/2024\/03\/BBQ-Entertainment-Omberg-Gaucho-1200-5.jpg","contentUrl":"https:\/\/bbqentertainment.com\/wp-content\/uploads\/2024\/03\/BBQ-Entertainment-Omberg-Gaucho-1200-5.jpg","width":1145,"height":1144},{"@type":"BreadcrumbList","@id":"https:\/\/bbqentertainment.com\/toode\/omberg-asado-gaucho-1200\/#breadcrumb","itemListElement":[{"@type":"ListItem","position":1,"name":"AVALEHT","item":"https:\/\/bbqentertainment.com\/en\/"},{"@type":"ListItem","position":2,"name":"Tooted","item":"https:\/\/bbqentertainment.com\/tooted\/"},{"@type":"ListItem","position":3,"name":"Grillid ja ahjud","item":"https:\/\/bbqentertainment.com\/tootekategooria\/grillid-ja-ahjud\/"},{"@type":"ListItem","position":4,"name":"OMBERG ASADO JM GRILLID","item":"https:\/\/bbqentertainment.com\/tootekategooria\/grillid-ja-ahjud\/omberg-asado-jm-grillid\/"},{"@type":"ListItem","position":5,"name":"Omberg Asado Gaucho 1200 (komplektis riiul ja k\u00e4ru)"}]},{"@type":"WebSite","@id":"https:\/\/bbqentertainment.com\/#website","url":"https:\/\/bbqentertainment.com\/","name":"BBQ Entertainment","description":"BBQ is a great lifestyle, not just fun!","publisher":{"@id":"https:\/\/bbqentertainment.com\/#organization"},"potentialAction":[{"@type":"SearchAction","target":{"@type":"EntryPoint","urlTemplate":"https:\/\/bbqentertainment.com\/?s={search_term_string}"},"query-input":{"@type":"PropertyValueSpecification","valueRequired":true,"valueName":"search_term_string"}}],"inLanguage":"en-US"},{"@type":"Organization","@id":"https:\/\/bbqentertainment.com\/#organization","name":"BBQ Entertainment O\u00dc","url":"https:\/\/bbqentertainment.com\/","logo":{"@type":"ImageObject","inLanguage":"en-US","@id":"https:\/\/bbqentertainment.com\/#\/schema\/logo\/image\/","url":"https:\/\/bbqentertainment.com\/wp-content\/uploads\/2020\/04\/BBQ-Entertainment-N-Catering-Enn-Tobreluts-Logo.png","contentUrl":"https:\/\/bbqentertainment.com\/wp-content\/uploads\/2020\/04\/BBQ-Entertainment-N-Catering-Enn-Tobreluts-Logo.png","width":628,"height":266,"caption":"BBQ Entertainment O\u00dc"},"image":{"@id":"https:\/\/bbqentertainment.com\/#\/schema\/logo\/image\/"},"sameAs":["https:\/\/www.facebook.com\/BBQ-Entertainment-N-Catering-2437913376443540","https:\/\/www.instagram.com\/bbqentertainmentncatering\/","https:\/\/www.youtube.com\/channel\/UCmpuANQVhLy2Md8nrenp2jA"]}]}},"_links":{"self":[{"href":"https:\/\/bbqentertainment.com\/en\/wp-json\/wp\/v2\/product\/246377","targetHints":{"allow":["GET"]}}],"collection":[{"href":"https:\/\/bbqentertainment.com\/en\/wp-json\/wp\/v2\/product"}],"about":[{"href":"https:\/\/bbqentertainment.com\/en\/wp-json\/wp\/v2\/types\/product"}],"wp:featuredmedia":[{"embeddable":true,"href":"https:\/\/bbqentertainment.com\/en\/wp-json\/wp\/v2\/media\/246384"}],"wp:attachment":[{"href":"https:\/\/bbqentertainment.com\/en\/wp-json\/wp\/v2\/media?parent=246377"}],"wp:term":[{"taxonomy":"product_brand","embeddable":true,"href":"https:\/\/bbqentertainment.com\/en\/wp-json\/wp\/v2\/product_brand?post=246377"},{"taxonomy":"product_cat","embeddable":true,"href":"https:\/\/bbqentertainment.com\/en\/wp-json\/wp\/v2\/product_cat?post=246377"},{"taxonomy":"product_tag","embeddable":true,"href":"https:\/\/bbqentertainment.com\/en\/wp-json\/wp\/v2\/product_tag?post=246377"}],"curies":[{"name":"wp","href":"https:\/\/api.w.org\/{rel}","templated":true}]}}