{"id":246398,"date":"2024-03-06T17:56:15","date_gmt":"2024-03-06T15:56:15","guid":{"rendered":"https:\/\/bbqentertainment.com\/?post_type=product&#038;p=246398"},"modified":"2026-03-11T11:14:18","modified_gmt":"2026-03-11T09:14:18","slug":"omberg-asado-gaucho-800-komplektis-riiul-ja-karu","status":"publish","type":"product","link":"https:\/\/bbqentertainment.com\/en\/toode\/omberg-asado-gaucho-800-komplektis-riiul-ja-karu\/","title":{"rendered":"Omberg Asado Gaucho 800 (komplektis riiul ja k\u00e4ru)"},"content":{"rendered":"<p><strong>Omberg Asado Gaucho 800 <\/strong>on s\u00fcvistatav grill, mis v\u00f5imaldab luua oma v\u00e4listingimuste jaoks unikaalse grillimiskeskkonna. Valmistatud t\u00e4ielikult roostevabast terasest, pakub see grill v\u00f5imalust reguleerida grillresti k\u00f5rgust vastavalt sellele, kuidas soovite toitu valmistada. V-kujulised grillrestid on disainitud nii, et need koguvad efektiivselt \u00fcles grillitavast eralduva rasva, mis seej\u00e4rel voolab alla spetsiaalsetesse anumatesse.<\/p>\n<p>Asado grillimine t\u00e4hendab hispaania keeles grillimist v\u00f5i grillpidu ning seda v\u00f5rreldakse tihti Ameerika &#8220;barbecue&#8217;ga&#8221;. Asado on ennek\u00f5ike L\u00f5una-Ameerikast p\u00e4rit viis toidu valmistamiseks avatud tulel, pakkudes suurep\u00e4rast v\u00f5imalust veeta aega pere ja s\u00f5pradega. Grillimisel keskendutakse tavaliselt lihale, mis valmistatakse madalamal temperatuuril pikema aja jooksul, et esile tuua parim maitse, kasutades selleks puitu v\u00f5i s\u00fctt.<\/p>\n<p>Ombergi Asado-seeria on Parilla-t\u00fc\u00fcpi grill, mille k\u00f5rgust saab reguleerida. See v\u00f5imaldab grillida nii otsese kui ka kaudse kuumusega, reguleerides resti k\u00f5rgust s\u00fcte suhtes. Grilliga kaasas olev brassero v\u00f5imaldab teil alustada suurep\u00e4rast l\u00f5ket enne s\u00fcte grillile \u00fclekandmist. Lisaks pakub see grill v\u00f5imalust kasutada p\u00f6\u00f6rlevat varda (rotisserie), mis on saadaval eraldi, ning tugevaid lihakonkse, mis laiendavad veelgi grillimisv\u00f5imalusi.<\/p>\n<p>See grill mitte ainult ei laienda teie toiduvalmistamise v\u00f5imalusi, vaid annab ka v\u00f5imaluse kujundada oma v\u00e4listingimustes grillimise ala just nii, nagu ise soovite.<\/p>\n","protected":false},"excerpt":{"rendered":"<h3><strong>Omberg Asado Gaucho 800<\/strong><\/h3>\n<p>See on L\u00f5una-Ameerika stiilis grill, mis on loodud spetsiaalselt suurte lihakoguste grillimiseks, pakkudes laia grillimispinda. Grill on inspireeritud traditsioonilisest Asado grillimisest, mida hinnatakse k\u00f5rgelt Argentinas, Uruguays, Paraguays, T\u0161iilis ning L\u00f5una-Brasiilias.<\/p>\n","protected":false},"featured_media":246571,"template":"","meta":{"inline_featured_image":false},"product_brand":[],"product_cat":[17,577,238],"product_tag":[],"class_list":{"0":"post-246398","1":"product","2":"type-product","3":"status-publish","4":"has-post-thumbnail","6":"product_cat-grillid-ja-ahjud","7":"product_cat-omberg-asado-jm-grillid","8":"product_cat-muud-grillid-ja-ahjud","9":"product_shipping_class-ainult-ise-jarele-tulemisega","11":"first","12":"instock","13":"taxable","14":"shipping-taxable","15":"purchasable","16":"product-type-simple"},"yoast_head":"<!-- This site is optimized with the Yoast SEO plugin v27.4 - https:\/\/yoast.com\/product\/yoast-seo-wordpress\/ -->\n<title>Omberg Asado Gaucho 800 (komplektis riiul ja k\u00e4ru) - BBQ Entertainment<\/title>\n<meta name=\"robots\" content=\"index, follow, max-snippet:-1, max-image-preview:large, max-video-preview:-1\" \/>\n<link rel=\"canonical\" href=\"https:\/\/bbqentertainment.com\/toode\/omberg-asado-gaucho-800-komplektis-riiul-ja-karu\/\" \/>\n<meta property=\"og:locale\" content=\"en_US\" \/>\n<meta property=\"og:type\" content=\"article\" \/>\n<meta property=\"og:title\" content=\"Omberg Asado Gaucho 800 (komplektis riiul ja k\u00e4ru) - BBQ Entertainment\" \/>\n<meta property=\"og:description\" content=\"Omberg Asado Gaucho 800 See on L\u00f5una-Ameerika stiilis grill, mis on loodud spetsiaalselt suurte lihakoguste grillimiseks, pakkudes laia grillimispinda. Grill on inspireeritud traditsioonilisest Asado grillimisest, mida hinnatakse k\u00f5rgelt Argentinas, Uruguays, Paraguays, T\u0161iilis ning L\u00f5una-Brasiilias.\" \/>\n<meta property=\"og:url\" content=\"https:\/\/bbqentertainment.com\/toode\/omberg-asado-gaucho-800-komplektis-riiul-ja-karu\/\" \/>\n<meta property=\"og:site_name\" content=\"BBQ Entertainment\" \/>\n<meta property=\"article:publisher\" content=\"https:\/\/www.facebook.com\/BBQ-Entertainment-N-Catering-2437913376443540\" \/>\n<meta property=\"article:modified_time\" content=\"2026-03-11T09:14:18+00:00\" \/>\n<meta property=\"og:image\" content=\"https:\/\/bbqentertainment.com\/wp-content\/uploads\/2024\/03\/BBQ-Entertainment-OU-7350133240914-OMB-K01140-Omberg-Asado-Gaucho-800-komplektis-riiul-ja-karu.jpg\" \/>\n\t<meta property=\"og:image:width\" content=\"1200\" \/>\n\t<meta property=\"og:image:height\" content=\"1200\" \/>\n\t<meta property=\"og:image:type\" content=\"image\/jpeg\" \/>\n<meta name=\"twitter:card\" content=\"summary_large_image\" \/>\n<meta name=\"twitter:label1\" content=\"Est. reading time\" \/>\n\t<meta name=\"twitter:data1\" content=\"2 minutes\" \/>\n<script type=\"application\/ld+json\" class=\"yoast-schema-graph\">{\"@context\":\"https:\\\/\\\/schema.org\",\"@graph\":[{\"@type\":[\"WebPage\",\"ItemPage\"],\"@id\":\"https:\\\/\\\/bbqentertainment.com\\\/toode\\\/omberg-asado-gaucho-800-komplektis-riiul-ja-karu\\\/\",\"url\":\"https:\\\/\\\/bbqentertainment.com\\\/toode\\\/omberg-asado-gaucho-800-komplektis-riiul-ja-karu\\\/\",\"name\":\"Omberg Asado Gaucho 800 (komplektis riiul ja k\u00e4ru) - BBQ Entertainment\",\"isPartOf\":{\"@id\":\"https:\\\/\\\/bbqentertainment.com\\\/#website\"},\"primaryImageOfPage\":{\"@id\":\"https:\\\/\\\/bbqentertainment.com\\\/toode\\\/omberg-asado-gaucho-800-komplektis-riiul-ja-karu\\\/#primaryimage\"},\"image\":{\"@id\":\"https:\\\/\\\/bbqentertainment.com\\\/toode\\\/omberg-asado-gaucho-800-komplektis-riiul-ja-karu\\\/#primaryimage\"},\"thumbnailUrl\":\"https:\\\/\\\/bbqentertainment.com\\\/wp-content\\\/uploads\\\/2024\\\/03\\\/BBQ-Entertainment-OU-7350133240914-OMB-K01140-Omberg-Asado-Gaucho-800-komplektis-riiul-ja-karu.jpg\",\"datePublished\":\"2024-03-06T15:56:15+00:00\",\"dateModified\":\"2026-03-11T09:14:18+00:00\",\"breadcrumb\":{\"@id\":\"https:\\\/\\\/bbqentertainment.com\\\/toode\\\/omberg-asado-gaucho-800-komplektis-riiul-ja-karu\\\/#breadcrumb\"},\"inLanguage\":\"en-US\",\"potentialAction\":[{\"@type\":\"ReadAction\",\"target\":[\"https:\\\/\\\/bbqentertainment.com\\\/toode\\\/omberg-asado-gaucho-800-komplektis-riiul-ja-karu\\\/\"]}]},{\"@type\":\"ImageObject\",\"inLanguage\":\"en-US\",\"@id\":\"https:\\\/\\\/bbqentertainment.com\\\/toode\\\/omberg-asado-gaucho-800-komplektis-riiul-ja-karu\\\/#primaryimage\",\"url\":\"https:\\\/\\\/bbqentertainment.com\\\/wp-content\\\/uploads\\\/2024\\\/03\\\/BBQ-Entertainment-OU-7350133240914-OMB-K01140-Omberg-Asado-Gaucho-800-komplektis-riiul-ja-karu.jpg\",\"contentUrl\":\"https:\\\/\\\/bbqentertainment.com\\\/wp-content\\\/uploads\\\/2024\\\/03\\\/BBQ-Entertainment-OU-7350133240914-OMB-K01140-Omberg-Asado-Gaucho-800-komplektis-riiul-ja-karu.jpg\",\"width\":1200,\"height\":1200},{\"@type\":\"BreadcrumbList\",\"@id\":\"https:\\\/\\\/bbqentertainment.com\\\/toode\\\/omberg-asado-gaucho-800-komplektis-riiul-ja-karu\\\/#breadcrumb\",\"itemListElement\":[{\"@type\":\"ListItem\",\"position\":1,\"name\":\"AVALEHT\",\"item\":\"https:\\\/\\\/bbqentertainment.com\\\/en\\\/\"},{\"@type\":\"ListItem\",\"position\":2,\"name\":\"Tooted\",\"item\":\"https:\\\/\\\/bbqentertainment.com\\\/tooted\\\/\"},{\"@type\":\"ListItem\",\"position\":3,\"name\":\"Grillid ja ahjud\",\"item\":\"https:\\\/\\\/bbqentertainment.com\\\/tootekategooria\\\/grillid-ja-ahjud\\\/\"},{\"@type\":\"ListItem\",\"position\":4,\"name\":\"OMBERG ASADO JM GRILLID\",\"item\":\"https:\\\/\\\/bbqentertainment.com\\\/tootekategooria\\\/grillid-ja-ahjud\\\/omberg-asado-jm-grillid\\\/\"},{\"@type\":\"ListItem\",\"position\":5,\"name\":\"Omberg Asado Gaucho 800 (komplektis riiul ja k\u00e4ru)\"}]},{\"@type\":\"WebSite\",\"@id\":\"https:\\\/\\\/bbqentertainment.com\\\/#website\",\"url\":\"https:\\\/\\\/bbqentertainment.com\\\/\",\"name\":\"BBQ Entertainment\",\"description\":\"BBQ is a great lifestyle, not just fun!\",\"publisher\":{\"@id\":\"https:\\\/\\\/bbqentertainment.com\\\/#organization\"},\"potentialAction\":[{\"@type\":\"SearchAction\",\"target\":{\"@type\":\"EntryPoint\",\"urlTemplate\":\"https:\\\/\\\/bbqentertainment.com\\\/?s={search_term_string}\"},\"query-input\":{\"@type\":\"PropertyValueSpecification\",\"valueRequired\":true,\"valueName\":\"search_term_string\"}}],\"inLanguage\":\"en-US\"},{\"@type\":\"Organization\",\"@id\":\"https:\\\/\\\/bbqentertainment.com\\\/#organization\",\"name\":\"BBQ Entertainment O\u00dc\",\"url\":\"https:\\\/\\\/bbqentertainment.com\\\/\",\"logo\":{\"@type\":\"ImageObject\",\"inLanguage\":\"en-US\",\"@id\":\"https:\\\/\\\/bbqentertainment.com\\\/#\\\/schema\\\/logo\\\/image\\\/\",\"url\":\"https:\\\/\\\/bbqentertainment.com\\\/wp-content\\\/uploads\\\/2020\\\/04\\\/BBQ-Entertainment-N-Catering-Enn-Tobreluts-Logo.png\",\"contentUrl\":\"https:\\\/\\\/bbqentertainment.com\\\/wp-content\\\/uploads\\\/2020\\\/04\\\/BBQ-Entertainment-N-Catering-Enn-Tobreluts-Logo.png\",\"width\":628,\"height\":266,\"caption\":\"BBQ Entertainment O\u00dc\"},\"image\":{\"@id\":\"https:\\\/\\\/bbqentertainment.com\\\/#\\\/schema\\\/logo\\\/image\\\/\"},\"sameAs\":[\"https:\\\/\\\/www.facebook.com\\\/BBQ-Entertainment-N-Catering-2437913376443540\",\"https:\\\/\\\/www.instagram.com\\\/bbqentertainmentncatering\\\/\",\"https:\\\/\\\/www.youtube.com\\\/channel\\\/UCmpuANQVhLy2Md8nrenp2jA\"]}]}<\/script>\n<!-- \/ Yoast SEO plugin. -->","yoast_head_json":{"title":"Omberg Asado Gaucho 800 (komplektis riiul ja k\u00e4ru) - BBQ Entertainment","robots":{"index":"index","follow":"follow","max-snippet":"max-snippet:-1","max-image-preview":"max-image-preview:large","max-video-preview":"max-video-preview:-1"},"canonical":"https:\/\/bbqentertainment.com\/toode\/omberg-asado-gaucho-800-komplektis-riiul-ja-karu\/","og_locale":"en_US","og_type":"article","og_title":"Omberg Asado Gaucho 800 (komplektis riiul ja k\u00e4ru) - BBQ Entertainment","og_description":"Omberg Asado Gaucho 800 See on L\u00f5una-Ameerika stiilis grill, mis on loodud spetsiaalselt suurte lihakoguste grillimiseks, pakkudes laia grillimispinda. Grill on inspireeritud traditsioonilisest Asado grillimisest, mida hinnatakse k\u00f5rgelt Argentinas, Uruguays, Paraguays, T\u0161iilis ning L\u00f5una-Brasiilias.","og_url":"https:\/\/bbqentertainment.com\/toode\/omberg-asado-gaucho-800-komplektis-riiul-ja-karu\/","og_site_name":"BBQ Entertainment","article_publisher":"https:\/\/www.facebook.com\/BBQ-Entertainment-N-Catering-2437913376443540","article_modified_time":"2026-03-11T09:14:18+00:00","og_image":[{"width":1200,"height":1200,"url":"https:\/\/bbqentertainment.com\/wp-content\/uploads\/2024\/03\/BBQ-Entertainment-OU-7350133240914-OMB-K01140-Omberg-Asado-Gaucho-800-komplektis-riiul-ja-karu.jpg","type":"image\/jpeg"}],"twitter_card":"summary_large_image","twitter_misc":{"Est. reading time":"2 minutes"},"schema":{"@context":"https:\/\/schema.org","@graph":[{"@type":["WebPage","ItemPage"],"@id":"https:\/\/bbqentertainment.com\/toode\/omberg-asado-gaucho-800-komplektis-riiul-ja-karu\/","url":"https:\/\/bbqentertainment.com\/toode\/omberg-asado-gaucho-800-komplektis-riiul-ja-karu\/","name":"Omberg Asado Gaucho 800 (komplektis riiul ja k\u00e4ru) - BBQ Entertainment","isPartOf":{"@id":"https:\/\/bbqentertainment.com\/#website"},"primaryImageOfPage":{"@id":"https:\/\/bbqentertainment.com\/toode\/omberg-asado-gaucho-800-komplektis-riiul-ja-karu\/#primaryimage"},"image":{"@id":"https:\/\/bbqentertainment.com\/toode\/omberg-asado-gaucho-800-komplektis-riiul-ja-karu\/#primaryimage"},"thumbnailUrl":"https:\/\/bbqentertainment.com\/wp-content\/uploads\/2024\/03\/BBQ-Entertainment-OU-7350133240914-OMB-K01140-Omberg-Asado-Gaucho-800-komplektis-riiul-ja-karu.jpg","datePublished":"2024-03-06T15:56:15+00:00","dateModified":"2026-03-11T09:14:18+00:00","breadcrumb":{"@id":"https:\/\/bbqentertainment.com\/toode\/omberg-asado-gaucho-800-komplektis-riiul-ja-karu\/#breadcrumb"},"inLanguage":"en-US","potentialAction":[{"@type":"ReadAction","target":["https:\/\/bbqentertainment.com\/toode\/omberg-asado-gaucho-800-komplektis-riiul-ja-karu\/"]}]},{"@type":"ImageObject","inLanguage":"en-US","@id":"https:\/\/bbqentertainment.com\/toode\/omberg-asado-gaucho-800-komplektis-riiul-ja-karu\/#primaryimage","url":"https:\/\/bbqentertainment.com\/wp-content\/uploads\/2024\/03\/BBQ-Entertainment-OU-7350133240914-OMB-K01140-Omberg-Asado-Gaucho-800-komplektis-riiul-ja-karu.jpg","contentUrl":"https:\/\/bbqentertainment.com\/wp-content\/uploads\/2024\/03\/BBQ-Entertainment-OU-7350133240914-OMB-K01140-Omberg-Asado-Gaucho-800-komplektis-riiul-ja-karu.jpg","width":1200,"height":1200},{"@type":"BreadcrumbList","@id":"https:\/\/bbqentertainment.com\/toode\/omberg-asado-gaucho-800-komplektis-riiul-ja-karu\/#breadcrumb","itemListElement":[{"@type":"ListItem","position":1,"name":"AVALEHT","item":"https:\/\/bbqentertainment.com\/en\/"},{"@type":"ListItem","position":2,"name":"Tooted","item":"https:\/\/bbqentertainment.com\/tooted\/"},{"@type":"ListItem","position":3,"name":"Grillid ja ahjud","item":"https:\/\/bbqentertainment.com\/tootekategooria\/grillid-ja-ahjud\/"},{"@type":"ListItem","position":4,"name":"OMBERG ASADO JM GRILLID","item":"https:\/\/bbqentertainment.com\/tootekategooria\/grillid-ja-ahjud\/omberg-asado-jm-grillid\/"},{"@type":"ListItem","position":5,"name":"Omberg Asado Gaucho 800 (komplektis riiul ja k\u00e4ru)"}]},{"@type":"WebSite","@id":"https:\/\/bbqentertainment.com\/#website","url":"https:\/\/bbqentertainment.com\/","name":"BBQ Entertainment","description":"BBQ is a great lifestyle, not just fun!","publisher":{"@id":"https:\/\/bbqentertainment.com\/#organization"},"potentialAction":[{"@type":"SearchAction","target":{"@type":"EntryPoint","urlTemplate":"https:\/\/bbqentertainment.com\/?s={search_term_string}"},"query-input":{"@type":"PropertyValueSpecification","valueRequired":true,"valueName":"search_term_string"}}],"inLanguage":"en-US"},{"@type":"Organization","@id":"https:\/\/bbqentertainment.com\/#organization","name":"BBQ Entertainment O\u00dc","url":"https:\/\/bbqentertainment.com\/","logo":{"@type":"ImageObject","inLanguage":"en-US","@id":"https:\/\/bbqentertainment.com\/#\/schema\/logo\/image\/","url":"https:\/\/bbqentertainment.com\/wp-content\/uploads\/2020\/04\/BBQ-Entertainment-N-Catering-Enn-Tobreluts-Logo.png","contentUrl":"https:\/\/bbqentertainment.com\/wp-content\/uploads\/2020\/04\/BBQ-Entertainment-N-Catering-Enn-Tobreluts-Logo.png","width":628,"height":266,"caption":"BBQ Entertainment O\u00dc"},"image":{"@id":"https:\/\/bbqentertainment.com\/#\/schema\/logo\/image\/"},"sameAs":["https:\/\/www.facebook.com\/BBQ-Entertainment-N-Catering-2437913376443540","https:\/\/www.instagram.com\/bbqentertainmentncatering\/","https:\/\/www.youtube.com\/channel\/UCmpuANQVhLy2Md8nrenp2jA"]}]}},"_links":{"self":[{"href":"https:\/\/bbqentertainment.com\/en\/wp-json\/wp\/v2\/product\/246398","targetHints":{"allow":["GET"]}}],"collection":[{"href":"https:\/\/bbqentertainment.com\/en\/wp-json\/wp\/v2\/product"}],"about":[{"href":"https:\/\/bbqentertainment.com\/en\/wp-json\/wp\/v2\/types\/product"}],"wp:featuredmedia":[{"embeddable":true,"href":"https:\/\/bbqentertainment.com\/en\/wp-json\/wp\/v2\/media\/246571"}],"wp:attachment":[{"href":"https:\/\/bbqentertainment.com\/en\/wp-json\/wp\/v2\/media?parent=246398"}],"wp:term":[{"taxonomy":"product_brand","embeddable":true,"href":"https:\/\/bbqentertainment.com\/en\/wp-json\/wp\/v2\/product_brand?post=246398"},{"taxonomy":"product_cat","embeddable":true,"href":"https:\/\/bbqentertainment.com\/en\/wp-json\/wp\/v2\/product_cat?post=246398"},{"taxonomy":"product_tag","embeddable":true,"href":"https:\/\/bbqentertainment.com\/en\/wp-json\/wp\/v2\/product_tag?post=246398"}],"curies":[{"name":"wp","href":"https:\/\/api.w.org\/{rel}","templated":true}]}}