{"id":246413,"date":"2024-03-06T18:00:38","date_gmt":"2024-03-06T16:00:38","guid":{"rendered":"https:\/\/bbqentertainment.com\/?post_type=product&#038;p=246413"},"modified":"2026-03-11T11:15:43","modified_gmt":"2026-03-11T09:15:43","slug":"omberg-asado-gaucho-xxl-komplektis-riiul-ja-karu","status":"publish","type":"product","link":"https:\/\/bbqentertainment.com\/en\/toode\/omberg-asado-gaucho-xxl-komplektis-riiul-ja-karu\/","title":{"rendered":"Omberg Asado Gaucho XXL (komplektis riiul ja k\u00e4ru)"},"content":{"rendered":"<p><strong>Omberg Asado Gaucho XXL<\/strong> on inspireeritud L\u00f5una-Ameerika Asado grillidest ja pakub unikaalset viisi toidu valmistamiseks. S\u00fc\u00fcdatakse puidut\u00fckid tulekorvis, mis muudetakse s\u00fcteks ja seej\u00e4rel viiakse grillile, et alustada grillimisega. Grillil on keskel asuv brasserot, kus puidut\u00fckid s\u00fc\u00fcdatakse ja muutuvad s\u00fcteks, ning m\u00f5lemal k\u00fcljel identne grilliosa k\u00f5rguse reguleeritava grillresti ja avatava luugiga, mille kaudu saab puid v\u00f5i s\u00fctt lisada.<\/p>\n<p>Asado Gaucho XXL eristub tugevate V-kujuliste grillrestidega, mis juhivad liha rasva ja mahlad kogumisalustele, mida saab kasutada liha m\u00e4\u00e4rimiseks. Grillimine Asado stiilis on L\u00f5una-Ameerikas v\u00e4ga populaarne ning pakub unikaalset ja autentset viisi liha grillimiseks. See on t\u00f5eline grill t\u00f5elistele grillikuningatele v\u00f5i -kuningannadele.<\/p>\n<p>Valmistatud 304 kvaliteediga roostevabast terasest ja \u00fcmbritsetud tulekindlate tellistega, on grill avatud kujundusega, millel on k\u00f5rguse reguleeritavad V-kujulised grillrestid, mis aitavad koguda grillitavast rasva. Rasv voolab restide pidi alla ees asuvasse kogumisalusesse, mida on lihtne puhastamiseks ja t\u00fchjendamiseks eemaldada. Grillresti k\u00f5rgust saab suure k\u00fcljel asuva rattaga reguleerida, et valida, kas grillida kuumalt ja l\u00e4hedalt v\u00f5i aeglasemalt ja kaugemalt kuumusest. Restil on ka lukustus, mida saab ettevaatlikult reguleerida, et resti k\u00f5rgust muuta.<\/p>\n","protected":false},"excerpt":{"rendered":"<h3><strong>Omberg Asado Gaucho XXL (komplektis riiul ja k\u00e4ru)<\/strong><\/h3>\n<p>Argentiina stiilis Asado grill kahe grillimisalaga, mis pakub enamat kui lihtsalt grillimist; see on toiduvalmistamise, elustiili ja \u00f5ues kokkamise armastuse v\u00e4ljendus. Grilli nii puidu kui s\u00f6ega, lastes toidul aeglaselt t\u00e4iuslikuks muutuda.<\/p>\n","protected":false},"featured_media":246599,"template":"","meta":{"inline_featured_image":false},"product_brand":[],"product_cat":[17,577,238],"product_tag":[],"class_list":{"0":"post-246413","1":"product","2":"type-product","3":"status-publish","4":"has-post-thumbnail","6":"product_cat-grillid-ja-ahjud","7":"product_cat-omberg-asado-jm-grillid","8":"product_cat-muud-grillid-ja-ahjud","9":"product_shipping_class-ainult-ise-jarele-tulemisega","11":"first","12":"instock","13":"taxable","14":"shipping-taxable","15":"purchasable","16":"product-type-simple"},"yoast_head":"<!-- This site is optimized with the Yoast SEO plugin v27.4 - https:\/\/yoast.com\/product\/yoast-seo-wordpress\/ -->\n<title>Omberg Asado Gaucho XXL (komplektis riiul ja k\u00e4ru) - BBQ Entertainment<\/title>\n<meta name=\"robots\" content=\"index, follow, max-snippet:-1, max-image-preview:large, max-video-preview:-1\" \/>\n<link rel=\"canonical\" href=\"https:\/\/bbqentertainment.com\/toode\/omberg-asado-gaucho-xxl-komplektis-riiul-ja-karu\/\" \/>\n<meta property=\"og:locale\" content=\"en_US\" \/>\n<meta property=\"og:type\" content=\"article\" \/>\n<meta property=\"og:title\" content=\"Omberg Asado Gaucho XXL (komplektis riiul ja k\u00e4ru) - BBQ Entertainment\" \/>\n<meta property=\"og:description\" content=\"Omberg Asado Gaucho XXL (komplektis riiul ja k\u00e4ru) Argentiina stiilis Asado grill kahe grillimisalaga, mis pakub enamat kui lihtsalt grillimist; see on toiduvalmistamise, elustiili ja \u00f5ues kokkamise armastuse v\u00e4ljendus. Grilli nii puidu kui s\u00f6ega, lastes toidul aeglaselt t\u00e4iuslikuks muutuda.\" \/>\n<meta property=\"og:url\" content=\"https:\/\/bbqentertainment.com\/toode\/omberg-asado-gaucho-xxl-komplektis-riiul-ja-karu\/\" \/>\n<meta property=\"og:site_name\" content=\"BBQ Entertainment\" \/>\n<meta property=\"article:publisher\" content=\"https:\/\/www.facebook.com\/BBQ-Entertainment-N-Catering-2437913376443540\" \/>\n<meta property=\"article:modified_time\" content=\"2026-03-11T09:15:43+00:00\" \/>\n<meta property=\"og:image\" content=\"https:\/\/bbqentertainment.com\/wp-content\/uploads\/2024\/03\/Omberg-Asado-Gaucho-XXL-komplektis-riiul-ja-karu.jpg\" \/>\n\t<meta property=\"og:image:width\" content=\"1200\" \/>\n\t<meta property=\"og:image:height\" content=\"1200\" \/>\n\t<meta property=\"og:image:type\" content=\"image\/jpeg\" \/>\n<meta name=\"twitter:card\" content=\"summary_large_image\" \/>\n<meta name=\"twitter:label1\" content=\"Est. reading time\" \/>\n\t<meta name=\"twitter:data1\" content=\"2 minutes\" \/>\n<script type=\"application\/ld+json\" class=\"yoast-schema-graph\">{\"@context\":\"https:\\\/\\\/schema.org\",\"@graph\":[{\"@type\":[\"WebPage\",\"ItemPage\"],\"@id\":\"https:\\\/\\\/bbqentertainment.com\\\/toode\\\/omberg-asado-gaucho-xxl-komplektis-riiul-ja-karu\\\/\",\"url\":\"https:\\\/\\\/bbqentertainment.com\\\/toode\\\/omberg-asado-gaucho-xxl-komplektis-riiul-ja-karu\\\/\",\"name\":\"Omberg Asado Gaucho XXL (komplektis riiul ja k\u00e4ru) - BBQ Entertainment\",\"isPartOf\":{\"@id\":\"https:\\\/\\\/bbqentertainment.com\\\/#website\"},\"primaryImageOfPage\":{\"@id\":\"https:\\\/\\\/bbqentertainment.com\\\/toode\\\/omberg-asado-gaucho-xxl-komplektis-riiul-ja-karu\\\/#primaryimage\"},\"image\":{\"@id\":\"https:\\\/\\\/bbqentertainment.com\\\/toode\\\/omberg-asado-gaucho-xxl-komplektis-riiul-ja-karu\\\/#primaryimage\"},\"thumbnailUrl\":\"https:\\\/\\\/bbqentertainment.com\\\/wp-content\\\/uploads\\\/2024\\\/03\\\/Omberg-Asado-Gaucho-XXL-komplektis-riiul-ja-karu.jpg\",\"datePublished\":\"2024-03-06T16:00:38+00:00\",\"dateModified\":\"2026-03-11T09:15:43+00:00\",\"breadcrumb\":{\"@id\":\"https:\\\/\\\/bbqentertainment.com\\\/toode\\\/omberg-asado-gaucho-xxl-komplektis-riiul-ja-karu\\\/#breadcrumb\"},\"inLanguage\":\"en-US\",\"potentialAction\":[{\"@type\":\"ReadAction\",\"target\":[\"https:\\\/\\\/bbqentertainment.com\\\/toode\\\/omberg-asado-gaucho-xxl-komplektis-riiul-ja-karu\\\/\"]}]},{\"@type\":\"ImageObject\",\"inLanguage\":\"en-US\",\"@id\":\"https:\\\/\\\/bbqentertainment.com\\\/toode\\\/omberg-asado-gaucho-xxl-komplektis-riiul-ja-karu\\\/#primaryimage\",\"url\":\"https:\\\/\\\/bbqentertainment.com\\\/wp-content\\\/uploads\\\/2024\\\/03\\\/Omberg-Asado-Gaucho-XXL-komplektis-riiul-ja-karu.jpg\",\"contentUrl\":\"https:\\\/\\\/bbqentertainment.com\\\/wp-content\\\/uploads\\\/2024\\\/03\\\/Omberg-Asado-Gaucho-XXL-komplektis-riiul-ja-karu.jpg\",\"width\":1200,\"height\":1200},{\"@type\":\"BreadcrumbList\",\"@id\":\"https:\\\/\\\/bbqentertainment.com\\\/toode\\\/omberg-asado-gaucho-xxl-komplektis-riiul-ja-karu\\\/#breadcrumb\",\"itemListElement\":[{\"@type\":\"ListItem\",\"position\":1,\"name\":\"AVALEHT\",\"item\":\"https:\\\/\\\/bbqentertainment.com\\\/en\\\/\"},{\"@type\":\"ListItem\",\"position\":2,\"name\":\"Tooted\",\"item\":\"https:\\\/\\\/bbqentertainment.com\\\/tooted\\\/\"},{\"@type\":\"ListItem\",\"position\":3,\"name\":\"Grillid ja ahjud\",\"item\":\"https:\\\/\\\/bbqentertainment.com\\\/tootekategooria\\\/grillid-ja-ahjud\\\/\"},{\"@type\":\"ListItem\",\"position\":4,\"name\":\"OMBERG ASADO JM GRILLID\",\"item\":\"https:\\\/\\\/bbqentertainment.com\\\/tootekategooria\\\/grillid-ja-ahjud\\\/omberg-asado-jm-grillid\\\/\"},{\"@type\":\"ListItem\",\"position\":5,\"name\":\"Omberg Asado Gaucho XXL (komplektis riiul ja k\u00e4ru)\"}]},{\"@type\":\"WebSite\",\"@id\":\"https:\\\/\\\/bbqentertainment.com\\\/#website\",\"url\":\"https:\\\/\\\/bbqentertainment.com\\\/\",\"name\":\"BBQ Entertainment\",\"description\":\"BBQ is a great lifestyle, not just fun!\",\"publisher\":{\"@id\":\"https:\\\/\\\/bbqentertainment.com\\\/#organization\"},\"potentialAction\":[{\"@type\":\"SearchAction\",\"target\":{\"@type\":\"EntryPoint\",\"urlTemplate\":\"https:\\\/\\\/bbqentertainment.com\\\/?s={search_term_string}\"},\"query-input\":{\"@type\":\"PropertyValueSpecification\",\"valueRequired\":true,\"valueName\":\"search_term_string\"}}],\"inLanguage\":\"en-US\"},{\"@type\":\"Organization\",\"@id\":\"https:\\\/\\\/bbqentertainment.com\\\/#organization\",\"name\":\"BBQ Entertainment O\u00dc\",\"url\":\"https:\\\/\\\/bbqentertainment.com\\\/\",\"logo\":{\"@type\":\"ImageObject\",\"inLanguage\":\"en-US\",\"@id\":\"https:\\\/\\\/bbqentertainment.com\\\/#\\\/schema\\\/logo\\\/image\\\/\",\"url\":\"https:\\\/\\\/bbqentertainment.com\\\/wp-content\\\/uploads\\\/2020\\\/04\\\/BBQ-Entertainment-N-Catering-Enn-Tobreluts-Logo.png\",\"contentUrl\":\"https:\\\/\\\/bbqentertainment.com\\\/wp-content\\\/uploads\\\/2020\\\/04\\\/BBQ-Entertainment-N-Catering-Enn-Tobreluts-Logo.png\",\"width\":628,\"height\":266,\"caption\":\"BBQ Entertainment O\u00dc\"},\"image\":{\"@id\":\"https:\\\/\\\/bbqentertainment.com\\\/#\\\/schema\\\/logo\\\/image\\\/\"},\"sameAs\":[\"https:\\\/\\\/www.facebook.com\\\/BBQ-Entertainment-N-Catering-2437913376443540\",\"https:\\\/\\\/www.instagram.com\\\/bbqentertainmentncatering\\\/\",\"https:\\\/\\\/www.youtube.com\\\/channel\\\/UCmpuANQVhLy2Md8nrenp2jA\"]}]}<\/script>\n<!-- \/ Yoast SEO plugin. -->","yoast_head_json":{"title":"Omberg Asado Gaucho XXL (komplektis riiul ja k\u00e4ru) - BBQ Entertainment","robots":{"index":"index","follow":"follow","max-snippet":"max-snippet:-1","max-image-preview":"max-image-preview:large","max-video-preview":"max-video-preview:-1"},"canonical":"https:\/\/bbqentertainment.com\/toode\/omberg-asado-gaucho-xxl-komplektis-riiul-ja-karu\/","og_locale":"en_US","og_type":"article","og_title":"Omberg Asado Gaucho XXL (komplektis riiul ja k\u00e4ru) - BBQ Entertainment","og_description":"Omberg Asado Gaucho XXL (komplektis riiul ja k\u00e4ru) Argentiina stiilis Asado grill kahe grillimisalaga, mis pakub enamat kui lihtsalt grillimist; see on toiduvalmistamise, elustiili ja \u00f5ues kokkamise armastuse v\u00e4ljendus. Grilli nii puidu kui s\u00f6ega, lastes toidul aeglaselt t\u00e4iuslikuks muutuda.","og_url":"https:\/\/bbqentertainment.com\/toode\/omberg-asado-gaucho-xxl-komplektis-riiul-ja-karu\/","og_site_name":"BBQ Entertainment","article_publisher":"https:\/\/www.facebook.com\/BBQ-Entertainment-N-Catering-2437913376443540","article_modified_time":"2026-03-11T09:15:43+00:00","og_image":[{"width":1200,"height":1200,"url":"https:\/\/bbqentertainment.com\/wp-content\/uploads\/2024\/03\/Omberg-Asado-Gaucho-XXL-komplektis-riiul-ja-karu.jpg","type":"image\/jpeg"}],"twitter_card":"summary_large_image","twitter_misc":{"Est. reading time":"2 minutes"},"schema":{"@context":"https:\/\/schema.org","@graph":[{"@type":["WebPage","ItemPage"],"@id":"https:\/\/bbqentertainment.com\/toode\/omberg-asado-gaucho-xxl-komplektis-riiul-ja-karu\/","url":"https:\/\/bbqentertainment.com\/toode\/omberg-asado-gaucho-xxl-komplektis-riiul-ja-karu\/","name":"Omberg Asado Gaucho XXL (komplektis riiul ja k\u00e4ru) - BBQ Entertainment","isPartOf":{"@id":"https:\/\/bbqentertainment.com\/#website"},"primaryImageOfPage":{"@id":"https:\/\/bbqentertainment.com\/toode\/omberg-asado-gaucho-xxl-komplektis-riiul-ja-karu\/#primaryimage"},"image":{"@id":"https:\/\/bbqentertainment.com\/toode\/omberg-asado-gaucho-xxl-komplektis-riiul-ja-karu\/#primaryimage"},"thumbnailUrl":"https:\/\/bbqentertainment.com\/wp-content\/uploads\/2024\/03\/Omberg-Asado-Gaucho-XXL-komplektis-riiul-ja-karu.jpg","datePublished":"2024-03-06T16:00:38+00:00","dateModified":"2026-03-11T09:15:43+00:00","breadcrumb":{"@id":"https:\/\/bbqentertainment.com\/toode\/omberg-asado-gaucho-xxl-komplektis-riiul-ja-karu\/#breadcrumb"},"inLanguage":"en-US","potentialAction":[{"@type":"ReadAction","target":["https:\/\/bbqentertainment.com\/toode\/omberg-asado-gaucho-xxl-komplektis-riiul-ja-karu\/"]}]},{"@type":"ImageObject","inLanguage":"en-US","@id":"https:\/\/bbqentertainment.com\/toode\/omberg-asado-gaucho-xxl-komplektis-riiul-ja-karu\/#primaryimage","url":"https:\/\/bbqentertainment.com\/wp-content\/uploads\/2024\/03\/Omberg-Asado-Gaucho-XXL-komplektis-riiul-ja-karu.jpg","contentUrl":"https:\/\/bbqentertainment.com\/wp-content\/uploads\/2024\/03\/Omberg-Asado-Gaucho-XXL-komplektis-riiul-ja-karu.jpg","width":1200,"height":1200},{"@type":"BreadcrumbList","@id":"https:\/\/bbqentertainment.com\/toode\/omberg-asado-gaucho-xxl-komplektis-riiul-ja-karu\/#breadcrumb","itemListElement":[{"@type":"ListItem","position":1,"name":"AVALEHT","item":"https:\/\/bbqentertainment.com\/en\/"},{"@type":"ListItem","position":2,"name":"Tooted","item":"https:\/\/bbqentertainment.com\/tooted\/"},{"@type":"ListItem","position":3,"name":"Grillid ja ahjud","item":"https:\/\/bbqentertainment.com\/tootekategooria\/grillid-ja-ahjud\/"},{"@type":"ListItem","position":4,"name":"OMBERG ASADO JM GRILLID","item":"https:\/\/bbqentertainment.com\/tootekategooria\/grillid-ja-ahjud\/omberg-asado-jm-grillid\/"},{"@type":"ListItem","position":5,"name":"Omberg Asado Gaucho XXL (komplektis riiul ja k\u00e4ru)"}]},{"@type":"WebSite","@id":"https:\/\/bbqentertainment.com\/#website","url":"https:\/\/bbqentertainment.com\/","name":"BBQ Entertainment","description":"BBQ is a great lifestyle, not just fun!","publisher":{"@id":"https:\/\/bbqentertainment.com\/#organization"},"potentialAction":[{"@type":"SearchAction","target":{"@type":"EntryPoint","urlTemplate":"https:\/\/bbqentertainment.com\/?s={search_term_string}"},"query-input":{"@type":"PropertyValueSpecification","valueRequired":true,"valueName":"search_term_string"}}],"inLanguage":"en-US"},{"@type":"Organization","@id":"https:\/\/bbqentertainment.com\/#organization","name":"BBQ Entertainment O\u00dc","url":"https:\/\/bbqentertainment.com\/","logo":{"@type":"ImageObject","inLanguage":"en-US","@id":"https:\/\/bbqentertainment.com\/#\/schema\/logo\/image\/","url":"https:\/\/bbqentertainment.com\/wp-content\/uploads\/2020\/04\/BBQ-Entertainment-N-Catering-Enn-Tobreluts-Logo.png","contentUrl":"https:\/\/bbqentertainment.com\/wp-content\/uploads\/2020\/04\/BBQ-Entertainment-N-Catering-Enn-Tobreluts-Logo.png","width":628,"height":266,"caption":"BBQ Entertainment O\u00dc"},"image":{"@id":"https:\/\/bbqentertainment.com\/#\/schema\/logo\/image\/"},"sameAs":["https:\/\/www.facebook.com\/BBQ-Entertainment-N-Catering-2437913376443540","https:\/\/www.instagram.com\/bbqentertainmentncatering\/","https:\/\/www.youtube.com\/channel\/UCmpuANQVhLy2Md8nrenp2jA"]}]}},"_links":{"self":[{"href":"https:\/\/bbqentertainment.com\/en\/wp-json\/wp\/v2\/product\/246413","targetHints":{"allow":["GET"]}}],"collection":[{"href":"https:\/\/bbqentertainment.com\/en\/wp-json\/wp\/v2\/product"}],"about":[{"href":"https:\/\/bbqentertainment.com\/en\/wp-json\/wp\/v2\/types\/product"}],"wp:featuredmedia":[{"embeddable":true,"href":"https:\/\/bbqentertainment.com\/en\/wp-json\/wp\/v2\/media\/246599"}],"wp:attachment":[{"href":"https:\/\/bbqentertainment.com\/en\/wp-json\/wp\/v2\/media?parent=246413"}],"wp:term":[{"taxonomy":"product_brand","embeddable":true,"href":"https:\/\/bbqentertainment.com\/en\/wp-json\/wp\/v2\/product_brand?post=246413"},{"taxonomy":"product_cat","embeddable":true,"href":"https:\/\/bbqentertainment.com\/en\/wp-json\/wp\/v2\/product_cat?post=246413"},{"taxonomy":"product_tag","embeddable":true,"href":"https:\/\/bbqentertainment.com\/en\/wp-json\/wp\/v2\/product_tag?post=246413"}],"curies":[{"name":"wp","href":"https:\/\/api.w.org\/{rel}","templated":true}]}}