{"id":246418,"date":"2024-03-06T18:06:46","date_gmt":"2024-03-06T16:06:46","guid":{"rendered":"https:\/\/bbqentertainment.com\/?post_type=product&#038;p=246418"},"modified":"2026-03-11T11:17:32","modified_gmt":"2026-03-11T09:17:32","slug":"omberg-terve-sea-vardagrill-rotisserie-xl","status":"publish","type":"product","link":"https:\/\/bbqentertainment.com\/en\/toode\/omberg-terve-sea-vardagrill-rotisserie-xl\/","title":{"rendered":"Omberg terve sea vardagrill Rotisserie XL"},"content":{"rendered":"<p><strong>Omberg Beast Rotisserie Grill XL<\/strong> on loodud spetsiaalselt neile, kes armastavad grillimist. See ainulaadne grill on m\u00f5eldud kasutamiseks rotisserie&#8217;ga, mis tuleb komplektis kaasa. Rotisserie k\u00f5rgust saab reguleerida viiele erinevale tasemele, et saavutada soovitud kuumus ja kohanduda ilmastikutingimustega.<\/p>\n<p>Rotisserie on m\u00f5eldud suurte lihat\u00fckkide jaoks ja suudab oma 13-vatise mootoriga p\u00f6\u00f6rata kuni 60 kg kaaluvaid t\u00fckke. Elektrijuhtme pikkus on umbes 115 cm. Grilli tagaosas on tuulekaitse, mis tagab, et rotisserie saab soojust ka tuulise ilmaga. Otseseks grillimiseks on grillil XL-suuruses grillaala, m\u00f5\u00f5tmetega 126 x 50 cm, mis teeb sellest suurep\u00e4rase valiku neile, kes soovivad korraga grillida suuremas koguses.<\/p>\n<p>Grill on valmistatud 304 kvaliteediga roostevabast terasest, mis tagab selle vastupidavuse rannikualadele omasele kliimale. Grill on varustatud aluse ja nelja robustse rattaga, mist\u00f5ttu on seda suurt grilli lihtne transportida. Speti p\u00f6\u00f6rlemiskiirus on umbes 3 p\u00f6\u00f6ret minutis, mis tagab toidu \u00fchtlase k\u00fcpsemise.<\/p>\n<p>See grill ei ole mitte ainult funktsionaalne ja vastupidav, vaid pakub ka suurep\u00e4rast grillielamust nii rotisserie-grillimisel kui ka otsesel grillimisel, sobides ideaalselt igale t\u00f5elisele grillis\u00f5brale.<\/p>\n","protected":false},"excerpt":{"rendered":"<h3>Omberg terve sea vardagrill Rotisserie XL<\/h3>\n<p>See on suurep\u00e4rane valik t\u00f5elistele grillmeistritele, kes hindavad rotisserie-grillimist. Suur s\u00f6egrill, mis v\u00f5imaldab rotisserie-grillimist kaasasoleva varustusega v\u00f5i otsese grillimise roostevabadel grillrestidel.<\/p>\n","protected":false},"featured_media":246419,"template":"","meta":{"inline_featured_image":false},"product_brand":[],"product_cat":[17,577,238],"product_tag":[],"class_list":{"0":"post-246418","1":"product","2":"type-product","3":"status-publish","4":"has-post-thumbnail","6":"product_cat-grillid-ja-ahjud","7":"product_cat-omberg-asado-jm-grillid","8":"product_cat-muud-grillid-ja-ahjud","9":"product_shipping_class-ainult-ise-jarele-tulemisega","11":"first","12":"onbackorder","13":"taxable","14":"shipping-taxable","15":"purchasable","16":"product-type-simple"},"yoast_head":"<!-- This site is optimized with the Yoast SEO plugin v27.4 - https:\/\/yoast.com\/product\/yoast-seo-wordpress\/ -->\n<title>Omberg terve sea vardagrill Rotisserie XL - BBQ Entertainment<\/title>\n<meta name=\"robots\" content=\"index, follow, max-snippet:-1, max-image-preview:large, max-video-preview:-1\" \/>\n<link rel=\"canonical\" href=\"https:\/\/bbqentertainment.com\/toode\/omberg-terve-sea-vardagrill-rotisserie-xl\/\" \/>\n<meta property=\"og:locale\" content=\"en_US\" \/>\n<meta property=\"og:type\" content=\"article\" \/>\n<meta property=\"og:title\" content=\"Omberg terve sea vardagrill Rotisserie XL - BBQ Entertainment\" \/>\n<meta property=\"og:description\" content=\"Omberg terve sea vardagrill Rotisserie XL See on suurep\u00e4rane valik t\u00f5elistele grillmeistritele, kes hindavad rotisserie-grillimist. Suur s\u00f6egrill, mis v\u00f5imaldab rotisserie-grillimist kaasasoleva varustusega v\u00f5i otsese grillimise roostevabadel grillrestidel.\" \/>\n<meta property=\"og:url\" content=\"https:\/\/bbqentertainment.com\/toode\/omberg-terve-sea-vardagrill-rotisserie-xl\/\" \/>\n<meta property=\"og:site_name\" content=\"BBQ Entertainment\" \/>\n<meta property=\"article:publisher\" content=\"https:\/\/www.facebook.com\/BBQ-Entertainment-N-Catering-2437913376443540\" \/>\n<meta property=\"article:modified_time\" content=\"2026-03-11T09:17:32+00:00\" \/>\n<meta property=\"og:image\" content=\"https:\/\/bbqentertainment.com\/wp-content\/uploads\/2024\/03\/BBQ-Entertainment-Omberg-terve-sea-vardagrill-Rotisserie-XL-1.jpg\" \/>\n\t<meta property=\"og:image:width\" content=\"1000\" \/>\n\t<meta property=\"og:image:height\" content=\"1001\" \/>\n\t<meta property=\"og:image:type\" content=\"image\/jpeg\" \/>\n<meta name=\"twitter:card\" content=\"summary_large_image\" \/>\n<meta name=\"twitter:label1\" content=\"Est. reading time\" \/>\n\t<meta name=\"twitter:data1\" content=\"2 minutes\" \/>\n<script type=\"application\/ld+json\" class=\"yoast-schema-graph\">{\"@context\":\"https:\\\/\\\/schema.org\",\"@graph\":[{\"@type\":[\"WebPage\",\"ItemPage\"],\"@id\":\"https:\\\/\\\/bbqentertainment.com\\\/toode\\\/omberg-terve-sea-vardagrill-rotisserie-xl\\\/\",\"url\":\"https:\\\/\\\/bbqentertainment.com\\\/toode\\\/omberg-terve-sea-vardagrill-rotisserie-xl\\\/\",\"name\":\"Omberg terve sea vardagrill Rotisserie XL - BBQ Entertainment\",\"isPartOf\":{\"@id\":\"https:\\\/\\\/bbqentertainment.com\\\/#website\"},\"primaryImageOfPage\":{\"@id\":\"https:\\\/\\\/bbqentertainment.com\\\/toode\\\/omberg-terve-sea-vardagrill-rotisserie-xl\\\/#primaryimage\"},\"image\":{\"@id\":\"https:\\\/\\\/bbqentertainment.com\\\/toode\\\/omberg-terve-sea-vardagrill-rotisserie-xl\\\/#primaryimage\"},\"thumbnailUrl\":\"https:\\\/\\\/bbqentertainment.com\\\/wp-content\\\/uploads\\\/2024\\\/03\\\/BBQ-Entertainment-Omberg-terve-sea-vardagrill-Rotisserie-XL-1.jpg\",\"datePublished\":\"2024-03-06T16:06:46+00:00\",\"dateModified\":\"2026-03-11T09:17:32+00:00\",\"breadcrumb\":{\"@id\":\"https:\\\/\\\/bbqentertainment.com\\\/toode\\\/omberg-terve-sea-vardagrill-rotisserie-xl\\\/#breadcrumb\"},\"inLanguage\":\"en-US\",\"potentialAction\":[{\"@type\":\"ReadAction\",\"target\":[\"https:\\\/\\\/bbqentertainment.com\\\/toode\\\/omberg-terve-sea-vardagrill-rotisserie-xl\\\/\"]}]},{\"@type\":\"ImageObject\",\"inLanguage\":\"en-US\",\"@id\":\"https:\\\/\\\/bbqentertainment.com\\\/toode\\\/omberg-terve-sea-vardagrill-rotisserie-xl\\\/#primaryimage\",\"url\":\"https:\\\/\\\/bbqentertainment.com\\\/wp-content\\\/uploads\\\/2024\\\/03\\\/BBQ-Entertainment-Omberg-terve-sea-vardagrill-Rotisserie-XL-1.jpg\",\"contentUrl\":\"https:\\\/\\\/bbqentertainment.com\\\/wp-content\\\/uploads\\\/2024\\\/03\\\/BBQ-Entertainment-Omberg-terve-sea-vardagrill-Rotisserie-XL-1.jpg\",\"width\":1000,\"height\":1001},{\"@type\":\"BreadcrumbList\",\"@id\":\"https:\\\/\\\/bbqentertainment.com\\\/toode\\\/omberg-terve-sea-vardagrill-rotisserie-xl\\\/#breadcrumb\",\"itemListElement\":[{\"@type\":\"ListItem\",\"position\":1,\"name\":\"AVALEHT\",\"item\":\"https:\\\/\\\/bbqentertainment.com\\\/en\\\/\"},{\"@type\":\"ListItem\",\"position\":2,\"name\":\"Tooted\",\"item\":\"https:\\\/\\\/bbqentertainment.com\\\/tooted\\\/\"},{\"@type\":\"ListItem\",\"position\":3,\"name\":\"Grillid ja ahjud\",\"item\":\"https:\\\/\\\/bbqentertainment.com\\\/tootekategooria\\\/grillid-ja-ahjud\\\/\"},{\"@type\":\"ListItem\",\"position\":4,\"name\":\"OMBERG ASADO JM GRILLID\",\"item\":\"https:\\\/\\\/bbqentertainment.com\\\/tootekategooria\\\/grillid-ja-ahjud\\\/omberg-asado-jm-grillid\\\/\"},{\"@type\":\"ListItem\",\"position\":5,\"name\":\"Omberg terve sea vardagrill Rotisserie XL\"}]},{\"@type\":\"WebSite\",\"@id\":\"https:\\\/\\\/bbqentertainment.com\\\/#website\",\"url\":\"https:\\\/\\\/bbqentertainment.com\\\/\",\"name\":\"BBQ Entertainment\",\"description\":\"BBQ is a great lifestyle, not just fun!\",\"publisher\":{\"@id\":\"https:\\\/\\\/bbqentertainment.com\\\/#organization\"},\"potentialAction\":[{\"@type\":\"SearchAction\",\"target\":{\"@type\":\"EntryPoint\",\"urlTemplate\":\"https:\\\/\\\/bbqentertainment.com\\\/?s={search_term_string}\"},\"query-input\":{\"@type\":\"PropertyValueSpecification\",\"valueRequired\":true,\"valueName\":\"search_term_string\"}}],\"inLanguage\":\"en-US\"},{\"@type\":\"Organization\",\"@id\":\"https:\\\/\\\/bbqentertainment.com\\\/#organization\",\"name\":\"BBQ Entertainment O\u00dc\",\"url\":\"https:\\\/\\\/bbqentertainment.com\\\/\",\"logo\":{\"@type\":\"ImageObject\",\"inLanguage\":\"en-US\",\"@id\":\"https:\\\/\\\/bbqentertainment.com\\\/#\\\/schema\\\/logo\\\/image\\\/\",\"url\":\"https:\\\/\\\/bbqentertainment.com\\\/wp-content\\\/uploads\\\/2020\\\/04\\\/BBQ-Entertainment-N-Catering-Enn-Tobreluts-Logo.png\",\"contentUrl\":\"https:\\\/\\\/bbqentertainment.com\\\/wp-content\\\/uploads\\\/2020\\\/04\\\/BBQ-Entertainment-N-Catering-Enn-Tobreluts-Logo.png\",\"width\":628,\"height\":266,\"caption\":\"BBQ Entertainment O\u00dc\"},\"image\":{\"@id\":\"https:\\\/\\\/bbqentertainment.com\\\/#\\\/schema\\\/logo\\\/image\\\/\"},\"sameAs\":[\"https:\\\/\\\/www.facebook.com\\\/BBQ-Entertainment-N-Catering-2437913376443540\",\"https:\\\/\\\/www.instagram.com\\\/bbqentertainmentncatering\\\/\",\"https:\\\/\\\/www.youtube.com\\\/channel\\\/UCmpuANQVhLy2Md8nrenp2jA\"]}]}<\/script>\n<!-- \/ Yoast SEO plugin. -->","yoast_head_json":{"title":"Omberg terve sea vardagrill Rotisserie XL - BBQ Entertainment","robots":{"index":"index","follow":"follow","max-snippet":"max-snippet:-1","max-image-preview":"max-image-preview:large","max-video-preview":"max-video-preview:-1"},"canonical":"https:\/\/bbqentertainment.com\/toode\/omberg-terve-sea-vardagrill-rotisserie-xl\/","og_locale":"en_US","og_type":"article","og_title":"Omberg terve sea vardagrill Rotisserie XL - BBQ Entertainment","og_description":"Omberg terve sea vardagrill Rotisserie XL See on suurep\u00e4rane valik t\u00f5elistele grillmeistritele, kes hindavad rotisserie-grillimist. Suur s\u00f6egrill, mis v\u00f5imaldab rotisserie-grillimist kaasasoleva varustusega v\u00f5i otsese grillimise roostevabadel grillrestidel.","og_url":"https:\/\/bbqentertainment.com\/toode\/omberg-terve-sea-vardagrill-rotisserie-xl\/","og_site_name":"BBQ Entertainment","article_publisher":"https:\/\/www.facebook.com\/BBQ-Entertainment-N-Catering-2437913376443540","article_modified_time":"2026-03-11T09:17:32+00:00","og_image":[{"width":1000,"height":1001,"url":"https:\/\/bbqentertainment.com\/wp-content\/uploads\/2024\/03\/BBQ-Entertainment-Omberg-terve-sea-vardagrill-Rotisserie-XL-1.jpg","type":"image\/jpeg"}],"twitter_card":"summary_large_image","twitter_misc":{"Est. reading time":"2 minutes"},"schema":{"@context":"https:\/\/schema.org","@graph":[{"@type":["WebPage","ItemPage"],"@id":"https:\/\/bbqentertainment.com\/toode\/omberg-terve-sea-vardagrill-rotisserie-xl\/","url":"https:\/\/bbqentertainment.com\/toode\/omberg-terve-sea-vardagrill-rotisserie-xl\/","name":"Omberg terve sea vardagrill Rotisserie XL - BBQ Entertainment","isPartOf":{"@id":"https:\/\/bbqentertainment.com\/#website"},"primaryImageOfPage":{"@id":"https:\/\/bbqentertainment.com\/toode\/omberg-terve-sea-vardagrill-rotisserie-xl\/#primaryimage"},"image":{"@id":"https:\/\/bbqentertainment.com\/toode\/omberg-terve-sea-vardagrill-rotisserie-xl\/#primaryimage"},"thumbnailUrl":"https:\/\/bbqentertainment.com\/wp-content\/uploads\/2024\/03\/BBQ-Entertainment-Omberg-terve-sea-vardagrill-Rotisserie-XL-1.jpg","datePublished":"2024-03-06T16:06:46+00:00","dateModified":"2026-03-11T09:17:32+00:00","breadcrumb":{"@id":"https:\/\/bbqentertainment.com\/toode\/omberg-terve-sea-vardagrill-rotisserie-xl\/#breadcrumb"},"inLanguage":"en-US","potentialAction":[{"@type":"ReadAction","target":["https:\/\/bbqentertainment.com\/toode\/omberg-terve-sea-vardagrill-rotisserie-xl\/"]}]},{"@type":"ImageObject","inLanguage":"en-US","@id":"https:\/\/bbqentertainment.com\/toode\/omberg-terve-sea-vardagrill-rotisserie-xl\/#primaryimage","url":"https:\/\/bbqentertainment.com\/wp-content\/uploads\/2024\/03\/BBQ-Entertainment-Omberg-terve-sea-vardagrill-Rotisserie-XL-1.jpg","contentUrl":"https:\/\/bbqentertainment.com\/wp-content\/uploads\/2024\/03\/BBQ-Entertainment-Omberg-terve-sea-vardagrill-Rotisserie-XL-1.jpg","width":1000,"height":1001},{"@type":"BreadcrumbList","@id":"https:\/\/bbqentertainment.com\/toode\/omberg-terve-sea-vardagrill-rotisserie-xl\/#breadcrumb","itemListElement":[{"@type":"ListItem","position":1,"name":"AVALEHT","item":"https:\/\/bbqentertainment.com\/en\/"},{"@type":"ListItem","position":2,"name":"Tooted","item":"https:\/\/bbqentertainment.com\/tooted\/"},{"@type":"ListItem","position":3,"name":"Grillid ja ahjud","item":"https:\/\/bbqentertainment.com\/tootekategooria\/grillid-ja-ahjud\/"},{"@type":"ListItem","position":4,"name":"OMBERG ASADO JM GRILLID","item":"https:\/\/bbqentertainment.com\/tootekategooria\/grillid-ja-ahjud\/omberg-asado-jm-grillid\/"},{"@type":"ListItem","position":5,"name":"Omberg terve sea vardagrill Rotisserie XL"}]},{"@type":"WebSite","@id":"https:\/\/bbqentertainment.com\/#website","url":"https:\/\/bbqentertainment.com\/","name":"BBQ Entertainment","description":"BBQ is a great lifestyle, not just fun!","publisher":{"@id":"https:\/\/bbqentertainment.com\/#organization"},"potentialAction":[{"@type":"SearchAction","target":{"@type":"EntryPoint","urlTemplate":"https:\/\/bbqentertainment.com\/?s={search_term_string}"},"query-input":{"@type":"PropertyValueSpecification","valueRequired":true,"valueName":"search_term_string"}}],"inLanguage":"en-US"},{"@type":"Organization","@id":"https:\/\/bbqentertainment.com\/#organization","name":"BBQ Entertainment O\u00dc","url":"https:\/\/bbqentertainment.com\/","logo":{"@type":"ImageObject","inLanguage":"en-US","@id":"https:\/\/bbqentertainment.com\/#\/schema\/logo\/image\/","url":"https:\/\/bbqentertainment.com\/wp-content\/uploads\/2020\/04\/BBQ-Entertainment-N-Catering-Enn-Tobreluts-Logo.png","contentUrl":"https:\/\/bbqentertainment.com\/wp-content\/uploads\/2020\/04\/BBQ-Entertainment-N-Catering-Enn-Tobreluts-Logo.png","width":628,"height":266,"caption":"BBQ Entertainment O\u00dc"},"image":{"@id":"https:\/\/bbqentertainment.com\/#\/schema\/logo\/image\/"},"sameAs":["https:\/\/www.facebook.com\/BBQ-Entertainment-N-Catering-2437913376443540","https:\/\/www.instagram.com\/bbqentertainmentncatering\/","https:\/\/www.youtube.com\/channel\/UCmpuANQVhLy2Md8nrenp2jA"]}]}},"_links":{"self":[{"href":"https:\/\/bbqentertainment.com\/en\/wp-json\/wp\/v2\/product\/246418","targetHints":{"allow":["GET"]}}],"collection":[{"href":"https:\/\/bbqentertainment.com\/en\/wp-json\/wp\/v2\/product"}],"about":[{"href":"https:\/\/bbqentertainment.com\/en\/wp-json\/wp\/v2\/types\/product"}],"wp:featuredmedia":[{"embeddable":true,"href":"https:\/\/bbqentertainment.com\/en\/wp-json\/wp\/v2\/media\/246419"}],"wp:attachment":[{"href":"https:\/\/bbqentertainment.com\/en\/wp-json\/wp\/v2\/media?parent=246418"}],"wp:term":[{"taxonomy":"product_brand","embeddable":true,"href":"https:\/\/bbqentertainment.com\/en\/wp-json\/wp\/v2\/product_brand?post=246418"},{"taxonomy":"product_cat","embeddable":true,"href":"https:\/\/bbqentertainment.com\/en\/wp-json\/wp\/v2\/product_cat?post=246418"},{"taxonomy":"product_tag","embeddable":true,"href":"https:\/\/bbqentertainment.com\/en\/wp-json\/wp\/v2\/product_tag?post=246418"}],"curies":[{"name":"wp","href":"https:\/\/api.w.org\/{rel}","templated":true}]}}