{"id":246462,"date":"2024-03-06T18:23:17","date_gmt":"2024-03-06T16:23:17","guid":{"rendered":"https:\/\/bbqentertainment.com\/?post_type=product&#038;p=246462"},"modified":"2026-03-19T01:01:38","modified_gmt":"2026-03-18T23:01:38","slug":"omberg-60-cm-saslokivardad-puitkaepidemega-laius-1-cm-6-tk-kandekotis","status":"publish","type":"product","link":"https:\/\/bbqentertainment.com\/en\/toode\/omberg-60-cm-saslokivardad-puitkaepidemega-laius-1-cm-6-tk-kandekotis\/","title":{"rendered":"Omberg 60 cm \u0161a\u0161l\u00f5kivardad puitk\u00e4epidemega (laius 1 cm) 6 tk kandekotis"},"content":{"rendered":"<p><strong>Ombergi laiad grillvardad (60 cm)<\/strong> pakuvad suurep\u00e4rast lahendust mitmek\u00fclgseks grillimiseks. 10 mm laiused metallvardad on valmistatud roostevabast terasest, tagades vastupidavuse ja h\u00f5lpsa puhastamise. Puidust k\u00e4epidemed lisavad kasutamisele eksklusiivsust ja mugavust. Komplekt sisaldab 6 grillvarrast, mis on pakendatud musta vutlarisse, v\u00f5imaldades mugavat hoiustamist ja transporti.<\/p>\n<p><strong>M\u00f5\u00f5dud:<\/strong><\/p>\n<ul>\n<li>K\u00e4epideme laius (laiemas punktis): 20 mm<\/li>\n<li>Metallvarda laius: 10 mm<\/li>\n<li>Varda kogupikkus (kaasa arvatud k\u00e4epide): 60 cm<\/li>\n<li>Metallvarda osa pikkus: 48,5 cm<\/li>\n<\/ul>\n<p><strong>Sobivus Kamado grillidega:<\/strong> Need grillvardad on ideaalsed suurematele Kamado grillidele, nagu Big Joe III, Big Joe II, Big Green Egg XL, Big Green Egg L, aga ka teistele Kamado grillidele erinevatelt tootjatelt, sealhulgas v\u00e4iksematele mudelitele. Grillvardaid saab Kamado grillides kasutada nii, et need puhkavad s\u00fctevoodi kohal risti \u00fcle grilli, toetudes \u00fchele restile v\u00f5i ripudes vabalt. Grilli kaane sulgemisel j\u00e4\u00e4vad vardad paika ja k\u00e4epidemed ripuvad grillist v\u00e4ljapoole, v\u00f5imaldades lihtsat ja turvalist kasutust.<\/p>\n<p>See komplekt \u00fchendab endas funktsionaalsuse, kvaliteedi ja stiili, pakkudes grillis\u00f5pradele suurep\u00e4raseid vahendeid maitsvate grillroogade valmistamiseks.<\/p>\n","protected":false},"excerpt":{"rendered":"<h3>Omberg 60 cm \u0161a\u0161l\u00f5kivardad puitk\u00e4epidemega (laius 1 cm) 6 tk kandekotis<\/h3>\n<p>Need on laiad grillvardad puidust k\u00e4epidemetega, mis sobivad suurep\u00e4raselt erinevate grillroogade, nagu shish kebab, k\u00f6\u00f6giviljad, kana ja liha valmistamiseks.<\/p>\n","protected":false},"featured_media":246471,"template":"","meta":{"inline_featured_image":false},"product_brand":[],"product_cat":[92,579,479,105,107],"product_tag":[],"class_list":{"0":"post-246462","1":"product","2":"type-product","3":"status-publish","4":"has-post-thumbnail","6":"product_cat-lisatarvikud","7":"product_cat-lisatarvikud-omberg","8":"product_cat-grillitarvikud","9":"product_cat-lisatarvikud-classic","10":"product_cat-lisatarvikud-big","12":"first","13":"instock","14":"sale","15":"taxable","16":"shipping-taxable","17":"purchasable","18":"product-type-simple"},"yoast_head":"<!-- This site is optimized with the Yoast SEO plugin v27.4 - https:\/\/yoast.com\/product\/yoast-seo-wordpress\/ -->\n<title>Omberg 60 cm \u0161a\u0161l\u00f5kivardad puitk\u00e4epidemega (laius 1 cm) 6 tk kandekotis - BBQ Entertainment<\/title>\n<meta name=\"robots\" content=\"index, follow, max-snippet:-1, max-image-preview:large, max-video-preview:-1\" \/>\n<link rel=\"canonical\" href=\"https:\/\/bbqentertainment.com\/toode\/omberg-60-cm-saslokivardad-puitkaepidemega-laius-1-cm-6-tk-kandekotis\/\" \/>\n<meta property=\"og:locale\" content=\"en_US\" \/>\n<meta property=\"og:type\" content=\"article\" \/>\n<meta property=\"og:title\" content=\"Omberg 60 cm \u0161a\u0161l\u00f5kivardad puitk\u00e4epidemega (laius 1 cm) 6 tk kandekotis - BBQ Entertainment\" \/>\n<meta property=\"og:description\" content=\"Omberg 60 cm \u0161a\u0161l\u00f5kivardad puitk\u00e4epidemega (laius 1 cm) 6 tk kandekotis Need on laiad grillvardad puidust k\u00e4epidemetega, mis sobivad suurep\u00e4raselt erinevate grillroogade, nagu shish kebab, k\u00f6\u00f6giviljad, kana ja liha valmistamiseks.\" \/>\n<meta property=\"og:url\" content=\"https:\/\/bbqentertainment.com\/toode\/omberg-60-cm-saslokivardad-puitkaepidemega-laius-1-cm-6-tk-kandekotis\/\" \/>\n<meta property=\"og:site_name\" content=\"BBQ Entertainment\" \/>\n<meta property=\"article:publisher\" content=\"https:\/\/www.facebook.com\/BBQ-Entertainment-N-Catering-2437913376443540\" \/>\n<meta property=\"article:modified_time\" content=\"2026-03-18T23:01:38+00:00\" \/>\n<meta property=\"og:image\" content=\"https:\/\/bbqentertainment.com\/wp-content\/uploads\/2024\/03\/7350133240761.jpg\" \/>\n\t<meta property=\"og:image:width\" content=\"1058\" \/>\n\t<meta property=\"og:image:height\" content=\"1058\" \/>\n\t<meta property=\"og:image:type\" content=\"image\/jpeg\" \/>\n<meta name=\"twitter:card\" content=\"summary_large_image\" \/>\n<meta name=\"twitter:label1\" content=\"Est. reading time\" \/>\n\t<meta name=\"twitter:data1\" content=\"2 minutes\" \/>\n<script type=\"application\/ld+json\" class=\"yoast-schema-graph\">{\"@context\":\"https:\\\/\\\/schema.org\",\"@graph\":[{\"@type\":[\"WebPage\",\"ItemPage\"],\"@id\":\"https:\\\/\\\/bbqentertainment.com\\\/toode\\\/omberg-60-cm-saslokivardad-puitkaepidemega-laius-1-cm-6-tk-kandekotis\\\/\",\"url\":\"https:\\\/\\\/bbqentertainment.com\\\/toode\\\/omberg-60-cm-saslokivardad-puitkaepidemega-laius-1-cm-6-tk-kandekotis\\\/\",\"name\":\"Omberg 60 cm \u0161a\u0161l\u00f5kivardad puitk\u00e4epidemega (laius 1 cm) 6 tk kandekotis - BBQ Entertainment\",\"isPartOf\":{\"@id\":\"https:\\\/\\\/bbqentertainment.com\\\/#website\"},\"primaryImageOfPage\":{\"@id\":\"https:\\\/\\\/bbqentertainment.com\\\/toode\\\/omberg-60-cm-saslokivardad-puitkaepidemega-laius-1-cm-6-tk-kandekotis\\\/#primaryimage\"},\"image\":{\"@id\":\"https:\\\/\\\/bbqentertainment.com\\\/toode\\\/omberg-60-cm-saslokivardad-puitkaepidemega-laius-1-cm-6-tk-kandekotis\\\/#primaryimage\"},\"thumbnailUrl\":\"https:\\\/\\\/bbqentertainment.com\\\/wp-content\\\/uploads\\\/2024\\\/03\\\/7350133240761.jpg\",\"datePublished\":\"2024-03-06T16:23:17+00:00\",\"dateModified\":\"2026-03-18T23:01:38+00:00\",\"breadcrumb\":{\"@id\":\"https:\\\/\\\/bbqentertainment.com\\\/toode\\\/omberg-60-cm-saslokivardad-puitkaepidemega-laius-1-cm-6-tk-kandekotis\\\/#breadcrumb\"},\"inLanguage\":\"en-US\",\"potentialAction\":[{\"@type\":\"ReadAction\",\"target\":[\"https:\\\/\\\/bbqentertainment.com\\\/toode\\\/omberg-60-cm-saslokivardad-puitkaepidemega-laius-1-cm-6-tk-kandekotis\\\/\"]}]},{\"@type\":\"ImageObject\",\"inLanguage\":\"en-US\",\"@id\":\"https:\\\/\\\/bbqentertainment.com\\\/toode\\\/omberg-60-cm-saslokivardad-puitkaepidemega-laius-1-cm-6-tk-kandekotis\\\/#primaryimage\",\"url\":\"https:\\\/\\\/bbqentertainment.com\\\/wp-content\\\/uploads\\\/2024\\\/03\\\/7350133240761.jpg\",\"contentUrl\":\"https:\\\/\\\/bbqentertainment.com\\\/wp-content\\\/uploads\\\/2024\\\/03\\\/7350133240761.jpg\",\"width\":1058,\"height\":1058},{\"@type\":\"BreadcrumbList\",\"@id\":\"https:\\\/\\\/bbqentertainment.com\\\/toode\\\/omberg-60-cm-saslokivardad-puitkaepidemega-laius-1-cm-6-tk-kandekotis\\\/#breadcrumb\",\"itemListElement\":[{\"@type\":\"ListItem\",\"position\":1,\"name\":\"AVALEHT\",\"item\":\"https:\\\/\\\/bbqentertainment.com\\\/en\\\/\"},{\"@type\":\"ListItem\",\"position\":2,\"name\":\"Tooted\",\"item\":\"https:\\\/\\\/bbqentertainment.com\\\/tooted\\\/\"},{\"@type\":\"ListItem\",\"position\":3,\"name\":\"Lisatarvikud\",\"item\":\"https:\\\/\\\/bbqentertainment.com\\\/tootekategooria\\\/lisatarvikud\\\/\"},{\"@type\":\"ListItem\",\"position\":4,\"name\":\"Lisatarvikud Omberg\",\"item\":\"https:\\\/\\\/bbqentertainment.com\\\/tootekategooria\\\/lisatarvikud\\\/lisatarvikud-omberg\\\/\"},{\"@type\":\"ListItem\",\"position\":5,\"name\":\"Omberg 60 cm \u0161a\u0161l\u00f5kivardad puitk\u00e4epidemega (laius 1 cm) 6 tk kandekotis\"}]},{\"@type\":\"WebSite\",\"@id\":\"https:\\\/\\\/bbqentertainment.com\\\/#website\",\"url\":\"https:\\\/\\\/bbqentertainment.com\\\/\",\"name\":\"BBQ Entertainment\",\"description\":\"BBQ is a great lifestyle, not just fun!\",\"publisher\":{\"@id\":\"https:\\\/\\\/bbqentertainment.com\\\/#organization\"},\"potentialAction\":[{\"@type\":\"SearchAction\",\"target\":{\"@type\":\"EntryPoint\",\"urlTemplate\":\"https:\\\/\\\/bbqentertainment.com\\\/?s={search_term_string}\"},\"query-input\":{\"@type\":\"PropertyValueSpecification\",\"valueRequired\":true,\"valueName\":\"search_term_string\"}}],\"inLanguage\":\"en-US\"},{\"@type\":\"Organization\",\"@id\":\"https:\\\/\\\/bbqentertainment.com\\\/#organization\",\"name\":\"BBQ Entertainment O\u00dc\",\"url\":\"https:\\\/\\\/bbqentertainment.com\\\/\",\"logo\":{\"@type\":\"ImageObject\",\"inLanguage\":\"en-US\",\"@id\":\"https:\\\/\\\/bbqentertainment.com\\\/#\\\/schema\\\/logo\\\/image\\\/\",\"url\":\"https:\\\/\\\/bbqentertainment.com\\\/wp-content\\\/uploads\\\/2020\\\/04\\\/BBQ-Entertainment-N-Catering-Enn-Tobreluts-Logo.png\",\"contentUrl\":\"https:\\\/\\\/bbqentertainment.com\\\/wp-content\\\/uploads\\\/2020\\\/04\\\/BBQ-Entertainment-N-Catering-Enn-Tobreluts-Logo.png\",\"width\":628,\"height\":266,\"caption\":\"BBQ Entertainment O\u00dc\"},\"image\":{\"@id\":\"https:\\\/\\\/bbqentertainment.com\\\/#\\\/schema\\\/logo\\\/image\\\/\"},\"sameAs\":[\"https:\\\/\\\/www.facebook.com\\\/BBQ-Entertainment-N-Catering-2437913376443540\",\"https:\\\/\\\/www.instagram.com\\\/bbqentertainmentncatering\\\/\",\"https:\\\/\\\/www.youtube.com\\\/channel\\\/UCmpuANQVhLy2Md8nrenp2jA\"]}]}<\/script>\n<!-- \/ Yoast SEO plugin. -->","yoast_head_json":{"title":"Omberg 60 cm \u0161a\u0161l\u00f5kivardad puitk\u00e4epidemega (laius 1 cm) 6 tk kandekotis - BBQ Entertainment","robots":{"index":"index","follow":"follow","max-snippet":"max-snippet:-1","max-image-preview":"max-image-preview:large","max-video-preview":"max-video-preview:-1"},"canonical":"https:\/\/bbqentertainment.com\/toode\/omberg-60-cm-saslokivardad-puitkaepidemega-laius-1-cm-6-tk-kandekotis\/","og_locale":"en_US","og_type":"article","og_title":"Omberg 60 cm \u0161a\u0161l\u00f5kivardad puitk\u00e4epidemega (laius 1 cm) 6 tk kandekotis - BBQ Entertainment","og_description":"Omberg 60 cm \u0161a\u0161l\u00f5kivardad puitk\u00e4epidemega (laius 1 cm) 6 tk kandekotis Need on laiad grillvardad puidust k\u00e4epidemetega, mis sobivad suurep\u00e4raselt erinevate grillroogade, nagu shish kebab, k\u00f6\u00f6giviljad, kana ja liha valmistamiseks.","og_url":"https:\/\/bbqentertainment.com\/toode\/omberg-60-cm-saslokivardad-puitkaepidemega-laius-1-cm-6-tk-kandekotis\/","og_site_name":"BBQ Entertainment","article_publisher":"https:\/\/www.facebook.com\/BBQ-Entertainment-N-Catering-2437913376443540","article_modified_time":"2026-03-18T23:01:38+00:00","og_image":[{"width":1058,"height":1058,"url":"https:\/\/bbqentertainment.com\/wp-content\/uploads\/2024\/03\/7350133240761.jpg","type":"image\/jpeg"}],"twitter_card":"summary_large_image","twitter_misc":{"Est. reading time":"2 minutes"},"schema":{"@context":"https:\/\/schema.org","@graph":[{"@type":["WebPage","ItemPage"],"@id":"https:\/\/bbqentertainment.com\/toode\/omberg-60-cm-saslokivardad-puitkaepidemega-laius-1-cm-6-tk-kandekotis\/","url":"https:\/\/bbqentertainment.com\/toode\/omberg-60-cm-saslokivardad-puitkaepidemega-laius-1-cm-6-tk-kandekotis\/","name":"Omberg 60 cm \u0161a\u0161l\u00f5kivardad puitk\u00e4epidemega (laius 1 cm) 6 tk kandekotis - BBQ Entertainment","isPartOf":{"@id":"https:\/\/bbqentertainment.com\/#website"},"primaryImageOfPage":{"@id":"https:\/\/bbqentertainment.com\/toode\/omberg-60-cm-saslokivardad-puitkaepidemega-laius-1-cm-6-tk-kandekotis\/#primaryimage"},"image":{"@id":"https:\/\/bbqentertainment.com\/toode\/omberg-60-cm-saslokivardad-puitkaepidemega-laius-1-cm-6-tk-kandekotis\/#primaryimage"},"thumbnailUrl":"https:\/\/bbqentertainment.com\/wp-content\/uploads\/2024\/03\/7350133240761.jpg","datePublished":"2024-03-06T16:23:17+00:00","dateModified":"2026-03-18T23:01:38+00:00","breadcrumb":{"@id":"https:\/\/bbqentertainment.com\/toode\/omberg-60-cm-saslokivardad-puitkaepidemega-laius-1-cm-6-tk-kandekotis\/#breadcrumb"},"inLanguage":"en-US","potentialAction":[{"@type":"ReadAction","target":["https:\/\/bbqentertainment.com\/toode\/omberg-60-cm-saslokivardad-puitkaepidemega-laius-1-cm-6-tk-kandekotis\/"]}]},{"@type":"ImageObject","inLanguage":"en-US","@id":"https:\/\/bbqentertainment.com\/toode\/omberg-60-cm-saslokivardad-puitkaepidemega-laius-1-cm-6-tk-kandekotis\/#primaryimage","url":"https:\/\/bbqentertainment.com\/wp-content\/uploads\/2024\/03\/7350133240761.jpg","contentUrl":"https:\/\/bbqentertainment.com\/wp-content\/uploads\/2024\/03\/7350133240761.jpg","width":1058,"height":1058},{"@type":"BreadcrumbList","@id":"https:\/\/bbqentertainment.com\/toode\/omberg-60-cm-saslokivardad-puitkaepidemega-laius-1-cm-6-tk-kandekotis\/#breadcrumb","itemListElement":[{"@type":"ListItem","position":1,"name":"AVALEHT","item":"https:\/\/bbqentertainment.com\/en\/"},{"@type":"ListItem","position":2,"name":"Tooted","item":"https:\/\/bbqentertainment.com\/tooted\/"},{"@type":"ListItem","position":3,"name":"Lisatarvikud","item":"https:\/\/bbqentertainment.com\/tootekategooria\/lisatarvikud\/"},{"@type":"ListItem","position":4,"name":"Lisatarvikud Omberg","item":"https:\/\/bbqentertainment.com\/tootekategooria\/lisatarvikud\/lisatarvikud-omberg\/"},{"@type":"ListItem","position":5,"name":"Omberg 60 cm \u0161a\u0161l\u00f5kivardad puitk\u00e4epidemega (laius 1 cm) 6 tk kandekotis"}]},{"@type":"WebSite","@id":"https:\/\/bbqentertainment.com\/#website","url":"https:\/\/bbqentertainment.com\/","name":"BBQ Entertainment","description":"BBQ is a great lifestyle, not just fun!","publisher":{"@id":"https:\/\/bbqentertainment.com\/#organization"},"potentialAction":[{"@type":"SearchAction","target":{"@type":"EntryPoint","urlTemplate":"https:\/\/bbqentertainment.com\/?s={search_term_string}"},"query-input":{"@type":"PropertyValueSpecification","valueRequired":true,"valueName":"search_term_string"}}],"inLanguage":"en-US"},{"@type":"Organization","@id":"https:\/\/bbqentertainment.com\/#organization","name":"BBQ Entertainment O\u00dc","url":"https:\/\/bbqentertainment.com\/","logo":{"@type":"ImageObject","inLanguage":"en-US","@id":"https:\/\/bbqentertainment.com\/#\/schema\/logo\/image\/","url":"https:\/\/bbqentertainment.com\/wp-content\/uploads\/2020\/04\/BBQ-Entertainment-N-Catering-Enn-Tobreluts-Logo.png","contentUrl":"https:\/\/bbqentertainment.com\/wp-content\/uploads\/2020\/04\/BBQ-Entertainment-N-Catering-Enn-Tobreluts-Logo.png","width":628,"height":266,"caption":"BBQ Entertainment O\u00dc"},"image":{"@id":"https:\/\/bbqentertainment.com\/#\/schema\/logo\/image\/"},"sameAs":["https:\/\/www.facebook.com\/BBQ-Entertainment-N-Catering-2437913376443540","https:\/\/www.instagram.com\/bbqentertainmentncatering\/","https:\/\/www.youtube.com\/channel\/UCmpuANQVhLy2Md8nrenp2jA"]}]}},"_links":{"self":[{"href":"https:\/\/bbqentertainment.com\/en\/wp-json\/wp\/v2\/product\/246462","targetHints":{"allow":["GET"]}}],"collection":[{"href":"https:\/\/bbqentertainment.com\/en\/wp-json\/wp\/v2\/product"}],"about":[{"href":"https:\/\/bbqentertainment.com\/en\/wp-json\/wp\/v2\/types\/product"}],"wp:featuredmedia":[{"embeddable":true,"href":"https:\/\/bbqentertainment.com\/en\/wp-json\/wp\/v2\/media\/246471"}],"wp:attachment":[{"href":"https:\/\/bbqentertainment.com\/en\/wp-json\/wp\/v2\/media?parent=246462"}],"wp:term":[{"taxonomy":"product_brand","embeddable":true,"href":"https:\/\/bbqentertainment.com\/en\/wp-json\/wp\/v2\/product_brand?post=246462"},{"taxonomy":"product_cat","embeddable":true,"href":"https:\/\/bbqentertainment.com\/en\/wp-json\/wp\/v2\/product_cat?post=246462"},{"taxonomy":"product_tag","embeddable":true,"href":"https:\/\/bbqentertainment.com\/en\/wp-json\/wp\/v2\/product_tag?post=246462"}],"curies":[{"name":"wp","href":"https:\/\/api.w.org\/{rel}","templated":true}]}}