{"id":246486,"date":"2024-03-06T18:34:00","date_gmt":"2024-03-06T16:34:00","guid":{"rendered":"https:\/\/bbqentertainment.com\/?post_type=product&#038;p=246486"},"modified":"2025-07-25T13:45:27","modified_gmt":"2025-07-25T10:45:27","slug":"omberg-kuumakindlad-grillikindad-2-tk","status":"publish","type":"product","link":"https:\/\/bbqentertainment.com\/en\/toode\/omberg-kuumakindlad-grillikindad-2-tk\/","title":{"rendered":"Omberg kuumakindlad grillikindad (2 tk)"},"content":{"rendered":"<p><strong>Ombergi Grillkindad<\/strong> on loodud pakkuma maksimaalset mugavust ja kaitset grillimisel ja toiduvalmistamisel. Kindad on valmistatud v\u00e4rmetaluvast materjalist, mis talub temperatuure kuni 400 \u00b0C, samal ajal s\u00e4ilitades paindlikkuse ja lihtsa k\u00e4sitsemise. &#8220;Antihalk&#8221;-kattega, mis tagab suurep\u00e4rase haarde pizza labidale v\u00f5i grillt\u00f6\u00f6riistadele.<\/p>\n<p>Kindad on universaalse suurusega, sobides k\u00f5igile, ning varustatud v\u00e4ikese aasaga, mis teeb nende \u00fcles riputamise grilli v\u00f5i k\u00f6\u00f6gi l\u00e4hedal lihtsaks. Need on kasutatavad mitmesugustes olukordades:<\/p>\n<ul>\n<li>Grill<\/li>\n<li>Pizzaahi<\/li>\n<li>Grillplaat<\/li>\n<li>Ahi<\/li>\n<li>Grilllaud<\/li>\n<\/ul>\n<p><strong>Materjal ja Hooldusjuhised:<\/strong><\/p>\n<ul>\n<li>V\u00e4lismaterjal: 97% aramiid ja 3% elastaan<\/li>\n<li>Vooder: 70% pol\u00fcester ja 30% puuvill<\/li>\n<\/ul>\n<p>Kindaid v\u00f5ib pesta pesumasinas maksimaalselt 40 \u00b0C juures, kuid neid ei tohi trummelkuivatada ega triikida. T\u00e4nu stiilsele mustale disainile ja diskreetsele logole, on need kindad ka visuaalselt atraktiivsed, lisades funktsionaalsusele ka esteetilise v\u00e4\u00e4rtuse.<\/p>\n","protected":false},"excerpt":{"rendered":"<h3>Omberg kuumakindlad grillikindad (2 tk)<\/h3>\n<p>Ombergi grillkindad pakuvad kaitsvat lahendust, et v\u00e4ltida k\u00e4te p\u00f5letusi grillimisel. Need kindad on m\u00f5eldud kasutamiseks nii burgerite p\u00f6\u00f6ramisel, grillplaadi k\u00e4sitlemisel kui ka lihat\u00fcki \u00fcmberp\u00f6\u00f6ramisel. Samuti sobivad nad ideaalselt k\u00f6\u00f6gis kasutamiseks, olles suurep\u00e4raseks t\u00e4ienduseks tavalistele pajakinnastele ahjuplaatide v\u00f5i kuumade pannide k\u00e4sitsemisel.<\/p>\n","protected":false},"featured_media":246491,"template":"","meta":{"inline_featured_image":false},"product_brand":[],"product_cat":[92,579,374],"product_tag":[],"class_list":{"0":"post-246486","1":"product","2":"type-product","3":"status-publish","4":"has-post-thumbnail","6":"product_cat-lisatarvikud","7":"product_cat-lisatarvikud-omberg","8":"product_cat-kokapolled-ja-kindad","10":"first","11":"instock","12":"taxable","13":"shipping-taxable","14":"purchasable","15":"product-type-simple"},"yoast_head":"<!-- This site is optimized with the Yoast SEO plugin v27.2 - https:\/\/yoast.com\/product\/yoast-seo-wordpress\/ -->\n<title>Omberg kuumakindlad grillikindad (2 tk) - BBQ Entertainment<\/title>\n<meta name=\"robots\" content=\"index, follow, max-snippet:-1, max-image-preview:large, max-video-preview:-1\" \/>\n<link rel=\"canonical\" href=\"https:\/\/bbqentertainment.com\/toode\/omberg-kuumakindlad-grillikindad-2-tk\/\" \/>\n<meta property=\"og:locale\" content=\"en_US\" \/>\n<meta property=\"og:type\" content=\"article\" \/>\n<meta property=\"og:title\" content=\"Omberg kuumakindlad grillikindad (2 tk) - BBQ Entertainment\" \/>\n<meta property=\"og:description\" content=\"Omberg kuumakindlad grillikindad (2 tk) Ombergi grillkindad pakuvad kaitsvat lahendust, et v\u00e4ltida k\u00e4te p\u00f5letusi grillimisel. Need kindad on m\u00f5eldud kasutamiseks nii burgerite p\u00f6\u00f6ramisel, grillplaadi k\u00e4sitlemisel kui ka lihat\u00fcki \u00fcmberp\u00f6\u00f6ramisel. Samuti sobivad nad ideaalselt k\u00f6\u00f6gis kasutamiseks, olles suurep\u00e4raseks t\u00e4ienduseks tavalistele pajakinnastele ahjuplaatide v\u00f5i kuumade pannide k\u00e4sitsemisel.\" \/>\n<meta property=\"og:url\" content=\"https:\/\/bbqentertainment.com\/toode\/omberg-kuumakindlad-grillikindad-2-tk\/\" \/>\n<meta property=\"og:site_name\" content=\"BBQ Entertainment\" \/>\n<meta property=\"article:publisher\" content=\"https:\/\/www.facebook.com\/BBQ-Entertainment-N-Catering-2437913376443540\" \/>\n<meta property=\"article:modified_time\" content=\"2025-07-25T10:45:27+00:00\" \/>\n<meta property=\"og:image\" content=\"https:\/\/bbqentertainment.com\/wp-content\/uploads\/2024\/03\/7350133241119_4.jpg\" \/>\n\t<meta property=\"og:image:width\" content=\"1000\" \/>\n\t<meta property=\"og:image:height\" content=\"1000\" \/>\n\t<meta property=\"og:image:type\" content=\"image\/jpeg\" \/>\n<meta name=\"twitter:card\" content=\"summary_large_image\" \/>\n<meta name=\"twitter:label1\" content=\"Est. reading time\" \/>\n\t<meta name=\"twitter:data1\" content=\"1 minute\" \/>\n<script type=\"application\/ld+json\" class=\"yoast-schema-graph\">{\"@context\":\"https:\/\/schema.org\",\"@graph\":[{\"@type\":[\"WebPage\",\"ItemPage\"],\"@id\":\"https:\/\/bbqentertainment.com\/toode\/omberg-kuumakindlad-grillikindad-2-tk\/\",\"url\":\"https:\/\/bbqentertainment.com\/toode\/omberg-kuumakindlad-grillikindad-2-tk\/\",\"name\":\"Omberg kuumakindlad grillikindad (2 tk) - BBQ Entertainment\",\"isPartOf\":{\"@id\":\"https:\/\/bbqentertainment.com\/#website\"},\"primaryImageOfPage\":{\"@id\":\"https:\/\/bbqentertainment.com\/toode\/omberg-kuumakindlad-grillikindad-2-tk\/#primaryimage\"},\"image\":{\"@id\":\"https:\/\/bbqentertainment.com\/toode\/omberg-kuumakindlad-grillikindad-2-tk\/#primaryimage\"},\"thumbnailUrl\":\"https:\/\/bbqentertainment.com\/wp-content\/uploads\/2024\/03\/7350133241119_4.jpg\",\"datePublished\":\"2024-03-06T16:34:00+00:00\",\"dateModified\":\"2025-07-25T10:45:27+00:00\",\"breadcrumb\":{\"@id\":\"https:\/\/bbqentertainment.com\/toode\/omberg-kuumakindlad-grillikindad-2-tk\/#breadcrumb\"},\"inLanguage\":\"en-US\",\"potentialAction\":[{\"@type\":\"ReadAction\",\"target\":[\"https:\/\/bbqentertainment.com\/toode\/omberg-kuumakindlad-grillikindad-2-tk\/\"]}]},{\"@type\":\"ImageObject\",\"inLanguage\":\"en-US\",\"@id\":\"https:\/\/bbqentertainment.com\/toode\/omberg-kuumakindlad-grillikindad-2-tk\/#primaryimage\",\"url\":\"https:\/\/bbqentertainment.com\/wp-content\/uploads\/2024\/03\/7350133241119_4.jpg\",\"contentUrl\":\"https:\/\/bbqentertainment.com\/wp-content\/uploads\/2024\/03\/7350133241119_4.jpg\",\"width\":1000,\"height\":1000},{\"@type\":\"BreadcrumbList\",\"@id\":\"https:\/\/bbqentertainment.com\/toode\/omberg-kuumakindlad-grillikindad-2-tk\/#breadcrumb\",\"itemListElement\":[{\"@type\":\"ListItem\",\"position\":1,\"name\":\"AVALEHT\",\"item\":\"https:\/\/bbqentertainment.com\/en\/\"},{\"@type\":\"ListItem\",\"position\":2,\"name\":\"Tooted\",\"item\":\"https:\/\/bbqentertainment.com\/tooted\/\"},{\"@type\":\"ListItem\",\"position\":3,\"name\":\"Lisatarvikud\",\"item\":\"https:\/\/bbqentertainment.com\/tootekategooria\/lisatarvikud\/\"},{\"@type\":\"ListItem\",\"position\":4,\"name\":\"Lisatarvikud Omberg\",\"item\":\"https:\/\/bbqentertainment.com\/tootekategooria\/lisatarvikud\/lisatarvikud-omberg\/\"},{\"@type\":\"ListItem\",\"position\":5,\"name\":\"Omberg kuumakindlad grillikindad (2 tk)\"}]},{\"@type\":\"WebSite\",\"@id\":\"https:\/\/bbqentertainment.com\/#website\",\"url\":\"https:\/\/bbqentertainment.com\/\",\"name\":\"BBQ Entertainment\",\"description\":\"BBQ is a great lifestyle, not just fun!\",\"publisher\":{\"@id\":\"https:\/\/bbqentertainment.com\/#organization\"},\"potentialAction\":[{\"@type\":\"SearchAction\",\"target\":{\"@type\":\"EntryPoint\",\"urlTemplate\":\"https:\/\/bbqentertainment.com\/?s={search_term_string}\"},\"query-input\":{\"@type\":\"PropertyValueSpecification\",\"valueRequired\":true,\"valueName\":\"search_term_string\"}}],\"inLanguage\":\"en-US\"},{\"@type\":\"Organization\",\"@id\":\"https:\/\/bbqentertainment.com\/#organization\",\"name\":\"BBQ Entertainment O\u00dc\",\"url\":\"https:\/\/bbqentertainment.com\/\",\"logo\":{\"@type\":\"ImageObject\",\"inLanguage\":\"en-US\",\"@id\":\"https:\/\/bbqentertainment.com\/#\/schema\/logo\/image\/\",\"url\":\"https:\/\/bbqentertainment.com\/wp-content\/uploads\/2020\/04\/BBQ-Entertainment-N-Catering-Enn-Tobreluts-Logo.png\",\"contentUrl\":\"https:\/\/bbqentertainment.com\/wp-content\/uploads\/2020\/04\/BBQ-Entertainment-N-Catering-Enn-Tobreluts-Logo.png\",\"width\":628,\"height\":266,\"caption\":\"BBQ Entertainment O\u00dc\"},\"image\":{\"@id\":\"https:\/\/bbqentertainment.com\/#\/schema\/logo\/image\/\"},\"sameAs\":[\"https:\/\/www.facebook.com\/BBQ-Entertainment-N-Catering-2437913376443540\",\"https:\/\/www.instagram.com\/bbqentertainmentncatering\/\",\"https:\/\/www.youtube.com\/channel\/UCmpuANQVhLy2Md8nrenp2jA\"]}]}<\/script>\n<!-- \/ Yoast SEO plugin. -->","yoast_head_json":{"title":"Omberg kuumakindlad grillikindad (2 tk) - BBQ Entertainment","robots":{"index":"index","follow":"follow","max-snippet":"max-snippet:-1","max-image-preview":"max-image-preview:large","max-video-preview":"max-video-preview:-1"},"canonical":"https:\/\/bbqentertainment.com\/toode\/omberg-kuumakindlad-grillikindad-2-tk\/","og_locale":"en_US","og_type":"article","og_title":"Omberg kuumakindlad grillikindad (2 tk) - BBQ Entertainment","og_description":"Omberg kuumakindlad grillikindad (2 tk) Ombergi grillkindad pakuvad kaitsvat lahendust, et v\u00e4ltida k\u00e4te p\u00f5letusi grillimisel. Need kindad on m\u00f5eldud kasutamiseks nii burgerite p\u00f6\u00f6ramisel, grillplaadi k\u00e4sitlemisel kui ka lihat\u00fcki \u00fcmberp\u00f6\u00f6ramisel. Samuti sobivad nad ideaalselt k\u00f6\u00f6gis kasutamiseks, olles suurep\u00e4raseks t\u00e4ienduseks tavalistele pajakinnastele ahjuplaatide v\u00f5i kuumade pannide k\u00e4sitsemisel.","og_url":"https:\/\/bbqentertainment.com\/toode\/omberg-kuumakindlad-grillikindad-2-tk\/","og_site_name":"BBQ Entertainment","article_publisher":"https:\/\/www.facebook.com\/BBQ-Entertainment-N-Catering-2437913376443540","article_modified_time":"2025-07-25T10:45:27+00:00","og_image":[{"width":1000,"height":1000,"url":"https:\/\/bbqentertainment.com\/wp-content\/uploads\/2024\/03\/7350133241119_4.jpg","type":"image\/jpeg"}],"twitter_card":"summary_large_image","twitter_misc":{"Est. reading time":"1 minute"},"schema":{"@context":"https:\/\/schema.org","@graph":[{"@type":["WebPage","ItemPage"],"@id":"https:\/\/bbqentertainment.com\/toode\/omberg-kuumakindlad-grillikindad-2-tk\/","url":"https:\/\/bbqentertainment.com\/toode\/omberg-kuumakindlad-grillikindad-2-tk\/","name":"Omberg kuumakindlad grillikindad (2 tk) - BBQ Entertainment","isPartOf":{"@id":"https:\/\/bbqentertainment.com\/#website"},"primaryImageOfPage":{"@id":"https:\/\/bbqentertainment.com\/toode\/omberg-kuumakindlad-grillikindad-2-tk\/#primaryimage"},"image":{"@id":"https:\/\/bbqentertainment.com\/toode\/omberg-kuumakindlad-grillikindad-2-tk\/#primaryimage"},"thumbnailUrl":"https:\/\/bbqentertainment.com\/wp-content\/uploads\/2024\/03\/7350133241119_4.jpg","datePublished":"2024-03-06T16:34:00+00:00","dateModified":"2025-07-25T10:45:27+00:00","breadcrumb":{"@id":"https:\/\/bbqentertainment.com\/toode\/omberg-kuumakindlad-grillikindad-2-tk\/#breadcrumb"},"inLanguage":"en-US","potentialAction":[{"@type":"ReadAction","target":["https:\/\/bbqentertainment.com\/toode\/omberg-kuumakindlad-grillikindad-2-tk\/"]}]},{"@type":"ImageObject","inLanguage":"en-US","@id":"https:\/\/bbqentertainment.com\/toode\/omberg-kuumakindlad-grillikindad-2-tk\/#primaryimage","url":"https:\/\/bbqentertainment.com\/wp-content\/uploads\/2024\/03\/7350133241119_4.jpg","contentUrl":"https:\/\/bbqentertainment.com\/wp-content\/uploads\/2024\/03\/7350133241119_4.jpg","width":1000,"height":1000},{"@type":"BreadcrumbList","@id":"https:\/\/bbqentertainment.com\/toode\/omberg-kuumakindlad-grillikindad-2-tk\/#breadcrumb","itemListElement":[{"@type":"ListItem","position":1,"name":"AVALEHT","item":"https:\/\/bbqentertainment.com\/en\/"},{"@type":"ListItem","position":2,"name":"Tooted","item":"https:\/\/bbqentertainment.com\/tooted\/"},{"@type":"ListItem","position":3,"name":"Lisatarvikud","item":"https:\/\/bbqentertainment.com\/tootekategooria\/lisatarvikud\/"},{"@type":"ListItem","position":4,"name":"Lisatarvikud Omberg","item":"https:\/\/bbqentertainment.com\/tootekategooria\/lisatarvikud\/lisatarvikud-omberg\/"},{"@type":"ListItem","position":5,"name":"Omberg kuumakindlad grillikindad (2 tk)"}]},{"@type":"WebSite","@id":"https:\/\/bbqentertainment.com\/#website","url":"https:\/\/bbqentertainment.com\/","name":"BBQ Entertainment","description":"BBQ is a great lifestyle, not just fun!","publisher":{"@id":"https:\/\/bbqentertainment.com\/#organization"},"potentialAction":[{"@type":"SearchAction","target":{"@type":"EntryPoint","urlTemplate":"https:\/\/bbqentertainment.com\/?s={search_term_string}"},"query-input":{"@type":"PropertyValueSpecification","valueRequired":true,"valueName":"search_term_string"}}],"inLanguage":"en-US"},{"@type":"Organization","@id":"https:\/\/bbqentertainment.com\/#organization","name":"BBQ Entertainment O\u00dc","url":"https:\/\/bbqentertainment.com\/","logo":{"@type":"ImageObject","inLanguage":"en-US","@id":"https:\/\/bbqentertainment.com\/#\/schema\/logo\/image\/","url":"https:\/\/bbqentertainment.com\/wp-content\/uploads\/2020\/04\/BBQ-Entertainment-N-Catering-Enn-Tobreluts-Logo.png","contentUrl":"https:\/\/bbqentertainment.com\/wp-content\/uploads\/2020\/04\/BBQ-Entertainment-N-Catering-Enn-Tobreluts-Logo.png","width":628,"height":266,"caption":"BBQ Entertainment O\u00dc"},"image":{"@id":"https:\/\/bbqentertainment.com\/#\/schema\/logo\/image\/"},"sameAs":["https:\/\/www.facebook.com\/BBQ-Entertainment-N-Catering-2437913376443540","https:\/\/www.instagram.com\/bbqentertainmentncatering\/","https:\/\/www.youtube.com\/channel\/UCmpuANQVhLy2Md8nrenp2jA"]}]}},"_links":{"self":[{"href":"https:\/\/bbqentertainment.com\/en\/wp-json\/wp\/v2\/product\/246486","targetHints":{"allow":["GET"]}}],"collection":[{"href":"https:\/\/bbqentertainment.com\/en\/wp-json\/wp\/v2\/product"}],"about":[{"href":"https:\/\/bbqentertainment.com\/en\/wp-json\/wp\/v2\/types\/product"}],"wp:featuredmedia":[{"embeddable":true,"href":"https:\/\/bbqentertainment.com\/en\/wp-json\/wp\/v2\/media\/246491"}],"wp:attachment":[{"href":"https:\/\/bbqentertainment.com\/en\/wp-json\/wp\/v2\/media?parent=246486"}],"wp:term":[{"taxonomy":"product_brand","embeddable":true,"href":"https:\/\/bbqentertainment.com\/en\/wp-json\/wp\/v2\/product_brand?post=246486"},{"taxonomy":"product_cat","embeddable":true,"href":"https:\/\/bbqentertainment.com\/en\/wp-json\/wp\/v2\/product_cat?post=246486"},{"taxonomy":"product_tag","embeddable":true,"href":"https:\/\/bbqentertainment.com\/en\/wp-json\/wp\/v2\/product_tag?post=246486"}],"curies":[{"name":"wp","href":"https:\/\/api.w.org\/{rel}","templated":true}]}}