{"id":246495,"date":"2024-03-10T11:06:09","date_gmt":"2024-03-10T09:06:09","guid":{"rendered":"https:\/\/bbqentertainment.com\/?post_type=product&#038;p=246495"},"modified":"2025-07-25T13:45:25","modified_gmt":"2025-07-25T10:45:25","slug":"ombergi-puidust-loikelaud","status":"publish","type":"product","link":"https:\/\/bbqentertainment.com\/en\/toode\/ombergi-puidust-loikelaud\/","title":{"rendered":"OMBERG puidust l\u00f5ikelaud \/ serveerimisalus kastme topsikutega (50\u00d740 cm)"},"content":{"rendered":"<p><span style=\"color: #000000;\"><strong>Ombergi puidust l\u00f5ikelaud &#8220;Sharing&#8221;<\/strong> on disainitud pakkuma stiilset ja praktilist lahendust suupistete, juustude, sushi v\u00f5i burgerite serveerimiseks. Ideaalne jagamiseks laual, kombineerides eelroa ja pearoa jagamise kontseptsiooni samal plaadil. L\u00f5ikelaua disain sisaldab rasva\u00e4ravoolu, mis hoiab \u00e4ra rasva v\u00f5i kastme \u00fclelaua valgumise. <strong>Omadused:<\/strong><\/span><\/p>\n<ul>\n<li><span style=\"color: #000000;\">Komplektis on 4 dipikausikest, mis on ideaalsed kastmete v\u00f5i dippide jaoks.<\/span><\/li>\n<li><span style=\"color: #000000;\">Rasva\u00e4ravooluga, et v\u00e4ltida rasva v\u00f5i kastme lauale valgumist.<\/span><\/li>\n<li><span style=\"color: #000000;\">Jagamise plaat sobib nii koduseks kasutamiseks kui ka restoranides serveerimiseks.<\/span><\/li>\n<\/ul>\n<p><span style=\"color: #000000;\"><strong>M\u00f5\u00f5tmed:<\/strong><\/span><\/p>\n<ul>\n<li><span style=\"color: #000000;\">L\u00f5ikelaua sisem\u00f5\u00f5t (ilma rasva\u00e4ravooluta ala): 50 x 40 cm<\/span><\/li>\n<li><span style=\"color: #000000;\">Kausikesed on umbes 3 cm k\u00f5rged.<\/span><\/li>\n<\/ul>\n<p><span style=\"color: #000000;\">See Ombergi l\u00f5ikelaud ei ole ainult funktsionaalne, vaid lisab igale s\u00f6\u00f6gikorrale ka visuaalseid elemente, muutes selle ideaalseks valikuks neile, kes soovivad oma k\u00fclalisi erilise serveerimisviisiga \u00fcllatada.<\/span><\/p>\n","protected":false},"excerpt":{"rendered":"<h3><strong> OMBERG puidust l\u00f5ikelaud \/ serveerimisalus kastme topsikutega (50&#215;40 cm)<\/strong><\/h3>\n<p>Serveeri tervet einet pitmasteri stiilis! See l\u00f5ikelaud on ideaalne suupistete, piduroogade v\u00f5i erinevate lihat\u00fckkide jagamiseks, pakkudes t\u00f5elist pidus\u00f6\u00f6ki otse l\u00f5ikelaualt. Kaasas on neli dipikausikest, mis sobivad suurep\u00e4raselt kastmete v\u00f5i dippide jaoks.<\/p>\n","protected":false},"featured_media":246504,"template":"","meta":{"inline_featured_image":false},"product_brand":[],"product_cat":[92,579,25],"product_tag":[],"class_list":{"0":"post-246495","1":"product","2":"type-product","3":"status-publish","4":"has-post-thumbnail","6":"product_cat-lisatarvikud","7":"product_cat-lisatarvikud-omberg","8":"product_cat-foolium-ja-toidukile","10":"first","11":"instock","12":"taxable","13":"shipping-taxable","14":"purchasable","15":"product-type-simple"},"yoast_head":"<!-- This site is optimized with the Yoast SEO plugin v27.4 - https:\/\/yoast.com\/product\/yoast-seo-wordpress\/ -->\n<title>OMBERG puidust l\u00f5ikelaud \/ serveerimisalus kastme topsikutega (50\u00d740 cm) - BBQ Entertainment<\/title>\n<meta name=\"robots\" content=\"index, follow, max-snippet:-1, max-image-preview:large, max-video-preview:-1\" \/>\n<link rel=\"canonical\" href=\"https:\/\/bbqentertainment.com\/toode\/ombergi-puidust-loikelaud\/\" \/>\n<meta property=\"og:locale\" content=\"en_US\" \/>\n<meta property=\"og:type\" content=\"article\" \/>\n<meta property=\"og:title\" content=\"OMBERG puidust l\u00f5ikelaud \/ serveerimisalus kastme topsikutega (50\u00d740 cm) - BBQ Entertainment\" \/>\n<meta property=\"og:description\" content=\"OMBERG puidust l\u00f5ikelaud \/ serveerimisalus kastme topsikutega (50x40 cm) Serveeri tervet einet pitmasteri stiilis! See l\u00f5ikelaud on ideaalne suupistete, piduroogade v\u00f5i erinevate lihat\u00fckkide jagamiseks, pakkudes t\u00f5elist pidus\u00f6\u00f6ki otse l\u00f5ikelaualt. Kaasas on neli dipikausikest, mis sobivad suurep\u00e4raselt kastmete v\u00f5i dippide jaoks.\" \/>\n<meta property=\"og:url\" content=\"https:\/\/bbqentertainment.com\/toode\/ombergi-puidust-loikelaud\/\" \/>\n<meta property=\"og:site_name\" content=\"BBQ Entertainment\" \/>\n<meta property=\"article:publisher\" content=\"https:\/\/www.facebook.com\/BBQ-Entertainment-N-Catering-2437913376443540\" \/>\n<meta property=\"article:modified_time\" content=\"2025-07-25T10:45:25+00:00\" \/>\n<meta property=\"og:image\" content=\"https:\/\/bbqentertainment.com\/wp-content\/uploads\/2024\/03\/7350133241102.jpg\" \/>\n\t<meta property=\"og:image:width\" content=\"1000\" \/>\n\t<meta property=\"og:image:height\" content=\"1000\" \/>\n\t<meta property=\"og:image:type\" content=\"image\/jpeg\" \/>\n<meta name=\"twitter:card\" content=\"summary_large_image\" \/>\n<meta name=\"twitter:label1\" content=\"Est. reading time\" \/>\n\t<meta name=\"twitter:data1\" content=\"1 minute\" \/>\n<script type=\"application\/ld+json\" class=\"yoast-schema-graph\">{\"@context\":\"https:\\\/\\\/schema.org\",\"@graph\":[{\"@type\":[\"WebPage\",\"ItemPage\"],\"@id\":\"https:\\\/\\\/bbqentertainment.com\\\/toode\\\/ombergi-puidust-loikelaud\\\/\",\"url\":\"https:\\\/\\\/bbqentertainment.com\\\/toode\\\/ombergi-puidust-loikelaud\\\/\",\"name\":\"OMBERG puidust l\u00f5ikelaud \\\/ serveerimisalus kastme topsikutega (50\u00d740 cm) - BBQ Entertainment\",\"isPartOf\":{\"@id\":\"https:\\\/\\\/bbqentertainment.com\\\/#website\"},\"primaryImageOfPage\":{\"@id\":\"https:\\\/\\\/bbqentertainment.com\\\/toode\\\/ombergi-puidust-loikelaud\\\/#primaryimage\"},\"image\":{\"@id\":\"https:\\\/\\\/bbqentertainment.com\\\/toode\\\/ombergi-puidust-loikelaud\\\/#primaryimage\"},\"thumbnailUrl\":\"https:\\\/\\\/bbqentertainment.com\\\/wp-content\\\/uploads\\\/2024\\\/03\\\/7350133241102.jpg\",\"datePublished\":\"2024-03-10T09:06:09+00:00\",\"dateModified\":\"2025-07-25T10:45:25+00:00\",\"breadcrumb\":{\"@id\":\"https:\\\/\\\/bbqentertainment.com\\\/toode\\\/ombergi-puidust-loikelaud\\\/#breadcrumb\"},\"inLanguage\":\"en-US\",\"potentialAction\":[{\"@type\":\"ReadAction\",\"target\":[\"https:\\\/\\\/bbqentertainment.com\\\/toode\\\/ombergi-puidust-loikelaud\\\/\"]}]},{\"@type\":\"ImageObject\",\"inLanguage\":\"en-US\",\"@id\":\"https:\\\/\\\/bbqentertainment.com\\\/toode\\\/ombergi-puidust-loikelaud\\\/#primaryimage\",\"url\":\"https:\\\/\\\/bbqentertainment.com\\\/wp-content\\\/uploads\\\/2024\\\/03\\\/7350133241102.jpg\",\"contentUrl\":\"https:\\\/\\\/bbqentertainment.com\\\/wp-content\\\/uploads\\\/2024\\\/03\\\/7350133241102.jpg\",\"width\":1000,\"height\":1000},{\"@type\":\"BreadcrumbList\",\"@id\":\"https:\\\/\\\/bbqentertainment.com\\\/toode\\\/ombergi-puidust-loikelaud\\\/#breadcrumb\",\"itemListElement\":[{\"@type\":\"ListItem\",\"position\":1,\"name\":\"AVALEHT\",\"item\":\"https:\\\/\\\/bbqentertainment.com\\\/en\\\/\"},{\"@type\":\"ListItem\",\"position\":2,\"name\":\"Tooted\",\"item\":\"https:\\\/\\\/bbqentertainment.com\\\/tooted\\\/\"},{\"@type\":\"ListItem\",\"position\":3,\"name\":\"Lisatarvikud\",\"item\":\"https:\\\/\\\/bbqentertainment.com\\\/tootekategooria\\\/lisatarvikud\\\/\"},{\"@type\":\"ListItem\",\"position\":4,\"name\":\"Lisatarvikud Omberg\",\"item\":\"https:\\\/\\\/bbqentertainment.com\\\/tootekategooria\\\/lisatarvikud\\\/lisatarvikud-omberg\\\/\"},{\"@type\":\"ListItem\",\"position\":5,\"name\":\"OMBERG puidust l\u00f5ikelaud \\\/ serveerimisalus kastme topsikutega (50\u00d740 cm)\"}]},{\"@type\":\"WebSite\",\"@id\":\"https:\\\/\\\/bbqentertainment.com\\\/#website\",\"url\":\"https:\\\/\\\/bbqentertainment.com\\\/\",\"name\":\"BBQ Entertainment\",\"description\":\"BBQ is a great lifestyle, not just fun!\",\"publisher\":{\"@id\":\"https:\\\/\\\/bbqentertainment.com\\\/#organization\"},\"potentialAction\":[{\"@type\":\"SearchAction\",\"target\":{\"@type\":\"EntryPoint\",\"urlTemplate\":\"https:\\\/\\\/bbqentertainment.com\\\/?s={search_term_string}\"},\"query-input\":{\"@type\":\"PropertyValueSpecification\",\"valueRequired\":true,\"valueName\":\"search_term_string\"}}],\"inLanguage\":\"en-US\"},{\"@type\":\"Organization\",\"@id\":\"https:\\\/\\\/bbqentertainment.com\\\/#organization\",\"name\":\"BBQ Entertainment O\u00dc\",\"url\":\"https:\\\/\\\/bbqentertainment.com\\\/\",\"logo\":{\"@type\":\"ImageObject\",\"inLanguage\":\"en-US\",\"@id\":\"https:\\\/\\\/bbqentertainment.com\\\/#\\\/schema\\\/logo\\\/image\\\/\",\"url\":\"https:\\\/\\\/bbqentertainment.com\\\/wp-content\\\/uploads\\\/2020\\\/04\\\/BBQ-Entertainment-N-Catering-Enn-Tobreluts-Logo.png\",\"contentUrl\":\"https:\\\/\\\/bbqentertainment.com\\\/wp-content\\\/uploads\\\/2020\\\/04\\\/BBQ-Entertainment-N-Catering-Enn-Tobreluts-Logo.png\",\"width\":628,\"height\":266,\"caption\":\"BBQ Entertainment O\u00dc\"},\"image\":{\"@id\":\"https:\\\/\\\/bbqentertainment.com\\\/#\\\/schema\\\/logo\\\/image\\\/\"},\"sameAs\":[\"https:\\\/\\\/www.facebook.com\\\/BBQ-Entertainment-N-Catering-2437913376443540\",\"https:\\\/\\\/www.instagram.com\\\/bbqentertainmentncatering\\\/\",\"https:\\\/\\\/www.youtube.com\\\/channel\\\/UCmpuANQVhLy2Md8nrenp2jA\"]}]}<\/script>\n<!-- \/ Yoast SEO plugin. -->","yoast_head_json":{"title":"OMBERG puidust l\u00f5ikelaud \/ serveerimisalus kastme topsikutega (50\u00d740 cm) - BBQ Entertainment","robots":{"index":"index","follow":"follow","max-snippet":"max-snippet:-1","max-image-preview":"max-image-preview:large","max-video-preview":"max-video-preview:-1"},"canonical":"https:\/\/bbqentertainment.com\/toode\/ombergi-puidust-loikelaud\/","og_locale":"en_US","og_type":"article","og_title":"OMBERG puidust l\u00f5ikelaud \/ serveerimisalus kastme topsikutega (50\u00d740 cm) - BBQ Entertainment","og_description":"OMBERG puidust l\u00f5ikelaud \/ serveerimisalus kastme topsikutega (50x40 cm) Serveeri tervet einet pitmasteri stiilis! See l\u00f5ikelaud on ideaalne suupistete, piduroogade v\u00f5i erinevate lihat\u00fckkide jagamiseks, pakkudes t\u00f5elist pidus\u00f6\u00f6ki otse l\u00f5ikelaualt. Kaasas on neli dipikausikest, mis sobivad suurep\u00e4raselt kastmete v\u00f5i dippide jaoks.","og_url":"https:\/\/bbqentertainment.com\/toode\/ombergi-puidust-loikelaud\/","og_site_name":"BBQ Entertainment","article_publisher":"https:\/\/www.facebook.com\/BBQ-Entertainment-N-Catering-2437913376443540","article_modified_time":"2025-07-25T10:45:25+00:00","og_image":[{"width":1000,"height":1000,"url":"https:\/\/bbqentertainment.com\/wp-content\/uploads\/2024\/03\/7350133241102.jpg","type":"image\/jpeg"}],"twitter_card":"summary_large_image","twitter_misc":{"Est. reading time":"1 minute"},"schema":{"@context":"https:\/\/schema.org","@graph":[{"@type":["WebPage","ItemPage"],"@id":"https:\/\/bbqentertainment.com\/toode\/ombergi-puidust-loikelaud\/","url":"https:\/\/bbqentertainment.com\/toode\/ombergi-puidust-loikelaud\/","name":"OMBERG puidust l\u00f5ikelaud \/ serveerimisalus kastme topsikutega (50\u00d740 cm) - BBQ Entertainment","isPartOf":{"@id":"https:\/\/bbqentertainment.com\/#website"},"primaryImageOfPage":{"@id":"https:\/\/bbqentertainment.com\/toode\/ombergi-puidust-loikelaud\/#primaryimage"},"image":{"@id":"https:\/\/bbqentertainment.com\/toode\/ombergi-puidust-loikelaud\/#primaryimage"},"thumbnailUrl":"https:\/\/bbqentertainment.com\/wp-content\/uploads\/2024\/03\/7350133241102.jpg","datePublished":"2024-03-10T09:06:09+00:00","dateModified":"2025-07-25T10:45:25+00:00","breadcrumb":{"@id":"https:\/\/bbqentertainment.com\/toode\/ombergi-puidust-loikelaud\/#breadcrumb"},"inLanguage":"en-US","potentialAction":[{"@type":"ReadAction","target":["https:\/\/bbqentertainment.com\/toode\/ombergi-puidust-loikelaud\/"]}]},{"@type":"ImageObject","inLanguage":"en-US","@id":"https:\/\/bbqentertainment.com\/toode\/ombergi-puidust-loikelaud\/#primaryimage","url":"https:\/\/bbqentertainment.com\/wp-content\/uploads\/2024\/03\/7350133241102.jpg","contentUrl":"https:\/\/bbqentertainment.com\/wp-content\/uploads\/2024\/03\/7350133241102.jpg","width":1000,"height":1000},{"@type":"BreadcrumbList","@id":"https:\/\/bbqentertainment.com\/toode\/ombergi-puidust-loikelaud\/#breadcrumb","itemListElement":[{"@type":"ListItem","position":1,"name":"AVALEHT","item":"https:\/\/bbqentertainment.com\/en\/"},{"@type":"ListItem","position":2,"name":"Tooted","item":"https:\/\/bbqentertainment.com\/tooted\/"},{"@type":"ListItem","position":3,"name":"Lisatarvikud","item":"https:\/\/bbqentertainment.com\/tootekategooria\/lisatarvikud\/"},{"@type":"ListItem","position":4,"name":"Lisatarvikud Omberg","item":"https:\/\/bbqentertainment.com\/tootekategooria\/lisatarvikud\/lisatarvikud-omberg\/"},{"@type":"ListItem","position":5,"name":"OMBERG puidust l\u00f5ikelaud \/ serveerimisalus kastme topsikutega (50\u00d740 cm)"}]},{"@type":"WebSite","@id":"https:\/\/bbqentertainment.com\/#website","url":"https:\/\/bbqentertainment.com\/","name":"BBQ Entertainment","description":"BBQ is a great lifestyle, not just fun!","publisher":{"@id":"https:\/\/bbqentertainment.com\/#organization"},"potentialAction":[{"@type":"SearchAction","target":{"@type":"EntryPoint","urlTemplate":"https:\/\/bbqentertainment.com\/?s={search_term_string}"},"query-input":{"@type":"PropertyValueSpecification","valueRequired":true,"valueName":"search_term_string"}}],"inLanguage":"en-US"},{"@type":"Organization","@id":"https:\/\/bbqentertainment.com\/#organization","name":"BBQ Entertainment O\u00dc","url":"https:\/\/bbqentertainment.com\/","logo":{"@type":"ImageObject","inLanguage":"en-US","@id":"https:\/\/bbqentertainment.com\/#\/schema\/logo\/image\/","url":"https:\/\/bbqentertainment.com\/wp-content\/uploads\/2020\/04\/BBQ-Entertainment-N-Catering-Enn-Tobreluts-Logo.png","contentUrl":"https:\/\/bbqentertainment.com\/wp-content\/uploads\/2020\/04\/BBQ-Entertainment-N-Catering-Enn-Tobreluts-Logo.png","width":628,"height":266,"caption":"BBQ Entertainment O\u00dc"},"image":{"@id":"https:\/\/bbqentertainment.com\/#\/schema\/logo\/image\/"},"sameAs":["https:\/\/www.facebook.com\/BBQ-Entertainment-N-Catering-2437913376443540","https:\/\/www.instagram.com\/bbqentertainmentncatering\/","https:\/\/www.youtube.com\/channel\/UCmpuANQVhLy2Md8nrenp2jA"]}]}},"_links":{"self":[{"href":"https:\/\/bbqentertainment.com\/en\/wp-json\/wp\/v2\/product\/246495","targetHints":{"allow":["GET"]}}],"collection":[{"href":"https:\/\/bbqentertainment.com\/en\/wp-json\/wp\/v2\/product"}],"about":[{"href":"https:\/\/bbqentertainment.com\/en\/wp-json\/wp\/v2\/types\/product"}],"wp:featuredmedia":[{"embeddable":true,"href":"https:\/\/bbqentertainment.com\/en\/wp-json\/wp\/v2\/media\/246504"}],"wp:attachment":[{"href":"https:\/\/bbqentertainment.com\/en\/wp-json\/wp\/v2\/media?parent=246495"}],"wp:term":[{"taxonomy":"product_brand","embeddable":true,"href":"https:\/\/bbqentertainment.com\/en\/wp-json\/wp\/v2\/product_brand?post=246495"},{"taxonomy":"product_cat","embeddable":true,"href":"https:\/\/bbqentertainment.com\/en\/wp-json\/wp\/v2\/product_cat?post=246495"},{"taxonomy":"product_tag","embeddable":true,"href":"https:\/\/bbqentertainment.com\/en\/wp-json\/wp\/v2\/product_tag?post=246495"}],"curies":[{"name":"wp","href":"https:\/\/api.w.org\/{rel}","templated":true}]}}