{"id":246530,"date":"2024-03-06T19:07:45","date_gmt":"2024-03-06T17:07:45","guid":{"rendered":"https:\/\/bbqentertainment.com\/?post_type=product&#038;p=246530"},"modified":"2025-11-05T08:29:57","modified_gmt":"2025-11-05T06:29:57","slug":"bad-byrons-jubilee-seafood-seasoning-maitseainesegu-115g","status":"publish","type":"product","link":"https:\/\/bbqentertainment.com\/en\/toode\/bad-byrons-jubilee-seafood-seasoning-maitseainesegu-115g\/","title":{"rendered":"Bad Byron\u2019s Jubilee Seafood Seasoning \/ maitseainesegu 115g"},"content":{"rendered":"<p>Koostisosad:\u00a0sool, suhkur, paprika, sidrunipulber (maltodekstriin, sidrunip\u00fcree, sidrunhape, suhkur ja sidrunimahl), Worcestershire\u2019i pulber (maisisiirupi kuivained, sool, karamelliv\u00e4rv, k\u00fc\u00fcslauk, suhkur, v\u00fcrtsid, sojakaste (looduslikult fermenteeritud nisu ja soja), sool maltodekstriin, karmelv\u00e4rv), palmi\u00f5li, tamarind, looduslik jahu ja sulfiteeriv aine.) v\u00fcrtsid, k\u00fc\u00fcslauk, sibul, seller, murulauk, MSG, soja\u00f5li)<\/p>\n","protected":false},"excerpt":{"rendered":"<h3>Bad Byron\u2019s Jubilee Seafood Seasoning \/ maitseainesegu 115g<\/h3>\n<p><strong>Bad Byron\u2019s Jubilee Seafood Maitseainesegu<\/strong><\/p>\n<p>Tutvustame Bad Byron\u2019s Jubilee Seafood maitseainesegu \u2013 loodud mereandide meistri Byroni poolt, kes 2023. aastal p\u00e4lvis tunnustuse BBQ kuulsuste hallis. Byron sai laialdase kuulsuse oma esimese BBQ maitseaineseguga &#8220;Butt Rub&#8221;, mis oli esimene t\u00f5eline BBQ entusiastide poolt loodud maitseainesegu, mis j\u00f5udis suurte jaekettide riiulitele. Jubilee Seafood maitseainesegu on t\u00e4pselt see, mida nimi lubab \u2013 sobilik igale mereannile.<\/p>\n<p>Byron on t\u00f5eline meister kalade grillimisel. Kui tema &#8220;Butt Rub&#8221; on suurep\u00e4rane \u00fcllatus punase kala jaoks, siis Jubilee maitseainesegu, mis erinevalt &#8220;Butt Rub&#8221;ist sisaldab ka natuke suhkrut, on spetsiaalselt loodud mereandide jaoks. Selle koostisosad peegeldavad puhtalt mereandidele suunatud maitseprofiili.<\/p>\n<p>Bad Byron\u2019s Jubilee maitseainesegu sobib suurep\u00e4raselt ka k\u00f6\u00f6giviljade maitsestamiseks. Kasuta seda julgelt, et lisada oma taimsetele roogadele uut m\u00f5\u00f5det ja tuua esile erinevaid maitseid, r\u00f5hutades nii mereandide kui ka k\u00f6\u00f6giviljade naturaalseid noote.<\/p>\n","protected":false},"featured_media":246531,"template":"","meta":{"inline_featured_image":false},"product_brand":[],"product_cat":[28,491],"product_tag":[],"class_list":{"0":"post-246530","1":"product","2":"type-product","3":"status-publish","4":"has-post-thumbnail","6":"product_cat-maitseandjad","7":"product_cat-ameerika-bbq-rubid-kastmed","9":"first","10":"instock","11":"taxable","12":"shipping-taxable","13":"purchasable","14":"product-type-simple"},"yoast_head":"<!-- This site is optimized with the Yoast SEO plugin v27.4 - https:\/\/yoast.com\/product\/yoast-seo-wordpress\/ -->\n<title>Bad Byron\u2019s Jubilee Seafood Seasoning \/ maitseainesegu 115g - BBQ Entertainment<\/title>\n<meta name=\"robots\" content=\"index, follow, max-snippet:-1, max-image-preview:large, max-video-preview:-1\" \/>\n<link rel=\"canonical\" href=\"https:\/\/bbqentertainment.com\/toode\/bad-byrons-jubilee-seafood-seasoning-maitseainesegu-115g\/\" \/>\n<meta property=\"og:locale\" content=\"en_US\" \/>\n<meta property=\"og:type\" content=\"article\" \/>\n<meta property=\"og:title\" content=\"Bad Byron\u2019s Jubilee Seafood Seasoning \/ maitseainesegu 115g - BBQ Entertainment\" \/>\n<meta property=\"og:description\" content=\"Bad Byron\u2019s Jubilee Seafood Seasoning \/ maitseainesegu 115g Bad Byron\u2019s Jubilee Seafood Maitseainesegu  Tutvustame Bad Byron\u2019s Jubilee Seafood maitseainesegu \u2013 loodud mereandide meistri Byroni poolt, kes 2023. aastal p\u00e4lvis tunnustuse BBQ kuulsuste hallis. Byron sai laialdase kuulsuse oma esimese BBQ maitseaineseguga &quot;Butt Rub&quot;, mis oli esimene t\u00f5eline BBQ entusiastide poolt loodud maitseainesegu, mis j\u00f5udis suurte jaekettide riiulitele. Jubilee Seafood maitseainesegu on t\u00e4pselt see, mida nimi lubab \u2013 sobilik igale mereannile.  Byron on t\u00f5eline meister kalade grillimisel. Kui tema &quot;Butt Rub&quot; on suurep\u00e4rane \u00fcllatus punase kala jaoks, siis Jubilee maitseainesegu, mis erinevalt &quot;Butt Rub&quot;ist sisaldab ka natuke suhkrut, on spetsiaalselt loodud mereandide jaoks. Selle koostisosad peegeldavad puhtalt mereandidele suunatud maitseprofiili.  Bad Byron\u2019s Jubilee maitseainesegu sobib suurep\u00e4raselt ka k\u00f6\u00f6giviljade maitsestamiseks. Kasuta seda julgelt, et lisada oma taimsetele roogadele uut m\u00f5\u00f5det ja tuua esile erinevaid maitseid, r\u00f5hutades nii mereandide kui ka k\u00f6\u00f6giviljade naturaalseid noote.\" \/>\n<meta property=\"og:url\" content=\"https:\/\/bbqentertainment.com\/toode\/bad-byrons-jubilee-seafood-seasoning-maitseainesegu-115g\/\" \/>\n<meta property=\"og:site_name\" content=\"BBQ Entertainment\" \/>\n<meta property=\"article:publisher\" content=\"https:\/\/www.facebook.com\/BBQ-Entertainment-N-Catering-2437913376443540\" \/>\n<meta property=\"article:modified_time\" content=\"2025-11-05T06:29:57+00:00\" \/>\n<meta property=\"og:image\" content=\"https:\/\/bbqentertainment.com\/wp-content\/uploads\/2024\/03\/BBQ-Entertainment-Bad-Byrons-Jubilee-Seafood-Seasoning-maitseainesegu-115g.jpg\" \/>\n\t<meta property=\"og:image:width\" content=\"1080\" \/>\n\t<meta property=\"og:image:height\" content=\"1080\" \/>\n\t<meta property=\"og:image:type\" content=\"image\/jpeg\" \/>\n<meta name=\"twitter:card\" content=\"summary_large_image\" \/>\n<meta name=\"twitter:label1\" content=\"Est. reading time\" \/>\n\t<meta name=\"twitter:data1\" content=\"1 minute\" \/>\n<script type=\"application\/ld+json\" class=\"yoast-schema-graph\">{\"@context\":\"https:\\\/\\\/schema.org\",\"@graph\":[{\"@type\":[\"WebPage\",\"ItemPage\"],\"@id\":\"https:\\\/\\\/bbqentertainment.com\\\/toode\\\/bad-byrons-jubilee-seafood-seasoning-maitseainesegu-115g\\\/\",\"url\":\"https:\\\/\\\/bbqentertainment.com\\\/toode\\\/bad-byrons-jubilee-seafood-seasoning-maitseainesegu-115g\\\/\",\"name\":\"Bad Byron\u2019s Jubilee Seafood Seasoning \\\/ maitseainesegu 115g - BBQ Entertainment\",\"isPartOf\":{\"@id\":\"https:\\\/\\\/bbqentertainment.com\\\/#website\"},\"primaryImageOfPage\":{\"@id\":\"https:\\\/\\\/bbqentertainment.com\\\/toode\\\/bad-byrons-jubilee-seafood-seasoning-maitseainesegu-115g\\\/#primaryimage\"},\"image\":{\"@id\":\"https:\\\/\\\/bbqentertainment.com\\\/toode\\\/bad-byrons-jubilee-seafood-seasoning-maitseainesegu-115g\\\/#primaryimage\"},\"thumbnailUrl\":\"https:\\\/\\\/bbqentertainment.com\\\/wp-content\\\/uploads\\\/2024\\\/03\\\/BBQ-Entertainment-Bad-Byrons-Jubilee-Seafood-Seasoning-maitseainesegu-115g.jpg\",\"datePublished\":\"2024-03-06T17:07:45+00:00\",\"dateModified\":\"2025-11-05T06:29:57+00:00\",\"breadcrumb\":{\"@id\":\"https:\\\/\\\/bbqentertainment.com\\\/toode\\\/bad-byrons-jubilee-seafood-seasoning-maitseainesegu-115g\\\/#breadcrumb\"},\"inLanguage\":\"en-US\",\"potentialAction\":[{\"@type\":\"ReadAction\",\"target\":[\"https:\\\/\\\/bbqentertainment.com\\\/toode\\\/bad-byrons-jubilee-seafood-seasoning-maitseainesegu-115g\\\/\"]}]},{\"@type\":\"ImageObject\",\"inLanguage\":\"en-US\",\"@id\":\"https:\\\/\\\/bbqentertainment.com\\\/toode\\\/bad-byrons-jubilee-seafood-seasoning-maitseainesegu-115g\\\/#primaryimage\",\"url\":\"https:\\\/\\\/bbqentertainment.com\\\/wp-content\\\/uploads\\\/2024\\\/03\\\/BBQ-Entertainment-Bad-Byrons-Jubilee-Seafood-Seasoning-maitseainesegu-115g.jpg\",\"contentUrl\":\"https:\\\/\\\/bbqentertainment.com\\\/wp-content\\\/uploads\\\/2024\\\/03\\\/BBQ-Entertainment-Bad-Byrons-Jubilee-Seafood-Seasoning-maitseainesegu-115g.jpg\",\"width\":1080,\"height\":1080},{\"@type\":\"BreadcrumbList\",\"@id\":\"https:\\\/\\\/bbqentertainment.com\\\/toode\\\/bad-byrons-jubilee-seafood-seasoning-maitseainesegu-115g\\\/#breadcrumb\",\"itemListElement\":[{\"@type\":\"ListItem\",\"position\":1,\"name\":\"AVALEHT\",\"item\":\"https:\\\/\\\/bbqentertainment.com\\\/en\\\/\"},{\"@type\":\"ListItem\",\"position\":2,\"name\":\"Tooted\",\"item\":\"https:\\\/\\\/bbqentertainment.com\\\/tooted\\\/\"},{\"@type\":\"ListItem\",\"position\":3,\"name\":\"Maitseandjad\",\"item\":\"https:\\\/\\\/bbqentertainment.com\\\/en\\\/tootekategooria\\\/maitseandjad\\\/\"},{\"@type\":\"ListItem\",\"position\":4,\"name\":\"AMEERIKA BBQ RUBID \\\/ KASTMED\",\"item\":\"https:\\\/\\\/bbqentertainment.com\\\/tootekategooria\\\/maitseandjad\\\/ameerika-bbq-rubid-kastmed\\\/\"},{\"@type\":\"ListItem\",\"position\":5,\"name\":\"Bad Byron\u2019s Jubilee Seafood Seasoning \\\/ maitseainesegu 115g\"}]},{\"@type\":\"WebSite\",\"@id\":\"https:\\\/\\\/bbqentertainment.com\\\/#website\",\"url\":\"https:\\\/\\\/bbqentertainment.com\\\/\",\"name\":\"BBQ Entertainment\",\"description\":\"BBQ is a great lifestyle, not just fun!\",\"publisher\":{\"@id\":\"https:\\\/\\\/bbqentertainment.com\\\/#organization\"},\"potentialAction\":[{\"@type\":\"SearchAction\",\"target\":{\"@type\":\"EntryPoint\",\"urlTemplate\":\"https:\\\/\\\/bbqentertainment.com\\\/?s={search_term_string}\"},\"query-input\":{\"@type\":\"PropertyValueSpecification\",\"valueRequired\":true,\"valueName\":\"search_term_string\"}}],\"inLanguage\":\"en-US\"},{\"@type\":\"Organization\",\"@id\":\"https:\\\/\\\/bbqentertainment.com\\\/#organization\",\"name\":\"BBQ Entertainment O\u00dc\",\"url\":\"https:\\\/\\\/bbqentertainment.com\\\/\",\"logo\":{\"@type\":\"ImageObject\",\"inLanguage\":\"en-US\",\"@id\":\"https:\\\/\\\/bbqentertainment.com\\\/#\\\/schema\\\/logo\\\/image\\\/\",\"url\":\"https:\\\/\\\/bbqentertainment.com\\\/wp-content\\\/uploads\\\/2020\\\/04\\\/BBQ-Entertainment-N-Catering-Enn-Tobreluts-Logo.png\",\"contentUrl\":\"https:\\\/\\\/bbqentertainment.com\\\/wp-content\\\/uploads\\\/2020\\\/04\\\/BBQ-Entertainment-N-Catering-Enn-Tobreluts-Logo.png\",\"width\":628,\"height\":266,\"caption\":\"BBQ Entertainment O\u00dc\"},\"image\":{\"@id\":\"https:\\\/\\\/bbqentertainment.com\\\/#\\\/schema\\\/logo\\\/image\\\/\"},\"sameAs\":[\"https:\\\/\\\/www.facebook.com\\\/BBQ-Entertainment-N-Catering-2437913376443540\",\"https:\\\/\\\/www.instagram.com\\\/bbqentertainmentncatering\\\/\",\"https:\\\/\\\/www.youtube.com\\\/channel\\\/UCmpuANQVhLy2Md8nrenp2jA\"]}]}<\/script>\n<!-- \/ Yoast SEO plugin. -->","yoast_head_json":{"title":"Bad Byron\u2019s Jubilee Seafood Seasoning \/ maitseainesegu 115g - BBQ Entertainment","robots":{"index":"index","follow":"follow","max-snippet":"max-snippet:-1","max-image-preview":"max-image-preview:large","max-video-preview":"max-video-preview:-1"},"canonical":"https:\/\/bbqentertainment.com\/toode\/bad-byrons-jubilee-seafood-seasoning-maitseainesegu-115g\/","og_locale":"en_US","og_type":"article","og_title":"Bad Byron\u2019s Jubilee Seafood Seasoning \/ maitseainesegu 115g - BBQ Entertainment","og_description":"Bad Byron\u2019s Jubilee Seafood Seasoning \/ maitseainesegu 115g Bad Byron\u2019s Jubilee Seafood Maitseainesegu  Tutvustame Bad Byron\u2019s Jubilee Seafood maitseainesegu \u2013 loodud mereandide meistri Byroni poolt, kes 2023. aastal p\u00e4lvis tunnustuse BBQ kuulsuste hallis. Byron sai laialdase kuulsuse oma esimese BBQ maitseaineseguga \"Butt Rub\", mis oli esimene t\u00f5eline BBQ entusiastide poolt loodud maitseainesegu, mis j\u00f5udis suurte jaekettide riiulitele. Jubilee Seafood maitseainesegu on t\u00e4pselt see, mida nimi lubab \u2013 sobilik igale mereannile.  Byron on t\u00f5eline meister kalade grillimisel. Kui tema \"Butt Rub\" on suurep\u00e4rane \u00fcllatus punase kala jaoks, siis Jubilee maitseainesegu, mis erinevalt \"Butt Rub\"ist sisaldab ka natuke suhkrut, on spetsiaalselt loodud mereandide jaoks. Selle koostisosad peegeldavad puhtalt mereandidele suunatud maitseprofiili.  Bad Byron\u2019s Jubilee maitseainesegu sobib suurep\u00e4raselt ka k\u00f6\u00f6giviljade maitsestamiseks. Kasuta seda julgelt, et lisada oma taimsetele roogadele uut m\u00f5\u00f5det ja tuua esile erinevaid maitseid, r\u00f5hutades nii mereandide kui ka k\u00f6\u00f6giviljade naturaalseid noote.","og_url":"https:\/\/bbqentertainment.com\/toode\/bad-byrons-jubilee-seafood-seasoning-maitseainesegu-115g\/","og_site_name":"BBQ Entertainment","article_publisher":"https:\/\/www.facebook.com\/BBQ-Entertainment-N-Catering-2437913376443540","article_modified_time":"2025-11-05T06:29:57+00:00","og_image":[{"width":1080,"height":1080,"url":"https:\/\/bbqentertainment.com\/wp-content\/uploads\/2024\/03\/BBQ-Entertainment-Bad-Byrons-Jubilee-Seafood-Seasoning-maitseainesegu-115g.jpg","type":"image\/jpeg"}],"twitter_card":"summary_large_image","twitter_misc":{"Est. reading time":"1 minute"},"schema":{"@context":"https:\/\/schema.org","@graph":[{"@type":["WebPage","ItemPage"],"@id":"https:\/\/bbqentertainment.com\/toode\/bad-byrons-jubilee-seafood-seasoning-maitseainesegu-115g\/","url":"https:\/\/bbqentertainment.com\/toode\/bad-byrons-jubilee-seafood-seasoning-maitseainesegu-115g\/","name":"Bad Byron\u2019s Jubilee Seafood Seasoning \/ maitseainesegu 115g - BBQ Entertainment","isPartOf":{"@id":"https:\/\/bbqentertainment.com\/#website"},"primaryImageOfPage":{"@id":"https:\/\/bbqentertainment.com\/toode\/bad-byrons-jubilee-seafood-seasoning-maitseainesegu-115g\/#primaryimage"},"image":{"@id":"https:\/\/bbqentertainment.com\/toode\/bad-byrons-jubilee-seafood-seasoning-maitseainesegu-115g\/#primaryimage"},"thumbnailUrl":"https:\/\/bbqentertainment.com\/wp-content\/uploads\/2024\/03\/BBQ-Entertainment-Bad-Byrons-Jubilee-Seafood-Seasoning-maitseainesegu-115g.jpg","datePublished":"2024-03-06T17:07:45+00:00","dateModified":"2025-11-05T06:29:57+00:00","breadcrumb":{"@id":"https:\/\/bbqentertainment.com\/toode\/bad-byrons-jubilee-seafood-seasoning-maitseainesegu-115g\/#breadcrumb"},"inLanguage":"en-US","potentialAction":[{"@type":"ReadAction","target":["https:\/\/bbqentertainment.com\/toode\/bad-byrons-jubilee-seafood-seasoning-maitseainesegu-115g\/"]}]},{"@type":"ImageObject","inLanguage":"en-US","@id":"https:\/\/bbqentertainment.com\/toode\/bad-byrons-jubilee-seafood-seasoning-maitseainesegu-115g\/#primaryimage","url":"https:\/\/bbqentertainment.com\/wp-content\/uploads\/2024\/03\/BBQ-Entertainment-Bad-Byrons-Jubilee-Seafood-Seasoning-maitseainesegu-115g.jpg","contentUrl":"https:\/\/bbqentertainment.com\/wp-content\/uploads\/2024\/03\/BBQ-Entertainment-Bad-Byrons-Jubilee-Seafood-Seasoning-maitseainesegu-115g.jpg","width":1080,"height":1080},{"@type":"BreadcrumbList","@id":"https:\/\/bbqentertainment.com\/toode\/bad-byrons-jubilee-seafood-seasoning-maitseainesegu-115g\/#breadcrumb","itemListElement":[{"@type":"ListItem","position":1,"name":"AVALEHT","item":"https:\/\/bbqentertainment.com\/en\/"},{"@type":"ListItem","position":2,"name":"Tooted","item":"https:\/\/bbqentertainment.com\/tooted\/"},{"@type":"ListItem","position":3,"name":"Maitseandjad","item":"https:\/\/bbqentertainment.com\/en\/tootekategooria\/maitseandjad\/"},{"@type":"ListItem","position":4,"name":"AMEERIKA BBQ RUBID \/ KASTMED","item":"https:\/\/bbqentertainment.com\/tootekategooria\/maitseandjad\/ameerika-bbq-rubid-kastmed\/"},{"@type":"ListItem","position":5,"name":"Bad Byron\u2019s Jubilee Seafood Seasoning \/ maitseainesegu 115g"}]},{"@type":"WebSite","@id":"https:\/\/bbqentertainment.com\/#website","url":"https:\/\/bbqentertainment.com\/","name":"BBQ Entertainment","description":"BBQ is a great lifestyle, not just fun!","publisher":{"@id":"https:\/\/bbqentertainment.com\/#organization"},"potentialAction":[{"@type":"SearchAction","target":{"@type":"EntryPoint","urlTemplate":"https:\/\/bbqentertainment.com\/?s={search_term_string}"},"query-input":{"@type":"PropertyValueSpecification","valueRequired":true,"valueName":"search_term_string"}}],"inLanguage":"en-US"},{"@type":"Organization","@id":"https:\/\/bbqentertainment.com\/#organization","name":"BBQ Entertainment O\u00dc","url":"https:\/\/bbqentertainment.com\/","logo":{"@type":"ImageObject","inLanguage":"en-US","@id":"https:\/\/bbqentertainment.com\/#\/schema\/logo\/image\/","url":"https:\/\/bbqentertainment.com\/wp-content\/uploads\/2020\/04\/BBQ-Entertainment-N-Catering-Enn-Tobreluts-Logo.png","contentUrl":"https:\/\/bbqentertainment.com\/wp-content\/uploads\/2020\/04\/BBQ-Entertainment-N-Catering-Enn-Tobreluts-Logo.png","width":628,"height":266,"caption":"BBQ Entertainment O\u00dc"},"image":{"@id":"https:\/\/bbqentertainment.com\/#\/schema\/logo\/image\/"},"sameAs":["https:\/\/www.facebook.com\/BBQ-Entertainment-N-Catering-2437913376443540","https:\/\/www.instagram.com\/bbqentertainmentncatering\/","https:\/\/www.youtube.com\/channel\/UCmpuANQVhLy2Md8nrenp2jA"]}]}},"_links":{"self":[{"href":"https:\/\/bbqentertainment.com\/en\/wp-json\/wp\/v2\/product\/246530","targetHints":{"allow":["GET"]}}],"collection":[{"href":"https:\/\/bbqentertainment.com\/en\/wp-json\/wp\/v2\/product"}],"about":[{"href":"https:\/\/bbqentertainment.com\/en\/wp-json\/wp\/v2\/types\/product"}],"wp:featuredmedia":[{"embeddable":true,"href":"https:\/\/bbqentertainment.com\/en\/wp-json\/wp\/v2\/media\/246531"}],"wp:attachment":[{"href":"https:\/\/bbqentertainment.com\/en\/wp-json\/wp\/v2\/media?parent=246530"}],"wp:term":[{"taxonomy":"product_brand","embeddable":true,"href":"https:\/\/bbqentertainment.com\/en\/wp-json\/wp\/v2\/product_brand?post=246530"},{"taxonomy":"product_cat","embeddable":true,"href":"https:\/\/bbqentertainment.com\/en\/wp-json\/wp\/v2\/product_cat?post=246530"},{"taxonomy":"product_tag","embeddable":true,"href":"https:\/\/bbqentertainment.com\/en\/wp-json\/wp\/v2\/product_tag?post=246530"}],"curies":[{"name":"wp","href":"https:\/\/api.w.org\/{rel}","templated":true}]}}