{"id":246533,"date":"2024-03-06T19:10:57","date_gmt":"2024-03-06T17:10:57","guid":{"rendered":"https:\/\/bbqentertainment.com\/?post_type=product&#038;p=246533"},"modified":"2025-11-10T14:45:17","modified_gmt":"2025-11-10T12:45:17","slug":"bad-byrons-butt-rub-competition-bbq-kaste-396g","status":"publish","type":"product","link":"https:\/\/bbqentertainment.com\/en\/toode\/bad-byrons-butt-rub-competition-bbq-kaste-396g\/","title":{"rendered":"Bad Byron\u2019s Butt Rub Competition BBQ kaste 396g"},"content":{"rendered":"<p>Koostisosad: ket\u0161up, puhas konservisiirup, \u00f5una\u00e4\u00e4dikas, vesi, Worcestershire\u2019i kaste, kirsid, puhas roosuhkur, k\u00fc\u00fcslaugusool, modifitseerimata maisit\u00e4rklis, Bad Byron Buttrub[sibul, k\u00fc\u00fcslauk, sool, pipar, paprika, chipotle (suitsutatud jalapeno), soola, musta pipart, k\u00fc\u00fcslaugupulbrit, sibulapulbrit<\/p>\n","protected":false},"excerpt":{"rendered":"<h3><strong>Bad Byron\u2019s Butt Rub Competition BBQ kaste 396g<\/strong><\/h3>\n<p>Avasta Bad Byroni legendaarse Butt Rub\u00ae BBQ maitseaine kauaoodatud kaaslane \u2013 Competition BBQ kaste. Alates 1997. aastast on Butt Rub\u00ae oma kasvu ja populaarsusega BBQ maailmas laineid l\u00f6\u00f6nud. N\u00fc\u00fcd on aeg tuua oma grillroogadele see sama armastatud maitse l\u00e4bi Byroni autentse BBQ kastme.<\/p>\n<p>Bad Byron\u2019s Butt Rub Competition BBQ kaste toob esile parimad grillimise maitsed, olles perfektne valik iga BBQ meistri valikus.<\/p>\n","protected":false},"featured_media":246534,"template":"","meta":{"inline_featured_image":false},"product_brand":[],"product_cat":[28,581,491],"product_tag":[],"class_list":{"0":"post-246533","1":"product","2":"type-product","3":"status-publish","4":"has-post-thumbnail","6":"product_cat-maitseandjad","7":"product_cat-bbq-kastmed","8":"product_cat-ameerika-bbq-rubid-kastmed","10":"first","11":"instock","12":"taxable","13":"shipping-taxable","14":"purchasable","15":"product-type-simple"},"yoast_head":"<!-- This site is optimized with the Yoast SEO plugin v27.4 - https:\/\/yoast.com\/product\/yoast-seo-wordpress\/ -->\n<title>Bad Byron\u2019s Butt Rub Competition BBQ kaste 396g - BBQ Entertainment<\/title>\n<meta name=\"robots\" content=\"index, follow, max-snippet:-1, max-image-preview:large, max-video-preview:-1\" \/>\n<link rel=\"canonical\" href=\"https:\/\/bbqentertainment.com\/toode\/bad-byrons-butt-rub-competition-bbq-kaste-396g\/\" \/>\n<meta property=\"og:locale\" content=\"en_US\" \/>\n<meta property=\"og:type\" content=\"article\" \/>\n<meta property=\"og:title\" content=\"Bad Byron\u2019s Butt Rub Competition BBQ kaste 396g - BBQ Entertainment\" \/>\n<meta property=\"og:description\" content=\"Bad Byron\u2019s Butt Rub Competition BBQ kaste 396g Avasta Bad Byroni legendaarse Butt Rub\u00ae BBQ maitseaine kauaoodatud kaaslane \u2013 Competition BBQ kaste. Alates 1997. aastast on Butt Rub\u00ae oma kasvu ja populaarsusega BBQ maailmas laineid l\u00f6\u00f6nud. N\u00fc\u00fcd on aeg tuua oma grillroogadele see sama armastatud maitse l\u00e4bi Byroni autentse BBQ kastme.  Bad Byron\u2019s Butt Rub Competition BBQ kaste toob esile parimad grillimise maitsed, olles perfektne valik iga BBQ meistri valikus.\" \/>\n<meta property=\"og:url\" content=\"https:\/\/bbqentertainment.com\/toode\/bad-byrons-butt-rub-competition-bbq-kaste-396g\/\" \/>\n<meta property=\"og:site_name\" content=\"BBQ Entertainment\" \/>\n<meta property=\"article:publisher\" content=\"https:\/\/www.facebook.com\/BBQ-Entertainment-N-Catering-2437913376443540\" \/>\n<meta property=\"article:modified_time\" content=\"2025-11-10T12:45:17+00:00\" \/>\n<meta property=\"og:image\" content=\"https:\/\/bbqentertainment.com\/wp-content\/uploads\/2024\/03\/BBQ-Entertainment-Bad-Byrons-Butt-Rub-Competition-BBQ-Sauce.jpg\" \/>\n\t<meta property=\"og:image:width\" content=\"1080\" \/>\n\t<meta property=\"og:image:height\" content=\"1080\" \/>\n\t<meta property=\"og:image:type\" content=\"image\/jpeg\" \/>\n<meta name=\"twitter:card\" content=\"summary_large_image\" \/>\n<meta name=\"twitter:label1\" content=\"Est. reading time\" \/>\n\t<meta name=\"twitter:data1\" content=\"1 minute\" \/>\n<script type=\"application\/ld+json\" class=\"yoast-schema-graph\">{\"@context\":\"https:\\\/\\\/schema.org\",\"@graph\":[{\"@type\":[\"WebPage\",\"ItemPage\"],\"@id\":\"https:\\\/\\\/bbqentertainment.com\\\/toode\\\/bad-byrons-butt-rub-competition-bbq-kaste-396g\\\/\",\"url\":\"https:\\\/\\\/bbqentertainment.com\\\/toode\\\/bad-byrons-butt-rub-competition-bbq-kaste-396g\\\/\",\"name\":\"Bad Byron\u2019s Butt Rub Competition BBQ kaste 396g - BBQ Entertainment\",\"isPartOf\":{\"@id\":\"https:\\\/\\\/bbqentertainment.com\\\/#website\"},\"primaryImageOfPage\":{\"@id\":\"https:\\\/\\\/bbqentertainment.com\\\/toode\\\/bad-byrons-butt-rub-competition-bbq-kaste-396g\\\/#primaryimage\"},\"image\":{\"@id\":\"https:\\\/\\\/bbqentertainment.com\\\/toode\\\/bad-byrons-butt-rub-competition-bbq-kaste-396g\\\/#primaryimage\"},\"thumbnailUrl\":\"https:\\\/\\\/bbqentertainment.com\\\/wp-content\\\/uploads\\\/2024\\\/03\\\/BBQ-Entertainment-Bad-Byrons-Butt-Rub-Competition-BBQ-Sauce.jpg\",\"datePublished\":\"2024-03-06T17:10:57+00:00\",\"dateModified\":\"2025-11-10T12:45:17+00:00\",\"breadcrumb\":{\"@id\":\"https:\\\/\\\/bbqentertainment.com\\\/toode\\\/bad-byrons-butt-rub-competition-bbq-kaste-396g\\\/#breadcrumb\"},\"inLanguage\":\"en-US\",\"potentialAction\":[{\"@type\":\"ReadAction\",\"target\":[\"https:\\\/\\\/bbqentertainment.com\\\/toode\\\/bad-byrons-butt-rub-competition-bbq-kaste-396g\\\/\"]}]},{\"@type\":\"ImageObject\",\"inLanguage\":\"en-US\",\"@id\":\"https:\\\/\\\/bbqentertainment.com\\\/toode\\\/bad-byrons-butt-rub-competition-bbq-kaste-396g\\\/#primaryimage\",\"url\":\"https:\\\/\\\/bbqentertainment.com\\\/wp-content\\\/uploads\\\/2024\\\/03\\\/BBQ-Entertainment-Bad-Byrons-Butt-Rub-Competition-BBQ-Sauce.jpg\",\"contentUrl\":\"https:\\\/\\\/bbqentertainment.com\\\/wp-content\\\/uploads\\\/2024\\\/03\\\/BBQ-Entertainment-Bad-Byrons-Butt-Rub-Competition-BBQ-Sauce.jpg\",\"width\":1080,\"height\":1080},{\"@type\":\"BreadcrumbList\",\"@id\":\"https:\\\/\\\/bbqentertainment.com\\\/toode\\\/bad-byrons-butt-rub-competition-bbq-kaste-396g\\\/#breadcrumb\",\"itemListElement\":[{\"@type\":\"ListItem\",\"position\":1,\"name\":\"AVALEHT\",\"item\":\"https:\\\/\\\/bbqentertainment.com\\\/en\\\/\"},{\"@type\":\"ListItem\",\"position\":2,\"name\":\"Tooted\",\"item\":\"https:\\\/\\\/bbqentertainment.com\\\/tooted\\\/\"},{\"@type\":\"ListItem\",\"position\":3,\"name\":\"Maitseandjad\",\"item\":\"https:\\\/\\\/bbqentertainment.com\\\/en\\\/tootekategooria\\\/maitseandjad\\\/\"},{\"@type\":\"ListItem\",\"position\":4,\"name\":\"BBQ kastmed\",\"item\":\"https:\\\/\\\/bbqentertainment.com\\\/tootekategooria\\\/maitseandjad\\\/bbq-kastmed\\\/\"},{\"@type\":\"ListItem\",\"position\":5,\"name\":\"Bad Byron\u2019s Butt Rub Competition BBQ kaste 396g\"}]},{\"@type\":\"WebSite\",\"@id\":\"https:\\\/\\\/bbqentertainment.com\\\/#website\",\"url\":\"https:\\\/\\\/bbqentertainment.com\\\/\",\"name\":\"BBQ Entertainment\",\"description\":\"BBQ is a great lifestyle, not just fun!\",\"publisher\":{\"@id\":\"https:\\\/\\\/bbqentertainment.com\\\/#organization\"},\"potentialAction\":[{\"@type\":\"SearchAction\",\"target\":{\"@type\":\"EntryPoint\",\"urlTemplate\":\"https:\\\/\\\/bbqentertainment.com\\\/?s={search_term_string}\"},\"query-input\":{\"@type\":\"PropertyValueSpecification\",\"valueRequired\":true,\"valueName\":\"search_term_string\"}}],\"inLanguage\":\"en-US\"},{\"@type\":\"Organization\",\"@id\":\"https:\\\/\\\/bbqentertainment.com\\\/#organization\",\"name\":\"BBQ Entertainment O\u00dc\",\"url\":\"https:\\\/\\\/bbqentertainment.com\\\/\",\"logo\":{\"@type\":\"ImageObject\",\"inLanguage\":\"en-US\",\"@id\":\"https:\\\/\\\/bbqentertainment.com\\\/#\\\/schema\\\/logo\\\/image\\\/\",\"url\":\"https:\\\/\\\/bbqentertainment.com\\\/wp-content\\\/uploads\\\/2020\\\/04\\\/BBQ-Entertainment-N-Catering-Enn-Tobreluts-Logo.png\",\"contentUrl\":\"https:\\\/\\\/bbqentertainment.com\\\/wp-content\\\/uploads\\\/2020\\\/04\\\/BBQ-Entertainment-N-Catering-Enn-Tobreluts-Logo.png\",\"width\":628,\"height\":266,\"caption\":\"BBQ Entertainment O\u00dc\"},\"image\":{\"@id\":\"https:\\\/\\\/bbqentertainment.com\\\/#\\\/schema\\\/logo\\\/image\\\/\"},\"sameAs\":[\"https:\\\/\\\/www.facebook.com\\\/BBQ-Entertainment-N-Catering-2437913376443540\",\"https:\\\/\\\/www.instagram.com\\\/bbqentertainmentncatering\\\/\",\"https:\\\/\\\/www.youtube.com\\\/channel\\\/UCmpuANQVhLy2Md8nrenp2jA\"]}]}<\/script>\n<!-- \/ Yoast SEO plugin. -->","yoast_head_json":{"title":"Bad Byron\u2019s Butt Rub Competition BBQ kaste 396g - BBQ Entertainment","robots":{"index":"index","follow":"follow","max-snippet":"max-snippet:-1","max-image-preview":"max-image-preview:large","max-video-preview":"max-video-preview:-1"},"canonical":"https:\/\/bbqentertainment.com\/toode\/bad-byrons-butt-rub-competition-bbq-kaste-396g\/","og_locale":"en_US","og_type":"article","og_title":"Bad Byron\u2019s Butt Rub Competition BBQ kaste 396g - BBQ Entertainment","og_description":"Bad Byron\u2019s Butt Rub Competition BBQ kaste 396g Avasta Bad Byroni legendaarse Butt Rub\u00ae BBQ maitseaine kauaoodatud kaaslane \u2013 Competition BBQ kaste. Alates 1997. aastast on Butt Rub\u00ae oma kasvu ja populaarsusega BBQ maailmas laineid l\u00f6\u00f6nud. N\u00fc\u00fcd on aeg tuua oma grillroogadele see sama armastatud maitse l\u00e4bi Byroni autentse BBQ kastme.  Bad Byron\u2019s Butt Rub Competition BBQ kaste toob esile parimad grillimise maitsed, olles perfektne valik iga BBQ meistri valikus.","og_url":"https:\/\/bbqentertainment.com\/toode\/bad-byrons-butt-rub-competition-bbq-kaste-396g\/","og_site_name":"BBQ Entertainment","article_publisher":"https:\/\/www.facebook.com\/BBQ-Entertainment-N-Catering-2437913376443540","article_modified_time":"2025-11-10T12:45:17+00:00","og_image":[{"width":1080,"height":1080,"url":"https:\/\/bbqentertainment.com\/wp-content\/uploads\/2024\/03\/BBQ-Entertainment-Bad-Byrons-Butt-Rub-Competition-BBQ-Sauce.jpg","type":"image\/jpeg"}],"twitter_card":"summary_large_image","twitter_misc":{"Est. reading time":"1 minute"},"schema":{"@context":"https:\/\/schema.org","@graph":[{"@type":["WebPage","ItemPage"],"@id":"https:\/\/bbqentertainment.com\/toode\/bad-byrons-butt-rub-competition-bbq-kaste-396g\/","url":"https:\/\/bbqentertainment.com\/toode\/bad-byrons-butt-rub-competition-bbq-kaste-396g\/","name":"Bad Byron\u2019s Butt Rub Competition BBQ kaste 396g - BBQ Entertainment","isPartOf":{"@id":"https:\/\/bbqentertainment.com\/#website"},"primaryImageOfPage":{"@id":"https:\/\/bbqentertainment.com\/toode\/bad-byrons-butt-rub-competition-bbq-kaste-396g\/#primaryimage"},"image":{"@id":"https:\/\/bbqentertainment.com\/toode\/bad-byrons-butt-rub-competition-bbq-kaste-396g\/#primaryimage"},"thumbnailUrl":"https:\/\/bbqentertainment.com\/wp-content\/uploads\/2024\/03\/BBQ-Entertainment-Bad-Byrons-Butt-Rub-Competition-BBQ-Sauce.jpg","datePublished":"2024-03-06T17:10:57+00:00","dateModified":"2025-11-10T12:45:17+00:00","breadcrumb":{"@id":"https:\/\/bbqentertainment.com\/toode\/bad-byrons-butt-rub-competition-bbq-kaste-396g\/#breadcrumb"},"inLanguage":"en-US","potentialAction":[{"@type":"ReadAction","target":["https:\/\/bbqentertainment.com\/toode\/bad-byrons-butt-rub-competition-bbq-kaste-396g\/"]}]},{"@type":"ImageObject","inLanguage":"en-US","@id":"https:\/\/bbqentertainment.com\/toode\/bad-byrons-butt-rub-competition-bbq-kaste-396g\/#primaryimage","url":"https:\/\/bbqentertainment.com\/wp-content\/uploads\/2024\/03\/BBQ-Entertainment-Bad-Byrons-Butt-Rub-Competition-BBQ-Sauce.jpg","contentUrl":"https:\/\/bbqentertainment.com\/wp-content\/uploads\/2024\/03\/BBQ-Entertainment-Bad-Byrons-Butt-Rub-Competition-BBQ-Sauce.jpg","width":1080,"height":1080},{"@type":"BreadcrumbList","@id":"https:\/\/bbqentertainment.com\/toode\/bad-byrons-butt-rub-competition-bbq-kaste-396g\/#breadcrumb","itemListElement":[{"@type":"ListItem","position":1,"name":"AVALEHT","item":"https:\/\/bbqentertainment.com\/en\/"},{"@type":"ListItem","position":2,"name":"Tooted","item":"https:\/\/bbqentertainment.com\/tooted\/"},{"@type":"ListItem","position":3,"name":"Maitseandjad","item":"https:\/\/bbqentertainment.com\/en\/tootekategooria\/maitseandjad\/"},{"@type":"ListItem","position":4,"name":"BBQ kastmed","item":"https:\/\/bbqentertainment.com\/tootekategooria\/maitseandjad\/bbq-kastmed\/"},{"@type":"ListItem","position":5,"name":"Bad Byron\u2019s Butt Rub Competition BBQ kaste 396g"}]},{"@type":"WebSite","@id":"https:\/\/bbqentertainment.com\/#website","url":"https:\/\/bbqentertainment.com\/","name":"BBQ Entertainment","description":"BBQ is a great lifestyle, not just fun!","publisher":{"@id":"https:\/\/bbqentertainment.com\/#organization"},"potentialAction":[{"@type":"SearchAction","target":{"@type":"EntryPoint","urlTemplate":"https:\/\/bbqentertainment.com\/?s={search_term_string}"},"query-input":{"@type":"PropertyValueSpecification","valueRequired":true,"valueName":"search_term_string"}}],"inLanguage":"en-US"},{"@type":"Organization","@id":"https:\/\/bbqentertainment.com\/#organization","name":"BBQ Entertainment O\u00dc","url":"https:\/\/bbqentertainment.com\/","logo":{"@type":"ImageObject","inLanguage":"en-US","@id":"https:\/\/bbqentertainment.com\/#\/schema\/logo\/image\/","url":"https:\/\/bbqentertainment.com\/wp-content\/uploads\/2020\/04\/BBQ-Entertainment-N-Catering-Enn-Tobreluts-Logo.png","contentUrl":"https:\/\/bbqentertainment.com\/wp-content\/uploads\/2020\/04\/BBQ-Entertainment-N-Catering-Enn-Tobreluts-Logo.png","width":628,"height":266,"caption":"BBQ Entertainment O\u00dc"},"image":{"@id":"https:\/\/bbqentertainment.com\/#\/schema\/logo\/image\/"},"sameAs":["https:\/\/www.facebook.com\/BBQ-Entertainment-N-Catering-2437913376443540","https:\/\/www.instagram.com\/bbqentertainmentncatering\/","https:\/\/www.youtube.com\/channel\/UCmpuANQVhLy2Md8nrenp2jA"]}]}},"_links":{"self":[{"href":"https:\/\/bbqentertainment.com\/en\/wp-json\/wp\/v2\/product\/246533","targetHints":{"allow":["GET"]}}],"collection":[{"href":"https:\/\/bbqentertainment.com\/en\/wp-json\/wp\/v2\/product"}],"about":[{"href":"https:\/\/bbqentertainment.com\/en\/wp-json\/wp\/v2\/types\/product"}],"wp:featuredmedia":[{"embeddable":true,"href":"https:\/\/bbqentertainment.com\/en\/wp-json\/wp\/v2\/media\/246534"}],"wp:attachment":[{"href":"https:\/\/bbqentertainment.com\/en\/wp-json\/wp\/v2\/media?parent=246533"}],"wp:term":[{"taxonomy":"product_brand","embeddable":true,"href":"https:\/\/bbqentertainment.com\/en\/wp-json\/wp\/v2\/product_brand?post=246533"},{"taxonomy":"product_cat","embeddable":true,"href":"https:\/\/bbqentertainment.com\/en\/wp-json\/wp\/v2\/product_cat?post=246533"},{"taxonomy":"product_tag","embeddable":true,"href":"https:\/\/bbqentertainment.com\/en\/wp-json\/wp\/v2\/product_tag?post=246533"}],"curies":[{"name":"wp","href":"https:\/\/api.w.org\/{rel}","templated":true}]}}