{"id":246536,"date":"2024-03-06T19:14:14","date_gmt":"2024-03-06T17:14:14","guid":{"rendered":"https:\/\/bbqentertainment.com\/?post_type=product&#038;p=246536"},"modified":"2025-11-09T18:20:32","modified_gmt":"2025-11-09T16:20:32","slug":"blues-hog-original-bbq-kaste-591-ml","status":"publish","type":"product","link":"https:\/\/bbqentertainment.com\/en\/toode\/blues-hog-original-bbq-kaste-591-ml\/","title":{"rendered":"Blues Hog Original BBQ kaste 591 ml klaaspurgis"},"content":{"rendered":"<p>Koostisosad: pruunsuhkur, ket\u0161up, \u00f5unasiidri \u00e4\u00e4dikas, suhkur, sool, v\u00fcrtsid, paprika, Worcestershire kaste, vanilliekstrakt, k\u00fc\u00fcslauk.<\/p>\n","protected":false},"excerpt":{"rendered":"<h3><strong>Blues Hog Original BBQ kaste 591 ml<\/strong><\/h3>\n<p>Tutvuge BBQ v\u00f5istkondade ja Ameerika BBQ restoranide legendiga: Blues Hog Original. See kaste on v\u00f5itnud arvukalt parima kastme auhindu, sealhulgas tunnustuse &#8220;Parim kaste planeedil&#8221;. See on s\u00fcgavalt juurdunud l\u00f5unaosariikide traditsioonidesse, muutes selle kastme ideaalseks nii marinaadi, kastme kui ka dipikastmena. See on kaste, mida saab lihtsalt segada, soojendada ja millele saab lisada peaaegu k\u00f5ike. Tagab alati suurep\u00e4rase maitseelamuse. Maitselt magus, \u00f5rnalt v\u00fcrtsika j\u00e4relkajaga. See on ket\u0161upip\u00f5hine magus ja paks kaste, mis j\u00e4\u00e4b lihale superh\u00e4sti kinni ja l\u00e4igib ideaalselt.<\/p>\n","protected":false},"featured_media":246556,"template":"","meta":{"inline_featured_image":false},"product_brand":[],"product_cat":[28,581,491],"product_tag":[],"class_list":{"0":"post-246536","1":"product","2":"type-product","3":"status-publish","4":"has-post-thumbnail","6":"product_cat-maitseandjad","7":"product_cat-bbq-kastmed","8":"product_cat-ameerika-bbq-rubid-kastmed","10":"first","11":"instock","12":"sale","13":"taxable","14":"shipping-taxable","15":"purchasable","16":"product-type-simple"},"yoast_head":"<!-- This site is optimized with the Yoast SEO plugin v27.4 - https:\/\/yoast.com\/product\/yoast-seo-wordpress\/ -->\n<title>Blues Hog Original BBQ kaste 591 ml klaaspurgis - BBQ Entertainment<\/title>\n<meta name=\"robots\" content=\"index, follow, max-snippet:-1, max-image-preview:large, max-video-preview:-1\" \/>\n<link rel=\"canonical\" href=\"https:\/\/bbqentertainment.com\/toode\/blues-hog-original-bbq-kaste-591-ml\/\" \/>\n<meta property=\"og:locale\" content=\"en_US\" \/>\n<meta property=\"og:type\" content=\"article\" \/>\n<meta property=\"og:title\" content=\"Blues Hog Original BBQ kaste 591 ml klaaspurgis - BBQ Entertainment\" \/>\n<meta property=\"og:description\" content=\"Blues Hog Original BBQ kaste 591 ml Tutvuge BBQ v\u00f5istkondade ja Ameerika BBQ restoranide legendiga: Blues Hog Original. See kaste on v\u00f5itnud arvukalt parima kastme auhindu, sealhulgas tunnustuse &quot;Parim kaste planeedil&quot;. See on s\u00fcgavalt juurdunud l\u00f5unaosariikide traditsioonidesse, muutes selle kastme ideaalseks nii marinaadi, kastme kui ka dipikastmena. See on kaste, mida saab lihtsalt segada, soojendada ja millele saab lisada peaaegu k\u00f5ike. Tagab alati suurep\u00e4rase maitseelamuse. Maitselt magus, \u00f5rnalt v\u00fcrtsika j\u00e4relkajaga. See on ket\u0161upip\u00f5hine magus ja paks kaste, mis j\u00e4\u00e4b lihale superh\u00e4sti kinni ja l\u00e4igib ideaalselt.\" \/>\n<meta property=\"og:url\" content=\"https:\/\/bbqentertainment.com\/toode\/blues-hog-original-bbq-kaste-591-ml\/\" \/>\n<meta property=\"og:site_name\" content=\"BBQ Entertainment\" \/>\n<meta property=\"article:publisher\" content=\"https:\/\/www.facebook.com\/BBQ-Entertainment-N-Catering-2437913376443540\" \/>\n<meta property=\"article:modified_time\" content=\"2025-11-09T16:20:32+00:00\" \/>\n<meta property=\"og:image\" content=\"https:\/\/bbqentertainment.com\/wp-content\/uploads\/2024\/03\/665591000633-Blues-Hog-Original-BBQ-kaste-591-ml.jpg\" \/>\n\t<meta property=\"og:image:width\" content=\"1500\" \/>\n\t<meta property=\"og:image:height\" content=\"1500\" \/>\n\t<meta property=\"og:image:type\" content=\"image\/jpeg\" \/>\n<meta name=\"twitter:card\" content=\"summary_large_image\" \/>\n<meta name=\"twitter:label1\" content=\"Est. reading time\" \/>\n\t<meta name=\"twitter:data1\" content=\"1 minute\" \/>\n<script type=\"application\/ld+json\" class=\"yoast-schema-graph\">{\"@context\":\"https:\\\/\\\/schema.org\",\"@graph\":[{\"@type\":[\"WebPage\",\"ItemPage\"],\"@id\":\"https:\\\/\\\/bbqentertainment.com\\\/toode\\\/blues-hog-original-bbq-kaste-591-ml\\\/\",\"url\":\"https:\\\/\\\/bbqentertainment.com\\\/toode\\\/blues-hog-original-bbq-kaste-591-ml\\\/\",\"name\":\"Blues Hog Original BBQ kaste 591 ml klaaspurgis - BBQ Entertainment\",\"isPartOf\":{\"@id\":\"https:\\\/\\\/bbqentertainment.com\\\/#website\"},\"primaryImageOfPage\":{\"@id\":\"https:\\\/\\\/bbqentertainment.com\\\/toode\\\/blues-hog-original-bbq-kaste-591-ml\\\/#primaryimage\"},\"image\":{\"@id\":\"https:\\\/\\\/bbqentertainment.com\\\/toode\\\/blues-hog-original-bbq-kaste-591-ml\\\/#primaryimage\"},\"thumbnailUrl\":\"https:\\\/\\\/bbqentertainment.com\\\/wp-content\\\/uploads\\\/2024\\\/03\\\/665591000633-Blues-Hog-Original-BBQ-kaste-591-ml.jpg\",\"datePublished\":\"2024-03-06T17:14:14+00:00\",\"dateModified\":\"2025-11-09T16:20:32+00:00\",\"breadcrumb\":{\"@id\":\"https:\\\/\\\/bbqentertainment.com\\\/toode\\\/blues-hog-original-bbq-kaste-591-ml\\\/#breadcrumb\"},\"inLanguage\":\"en-US\",\"potentialAction\":[{\"@type\":\"ReadAction\",\"target\":[\"https:\\\/\\\/bbqentertainment.com\\\/toode\\\/blues-hog-original-bbq-kaste-591-ml\\\/\"]}]},{\"@type\":\"ImageObject\",\"inLanguage\":\"en-US\",\"@id\":\"https:\\\/\\\/bbqentertainment.com\\\/toode\\\/blues-hog-original-bbq-kaste-591-ml\\\/#primaryimage\",\"url\":\"https:\\\/\\\/bbqentertainment.com\\\/wp-content\\\/uploads\\\/2024\\\/03\\\/665591000633-Blues-Hog-Original-BBQ-kaste-591-ml.jpg\",\"contentUrl\":\"https:\\\/\\\/bbqentertainment.com\\\/wp-content\\\/uploads\\\/2024\\\/03\\\/665591000633-Blues-Hog-Original-BBQ-kaste-591-ml.jpg\",\"width\":1500,\"height\":1500,\"caption\":\"blues hog original BBQ sauce\"},{\"@type\":\"BreadcrumbList\",\"@id\":\"https:\\\/\\\/bbqentertainment.com\\\/toode\\\/blues-hog-original-bbq-kaste-591-ml\\\/#breadcrumb\",\"itemListElement\":[{\"@type\":\"ListItem\",\"position\":1,\"name\":\"AVALEHT\",\"item\":\"https:\\\/\\\/bbqentertainment.com\\\/en\\\/\"},{\"@type\":\"ListItem\",\"position\":2,\"name\":\"Tooted\",\"item\":\"https:\\\/\\\/bbqentertainment.com\\\/tooted\\\/\"},{\"@type\":\"ListItem\",\"position\":3,\"name\":\"Maitseandjad\",\"item\":\"https:\\\/\\\/bbqentertainment.com\\\/en\\\/tootekategooria\\\/maitseandjad\\\/\"},{\"@type\":\"ListItem\",\"position\":4,\"name\":\"BBQ kastmed\",\"item\":\"https:\\\/\\\/bbqentertainment.com\\\/tootekategooria\\\/maitseandjad\\\/bbq-kastmed\\\/\"},{\"@type\":\"ListItem\",\"position\":5,\"name\":\"Blues Hog Original BBQ kaste 591 ml klaaspurgis\"}]},{\"@type\":\"WebSite\",\"@id\":\"https:\\\/\\\/bbqentertainment.com\\\/#website\",\"url\":\"https:\\\/\\\/bbqentertainment.com\\\/\",\"name\":\"BBQ Entertainment\",\"description\":\"BBQ is a great lifestyle, not just fun!\",\"publisher\":{\"@id\":\"https:\\\/\\\/bbqentertainment.com\\\/#organization\"},\"potentialAction\":[{\"@type\":\"SearchAction\",\"target\":{\"@type\":\"EntryPoint\",\"urlTemplate\":\"https:\\\/\\\/bbqentertainment.com\\\/?s={search_term_string}\"},\"query-input\":{\"@type\":\"PropertyValueSpecification\",\"valueRequired\":true,\"valueName\":\"search_term_string\"}}],\"inLanguage\":\"en-US\"},{\"@type\":\"Organization\",\"@id\":\"https:\\\/\\\/bbqentertainment.com\\\/#organization\",\"name\":\"BBQ Entertainment O\u00dc\",\"url\":\"https:\\\/\\\/bbqentertainment.com\\\/\",\"logo\":{\"@type\":\"ImageObject\",\"inLanguage\":\"en-US\",\"@id\":\"https:\\\/\\\/bbqentertainment.com\\\/#\\\/schema\\\/logo\\\/image\\\/\",\"url\":\"https:\\\/\\\/bbqentertainment.com\\\/wp-content\\\/uploads\\\/2020\\\/04\\\/BBQ-Entertainment-N-Catering-Enn-Tobreluts-Logo.png\",\"contentUrl\":\"https:\\\/\\\/bbqentertainment.com\\\/wp-content\\\/uploads\\\/2020\\\/04\\\/BBQ-Entertainment-N-Catering-Enn-Tobreluts-Logo.png\",\"width\":628,\"height\":266,\"caption\":\"BBQ Entertainment O\u00dc\"},\"image\":{\"@id\":\"https:\\\/\\\/bbqentertainment.com\\\/#\\\/schema\\\/logo\\\/image\\\/\"},\"sameAs\":[\"https:\\\/\\\/www.facebook.com\\\/BBQ-Entertainment-N-Catering-2437913376443540\",\"https:\\\/\\\/www.instagram.com\\\/bbqentertainmentncatering\\\/\",\"https:\\\/\\\/www.youtube.com\\\/channel\\\/UCmpuANQVhLy2Md8nrenp2jA\"]}]}<\/script>\n<!-- \/ Yoast SEO plugin. -->","yoast_head_json":{"title":"Blues Hog Original BBQ kaste 591 ml klaaspurgis - BBQ Entertainment","robots":{"index":"index","follow":"follow","max-snippet":"max-snippet:-1","max-image-preview":"max-image-preview:large","max-video-preview":"max-video-preview:-1"},"canonical":"https:\/\/bbqentertainment.com\/toode\/blues-hog-original-bbq-kaste-591-ml\/","og_locale":"en_US","og_type":"article","og_title":"Blues Hog Original BBQ kaste 591 ml klaaspurgis - BBQ Entertainment","og_description":"Blues Hog Original BBQ kaste 591 ml Tutvuge BBQ v\u00f5istkondade ja Ameerika BBQ restoranide legendiga: Blues Hog Original. See kaste on v\u00f5itnud arvukalt parima kastme auhindu, sealhulgas tunnustuse \"Parim kaste planeedil\". See on s\u00fcgavalt juurdunud l\u00f5unaosariikide traditsioonidesse, muutes selle kastme ideaalseks nii marinaadi, kastme kui ka dipikastmena. See on kaste, mida saab lihtsalt segada, soojendada ja millele saab lisada peaaegu k\u00f5ike. Tagab alati suurep\u00e4rase maitseelamuse. Maitselt magus, \u00f5rnalt v\u00fcrtsika j\u00e4relkajaga. See on ket\u0161upip\u00f5hine magus ja paks kaste, mis j\u00e4\u00e4b lihale superh\u00e4sti kinni ja l\u00e4igib ideaalselt.","og_url":"https:\/\/bbqentertainment.com\/toode\/blues-hog-original-bbq-kaste-591-ml\/","og_site_name":"BBQ Entertainment","article_publisher":"https:\/\/www.facebook.com\/BBQ-Entertainment-N-Catering-2437913376443540","article_modified_time":"2025-11-09T16:20:32+00:00","og_image":[{"width":1500,"height":1500,"url":"https:\/\/bbqentertainment.com\/wp-content\/uploads\/2024\/03\/665591000633-Blues-Hog-Original-BBQ-kaste-591-ml.jpg","type":"image\/jpeg"}],"twitter_card":"summary_large_image","twitter_misc":{"Est. reading time":"1 minute"},"schema":{"@context":"https:\/\/schema.org","@graph":[{"@type":["WebPage","ItemPage"],"@id":"https:\/\/bbqentertainment.com\/toode\/blues-hog-original-bbq-kaste-591-ml\/","url":"https:\/\/bbqentertainment.com\/toode\/blues-hog-original-bbq-kaste-591-ml\/","name":"Blues Hog Original BBQ kaste 591 ml klaaspurgis - BBQ Entertainment","isPartOf":{"@id":"https:\/\/bbqentertainment.com\/#website"},"primaryImageOfPage":{"@id":"https:\/\/bbqentertainment.com\/toode\/blues-hog-original-bbq-kaste-591-ml\/#primaryimage"},"image":{"@id":"https:\/\/bbqentertainment.com\/toode\/blues-hog-original-bbq-kaste-591-ml\/#primaryimage"},"thumbnailUrl":"https:\/\/bbqentertainment.com\/wp-content\/uploads\/2024\/03\/665591000633-Blues-Hog-Original-BBQ-kaste-591-ml.jpg","datePublished":"2024-03-06T17:14:14+00:00","dateModified":"2025-11-09T16:20:32+00:00","breadcrumb":{"@id":"https:\/\/bbqentertainment.com\/toode\/blues-hog-original-bbq-kaste-591-ml\/#breadcrumb"},"inLanguage":"en-US","potentialAction":[{"@type":"ReadAction","target":["https:\/\/bbqentertainment.com\/toode\/blues-hog-original-bbq-kaste-591-ml\/"]}]},{"@type":"ImageObject","inLanguage":"en-US","@id":"https:\/\/bbqentertainment.com\/toode\/blues-hog-original-bbq-kaste-591-ml\/#primaryimage","url":"https:\/\/bbqentertainment.com\/wp-content\/uploads\/2024\/03\/665591000633-Blues-Hog-Original-BBQ-kaste-591-ml.jpg","contentUrl":"https:\/\/bbqentertainment.com\/wp-content\/uploads\/2024\/03\/665591000633-Blues-Hog-Original-BBQ-kaste-591-ml.jpg","width":1500,"height":1500,"caption":"blues hog original BBQ sauce"},{"@type":"BreadcrumbList","@id":"https:\/\/bbqentertainment.com\/toode\/blues-hog-original-bbq-kaste-591-ml\/#breadcrumb","itemListElement":[{"@type":"ListItem","position":1,"name":"AVALEHT","item":"https:\/\/bbqentertainment.com\/en\/"},{"@type":"ListItem","position":2,"name":"Tooted","item":"https:\/\/bbqentertainment.com\/tooted\/"},{"@type":"ListItem","position":3,"name":"Maitseandjad","item":"https:\/\/bbqentertainment.com\/en\/tootekategooria\/maitseandjad\/"},{"@type":"ListItem","position":4,"name":"BBQ kastmed","item":"https:\/\/bbqentertainment.com\/tootekategooria\/maitseandjad\/bbq-kastmed\/"},{"@type":"ListItem","position":5,"name":"Blues Hog Original BBQ kaste 591 ml klaaspurgis"}]},{"@type":"WebSite","@id":"https:\/\/bbqentertainment.com\/#website","url":"https:\/\/bbqentertainment.com\/","name":"BBQ Entertainment","description":"BBQ is a great lifestyle, not just fun!","publisher":{"@id":"https:\/\/bbqentertainment.com\/#organization"},"potentialAction":[{"@type":"SearchAction","target":{"@type":"EntryPoint","urlTemplate":"https:\/\/bbqentertainment.com\/?s={search_term_string}"},"query-input":{"@type":"PropertyValueSpecification","valueRequired":true,"valueName":"search_term_string"}}],"inLanguage":"en-US"},{"@type":"Organization","@id":"https:\/\/bbqentertainment.com\/#organization","name":"BBQ Entertainment O\u00dc","url":"https:\/\/bbqentertainment.com\/","logo":{"@type":"ImageObject","inLanguage":"en-US","@id":"https:\/\/bbqentertainment.com\/#\/schema\/logo\/image\/","url":"https:\/\/bbqentertainment.com\/wp-content\/uploads\/2020\/04\/BBQ-Entertainment-N-Catering-Enn-Tobreluts-Logo.png","contentUrl":"https:\/\/bbqentertainment.com\/wp-content\/uploads\/2020\/04\/BBQ-Entertainment-N-Catering-Enn-Tobreluts-Logo.png","width":628,"height":266,"caption":"BBQ Entertainment O\u00dc"},"image":{"@id":"https:\/\/bbqentertainment.com\/#\/schema\/logo\/image\/"},"sameAs":["https:\/\/www.facebook.com\/BBQ-Entertainment-N-Catering-2437913376443540","https:\/\/www.instagram.com\/bbqentertainmentncatering\/","https:\/\/www.youtube.com\/channel\/UCmpuANQVhLy2Md8nrenp2jA"]}]}},"_links":{"self":[{"href":"https:\/\/bbqentertainment.com\/en\/wp-json\/wp\/v2\/product\/246536","targetHints":{"allow":["GET"]}}],"collection":[{"href":"https:\/\/bbqentertainment.com\/en\/wp-json\/wp\/v2\/product"}],"about":[{"href":"https:\/\/bbqentertainment.com\/en\/wp-json\/wp\/v2\/types\/product"}],"wp:featuredmedia":[{"embeddable":true,"href":"https:\/\/bbqentertainment.com\/en\/wp-json\/wp\/v2\/media\/246556"}],"wp:attachment":[{"href":"https:\/\/bbqentertainment.com\/en\/wp-json\/wp\/v2\/media?parent=246536"}],"wp:term":[{"taxonomy":"product_brand","embeddable":true,"href":"https:\/\/bbqentertainment.com\/en\/wp-json\/wp\/v2\/product_brand?post=246536"},{"taxonomy":"product_cat","embeddable":true,"href":"https:\/\/bbqentertainment.com\/en\/wp-json\/wp\/v2\/product_cat?post=246536"},{"taxonomy":"product_tag","embeddable":true,"href":"https:\/\/bbqentertainment.com\/en\/wp-json\/wp\/v2\/product_tag?post=246536"}],"curies":[{"name":"wp","href":"https:\/\/api.w.org\/{rel}","templated":true}]}}