{"id":246737,"date":"2024-03-16T15:55:14","date_gmt":"2024-03-16T13:55:14","guid":{"rendered":"https:\/\/bbqentertainment.com\/?post_type=product&#038;p=246737"},"modified":"2026-03-30T20:41:02","modified_gmt":"2026-03-30T17:41:02","slug":"masterbuilt-pizzaahi-gravity-sarja-grillidele-uhildub-ka-enamiku-gaasi-soe-ja-pelletgrillidega","status":"publish","type":"product","link":"https:\/\/bbqentertainment.com\/en\/toode\/masterbuilt-pizzaahi-gravity-sarja-grillidele-uhildub-ka-enamiku-gaasi-soe-ja-pelletgrillidega\/","title":{"rendered":"Masterbuilt\u00ae PIZZAAHI Gravity sarja grillidele (\u00fchildub ka enamiku gaasi-, s\u00f6e- ja pelletgrillidega)"},"content":{"rendered":"","protected":false},"excerpt":{"rendered":"<h3><strong><span style=\"color: #000000;\">Masterbuilt\u00ae PIZZAAHI Gravity sarja grillidele (\u00fchildub ka enamiku gaasi-, s\u00f6e- ja pelletgrillidega)<\/span><\/strong><\/h3>\n<ul>\n<li><span style=\"color: #000000; font-size: 14.399999px;\">Universaalne sobivus Masterbuilt Gravity Series 800 ja 1050 grillidega, kuid \u00fchildub ka enamiku gaasi-, s\u00f6e- ja pelletgrillidega.<\/span><\/li>\n<li><span style=\"color: #000000; font-size: 14.399999px;\">Gravity-seeria grillile paigaldamiseks eemaldage lihtsalt k\u00fcpsetusrestid, paigaldage kollektori \u00fcmber kuumuse suunajad, asetage pizzaahi grillrestile, asetage esi- ja k\u00fclgpaneelid v\u00f5i katke k\u00f5ik avatud grillresti alad ning sulgege kaas ja soojendage grill 300\u00b0C-ni. <\/span><span style=\"color: #000000; font-size: 14.399999px;\">Teist t\u00fc\u00fcpi grillile paigaldamiseks asetage pizzaahi lihtsalt k\u00fcpsetusrestidele, asetage esi- ja k\u00fclgpaneelid, et katta k\u00f5ik avatud grillresti alad ja eelsoojendage grill 300 \u00b0C-ni.<\/span><\/li>\n<li><span style=\"color: #000000;\">Esmaklassiline roostevabast terasest sisemus koos portselankattega v\u00e4lispinnaga.<\/span><\/li>\n<li><span style=\"color: #000000; font-size: 14.399999px;\">Sisaldab pitsakivi mittenakkuvaks k\u00fcpsetamiseks (parimate tulemuste saamiseks kasutage k\u00fcpsetuspaberit v\u00f5i jahu, et pizza kivi k\u00fclge ei kleepuks).<\/span><\/li>\n<li><span style=\"color: #000000; font-size: 14.399999px;\">Valmistage t\u00e4iuslik pizzaahjuga. Saab ka k\u00fcpsetada k\u00fcpsiseid, leiba v\u00f5i lasanjet jne.<\/span><\/li>\n<\/ul>\n","protected":false},"featured_media":246741,"template":"","meta":{"inline_featured_image":false},"product_brand":[],"product_cat":[17,561,19,476,436,92,562],"product_tag":[],"class_list":{"0":"post-246737","1":"product","2":"type-product","3":"status-publish","4":"has-post-thumbnail","6":"product_cat-grillid-ja-ahjud","7":"product_cat-napoleon-gaasigrillid","8":"product_cat-masterbuilt-ahjud","9":"product_cat-traeger","10":"product_cat-pizzaahjud-tarvikud","11":"product_cat-lisatarvikud","12":"product_cat-lisatarvikud-napoleon","13":"product_shipping_class-ainult-ise-jarele-tulemisega","15":"first","16":"instock","17":"taxable","18":"shipping-taxable","19":"purchasable","20":"product-type-simple"},"yoast_head":"<!-- This site is optimized with the Yoast SEO plugin v27.4 - https:\/\/yoast.com\/product\/yoast-seo-wordpress\/ -->\n<title>Masterbuilt\u00ae PIZZAAHI Gravity sarja grillidele (\u00fchildub ka enamiku gaasi-, s\u00f6e- ja pelletgrillidega) - BBQ Entertainment<\/title>\n<meta name=\"robots\" content=\"index, follow, max-snippet:-1, max-image-preview:large, max-video-preview:-1\" \/>\n<link rel=\"canonical\" href=\"https:\/\/bbqentertainment.com\/toode\/masterbuilt-pizzaahi-gravity-sarja-grillidele-uhildub-ka-enamiku-gaasi-soe-ja-pelletgrillidega\/\" \/>\n<meta property=\"og:locale\" content=\"en_US\" \/>\n<meta property=\"og:type\" content=\"article\" \/>\n<meta property=\"og:title\" content=\"Masterbuilt\u00ae PIZZAAHI Gravity sarja grillidele (\u00fchildub ka enamiku gaasi-, s\u00f6e- ja pelletgrillidega) - BBQ Entertainment\" \/>\n<meta property=\"og:description\" content=\"Masterbuilt\u00ae PIZZAAHI Gravity sarja grillidele (\u00fchildub ka enamiku gaasi-, s\u00f6e- ja pelletgrillidega)   Universaalne sobivus Masterbuilt Gravity Series 800 ja 1050 grillidega, kuid \u00fchildub ka enamiku gaasi-, s\u00f6e- ja pelletgrillidega.  Gravity-seeria grillile paigaldamiseks eemaldage lihtsalt k\u00fcpsetusrestid, paigaldage kollektori \u00fcmber kuumuse suunajad, asetage pizzaahi grillrestile, asetage esi- ja k\u00fclgpaneelid v\u00f5i katke k\u00f5ik avatud grillresti alad ning sulgege kaas ja soojendage grill 300\u00b0C-ni. Teist t\u00fc\u00fcpi grillile paigaldamiseks asetage pizzaahi lihtsalt k\u00fcpsetusrestidele, asetage esi- ja k\u00fclgpaneelid, et katta k\u00f5ik avatud grillresti alad ja eelsoojendage grill 300 \u00b0C-ni.  Esmaklassiline roostevabast terasest sisemus koos portselankattega v\u00e4lispinnaga.  Sisaldab pitsakivi mittenakkuvaks k\u00fcpsetamiseks (parimate tulemuste saamiseks kasutage k\u00fcpsetuspaberit v\u00f5i jahu, et pizza kivi k\u00fclge ei kleepuks).  Valmistage t\u00e4iuslik pizzaahjuga. Saab ka k\u00fcpsetada k\u00fcpsiseid, leiba v\u00f5i lasanjet jne.\" \/>\n<meta property=\"og:url\" content=\"https:\/\/bbqentertainment.com\/toode\/masterbuilt-pizzaahi-gravity-sarja-grillidele-uhildub-ka-enamiku-gaasi-soe-ja-pelletgrillidega\/\" \/>\n<meta property=\"og:site_name\" content=\"BBQ Entertainment\" \/>\n<meta property=\"article:publisher\" content=\"https:\/\/www.facebook.com\/BBQ-Entertainment-N-Catering-2437913376443540\" \/>\n<meta property=\"article:modified_time\" content=\"2026-03-30T17:41:02+00:00\" \/>\n<meta property=\"og:image\" content=\"https:\/\/bbqentertainment.com\/wp-content\/uploads\/2024\/03\/BBQ-Entertainment-OU-MB20181722_01_Hero-Studio-1200x1200-bd93c0f.jpg\" \/>\n\t<meta property=\"og:image:width\" content=\"1200\" \/>\n\t<meta property=\"og:image:height\" content=\"1200\" \/>\n\t<meta property=\"og:image:type\" content=\"image\/jpeg\" \/>\n<meta name=\"twitter:card\" content=\"summary_large_image\" \/>\n<meta name=\"twitter:label1\" content=\"Est. reading time\" \/>\n\t<meta name=\"twitter:data1\" content=\"1 minute\" \/>\n<script type=\"application\/ld+json\" class=\"yoast-schema-graph\">{\"@context\":\"https:\\\/\\\/schema.org\",\"@graph\":[{\"@type\":[\"WebPage\",\"ItemPage\"],\"@id\":\"https:\\\/\\\/bbqentertainment.com\\\/toode\\\/masterbuilt-pizzaahi-gravity-sarja-grillidele-uhildub-ka-enamiku-gaasi-soe-ja-pelletgrillidega\\\/\",\"url\":\"https:\\\/\\\/bbqentertainment.com\\\/toode\\\/masterbuilt-pizzaahi-gravity-sarja-grillidele-uhildub-ka-enamiku-gaasi-soe-ja-pelletgrillidega\\\/\",\"name\":\"Masterbuilt\u00ae PIZZAAHI Gravity sarja grillidele (\u00fchildub ka enamiku gaasi-, s\u00f6e- ja pelletgrillidega) - BBQ Entertainment\",\"isPartOf\":{\"@id\":\"https:\\\/\\\/bbqentertainment.com\\\/#website\"},\"primaryImageOfPage\":{\"@id\":\"https:\\\/\\\/bbqentertainment.com\\\/toode\\\/masterbuilt-pizzaahi-gravity-sarja-grillidele-uhildub-ka-enamiku-gaasi-soe-ja-pelletgrillidega\\\/#primaryimage\"},\"image\":{\"@id\":\"https:\\\/\\\/bbqentertainment.com\\\/toode\\\/masterbuilt-pizzaahi-gravity-sarja-grillidele-uhildub-ka-enamiku-gaasi-soe-ja-pelletgrillidega\\\/#primaryimage\"},\"thumbnailUrl\":\"https:\\\/\\\/bbqentertainment.com\\\/wp-content\\\/uploads\\\/2024\\\/03\\\/BBQ-Entertainment-OU-MB20181722_01_Hero-Studio-1200x1200-bd93c0f.jpg\",\"datePublished\":\"2024-03-16T13:55:14+00:00\",\"dateModified\":\"2026-03-30T17:41:02+00:00\",\"breadcrumb\":{\"@id\":\"https:\\\/\\\/bbqentertainment.com\\\/toode\\\/masterbuilt-pizzaahi-gravity-sarja-grillidele-uhildub-ka-enamiku-gaasi-soe-ja-pelletgrillidega\\\/#breadcrumb\"},\"inLanguage\":\"en-US\",\"potentialAction\":[{\"@type\":\"ReadAction\",\"target\":[\"https:\\\/\\\/bbqentertainment.com\\\/toode\\\/masterbuilt-pizzaahi-gravity-sarja-grillidele-uhildub-ka-enamiku-gaasi-soe-ja-pelletgrillidega\\\/\"]}]},{\"@type\":\"ImageObject\",\"inLanguage\":\"en-US\",\"@id\":\"https:\\\/\\\/bbqentertainment.com\\\/toode\\\/masterbuilt-pizzaahi-gravity-sarja-grillidele-uhildub-ka-enamiku-gaasi-soe-ja-pelletgrillidega\\\/#primaryimage\",\"url\":\"https:\\\/\\\/bbqentertainment.com\\\/wp-content\\\/uploads\\\/2024\\\/03\\\/BBQ-Entertainment-OU-MB20181722_01_Hero-Studio-1200x1200-bd93c0f.jpg\",\"contentUrl\":\"https:\\\/\\\/bbqentertainment.com\\\/wp-content\\\/uploads\\\/2024\\\/03\\\/BBQ-Entertainment-OU-MB20181722_01_Hero-Studio-1200x1200-bd93c0f.jpg\",\"width\":1200,\"height\":1200},{\"@type\":\"BreadcrumbList\",\"@id\":\"https:\\\/\\\/bbqentertainment.com\\\/toode\\\/masterbuilt-pizzaahi-gravity-sarja-grillidele-uhildub-ka-enamiku-gaasi-soe-ja-pelletgrillidega\\\/#breadcrumb\",\"itemListElement\":[{\"@type\":\"ListItem\",\"position\":1,\"name\":\"AVALEHT\",\"item\":\"https:\\\/\\\/bbqentertainment.com\\\/en\\\/\"},{\"@type\":\"ListItem\",\"position\":2,\"name\":\"Tooted\",\"item\":\"https:\\\/\\\/bbqentertainment.com\\\/tooted\\\/\"},{\"@type\":\"ListItem\",\"position\":3,\"name\":\"Grillid ja ahjud\",\"item\":\"https:\\\/\\\/bbqentertainment.com\\\/tootekategooria\\\/grillid-ja-ahjud\\\/\"},{\"@type\":\"ListItem\",\"position\":4,\"name\":\"Masterbuilt &amp; CharGriller\",\"item\":\"https:\\\/\\\/bbqentertainment.com\\\/tootekategooria\\\/grillid-ja-ahjud\\\/masterbuilt-ahjud\\\/\"},{\"@type\":\"ListItem\",\"position\":5,\"name\":\"Masterbuilt\u00ae PIZZAAHI Gravity sarja grillidele (\u00fchildub ka enamiku gaasi-, s\u00f6e- ja pelletgrillidega)\"}]},{\"@type\":\"WebSite\",\"@id\":\"https:\\\/\\\/bbqentertainment.com\\\/#website\",\"url\":\"https:\\\/\\\/bbqentertainment.com\\\/\",\"name\":\"BBQ Entertainment\",\"description\":\"BBQ is a great lifestyle, not just fun!\",\"publisher\":{\"@id\":\"https:\\\/\\\/bbqentertainment.com\\\/#organization\"},\"potentialAction\":[{\"@type\":\"SearchAction\",\"target\":{\"@type\":\"EntryPoint\",\"urlTemplate\":\"https:\\\/\\\/bbqentertainment.com\\\/?s={search_term_string}\"},\"query-input\":{\"@type\":\"PropertyValueSpecification\",\"valueRequired\":true,\"valueName\":\"search_term_string\"}}],\"inLanguage\":\"en-US\"},{\"@type\":\"Organization\",\"@id\":\"https:\\\/\\\/bbqentertainment.com\\\/#organization\",\"name\":\"BBQ Entertainment O\u00dc\",\"url\":\"https:\\\/\\\/bbqentertainment.com\\\/\",\"logo\":{\"@type\":\"ImageObject\",\"inLanguage\":\"en-US\",\"@id\":\"https:\\\/\\\/bbqentertainment.com\\\/#\\\/schema\\\/logo\\\/image\\\/\",\"url\":\"https:\\\/\\\/bbqentertainment.com\\\/wp-content\\\/uploads\\\/2020\\\/04\\\/BBQ-Entertainment-N-Catering-Enn-Tobreluts-Logo.png\",\"contentUrl\":\"https:\\\/\\\/bbqentertainment.com\\\/wp-content\\\/uploads\\\/2020\\\/04\\\/BBQ-Entertainment-N-Catering-Enn-Tobreluts-Logo.png\",\"width\":628,\"height\":266,\"caption\":\"BBQ Entertainment O\u00dc\"},\"image\":{\"@id\":\"https:\\\/\\\/bbqentertainment.com\\\/#\\\/schema\\\/logo\\\/image\\\/\"},\"sameAs\":[\"https:\\\/\\\/www.facebook.com\\\/BBQ-Entertainment-N-Catering-2437913376443540\",\"https:\\\/\\\/www.instagram.com\\\/bbqentertainmentncatering\\\/\",\"https:\\\/\\\/www.youtube.com\\\/channel\\\/UCmpuANQVhLy2Md8nrenp2jA\"]}]}<\/script>\n<!-- \/ Yoast SEO plugin. -->","yoast_head_json":{"title":"Masterbuilt\u00ae PIZZAAHI Gravity sarja grillidele (\u00fchildub ka enamiku gaasi-, s\u00f6e- ja pelletgrillidega) - BBQ Entertainment","robots":{"index":"index","follow":"follow","max-snippet":"max-snippet:-1","max-image-preview":"max-image-preview:large","max-video-preview":"max-video-preview:-1"},"canonical":"https:\/\/bbqentertainment.com\/toode\/masterbuilt-pizzaahi-gravity-sarja-grillidele-uhildub-ka-enamiku-gaasi-soe-ja-pelletgrillidega\/","og_locale":"en_US","og_type":"article","og_title":"Masterbuilt\u00ae PIZZAAHI Gravity sarja grillidele (\u00fchildub ka enamiku gaasi-, s\u00f6e- ja pelletgrillidega) - BBQ Entertainment","og_description":"Masterbuilt\u00ae PIZZAAHI Gravity sarja grillidele (\u00fchildub ka enamiku gaasi-, s\u00f6e- ja pelletgrillidega)   Universaalne sobivus Masterbuilt Gravity Series 800 ja 1050 grillidega, kuid \u00fchildub ka enamiku gaasi-, s\u00f6e- ja pelletgrillidega.  Gravity-seeria grillile paigaldamiseks eemaldage lihtsalt k\u00fcpsetusrestid, paigaldage kollektori \u00fcmber kuumuse suunajad, asetage pizzaahi grillrestile, asetage esi- ja k\u00fclgpaneelid v\u00f5i katke k\u00f5ik avatud grillresti alad ning sulgege kaas ja soojendage grill 300\u00b0C-ni. Teist t\u00fc\u00fcpi grillile paigaldamiseks asetage pizzaahi lihtsalt k\u00fcpsetusrestidele, asetage esi- ja k\u00fclgpaneelid, et katta k\u00f5ik avatud grillresti alad ja eelsoojendage grill 300 \u00b0C-ni.  Esmaklassiline roostevabast terasest sisemus koos portselankattega v\u00e4lispinnaga.  Sisaldab pitsakivi mittenakkuvaks k\u00fcpsetamiseks (parimate tulemuste saamiseks kasutage k\u00fcpsetuspaberit v\u00f5i jahu, et pizza kivi k\u00fclge ei kleepuks).  Valmistage t\u00e4iuslik pizzaahjuga. Saab ka k\u00fcpsetada k\u00fcpsiseid, leiba v\u00f5i lasanjet jne.","og_url":"https:\/\/bbqentertainment.com\/toode\/masterbuilt-pizzaahi-gravity-sarja-grillidele-uhildub-ka-enamiku-gaasi-soe-ja-pelletgrillidega\/","og_site_name":"BBQ Entertainment","article_publisher":"https:\/\/www.facebook.com\/BBQ-Entertainment-N-Catering-2437913376443540","article_modified_time":"2026-03-30T17:41:02+00:00","og_image":[{"width":1200,"height":1200,"url":"https:\/\/bbqentertainment.com\/wp-content\/uploads\/2024\/03\/BBQ-Entertainment-OU-MB20181722_01_Hero-Studio-1200x1200-bd93c0f.jpg","type":"image\/jpeg"}],"twitter_card":"summary_large_image","twitter_misc":{"Est. reading time":"1 minute"},"schema":{"@context":"https:\/\/schema.org","@graph":[{"@type":["WebPage","ItemPage"],"@id":"https:\/\/bbqentertainment.com\/toode\/masterbuilt-pizzaahi-gravity-sarja-grillidele-uhildub-ka-enamiku-gaasi-soe-ja-pelletgrillidega\/","url":"https:\/\/bbqentertainment.com\/toode\/masterbuilt-pizzaahi-gravity-sarja-grillidele-uhildub-ka-enamiku-gaasi-soe-ja-pelletgrillidega\/","name":"Masterbuilt\u00ae PIZZAAHI Gravity sarja grillidele (\u00fchildub ka enamiku gaasi-, s\u00f6e- ja pelletgrillidega) - BBQ Entertainment","isPartOf":{"@id":"https:\/\/bbqentertainment.com\/#website"},"primaryImageOfPage":{"@id":"https:\/\/bbqentertainment.com\/toode\/masterbuilt-pizzaahi-gravity-sarja-grillidele-uhildub-ka-enamiku-gaasi-soe-ja-pelletgrillidega\/#primaryimage"},"image":{"@id":"https:\/\/bbqentertainment.com\/toode\/masterbuilt-pizzaahi-gravity-sarja-grillidele-uhildub-ka-enamiku-gaasi-soe-ja-pelletgrillidega\/#primaryimage"},"thumbnailUrl":"https:\/\/bbqentertainment.com\/wp-content\/uploads\/2024\/03\/BBQ-Entertainment-OU-MB20181722_01_Hero-Studio-1200x1200-bd93c0f.jpg","datePublished":"2024-03-16T13:55:14+00:00","dateModified":"2026-03-30T17:41:02+00:00","breadcrumb":{"@id":"https:\/\/bbqentertainment.com\/toode\/masterbuilt-pizzaahi-gravity-sarja-grillidele-uhildub-ka-enamiku-gaasi-soe-ja-pelletgrillidega\/#breadcrumb"},"inLanguage":"en-US","potentialAction":[{"@type":"ReadAction","target":["https:\/\/bbqentertainment.com\/toode\/masterbuilt-pizzaahi-gravity-sarja-grillidele-uhildub-ka-enamiku-gaasi-soe-ja-pelletgrillidega\/"]}]},{"@type":"ImageObject","inLanguage":"en-US","@id":"https:\/\/bbqentertainment.com\/toode\/masterbuilt-pizzaahi-gravity-sarja-grillidele-uhildub-ka-enamiku-gaasi-soe-ja-pelletgrillidega\/#primaryimage","url":"https:\/\/bbqentertainment.com\/wp-content\/uploads\/2024\/03\/BBQ-Entertainment-OU-MB20181722_01_Hero-Studio-1200x1200-bd93c0f.jpg","contentUrl":"https:\/\/bbqentertainment.com\/wp-content\/uploads\/2024\/03\/BBQ-Entertainment-OU-MB20181722_01_Hero-Studio-1200x1200-bd93c0f.jpg","width":1200,"height":1200},{"@type":"BreadcrumbList","@id":"https:\/\/bbqentertainment.com\/toode\/masterbuilt-pizzaahi-gravity-sarja-grillidele-uhildub-ka-enamiku-gaasi-soe-ja-pelletgrillidega\/#breadcrumb","itemListElement":[{"@type":"ListItem","position":1,"name":"AVALEHT","item":"https:\/\/bbqentertainment.com\/en\/"},{"@type":"ListItem","position":2,"name":"Tooted","item":"https:\/\/bbqentertainment.com\/tooted\/"},{"@type":"ListItem","position":3,"name":"Grillid ja ahjud","item":"https:\/\/bbqentertainment.com\/tootekategooria\/grillid-ja-ahjud\/"},{"@type":"ListItem","position":4,"name":"Masterbuilt &amp; CharGriller","item":"https:\/\/bbqentertainment.com\/tootekategooria\/grillid-ja-ahjud\/masterbuilt-ahjud\/"},{"@type":"ListItem","position":5,"name":"Masterbuilt\u00ae PIZZAAHI Gravity sarja grillidele (\u00fchildub ka enamiku gaasi-, s\u00f6e- ja pelletgrillidega)"}]},{"@type":"WebSite","@id":"https:\/\/bbqentertainment.com\/#website","url":"https:\/\/bbqentertainment.com\/","name":"BBQ Entertainment","description":"BBQ is a great lifestyle, not just fun!","publisher":{"@id":"https:\/\/bbqentertainment.com\/#organization"},"potentialAction":[{"@type":"SearchAction","target":{"@type":"EntryPoint","urlTemplate":"https:\/\/bbqentertainment.com\/?s={search_term_string}"},"query-input":{"@type":"PropertyValueSpecification","valueRequired":true,"valueName":"search_term_string"}}],"inLanguage":"en-US"},{"@type":"Organization","@id":"https:\/\/bbqentertainment.com\/#organization","name":"BBQ Entertainment O\u00dc","url":"https:\/\/bbqentertainment.com\/","logo":{"@type":"ImageObject","inLanguage":"en-US","@id":"https:\/\/bbqentertainment.com\/#\/schema\/logo\/image\/","url":"https:\/\/bbqentertainment.com\/wp-content\/uploads\/2020\/04\/BBQ-Entertainment-N-Catering-Enn-Tobreluts-Logo.png","contentUrl":"https:\/\/bbqentertainment.com\/wp-content\/uploads\/2020\/04\/BBQ-Entertainment-N-Catering-Enn-Tobreluts-Logo.png","width":628,"height":266,"caption":"BBQ Entertainment O\u00dc"},"image":{"@id":"https:\/\/bbqentertainment.com\/#\/schema\/logo\/image\/"},"sameAs":["https:\/\/www.facebook.com\/BBQ-Entertainment-N-Catering-2437913376443540","https:\/\/www.instagram.com\/bbqentertainmentncatering\/","https:\/\/www.youtube.com\/channel\/UCmpuANQVhLy2Md8nrenp2jA"]}]}},"_links":{"self":[{"href":"https:\/\/bbqentertainment.com\/en\/wp-json\/wp\/v2\/product\/246737","targetHints":{"allow":["GET"]}}],"collection":[{"href":"https:\/\/bbqentertainment.com\/en\/wp-json\/wp\/v2\/product"}],"about":[{"href":"https:\/\/bbqentertainment.com\/en\/wp-json\/wp\/v2\/types\/product"}],"wp:featuredmedia":[{"embeddable":true,"href":"https:\/\/bbqentertainment.com\/en\/wp-json\/wp\/v2\/media\/246741"}],"wp:attachment":[{"href":"https:\/\/bbqentertainment.com\/en\/wp-json\/wp\/v2\/media?parent=246737"}],"wp:term":[{"taxonomy":"product_brand","embeddable":true,"href":"https:\/\/bbqentertainment.com\/en\/wp-json\/wp\/v2\/product_brand?post=246737"},{"taxonomy":"product_cat","embeddable":true,"href":"https:\/\/bbqentertainment.com\/en\/wp-json\/wp\/v2\/product_cat?post=246737"},{"taxonomy":"product_tag","embeddable":true,"href":"https:\/\/bbqentertainment.com\/en\/wp-json\/wp\/v2\/product_tag?post=246737"}],"curies":[{"name":"wp","href":"https:\/\/api.w.org\/{rel}","templated":true}]}}