{"id":246760,"date":"2024-03-16T19:21:40","date_gmt":"2024-03-16T17:21:40","guid":{"rendered":"https:\/\/bbqentertainment.com\/?post_type=product&#038;p=246760"},"modified":"2026-03-07T22:12:15","modified_gmt":"2026-03-07T20:12:15","slug":"ti-pro-grillsoe-tangid-everdure","status":"publish","type":"product","link":"https:\/\/bbqentertainment.com\/en\/toode\/ti-pro-grillsoe-tangid-everdure\/","title":{"rendered":"Ti-Pro grills\u00f6e tangid Everdure by Heston Blumenthal"},"content":{"rendered":"","protected":false},"excerpt":{"rendered":"<h3><strong>Ti-Pro grills\u00f6e tangid Everdure by Heston Blumenthal<\/strong><\/h3>\n<ul>\n<li><strong>Tugev ja vastupidav konstruktsioon<\/strong> \u2013 tagab pikaajalise kasutuse ka intensiivsel grillimisel<\/li>\n<li><strong>Ergonoomiline disain<\/strong> \u2013 mugav haare ja lihtne k\u00e4sitsemine<\/li>\n<li><strong>Pikad k\u00e4epidemed<\/strong> \u2013 v\u00f5imaldavad s\u00fcgavale s\u00fcte ja puidut\u00fckkide vahele ulatuda<\/li>\n<li><strong>Lihtne tule reguleerimine<\/strong> \u2013 aitab luua \u00fchtlase ja stabiilse kuumuse<\/li>\n<li><strong>Sobivus<\/strong> \u2013 ideaalne kasutamiseks s\u00f6egrillidel ja puidut\u00fckke kasutavatel BBQ-del<\/li>\n<li><strong style=\"color: #000000;font-size: 14.4px\">M\u00f5\u00f5dud<\/strong><span style=\"color: #000000;font-size: 14.4px\">: 466 x 66 x 94 mm (paksus 1,5 mm)<\/span><\/li>\n<\/ul>\n","protected":false},"featured_media":246758,"template":"","meta":{"inline_featured_image":false},"product_brand":[],"product_cat":[92,479,210,104],"product_tag":[],"class_list":{"0":"post-246760","1":"product","2":"type-product","3":"status-publish","4":"has-post-thumbnail","6":"product_cat-lisatarvikud","7":"product_cat-grillitarvikud","8":"product_cat-lisatarvikud-everdure-by-heston","9":"product_cat-sute-suutamiseks","11":"first","12":"instock","13":"taxable","14":"shipping-taxable","15":"purchasable","16":"product-type-simple"},"yoast_head":"<!-- This site is optimized with the Yoast SEO plugin v27.2 - https:\/\/yoast.com\/product\/yoast-seo-wordpress\/ -->\n<title>Ti-Pro grills\u00f6e tangid Everdure by Heston Blumenthal - BBQ Entertainment<\/title>\n<meta name=\"robots\" content=\"index, follow, max-snippet:-1, max-image-preview:large, max-video-preview:-1\" \/>\n<link rel=\"canonical\" href=\"https:\/\/bbqentertainment.com\/toode\/ti-pro-grillsoe-tangid-everdure\/\" \/>\n<meta property=\"og:locale\" content=\"en_US\" \/>\n<meta property=\"og:type\" content=\"article\" \/>\n<meta property=\"og:title\" content=\"Ti-Pro grills\u00f6e tangid Everdure by Heston Blumenthal - BBQ Entertainment\" \/>\n<meta property=\"og:description\" content=\"Ti-Pro grills\u00f6e tangid Everdure by Heston Blumenthal   Tugev ja vastupidav konstruktsioon \u2013 tagab pikaajalise kasutuse ka intensiivsel grillimisel  Ergonoomiline disain \u2013 mugav haare ja lihtne k\u00e4sitsemine  Pikad k\u00e4epidemed \u2013 v\u00f5imaldavad s\u00fcgavale s\u00fcte ja puidut\u00fckkide vahele ulatuda  Lihtne tule reguleerimine \u2013 aitab luua \u00fchtlase ja stabiilse kuumuse  Sobivus \u2013 ideaalne kasutamiseks s\u00f6egrillidel ja puidut\u00fckke kasutavatel BBQ-del  M\u00f5\u00f5dud: 466 x 66 x 94 mm (paksus 1,5 mm)\" \/>\n<meta property=\"og:url\" content=\"https:\/\/bbqentertainment.com\/toode\/ti-pro-grillsoe-tangid-everdure\/\" \/>\n<meta property=\"og:site_name\" content=\"BBQ Entertainment\" \/>\n<meta property=\"article:publisher\" content=\"https:\/\/www.facebook.com\/BBQ-Entertainment-N-Catering-2437913376443540\" \/>\n<meta property=\"article:modified_time\" content=\"2026-03-07T20:12:15+00:00\" \/>\n<meta property=\"og:image\" content=\"https:\/\/bbqentertainment.com\/wp-content\/uploads\/2024\/03\/Ti-Pro-grillsoe-tangid-\u2013-Everdure-by-Heston-Blumenthal-HBCOALTONGLTS-2.jpg\" \/>\n\t<meta property=\"og:image:width\" content=\"972\" \/>\n\t<meta property=\"og:image:height\" content=\"891\" \/>\n\t<meta property=\"og:image:type\" content=\"image\/jpeg\" \/>\n<meta name=\"twitter:card\" content=\"summary_large_image\" \/>\n<meta name=\"twitter:label1\" content=\"Est. reading time\" \/>\n\t<meta name=\"twitter:data1\" content=\"1 minute\" \/>\n<script type=\"application\/ld+json\" class=\"yoast-schema-graph\">{\"@context\":\"https:\/\/schema.org\",\"@graph\":[{\"@type\":[\"WebPage\",\"ItemPage\"],\"@id\":\"https:\/\/bbqentertainment.com\/toode\/ti-pro-grillsoe-tangid-everdure\/\",\"url\":\"https:\/\/bbqentertainment.com\/toode\/ti-pro-grillsoe-tangid-everdure\/\",\"name\":\"Ti-Pro grills\u00f6e tangid Everdure by Heston Blumenthal - BBQ Entertainment\",\"isPartOf\":{\"@id\":\"https:\/\/bbqentertainment.com\/#website\"},\"primaryImageOfPage\":{\"@id\":\"https:\/\/bbqentertainment.com\/toode\/ti-pro-grillsoe-tangid-everdure\/#primaryimage\"},\"image\":{\"@id\":\"https:\/\/bbqentertainment.com\/toode\/ti-pro-grillsoe-tangid-everdure\/#primaryimage\"},\"thumbnailUrl\":\"https:\/\/bbqentertainment.com\/wp-content\/uploads\/2024\/03\/Ti-Pro-grillsoe-tangid-\u2013-Everdure-by-Heston-Blumenthal-HBCOALTONGLTS-2.jpg\",\"datePublished\":\"2024-03-16T17:21:40+00:00\",\"dateModified\":\"2026-03-07T20:12:15+00:00\",\"breadcrumb\":{\"@id\":\"https:\/\/bbqentertainment.com\/toode\/ti-pro-grillsoe-tangid-everdure\/#breadcrumb\"},\"inLanguage\":\"en-US\",\"potentialAction\":[{\"@type\":\"ReadAction\",\"target\":[\"https:\/\/bbqentertainment.com\/toode\/ti-pro-grillsoe-tangid-everdure\/\"]}]},{\"@type\":\"ImageObject\",\"inLanguage\":\"en-US\",\"@id\":\"https:\/\/bbqentertainment.com\/toode\/ti-pro-grillsoe-tangid-everdure\/#primaryimage\",\"url\":\"https:\/\/bbqentertainment.com\/wp-content\/uploads\/2024\/03\/Ti-Pro-grillsoe-tangid-\u2013-Everdure-by-Heston-Blumenthal-HBCOALTONGLTS-2.jpg\",\"contentUrl\":\"https:\/\/bbqentertainment.com\/wp-content\/uploads\/2024\/03\/Ti-Pro-grillsoe-tangid-\u2013-Everdure-by-Heston-Blumenthal-HBCOALTONGLTS-2.jpg\",\"width\":972,\"height\":891},{\"@type\":\"BreadcrumbList\",\"@id\":\"https:\/\/bbqentertainment.com\/toode\/ti-pro-grillsoe-tangid-everdure\/#breadcrumb\",\"itemListElement\":[{\"@type\":\"ListItem\",\"position\":1,\"name\":\"AVALEHT\",\"item\":\"https:\/\/bbqentertainment.com\/en\/\"},{\"@type\":\"ListItem\",\"position\":2,\"name\":\"Tooted\",\"item\":\"https:\/\/bbqentertainment.com\/tooted\/\"},{\"@type\":\"ListItem\",\"position\":3,\"name\":\"Lisatarvikud\",\"item\":\"https:\/\/bbqentertainment.com\/tootekategooria\/lisatarvikud\/\"},{\"@type\":\"ListItem\",\"position\":4,\"name\":\"Ti-Pro grills\u00f6e tangid Everdure by Heston Blumenthal\"}]},{\"@type\":\"WebSite\",\"@id\":\"https:\/\/bbqentertainment.com\/#website\",\"url\":\"https:\/\/bbqentertainment.com\/\",\"name\":\"BBQ Entertainment\",\"description\":\"BBQ is a great lifestyle, not just fun!\",\"publisher\":{\"@id\":\"https:\/\/bbqentertainment.com\/#organization\"},\"potentialAction\":[{\"@type\":\"SearchAction\",\"target\":{\"@type\":\"EntryPoint\",\"urlTemplate\":\"https:\/\/bbqentertainment.com\/?s={search_term_string}\"},\"query-input\":{\"@type\":\"PropertyValueSpecification\",\"valueRequired\":true,\"valueName\":\"search_term_string\"}}],\"inLanguage\":\"en-US\"},{\"@type\":\"Organization\",\"@id\":\"https:\/\/bbqentertainment.com\/#organization\",\"name\":\"BBQ Entertainment O\u00dc\",\"url\":\"https:\/\/bbqentertainment.com\/\",\"logo\":{\"@type\":\"ImageObject\",\"inLanguage\":\"en-US\",\"@id\":\"https:\/\/bbqentertainment.com\/#\/schema\/logo\/image\/\",\"url\":\"https:\/\/bbqentertainment.com\/wp-content\/uploads\/2020\/04\/BBQ-Entertainment-N-Catering-Enn-Tobreluts-Logo.png\",\"contentUrl\":\"https:\/\/bbqentertainment.com\/wp-content\/uploads\/2020\/04\/BBQ-Entertainment-N-Catering-Enn-Tobreluts-Logo.png\",\"width\":628,\"height\":266,\"caption\":\"BBQ Entertainment O\u00dc\"},\"image\":{\"@id\":\"https:\/\/bbqentertainment.com\/#\/schema\/logo\/image\/\"},\"sameAs\":[\"https:\/\/www.facebook.com\/BBQ-Entertainment-N-Catering-2437913376443540\",\"https:\/\/www.instagram.com\/bbqentertainmentncatering\/\",\"https:\/\/www.youtube.com\/channel\/UCmpuANQVhLy2Md8nrenp2jA\"]}]}<\/script>\n<!-- \/ Yoast SEO plugin. -->","yoast_head_json":{"title":"Ti-Pro grills\u00f6e tangid Everdure by Heston Blumenthal - BBQ Entertainment","robots":{"index":"index","follow":"follow","max-snippet":"max-snippet:-1","max-image-preview":"max-image-preview:large","max-video-preview":"max-video-preview:-1"},"canonical":"https:\/\/bbqentertainment.com\/toode\/ti-pro-grillsoe-tangid-everdure\/","og_locale":"en_US","og_type":"article","og_title":"Ti-Pro grills\u00f6e tangid Everdure by Heston Blumenthal - BBQ Entertainment","og_description":"Ti-Pro grills\u00f6e tangid Everdure by Heston Blumenthal   Tugev ja vastupidav konstruktsioon \u2013 tagab pikaajalise kasutuse ka intensiivsel grillimisel  Ergonoomiline disain \u2013 mugav haare ja lihtne k\u00e4sitsemine  Pikad k\u00e4epidemed \u2013 v\u00f5imaldavad s\u00fcgavale s\u00fcte ja puidut\u00fckkide vahele ulatuda  Lihtne tule reguleerimine \u2013 aitab luua \u00fchtlase ja stabiilse kuumuse  Sobivus \u2013 ideaalne kasutamiseks s\u00f6egrillidel ja puidut\u00fckke kasutavatel BBQ-del  M\u00f5\u00f5dud: 466 x 66 x 94 mm (paksus 1,5 mm)","og_url":"https:\/\/bbqentertainment.com\/toode\/ti-pro-grillsoe-tangid-everdure\/","og_site_name":"BBQ Entertainment","article_publisher":"https:\/\/www.facebook.com\/BBQ-Entertainment-N-Catering-2437913376443540","article_modified_time":"2026-03-07T20:12:15+00:00","og_image":[{"width":972,"height":891,"url":"https:\/\/bbqentertainment.com\/wp-content\/uploads\/2024\/03\/Ti-Pro-grillsoe-tangid-\u2013-Everdure-by-Heston-Blumenthal-HBCOALTONGLTS-2.jpg","type":"image\/jpeg"}],"twitter_card":"summary_large_image","twitter_misc":{"Est. reading time":"1 minute"},"schema":{"@context":"https:\/\/schema.org","@graph":[{"@type":["WebPage","ItemPage"],"@id":"https:\/\/bbqentertainment.com\/toode\/ti-pro-grillsoe-tangid-everdure\/","url":"https:\/\/bbqentertainment.com\/toode\/ti-pro-grillsoe-tangid-everdure\/","name":"Ti-Pro grills\u00f6e tangid Everdure by Heston Blumenthal - BBQ Entertainment","isPartOf":{"@id":"https:\/\/bbqentertainment.com\/#website"},"primaryImageOfPage":{"@id":"https:\/\/bbqentertainment.com\/toode\/ti-pro-grillsoe-tangid-everdure\/#primaryimage"},"image":{"@id":"https:\/\/bbqentertainment.com\/toode\/ti-pro-grillsoe-tangid-everdure\/#primaryimage"},"thumbnailUrl":"https:\/\/bbqentertainment.com\/wp-content\/uploads\/2024\/03\/Ti-Pro-grillsoe-tangid-\u2013-Everdure-by-Heston-Blumenthal-HBCOALTONGLTS-2.jpg","datePublished":"2024-03-16T17:21:40+00:00","dateModified":"2026-03-07T20:12:15+00:00","breadcrumb":{"@id":"https:\/\/bbqentertainment.com\/toode\/ti-pro-grillsoe-tangid-everdure\/#breadcrumb"},"inLanguage":"en-US","potentialAction":[{"@type":"ReadAction","target":["https:\/\/bbqentertainment.com\/toode\/ti-pro-grillsoe-tangid-everdure\/"]}]},{"@type":"ImageObject","inLanguage":"en-US","@id":"https:\/\/bbqentertainment.com\/toode\/ti-pro-grillsoe-tangid-everdure\/#primaryimage","url":"https:\/\/bbqentertainment.com\/wp-content\/uploads\/2024\/03\/Ti-Pro-grillsoe-tangid-\u2013-Everdure-by-Heston-Blumenthal-HBCOALTONGLTS-2.jpg","contentUrl":"https:\/\/bbqentertainment.com\/wp-content\/uploads\/2024\/03\/Ti-Pro-grillsoe-tangid-\u2013-Everdure-by-Heston-Blumenthal-HBCOALTONGLTS-2.jpg","width":972,"height":891},{"@type":"BreadcrumbList","@id":"https:\/\/bbqentertainment.com\/toode\/ti-pro-grillsoe-tangid-everdure\/#breadcrumb","itemListElement":[{"@type":"ListItem","position":1,"name":"AVALEHT","item":"https:\/\/bbqentertainment.com\/en\/"},{"@type":"ListItem","position":2,"name":"Tooted","item":"https:\/\/bbqentertainment.com\/tooted\/"},{"@type":"ListItem","position":3,"name":"Lisatarvikud","item":"https:\/\/bbqentertainment.com\/tootekategooria\/lisatarvikud\/"},{"@type":"ListItem","position":4,"name":"Ti-Pro grills\u00f6e tangid Everdure by Heston Blumenthal"}]},{"@type":"WebSite","@id":"https:\/\/bbqentertainment.com\/#website","url":"https:\/\/bbqentertainment.com\/","name":"BBQ Entertainment","description":"BBQ is a great lifestyle, not just fun!","publisher":{"@id":"https:\/\/bbqentertainment.com\/#organization"},"potentialAction":[{"@type":"SearchAction","target":{"@type":"EntryPoint","urlTemplate":"https:\/\/bbqentertainment.com\/?s={search_term_string}"},"query-input":{"@type":"PropertyValueSpecification","valueRequired":true,"valueName":"search_term_string"}}],"inLanguage":"en-US"},{"@type":"Organization","@id":"https:\/\/bbqentertainment.com\/#organization","name":"BBQ Entertainment O\u00dc","url":"https:\/\/bbqentertainment.com\/","logo":{"@type":"ImageObject","inLanguage":"en-US","@id":"https:\/\/bbqentertainment.com\/#\/schema\/logo\/image\/","url":"https:\/\/bbqentertainment.com\/wp-content\/uploads\/2020\/04\/BBQ-Entertainment-N-Catering-Enn-Tobreluts-Logo.png","contentUrl":"https:\/\/bbqentertainment.com\/wp-content\/uploads\/2020\/04\/BBQ-Entertainment-N-Catering-Enn-Tobreluts-Logo.png","width":628,"height":266,"caption":"BBQ Entertainment O\u00dc"},"image":{"@id":"https:\/\/bbqentertainment.com\/#\/schema\/logo\/image\/"},"sameAs":["https:\/\/www.facebook.com\/BBQ-Entertainment-N-Catering-2437913376443540","https:\/\/www.instagram.com\/bbqentertainmentncatering\/","https:\/\/www.youtube.com\/channel\/UCmpuANQVhLy2Md8nrenp2jA"]}]}},"_links":{"self":[{"href":"https:\/\/bbqentertainment.com\/en\/wp-json\/wp\/v2\/product\/246760","targetHints":{"allow":["GET"]}}],"collection":[{"href":"https:\/\/bbqentertainment.com\/en\/wp-json\/wp\/v2\/product"}],"about":[{"href":"https:\/\/bbqentertainment.com\/en\/wp-json\/wp\/v2\/types\/product"}],"wp:featuredmedia":[{"embeddable":true,"href":"https:\/\/bbqentertainment.com\/en\/wp-json\/wp\/v2\/media\/246758"}],"wp:attachment":[{"href":"https:\/\/bbqentertainment.com\/en\/wp-json\/wp\/v2\/media?parent=246760"}],"wp:term":[{"taxonomy":"product_brand","embeddable":true,"href":"https:\/\/bbqentertainment.com\/en\/wp-json\/wp\/v2\/product_brand?post=246760"},{"taxonomy":"product_cat","embeddable":true,"href":"https:\/\/bbqentertainment.com\/en\/wp-json\/wp\/v2\/product_cat?post=246760"},{"taxonomy":"product_tag","embeddable":true,"href":"https:\/\/bbqentertainment.com\/en\/wp-json\/wp\/v2\/product_tag?post=246760"}],"curies":[{"name":"wp","href":"https:\/\/api.w.org\/{rel}","templated":true}]}}