{"id":247095,"date":"2024-04-25T21:35:37","date_gmt":"2024-04-25T18:35:37","guid":{"rendered":"https:\/\/bbqentertainment.com\/?post_type=product&#038;p=247095"},"modified":"2025-07-25T13:45:37","modified_gmt":"2025-07-25T10:45:37","slug":"rock-nrubs-bbq-rub-maitseainesegu-frontline-dont-cry-for-me-argentina-100g","status":"publish","type":"product","link":"https:\/\/bbqentertainment.com\/en\/toode\/rock-nrubs-bbq-rub-maitseainesegu-frontline-dont-cry-for-me-argentina-100g\/","title":{"rendered":"Rock-n\u2019rubs BBQ RUB maitseainesegu &#8220;Frontline Don&#8217;t cry for me ARGENTINA&#8221; 100g"},"content":{"rendered":"","protected":false},"excerpt":{"rendered":"<h3>Rock-n\u2019rubs BBQ RUB maitseainesegu &#8220;Frontline Don&#8217;t cry for me ARGENTINA&#8221; 100g<\/h3>\n<p><strong>ROCK&#8217;N&#8217;RUBS<\/strong> on grillmeistri Marco Greulichi loodud ainulaadne, kvaliteetne ja erakordsete maitsega v\u00fcrtside sari . BBQ Rubs s\u00fcndis Marci \u00e4sja leitud seosest tema loodud toote ja rock &#8216;n&#8217; roll muusika rikkaliku r\u00fctmi vahel, mis viis tasakaalustatud, oman\u00e4olise maitse ja kvaliteetse maitseaine loomiseni.<\/p>\n<p><strong>ROCK&#8217;N&#8217;RUBS<\/strong> Frontline v\u00fcrtsid sobivad suurep\u00e4raselt linnu-, sea-, veise-, k\u00f6\u00f6giviljade ja hautiste k\u00f5rvale. Eriti maitsev BBQ-v\u00fcrtside preparaat on valmistatud Saksamaal ning eristub oma koostise poolest kogu maailmast kogutud kvaliteetsetest ja valikulistest koostisosadest. Lisaks on see toode gluteenivaba ja vegan, ei sisalda maitsetugevdajaid, paakumisvastaseid aineid ega s\u00e4ilitusaineid.<\/p>\n<p><strong>Don&#8217;t cry for me ARGENTINA <\/strong>\u2013 chimichurri on t\u00fc\u00fcpiline L\u00f5una-Ameerika grillikaste ja marinaad, mis sobib suurep\u00e4raselt praadide, k\u00f6\u00f6giviljade, grilljuustu, kala ja linnuliha k\u00f5rvale.<\/p>\n<p>Soovitus kasutamiseks: Neid v\u00fcrtse v\u00f5ib kasutada nii kuivmarinaadina kui ka marineerimiskastmena: lase 1 spl chimichurril 1 sl leiges vees paisuda ning sega 3 sl oliivi\u00f5li ja 1 sl punase veini v\u00f5i punase veini \u00e4\u00e4dikaga.<\/p>\n<p>ROCK&#8217;N&#8217;RUBS v\u00fcrtsid on suurep\u00e4rane kingitus grillif\u00e4nnile!!<\/p>\n<p>Koostis: sibul, meresool, v\u00fcrtsid (must pipar, punase pipra graanulid), \u00fcrdid (petersell, pune), roosuhkur, k\u00fc\u00fcslauk.<\/p>\n<p>Keskmine toitev\u00e4\u00e4rtus ja energiasisaldus 100 g kohta:<\/p>\n<p>Energiav\u00e4\u00e4rtus (kcal\/kJ) 278 kcal\/1163 kJ<br \/>\nRasvad 3,3 g millest k\u00fcllastunud rasvhapped 0,5 g<br \/>\nS\u00fcsivesikud 45,7 g<br \/>\nsuhkur 33,8 g<br \/>\nValgud 10,8 g<br \/>\nsoola 15,09 g<\/p>\n<p>&nbsp;<\/p>\n","protected":false},"featured_media":247111,"template":"","meta":{"inline_featured_image":false},"product_brand":[],"product_cat":[28,491],"product_tag":[],"class_list":{"0":"post-247095","1":"product","2":"type-product","3":"status-publish","4":"has-post-thumbnail","6":"product_cat-maitseandjad","7":"product_cat-ameerika-bbq-rubid-kastmed","9":"first","10":"instock","11":"taxable","12":"shipping-taxable","13":"purchasable","14":"product-type-simple"},"yoast_head":"<!-- This site is optimized with the Yoast SEO plugin v27.4 - https:\/\/yoast.com\/product\/yoast-seo-wordpress\/ -->\n<title>Rock-n\u2019rubs BBQ RUB maitseainesegu &quot;Frontline Don&#039;t cry for me ARGENTINA&quot; 100g - BBQ Entertainment<\/title>\n<meta name=\"robots\" content=\"index, follow, max-snippet:-1, max-image-preview:large, max-video-preview:-1\" \/>\n<link rel=\"canonical\" href=\"https:\/\/bbqentertainment.com\/toode\/rock-nrubs-bbq-rub-maitseainesegu-frontline-dont-cry-for-me-argentina-100g\/\" \/>\n<meta property=\"og:locale\" content=\"en_US\" \/>\n<meta property=\"og:type\" content=\"article\" \/>\n<meta property=\"og:title\" content=\"Rock-n\u2019rubs BBQ RUB maitseainesegu &quot;Frontline Don&#039;t cry for me ARGENTINA&quot; 100g - BBQ Entertainment\" \/>\n<meta property=\"og:description\" content=\"Rock-n\u2019rubs BBQ RUB maitseainesegu &quot;Frontline Don&#039;t cry for me ARGENTINA&quot; 100g ROCK&#039;N&#039;RUBS on grillmeistri Marco Greulichi loodud ainulaadne, kvaliteetne ja erakordsete maitsega v\u00fcrtside sari . BBQ Rubs s\u00fcndis Marci \u00e4sja leitud seosest tema loodud toote ja rock &#039;n&#039; roll muusika rikkaliku r\u00fctmi vahel, mis viis tasakaalustatud, oman\u00e4olise maitse ja kvaliteetse maitseaine loomiseni.  ROCK&#039;N&#039;RUBS Frontline v\u00fcrtsid sobivad suurep\u00e4raselt linnu-, sea-, veise-, k\u00f6\u00f6giviljade ja hautiste k\u00f5rvale. Eriti maitsev BBQ-v\u00fcrtside preparaat on valmistatud Saksamaal ning eristub oma koostise poolest kogu maailmast kogutud kvaliteetsetest ja valikulistest koostisosadest. Lisaks on see toode gluteenivaba ja vegan, ei sisalda maitsetugevdajaid, paakumisvastaseid aineid ega s\u00e4ilitusaineid.  Don&#039;t cry for me ARGENTINA \u2013 chimichurri on t\u00fc\u00fcpiline L\u00f5una-Ameerika grillikaste ja marinaad, mis sobib suurep\u00e4raselt praadide, k\u00f6\u00f6giviljade, grilljuustu, kala ja linnuliha k\u00f5rvale.  Soovitus kasutamiseks: Neid v\u00fcrtse v\u00f5ib kasutada nii kuivmarinaadina kui ka marineerimiskastmena: lase 1 spl chimichurril 1 sl leiges vees paisuda ning sega 3 sl oliivi\u00f5li ja 1 sl punase veini v\u00f5i punase veini \u00e4\u00e4dikaga.  ROCK&#039;N&#039;RUBS v\u00fcrtsid on suurep\u00e4rane kingitus grillif\u00e4nnile!!  Koostis: sibul, meresool, v\u00fcrtsid (must pipar, punase pipra graanulid), \u00fcrdid (petersell, pune), roosuhkur, k\u00fc\u00fcslauk.  Keskmine toitev\u00e4\u00e4rtus ja energiasisaldus 100 g kohta:  Energiav\u00e4\u00e4rtus (kcal\/kJ) 278 kcal\/1163 kJ Rasvad 3,3 g millest k\u00fcllastunud rasvhapped 0,5 g S\u00fcsivesikud 45,7 g suhkur 33,8 g Valgud 10,8 g soola 15,09 g  &nbsp;\" \/>\n<meta property=\"og:url\" content=\"https:\/\/bbqentertainment.com\/toode\/rock-nrubs-bbq-rub-maitseainesegu-frontline-dont-cry-for-me-argentina-100g\/\" \/>\n<meta property=\"og:site_name\" content=\"BBQ Entertainment\" \/>\n<meta property=\"article:publisher\" content=\"https:\/\/www.facebook.com\/BBQ-Entertainment-N-Catering-2437913376443540\" \/>\n<meta property=\"article:modified_time\" content=\"2025-07-25T10:45:37+00:00\" \/>\n<meta property=\"og:image\" content=\"https:\/\/bbqentertainment.com\/wp-content\/uploads\/2024\/04\/BBQ-Entertainent-Rock\u00b4n\u00b4Rubs-Dont-cry-for-me-argentina-4.webp\" \/>\n\t<meta property=\"og:image:width\" content=\"1200\" \/>\n\t<meta property=\"og:image:height\" content=\"1200\" \/>\n\t<meta property=\"og:image:type\" content=\"image\/webp\" \/>\n<meta name=\"twitter:card\" content=\"summary_large_image\" \/>\n<meta name=\"twitter:label1\" content=\"Est. reading time\" \/>\n\t<meta name=\"twitter:data1\" content=\"1 minute\" \/>\n<script type=\"application\/ld+json\" class=\"yoast-schema-graph\">{\"@context\":\"https:\\\/\\\/schema.org\",\"@graph\":[{\"@type\":[\"WebPage\",\"ItemPage\"],\"@id\":\"https:\\\/\\\/bbqentertainment.com\\\/toode\\\/rock-nrubs-bbq-rub-maitseainesegu-frontline-dont-cry-for-me-argentina-100g\\\/\",\"url\":\"https:\\\/\\\/bbqentertainment.com\\\/toode\\\/rock-nrubs-bbq-rub-maitseainesegu-frontline-dont-cry-for-me-argentina-100g\\\/\",\"name\":\"Rock-n\u2019rubs BBQ RUB maitseainesegu \\\"Frontline Don't cry for me ARGENTINA\\\" 100g - BBQ Entertainment\",\"isPartOf\":{\"@id\":\"https:\\\/\\\/bbqentertainment.com\\\/#website\"},\"primaryImageOfPage\":{\"@id\":\"https:\\\/\\\/bbqentertainment.com\\\/toode\\\/rock-nrubs-bbq-rub-maitseainesegu-frontline-dont-cry-for-me-argentina-100g\\\/#primaryimage\"},\"image\":{\"@id\":\"https:\\\/\\\/bbqentertainment.com\\\/toode\\\/rock-nrubs-bbq-rub-maitseainesegu-frontline-dont-cry-for-me-argentina-100g\\\/#primaryimage\"},\"thumbnailUrl\":\"https:\\\/\\\/bbqentertainment.com\\\/wp-content\\\/uploads\\\/2024\\\/04\\\/BBQ-Entertainent-Rock\u00b4n\u00b4Rubs-Dont-cry-for-me-argentina-4.webp\",\"datePublished\":\"2024-04-25T18:35:37+00:00\",\"dateModified\":\"2025-07-25T10:45:37+00:00\",\"breadcrumb\":{\"@id\":\"https:\\\/\\\/bbqentertainment.com\\\/toode\\\/rock-nrubs-bbq-rub-maitseainesegu-frontline-dont-cry-for-me-argentina-100g\\\/#breadcrumb\"},\"inLanguage\":\"en-US\",\"potentialAction\":[{\"@type\":\"ReadAction\",\"target\":[\"https:\\\/\\\/bbqentertainment.com\\\/toode\\\/rock-nrubs-bbq-rub-maitseainesegu-frontline-dont-cry-for-me-argentina-100g\\\/\"]}]},{\"@type\":\"ImageObject\",\"inLanguage\":\"en-US\",\"@id\":\"https:\\\/\\\/bbqentertainment.com\\\/toode\\\/rock-nrubs-bbq-rub-maitseainesegu-frontline-dont-cry-for-me-argentina-100g\\\/#primaryimage\",\"url\":\"https:\\\/\\\/bbqentertainment.com\\\/wp-content\\\/uploads\\\/2024\\\/04\\\/BBQ-Entertainent-Rock\u00b4n\u00b4Rubs-Dont-cry-for-me-argentina-4.webp\",\"contentUrl\":\"https:\\\/\\\/bbqentertainment.com\\\/wp-content\\\/uploads\\\/2024\\\/04\\\/BBQ-Entertainent-Rock\u00b4n\u00b4Rubs-Dont-cry-for-me-argentina-4.webp\",\"width\":1200,\"height\":1200},{\"@type\":\"BreadcrumbList\",\"@id\":\"https:\\\/\\\/bbqentertainment.com\\\/toode\\\/rock-nrubs-bbq-rub-maitseainesegu-frontline-dont-cry-for-me-argentina-100g\\\/#breadcrumb\",\"itemListElement\":[{\"@type\":\"ListItem\",\"position\":1,\"name\":\"AVALEHT\",\"item\":\"https:\\\/\\\/bbqentertainment.com\\\/en\\\/\"},{\"@type\":\"ListItem\",\"position\":2,\"name\":\"Tooted\",\"item\":\"https:\\\/\\\/bbqentertainment.com\\\/tooted\\\/\"},{\"@type\":\"ListItem\",\"position\":3,\"name\":\"Maitseandjad\",\"item\":\"https:\\\/\\\/bbqentertainment.com\\\/en\\\/tootekategooria\\\/maitseandjad\\\/\"},{\"@type\":\"ListItem\",\"position\":4,\"name\":\"Rock-n\u2019rubs BBQ RUB maitseainesegu &#8220;Frontline Don&#8217;t cry for me ARGENTINA&#8221; 100g\"}]},{\"@type\":\"WebSite\",\"@id\":\"https:\\\/\\\/bbqentertainment.com\\\/#website\",\"url\":\"https:\\\/\\\/bbqentertainment.com\\\/\",\"name\":\"BBQ Entertainment\",\"description\":\"BBQ is a great lifestyle, not just fun!\",\"publisher\":{\"@id\":\"https:\\\/\\\/bbqentertainment.com\\\/#organization\"},\"potentialAction\":[{\"@type\":\"SearchAction\",\"target\":{\"@type\":\"EntryPoint\",\"urlTemplate\":\"https:\\\/\\\/bbqentertainment.com\\\/?s={search_term_string}\"},\"query-input\":{\"@type\":\"PropertyValueSpecification\",\"valueRequired\":true,\"valueName\":\"search_term_string\"}}],\"inLanguage\":\"en-US\"},{\"@type\":\"Organization\",\"@id\":\"https:\\\/\\\/bbqentertainment.com\\\/#organization\",\"name\":\"BBQ Entertainment O\u00dc\",\"url\":\"https:\\\/\\\/bbqentertainment.com\\\/\",\"logo\":{\"@type\":\"ImageObject\",\"inLanguage\":\"en-US\",\"@id\":\"https:\\\/\\\/bbqentertainment.com\\\/#\\\/schema\\\/logo\\\/image\\\/\",\"url\":\"https:\\\/\\\/bbqentertainment.com\\\/wp-content\\\/uploads\\\/2020\\\/04\\\/BBQ-Entertainment-N-Catering-Enn-Tobreluts-Logo.png\",\"contentUrl\":\"https:\\\/\\\/bbqentertainment.com\\\/wp-content\\\/uploads\\\/2020\\\/04\\\/BBQ-Entertainment-N-Catering-Enn-Tobreluts-Logo.png\",\"width\":628,\"height\":266,\"caption\":\"BBQ Entertainment O\u00dc\"},\"image\":{\"@id\":\"https:\\\/\\\/bbqentertainment.com\\\/#\\\/schema\\\/logo\\\/image\\\/\"},\"sameAs\":[\"https:\\\/\\\/www.facebook.com\\\/BBQ-Entertainment-N-Catering-2437913376443540\",\"https:\\\/\\\/www.instagram.com\\\/bbqentertainmentncatering\\\/\",\"https:\\\/\\\/www.youtube.com\\\/channel\\\/UCmpuANQVhLy2Md8nrenp2jA\"]}]}<\/script>\n<!-- \/ Yoast SEO plugin. -->","yoast_head_json":{"title":"Rock-n\u2019rubs BBQ RUB maitseainesegu \"Frontline Don't cry for me ARGENTINA\" 100g - BBQ Entertainment","robots":{"index":"index","follow":"follow","max-snippet":"max-snippet:-1","max-image-preview":"max-image-preview:large","max-video-preview":"max-video-preview:-1"},"canonical":"https:\/\/bbqentertainment.com\/toode\/rock-nrubs-bbq-rub-maitseainesegu-frontline-dont-cry-for-me-argentina-100g\/","og_locale":"en_US","og_type":"article","og_title":"Rock-n\u2019rubs BBQ RUB maitseainesegu \"Frontline Don't cry for me ARGENTINA\" 100g - BBQ Entertainment","og_description":"Rock-n\u2019rubs BBQ RUB maitseainesegu \"Frontline Don't cry for me ARGENTINA\" 100g ROCK'N'RUBS on grillmeistri Marco Greulichi loodud ainulaadne, kvaliteetne ja erakordsete maitsega v\u00fcrtside sari . BBQ Rubs s\u00fcndis Marci \u00e4sja leitud seosest tema loodud toote ja rock 'n' roll muusika rikkaliku r\u00fctmi vahel, mis viis tasakaalustatud, oman\u00e4olise maitse ja kvaliteetse maitseaine loomiseni.  ROCK'N'RUBS Frontline v\u00fcrtsid sobivad suurep\u00e4raselt linnu-, sea-, veise-, k\u00f6\u00f6giviljade ja hautiste k\u00f5rvale. Eriti maitsev BBQ-v\u00fcrtside preparaat on valmistatud Saksamaal ning eristub oma koostise poolest kogu maailmast kogutud kvaliteetsetest ja valikulistest koostisosadest. Lisaks on see toode gluteenivaba ja vegan, ei sisalda maitsetugevdajaid, paakumisvastaseid aineid ega s\u00e4ilitusaineid.  Don't cry for me ARGENTINA \u2013 chimichurri on t\u00fc\u00fcpiline L\u00f5una-Ameerika grillikaste ja marinaad, mis sobib suurep\u00e4raselt praadide, k\u00f6\u00f6giviljade, grilljuustu, kala ja linnuliha k\u00f5rvale.  Soovitus kasutamiseks: Neid v\u00fcrtse v\u00f5ib kasutada nii kuivmarinaadina kui ka marineerimiskastmena: lase 1 spl chimichurril 1 sl leiges vees paisuda ning sega 3 sl oliivi\u00f5li ja 1 sl punase veini v\u00f5i punase veini \u00e4\u00e4dikaga.  ROCK'N'RUBS v\u00fcrtsid on suurep\u00e4rane kingitus grillif\u00e4nnile!!  Koostis: sibul, meresool, v\u00fcrtsid (must pipar, punase pipra graanulid), \u00fcrdid (petersell, pune), roosuhkur, k\u00fc\u00fcslauk.  Keskmine toitev\u00e4\u00e4rtus ja energiasisaldus 100 g kohta:  Energiav\u00e4\u00e4rtus (kcal\/kJ) 278 kcal\/1163 kJ Rasvad 3,3 g millest k\u00fcllastunud rasvhapped 0,5 g S\u00fcsivesikud 45,7 g suhkur 33,8 g Valgud 10,8 g soola 15,09 g  &nbsp;","og_url":"https:\/\/bbqentertainment.com\/toode\/rock-nrubs-bbq-rub-maitseainesegu-frontline-dont-cry-for-me-argentina-100g\/","og_site_name":"BBQ Entertainment","article_publisher":"https:\/\/www.facebook.com\/BBQ-Entertainment-N-Catering-2437913376443540","article_modified_time":"2025-07-25T10:45:37+00:00","og_image":[{"width":1200,"height":1200,"url":"https:\/\/bbqentertainment.com\/wp-content\/uploads\/2024\/04\/BBQ-Entertainent-Rock\u00b4n\u00b4Rubs-Dont-cry-for-me-argentina-4.webp","type":"image\/webp"}],"twitter_card":"summary_large_image","twitter_misc":{"Est. reading time":"1 minute"},"schema":{"@context":"https:\/\/schema.org","@graph":[{"@type":["WebPage","ItemPage"],"@id":"https:\/\/bbqentertainment.com\/toode\/rock-nrubs-bbq-rub-maitseainesegu-frontline-dont-cry-for-me-argentina-100g\/","url":"https:\/\/bbqentertainment.com\/toode\/rock-nrubs-bbq-rub-maitseainesegu-frontline-dont-cry-for-me-argentina-100g\/","name":"Rock-n\u2019rubs BBQ RUB maitseainesegu \"Frontline Don't cry for me ARGENTINA\" 100g - BBQ Entertainment","isPartOf":{"@id":"https:\/\/bbqentertainment.com\/#website"},"primaryImageOfPage":{"@id":"https:\/\/bbqentertainment.com\/toode\/rock-nrubs-bbq-rub-maitseainesegu-frontline-dont-cry-for-me-argentina-100g\/#primaryimage"},"image":{"@id":"https:\/\/bbqentertainment.com\/toode\/rock-nrubs-bbq-rub-maitseainesegu-frontline-dont-cry-for-me-argentina-100g\/#primaryimage"},"thumbnailUrl":"https:\/\/bbqentertainment.com\/wp-content\/uploads\/2024\/04\/BBQ-Entertainent-Rock\u00b4n\u00b4Rubs-Dont-cry-for-me-argentina-4.webp","datePublished":"2024-04-25T18:35:37+00:00","dateModified":"2025-07-25T10:45:37+00:00","breadcrumb":{"@id":"https:\/\/bbqentertainment.com\/toode\/rock-nrubs-bbq-rub-maitseainesegu-frontline-dont-cry-for-me-argentina-100g\/#breadcrumb"},"inLanguage":"en-US","potentialAction":[{"@type":"ReadAction","target":["https:\/\/bbqentertainment.com\/toode\/rock-nrubs-bbq-rub-maitseainesegu-frontline-dont-cry-for-me-argentina-100g\/"]}]},{"@type":"ImageObject","inLanguage":"en-US","@id":"https:\/\/bbqentertainment.com\/toode\/rock-nrubs-bbq-rub-maitseainesegu-frontline-dont-cry-for-me-argentina-100g\/#primaryimage","url":"https:\/\/bbqentertainment.com\/wp-content\/uploads\/2024\/04\/BBQ-Entertainent-Rock\u00b4n\u00b4Rubs-Dont-cry-for-me-argentina-4.webp","contentUrl":"https:\/\/bbqentertainment.com\/wp-content\/uploads\/2024\/04\/BBQ-Entertainent-Rock\u00b4n\u00b4Rubs-Dont-cry-for-me-argentina-4.webp","width":1200,"height":1200},{"@type":"BreadcrumbList","@id":"https:\/\/bbqentertainment.com\/toode\/rock-nrubs-bbq-rub-maitseainesegu-frontline-dont-cry-for-me-argentina-100g\/#breadcrumb","itemListElement":[{"@type":"ListItem","position":1,"name":"AVALEHT","item":"https:\/\/bbqentertainment.com\/en\/"},{"@type":"ListItem","position":2,"name":"Tooted","item":"https:\/\/bbqentertainment.com\/tooted\/"},{"@type":"ListItem","position":3,"name":"Maitseandjad","item":"https:\/\/bbqentertainment.com\/en\/tootekategooria\/maitseandjad\/"},{"@type":"ListItem","position":4,"name":"Rock-n\u2019rubs BBQ RUB maitseainesegu &#8220;Frontline Don&#8217;t cry for me ARGENTINA&#8221; 100g"}]},{"@type":"WebSite","@id":"https:\/\/bbqentertainment.com\/#website","url":"https:\/\/bbqentertainment.com\/","name":"BBQ Entertainment","description":"BBQ is a great lifestyle, not just fun!","publisher":{"@id":"https:\/\/bbqentertainment.com\/#organization"},"potentialAction":[{"@type":"SearchAction","target":{"@type":"EntryPoint","urlTemplate":"https:\/\/bbqentertainment.com\/?s={search_term_string}"},"query-input":{"@type":"PropertyValueSpecification","valueRequired":true,"valueName":"search_term_string"}}],"inLanguage":"en-US"},{"@type":"Organization","@id":"https:\/\/bbqentertainment.com\/#organization","name":"BBQ Entertainment O\u00dc","url":"https:\/\/bbqentertainment.com\/","logo":{"@type":"ImageObject","inLanguage":"en-US","@id":"https:\/\/bbqentertainment.com\/#\/schema\/logo\/image\/","url":"https:\/\/bbqentertainment.com\/wp-content\/uploads\/2020\/04\/BBQ-Entertainment-N-Catering-Enn-Tobreluts-Logo.png","contentUrl":"https:\/\/bbqentertainment.com\/wp-content\/uploads\/2020\/04\/BBQ-Entertainment-N-Catering-Enn-Tobreluts-Logo.png","width":628,"height":266,"caption":"BBQ Entertainment O\u00dc"},"image":{"@id":"https:\/\/bbqentertainment.com\/#\/schema\/logo\/image\/"},"sameAs":["https:\/\/www.facebook.com\/BBQ-Entertainment-N-Catering-2437913376443540","https:\/\/www.instagram.com\/bbqentertainmentncatering\/","https:\/\/www.youtube.com\/channel\/UCmpuANQVhLy2Md8nrenp2jA"]}]}},"_links":{"self":[{"href":"https:\/\/bbqentertainment.com\/en\/wp-json\/wp\/v2\/product\/247095","targetHints":{"allow":["GET"]}}],"collection":[{"href":"https:\/\/bbqentertainment.com\/en\/wp-json\/wp\/v2\/product"}],"about":[{"href":"https:\/\/bbqentertainment.com\/en\/wp-json\/wp\/v2\/types\/product"}],"wp:featuredmedia":[{"embeddable":true,"href":"https:\/\/bbqentertainment.com\/en\/wp-json\/wp\/v2\/media\/247111"}],"wp:attachment":[{"href":"https:\/\/bbqentertainment.com\/en\/wp-json\/wp\/v2\/media?parent=247095"}],"wp:term":[{"taxonomy":"product_brand","embeddable":true,"href":"https:\/\/bbqentertainment.com\/en\/wp-json\/wp\/v2\/product_brand?post=247095"},{"taxonomy":"product_cat","embeddable":true,"href":"https:\/\/bbqentertainment.com\/en\/wp-json\/wp\/v2\/product_cat?post=247095"},{"taxonomy":"product_tag","embeddable":true,"href":"https:\/\/bbqentertainment.com\/en\/wp-json\/wp\/v2\/product_tag?post=247095"}],"curies":[{"name":"wp","href":"https:\/\/api.w.org\/{rel}","templated":true}]}}