{"id":247123,"date":"2024-04-29T15:36:16","date_gmt":"2024-04-29T12:36:16","guid":{"rendered":"https:\/\/bbqentertainment.com\/?post_type=product&#038;p=247123"},"modified":"2026-04-13T03:10:48","modified_gmt":"2026-04-13T00:10:48","slug":"universaalne-kaste-the-sauce-250-ml","status":"publish","type":"product","link":"https:\/\/bbqentertainment.com\/en\/toode\/universaalne-kaste-the-sauce-250-ml\/","title":{"rendered":"Universaalne kaste THE SAUCE 250 ml"},"content":{"rendered":"","protected":false},"excerpt":{"rendered":"<h3>Universaalne kaste THE SAUCE 250 ml<\/h3>\n<p><strong>KUIDAS SEE K\u00d5IK ALGAS?<\/strong><\/p>\n<p>The Sauce&#8217;i esimene kaste valmistati rohkem kui 20 aastat tagasi. Et toitu &#8220;paremaks&#8221; muuta, on Jerremy Bulo (looja) loonud igaks toidukorraks sobiva toote. Aastate jooksul retsept arenes ja l\u00f5puks sai sellest magusast ja v\u00fcrtsikast \u00fcrdikastmest \u00fcks populaarsemaid kastmeid maailmas.<\/p>\n<p>Ei usu?<\/p>\n<p>On aeg veenduda!<\/p>\n<p>&#8220;Meie missioon on pakkuda kastet k\u00f5ikjal, kus inimesed kastet vajavad.&#8221; &#8211; \u00fctleb Jeremy.<\/p>\n<p>Koostis: Taime\u00f5li (rapsi\u00f5li), tomatimahl, vesi, munakollane, punane pipar, suhkur, \u00e4\u00e4dikas, sool, sojaoad, dekstroos, nisu, sinepiseemned, modifitseeritud maisit\u00e4rklis, hape: sidrunhape, neutraliseeritud \u00e4\u00e4dikas, melass, p\u00f5letatud suhkrusiirup , v\u00fcrtsid, paksendajad: lagritsakumm, riivsai (sisaldab gluteeni), s\u00e4ilitusained: kaaliumsorbaat.<\/p>\n<p>Keskmine toitev\u00e4\u00e4rtus ja energiasisaldus 100 g kohta:<br \/>\nEnergiav\u00e4\u00e4rtus (kcal\/kJ) 314 kcal\/1314 kJ<br \/>\nRasvad 26,8 g<br \/>\nmillest k\u00fcllastunud rasvhapped 7,8 g<br \/>\nS\u00fcsivesikud 17,1 g<br \/>\nsuhkur 16,1 g<br \/>\nValgud 1,1 g<br \/>\nsoola 3,1 g<\/p>\n","protected":false},"featured_media":247132,"template":"","meta":{"inline_featured_image":false},"product_brand":[],"product_cat":[28,581,491],"product_tag":[],"class_list":{"0":"post-247123","1":"product","2":"type-product","3":"status-publish","4":"has-post-thumbnail","6":"product_cat-maitseandjad","7":"product_cat-bbq-kastmed","8":"product_cat-ameerika-bbq-rubid-kastmed","10":"first","11":"instock","12":"taxable","13":"shipping-taxable","14":"purchasable","15":"product-type-simple"},"yoast_head":"<!-- This site is optimized with the Yoast SEO plugin v27.4 - https:\/\/yoast.com\/product\/yoast-seo-wordpress\/ -->\n<title>Universaalne kaste THE SAUCE 250 ml - BBQ Entertainment<\/title>\n<meta name=\"robots\" content=\"index, follow, max-snippet:-1, max-image-preview:large, max-video-preview:-1\" \/>\n<link rel=\"canonical\" href=\"https:\/\/bbqentertainment.com\/toode\/universaalne-kaste-the-sauce-250-ml\/\" \/>\n<meta property=\"og:locale\" content=\"en_US\" \/>\n<meta property=\"og:type\" content=\"article\" \/>\n<meta property=\"og:title\" content=\"Universaalne kaste THE SAUCE 250 ml - BBQ Entertainment\" \/>\n<meta property=\"og:description\" content=\"Universaalne kaste THE SAUCE 250 ml KUIDAS SEE K\u00d5IK ALGAS?  The Sauce&#039;i esimene kaste valmistati rohkem kui 20 aastat tagasi. Et toitu &quot;paremaks&quot; muuta, on Jerremy Bulo (looja) loonud igaks toidukorraks sobiva toote. Aastate jooksul retsept arenes ja l\u00f5puks sai sellest magusast ja v\u00fcrtsikast \u00fcrdikastmest \u00fcks populaarsemaid kastmeid maailmas.  Ei usu?  On aeg veenduda!  &quot;Meie missioon on pakkuda kastet k\u00f5ikjal, kus inimesed kastet vajavad.&quot; - \u00fctleb Jeremy.  Koostis: Taime\u00f5li (rapsi\u00f5li), tomatimahl, vesi, munakollane, punane pipar, suhkur, \u00e4\u00e4dikas, sool, sojaoad, dekstroos, nisu, sinepiseemned, modifitseeritud maisit\u00e4rklis, hape: sidrunhape, neutraliseeritud \u00e4\u00e4dikas, melass, p\u00f5letatud suhkrusiirup , v\u00fcrtsid, paksendajad: lagritsakumm, riivsai (sisaldab gluteeni), s\u00e4ilitusained: kaaliumsorbaat.  Keskmine toitev\u00e4\u00e4rtus ja energiasisaldus 100 g kohta: Energiav\u00e4\u00e4rtus (kcal\/kJ) 314 kcal\/1314 kJ Rasvad 26,8 g millest k\u00fcllastunud rasvhapped 7,8 g S\u00fcsivesikud 17,1 g suhkur 16,1 g Valgud 1,1 g soola 3,1 g\" \/>\n<meta property=\"og:url\" content=\"https:\/\/bbqentertainment.com\/toode\/universaalne-kaste-the-sauce-250-ml\/\" \/>\n<meta property=\"og:site_name\" content=\"BBQ Entertainment\" \/>\n<meta property=\"article:publisher\" content=\"https:\/\/www.facebook.com\/BBQ-Entertainment-N-Catering-2437913376443540\" \/>\n<meta property=\"article:modified_time\" content=\"2026-04-13T00:10:48+00:00\" \/>\n<meta property=\"og:image\" content=\"https:\/\/bbqentertainment.com\/wp-content\/uploads\/2024\/04\/BBQ-Entertainent-Universaalne-kaste-THE-SAUCE-250-ml-4-1.webp\" \/>\n\t<meta property=\"og:image:width\" content=\"1350\" \/>\n\t<meta property=\"og:image:height\" content=\"1350\" \/>\n\t<meta property=\"og:image:type\" content=\"image\/webp\" \/>\n<meta name=\"twitter:card\" content=\"summary_large_image\" \/>\n<meta name=\"twitter:label1\" content=\"Est. reading time\" \/>\n\t<meta name=\"twitter:data1\" content=\"1 minute\" \/>\n<script type=\"application\/ld+json\" class=\"yoast-schema-graph\">{\"@context\":\"https:\\\/\\\/schema.org\",\"@graph\":[{\"@type\":[\"WebPage\",\"ItemPage\"],\"@id\":\"https:\\\/\\\/bbqentertainment.com\\\/toode\\\/universaalne-kaste-the-sauce-250-ml\\\/\",\"url\":\"https:\\\/\\\/bbqentertainment.com\\\/toode\\\/universaalne-kaste-the-sauce-250-ml\\\/\",\"name\":\"Universaalne kaste THE SAUCE 250 ml - BBQ Entertainment\",\"isPartOf\":{\"@id\":\"https:\\\/\\\/bbqentertainment.com\\\/#website\"},\"primaryImageOfPage\":{\"@id\":\"https:\\\/\\\/bbqentertainment.com\\\/toode\\\/universaalne-kaste-the-sauce-250-ml\\\/#primaryimage\"},\"image\":{\"@id\":\"https:\\\/\\\/bbqentertainment.com\\\/toode\\\/universaalne-kaste-the-sauce-250-ml\\\/#primaryimage\"},\"thumbnailUrl\":\"https:\\\/\\\/bbqentertainment.com\\\/wp-content\\\/uploads\\\/2024\\\/04\\\/BBQ-Entertainent-Universaalne-kaste-THE-SAUCE-250-ml-4-1.webp\",\"datePublished\":\"2024-04-29T12:36:16+00:00\",\"dateModified\":\"2026-04-13T00:10:48+00:00\",\"breadcrumb\":{\"@id\":\"https:\\\/\\\/bbqentertainment.com\\\/toode\\\/universaalne-kaste-the-sauce-250-ml\\\/#breadcrumb\"},\"inLanguage\":\"en-US\",\"potentialAction\":[{\"@type\":\"ReadAction\",\"target\":[\"https:\\\/\\\/bbqentertainment.com\\\/toode\\\/universaalne-kaste-the-sauce-250-ml\\\/\"]}]},{\"@type\":\"ImageObject\",\"inLanguage\":\"en-US\",\"@id\":\"https:\\\/\\\/bbqentertainment.com\\\/toode\\\/universaalne-kaste-the-sauce-250-ml\\\/#primaryimage\",\"url\":\"https:\\\/\\\/bbqentertainment.com\\\/wp-content\\\/uploads\\\/2024\\\/04\\\/BBQ-Entertainent-Universaalne-kaste-THE-SAUCE-250-ml-4-1.webp\",\"contentUrl\":\"https:\\\/\\\/bbqentertainment.com\\\/wp-content\\\/uploads\\\/2024\\\/04\\\/BBQ-Entertainent-Universaalne-kaste-THE-SAUCE-250-ml-4-1.webp\",\"width\":1350,\"height\":1350},{\"@type\":\"BreadcrumbList\",\"@id\":\"https:\\\/\\\/bbqentertainment.com\\\/toode\\\/universaalne-kaste-the-sauce-250-ml\\\/#breadcrumb\",\"itemListElement\":[{\"@type\":\"ListItem\",\"position\":1,\"name\":\"AVALEHT\",\"item\":\"https:\\\/\\\/bbqentertainment.com\\\/en\\\/\"},{\"@type\":\"ListItem\",\"position\":2,\"name\":\"Tooted\",\"item\":\"https:\\\/\\\/bbqentertainment.com\\\/tooted\\\/\"},{\"@type\":\"ListItem\",\"position\":3,\"name\":\"Maitseandjad\",\"item\":\"https:\\\/\\\/bbqentertainment.com\\\/en\\\/tootekategooria\\\/maitseandjad\\\/\"},{\"@type\":\"ListItem\",\"position\":4,\"name\":\"Universaalne kaste THE SAUCE 250 ml\"}]},{\"@type\":\"WebSite\",\"@id\":\"https:\\\/\\\/bbqentertainment.com\\\/#website\",\"url\":\"https:\\\/\\\/bbqentertainment.com\\\/\",\"name\":\"BBQ Entertainment\",\"description\":\"BBQ is a great lifestyle, not just fun!\",\"publisher\":{\"@id\":\"https:\\\/\\\/bbqentertainment.com\\\/#organization\"},\"potentialAction\":[{\"@type\":\"SearchAction\",\"target\":{\"@type\":\"EntryPoint\",\"urlTemplate\":\"https:\\\/\\\/bbqentertainment.com\\\/?s={search_term_string}\"},\"query-input\":{\"@type\":\"PropertyValueSpecification\",\"valueRequired\":true,\"valueName\":\"search_term_string\"}}],\"inLanguage\":\"en-US\"},{\"@type\":\"Organization\",\"@id\":\"https:\\\/\\\/bbqentertainment.com\\\/#organization\",\"name\":\"BBQ Entertainment O\u00dc\",\"url\":\"https:\\\/\\\/bbqentertainment.com\\\/\",\"logo\":{\"@type\":\"ImageObject\",\"inLanguage\":\"en-US\",\"@id\":\"https:\\\/\\\/bbqentertainment.com\\\/#\\\/schema\\\/logo\\\/image\\\/\",\"url\":\"https:\\\/\\\/bbqentertainment.com\\\/wp-content\\\/uploads\\\/2020\\\/04\\\/BBQ-Entertainment-N-Catering-Enn-Tobreluts-Logo.png\",\"contentUrl\":\"https:\\\/\\\/bbqentertainment.com\\\/wp-content\\\/uploads\\\/2020\\\/04\\\/BBQ-Entertainment-N-Catering-Enn-Tobreluts-Logo.png\",\"width\":628,\"height\":266,\"caption\":\"BBQ Entertainment O\u00dc\"},\"image\":{\"@id\":\"https:\\\/\\\/bbqentertainment.com\\\/#\\\/schema\\\/logo\\\/image\\\/\"},\"sameAs\":[\"https:\\\/\\\/www.facebook.com\\\/BBQ-Entertainment-N-Catering-2437913376443540\",\"https:\\\/\\\/www.instagram.com\\\/bbqentertainmentncatering\\\/\",\"https:\\\/\\\/www.youtube.com\\\/channel\\\/UCmpuANQVhLy2Md8nrenp2jA\"]}]}<\/script>\n<!-- \/ Yoast SEO plugin. -->","yoast_head_json":{"title":"Universaalne kaste THE SAUCE 250 ml - BBQ Entertainment","robots":{"index":"index","follow":"follow","max-snippet":"max-snippet:-1","max-image-preview":"max-image-preview:large","max-video-preview":"max-video-preview:-1"},"canonical":"https:\/\/bbqentertainment.com\/toode\/universaalne-kaste-the-sauce-250-ml\/","og_locale":"en_US","og_type":"article","og_title":"Universaalne kaste THE SAUCE 250 ml - BBQ Entertainment","og_description":"Universaalne kaste THE SAUCE 250 ml KUIDAS SEE K\u00d5IK ALGAS?  The Sauce'i esimene kaste valmistati rohkem kui 20 aastat tagasi. Et toitu \"paremaks\" muuta, on Jerremy Bulo (looja) loonud igaks toidukorraks sobiva toote. Aastate jooksul retsept arenes ja l\u00f5puks sai sellest magusast ja v\u00fcrtsikast \u00fcrdikastmest \u00fcks populaarsemaid kastmeid maailmas.  Ei usu?  On aeg veenduda!  \"Meie missioon on pakkuda kastet k\u00f5ikjal, kus inimesed kastet vajavad.\" - \u00fctleb Jeremy.  Koostis: Taime\u00f5li (rapsi\u00f5li), tomatimahl, vesi, munakollane, punane pipar, suhkur, \u00e4\u00e4dikas, sool, sojaoad, dekstroos, nisu, sinepiseemned, modifitseeritud maisit\u00e4rklis, hape: sidrunhape, neutraliseeritud \u00e4\u00e4dikas, melass, p\u00f5letatud suhkrusiirup , v\u00fcrtsid, paksendajad: lagritsakumm, riivsai (sisaldab gluteeni), s\u00e4ilitusained: kaaliumsorbaat.  Keskmine toitev\u00e4\u00e4rtus ja energiasisaldus 100 g kohta: Energiav\u00e4\u00e4rtus (kcal\/kJ) 314 kcal\/1314 kJ Rasvad 26,8 g millest k\u00fcllastunud rasvhapped 7,8 g S\u00fcsivesikud 17,1 g suhkur 16,1 g Valgud 1,1 g soola 3,1 g","og_url":"https:\/\/bbqentertainment.com\/toode\/universaalne-kaste-the-sauce-250-ml\/","og_site_name":"BBQ Entertainment","article_publisher":"https:\/\/www.facebook.com\/BBQ-Entertainment-N-Catering-2437913376443540","article_modified_time":"2026-04-13T00:10:48+00:00","og_image":[{"width":1350,"height":1350,"url":"https:\/\/bbqentertainment.com\/wp-content\/uploads\/2024\/04\/BBQ-Entertainent-Universaalne-kaste-THE-SAUCE-250-ml-4-1.webp","type":"image\/webp"}],"twitter_card":"summary_large_image","twitter_misc":{"Est. reading time":"1 minute"},"schema":{"@context":"https:\/\/schema.org","@graph":[{"@type":["WebPage","ItemPage"],"@id":"https:\/\/bbqentertainment.com\/toode\/universaalne-kaste-the-sauce-250-ml\/","url":"https:\/\/bbqentertainment.com\/toode\/universaalne-kaste-the-sauce-250-ml\/","name":"Universaalne kaste THE SAUCE 250 ml - BBQ Entertainment","isPartOf":{"@id":"https:\/\/bbqentertainment.com\/#website"},"primaryImageOfPage":{"@id":"https:\/\/bbqentertainment.com\/toode\/universaalne-kaste-the-sauce-250-ml\/#primaryimage"},"image":{"@id":"https:\/\/bbqentertainment.com\/toode\/universaalne-kaste-the-sauce-250-ml\/#primaryimage"},"thumbnailUrl":"https:\/\/bbqentertainment.com\/wp-content\/uploads\/2024\/04\/BBQ-Entertainent-Universaalne-kaste-THE-SAUCE-250-ml-4-1.webp","datePublished":"2024-04-29T12:36:16+00:00","dateModified":"2026-04-13T00:10:48+00:00","breadcrumb":{"@id":"https:\/\/bbqentertainment.com\/toode\/universaalne-kaste-the-sauce-250-ml\/#breadcrumb"},"inLanguage":"en-US","potentialAction":[{"@type":"ReadAction","target":["https:\/\/bbqentertainment.com\/toode\/universaalne-kaste-the-sauce-250-ml\/"]}]},{"@type":"ImageObject","inLanguage":"en-US","@id":"https:\/\/bbqentertainment.com\/toode\/universaalne-kaste-the-sauce-250-ml\/#primaryimage","url":"https:\/\/bbqentertainment.com\/wp-content\/uploads\/2024\/04\/BBQ-Entertainent-Universaalne-kaste-THE-SAUCE-250-ml-4-1.webp","contentUrl":"https:\/\/bbqentertainment.com\/wp-content\/uploads\/2024\/04\/BBQ-Entertainent-Universaalne-kaste-THE-SAUCE-250-ml-4-1.webp","width":1350,"height":1350},{"@type":"BreadcrumbList","@id":"https:\/\/bbqentertainment.com\/toode\/universaalne-kaste-the-sauce-250-ml\/#breadcrumb","itemListElement":[{"@type":"ListItem","position":1,"name":"AVALEHT","item":"https:\/\/bbqentertainment.com\/en\/"},{"@type":"ListItem","position":2,"name":"Tooted","item":"https:\/\/bbqentertainment.com\/tooted\/"},{"@type":"ListItem","position":3,"name":"Maitseandjad","item":"https:\/\/bbqentertainment.com\/en\/tootekategooria\/maitseandjad\/"},{"@type":"ListItem","position":4,"name":"Universaalne kaste THE SAUCE 250 ml"}]},{"@type":"WebSite","@id":"https:\/\/bbqentertainment.com\/#website","url":"https:\/\/bbqentertainment.com\/","name":"BBQ Entertainment","description":"BBQ is a great lifestyle, not just fun!","publisher":{"@id":"https:\/\/bbqentertainment.com\/#organization"},"potentialAction":[{"@type":"SearchAction","target":{"@type":"EntryPoint","urlTemplate":"https:\/\/bbqentertainment.com\/?s={search_term_string}"},"query-input":{"@type":"PropertyValueSpecification","valueRequired":true,"valueName":"search_term_string"}}],"inLanguage":"en-US"},{"@type":"Organization","@id":"https:\/\/bbqentertainment.com\/#organization","name":"BBQ Entertainment O\u00dc","url":"https:\/\/bbqentertainment.com\/","logo":{"@type":"ImageObject","inLanguage":"en-US","@id":"https:\/\/bbqentertainment.com\/#\/schema\/logo\/image\/","url":"https:\/\/bbqentertainment.com\/wp-content\/uploads\/2020\/04\/BBQ-Entertainment-N-Catering-Enn-Tobreluts-Logo.png","contentUrl":"https:\/\/bbqentertainment.com\/wp-content\/uploads\/2020\/04\/BBQ-Entertainment-N-Catering-Enn-Tobreluts-Logo.png","width":628,"height":266,"caption":"BBQ Entertainment O\u00dc"},"image":{"@id":"https:\/\/bbqentertainment.com\/#\/schema\/logo\/image\/"},"sameAs":["https:\/\/www.facebook.com\/BBQ-Entertainment-N-Catering-2437913376443540","https:\/\/www.instagram.com\/bbqentertainmentncatering\/","https:\/\/www.youtube.com\/channel\/UCmpuANQVhLy2Md8nrenp2jA"]}]}},"_links":{"self":[{"href":"https:\/\/bbqentertainment.com\/en\/wp-json\/wp\/v2\/product\/247123","targetHints":{"allow":["GET"]}}],"collection":[{"href":"https:\/\/bbqentertainment.com\/en\/wp-json\/wp\/v2\/product"}],"about":[{"href":"https:\/\/bbqentertainment.com\/en\/wp-json\/wp\/v2\/types\/product"}],"wp:featuredmedia":[{"embeddable":true,"href":"https:\/\/bbqentertainment.com\/en\/wp-json\/wp\/v2\/media\/247132"}],"wp:attachment":[{"href":"https:\/\/bbqentertainment.com\/en\/wp-json\/wp\/v2\/media?parent=247123"}],"wp:term":[{"taxonomy":"product_brand","embeddable":true,"href":"https:\/\/bbqentertainment.com\/en\/wp-json\/wp\/v2\/product_brand?post=247123"},{"taxonomy":"product_cat","embeddable":true,"href":"https:\/\/bbqentertainment.com\/en\/wp-json\/wp\/v2\/product_cat?post=247123"},{"taxonomy":"product_tag","embeddable":true,"href":"https:\/\/bbqentertainment.com\/en\/wp-json\/wp\/v2\/product_tag?post=247123"}],"curies":[{"name":"wp","href":"https:\/\/api.w.org\/{rel}","templated":true}]}}