{"id":247134,"date":"2024-04-29T15:45:49","date_gmt":"2024-04-29T12:45:49","guid":{"rendered":"https:\/\/bbqentertainment.com\/?post_type=product&#038;p=247134"},"modified":"2025-07-25T13:45:48","modified_gmt":"2025-07-25T10:45:48","slug":"gaasipoleti-professional-proflame-expert","status":"publish","type":"product","link":"https:\/\/bbqentertainment.com\/en\/toode\/gaasipoleti-professional-proflame-expert\/","title":{"rendered":"GAASIP\u00d5LETI Professional ProFlame Expert"},"content":{"rendered":"","protected":false},"excerpt":{"rendered":"<h3>GAASIP\u00d5LETI Professional ProFlame Expert<\/h3>\n<p>Professionaalseks kasutamiseks m\u00f5eldud gaasip\u00f5leti!<\/p>\n<p>\u00c4\u00e4rmiselt kerge, h\u00f5lpsasti kasutatav, leegi reguleerimise funktsiooniga ja lapselukuga.<\/p>\n<p>Neile, kellele meeldib p\u00f5letit kaasa kanda on lisatud spetsiaalne aas kinnitamiseks kuhu vaja.<\/p>\n<p>Seda p\u00f5letit saad kasutada nii k\u00f6\u00f6gis kui mujal kodus. N\u00e4iteks l\u00f5kke s\u00fc\u00fctamiseks v\u00f5i \u201ccreme brulee\u201d magustoidu r\u00f6stimiseks.<\/p>\n<p>See p\u00f5leti on ainulaadne selle poolest, et sellel on j\u00e4rgmised omadused:<\/p>\n<ul>\n<li>Leeki ei kustuta tuul<\/li>\n<li>Reguleeritav leegi tugevus<\/li>\n<li>Lapselukk<\/li>\n<li>Gaasiga t\u00e4idetav<\/li>\n<li>Tugev jalg, et stabiilselt seista<\/li>\n<li>Aasad riputamiseks<\/li>\n<\/ul>\n","protected":false},"featured_media":247137,"template":"","meta":{"inline_featured_image":false},"product_brand":[],"product_cat":[92,479,104],"product_tag":[],"class_list":{"0":"post-247134","1":"product","2":"type-product","3":"status-publish","4":"has-post-thumbnail","6":"product_cat-lisatarvikud","7":"product_cat-grillitarvikud","8":"product_cat-sute-suutamiseks","10":"first","11":"instock","12":"taxable","13":"shipping-taxable","14":"purchasable","15":"product-type-simple"},"yoast_head":"<!-- This site is optimized with the Yoast SEO plugin v27.4 - https:\/\/yoast.com\/product\/yoast-seo-wordpress\/ -->\n<title>GAASIP\u00d5LETI Professional ProFlame Expert - BBQ Entertainment<\/title>\n<meta name=\"robots\" content=\"index, follow, max-snippet:-1, max-image-preview:large, max-video-preview:-1\" \/>\n<link rel=\"canonical\" href=\"https:\/\/bbqentertainment.com\/toode\/gaasipoleti-professional-proflame-expert\/\" \/>\n<meta property=\"og:locale\" content=\"en_US\" \/>\n<meta property=\"og:type\" content=\"article\" \/>\n<meta property=\"og:title\" content=\"GAASIP\u00d5LETI Professional ProFlame Expert - BBQ Entertainment\" \/>\n<meta property=\"og:description\" content=\"GAASIP\u00d5LETI Professional ProFlame Expert Professionaalseks kasutamiseks m\u00f5eldud gaasip\u00f5leti!  \u00c4\u00e4rmiselt kerge, h\u00f5lpsasti kasutatav, leegi reguleerimise funktsiooniga ja lapselukuga.  Neile, kellele meeldib p\u00f5letit kaasa kanda on lisatud spetsiaalne aas kinnitamiseks kuhu vaja.  Seda p\u00f5letit saad kasutada nii k\u00f6\u00f6gis kui mujal kodus. N\u00e4iteks l\u00f5kke s\u00fc\u00fctamiseks v\u00f5i \u201ccreme brulee\u201d magustoidu r\u00f6stimiseks.  See p\u00f5leti on ainulaadne selle poolest, et sellel on j\u00e4rgmised omadused:   Leeki ei kustuta tuul  Reguleeritav leegi tugevus  Lapselukk  Gaasiga t\u00e4idetav  Tugev jalg, et stabiilselt seista  Aasad riputamiseks\" \/>\n<meta property=\"og:url\" content=\"https:\/\/bbqentertainment.com\/toode\/gaasipoleti-professional-proflame-expert\/\" \/>\n<meta property=\"og:site_name\" content=\"BBQ Entertainment\" \/>\n<meta property=\"article:publisher\" content=\"https:\/\/www.facebook.com\/BBQ-Entertainment-N-Catering-2437913376443540\" \/>\n<meta property=\"article:modified_time\" content=\"2025-07-25T10:45:48+00:00\" \/>\n<meta property=\"og:image\" content=\"https:\/\/bbqentertainment.com\/wp-content\/uploads\/2024\/04\/BBQ-Entertainmnent-GAASIPOLETI-Professional-ProFlame-Expert-2.webp\" \/>\n\t<meta property=\"og:image:width\" content=\"800\" \/>\n\t<meta property=\"og:image:height\" content=\"800\" \/>\n\t<meta property=\"og:image:type\" content=\"image\/webp\" \/>\n<meta name=\"twitter:card\" content=\"summary_large_image\" \/>\n<meta name=\"twitter:label1\" content=\"Est. reading time\" \/>\n\t<meta name=\"twitter:data1\" content=\"1 minute\" \/>\n<script type=\"application\/ld+json\" class=\"yoast-schema-graph\">{\"@context\":\"https:\\\/\\\/schema.org\",\"@graph\":[{\"@type\":[\"WebPage\",\"ItemPage\"],\"@id\":\"https:\\\/\\\/bbqentertainment.com\\\/toode\\\/gaasipoleti-professional-proflame-expert\\\/\",\"url\":\"https:\\\/\\\/bbqentertainment.com\\\/toode\\\/gaasipoleti-professional-proflame-expert\\\/\",\"name\":\"GAASIP\u00d5LETI Professional ProFlame Expert - BBQ Entertainment\",\"isPartOf\":{\"@id\":\"https:\\\/\\\/bbqentertainment.com\\\/#website\"},\"primaryImageOfPage\":{\"@id\":\"https:\\\/\\\/bbqentertainment.com\\\/toode\\\/gaasipoleti-professional-proflame-expert\\\/#primaryimage\"},\"image\":{\"@id\":\"https:\\\/\\\/bbqentertainment.com\\\/toode\\\/gaasipoleti-professional-proflame-expert\\\/#primaryimage\"},\"thumbnailUrl\":\"https:\\\/\\\/bbqentertainment.com\\\/wp-content\\\/uploads\\\/2024\\\/04\\\/BBQ-Entertainmnent-GAASIPOLETI-Professional-ProFlame-Expert-2.webp\",\"datePublished\":\"2024-04-29T12:45:49+00:00\",\"dateModified\":\"2025-07-25T10:45:48+00:00\",\"breadcrumb\":{\"@id\":\"https:\\\/\\\/bbqentertainment.com\\\/toode\\\/gaasipoleti-professional-proflame-expert\\\/#breadcrumb\"},\"inLanguage\":\"en-US\",\"potentialAction\":[{\"@type\":\"ReadAction\",\"target\":[\"https:\\\/\\\/bbqentertainment.com\\\/toode\\\/gaasipoleti-professional-proflame-expert\\\/\"]}]},{\"@type\":\"ImageObject\",\"inLanguage\":\"en-US\",\"@id\":\"https:\\\/\\\/bbqentertainment.com\\\/toode\\\/gaasipoleti-professional-proflame-expert\\\/#primaryimage\",\"url\":\"https:\\\/\\\/bbqentertainment.com\\\/wp-content\\\/uploads\\\/2024\\\/04\\\/BBQ-Entertainmnent-GAASIPOLETI-Professional-ProFlame-Expert-2.webp\",\"contentUrl\":\"https:\\\/\\\/bbqentertainment.com\\\/wp-content\\\/uploads\\\/2024\\\/04\\\/BBQ-Entertainmnent-GAASIPOLETI-Professional-ProFlame-Expert-2.webp\",\"width\":800,\"height\":800},{\"@type\":\"BreadcrumbList\",\"@id\":\"https:\\\/\\\/bbqentertainment.com\\\/toode\\\/gaasipoleti-professional-proflame-expert\\\/#breadcrumb\",\"itemListElement\":[{\"@type\":\"ListItem\",\"position\":1,\"name\":\"AVALEHT\",\"item\":\"https:\\\/\\\/bbqentertainment.com\\\/en\\\/\"},{\"@type\":\"ListItem\",\"position\":2,\"name\":\"Tooted\",\"item\":\"https:\\\/\\\/bbqentertainment.com\\\/tooted\\\/\"},{\"@type\":\"ListItem\",\"position\":3,\"name\":\"K\u00fcte\",\"item\":\"https:\\\/\\\/bbqentertainment.com\\\/tootekategooria\\\/grillsusi\\\/\"},{\"@type\":\"ListItem\",\"position\":4,\"name\":\"S\u00fcte s\u00fc\u00fctamiseks\",\"item\":\"https:\\\/\\\/bbqentertainment.com\\\/tootekategooria\\\/grillsusi\\\/sute-suutamiseks\\\/\"},{\"@type\":\"ListItem\",\"position\":5,\"name\":\"GAASIP\u00d5LETI Professional ProFlame Expert\"}]},{\"@type\":\"WebSite\",\"@id\":\"https:\\\/\\\/bbqentertainment.com\\\/#website\",\"url\":\"https:\\\/\\\/bbqentertainment.com\\\/\",\"name\":\"BBQ Entertainment\",\"description\":\"BBQ is a great lifestyle, not just fun!\",\"publisher\":{\"@id\":\"https:\\\/\\\/bbqentertainment.com\\\/#organization\"},\"potentialAction\":[{\"@type\":\"SearchAction\",\"target\":{\"@type\":\"EntryPoint\",\"urlTemplate\":\"https:\\\/\\\/bbqentertainment.com\\\/?s={search_term_string}\"},\"query-input\":{\"@type\":\"PropertyValueSpecification\",\"valueRequired\":true,\"valueName\":\"search_term_string\"}}],\"inLanguage\":\"en-US\"},{\"@type\":\"Organization\",\"@id\":\"https:\\\/\\\/bbqentertainment.com\\\/#organization\",\"name\":\"BBQ Entertainment O\u00dc\",\"url\":\"https:\\\/\\\/bbqentertainment.com\\\/\",\"logo\":{\"@type\":\"ImageObject\",\"inLanguage\":\"en-US\",\"@id\":\"https:\\\/\\\/bbqentertainment.com\\\/#\\\/schema\\\/logo\\\/image\\\/\",\"url\":\"https:\\\/\\\/bbqentertainment.com\\\/wp-content\\\/uploads\\\/2020\\\/04\\\/BBQ-Entertainment-N-Catering-Enn-Tobreluts-Logo.png\",\"contentUrl\":\"https:\\\/\\\/bbqentertainment.com\\\/wp-content\\\/uploads\\\/2020\\\/04\\\/BBQ-Entertainment-N-Catering-Enn-Tobreluts-Logo.png\",\"width\":628,\"height\":266,\"caption\":\"BBQ Entertainment O\u00dc\"},\"image\":{\"@id\":\"https:\\\/\\\/bbqentertainment.com\\\/#\\\/schema\\\/logo\\\/image\\\/\"},\"sameAs\":[\"https:\\\/\\\/www.facebook.com\\\/BBQ-Entertainment-N-Catering-2437913376443540\",\"https:\\\/\\\/www.instagram.com\\\/bbqentertainmentncatering\\\/\",\"https:\\\/\\\/www.youtube.com\\\/channel\\\/UCmpuANQVhLy2Md8nrenp2jA\"]}]}<\/script>\n<!-- \/ Yoast SEO plugin. -->","yoast_head_json":{"title":"GAASIP\u00d5LETI Professional ProFlame Expert - BBQ Entertainment","robots":{"index":"index","follow":"follow","max-snippet":"max-snippet:-1","max-image-preview":"max-image-preview:large","max-video-preview":"max-video-preview:-1"},"canonical":"https:\/\/bbqentertainment.com\/toode\/gaasipoleti-professional-proflame-expert\/","og_locale":"en_US","og_type":"article","og_title":"GAASIP\u00d5LETI Professional ProFlame Expert - BBQ Entertainment","og_description":"GAASIP\u00d5LETI Professional ProFlame Expert Professionaalseks kasutamiseks m\u00f5eldud gaasip\u00f5leti!  \u00c4\u00e4rmiselt kerge, h\u00f5lpsasti kasutatav, leegi reguleerimise funktsiooniga ja lapselukuga.  Neile, kellele meeldib p\u00f5letit kaasa kanda on lisatud spetsiaalne aas kinnitamiseks kuhu vaja.  Seda p\u00f5letit saad kasutada nii k\u00f6\u00f6gis kui mujal kodus. N\u00e4iteks l\u00f5kke s\u00fc\u00fctamiseks v\u00f5i \u201ccreme brulee\u201d magustoidu r\u00f6stimiseks.  See p\u00f5leti on ainulaadne selle poolest, et sellel on j\u00e4rgmised omadused:   Leeki ei kustuta tuul  Reguleeritav leegi tugevus  Lapselukk  Gaasiga t\u00e4idetav  Tugev jalg, et stabiilselt seista  Aasad riputamiseks","og_url":"https:\/\/bbqentertainment.com\/toode\/gaasipoleti-professional-proflame-expert\/","og_site_name":"BBQ Entertainment","article_publisher":"https:\/\/www.facebook.com\/BBQ-Entertainment-N-Catering-2437913376443540","article_modified_time":"2025-07-25T10:45:48+00:00","og_image":[{"width":800,"height":800,"url":"https:\/\/bbqentertainment.com\/wp-content\/uploads\/2024\/04\/BBQ-Entertainmnent-GAASIPOLETI-Professional-ProFlame-Expert-2.webp","type":"image\/webp"}],"twitter_card":"summary_large_image","twitter_misc":{"Est. reading time":"1 minute"},"schema":{"@context":"https:\/\/schema.org","@graph":[{"@type":["WebPage","ItemPage"],"@id":"https:\/\/bbqentertainment.com\/toode\/gaasipoleti-professional-proflame-expert\/","url":"https:\/\/bbqentertainment.com\/toode\/gaasipoleti-professional-proflame-expert\/","name":"GAASIP\u00d5LETI Professional ProFlame Expert - BBQ Entertainment","isPartOf":{"@id":"https:\/\/bbqentertainment.com\/#website"},"primaryImageOfPage":{"@id":"https:\/\/bbqentertainment.com\/toode\/gaasipoleti-professional-proflame-expert\/#primaryimage"},"image":{"@id":"https:\/\/bbqentertainment.com\/toode\/gaasipoleti-professional-proflame-expert\/#primaryimage"},"thumbnailUrl":"https:\/\/bbqentertainment.com\/wp-content\/uploads\/2024\/04\/BBQ-Entertainmnent-GAASIPOLETI-Professional-ProFlame-Expert-2.webp","datePublished":"2024-04-29T12:45:49+00:00","dateModified":"2025-07-25T10:45:48+00:00","breadcrumb":{"@id":"https:\/\/bbqentertainment.com\/toode\/gaasipoleti-professional-proflame-expert\/#breadcrumb"},"inLanguage":"en-US","potentialAction":[{"@type":"ReadAction","target":["https:\/\/bbqentertainment.com\/toode\/gaasipoleti-professional-proflame-expert\/"]}]},{"@type":"ImageObject","inLanguage":"en-US","@id":"https:\/\/bbqentertainment.com\/toode\/gaasipoleti-professional-proflame-expert\/#primaryimage","url":"https:\/\/bbqentertainment.com\/wp-content\/uploads\/2024\/04\/BBQ-Entertainmnent-GAASIPOLETI-Professional-ProFlame-Expert-2.webp","contentUrl":"https:\/\/bbqentertainment.com\/wp-content\/uploads\/2024\/04\/BBQ-Entertainmnent-GAASIPOLETI-Professional-ProFlame-Expert-2.webp","width":800,"height":800},{"@type":"BreadcrumbList","@id":"https:\/\/bbqentertainment.com\/toode\/gaasipoleti-professional-proflame-expert\/#breadcrumb","itemListElement":[{"@type":"ListItem","position":1,"name":"AVALEHT","item":"https:\/\/bbqentertainment.com\/en\/"},{"@type":"ListItem","position":2,"name":"Tooted","item":"https:\/\/bbqentertainment.com\/tooted\/"},{"@type":"ListItem","position":3,"name":"K\u00fcte","item":"https:\/\/bbqentertainment.com\/tootekategooria\/grillsusi\/"},{"@type":"ListItem","position":4,"name":"S\u00fcte s\u00fc\u00fctamiseks","item":"https:\/\/bbqentertainment.com\/tootekategooria\/grillsusi\/sute-suutamiseks\/"},{"@type":"ListItem","position":5,"name":"GAASIP\u00d5LETI Professional ProFlame Expert"}]},{"@type":"WebSite","@id":"https:\/\/bbqentertainment.com\/#website","url":"https:\/\/bbqentertainment.com\/","name":"BBQ Entertainment","description":"BBQ is a great lifestyle, not just fun!","publisher":{"@id":"https:\/\/bbqentertainment.com\/#organization"},"potentialAction":[{"@type":"SearchAction","target":{"@type":"EntryPoint","urlTemplate":"https:\/\/bbqentertainment.com\/?s={search_term_string}"},"query-input":{"@type":"PropertyValueSpecification","valueRequired":true,"valueName":"search_term_string"}}],"inLanguage":"en-US"},{"@type":"Organization","@id":"https:\/\/bbqentertainment.com\/#organization","name":"BBQ Entertainment O\u00dc","url":"https:\/\/bbqentertainment.com\/","logo":{"@type":"ImageObject","inLanguage":"en-US","@id":"https:\/\/bbqentertainment.com\/#\/schema\/logo\/image\/","url":"https:\/\/bbqentertainment.com\/wp-content\/uploads\/2020\/04\/BBQ-Entertainment-N-Catering-Enn-Tobreluts-Logo.png","contentUrl":"https:\/\/bbqentertainment.com\/wp-content\/uploads\/2020\/04\/BBQ-Entertainment-N-Catering-Enn-Tobreluts-Logo.png","width":628,"height":266,"caption":"BBQ Entertainment O\u00dc"},"image":{"@id":"https:\/\/bbqentertainment.com\/#\/schema\/logo\/image\/"},"sameAs":["https:\/\/www.facebook.com\/BBQ-Entertainment-N-Catering-2437913376443540","https:\/\/www.instagram.com\/bbqentertainmentncatering\/","https:\/\/www.youtube.com\/channel\/UCmpuANQVhLy2Md8nrenp2jA"]}]}},"_links":{"self":[{"href":"https:\/\/bbqentertainment.com\/en\/wp-json\/wp\/v2\/product\/247134","targetHints":{"allow":["GET"]}}],"collection":[{"href":"https:\/\/bbqentertainment.com\/en\/wp-json\/wp\/v2\/product"}],"about":[{"href":"https:\/\/bbqentertainment.com\/en\/wp-json\/wp\/v2\/types\/product"}],"wp:featuredmedia":[{"embeddable":true,"href":"https:\/\/bbqentertainment.com\/en\/wp-json\/wp\/v2\/media\/247137"}],"wp:attachment":[{"href":"https:\/\/bbqentertainment.com\/en\/wp-json\/wp\/v2\/media?parent=247134"}],"wp:term":[{"taxonomy":"product_brand","embeddable":true,"href":"https:\/\/bbqentertainment.com\/en\/wp-json\/wp\/v2\/product_brand?post=247134"},{"taxonomy":"product_cat","embeddable":true,"href":"https:\/\/bbqentertainment.com\/en\/wp-json\/wp\/v2\/product_cat?post=247134"},{"taxonomy":"product_tag","embeddable":true,"href":"https:\/\/bbqentertainment.com\/en\/wp-json\/wp\/v2\/product_tag?post=247134"}],"curies":[{"name":"wp","href":"https:\/\/api.w.org\/{rel}","templated":true}]}}