{"id":247148,"date":"2024-04-29T16:05:06","date_gmt":"2024-04-29T13:05:06","guid":{"rendered":"https:\/\/bbqentertainment.com\/?post_type=product&#038;p=247148"},"modified":"2026-04-13T03:10:48","modified_gmt":"2026-04-13T00:10:48","slug":"kampot-varsked-pipraterad-meresoolaga-40g-purgis","status":"publish","type":"product","link":"https:\/\/bbqentertainment.com\/en\/toode\/kampot-varsked-pipraterad-meresoolaga-40g-purgis\/","title":{"rendered":"KAMPOT v\u00e4rsked pipraterad meresoolaga 40g purgis"},"content":{"rendered":"","protected":false},"excerpt":{"rendered":"<h3>KAMPOT v\u00e4rsked pipraterad meresoolaga 40g purgis<\/h3>\n<p><strong>V\u00e4rskelt soolatud Kampoti piprad<\/strong> on rohelised pipraterad, mis on soolvees. Roheliste piparde maitse on v\u00e4rske ja v\u00fcrtsikas, kuid mitte nii intensiivne kui must pipar, pakkudes pikaajalist \u00fcrditooni j\u00e4relmaitset. Rohelised piprad on saadud k\u00fcpsetest, kuid veel mitte p\u00e4ris valminud marjadest, mis on seej\u00e4rel soolvette asetatud. Nii s\u00e4ilivad nad h\u00e4sti ja j\u00e4\u00e4vad v\u00e4rsked ning aromaatsed. Need piprad sobivad suurep\u00e4raselt veinisn\u00e4kkide ja erinevat t\u00fc\u00fcpi juustude k\u00f5rvale. Rohelispipra kastme valmistamine on hea viis nende maitset tundma \u00f5ppida. Seda t\u00fc\u00fcpi pipraid ei jahvatata!<\/p>\n<p>Koostis: 80% rohelised pipraterad (Piper Nigrum), 20% meresool.<br \/>\nIlma kunstlike l\u00f5hnaaineteta.<\/p>\n<p>P\u00e4ritolu: Kambod\u017ea.<\/p>\n<p>Pakitud Kambod\u017eas.<\/p>\n<p>Hoida kuivas kohas.<\/p>\n<p>P\u00e4rast purgi avamist hoida k\u00fclmkapis<\/p>\n","protected":false},"featured_media":247149,"template":"","meta":{"inline_featured_image":false},"product_brand":[],"product_cat":[28],"product_tag":[],"class_list":{"0":"post-247148","1":"product","2":"type-product","3":"status-publish","4":"has-post-thumbnail","6":"product_cat-maitseandjad","8":"first","9":"instock","10":"taxable","11":"shipping-taxable","12":"purchasable","13":"product-type-simple"},"yoast_head":"<!-- This site is optimized with the Yoast SEO plugin v27.4 - https:\/\/yoast.com\/product\/yoast-seo-wordpress\/ -->\n<title>KAMPOT v\u00e4rsked pipraterad meresoolaga 40g purgis - BBQ Entertainment<\/title>\n<meta name=\"robots\" content=\"index, follow, max-snippet:-1, max-image-preview:large, max-video-preview:-1\" \/>\n<link rel=\"canonical\" href=\"https:\/\/bbqentertainment.com\/toode\/kampot-varsked-pipraterad-meresoolaga-40g-purgis\/\" \/>\n<meta property=\"og:locale\" content=\"en_US\" \/>\n<meta property=\"og:type\" content=\"article\" \/>\n<meta property=\"og:title\" content=\"KAMPOT v\u00e4rsked pipraterad meresoolaga 40g purgis - BBQ Entertainment\" \/>\n<meta property=\"og:description\" content=\"KAMPOT v\u00e4rsked pipraterad meresoolaga 40g purgis V\u00e4rskelt soolatud Kampoti piprad on rohelised pipraterad, mis on soolvees. Roheliste piparde maitse on v\u00e4rske ja v\u00fcrtsikas, kuid mitte nii intensiivne kui must pipar, pakkudes pikaajalist \u00fcrditooni j\u00e4relmaitset. Rohelised piprad on saadud k\u00fcpsetest, kuid veel mitte p\u00e4ris valminud marjadest, mis on seej\u00e4rel soolvette asetatud. Nii s\u00e4ilivad nad h\u00e4sti ja j\u00e4\u00e4vad v\u00e4rsked ning aromaatsed. Need piprad sobivad suurep\u00e4raselt veinisn\u00e4kkide ja erinevat t\u00fc\u00fcpi juustude k\u00f5rvale. Rohelispipra kastme valmistamine on hea viis nende maitset tundma \u00f5ppida. Seda t\u00fc\u00fcpi pipraid ei jahvatata!  Koostis: 80% rohelised pipraterad (Piper Nigrum), 20% meresool. Ilma kunstlike l\u00f5hnaaineteta.  P\u00e4ritolu: Kambod\u017ea.  Pakitud Kambod\u017eas.  Hoida kuivas kohas.  P\u00e4rast purgi avamist hoida k\u00fclmkapis\" \/>\n<meta property=\"og:url\" content=\"https:\/\/bbqentertainment.com\/toode\/kampot-varsked-pipraterad-meresoolaga-40g-purgis\/\" \/>\n<meta property=\"og:site_name\" content=\"BBQ Entertainment\" \/>\n<meta property=\"article:publisher\" content=\"https:\/\/www.facebook.com\/BBQ-Entertainment-N-Catering-2437913376443540\" \/>\n<meta property=\"article:modified_time\" content=\"2026-04-13T00:10:48+00:00\" \/>\n<meta property=\"og:image\" content=\"https:\/\/bbqentertainment.com\/wp-content\/uploads\/2024\/04\/BBQ-EntertainentKAMPOT-varsked-pipraterad-meresoolaga-40g-purgis.webp\" \/>\n\t<meta property=\"og:image:width\" content=\"1080\" \/>\n\t<meta property=\"og:image:height\" content=\"1080\" \/>\n\t<meta property=\"og:image:type\" content=\"image\/webp\" \/>\n<meta name=\"twitter:card\" content=\"summary_large_image\" \/>\n<meta name=\"twitter:label1\" content=\"Est. reading time\" \/>\n\t<meta name=\"twitter:data1\" content=\"1 minute\" \/>\n<script type=\"application\/ld+json\" class=\"yoast-schema-graph\">{\"@context\":\"https:\\\/\\\/schema.org\",\"@graph\":[{\"@type\":[\"WebPage\",\"ItemPage\"],\"@id\":\"https:\\\/\\\/bbqentertainment.com\\\/toode\\\/kampot-varsked-pipraterad-meresoolaga-40g-purgis\\\/\",\"url\":\"https:\\\/\\\/bbqentertainment.com\\\/toode\\\/kampot-varsked-pipraterad-meresoolaga-40g-purgis\\\/\",\"name\":\"KAMPOT v\u00e4rsked pipraterad meresoolaga 40g purgis - BBQ Entertainment\",\"isPartOf\":{\"@id\":\"https:\\\/\\\/bbqentertainment.com\\\/#website\"},\"primaryImageOfPage\":{\"@id\":\"https:\\\/\\\/bbqentertainment.com\\\/toode\\\/kampot-varsked-pipraterad-meresoolaga-40g-purgis\\\/#primaryimage\"},\"image\":{\"@id\":\"https:\\\/\\\/bbqentertainment.com\\\/toode\\\/kampot-varsked-pipraterad-meresoolaga-40g-purgis\\\/#primaryimage\"},\"thumbnailUrl\":\"https:\\\/\\\/bbqentertainment.com\\\/wp-content\\\/uploads\\\/2024\\\/04\\\/BBQ-EntertainentKAMPOT-varsked-pipraterad-meresoolaga-40g-purgis.webp\",\"datePublished\":\"2024-04-29T13:05:06+00:00\",\"dateModified\":\"2026-04-13T00:10:48+00:00\",\"breadcrumb\":{\"@id\":\"https:\\\/\\\/bbqentertainment.com\\\/toode\\\/kampot-varsked-pipraterad-meresoolaga-40g-purgis\\\/#breadcrumb\"},\"inLanguage\":\"en-US\",\"potentialAction\":[{\"@type\":\"ReadAction\",\"target\":[\"https:\\\/\\\/bbqentertainment.com\\\/toode\\\/kampot-varsked-pipraterad-meresoolaga-40g-purgis\\\/\"]}]},{\"@type\":\"ImageObject\",\"inLanguage\":\"en-US\",\"@id\":\"https:\\\/\\\/bbqentertainment.com\\\/toode\\\/kampot-varsked-pipraterad-meresoolaga-40g-purgis\\\/#primaryimage\",\"url\":\"https:\\\/\\\/bbqentertainment.com\\\/wp-content\\\/uploads\\\/2024\\\/04\\\/BBQ-EntertainentKAMPOT-varsked-pipraterad-meresoolaga-40g-purgis.webp\",\"contentUrl\":\"https:\\\/\\\/bbqentertainment.com\\\/wp-content\\\/uploads\\\/2024\\\/04\\\/BBQ-EntertainentKAMPOT-varsked-pipraterad-meresoolaga-40g-purgis.webp\",\"width\":1080,\"height\":1080},{\"@type\":\"BreadcrumbList\",\"@id\":\"https:\\\/\\\/bbqentertainment.com\\\/toode\\\/kampot-varsked-pipraterad-meresoolaga-40g-purgis\\\/#breadcrumb\",\"itemListElement\":[{\"@type\":\"ListItem\",\"position\":1,\"name\":\"AVALEHT\",\"item\":\"https:\\\/\\\/bbqentertainment.com\\\/en\\\/\"},{\"@type\":\"ListItem\",\"position\":2,\"name\":\"Tooted\",\"item\":\"https:\\\/\\\/bbqentertainment.com\\\/tooted\\\/\"},{\"@type\":\"ListItem\",\"position\":3,\"name\":\"Maitseandjad\",\"item\":\"https:\\\/\\\/bbqentertainment.com\\\/en\\\/tootekategooria\\\/maitseandjad\\\/\"},{\"@type\":\"ListItem\",\"position\":4,\"name\":\"KAMPOT v\u00e4rsked pipraterad meresoolaga 40g purgis\"}]},{\"@type\":\"WebSite\",\"@id\":\"https:\\\/\\\/bbqentertainment.com\\\/#website\",\"url\":\"https:\\\/\\\/bbqentertainment.com\\\/\",\"name\":\"BBQ Entertainment\",\"description\":\"BBQ is a great lifestyle, not just fun!\",\"publisher\":{\"@id\":\"https:\\\/\\\/bbqentertainment.com\\\/#organization\"},\"potentialAction\":[{\"@type\":\"SearchAction\",\"target\":{\"@type\":\"EntryPoint\",\"urlTemplate\":\"https:\\\/\\\/bbqentertainment.com\\\/?s={search_term_string}\"},\"query-input\":{\"@type\":\"PropertyValueSpecification\",\"valueRequired\":true,\"valueName\":\"search_term_string\"}}],\"inLanguage\":\"en-US\"},{\"@type\":\"Organization\",\"@id\":\"https:\\\/\\\/bbqentertainment.com\\\/#organization\",\"name\":\"BBQ Entertainment O\u00dc\",\"url\":\"https:\\\/\\\/bbqentertainment.com\\\/\",\"logo\":{\"@type\":\"ImageObject\",\"inLanguage\":\"en-US\",\"@id\":\"https:\\\/\\\/bbqentertainment.com\\\/#\\\/schema\\\/logo\\\/image\\\/\",\"url\":\"https:\\\/\\\/bbqentertainment.com\\\/wp-content\\\/uploads\\\/2020\\\/04\\\/BBQ-Entertainment-N-Catering-Enn-Tobreluts-Logo.png\",\"contentUrl\":\"https:\\\/\\\/bbqentertainment.com\\\/wp-content\\\/uploads\\\/2020\\\/04\\\/BBQ-Entertainment-N-Catering-Enn-Tobreluts-Logo.png\",\"width\":628,\"height\":266,\"caption\":\"BBQ Entertainment O\u00dc\"},\"image\":{\"@id\":\"https:\\\/\\\/bbqentertainment.com\\\/#\\\/schema\\\/logo\\\/image\\\/\"},\"sameAs\":[\"https:\\\/\\\/www.facebook.com\\\/BBQ-Entertainment-N-Catering-2437913376443540\",\"https:\\\/\\\/www.instagram.com\\\/bbqentertainmentncatering\\\/\",\"https:\\\/\\\/www.youtube.com\\\/channel\\\/UCmpuANQVhLy2Md8nrenp2jA\"]}]}<\/script>\n<!-- \/ Yoast SEO plugin. -->","yoast_head_json":{"title":"KAMPOT v\u00e4rsked pipraterad meresoolaga 40g purgis - BBQ Entertainment","robots":{"index":"index","follow":"follow","max-snippet":"max-snippet:-1","max-image-preview":"max-image-preview:large","max-video-preview":"max-video-preview:-1"},"canonical":"https:\/\/bbqentertainment.com\/toode\/kampot-varsked-pipraterad-meresoolaga-40g-purgis\/","og_locale":"en_US","og_type":"article","og_title":"KAMPOT v\u00e4rsked pipraterad meresoolaga 40g purgis - BBQ Entertainment","og_description":"KAMPOT v\u00e4rsked pipraterad meresoolaga 40g purgis V\u00e4rskelt soolatud Kampoti piprad on rohelised pipraterad, mis on soolvees. Roheliste piparde maitse on v\u00e4rske ja v\u00fcrtsikas, kuid mitte nii intensiivne kui must pipar, pakkudes pikaajalist \u00fcrditooni j\u00e4relmaitset. Rohelised piprad on saadud k\u00fcpsetest, kuid veel mitte p\u00e4ris valminud marjadest, mis on seej\u00e4rel soolvette asetatud. Nii s\u00e4ilivad nad h\u00e4sti ja j\u00e4\u00e4vad v\u00e4rsked ning aromaatsed. Need piprad sobivad suurep\u00e4raselt veinisn\u00e4kkide ja erinevat t\u00fc\u00fcpi juustude k\u00f5rvale. Rohelispipra kastme valmistamine on hea viis nende maitset tundma \u00f5ppida. Seda t\u00fc\u00fcpi pipraid ei jahvatata!  Koostis: 80% rohelised pipraterad (Piper Nigrum), 20% meresool. Ilma kunstlike l\u00f5hnaaineteta.  P\u00e4ritolu: Kambod\u017ea.  Pakitud Kambod\u017eas.  Hoida kuivas kohas.  P\u00e4rast purgi avamist hoida k\u00fclmkapis","og_url":"https:\/\/bbqentertainment.com\/toode\/kampot-varsked-pipraterad-meresoolaga-40g-purgis\/","og_site_name":"BBQ Entertainment","article_publisher":"https:\/\/www.facebook.com\/BBQ-Entertainment-N-Catering-2437913376443540","article_modified_time":"2026-04-13T00:10:48+00:00","og_image":[{"width":1080,"height":1080,"url":"https:\/\/bbqentertainment.com\/wp-content\/uploads\/2024\/04\/BBQ-EntertainentKAMPOT-varsked-pipraterad-meresoolaga-40g-purgis.webp","type":"image\/webp"}],"twitter_card":"summary_large_image","twitter_misc":{"Est. reading time":"1 minute"},"schema":{"@context":"https:\/\/schema.org","@graph":[{"@type":["WebPage","ItemPage"],"@id":"https:\/\/bbqentertainment.com\/toode\/kampot-varsked-pipraterad-meresoolaga-40g-purgis\/","url":"https:\/\/bbqentertainment.com\/toode\/kampot-varsked-pipraterad-meresoolaga-40g-purgis\/","name":"KAMPOT v\u00e4rsked pipraterad meresoolaga 40g purgis - BBQ Entertainment","isPartOf":{"@id":"https:\/\/bbqentertainment.com\/#website"},"primaryImageOfPage":{"@id":"https:\/\/bbqentertainment.com\/toode\/kampot-varsked-pipraterad-meresoolaga-40g-purgis\/#primaryimage"},"image":{"@id":"https:\/\/bbqentertainment.com\/toode\/kampot-varsked-pipraterad-meresoolaga-40g-purgis\/#primaryimage"},"thumbnailUrl":"https:\/\/bbqentertainment.com\/wp-content\/uploads\/2024\/04\/BBQ-EntertainentKAMPOT-varsked-pipraterad-meresoolaga-40g-purgis.webp","datePublished":"2024-04-29T13:05:06+00:00","dateModified":"2026-04-13T00:10:48+00:00","breadcrumb":{"@id":"https:\/\/bbqentertainment.com\/toode\/kampot-varsked-pipraterad-meresoolaga-40g-purgis\/#breadcrumb"},"inLanguage":"en-US","potentialAction":[{"@type":"ReadAction","target":["https:\/\/bbqentertainment.com\/toode\/kampot-varsked-pipraterad-meresoolaga-40g-purgis\/"]}]},{"@type":"ImageObject","inLanguage":"en-US","@id":"https:\/\/bbqentertainment.com\/toode\/kampot-varsked-pipraterad-meresoolaga-40g-purgis\/#primaryimage","url":"https:\/\/bbqentertainment.com\/wp-content\/uploads\/2024\/04\/BBQ-EntertainentKAMPOT-varsked-pipraterad-meresoolaga-40g-purgis.webp","contentUrl":"https:\/\/bbqentertainment.com\/wp-content\/uploads\/2024\/04\/BBQ-EntertainentKAMPOT-varsked-pipraterad-meresoolaga-40g-purgis.webp","width":1080,"height":1080},{"@type":"BreadcrumbList","@id":"https:\/\/bbqentertainment.com\/toode\/kampot-varsked-pipraterad-meresoolaga-40g-purgis\/#breadcrumb","itemListElement":[{"@type":"ListItem","position":1,"name":"AVALEHT","item":"https:\/\/bbqentertainment.com\/en\/"},{"@type":"ListItem","position":2,"name":"Tooted","item":"https:\/\/bbqentertainment.com\/tooted\/"},{"@type":"ListItem","position":3,"name":"Maitseandjad","item":"https:\/\/bbqentertainment.com\/en\/tootekategooria\/maitseandjad\/"},{"@type":"ListItem","position":4,"name":"KAMPOT v\u00e4rsked pipraterad meresoolaga 40g purgis"}]},{"@type":"WebSite","@id":"https:\/\/bbqentertainment.com\/#website","url":"https:\/\/bbqentertainment.com\/","name":"BBQ Entertainment","description":"BBQ is a great lifestyle, not just fun!","publisher":{"@id":"https:\/\/bbqentertainment.com\/#organization"},"potentialAction":[{"@type":"SearchAction","target":{"@type":"EntryPoint","urlTemplate":"https:\/\/bbqentertainment.com\/?s={search_term_string}"},"query-input":{"@type":"PropertyValueSpecification","valueRequired":true,"valueName":"search_term_string"}}],"inLanguage":"en-US"},{"@type":"Organization","@id":"https:\/\/bbqentertainment.com\/#organization","name":"BBQ Entertainment O\u00dc","url":"https:\/\/bbqentertainment.com\/","logo":{"@type":"ImageObject","inLanguage":"en-US","@id":"https:\/\/bbqentertainment.com\/#\/schema\/logo\/image\/","url":"https:\/\/bbqentertainment.com\/wp-content\/uploads\/2020\/04\/BBQ-Entertainment-N-Catering-Enn-Tobreluts-Logo.png","contentUrl":"https:\/\/bbqentertainment.com\/wp-content\/uploads\/2020\/04\/BBQ-Entertainment-N-Catering-Enn-Tobreluts-Logo.png","width":628,"height":266,"caption":"BBQ Entertainment O\u00dc"},"image":{"@id":"https:\/\/bbqentertainment.com\/#\/schema\/logo\/image\/"},"sameAs":["https:\/\/www.facebook.com\/BBQ-Entertainment-N-Catering-2437913376443540","https:\/\/www.instagram.com\/bbqentertainmentncatering\/","https:\/\/www.youtube.com\/channel\/UCmpuANQVhLy2Md8nrenp2jA"]}]}},"_links":{"self":[{"href":"https:\/\/bbqentertainment.com\/en\/wp-json\/wp\/v2\/product\/247148","targetHints":{"allow":["GET"]}}],"collection":[{"href":"https:\/\/bbqentertainment.com\/en\/wp-json\/wp\/v2\/product"}],"about":[{"href":"https:\/\/bbqentertainment.com\/en\/wp-json\/wp\/v2\/types\/product"}],"wp:featuredmedia":[{"embeddable":true,"href":"https:\/\/bbqentertainment.com\/en\/wp-json\/wp\/v2\/media\/247149"}],"wp:attachment":[{"href":"https:\/\/bbqentertainment.com\/en\/wp-json\/wp\/v2\/media?parent=247148"}],"wp:term":[{"taxonomy":"product_brand","embeddable":true,"href":"https:\/\/bbqentertainment.com\/en\/wp-json\/wp\/v2\/product_brand?post=247148"},{"taxonomy":"product_cat","embeddable":true,"href":"https:\/\/bbqentertainment.com\/en\/wp-json\/wp\/v2\/product_cat?post=247148"},{"taxonomy":"product_tag","embeddable":true,"href":"https:\/\/bbqentertainment.com\/en\/wp-json\/wp\/v2\/product_tag?post=247148"}],"curies":[{"name":"wp","href":"https:\/\/api.w.org\/{rel}","templated":true}]}}