{"id":247153,"date":"2024-04-29T16:11:44","date_gmt":"2024-04-29T13:11:44","guid":{"rendered":"https:\/\/bbqentertainment.com\/?post_type=product&#038;p=247153"},"modified":"2026-04-16T13:56:22","modified_gmt":"2026-04-16T10:56:22","slug":"grilli-naturaalne-puhastusaine-pihustiga-500-ml","status":"publish","type":"product","link":"https:\/\/bbqentertainment.com\/en\/toode\/grilli-naturaalne-puhastusaine-pihustiga-500-ml\/","title":{"rendered":"Grilli puhastusaine pihustiga 500 ml"},"content":{"rendered":"<p class=\"\" data-start=\"320\" data-end=\"485\"><strong data-start=\"320\" data-end=\"332\">Koostis:<\/strong><br data-start=\"332\" data-end=\"335\" \/>Sisaldab &lt;8% kaaliumh\u00fcdroksiidi (CAS: 1310-58-3), &lt;2% sulfoonhappe (C14-17-sek-alkaan, naatriumsoolad), &lt;5% anioonsed pindaktiivsed ained, l\u00f5hnaained.<\/p>\n<p class=\"\" data-start=\"1070\" data-end=\"1147\"><strong data-start=\"1070\" data-end=\"1096\">F\u00fc\u00fcsikalised omadused:<\/strong><br data-start=\"1096\" data-end=\"1099\" \/>Vedel, leeliseline (pH 12,5\u201313,5), vees segunev.<\/p>\n<p class=\"\" data-start=\"1012\" data-end=\"1068\"><strong data-start=\"1012\" data-end=\"1044\">M\u00fcrgistusteabekeskus Eestis:<\/strong> 16662 v\u00f5i +372 794 3794<\/p>\n<p class=\"\" data-start=\"1070\" data-end=\"1147\">\n","protected":false},"excerpt":{"rendered":"<h3>Grilli puhastusaine pihustiga 500 ml<\/h3>\n<div class=\"flex max-w-full flex-col flex-grow\">\n<div class=\"min-h-8 text-message relative flex w-full flex-col items-end gap-2 whitespace-normal break-words text-start [.text-message+&amp;]:mt-5\" dir=\"auto\" data-message-author-role=\"assistant\" data-message-id=\"9bbf4716-0f23-48d9-8953-df3dc7a71c6e\" data-message-model-slug=\"gpt-4o\">\n<div class=\"flex w-full flex-col gap-1 empty:hidden first:pt-[3px]\">\n<div class=\"markdown prose w-full break-words dark:prose-invert light\">\n<p data-start=\"77\" data-end=\"326\">Otsid t\u00f5husat lahendust grilli, BBQ restide, suitsuahju, filtrite, \u00f5hupuhastite, kaminaukse v\u00f5i ahjuukse puhastamiseks? See tugevalt leeliseline ja kontsentreeritud puhastussprei eemaldab kiiresti ka k\u00f5ige t\u00f5rksamad rasva-, tahma- ja k\u00fcpsetusj\u00e4\u00e4gid.<\/p>\n<p data-start=\"328\" data-end=\"343\"><strong data-start=\"328\" data-end=\"341\">Omadused:<\/strong><\/p>\n<ul data-start=\"344\" data-end=\"648\">\n<li data-start=\"344\" data-end=\"404\">v\u00e4ga kontsentreeritud koostis eemaldab ka p\u00fcsiva mustuse<\/li>\n<li data-start=\"405\" data-end=\"480\">ohutu kasutamisel vastavalt juhistele \u2013 ei kahjusta puhastatavaid pindu<\/li>\n<li data-start=\"481\" data-end=\"534\">t\u00f5hus vana rasva, tahma ja k\u00f5rbenud j\u00e4\u00e4kide vastu<\/li>\n<li data-start=\"535\" data-end=\"589\">\u00f6konoomne \u2013 v\u00e4ike kogus tagab tugeva puhastusv\u00f5ime<\/li>\n<li data-start=\"590\" data-end=\"648\">sobib nii koduseks kui ka professionaalseks kasutuseks<\/li>\n<\/ul>\n<p data-start=\"650\" data-end=\"670\"><strong data-start=\"650\" data-end=\"668\">Kasutusjuhend:<\/strong><\/p>\n<ol data-start=\"671\" data-end=\"945\">\n<li data-start=\"671\" data-end=\"705\">pihusta puhastatavale pinnale<\/li>\n<li data-start=\"706\" data-end=\"735\">lase m\u00f5juda 5\u201310 minutit<\/li>\n<li data-start=\"736\" data-end=\"773\">p\u00fchi pind niiske k\u00e4snaga puhtaks<\/li>\n<li data-start=\"774\" data-end=\"822\">vajadusel j\u00e4ta kauemaks v\u00f5i korda puhastust<\/li>\n<li data-start=\"823\" data-end=\"894\">v\u00e4ldi kasutamist kahjustatud, alumiiniumist v\u00f5i tsingitud pindadel<\/li>\n<li data-start=\"895\" data-end=\"945\">pese p\u00e4rast kasutamist k\u00e4ed hoolikalt puhtaks<\/li>\n<\/ol>\n<p data-start=\"947\" data-end=\"968\"><strong data-start=\"947\" data-end=\"966\">Tehniline info:<\/strong><\/p>\n<ul data-start=\"969\" data-end=\"1124\">\n<li data-start=\"991\" data-end=\"1007\">maht: 500 ml<\/li>\n<li data-start=\"1008\" data-end=\"1059\">t\u00fc\u00fcp: tugevatoimeline leeliseline puhastusspray<\/li>\n<li data-start=\"1060\" data-end=\"1124\">kasutusvaldkond: grillid, ahjud, suitsuahjud, k\u00f6\u00f6gikubud jpm<\/li>\n<\/ul>\n<p data-start=\"1126\" data-end=\"1204\" data-is-last-node=\"\" data-is-only-node=\"\">Sobib ideaalselt igap\u00e4evaseks puhastuseks nii kodus kui ka toitlustuskohtades.<\/p>\n<p data-start=\"1126\" data-end=\"1204\" data-is-last-node=\"\" data-is-only-node=\"\"><strong>Hoiustada<\/strong> kuivas ja h\u00e4sti ventileeritud ruumis temperatuuril +5 kuni +30 \u00b0C, eemal otsesest p\u00e4ikesevalgusest, s\u00e4demetest, lahtisest leegist ja kuumadest pindadest.<\/p>\n<\/div>\n<\/div>\n<\/div>\n<\/div>\n","protected":false},"featured_media":247154,"template":"","meta":{"inline_featured_image":false},"product_brand":[],"product_cat":[587,92,479,223],"product_tag":[],"class_list":{"0":"post-247153","1":"product","2":"type-product","3":"status-publish","4":"has-post-thumbnail","6":"product_cat-cobb-grillid","7":"product_cat-lisatarvikud","8":"product_cat-grillitarvikud","9":"product_cat-muud-tooted-2","11":"first","12":"instock","13":"taxable","14":"shipping-taxable","15":"purchasable","16":"product-type-simple"},"yoast_head":"<!-- This site is optimized with the Yoast SEO plugin v27.4 - https:\/\/yoast.com\/product\/yoast-seo-wordpress\/ -->\n<title>Grilli puhastusaine pihustiga 500 ml - BBQ Entertainment<\/title>\n<meta name=\"robots\" content=\"index, follow, max-snippet:-1, max-image-preview:large, max-video-preview:-1\" \/>\n<link rel=\"canonical\" href=\"https:\/\/bbqentertainment.com\/toode\/grilli-naturaalne-puhastusaine-pihustiga-500-ml\/\" \/>\n<meta property=\"og:locale\" content=\"en_US\" \/>\n<meta property=\"og:type\" content=\"article\" \/>\n<meta property=\"og:title\" content=\"Grilli puhastusaine pihustiga 500 ml - BBQ Entertainment\" \/>\n<meta property=\"og:description\" content=\"Grilli puhastusaine pihustiga 500 ml     Otsid t\u00f5husat lahendust grilli, BBQ restide, suitsuahju, filtrite, \u00f5hupuhastite, kaminaukse v\u00f5i ahjuukse puhastamiseks? See tugevalt leeliseline ja kontsentreeritud puhastussprei eemaldab kiiresti ka k\u00f5ige t\u00f5rksamad rasva-, tahma- ja k\u00fcpsetusj\u00e4\u00e4gid. Omadused:    v\u00e4ga kontsentreeritud koostis eemaldab ka p\u00fcsiva mustuse  ohutu kasutamisel vastavalt juhistele \u2013 ei kahjusta puhastatavaid pindu  t\u00f5hus vana rasva, tahma ja k\u00f5rbenud j\u00e4\u00e4kide vastu  \u00f6konoomne \u2013 v\u00e4ike kogus tagab tugeva puhastusv\u00f5ime  sobib nii koduseks kui ka professionaalseks kasutuseks  Kasutusjuhend:    pihusta puhastatavale pinnale  lase m\u00f5juda 5\u201310 minutit  p\u00fchi pind niiske k\u00e4snaga puhtaks  vajadusel j\u00e4ta kauemaks v\u00f5i korda puhastust  v\u00e4ldi kasutamist kahjustatud, alumiiniumist v\u00f5i tsingitud pindadel  pese p\u00e4rast kasutamist k\u00e4ed hoolikalt puhtaks  Tehniline info:    maht: 500 ml  t\u00fc\u00fcp: tugevatoimeline leeliseline puhastusspray  kasutusvaldkond: grillid, ahjud, suitsuahjud, k\u00f6\u00f6gikubud jpm  Sobib ideaalselt igap\u00e4evaseks puhastuseks nii kodus kui ka toitlustuskohtades. Hoiustada kuivas ja h\u00e4sti ventileeritud ruumis temperatuuril +5 kuni +30 \u00b0C, eemal otsesest p\u00e4ikesevalgusest, s\u00e4demetest, lahtisest leegist ja kuumadest pindadest.\" \/>\n<meta property=\"og:url\" content=\"https:\/\/bbqentertainment.com\/toode\/grilli-naturaalne-puhastusaine-pihustiga-500-ml\/\" \/>\n<meta property=\"og:site_name\" content=\"BBQ Entertainment\" \/>\n<meta property=\"article:publisher\" content=\"https:\/\/www.facebook.com\/BBQ-Entertainment-N-Catering-2437913376443540\" \/>\n<meta property=\"article:modified_time\" content=\"2026-04-16T10:56:22+00:00\" \/>\n<meta property=\"og:image\" content=\"https:\/\/bbqentertainment.com\/wp-content\/uploads\/2024\/04\/BBQ-Entertainent-Grilli-naturaalne-puhastusaine-pihustiga-500-ml.webp\" \/>\n\t<meta property=\"og:image:width\" content=\"1080\" \/>\n\t<meta property=\"og:image:height\" content=\"1080\" \/>\n\t<meta property=\"og:image:type\" content=\"image\/webp\" \/>\n<meta name=\"twitter:card\" content=\"summary_large_image\" \/>\n<meta name=\"twitter:label1\" content=\"Est. reading time\" \/>\n\t<meta name=\"twitter:data1\" content=\"1 minute\" \/>\n<script type=\"application\/ld+json\" class=\"yoast-schema-graph\">{\"@context\":\"https:\\\/\\\/schema.org\",\"@graph\":[{\"@type\":[\"WebPage\",\"ItemPage\"],\"@id\":\"https:\\\/\\\/bbqentertainment.com\\\/toode\\\/grilli-naturaalne-puhastusaine-pihustiga-500-ml\\\/\",\"url\":\"https:\\\/\\\/bbqentertainment.com\\\/toode\\\/grilli-naturaalne-puhastusaine-pihustiga-500-ml\\\/\",\"name\":\"Grilli puhastusaine pihustiga 500 ml - BBQ Entertainment\",\"isPartOf\":{\"@id\":\"https:\\\/\\\/bbqentertainment.com\\\/#website\"},\"primaryImageOfPage\":{\"@id\":\"https:\\\/\\\/bbqentertainment.com\\\/toode\\\/grilli-naturaalne-puhastusaine-pihustiga-500-ml\\\/#primaryimage\"},\"image\":{\"@id\":\"https:\\\/\\\/bbqentertainment.com\\\/toode\\\/grilli-naturaalne-puhastusaine-pihustiga-500-ml\\\/#primaryimage\"},\"thumbnailUrl\":\"https:\\\/\\\/bbqentertainment.com\\\/wp-content\\\/uploads\\\/2024\\\/04\\\/BBQ-Entertainent-Grilli-naturaalne-puhastusaine-pihustiga-500-ml.webp\",\"datePublished\":\"2024-04-29T13:11:44+00:00\",\"dateModified\":\"2026-04-16T10:56:22+00:00\",\"breadcrumb\":{\"@id\":\"https:\\\/\\\/bbqentertainment.com\\\/toode\\\/grilli-naturaalne-puhastusaine-pihustiga-500-ml\\\/#breadcrumb\"},\"inLanguage\":\"en-US\",\"potentialAction\":[{\"@type\":\"ReadAction\",\"target\":[\"https:\\\/\\\/bbqentertainment.com\\\/toode\\\/grilli-naturaalne-puhastusaine-pihustiga-500-ml\\\/\"]}]},{\"@type\":\"ImageObject\",\"inLanguage\":\"en-US\",\"@id\":\"https:\\\/\\\/bbqentertainment.com\\\/toode\\\/grilli-naturaalne-puhastusaine-pihustiga-500-ml\\\/#primaryimage\",\"url\":\"https:\\\/\\\/bbqentertainment.com\\\/wp-content\\\/uploads\\\/2024\\\/04\\\/BBQ-Entertainent-Grilli-naturaalne-puhastusaine-pihustiga-500-ml.webp\",\"contentUrl\":\"https:\\\/\\\/bbqentertainment.com\\\/wp-content\\\/uploads\\\/2024\\\/04\\\/BBQ-Entertainent-Grilli-naturaalne-puhastusaine-pihustiga-500-ml.webp\",\"width\":1080,\"height\":1080},{\"@type\":\"BreadcrumbList\",\"@id\":\"https:\\\/\\\/bbqentertainment.com\\\/toode\\\/grilli-naturaalne-puhastusaine-pihustiga-500-ml\\\/#breadcrumb\",\"itemListElement\":[{\"@type\":\"ListItem\",\"position\":1,\"name\":\"AVALEHT\",\"item\":\"https:\\\/\\\/bbqentertainment.com\\\/en\\\/\"},{\"@type\":\"ListItem\",\"position\":2,\"name\":\"Tooted\",\"item\":\"https:\\\/\\\/bbqentertainment.com\\\/tooted\\\/\"},{\"@type\":\"ListItem\",\"position\":3,\"name\":\"Grillid ja ahjud\",\"item\":\"https:\\\/\\\/bbqentertainment.com\\\/tootekategooria\\\/grillid-ja-ahjud\\\/\"},{\"@type\":\"ListItem\",\"position\":4,\"name\":\"COBB grillid\",\"item\":\"https:\\\/\\\/bbqentertainment.com\\\/tootekategooria\\\/grillid-ja-ahjud\\\/cobb-grillid\\\/\"},{\"@type\":\"ListItem\",\"position\":5,\"name\":\"Grilli puhastusaine pihustiga 500 ml\"}]},{\"@type\":\"WebSite\",\"@id\":\"https:\\\/\\\/bbqentertainment.com\\\/#website\",\"url\":\"https:\\\/\\\/bbqentertainment.com\\\/\",\"name\":\"BBQ Entertainment\",\"description\":\"BBQ is a great lifestyle, not just fun!\",\"publisher\":{\"@id\":\"https:\\\/\\\/bbqentertainment.com\\\/#organization\"},\"potentialAction\":[{\"@type\":\"SearchAction\",\"target\":{\"@type\":\"EntryPoint\",\"urlTemplate\":\"https:\\\/\\\/bbqentertainment.com\\\/?s={search_term_string}\"},\"query-input\":{\"@type\":\"PropertyValueSpecification\",\"valueRequired\":true,\"valueName\":\"search_term_string\"}}],\"inLanguage\":\"en-US\"},{\"@type\":\"Organization\",\"@id\":\"https:\\\/\\\/bbqentertainment.com\\\/#organization\",\"name\":\"BBQ Entertainment O\u00dc\",\"url\":\"https:\\\/\\\/bbqentertainment.com\\\/\",\"logo\":{\"@type\":\"ImageObject\",\"inLanguage\":\"en-US\",\"@id\":\"https:\\\/\\\/bbqentertainment.com\\\/#\\\/schema\\\/logo\\\/image\\\/\",\"url\":\"https:\\\/\\\/bbqentertainment.com\\\/wp-content\\\/uploads\\\/2020\\\/04\\\/BBQ-Entertainment-N-Catering-Enn-Tobreluts-Logo.png\",\"contentUrl\":\"https:\\\/\\\/bbqentertainment.com\\\/wp-content\\\/uploads\\\/2020\\\/04\\\/BBQ-Entertainment-N-Catering-Enn-Tobreluts-Logo.png\",\"width\":628,\"height\":266,\"caption\":\"BBQ Entertainment O\u00dc\"},\"image\":{\"@id\":\"https:\\\/\\\/bbqentertainment.com\\\/#\\\/schema\\\/logo\\\/image\\\/\"},\"sameAs\":[\"https:\\\/\\\/www.facebook.com\\\/BBQ-Entertainment-N-Catering-2437913376443540\",\"https:\\\/\\\/www.instagram.com\\\/bbqentertainmentncatering\\\/\",\"https:\\\/\\\/www.youtube.com\\\/channel\\\/UCmpuANQVhLy2Md8nrenp2jA\"]}]}<\/script>\n<!-- \/ Yoast SEO plugin. -->","yoast_head_json":{"title":"Grilli puhastusaine pihustiga 500 ml - BBQ Entertainment","robots":{"index":"index","follow":"follow","max-snippet":"max-snippet:-1","max-image-preview":"max-image-preview:large","max-video-preview":"max-video-preview:-1"},"canonical":"https:\/\/bbqentertainment.com\/toode\/grilli-naturaalne-puhastusaine-pihustiga-500-ml\/","og_locale":"en_US","og_type":"article","og_title":"Grilli puhastusaine pihustiga 500 ml - BBQ Entertainment","og_description":"Grilli puhastusaine pihustiga 500 ml     Otsid t\u00f5husat lahendust grilli, BBQ restide, suitsuahju, filtrite, \u00f5hupuhastite, kaminaukse v\u00f5i ahjuukse puhastamiseks? See tugevalt leeliseline ja kontsentreeritud puhastussprei eemaldab kiiresti ka k\u00f5ige t\u00f5rksamad rasva-, tahma- ja k\u00fcpsetusj\u00e4\u00e4gid. Omadused:    v\u00e4ga kontsentreeritud koostis eemaldab ka p\u00fcsiva mustuse  ohutu kasutamisel vastavalt juhistele \u2013 ei kahjusta puhastatavaid pindu  t\u00f5hus vana rasva, tahma ja k\u00f5rbenud j\u00e4\u00e4kide vastu  \u00f6konoomne \u2013 v\u00e4ike kogus tagab tugeva puhastusv\u00f5ime  sobib nii koduseks kui ka professionaalseks kasutuseks  Kasutusjuhend:    pihusta puhastatavale pinnale  lase m\u00f5juda 5\u201310 minutit  p\u00fchi pind niiske k\u00e4snaga puhtaks  vajadusel j\u00e4ta kauemaks v\u00f5i korda puhastust  v\u00e4ldi kasutamist kahjustatud, alumiiniumist v\u00f5i tsingitud pindadel  pese p\u00e4rast kasutamist k\u00e4ed hoolikalt puhtaks  Tehniline info:    maht: 500 ml  t\u00fc\u00fcp: tugevatoimeline leeliseline puhastusspray  kasutusvaldkond: grillid, ahjud, suitsuahjud, k\u00f6\u00f6gikubud jpm  Sobib ideaalselt igap\u00e4evaseks puhastuseks nii kodus kui ka toitlustuskohtades. Hoiustada kuivas ja h\u00e4sti ventileeritud ruumis temperatuuril +5 kuni +30 \u00b0C, eemal otsesest p\u00e4ikesevalgusest, s\u00e4demetest, lahtisest leegist ja kuumadest pindadest.","og_url":"https:\/\/bbqentertainment.com\/toode\/grilli-naturaalne-puhastusaine-pihustiga-500-ml\/","og_site_name":"BBQ Entertainment","article_publisher":"https:\/\/www.facebook.com\/BBQ-Entertainment-N-Catering-2437913376443540","article_modified_time":"2026-04-16T10:56:22+00:00","og_image":[{"width":1080,"height":1080,"url":"https:\/\/bbqentertainment.com\/wp-content\/uploads\/2024\/04\/BBQ-Entertainent-Grilli-naturaalne-puhastusaine-pihustiga-500-ml.webp","type":"image\/webp"}],"twitter_card":"summary_large_image","twitter_misc":{"Est. reading time":"1 minute"},"schema":{"@context":"https:\/\/schema.org","@graph":[{"@type":["WebPage","ItemPage"],"@id":"https:\/\/bbqentertainment.com\/toode\/grilli-naturaalne-puhastusaine-pihustiga-500-ml\/","url":"https:\/\/bbqentertainment.com\/toode\/grilli-naturaalne-puhastusaine-pihustiga-500-ml\/","name":"Grilli puhastusaine pihustiga 500 ml - BBQ Entertainment","isPartOf":{"@id":"https:\/\/bbqentertainment.com\/#website"},"primaryImageOfPage":{"@id":"https:\/\/bbqentertainment.com\/toode\/grilli-naturaalne-puhastusaine-pihustiga-500-ml\/#primaryimage"},"image":{"@id":"https:\/\/bbqentertainment.com\/toode\/grilli-naturaalne-puhastusaine-pihustiga-500-ml\/#primaryimage"},"thumbnailUrl":"https:\/\/bbqentertainment.com\/wp-content\/uploads\/2024\/04\/BBQ-Entertainent-Grilli-naturaalne-puhastusaine-pihustiga-500-ml.webp","datePublished":"2024-04-29T13:11:44+00:00","dateModified":"2026-04-16T10:56:22+00:00","breadcrumb":{"@id":"https:\/\/bbqentertainment.com\/toode\/grilli-naturaalne-puhastusaine-pihustiga-500-ml\/#breadcrumb"},"inLanguage":"en-US","potentialAction":[{"@type":"ReadAction","target":["https:\/\/bbqentertainment.com\/toode\/grilli-naturaalne-puhastusaine-pihustiga-500-ml\/"]}]},{"@type":"ImageObject","inLanguage":"en-US","@id":"https:\/\/bbqentertainment.com\/toode\/grilli-naturaalne-puhastusaine-pihustiga-500-ml\/#primaryimage","url":"https:\/\/bbqentertainment.com\/wp-content\/uploads\/2024\/04\/BBQ-Entertainent-Grilli-naturaalne-puhastusaine-pihustiga-500-ml.webp","contentUrl":"https:\/\/bbqentertainment.com\/wp-content\/uploads\/2024\/04\/BBQ-Entertainent-Grilli-naturaalne-puhastusaine-pihustiga-500-ml.webp","width":1080,"height":1080},{"@type":"BreadcrumbList","@id":"https:\/\/bbqentertainment.com\/toode\/grilli-naturaalne-puhastusaine-pihustiga-500-ml\/#breadcrumb","itemListElement":[{"@type":"ListItem","position":1,"name":"AVALEHT","item":"https:\/\/bbqentertainment.com\/en\/"},{"@type":"ListItem","position":2,"name":"Tooted","item":"https:\/\/bbqentertainment.com\/tooted\/"},{"@type":"ListItem","position":3,"name":"Grillid ja ahjud","item":"https:\/\/bbqentertainment.com\/tootekategooria\/grillid-ja-ahjud\/"},{"@type":"ListItem","position":4,"name":"COBB grillid","item":"https:\/\/bbqentertainment.com\/tootekategooria\/grillid-ja-ahjud\/cobb-grillid\/"},{"@type":"ListItem","position":5,"name":"Grilli puhastusaine pihustiga 500 ml"}]},{"@type":"WebSite","@id":"https:\/\/bbqentertainment.com\/#website","url":"https:\/\/bbqentertainment.com\/","name":"BBQ Entertainment","description":"BBQ is a great lifestyle, not just fun!","publisher":{"@id":"https:\/\/bbqentertainment.com\/#organization"},"potentialAction":[{"@type":"SearchAction","target":{"@type":"EntryPoint","urlTemplate":"https:\/\/bbqentertainment.com\/?s={search_term_string}"},"query-input":{"@type":"PropertyValueSpecification","valueRequired":true,"valueName":"search_term_string"}}],"inLanguage":"en-US"},{"@type":"Organization","@id":"https:\/\/bbqentertainment.com\/#organization","name":"BBQ Entertainment O\u00dc","url":"https:\/\/bbqentertainment.com\/","logo":{"@type":"ImageObject","inLanguage":"en-US","@id":"https:\/\/bbqentertainment.com\/#\/schema\/logo\/image\/","url":"https:\/\/bbqentertainment.com\/wp-content\/uploads\/2020\/04\/BBQ-Entertainment-N-Catering-Enn-Tobreluts-Logo.png","contentUrl":"https:\/\/bbqentertainment.com\/wp-content\/uploads\/2020\/04\/BBQ-Entertainment-N-Catering-Enn-Tobreluts-Logo.png","width":628,"height":266,"caption":"BBQ Entertainment O\u00dc"},"image":{"@id":"https:\/\/bbqentertainment.com\/#\/schema\/logo\/image\/"},"sameAs":["https:\/\/www.facebook.com\/BBQ-Entertainment-N-Catering-2437913376443540","https:\/\/www.instagram.com\/bbqentertainmentncatering\/","https:\/\/www.youtube.com\/channel\/UCmpuANQVhLy2Md8nrenp2jA"]}]}},"_links":{"self":[{"href":"https:\/\/bbqentertainment.com\/en\/wp-json\/wp\/v2\/product\/247153","targetHints":{"allow":["GET"]}}],"collection":[{"href":"https:\/\/bbqentertainment.com\/en\/wp-json\/wp\/v2\/product"}],"about":[{"href":"https:\/\/bbqentertainment.com\/en\/wp-json\/wp\/v2\/types\/product"}],"wp:featuredmedia":[{"embeddable":true,"href":"https:\/\/bbqentertainment.com\/en\/wp-json\/wp\/v2\/media\/247154"}],"wp:attachment":[{"href":"https:\/\/bbqentertainment.com\/en\/wp-json\/wp\/v2\/media?parent=247153"}],"wp:term":[{"taxonomy":"product_brand","embeddable":true,"href":"https:\/\/bbqentertainment.com\/en\/wp-json\/wp\/v2\/product_brand?post=247153"},{"taxonomy":"product_cat","embeddable":true,"href":"https:\/\/bbqentertainment.com\/en\/wp-json\/wp\/v2\/product_cat?post=247153"},{"taxonomy":"product_tag","embeddable":true,"href":"https:\/\/bbqentertainment.com\/en\/wp-json\/wp\/v2\/product_tag?post=247153"}],"curies":[{"name":"wp","href":"https:\/\/api.w.org\/{rel}","templated":true}]}}