{"id":247158,"date":"2024-04-29T16:23:03","date_gmt":"2024-04-29T13:23:03","guid":{"rendered":"https:\/\/bbqentertainment.com\/?post_type=product&#038;p=247158"},"modified":"2025-09-08T13:17:10","modified_gmt":"2025-09-08T10:17:10","slug":"cobb-kitchen-in-the-box-reisi-ja-pikniku-multifunktsionaalse-soegrilli-komplekt-o-33cm-premier-air","status":"publish","type":"product","link":"https:\/\/bbqentertainment.com\/en\/toode\/cobb-kitchen-in-the-box-reisi-ja-pikniku-multifunktsionaalse-soegrilli-komplekt-o-33cm-premier-air\/","title":{"rendered":"COBB Kitchen in the Box \/ Reisi- ja pikniku multifunktsionaalse s\u00f6egrilli komplekt \u00d8 33cm (Premier AIR)"},"content":{"rendered":"","protected":false},"excerpt":{"rendered":"<h3><strong>COBB Kitchen in the Box \/ Reisi- ja pikniku multifunktsionaalse s\u00f6egrilli komplekt \u00d8 33cm (Premier AIR)<\/strong><\/h3>\n<p>See on ideaalne reisigrill, mis v\u00f5imaldab grillida, suitsutada, keeta, hautada ja pannil praadida.<\/p>\n<p>33 cm l\u00e4bim\u00f5\u00f5duga roostevabast terasest grill (mudel COBB Premier AIR) on \u00fclikerge ja vastupidav: ainulaadne konstruktsioon ja kujundus tagavad pika kasutusea. Lisaks on grillil kaas, mille \u00f5huava on reguleeritav, v\u00f5imaldades mugavalt ja lihtsalt soojust juhtida.<\/p>\n<p>Grill koos k\u00f5igi lisadega kaalub vaid 8,2 kg. Kaalu saab v\u00e4hendada 4 kg-ni, v\u00f5ttes piknikule kaasa ainult vajaliku grill-panniplaadi v\u00f5i panni.<\/p>\n<p>Selle kompaktse reisigrilli \u00fcks suurimaid eeliseid on selle ainulaadne, rahvusvaheliselt auhinnatud disain. P\u00f5hi ja k\u00fcljed on jahedad ka k\u00f5rgeimal temperatuuril k\u00fcpsetades. K\u00fcpsetada saab k\u00f5ikjal: allapoole ei kuku tuhka ja grilli jahe p\u00f5hi ei sulata lund ega lauda.<\/p>\n<p>P\u00e4rast v\u00e4ljas\u00f5itu saab grilli kohe koju kaasa v\u00f5tta. K\u00fcpsetamise l\u00f5petamisel piisab s\u00fcte j\u00e4\u00e4kide veega \u00fclevalamisest. Juba minuti p\u00e4rast on grill jahe.<\/p>\n<p><strong>COBB Kitchen in a BOX on m\u00fc\u00fcgil koos k\u00f5ige olulisemate grilli lisadega. Komplekt sisaldab: universaalne grilliplaat, grillrest, k\u00fcpsetusplaat, pann, praen\u00f5u, t\u00f5ster\u00f5ngas\/tangid, kanarest, t\u00f5stesang ja kott. <\/strong><\/p>\n<p><a href=\"https:\/\/delivery.shopifyapps.com\/-\/085aa6fce5c18577\/227af398956db0e4\" target=\"_blank\" rel=\"noopener\">COBB grilli kasutus- ja hooldusjuhendi saab alla laadida siit.<\/a><\/p>\n","protected":false},"featured_media":247159,"template":"","meta":{"inline_featured_image":false},"product_brand":[],"product_cat":[17,587],"product_tag":[],"class_list":{"0":"post-247158","1":"product","2":"type-product","3":"status-publish","4":"has-post-thumbnail","6":"product_cat-grillid-ja-ahjud","7":"product_cat-cobb-grillid","9":"first","10":"instock","11":"sale","12":"taxable","13":"shipping-taxable","14":"purchasable","15":"product-type-simple"},"yoast_head":"<!-- This site is optimized with the Yoast SEO plugin v27.2 - https:\/\/yoast.com\/product\/yoast-seo-wordpress\/ -->\n<title>COBB Kitchen in the Box \/ Reisi- ja pikniku multifunktsionaalse s\u00f6egrilli komplekt \u00d8 33cm (Premier AIR) - BBQ Entertainment<\/title>\n<meta name=\"robots\" content=\"index, follow, max-snippet:-1, max-image-preview:large, max-video-preview:-1\" \/>\n<link rel=\"canonical\" href=\"https:\/\/bbqentertainment.com\/toode\/cobb-kitchen-in-the-box-reisi-ja-pikniku-multifunktsionaalse-soegrilli-komplekt-o-33cm-premier-air\/\" \/>\n<meta property=\"og:locale\" content=\"en_US\" \/>\n<meta property=\"og:type\" content=\"article\" \/>\n<meta property=\"og:title\" content=\"COBB Kitchen in the Box \/ Reisi- ja pikniku multifunktsionaalse s\u00f6egrilli komplekt \u00d8 33cm (Premier AIR) - BBQ Entertainment\" \/>\n<meta property=\"og:description\" content=\"COBB Kitchen in the Box \/ Reisi- ja pikniku multifunktsionaalse s\u00f6egrilli komplekt \u00d8 33cm (Premier AIR) See on ideaalne reisigrill, mis v\u00f5imaldab grillida, suitsutada, keeta, hautada ja pannil praadida.  33 cm l\u00e4bim\u00f5\u00f5duga roostevabast terasest grill (mudel COBB Premier AIR) on \u00fclikerge ja vastupidav: ainulaadne konstruktsioon ja kujundus tagavad pika kasutusea. Lisaks on grillil kaas, mille \u00f5huava on reguleeritav, v\u00f5imaldades mugavalt ja lihtsalt soojust juhtida.  Grill koos k\u00f5igi lisadega kaalub vaid 8,2 kg. Kaalu saab v\u00e4hendada 4 kg-ni, v\u00f5ttes piknikule kaasa ainult vajaliku grill-panniplaadi v\u00f5i panni.  Selle kompaktse reisigrilli \u00fcks suurimaid eeliseid on selle ainulaadne, rahvusvaheliselt auhinnatud disain. P\u00f5hi ja k\u00fcljed on jahedad ka k\u00f5rgeimal temperatuuril k\u00fcpsetades. K\u00fcpsetada saab k\u00f5ikjal: allapoole ei kuku tuhka ja grilli jahe p\u00f5hi ei sulata lund ega lauda.  P\u00e4rast v\u00e4ljas\u00f5itu saab grilli kohe koju kaasa v\u00f5tta. K\u00fcpsetamise l\u00f5petamisel piisab s\u00fcte j\u00e4\u00e4kide veega \u00fclevalamisest. Juba minuti p\u00e4rast on grill jahe.  COBB Kitchen in a BOX on m\u00fc\u00fcgil koos k\u00f5ige olulisemate grilli lisadega. Komplekt sisaldab: universaalne grilliplaat, grillrest, k\u00fcpsetusplaat, pann, praen\u00f5u, t\u00f5ster\u00f5ngas\/tangid, kanarest, t\u00f5stesang ja kott.   COBB grilli kasutus- ja hooldusjuhendi saab alla laadida siit.\" \/>\n<meta property=\"og:url\" content=\"https:\/\/bbqentertainment.com\/toode\/cobb-kitchen-in-the-box-reisi-ja-pikniku-multifunktsionaalse-soegrilli-komplekt-o-33cm-premier-air\/\" \/>\n<meta property=\"og:site_name\" content=\"BBQ Entertainment\" \/>\n<meta property=\"article:publisher\" content=\"https:\/\/www.facebook.com\/BBQ-Entertainment-N-Catering-2437913376443540\" \/>\n<meta property=\"article:modified_time\" content=\"2025-09-08T10:17:10+00:00\" \/>\n<meta property=\"og:image\" content=\"https:\/\/bbqentertainment.com\/wp-content\/uploads\/2024\/04\/BBQ-Entertainment-COBB-Kitchen-in-the-Box-Reisi-ja-pikniku-multifunktsionaalse-soegrilli-komplekt-1.webp\" \/>\n\t<meta property=\"og:image:width\" content=\"1080\" \/>\n\t<meta property=\"og:image:height\" content=\"1080\" \/>\n\t<meta property=\"og:image:type\" content=\"image\/webp\" \/>\n<meta name=\"twitter:card\" content=\"summary_large_image\" \/>\n<meta name=\"twitter:label1\" content=\"Est. reading time\" \/>\n\t<meta name=\"twitter:data1\" content=\"1 minute\" \/>\n<script type=\"application\/ld+json\" class=\"yoast-schema-graph\">{\"@context\":\"https:\/\/schema.org\",\"@graph\":[{\"@type\":[\"WebPage\",\"ItemPage\"],\"@id\":\"https:\/\/bbqentertainment.com\/toode\/cobb-kitchen-in-the-box-reisi-ja-pikniku-multifunktsionaalse-soegrilli-komplekt-o-33cm-premier-air\/\",\"url\":\"https:\/\/bbqentertainment.com\/toode\/cobb-kitchen-in-the-box-reisi-ja-pikniku-multifunktsionaalse-soegrilli-komplekt-o-33cm-premier-air\/\",\"name\":\"COBB Kitchen in the Box \/ Reisi- ja pikniku multifunktsionaalse s\u00f6egrilli komplekt \u00d8 33cm (Premier AIR) - BBQ Entertainment\",\"isPartOf\":{\"@id\":\"https:\/\/bbqentertainment.com\/#website\"},\"primaryImageOfPage\":{\"@id\":\"https:\/\/bbqentertainment.com\/toode\/cobb-kitchen-in-the-box-reisi-ja-pikniku-multifunktsionaalse-soegrilli-komplekt-o-33cm-premier-air\/#primaryimage\"},\"image\":{\"@id\":\"https:\/\/bbqentertainment.com\/toode\/cobb-kitchen-in-the-box-reisi-ja-pikniku-multifunktsionaalse-soegrilli-komplekt-o-33cm-premier-air\/#primaryimage\"},\"thumbnailUrl\":\"https:\/\/bbqentertainment.com\/wp-content\/uploads\/2024\/04\/BBQ-Entertainment-COBB-Kitchen-in-the-Box-Reisi-ja-pikniku-multifunktsionaalse-soegrilli-komplekt-1.webp\",\"datePublished\":\"2024-04-29T13:23:03+00:00\",\"dateModified\":\"2025-09-08T10:17:10+00:00\",\"breadcrumb\":{\"@id\":\"https:\/\/bbqentertainment.com\/toode\/cobb-kitchen-in-the-box-reisi-ja-pikniku-multifunktsionaalse-soegrilli-komplekt-o-33cm-premier-air\/#breadcrumb\"},\"inLanguage\":\"en-US\",\"potentialAction\":[{\"@type\":\"ReadAction\",\"target\":[\"https:\/\/bbqentertainment.com\/toode\/cobb-kitchen-in-the-box-reisi-ja-pikniku-multifunktsionaalse-soegrilli-komplekt-o-33cm-premier-air\/\"]}]},{\"@type\":\"ImageObject\",\"inLanguage\":\"en-US\",\"@id\":\"https:\/\/bbqentertainment.com\/toode\/cobb-kitchen-in-the-box-reisi-ja-pikniku-multifunktsionaalse-soegrilli-komplekt-o-33cm-premier-air\/#primaryimage\",\"url\":\"https:\/\/bbqentertainment.com\/wp-content\/uploads\/2024\/04\/BBQ-Entertainment-COBB-Kitchen-in-the-Box-Reisi-ja-pikniku-multifunktsionaalse-soegrilli-komplekt-1.webp\",\"contentUrl\":\"https:\/\/bbqentertainment.com\/wp-content\/uploads\/2024\/04\/BBQ-Entertainment-COBB-Kitchen-in-the-Box-Reisi-ja-pikniku-multifunktsionaalse-soegrilli-komplekt-1.webp\",\"width\":1080,\"height\":1080},{\"@type\":\"BreadcrumbList\",\"@id\":\"https:\/\/bbqentertainment.com\/toode\/cobb-kitchen-in-the-box-reisi-ja-pikniku-multifunktsionaalse-soegrilli-komplekt-o-33cm-premier-air\/#breadcrumb\",\"itemListElement\":[{\"@type\":\"ListItem\",\"position\":1,\"name\":\"AVALEHT\",\"item\":\"https:\/\/bbqentertainment.com\/en\/\"},{\"@type\":\"ListItem\",\"position\":2,\"name\":\"Tooted\",\"item\":\"https:\/\/bbqentertainment.com\/tooted\/\"},{\"@type\":\"ListItem\",\"position\":3,\"name\":\"Grillid ja ahjud\",\"item\":\"https:\/\/bbqentertainment.com\/tootekategooria\/grillid-ja-ahjud\/\"},{\"@type\":\"ListItem\",\"position\":4,\"name\":\"MUUD GRILLID ja AHJUD\",\"item\":\"https:\/\/bbqentertainment.com\/tootekategooria\/grillid-ja-ahjud\/muud-grillid-ja-ahjud\/\"},{\"@type\":\"ListItem\",\"position\":5,\"name\":\"COBB Kitchen in the Box \/ Reisi- ja pikniku multifunktsionaalse s\u00f6egrilli komplekt \u00d8 33cm (Premier AIR)\"}]},{\"@type\":\"WebSite\",\"@id\":\"https:\/\/bbqentertainment.com\/#website\",\"url\":\"https:\/\/bbqentertainment.com\/\",\"name\":\"BBQ Entertainment\",\"description\":\"BBQ is a great lifestyle, not just fun!\",\"publisher\":{\"@id\":\"https:\/\/bbqentertainment.com\/#organization\"},\"potentialAction\":[{\"@type\":\"SearchAction\",\"target\":{\"@type\":\"EntryPoint\",\"urlTemplate\":\"https:\/\/bbqentertainment.com\/?s={search_term_string}\"},\"query-input\":{\"@type\":\"PropertyValueSpecification\",\"valueRequired\":true,\"valueName\":\"search_term_string\"}}],\"inLanguage\":\"en-US\"},{\"@type\":\"Organization\",\"@id\":\"https:\/\/bbqentertainment.com\/#organization\",\"name\":\"BBQ Entertainment O\u00dc\",\"url\":\"https:\/\/bbqentertainment.com\/\",\"logo\":{\"@type\":\"ImageObject\",\"inLanguage\":\"en-US\",\"@id\":\"https:\/\/bbqentertainment.com\/#\/schema\/logo\/image\/\",\"url\":\"https:\/\/bbqentertainment.com\/wp-content\/uploads\/2020\/04\/BBQ-Entertainment-N-Catering-Enn-Tobreluts-Logo.png\",\"contentUrl\":\"https:\/\/bbqentertainment.com\/wp-content\/uploads\/2020\/04\/BBQ-Entertainment-N-Catering-Enn-Tobreluts-Logo.png\",\"width\":628,\"height\":266,\"caption\":\"BBQ Entertainment O\u00dc\"},\"image\":{\"@id\":\"https:\/\/bbqentertainment.com\/#\/schema\/logo\/image\/\"},\"sameAs\":[\"https:\/\/www.facebook.com\/BBQ-Entertainment-N-Catering-2437913376443540\",\"https:\/\/www.instagram.com\/bbqentertainmentncatering\/\",\"https:\/\/www.youtube.com\/channel\/UCmpuANQVhLy2Md8nrenp2jA\"]}]}<\/script>\n<!-- \/ Yoast SEO plugin. -->","yoast_head_json":{"title":"COBB Kitchen in the Box \/ Reisi- ja pikniku multifunktsionaalse s\u00f6egrilli komplekt \u00d8 33cm (Premier AIR) - BBQ Entertainment","robots":{"index":"index","follow":"follow","max-snippet":"max-snippet:-1","max-image-preview":"max-image-preview:large","max-video-preview":"max-video-preview:-1"},"canonical":"https:\/\/bbqentertainment.com\/toode\/cobb-kitchen-in-the-box-reisi-ja-pikniku-multifunktsionaalse-soegrilli-komplekt-o-33cm-premier-air\/","og_locale":"en_US","og_type":"article","og_title":"COBB Kitchen in the Box \/ Reisi- ja pikniku multifunktsionaalse s\u00f6egrilli komplekt \u00d8 33cm (Premier AIR) - BBQ Entertainment","og_description":"COBB Kitchen in the Box \/ Reisi- ja pikniku multifunktsionaalse s\u00f6egrilli komplekt \u00d8 33cm (Premier AIR) See on ideaalne reisigrill, mis v\u00f5imaldab grillida, suitsutada, keeta, hautada ja pannil praadida.  33 cm l\u00e4bim\u00f5\u00f5duga roostevabast terasest grill (mudel COBB Premier AIR) on \u00fclikerge ja vastupidav: ainulaadne konstruktsioon ja kujundus tagavad pika kasutusea. Lisaks on grillil kaas, mille \u00f5huava on reguleeritav, v\u00f5imaldades mugavalt ja lihtsalt soojust juhtida.  Grill koos k\u00f5igi lisadega kaalub vaid 8,2 kg. Kaalu saab v\u00e4hendada 4 kg-ni, v\u00f5ttes piknikule kaasa ainult vajaliku grill-panniplaadi v\u00f5i panni.  Selle kompaktse reisigrilli \u00fcks suurimaid eeliseid on selle ainulaadne, rahvusvaheliselt auhinnatud disain. P\u00f5hi ja k\u00fcljed on jahedad ka k\u00f5rgeimal temperatuuril k\u00fcpsetades. K\u00fcpsetada saab k\u00f5ikjal: allapoole ei kuku tuhka ja grilli jahe p\u00f5hi ei sulata lund ega lauda.  P\u00e4rast v\u00e4ljas\u00f5itu saab grilli kohe koju kaasa v\u00f5tta. K\u00fcpsetamise l\u00f5petamisel piisab s\u00fcte j\u00e4\u00e4kide veega \u00fclevalamisest. Juba minuti p\u00e4rast on grill jahe.  COBB Kitchen in a BOX on m\u00fc\u00fcgil koos k\u00f5ige olulisemate grilli lisadega. Komplekt sisaldab: universaalne grilliplaat, grillrest, k\u00fcpsetusplaat, pann, praen\u00f5u, t\u00f5ster\u00f5ngas\/tangid, kanarest, t\u00f5stesang ja kott.   COBB grilli kasutus- ja hooldusjuhendi saab alla laadida siit.","og_url":"https:\/\/bbqentertainment.com\/toode\/cobb-kitchen-in-the-box-reisi-ja-pikniku-multifunktsionaalse-soegrilli-komplekt-o-33cm-premier-air\/","og_site_name":"BBQ Entertainment","article_publisher":"https:\/\/www.facebook.com\/BBQ-Entertainment-N-Catering-2437913376443540","article_modified_time":"2025-09-08T10:17:10+00:00","og_image":[{"width":1080,"height":1080,"url":"https:\/\/bbqentertainment.com\/wp-content\/uploads\/2024\/04\/BBQ-Entertainment-COBB-Kitchen-in-the-Box-Reisi-ja-pikniku-multifunktsionaalse-soegrilli-komplekt-1.webp","type":"image\/webp"}],"twitter_card":"summary_large_image","twitter_misc":{"Est. reading time":"1 minute"},"schema":{"@context":"https:\/\/schema.org","@graph":[{"@type":["WebPage","ItemPage"],"@id":"https:\/\/bbqentertainment.com\/toode\/cobb-kitchen-in-the-box-reisi-ja-pikniku-multifunktsionaalse-soegrilli-komplekt-o-33cm-premier-air\/","url":"https:\/\/bbqentertainment.com\/toode\/cobb-kitchen-in-the-box-reisi-ja-pikniku-multifunktsionaalse-soegrilli-komplekt-o-33cm-premier-air\/","name":"COBB Kitchen in the Box \/ Reisi- ja pikniku multifunktsionaalse s\u00f6egrilli komplekt \u00d8 33cm (Premier AIR) - BBQ Entertainment","isPartOf":{"@id":"https:\/\/bbqentertainment.com\/#website"},"primaryImageOfPage":{"@id":"https:\/\/bbqentertainment.com\/toode\/cobb-kitchen-in-the-box-reisi-ja-pikniku-multifunktsionaalse-soegrilli-komplekt-o-33cm-premier-air\/#primaryimage"},"image":{"@id":"https:\/\/bbqentertainment.com\/toode\/cobb-kitchen-in-the-box-reisi-ja-pikniku-multifunktsionaalse-soegrilli-komplekt-o-33cm-premier-air\/#primaryimage"},"thumbnailUrl":"https:\/\/bbqentertainment.com\/wp-content\/uploads\/2024\/04\/BBQ-Entertainment-COBB-Kitchen-in-the-Box-Reisi-ja-pikniku-multifunktsionaalse-soegrilli-komplekt-1.webp","datePublished":"2024-04-29T13:23:03+00:00","dateModified":"2025-09-08T10:17:10+00:00","breadcrumb":{"@id":"https:\/\/bbqentertainment.com\/toode\/cobb-kitchen-in-the-box-reisi-ja-pikniku-multifunktsionaalse-soegrilli-komplekt-o-33cm-premier-air\/#breadcrumb"},"inLanguage":"en-US","potentialAction":[{"@type":"ReadAction","target":["https:\/\/bbqentertainment.com\/toode\/cobb-kitchen-in-the-box-reisi-ja-pikniku-multifunktsionaalse-soegrilli-komplekt-o-33cm-premier-air\/"]}]},{"@type":"ImageObject","inLanguage":"en-US","@id":"https:\/\/bbqentertainment.com\/toode\/cobb-kitchen-in-the-box-reisi-ja-pikniku-multifunktsionaalse-soegrilli-komplekt-o-33cm-premier-air\/#primaryimage","url":"https:\/\/bbqentertainment.com\/wp-content\/uploads\/2024\/04\/BBQ-Entertainment-COBB-Kitchen-in-the-Box-Reisi-ja-pikniku-multifunktsionaalse-soegrilli-komplekt-1.webp","contentUrl":"https:\/\/bbqentertainment.com\/wp-content\/uploads\/2024\/04\/BBQ-Entertainment-COBB-Kitchen-in-the-Box-Reisi-ja-pikniku-multifunktsionaalse-soegrilli-komplekt-1.webp","width":1080,"height":1080},{"@type":"BreadcrumbList","@id":"https:\/\/bbqentertainment.com\/toode\/cobb-kitchen-in-the-box-reisi-ja-pikniku-multifunktsionaalse-soegrilli-komplekt-o-33cm-premier-air\/#breadcrumb","itemListElement":[{"@type":"ListItem","position":1,"name":"AVALEHT","item":"https:\/\/bbqentertainment.com\/en\/"},{"@type":"ListItem","position":2,"name":"Tooted","item":"https:\/\/bbqentertainment.com\/tooted\/"},{"@type":"ListItem","position":3,"name":"Grillid ja ahjud","item":"https:\/\/bbqentertainment.com\/tootekategooria\/grillid-ja-ahjud\/"},{"@type":"ListItem","position":4,"name":"MUUD GRILLID ja AHJUD","item":"https:\/\/bbqentertainment.com\/tootekategooria\/grillid-ja-ahjud\/muud-grillid-ja-ahjud\/"},{"@type":"ListItem","position":5,"name":"COBB Kitchen in the Box \/ Reisi- ja pikniku multifunktsionaalse s\u00f6egrilli komplekt \u00d8 33cm (Premier AIR)"}]},{"@type":"WebSite","@id":"https:\/\/bbqentertainment.com\/#website","url":"https:\/\/bbqentertainment.com\/","name":"BBQ Entertainment","description":"BBQ is a great lifestyle, not just fun!","publisher":{"@id":"https:\/\/bbqentertainment.com\/#organization"},"potentialAction":[{"@type":"SearchAction","target":{"@type":"EntryPoint","urlTemplate":"https:\/\/bbqentertainment.com\/?s={search_term_string}"},"query-input":{"@type":"PropertyValueSpecification","valueRequired":true,"valueName":"search_term_string"}}],"inLanguage":"en-US"},{"@type":"Organization","@id":"https:\/\/bbqentertainment.com\/#organization","name":"BBQ Entertainment O\u00dc","url":"https:\/\/bbqentertainment.com\/","logo":{"@type":"ImageObject","inLanguage":"en-US","@id":"https:\/\/bbqentertainment.com\/#\/schema\/logo\/image\/","url":"https:\/\/bbqentertainment.com\/wp-content\/uploads\/2020\/04\/BBQ-Entertainment-N-Catering-Enn-Tobreluts-Logo.png","contentUrl":"https:\/\/bbqentertainment.com\/wp-content\/uploads\/2020\/04\/BBQ-Entertainment-N-Catering-Enn-Tobreluts-Logo.png","width":628,"height":266,"caption":"BBQ Entertainment O\u00dc"},"image":{"@id":"https:\/\/bbqentertainment.com\/#\/schema\/logo\/image\/"},"sameAs":["https:\/\/www.facebook.com\/BBQ-Entertainment-N-Catering-2437913376443540","https:\/\/www.instagram.com\/bbqentertainmentncatering\/","https:\/\/www.youtube.com\/channel\/UCmpuANQVhLy2Md8nrenp2jA"]}]}},"_links":{"self":[{"href":"https:\/\/bbqentertainment.com\/en\/wp-json\/wp\/v2\/product\/247158","targetHints":{"allow":["GET"]}}],"collection":[{"href":"https:\/\/bbqentertainment.com\/en\/wp-json\/wp\/v2\/product"}],"about":[{"href":"https:\/\/bbqentertainment.com\/en\/wp-json\/wp\/v2\/types\/product"}],"wp:featuredmedia":[{"embeddable":true,"href":"https:\/\/bbqentertainment.com\/en\/wp-json\/wp\/v2\/media\/247159"}],"wp:attachment":[{"href":"https:\/\/bbqentertainment.com\/en\/wp-json\/wp\/v2\/media?parent=247158"}],"wp:term":[{"taxonomy":"product_brand","embeddable":true,"href":"https:\/\/bbqentertainment.com\/en\/wp-json\/wp\/v2\/product_brand?post=247158"},{"taxonomy":"product_cat","embeddable":true,"href":"https:\/\/bbqentertainment.com\/en\/wp-json\/wp\/v2\/product_cat?post=247158"},{"taxonomy":"product_tag","embeddable":true,"href":"https:\/\/bbqentertainment.com\/en\/wp-json\/wp\/v2\/product_tag?post=247158"}],"curies":[{"name":"wp","href":"https:\/\/api.w.org\/{rel}","templated":true}]}}