{"id":247203,"date":"2024-04-29T22:14:05","date_gmt":"2024-04-29T19:14:05","guid":{"rendered":"https:\/\/bbqentertainment.com\/?post_type=product&#038;p=247203"},"modified":"2026-03-10T00:16:26","modified_gmt":"2026-03-09T22:16:26","slug":"cobb-pro-heritage-roheline-reisi-ja-pikniku-multifunktsionaalse-soegrilli-komplekt-o-33cm","status":"publish","type":"product","link":"https:\/\/bbqentertainment.com\/en\/toode\/cobb-pro-heritage-roheline-reisi-ja-pikniku-multifunktsionaalse-soegrilli-komplekt-o-33cm\/","title":{"rendered":"COBB Pro Heritage (roheline) \/ Reisi- ja pikniku multifunktsionaalse s\u00f6egrilli komplekt \u00d8 33cm"},"content":{"rendered":"<p><iframe loading=\"lazy\" title=\"The COBB Heritage\" width=\"1020\" height=\"574\" src=\"https:\/\/www.youtube.com\/embed\/s6e70uByt00?feature=oembed\" frameborder=\"0\" allow=\"accelerometer; autoplay; clipboard-write; encrypted-media; gyroscope; picture-in-picture; web-share\" referrerpolicy=\"strict-origin-when-cross-origin\" allowfullscreen><\/iframe><\/p>\n<p>&nbsp;<\/p>\n","protected":false},"excerpt":{"rendered":"<h3><strong>COBB Pro Heritage (roheline) \/ Reisi- ja pikniku multifunktsionaalse s\u00f6egrilli komplekt \u00d8 33cm<\/strong><\/h3>\n<div class=\"x11i5rnm xat24cr x1mh8g0r x1vvkbs xtlvy1s x126k92a\">\n<div dir=\"auto\">\n<div><span style=\"color: #ed1c24;\"><strong>ERIPAKKUMINE: tasuta kaasa 1 pakk: <a style=\"color: #ed1c24;\" href=\"https:\/\/bbqentertainment.com\/toode\/cobb-cobble-stone-ummargused-aukudega-grillsoebrigetid-27-kg\/\" target=\"_blank\" rel=\"noopener\">COBB Cobble Stone \u00fcmmargused aukudega grills\u00f6ebrigetid 2,7 kg<\/a><\/strong><\/span><\/div>\n<div><\/div>\n<\/div>\n<div dir=\"auto\">COBB grillid on inspireeritud nende grillide s\u00fcnnikohast, L\u00f5una-Aafrika Vabariigi ilust ja autentsusest.<\/div>\n<\/div>\n<p>Grilli v\u00f5i suitsuta kala, juurvilju, kana, krevette, pitsat ja muid maitsvaid grillroogasid autoga reisides, kalal, jahil v\u00f5i paadis, mere v\u00f5i j\u00e4rve \u00e4\u00e4res \u2013 igal pool ja igal ajal!<\/p>\n<p><strong>COBB Pro Heritage grillikomplekt sisaldab: universaalset grillplaati ja t\u00f5stetange.\u00a0<\/strong><\/p>\n<h4>KASUTAMINE:<\/h4>\n<p><strong>S\u00fc\u00fctamine:<\/strong> sisemise anuma p\u00f5hja, keskosasse, aseta s\u00fc\u00fctepulgad s\u00fc\u00fctamiseks. Nende peale, eemaldatud restile, asetada v\u00e4ikeset\u00fckiline grills\u00fcsi, grills\u00f6ebriketid v\u00f5i COBB Cobble Stone \u00fcmmargused aukudega grills\u00f6ebrigetid. Kui s\u00fcsi on p\u00f5lema l\u00e4inud (s\u00f6e pealispinnale tekib \u00f5rn valge tuhakiht ega erita enam suitsu), v\u00f5ib asetada peale grillresti ja katta kaanega. Soovitame j\u00e4tta k\u00fcpsetuspind soojenema ja alles siis lisada liha, kala v\u00f5i k\u00f6\u00f6giviljad. Brikettidega k\u00fcpsetades saate alustada \u00b115 min, Cobblestone&#8217;iga ja grills\u00f6ega \u00b15 min.<\/p>\n<p><strong>K\u00fcpsetamine:<\/strong> v\u00f5ib k\u00fcpsetada otse kuumuse kohal k\u00f5rgel kuumusel v\u00f5i siis nn tasa-targu madalal kuumusel. Kui soovite madalal kuumusel k\u00fcpsetada v\u00f5ite sisemuse anuma servadele valada vett\/\u00f5lut\/veini koos maitsetaimedega jne lisaniiskuse tekitamiseks. Nii valmivad road saavad peene maitse, j\u00e4\u00e4vad mahlakad ja pehmed. Sisemuse anuma servades saab ka fooliumis kartuleid k\u00fcpsetada.<\/p>\n<p><strong>Suitsutamine:<\/strong> puidulaaste v\u00f5i -t\u00fckke v\u00f5ib puistata otse grills\u00fcte peale. V\u00f5ib ka laastud fooliumisse keerata ja augud sisse torgata ja siis see asetada s\u00f6e peale.<\/p>\n<p><strong>Puhastamine:<\/strong> COBB Pro s\u00f6egrilli on lihtne hooldada: grillimisel vabanev rasv voolab spetsiaalsesse sisemise anuma servas olevasse soonde. Kui sisemine anum on kaetud fooliumiga, ei p\u00e4\u00e4se rasv anuma peale. P\u00e4rast grillimist on vaja ainult foolium eemaldada ja uuega asendada (need on eraldi meil ka m\u00fc\u00fcgis). Grilli, v\u00e4lja arvatud Gridle+ pinda, saab pesta n\u00f5udepesumasinas. V\u00f5ite kasutada ka kvaliteetseid puhastusvahendeid, mis on m\u00f5eldud roostevabale terasele.<\/p>\n<h4>GARANTII &#8211; \u00f5igesti kasutatavatel COBB grillidel on 2-aastane garantii.<\/h4>\n","protected":false},"featured_media":247204,"template":"","meta":{"inline_featured_image":false},"product_brand":[],"product_cat":[17,587],"product_tag":[],"class_list":{"0":"post-247203","1":"product","2":"type-product","3":"status-publish","4":"has-post-thumbnail","6":"product_cat-grillid-ja-ahjud","7":"product_cat-cobb-grillid","9":"first","10":"instock","11":"sale","12":"taxable","13":"shipping-taxable","14":"purchasable","15":"product-type-simple"},"yoast_head":"<!-- This site is optimized with the Yoast SEO plugin v27.2 - https:\/\/yoast.com\/product\/yoast-seo-wordpress\/ -->\n<title>COBB Pro Heritage (roheline) \/ Reisi- ja pikniku multifunktsionaalse s\u00f6egrilli komplekt \u00d8 33cm - BBQ Entertainment<\/title>\n<meta name=\"robots\" content=\"index, follow, max-snippet:-1, max-image-preview:large, max-video-preview:-1\" \/>\n<link rel=\"canonical\" href=\"https:\/\/bbqentertainment.com\/toode\/cobb-pro-heritage-roheline-reisi-ja-pikniku-multifunktsionaalse-soegrilli-komplekt-o-33cm\/\" \/>\n<meta property=\"og:locale\" content=\"en_US\" \/>\n<meta property=\"og:type\" content=\"article\" \/>\n<meta property=\"og:title\" content=\"COBB Pro Heritage (roheline) \/ Reisi- ja pikniku multifunktsionaalse s\u00f6egrilli komplekt \u00d8 33cm - BBQ Entertainment\" \/>\n<meta property=\"og:description\" content=\"COBB Pro Heritage (roheline) \/ Reisi- ja pikniku multifunktsionaalse s\u00f6egrilli komplekt \u00d8 33cm   ERIPAKKUMINE: tasuta kaasa 1 pakk: COBB Cobble Stone \u00fcmmargused aukudega grills\u00f6ebrigetid 2,7 kg   COBB grillid on inspireeritud nende grillide s\u00fcnnikohast, L\u00f5una-Aafrika Vabariigi ilust ja autentsusest.  Grilli v\u00f5i suitsuta kala, juurvilju, kana, krevette, pitsat ja muid maitsvaid grillroogasid autoga reisides, kalal, jahil v\u00f5i paadis, mere v\u00f5i j\u00e4rve \u00e4\u00e4res \u2013 igal pool ja igal ajal!  COBB Pro Heritage grillikomplekt sisaldab: universaalset grillplaati ja t\u00f5stetange.\u00a0 KASUTAMINE: S\u00fc\u00fctamine: sisemise anuma p\u00f5hja, keskosasse, aseta s\u00fc\u00fctepulgad s\u00fc\u00fctamiseks. Nende peale, eemaldatud restile, asetada v\u00e4ikeset\u00fckiline grills\u00fcsi, grills\u00f6ebriketid v\u00f5i COBB Cobble Stone \u00fcmmargused aukudega grills\u00f6ebrigetid. Kui s\u00fcsi on p\u00f5lema l\u00e4inud (s\u00f6e pealispinnale tekib \u00f5rn valge tuhakiht ega erita enam suitsu), v\u00f5ib asetada peale grillresti ja katta kaanega. Soovitame j\u00e4tta k\u00fcpsetuspind soojenema ja alles siis lisada liha, kala v\u00f5i k\u00f6\u00f6giviljad. Brikettidega k\u00fcpsetades saate alustada \u00b115 min, Cobblestone&#039;iga ja grills\u00f6ega \u00b15 min.  K\u00fcpsetamine: v\u00f5ib k\u00fcpsetada otse kuumuse kohal k\u00f5rgel kuumusel v\u00f5i siis nn tasa-targu madalal kuumusel. Kui soovite madalal kuumusel k\u00fcpsetada v\u00f5ite sisemuse anuma servadele valada vett\/\u00f5lut\/veini koos maitsetaimedega jne lisaniiskuse tekitamiseks. Nii valmivad road saavad peene maitse, j\u00e4\u00e4vad mahlakad ja pehmed. Sisemuse anuma servades saab ka fooliumis kartuleid k\u00fcpsetada.  Suitsutamine: puidulaaste v\u00f5i -t\u00fckke v\u00f5ib puistata otse grills\u00fcte peale. V\u00f5ib ka laastud fooliumisse keerata ja augud sisse torgata ja siis see asetada s\u00f6e peale.  Puhastamine: COBB Pro s\u00f6egrilli on lihtne hooldada: grillimisel vabanev rasv voolab spetsiaalsesse sisemise anuma servas olevasse soonde. Kui sisemine anum on kaetud fooliumiga, ei p\u00e4\u00e4se rasv anuma peale. P\u00e4rast grillimist on vaja ainult foolium eemaldada ja uuega asendada (need on eraldi meil ka m\u00fc\u00fcgis). Grilli, v\u00e4lja arvatud Gridle+ pinda, saab pesta n\u00f5udepesumasinas. V\u00f5ite kasutada ka kvaliteetseid puhastusvahendeid, mis on m\u00f5eldud roostevabale terasele. GARANTII - \u00f5igesti kasutatavatel COBB grillidel on 2-aastane garantii.\" \/>\n<meta property=\"og:url\" content=\"https:\/\/bbqentertainment.com\/toode\/cobb-pro-heritage-roheline-reisi-ja-pikniku-multifunktsionaalse-soegrilli-komplekt-o-33cm\/\" \/>\n<meta property=\"og:site_name\" content=\"BBQ Entertainment\" \/>\n<meta property=\"article:publisher\" content=\"https:\/\/www.facebook.com\/BBQ-Entertainment-N-Catering-2437913376443540\" \/>\n<meta property=\"article:modified_time\" content=\"2026-03-09T22:16:26+00:00\" \/>\n<meta property=\"og:image\" content=\"https:\/\/bbqentertainment.com\/wp-content\/uploads\/2024\/04\/BBQ-Entertainment-COBB-Pro-Heritage-roheline-Reisi-ja-pikniku-multifunktsionaalse-soegrilli-komplekt-33cm-6-scaled.webp\" \/>\n\t<meta property=\"og:image:width\" content=\"2560\" \/>\n\t<meta property=\"og:image:height\" content=\"2548\" \/>\n\t<meta property=\"og:image:type\" content=\"image\/webp\" \/>\n<meta name=\"twitter:card\" content=\"summary_large_image\" \/>\n<meta name=\"twitter:label1\" content=\"Est. reading time\" \/>\n\t<meta name=\"twitter:data1\" content=\"1 minute\" \/>\n<script type=\"application\/ld+json\" class=\"yoast-schema-graph\">{\"@context\":\"https:\/\/schema.org\",\"@graph\":[{\"@type\":[\"WebPage\",\"ItemPage\"],\"@id\":\"https:\/\/bbqentertainment.com\/toode\/cobb-pro-heritage-roheline-reisi-ja-pikniku-multifunktsionaalse-soegrilli-komplekt-o-33cm\/\",\"url\":\"https:\/\/bbqentertainment.com\/toode\/cobb-pro-heritage-roheline-reisi-ja-pikniku-multifunktsionaalse-soegrilli-komplekt-o-33cm\/\",\"name\":\"COBB Pro Heritage (roheline) \/ Reisi- ja pikniku multifunktsionaalse s\u00f6egrilli komplekt \u00d8 33cm - BBQ Entertainment\",\"isPartOf\":{\"@id\":\"https:\/\/bbqentertainment.com\/#website\"},\"primaryImageOfPage\":{\"@id\":\"https:\/\/bbqentertainment.com\/toode\/cobb-pro-heritage-roheline-reisi-ja-pikniku-multifunktsionaalse-soegrilli-komplekt-o-33cm\/#primaryimage\"},\"image\":{\"@id\":\"https:\/\/bbqentertainment.com\/toode\/cobb-pro-heritage-roheline-reisi-ja-pikniku-multifunktsionaalse-soegrilli-komplekt-o-33cm\/#primaryimage\"},\"thumbnailUrl\":\"https:\/\/bbqentertainment.com\/wp-content\/uploads\/2024\/04\/BBQ-Entertainment-COBB-Pro-Heritage-roheline-Reisi-ja-pikniku-multifunktsionaalse-soegrilli-komplekt-33cm-6-scaled.webp\",\"datePublished\":\"2024-04-29T19:14:05+00:00\",\"dateModified\":\"2026-03-09T22:16:26+00:00\",\"breadcrumb\":{\"@id\":\"https:\/\/bbqentertainment.com\/toode\/cobb-pro-heritage-roheline-reisi-ja-pikniku-multifunktsionaalse-soegrilli-komplekt-o-33cm\/#breadcrumb\"},\"inLanguage\":\"en-US\",\"potentialAction\":[{\"@type\":\"ReadAction\",\"target\":[\"https:\/\/bbqentertainment.com\/toode\/cobb-pro-heritage-roheline-reisi-ja-pikniku-multifunktsionaalse-soegrilli-komplekt-o-33cm\/\"]}]},{\"@type\":\"ImageObject\",\"inLanguage\":\"en-US\",\"@id\":\"https:\/\/bbqentertainment.com\/toode\/cobb-pro-heritage-roheline-reisi-ja-pikniku-multifunktsionaalse-soegrilli-komplekt-o-33cm\/#primaryimage\",\"url\":\"https:\/\/bbqentertainment.com\/wp-content\/uploads\/2024\/04\/BBQ-Entertainment-COBB-Pro-Heritage-roheline-Reisi-ja-pikniku-multifunktsionaalse-soegrilli-komplekt-33cm-6-scaled.webp\",\"contentUrl\":\"https:\/\/bbqentertainment.com\/wp-content\/uploads\/2024\/04\/BBQ-Entertainment-COBB-Pro-Heritage-roheline-Reisi-ja-pikniku-multifunktsionaalse-soegrilli-komplekt-33cm-6-scaled.webp\",\"width\":2560,\"height\":2548},{\"@type\":\"BreadcrumbList\",\"@id\":\"https:\/\/bbqentertainment.com\/toode\/cobb-pro-heritage-roheline-reisi-ja-pikniku-multifunktsionaalse-soegrilli-komplekt-o-33cm\/#breadcrumb\",\"itemListElement\":[{\"@type\":\"ListItem\",\"position\":1,\"name\":\"AVALEHT\",\"item\":\"https:\/\/bbqentertainment.com\/en\/\"},{\"@type\":\"ListItem\",\"position\":2,\"name\":\"Tooted\",\"item\":\"https:\/\/bbqentertainment.com\/tooted\/\"},{\"@type\":\"ListItem\",\"position\":3,\"name\":\"Grillid ja ahjud\",\"item\":\"https:\/\/bbqentertainment.com\/tootekategooria\/grillid-ja-ahjud\/\"},{\"@type\":\"ListItem\",\"position\":4,\"name\":\"COBB grillid\",\"item\":\"https:\/\/bbqentertainment.com\/tootekategooria\/grillid-ja-ahjud\/cobb-grillid\/\"},{\"@type\":\"ListItem\",\"position\":5,\"name\":\"COBB Pro Heritage (roheline) \/ Reisi- ja pikniku multifunktsionaalse s\u00f6egrilli komplekt \u00d8 33cm\"}]},{\"@type\":\"WebSite\",\"@id\":\"https:\/\/bbqentertainment.com\/#website\",\"url\":\"https:\/\/bbqentertainment.com\/\",\"name\":\"BBQ Entertainment\",\"description\":\"BBQ is a great lifestyle, not just fun!\",\"publisher\":{\"@id\":\"https:\/\/bbqentertainment.com\/#organization\"},\"potentialAction\":[{\"@type\":\"SearchAction\",\"target\":{\"@type\":\"EntryPoint\",\"urlTemplate\":\"https:\/\/bbqentertainment.com\/?s={search_term_string}\"},\"query-input\":{\"@type\":\"PropertyValueSpecification\",\"valueRequired\":true,\"valueName\":\"search_term_string\"}}],\"inLanguage\":\"en-US\"},{\"@type\":\"Organization\",\"@id\":\"https:\/\/bbqentertainment.com\/#organization\",\"name\":\"BBQ Entertainment O\u00dc\",\"url\":\"https:\/\/bbqentertainment.com\/\",\"logo\":{\"@type\":\"ImageObject\",\"inLanguage\":\"en-US\",\"@id\":\"https:\/\/bbqentertainment.com\/#\/schema\/logo\/image\/\",\"url\":\"https:\/\/bbqentertainment.com\/wp-content\/uploads\/2020\/04\/BBQ-Entertainment-N-Catering-Enn-Tobreluts-Logo.png\",\"contentUrl\":\"https:\/\/bbqentertainment.com\/wp-content\/uploads\/2020\/04\/BBQ-Entertainment-N-Catering-Enn-Tobreluts-Logo.png\",\"width\":628,\"height\":266,\"caption\":\"BBQ Entertainment O\u00dc\"},\"image\":{\"@id\":\"https:\/\/bbqentertainment.com\/#\/schema\/logo\/image\/\"},\"sameAs\":[\"https:\/\/www.facebook.com\/BBQ-Entertainment-N-Catering-2437913376443540\",\"https:\/\/www.instagram.com\/bbqentertainmentncatering\/\",\"https:\/\/www.youtube.com\/channel\/UCmpuANQVhLy2Md8nrenp2jA\"]}]}<\/script>\n<!-- \/ Yoast SEO plugin. -->","yoast_head_json":{"title":"COBB Pro Heritage (roheline) \/ Reisi- ja pikniku multifunktsionaalse s\u00f6egrilli komplekt \u00d8 33cm - BBQ Entertainment","robots":{"index":"index","follow":"follow","max-snippet":"max-snippet:-1","max-image-preview":"max-image-preview:large","max-video-preview":"max-video-preview:-1"},"canonical":"https:\/\/bbqentertainment.com\/toode\/cobb-pro-heritage-roheline-reisi-ja-pikniku-multifunktsionaalse-soegrilli-komplekt-o-33cm\/","og_locale":"en_US","og_type":"article","og_title":"COBB Pro Heritage (roheline) \/ Reisi- ja pikniku multifunktsionaalse s\u00f6egrilli komplekt \u00d8 33cm - BBQ Entertainment","og_description":"COBB Pro Heritage (roheline) \/ Reisi- ja pikniku multifunktsionaalse s\u00f6egrilli komplekt \u00d8 33cm   ERIPAKKUMINE: tasuta kaasa 1 pakk: COBB Cobble Stone \u00fcmmargused aukudega grills\u00f6ebrigetid 2,7 kg   COBB grillid on inspireeritud nende grillide s\u00fcnnikohast, L\u00f5una-Aafrika Vabariigi ilust ja autentsusest.  Grilli v\u00f5i suitsuta kala, juurvilju, kana, krevette, pitsat ja muid maitsvaid grillroogasid autoga reisides, kalal, jahil v\u00f5i paadis, mere v\u00f5i j\u00e4rve \u00e4\u00e4res \u2013 igal pool ja igal ajal!  COBB Pro Heritage grillikomplekt sisaldab: universaalset grillplaati ja t\u00f5stetange.\u00a0 KASUTAMINE: S\u00fc\u00fctamine: sisemise anuma p\u00f5hja, keskosasse, aseta s\u00fc\u00fctepulgad s\u00fc\u00fctamiseks. Nende peale, eemaldatud restile, asetada v\u00e4ikeset\u00fckiline grills\u00fcsi, grills\u00f6ebriketid v\u00f5i COBB Cobble Stone \u00fcmmargused aukudega grills\u00f6ebrigetid. Kui s\u00fcsi on p\u00f5lema l\u00e4inud (s\u00f6e pealispinnale tekib \u00f5rn valge tuhakiht ega erita enam suitsu), v\u00f5ib asetada peale grillresti ja katta kaanega. Soovitame j\u00e4tta k\u00fcpsetuspind soojenema ja alles siis lisada liha, kala v\u00f5i k\u00f6\u00f6giviljad. Brikettidega k\u00fcpsetades saate alustada \u00b115 min, Cobblestone'iga ja grills\u00f6ega \u00b15 min.  K\u00fcpsetamine: v\u00f5ib k\u00fcpsetada otse kuumuse kohal k\u00f5rgel kuumusel v\u00f5i siis nn tasa-targu madalal kuumusel. Kui soovite madalal kuumusel k\u00fcpsetada v\u00f5ite sisemuse anuma servadele valada vett\/\u00f5lut\/veini koos maitsetaimedega jne lisaniiskuse tekitamiseks. Nii valmivad road saavad peene maitse, j\u00e4\u00e4vad mahlakad ja pehmed. Sisemuse anuma servades saab ka fooliumis kartuleid k\u00fcpsetada.  Suitsutamine: puidulaaste v\u00f5i -t\u00fckke v\u00f5ib puistata otse grills\u00fcte peale. V\u00f5ib ka laastud fooliumisse keerata ja augud sisse torgata ja siis see asetada s\u00f6e peale.  Puhastamine: COBB Pro s\u00f6egrilli on lihtne hooldada: grillimisel vabanev rasv voolab spetsiaalsesse sisemise anuma servas olevasse soonde. Kui sisemine anum on kaetud fooliumiga, ei p\u00e4\u00e4se rasv anuma peale. P\u00e4rast grillimist on vaja ainult foolium eemaldada ja uuega asendada (need on eraldi meil ka m\u00fc\u00fcgis). Grilli, v\u00e4lja arvatud Gridle+ pinda, saab pesta n\u00f5udepesumasinas. V\u00f5ite kasutada ka kvaliteetseid puhastusvahendeid, mis on m\u00f5eldud roostevabale terasele. GARANTII - \u00f5igesti kasutatavatel COBB grillidel on 2-aastane garantii.","og_url":"https:\/\/bbqentertainment.com\/toode\/cobb-pro-heritage-roheline-reisi-ja-pikniku-multifunktsionaalse-soegrilli-komplekt-o-33cm\/","og_site_name":"BBQ Entertainment","article_publisher":"https:\/\/www.facebook.com\/BBQ-Entertainment-N-Catering-2437913376443540","article_modified_time":"2026-03-09T22:16:26+00:00","og_image":[{"width":2560,"height":2548,"url":"https:\/\/bbqentertainment.com\/wp-content\/uploads\/2024\/04\/BBQ-Entertainment-COBB-Pro-Heritage-roheline-Reisi-ja-pikniku-multifunktsionaalse-soegrilli-komplekt-33cm-6-scaled.webp","type":"image\/webp"}],"twitter_card":"summary_large_image","twitter_misc":{"Est. reading time":"1 minute"},"schema":{"@context":"https:\/\/schema.org","@graph":[{"@type":["WebPage","ItemPage"],"@id":"https:\/\/bbqentertainment.com\/toode\/cobb-pro-heritage-roheline-reisi-ja-pikniku-multifunktsionaalse-soegrilli-komplekt-o-33cm\/","url":"https:\/\/bbqentertainment.com\/toode\/cobb-pro-heritage-roheline-reisi-ja-pikniku-multifunktsionaalse-soegrilli-komplekt-o-33cm\/","name":"COBB Pro Heritage (roheline) \/ Reisi- ja pikniku multifunktsionaalse s\u00f6egrilli komplekt \u00d8 33cm - BBQ Entertainment","isPartOf":{"@id":"https:\/\/bbqentertainment.com\/#website"},"primaryImageOfPage":{"@id":"https:\/\/bbqentertainment.com\/toode\/cobb-pro-heritage-roheline-reisi-ja-pikniku-multifunktsionaalse-soegrilli-komplekt-o-33cm\/#primaryimage"},"image":{"@id":"https:\/\/bbqentertainment.com\/toode\/cobb-pro-heritage-roheline-reisi-ja-pikniku-multifunktsionaalse-soegrilli-komplekt-o-33cm\/#primaryimage"},"thumbnailUrl":"https:\/\/bbqentertainment.com\/wp-content\/uploads\/2024\/04\/BBQ-Entertainment-COBB-Pro-Heritage-roheline-Reisi-ja-pikniku-multifunktsionaalse-soegrilli-komplekt-33cm-6-scaled.webp","datePublished":"2024-04-29T19:14:05+00:00","dateModified":"2026-03-09T22:16:26+00:00","breadcrumb":{"@id":"https:\/\/bbqentertainment.com\/toode\/cobb-pro-heritage-roheline-reisi-ja-pikniku-multifunktsionaalse-soegrilli-komplekt-o-33cm\/#breadcrumb"},"inLanguage":"en-US","potentialAction":[{"@type":"ReadAction","target":["https:\/\/bbqentertainment.com\/toode\/cobb-pro-heritage-roheline-reisi-ja-pikniku-multifunktsionaalse-soegrilli-komplekt-o-33cm\/"]}]},{"@type":"ImageObject","inLanguage":"en-US","@id":"https:\/\/bbqentertainment.com\/toode\/cobb-pro-heritage-roheline-reisi-ja-pikniku-multifunktsionaalse-soegrilli-komplekt-o-33cm\/#primaryimage","url":"https:\/\/bbqentertainment.com\/wp-content\/uploads\/2024\/04\/BBQ-Entertainment-COBB-Pro-Heritage-roheline-Reisi-ja-pikniku-multifunktsionaalse-soegrilli-komplekt-33cm-6-scaled.webp","contentUrl":"https:\/\/bbqentertainment.com\/wp-content\/uploads\/2024\/04\/BBQ-Entertainment-COBB-Pro-Heritage-roheline-Reisi-ja-pikniku-multifunktsionaalse-soegrilli-komplekt-33cm-6-scaled.webp","width":2560,"height":2548},{"@type":"BreadcrumbList","@id":"https:\/\/bbqentertainment.com\/toode\/cobb-pro-heritage-roheline-reisi-ja-pikniku-multifunktsionaalse-soegrilli-komplekt-o-33cm\/#breadcrumb","itemListElement":[{"@type":"ListItem","position":1,"name":"AVALEHT","item":"https:\/\/bbqentertainment.com\/en\/"},{"@type":"ListItem","position":2,"name":"Tooted","item":"https:\/\/bbqentertainment.com\/tooted\/"},{"@type":"ListItem","position":3,"name":"Grillid ja ahjud","item":"https:\/\/bbqentertainment.com\/tootekategooria\/grillid-ja-ahjud\/"},{"@type":"ListItem","position":4,"name":"COBB grillid","item":"https:\/\/bbqentertainment.com\/tootekategooria\/grillid-ja-ahjud\/cobb-grillid\/"},{"@type":"ListItem","position":5,"name":"COBB Pro Heritage (roheline) \/ Reisi- ja pikniku multifunktsionaalse s\u00f6egrilli komplekt \u00d8 33cm"}]},{"@type":"WebSite","@id":"https:\/\/bbqentertainment.com\/#website","url":"https:\/\/bbqentertainment.com\/","name":"BBQ Entertainment","description":"BBQ is a great lifestyle, not just fun!","publisher":{"@id":"https:\/\/bbqentertainment.com\/#organization"},"potentialAction":[{"@type":"SearchAction","target":{"@type":"EntryPoint","urlTemplate":"https:\/\/bbqentertainment.com\/?s={search_term_string}"},"query-input":{"@type":"PropertyValueSpecification","valueRequired":true,"valueName":"search_term_string"}}],"inLanguage":"en-US"},{"@type":"Organization","@id":"https:\/\/bbqentertainment.com\/#organization","name":"BBQ Entertainment O\u00dc","url":"https:\/\/bbqentertainment.com\/","logo":{"@type":"ImageObject","inLanguage":"en-US","@id":"https:\/\/bbqentertainment.com\/#\/schema\/logo\/image\/","url":"https:\/\/bbqentertainment.com\/wp-content\/uploads\/2020\/04\/BBQ-Entertainment-N-Catering-Enn-Tobreluts-Logo.png","contentUrl":"https:\/\/bbqentertainment.com\/wp-content\/uploads\/2020\/04\/BBQ-Entertainment-N-Catering-Enn-Tobreluts-Logo.png","width":628,"height":266,"caption":"BBQ Entertainment O\u00dc"},"image":{"@id":"https:\/\/bbqentertainment.com\/#\/schema\/logo\/image\/"},"sameAs":["https:\/\/www.facebook.com\/BBQ-Entertainment-N-Catering-2437913376443540","https:\/\/www.instagram.com\/bbqentertainmentncatering\/","https:\/\/www.youtube.com\/channel\/UCmpuANQVhLy2Md8nrenp2jA"]}]}},"_links":{"self":[{"href":"https:\/\/bbqentertainment.com\/en\/wp-json\/wp\/v2\/product\/247203","targetHints":{"allow":["GET"]}}],"collection":[{"href":"https:\/\/bbqentertainment.com\/en\/wp-json\/wp\/v2\/product"}],"about":[{"href":"https:\/\/bbqentertainment.com\/en\/wp-json\/wp\/v2\/types\/product"}],"wp:featuredmedia":[{"embeddable":true,"href":"https:\/\/bbqentertainment.com\/en\/wp-json\/wp\/v2\/media\/247204"}],"wp:attachment":[{"href":"https:\/\/bbqentertainment.com\/en\/wp-json\/wp\/v2\/media?parent=247203"}],"wp:term":[{"taxonomy":"product_brand","embeddable":true,"href":"https:\/\/bbqentertainment.com\/en\/wp-json\/wp\/v2\/product_brand?post=247203"},{"taxonomy":"product_cat","embeddable":true,"href":"https:\/\/bbqentertainment.com\/en\/wp-json\/wp\/v2\/product_cat?post=247203"},{"taxonomy":"product_tag","embeddable":true,"href":"https:\/\/bbqentertainment.com\/en\/wp-json\/wp\/v2\/product_tag?post=247203"}],"curies":[{"name":"wp","href":"https:\/\/api.w.org\/{rel}","templated":true}]}}