{"id":247224,"date":"2024-04-30T19:08:37","date_gmt":"2024-04-30T16:08:37","guid":{"rendered":"https:\/\/bbqentertainment.com\/?post_type=product&#038;p=247224"},"modified":"2025-07-25T13:45:53","modified_gmt":"2025-07-25T10:45:53","slug":"cobb-cobble-stone-ummargused-aukudega-grillsoebrigetid-27-kg","status":"publish","type":"product","link":"https:\/\/bbqentertainment.com\/en\/toode\/cobb-cobble-stone-ummargused-aukudega-grillsoebrigetid-27-kg\/","title":{"rendered":"COBB Cobble Stone \u00fcmmargused aukudega grills\u00f6ebrigetid 2,7 kg"},"content":{"rendered":"","protected":false},"excerpt":{"rendered":"<h3><strong>COBB Cobble Stone \u00fcmmargused aukudega grills\u00f6ebrigetid 2,7 kg<\/strong><\/h3>\n<p>Kookosp\u00e4hkli kestadest valmistatud COBB Cobblestone grills\u00f6ebrigetid s\u00fcttivad nii kiiresti, et k\u00fcpsetama saab hakata juba umbes kaheksa minuti p\u00e4rast.<\/p>\n<p>Kolm minutit p\u00e4rast s\u00fc\u00fctamist ei eralda COBB Cobblestone grills\u00f6ebrigetid enam suitsu, v\u00f5imaldades k\u00fcpsetada veel viie minuti m\u00f6\u00f6dudes, kui tabletid t\u00e4ielikult s\u00fcttivad.<\/p>\n<p>COBB Cobblestone grills\u00f6ebrigetid hoiavad soojust kaks tundi. Briketti kuju ja suurus t\u00e4idavad COBB grilli k\u00fctusehoidla t\u00e4ielikult, andes palju rohkem soojust ja p\u00f5letades kauem kui teised sama kaaluga s\u00fc\u00fctetabletid.<\/p>\n<p>Soovitame COBB grills\u00f6ebrigetid s\u00fc\u00fcdata s\u00fc\u00fctepulga v\u00f5i pikema &#8220;nokkaga&#8221; tulemasinaga. Samuti v\u00f5ite s\u00fc\u00fcdata s\u00fc\u00fctepulga ja asetada selle tableti k\u00f5rvale.<\/p>\n<p><strong>SPETSIFIKATSIOON<\/strong><\/p>\n<ul>\n<li>Tootja: COBB International<\/li>\n<li>P\u00e4ritoluriik: L\u00f5una-Aafrika Vabariik<\/li>\n<li>COBB Cobblestone grills\u00f6ebrigetid saavutavad 30 minutiga 280 \u00b0C temperatuuri (kaane all).<\/li>\n<li>Ohutu ja \u00f6konoomne.<\/li>\n<li>Briketti l\u00e4bim\u00f5\u00f5t: 130 mm<\/li>\n<li>COBB Cobblestone grills\u00f6ebrigetid on 35 mm paksused.<\/li>\n<li>\u00dcks tablett kaalub 385 grammi.<\/li>\n<li>P\u00f5levad ained: baarium, naatriumnitraat.<\/li>\n<li>COBB Supreme mudeli k\u00fctusehoidlas on ruumi kahele COBB Cobblestone tabletile.<\/li>\n<\/ul>\n<p>&nbsp;<\/p>\n","protected":false},"featured_media":247236,"template":"","meta":{"inline_featured_image":false},"product_brand":[],"product_cat":[587,27,439],"product_tag":[],"class_list":{"0":"post-247224","1":"product","2":"type-product","3":"status-publish","4":"has-post-thumbnail","6":"product_cat-cobb-grillid","7":"product_cat-grillsusi","8":"product_cat-eksootilised-grillsoed","10":"first","11":"instock","12":"taxable","13":"shipping-taxable","14":"purchasable","15":"product-type-simple"},"yoast_head":"<!-- This site is optimized with the Yoast SEO plugin v27.4 - https:\/\/yoast.com\/product\/yoast-seo-wordpress\/ -->\n<title>COBB Cobble Stone \u00fcmmargused aukudega grills\u00f6ebrigetid 2,7 kg - BBQ Entertainment<\/title>\n<meta name=\"robots\" content=\"index, follow, max-snippet:-1, max-image-preview:large, max-video-preview:-1\" \/>\n<link rel=\"canonical\" href=\"https:\/\/bbqentertainment.com\/toode\/cobb-cobble-stone-ummargused-aukudega-grillsoebrigetid-27-kg\/\" \/>\n<meta property=\"og:locale\" content=\"en_US\" \/>\n<meta property=\"og:type\" content=\"article\" \/>\n<meta property=\"og:title\" content=\"COBB Cobble Stone \u00fcmmargused aukudega grills\u00f6ebrigetid 2,7 kg - BBQ Entertainment\" \/>\n<meta property=\"og:description\" content=\"COBB Cobble Stone \u00fcmmargused aukudega grills\u00f6ebrigetid 2,7 kg Kookosp\u00e4hkli kestadest valmistatud COBB Cobblestone grills\u00f6ebrigetid s\u00fcttivad nii kiiresti, et k\u00fcpsetama saab hakata juba umbes kaheksa minuti p\u00e4rast.  Kolm minutit p\u00e4rast s\u00fc\u00fctamist ei eralda COBB Cobblestone grills\u00f6ebrigetid enam suitsu, v\u00f5imaldades k\u00fcpsetada veel viie minuti m\u00f6\u00f6dudes, kui tabletid t\u00e4ielikult s\u00fcttivad.  COBB Cobblestone grills\u00f6ebrigetid hoiavad soojust kaks tundi. Briketti kuju ja suurus t\u00e4idavad COBB grilli k\u00fctusehoidla t\u00e4ielikult, andes palju rohkem soojust ja p\u00f5letades kauem kui teised sama kaaluga s\u00fc\u00fctetabletid.  Soovitame COBB grills\u00f6ebrigetid s\u00fc\u00fcdata s\u00fc\u00fctepulga v\u00f5i pikema &quot;nokkaga&quot; tulemasinaga. Samuti v\u00f5ite s\u00fc\u00fcdata s\u00fc\u00fctepulga ja asetada selle tableti k\u00f5rvale.  SPETSIFIKATSIOON   Tootja: COBB International  P\u00e4ritoluriik: L\u00f5una-Aafrika Vabariik  COBB Cobblestone grills\u00f6ebrigetid saavutavad 30 minutiga 280 \u00b0C temperatuuri (kaane all).  Ohutu ja \u00f6konoomne.  Briketti l\u00e4bim\u00f5\u00f5t: 130 mm  COBB Cobblestone grills\u00f6ebrigetid on 35 mm paksused.  \u00dcks tablett kaalub 385 grammi.  P\u00f5levad ained: baarium, naatriumnitraat.  COBB Supreme mudeli k\u00fctusehoidlas on ruumi kahele COBB Cobblestone tabletile.  &nbsp;\" \/>\n<meta property=\"og:url\" content=\"https:\/\/bbqentertainment.com\/toode\/cobb-cobble-stone-ummargused-aukudega-grillsoebrigetid-27-kg\/\" \/>\n<meta property=\"og:site_name\" content=\"BBQ Entertainment\" \/>\n<meta property=\"article:publisher\" content=\"https:\/\/www.facebook.com\/BBQ-Entertainment-N-Catering-2437913376443540\" \/>\n<meta property=\"article:modified_time\" content=\"2025-07-25T10:45:53+00:00\" \/>\n<meta property=\"og:image\" content=\"https:\/\/bbqentertainment.com\/wp-content\/uploads\/2024\/04\/BBQ-Entertainment-COBB-Cobble-Stone-ummargused-aukudega-grillsoebrigetid-27-kg-5.webp\" \/>\n\t<meta property=\"og:image:width\" content=\"1000\" \/>\n\t<meta property=\"og:image:height\" content=\"1000\" \/>\n\t<meta property=\"og:image:type\" content=\"image\/webp\" \/>\n<meta name=\"twitter:card\" content=\"summary_large_image\" \/>\n<meta name=\"twitter:label1\" content=\"Est. reading time\" \/>\n\t<meta name=\"twitter:data1\" content=\"1 minute\" \/>\n<script type=\"application\/ld+json\" class=\"yoast-schema-graph\">{\"@context\":\"https:\\\/\\\/schema.org\",\"@graph\":[{\"@type\":[\"WebPage\",\"ItemPage\"],\"@id\":\"https:\\\/\\\/bbqentertainment.com\\\/toode\\\/cobb-cobble-stone-ummargused-aukudega-grillsoebrigetid-27-kg\\\/\",\"url\":\"https:\\\/\\\/bbqentertainment.com\\\/toode\\\/cobb-cobble-stone-ummargused-aukudega-grillsoebrigetid-27-kg\\\/\",\"name\":\"COBB Cobble Stone \u00fcmmargused aukudega grills\u00f6ebrigetid 2,7 kg - BBQ Entertainment\",\"isPartOf\":{\"@id\":\"https:\\\/\\\/bbqentertainment.com\\\/#website\"},\"primaryImageOfPage\":{\"@id\":\"https:\\\/\\\/bbqentertainment.com\\\/toode\\\/cobb-cobble-stone-ummargused-aukudega-grillsoebrigetid-27-kg\\\/#primaryimage\"},\"image\":{\"@id\":\"https:\\\/\\\/bbqentertainment.com\\\/toode\\\/cobb-cobble-stone-ummargused-aukudega-grillsoebrigetid-27-kg\\\/#primaryimage\"},\"thumbnailUrl\":\"https:\\\/\\\/bbqentertainment.com\\\/wp-content\\\/uploads\\\/2024\\\/04\\\/BBQ-Entertainment-COBB-Cobble-Stone-ummargused-aukudega-grillsoebrigetid-27-kg-5.webp\",\"datePublished\":\"2024-04-30T16:08:37+00:00\",\"dateModified\":\"2025-07-25T10:45:53+00:00\",\"breadcrumb\":{\"@id\":\"https:\\\/\\\/bbqentertainment.com\\\/toode\\\/cobb-cobble-stone-ummargused-aukudega-grillsoebrigetid-27-kg\\\/#breadcrumb\"},\"inLanguage\":\"en-US\",\"potentialAction\":[{\"@type\":\"ReadAction\",\"target\":[\"https:\\\/\\\/bbqentertainment.com\\\/toode\\\/cobb-cobble-stone-ummargused-aukudega-grillsoebrigetid-27-kg\\\/\"]}]},{\"@type\":\"ImageObject\",\"inLanguage\":\"en-US\",\"@id\":\"https:\\\/\\\/bbqentertainment.com\\\/toode\\\/cobb-cobble-stone-ummargused-aukudega-grillsoebrigetid-27-kg\\\/#primaryimage\",\"url\":\"https:\\\/\\\/bbqentertainment.com\\\/wp-content\\\/uploads\\\/2024\\\/04\\\/BBQ-Entertainment-COBB-Cobble-Stone-ummargused-aukudega-grillsoebrigetid-27-kg-5.webp\",\"contentUrl\":\"https:\\\/\\\/bbqentertainment.com\\\/wp-content\\\/uploads\\\/2024\\\/04\\\/BBQ-Entertainment-COBB-Cobble-Stone-ummargused-aukudega-grillsoebrigetid-27-kg-5.webp\",\"width\":1000,\"height\":1000},{\"@type\":\"BreadcrumbList\",\"@id\":\"https:\\\/\\\/bbqentertainment.com\\\/toode\\\/cobb-cobble-stone-ummargused-aukudega-grillsoebrigetid-27-kg\\\/#breadcrumb\",\"itemListElement\":[{\"@type\":\"ListItem\",\"position\":1,\"name\":\"AVALEHT\",\"item\":\"https:\\\/\\\/bbqentertainment.com\\\/en\\\/\"},{\"@type\":\"ListItem\",\"position\":2,\"name\":\"Tooted\",\"item\":\"https:\\\/\\\/bbqentertainment.com\\\/tooted\\\/\"},{\"@type\":\"ListItem\",\"position\":3,\"name\":\"K\u00fcte\",\"item\":\"https:\\\/\\\/bbqentertainment.com\\\/tootekategooria\\\/grillsusi\\\/\"},{\"@type\":\"ListItem\",\"position\":4,\"name\":\"Eksootilised grills\u00f6ed\",\"item\":\"https:\\\/\\\/bbqentertainment.com\\\/tootekategooria\\\/grillsusi\\\/eksootilised-grillsoed\\\/\"},{\"@type\":\"ListItem\",\"position\":5,\"name\":\"COBB Cobble Stone \u00fcmmargused aukudega grills\u00f6ebrigetid 2,7 kg\"}]},{\"@type\":\"WebSite\",\"@id\":\"https:\\\/\\\/bbqentertainment.com\\\/#website\",\"url\":\"https:\\\/\\\/bbqentertainment.com\\\/\",\"name\":\"BBQ Entertainment\",\"description\":\"BBQ is a great lifestyle, not just fun!\",\"publisher\":{\"@id\":\"https:\\\/\\\/bbqentertainment.com\\\/#organization\"},\"potentialAction\":[{\"@type\":\"SearchAction\",\"target\":{\"@type\":\"EntryPoint\",\"urlTemplate\":\"https:\\\/\\\/bbqentertainment.com\\\/?s={search_term_string}\"},\"query-input\":{\"@type\":\"PropertyValueSpecification\",\"valueRequired\":true,\"valueName\":\"search_term_string\"}}],\"inLanguage\":\"en-US\"},{\"@type\":\"Organization\",\"@id\":\"https:\\\/\\\/bbqentertainment.com\\\/#organization\",\"name\":\"BBQ Entertainment O\u00dc\",\"url\":\"https:\\\/\\\/bbqentertainment.com\\\/\",\"logo\":{\"@type\":\"ImageObject\",\"inLanguage\":\"en-US\",\"@id\":\"https:\\\/\\\/bbqentertainment.com\\\/#\\\/schema\\\/logo\\\/image\\\/\",\"url\":\"https:\\\/\\\/bbqentertainment.com\\\/wp-content\\\/uploads\\\/2020\\\/04\\\/BBQ-Entertainment-N-Catering-Enn-Tobreluts-Logo.png\",\"contentUrl\":\"https:\\\/\\\/bbqentertainment.com\\\/wp-content\\\/uploads\\\/2020\\\/04\\\/BBQ-Entertainment-N-Catering-Enn-Tobreluts-Logo.png\",\"width\":628,\"height\":266,\"caption\":\"BBQ Entertainment O\u00dc\"},\"image\":{\"@id\":\"https:\\\/\\\/bbqentertainment.com\\\/#\\\/schema\\\/logo\\\/image\\\/\"},\"sameAs\":[\"https:\\\/\\\/www.facebook.com\\\/BBQ-Entertainment-N-Catering-2437913376443540\",\"https:\\\/\\\/www.instagram.com\\\/bbqentertainmentncatering\\\/\",\"https:\\\/\\\/www.youtube.com\\\/channel\\\/UCmpuANQVhLy2Md8nrenp2jA\"]}]}<\/script>\n<!-- \/ Yoast SEO plugin. -->","yoast_head_json":{"title":"COBB Cobble Stone \u00fcmmargused aukudega grills\u00f6ebrigetid 2,7 kg - BBQ Entertainment","robots":{"index":"index","follow":"follow","max-snippet":"max-snippet:-1","max-image-preview":"max-image-preview:large","max-video-preview":"max-video-preview:-1"},"canonical":"https:\/\/bbqentertainment.com\/toode\/cobb-cobble-stone-ummargused-aukudega-grillsoebrigetid-27-kg\/","og_locale":"en_US","og_type":"article","og_title":"COBB Cobble Stone \u00fcmmargused aukudega grills\u00f6ebrigetid 2,7 kg - BBQ Entertainment","og_description":"COBB Cobble Stone \u00fcmmargused aukudega grills\u00f6ebrigetid 2,7 kg Kookosp\u00e4hkli kestadest valmistatud COBB Cobblestone grills\u00f6ebrigetid s\u00fcttivad nii kiiresti, et k\u00fcpsetama saab hakata juba umbes kaheksa minuti p\u00e4rast.  Kolm minutit p\u00e4rast s\u00fc\u00fctamist ei eralda COBB Cobblestone grills\u00f6ebrigetid enam suitsu, v\u00f5imaldades k\u00fcpsetada veel viie minuti m\u00f6\u00f6dudes, kui tabletid t\u00e4ielikult s\u00fcttivad.  COBB Cobblestone grills\u00f6ebrigetid hoiavad soojust kaks tundi. Briketti kuju ja suurus t\u00e4idavad COBB grilli k\u00fctusehoidla t\u00e4ielikult, andes palju rohkem soojust ja p\u00f5letades kauem kui teised sama kaaluga s\u00fc\u00fctetabletid.  Soovitame COBB grills\u00f6ebrigetid s\u00fc\u00fcdata s\u00fc\u00fctepulga v\u00f5i pikema \"nokkaga\" tulemasinaga. Samuti v\u00f5ite s\u00fc\u00fcdata s\u00fc\u00fctepulga ja asetada selle tableti k\u00f5rvale.  SPETSIFIKATSIOON   Tootja: COBB International  P\u00e4ritoluriik: L\u00f5una-Aafrika Vabariik  COBB Cobblestone grills\u00f6ebrigetid saavutavad 30 minutiga 280 \u00b0C temperatuuri (kaane all).  Ohutu ja \u00f6konoomne.  Briketti l\u00e4bim\u00f5\u00f5t: 130 mm  COBB Cobblestone grills\u00f6ebrigetid on 35 mm paksused.  \u00dcks tablett kaalub 385 grammi.  P\u00f5levad ained: baarium, naatriumnitraat.  COBB Supreme mudeli k\u00fctusehoidlas on ruumi kahele COBB Cobblestone tabletile.  &nbsp;","og_url":"https:\/\/bbqentertainment.com\/toode\/cobb-cobble-stone-ummargused-aukudega-grillsoebrigetid-27-kg\/","og_site_name":"BBQ Entertainment","article_publisher":"https:\/\/www.facebook.com\/BBQ-Entertainment-N-Catering-2437913376443540","article_modified_time":"2025-07-25T10:45:53+00:00","og_image":[{"width":1000,"height":1000,"url":"https:\/\/bbqentertainment.com\/wp-content\/uploads\/2024\/04\/BBQ-Entertainment-COBB-Cobble-Stone-ummargused-aukudega-grillsoebrigetid-27-kg-5.webp","type":"image\/webp"}],"twitter_card":"summary_large_image","twitter_misc":{"Est. reading time":"1 minute"},"schema":{"@context":"https:\/\/schema.org","@graph":[{"@type":["WebPage","ItemPage"],"@id":"https:\/\/bbqentertainment.com\/toode\/cobb-cobble-stone-ummargused-aukudega-grillsoebrigetid-27-kg\/","url":"https:\/\/bbqentertainment.com\/toode\/cobb-cobble-stone-ummargused-aukudega-grillsoebrigetid-27-kg\/","name":"COBB Cobble Stone \u00fcmmargused aukudega grills\u00f6ebrigetid 2,7 kg - BBQ Entertainment","isPartOf":{"@id":"https:\/\/bbqentertainment.com\/#website"},"primaryImageOfPage":{"@id":"https:\/\/bbqentertainment.com\/toode\/cobb-cobble-stone-ummargused-aukudega-grillsoebrigetid-27-kg\/#primaryimage"},"image":{"@id":"https:\/\/bbqentertainment.com\/toode\/cobb-cobble-stone-ummargused-aukudega-grillsoebrigetid-27-kg\/#primaryimage"},"thumbnailUrl":"https:\/\/bbqentertainment.com\/wp-content\/uploads\/2024\/04\/BBQ-Entertainment-COBB-Cobble-Stone-ummargused-aukudega-grillsoebrigetid-27-kg-5.webp","datePublished":"2024-04-30T16:08:37+00:00","dateModified":"2025-07-25T10:45:53+00:00","breadcrumb":{"@id":"https:\/\/bbqentertainment.com\/toode\/cobb-cobble-stone-ummargused-aukudega-grillsoebrigetid-27-kg\/#breadcrumb"},"inLanguage":"en-US","potentialAction":[{"@type":"ReadAction","target":["https:\/\/bbqentertainment.com\/toode\/cobb-cobble-stone-ummargused-aukudega-grillsoebrigetid-27-kg\/"]}]},{"@type":"ImageObject","inLanguage":"en-US","@id":"https:\/\/bbqentertainment.com\/toode\/cobb-cobble-stone-ummargused-aukudega-grillsoebrigetid-27-kg\/#primaryimage","url":"https:\/\/bbqentertainment.com\/wp-content\/uploads\/2024\/04\/BBQ-Entertainment-COBB-Cobble-Stone-ummargused-aukudega-grillsoebrigetid-27-kg-5.webp","contentUrl":"https:\/\/bbqentertainment.com\/wp-content\/uploads\/2024\/04\/BBQ-Entertainment-COBB-Cobble-Stone-ummargused-aukudega-grillsoebrigetid-27-kg-5.webp","width":1000,"height":1000},{"@type":"BreadcrumbList","@id":"https:\/\/bbqentertainment.com\/toode\/cobb-cobble-stone-ummargused-aukudega-grillsoebrigetid-27-kg\/#breadcrumb","itemListElement":[{"@type":"ListItem","position":1,"name":"AVALEHT","item":"https:\/\/bbqentertainment.com\/en\/"},{"@type":"ListItem","position":2,"name":"Tooted","item":"https:\/\/bbqentertainment.com\/tooted\/"},{"@type":"ListItem","position":3,"name":"K\u00fcte","item":"https:\/\/bbqentertainment.com\/tootekategooria\/grillsusi\/"},{"@type":"ListItem","position":4,"name":"Eksootilised grills\u00f6ed","item":"https:\/\/bbqentertainment.com\/tootekategooria\/grillsusi\/eksootilised-grillsoed\/"},{"@type":"ListItem","position":5,"name":"COBB Cobble Stone \u00fcmmargused aukudega grills\u00f6ebrigetid 2,7 kg"}]},{"@type":"WebSite","@id":"https:\/\/bbqentertainment.com\/#website","url":"https:\/\/bbqentertainment.com\/","name":"BBQ Entertainment","description":"BBQ is a great lifestyle, not just fun!","publisher":{"@id":"https:\/\/bbqentertainment.com\/#organization"},"potentialAction":[{"@type":"SearchAction","target":{"@type":"EntryPoint","urlTemplate":"https:\/\/bbqentertainment.com\/?s={search_term_string}"},"query-input":{"@type":"PropertyValueSpecification","valueRequired":true,"valueName":"search_term_string"}}],"inLanguage":"en-US"},{"@type":"Organization","@id":"https:\/\/bbqentertainment.com\/#organization","name":"BBQ Entertainment O\u00dc","url":"https:\/\/bbqentertainment.com\/","logo":{"@type":"ImageObject","inLanguage":"en-US","@id":"https:\/\/bbqentertainment.com\/#\/schema\/logo\/image\/","url":"https:\/\/bbqentertainment.com\/wp-content\/uploads\/2020\/04\/BBQ-Entertainment-N-Catering-Enn-Tobreluts-Logo.png","contentUrl":"https:\/\/bbqentertainment.com\/wp-content\/uploads\/2020\/04\/BBQ-Entertainment-N-Catering-Enn-Tobreluts-Logo.png","width":628,"height":266,"caption":"BBQ Entertainment O\u00dc"},"image":{"@id":"https:\/\/bbqentertainment.com\/#\/schema\/logo\/image\/"},"sameAs":["https:\/\/www.facebook.com\/BBQ-Entertainment-N-Catering-2437913376443540","https:\/\/www.instagram.com\/bbqentertainmentncatering\/","https:\/\/www.youtube.com\/channel\/UCmpuANQVhLy2Md8nrenp2jA"]}]}},"_links":{"self":[{"href":"https:\/\/bbqentertainment.com\/en\/wp-json\/wp\/v2\/product\/247224","targetHints":{"allow":["GET"]}}],"collection":[{"href":"https:\/\/bbqentertainment.com\/en\/wp-json\/wp\/v2\/product"}],"about":[{"href":"https:\/\/bbqentertainment.com\/en\/wp-json\/wp\/v2\/types\/product"}],"wp:featuredmedia":[{"embeddable":true,"href":"https:\/\/bbqentertainment.com\/en\/wp-json\/wp\/v2\/media\/247236"}],"wp:attachment":[{"href":"https:\/\/bbqentertainment.com\/en\/wp-json\/wp\/v2\/media?parent=247224"}],"wp:term":[{"taxonomy":"product_brand","embeddable":true,"href":"https:\/\/bbqentertainment.com\/en\/wp-json\/wp\/v2\/product_brand?post=247224"},{"taxonomy":"product_cat","embeddable":true,"href":"https:\/\/bbqentertainment.com\/en\/wp-json\/wp\/v2\/product_cat?post=247224"},{"taxonomy":"product_tag","embeddable":true,"href":"https:\/\/bbqentertainment.com\/en\/wp-json\/wp\/v2\/product_tag?post=247224"}],"curies":[{"name":"wp","href":"https:\/\/api.w.org\/{rel}","templated":true}]}}