{"id":247238,"date":"2024-04-30T19:13:34","date_gmt":"2024-04-30T16:13:34","guid":{"rendered":"https:\/\/bbqentertainment.com\/?post_type=product&#038;p=247238"},"modified":"2025-07-25T13:46:05","modified_gmt":"2025-07-25T10:46:05","slug":"cobb-uhekordsed-alumiiniumist-kaitsekausid-6-tk-komplektis","status":"publish","type":"product","link":"https:\/\/bbqentertainment.com\/en\/toode\/cobb-uhekordsed-alumiiniumist-kaitsekausid-6-tk-komplektis\/","title":{"rendered":"COBB \u00fchekordsed alumiiniumist kaitsekausid 6 tk komplektis"},"content":{"rendered":"","protected":false},"excerpt":{"rendered":"<h3>COBB \u00fchekordsed alumiiniumist kaitsekausid 6 tk komplektis<\/h3>\n<p>\u00dchekordsed n\u00f5ud, valmistatud k\u00f5rgeima kvaliteediga toidualumiiniumfooliumist. Kasuta \u00fchekordseid n\u00f5usid ning COBB grilli hooldust ja puhastamine muutub kergemaks!.<\/p>\n<p>&nbsp;<\/p>\n","protected":false},"featured_media":247241,"template":"","meta":{"inline_featured_image":false},"product_brand":[],"product_cat":[587],"product_tag":[],"class_list":{"0":"post-247238","1":"product","2":"type-product","3":"status-publish","4":"has-post-thumbnail","6":"product_cat-cobb-grillid","8":"first","9":"instock","10":"taxable","11":"shipping-taxable","12":"purchasable","13":"product-type-simple"},"yoast_head":"<!-- This site is optimized with the Yoast SEO plugin v27.2 - https:\/\/yoast.com\/product\/yoast-seo-wordpress\/ -->\n<title>COBB \u00fchekordsed alumiiniumist kaitsekausid 6 tk komplektis - BBQ Entertainment<\/title>\n<meta name=\"robots\" content=\"index, follow, max-snippet:-1, max-image-preview:large, max-video-preview:-1\" \/>\n<link rel=\"canonical\" href=\"https:\/\/bbqentertainment.com\/toode\/cobb-uhekordsed-alumiiniumist-kaitsekausid-6-tk-komplektis\/\" \/>\n<meta property=\"og:locale\" content=\"en_US\" \/>\n<meta property=\"og:type\" content=\"article\" \/>\n<meta property=\"og:title\" content=\"COBB \u00fchekordsed alumiiniumist kaitsekausid 6 tk komplektis - BBQ Entertainment\" \/>\n<meta property=\"og:description\" content=\"COBB \u00fchekordsed alumiiniumist kaitsekausid 6 tk komplektis \u00dchekordsed n\u00f5ud, valmistatud k\u00f5rgeima kvaliteediga toidualumiiniumfooliumist. Kasuta \u00fchekordseid n\u00f5usid ning COBB grilli hooldust ja puhastamine muutub kergemaks!.  &nbsp;\" \/>\n<meta property=\"og:url\" content=\"https:\/\/bbqentertainment.com\/toode\/cobb-uhekordsed-alumiiniumist-kaitsekausid-6-tk-komplektis\/\" \/>\n<meta property=\"og:site_name\" content=\"BBQ Entertainment\" \/>\n<meta property=\"article:publisher\" content=\"https:\/\/www.facebook.com\/BBQ-Entertainment-N-Catering-2437913376443540\" \/>\n<meta property=\"article:modified_time\" content=\"2025-07-25T10:46:05+00:00\" \/>\n<meta property=\"og:image\" content=\"https:\/\/bbqentertainment.com\/wp-content\/uploads\/2024\/04\/BBQ-Entertainment-COBB-uhekordsed-alumiiniumist-kaitsekausid-6-tk-komplektis-1.webp\" \/>\n\t<meta property=\"og:image:width\" content=\"1000\" \/>\n\t<meta property=\"og:image:height\" content=\"1000\" \/>\n\t<meta property=\"og:image:type\" content=\"image\/webp\" \/>\n<meta name=\"twitter:card\" content=\"summary_large_image\" \/>\n<meta name=\"twitter:label1\" content=\"Est. reading time\" \/>\n\t<meta name=\"twitter:data1\" content=\"1 minute\" \/>\n<script type=\"application\/ld+json\" class=\"yoast-schema-graph\">{\"@context\":\"https:\/\/schema.org\",\"@graph\":[{\"@type\":[\"WebPage\",\"ItemPage\"],\"@id\":\"https:\/\/bbqentertainment.com\/toode\/cobb-uhekordsed-alumiiniumist-kaitsekausid-6-tk-komplektis\/\",\"url\":\"https:\/\/bbqentertainment.com\/toode\/cobb-uhekordsed-alumiiniumist-kaitsekausid-6-tk-komplektis\/\",\"name\":\"COBB \u00fchekordsed alumiiniumist kaitsekausid 6 tk komplektis - BBQ Entertainment\",\"isPartOf\":{\"@id\":\"https:\/\/bbqentertainment.com\/#website\"},\"primaryImageOfPage\":{\"@id\":\"https:\/\/bbqentertainment.com\/toode\/cobb-uhekordsed-alumiiniumist-kaitsekausid-6-tk-komplektis\/#primaryimage\"},\"image\":{\"@id\":\"https:\/\/bbqentertainment.com\/toode\/cobb-uhekordsed-alumiiniumist-kaitsekausid-6-tk-komplektis\/#primaryimage\"},\"thumbnailUrl\":\"https:\/\/bbqentertainment.com\/wp-content\/uploads\/2024\/04\/BBQ-Entertainment-COBB-uhekordsed-alumiiniumist-kaitsekausid-6-tk-komplektis-1.webp\",\"datePublished\":\"2024-04-30T16:13:34+00:00\",\"dateModified\":\"2025-07-25T10:46:05+00:00\",\"breadcrumb\":{\"@id\":\"https:\/\/bbqentertainment.com\/toode\/cobb-uhekordsed-alumiiniumist-kaitsekausid-6-tk-komplektis\/#breadcrumb\"},\"inLanguage\":\"en-US\",\"potentialAction\":[{\"@type\":\"ReadAction\",\"target\":[\"https:\/\/bbqentertainment.com\/toode\/cobb-uhekordsed-alumiiniumist-kaitsekausid-6-tk-komplektis\/\"]}]},{\"@type\":\"ImageObject\",\"inLanguage\":\"en-US\",\"@id\":\"https:\/\/bbqentertainment.com\/toode\/cobb-uhekordsed-alumiiniumist-kaitsekausid-6-tk-komplektis\/#primaryimage\",\"url\":\"https:\/\/bbqentertainment.com\/wp-content\/uploads\/2024\/04\/BBQ-Entertainment-COBB-uhekordsed-alumiiniumist-kaitsekausid-6-tk-komplektis-1.webp\",\"contentUrl\":\"https:\/\/bbqentertainment.com\/wp-content\/uploads\/2024\/04\/BBQ-Entertainment-COBB-uhekordsed-alumiiniumist-kaitsekausid-6-tk-komplektis-1.webp\",\"width\":1000,\"height\":1000},{\"@type\":\"BreadcrumbList\",\"@id\":\"https:\/\/bbqentertainment.com\/toode\/cobb-uhekordsed-alumiiniumist-kaitsekausid-6-tk-komplektis\/#breadcrumb\",\"itemListElement\":[{\"@type\":\"ListItem\",\"position\":1,\"name\":\"AVALEHT\",\"item\":\"https:\/\/bbqentertainment.com\/en\/\"},{\"@type\":\"ListItem\",\"position\":2,\"name\":\"Tooted\",\"item\":\"https:\/\/bbqentertainment.com\/tooted\/\"},{\"@type\":\"ListItem\",\"position\":3,\"name\":\"Muud tooted\",\"item\":\"https:\/\/bbqentertainment.com\/tootekategooria\/muud-tooted\/\"},{\"@type\":\"ListItem\",\"position\":4,\"name\":\"Muud tooted\",\"item\":\"https:\/\/bbqentertainment.com\/tootekategooria\/muud-tooted\/muud-tooted-2\/\"},{\"@type\":\"ListItem\",\"position\":5,\"name\":\"COBB \u00fchekordsed alumiiniumist kaitsekausid 6 tk komplektis\"}]},{\"@type\":\"WebSite\",\"@id\":\"https:\/\/bbqentertainment.com\/#website\",\"url\":\"https:\/\/bbqentertainment.com\/\",\"name\":\"BBQ Entertainment\",\"description\":\"BBQ is a great lifestyle, not just fun!\",\"publisher\":{\"@id\":\"https:\/\/bbqentertainment.com\/#organization\"},\"potentialAction\":[{\"@type\":\"SearchAction\",\"target\":{\"@type\":\"EntryPoint\",\"urlTemplate\":\"https:\/\/bbqentertainment.com\/?s={search_term_string}\"},\"query-input\":{\"@type\":\"PropertyValueSpecification\",\"valueRequired\":true,\"valueName\":\"search_term_string\"}}],\"inLanguage\":\"en-US\"},{\"@type\":\"Organization\",\"@id\":\"https:\/\/bbqentertainment.com\/#organization\",\"name\":\"BBQ Entertainment O\u00dc\",\"url\":\"https:\/\/bbqentertainment.com\/\",\"logo\":{\"@type\":\"ImageObject\",\"inLanguage\":\"en-US\",\"@id\":\"https:\/\/bbqentertainment.com\/#\/schema\/logo\/image\/\",\"url\":\"https:\/\/bbqentertainment.com\/wp-content\/uploads\/2020\/04\/BBQ-Entertainment-N-Catering-Enn-Tobreluts-Logo.png\",\"contentUrl\":\"https:\/\/bbqentertainment.com\/wp-content\/uploads\/2020\/04\/BBQ-Entertainment-N-Catering-Enn-Tobreluts-Logo.png\",\"width\":628,\"height\":266,\"caption\":\"BBQ Entertainment O\u00dc\"},\"image\":{\"@id\":\"https:\/\/bbqentertainment.com\/#\/schema\/logo\/image\/\"},\"sameAs\":[\"https:\/\/www.facebook.com\/BBQ-Entertainment-N-Catering-2437913376443540\",\"https:\/\/www.instagram.com\/bbqentertainmentncatering\/\",\"https:\/\/www.youtube.com\/channel\/UCmpuANQVhLy2Md8nrenp2jA\"]}]}<\/script>\n<!-- \/ Yoast SEO plugin. -->","yoast_head_json":{"title":"COBB \u00fchekordsed alumiiniumist kaitsekausid 6 tk komplektis - BBQ Entertainment","robots":{"index":"index","follow":"follow","max-snippet":"max-snippet:-1","max-image-preview":"max-image-preview:large","max-video-preview":"max-video-preview:-1"},"canonical":"https:\/\/bbqentertainment.com\/toode\/cobb-uhekordsed-alumiiniumist-kaitsekausid-6-tk-komplektis\/","og_locale":"en_US","og_type":"article","og_title":"COBB \u00fchekordsed alumiiniumist kaitsekausid 6 tk komplektis - BBQ Entertainment","og_description":"COBB \u00fchekordsed alumiiniumist kaitsekausid 6 tk komplektis \u00dchekordsed n\u00f5ud, valmistatud k\u00f5rgeima kvaliteediga toidualumiiniumfooliumist. Kasuta \u00fchekordseid n\u00f5usid ning COBB grilli hooldust ja puhastamine muutub kergemaks!.  &nbsp;","og_url":"https:\/\/bbqentertainment.com\/toode\/cobb-uhekordsed-alumiiniumist-kaitsekausid-6-tk-komplektis\/","og_site_name":"BBQ Entertainment","article_publisher":"https:\/\/www.facebook.com\/BBQ-Entertainment-N-Catering-2437913376443540","article_modified_time":"2025-07-25T10:46:05+00:00","og_image":[{"width":1000,"height":1000,"url":"https:\/\/bbqentertainment.com\/wp-content\/uploads\/2024\/04\/BBQ-Entertainment-COBB-uhekordsed-alumiiniumist-kaitsekausid-6-tk-komplektis-1.webp","type":"image\/webp"}],"twitter_card":"summary_large_image","twitter_misc":{"Est. reading time":"1 minute"},"schema":{"@context":"https:\/\/schema.org","@graph":[{"@type":["WebPage","ItemPage"],"@id":"https:\/\/bbqentertainment.com\/toode\/cobb-uhekordsed-alumiiniumist-kaitsekausid-6-tk-komplektis\/","url":"https:\/\/bbqentertainment.com\/toode\/cobb-uhekordsed-alumiiniumist-kaitsekausid-6-tk-komplektis\/","name":"COBB \u00fchekordsed alumiiniumist kaitsekausid 6 tk komplektis - BBQ Entertainment","isPartOf":{"@id":"https:\/\/bbqentertainment.com\/#website"},"primaryImageOfPage":{"@id":"https:\/\/bbqentertainment.com\/toode\/cobb-uhekordsed-alumiiniumist-kaitsekausid-6-tk-komplektis\/#primaryimage"},"image":{"@id":"https:\/\/bbqentertainment.com\/toode\/cobb-uhekordsed-alumiiniumist-kaitsekausid-6-tk-komplektis\/#primaryimage"},"thumbnailUrl":"https:\/\/bbqentertainment.com\/wp-content\/uploads\/2024\/04\/BBQ-Entertainment-COBB-uhekordsed-alumiiniumist-kaitsekausid-6-tk-komplektis-1.webp","datePublished":"2024-04-30T16:13:34+00:00","dateModified":"2025-07-25T10:46:05+00:00","breadcrumb":{"@id":"https:\/\/bbqentertainment.com\/toode\/cobb-uhekordsed-alumiiniumist-kaitsekausid-6-tk-komplektis\/#breadcrumb"},"inLanguage":"en-US","potentialAction":[{"@type":"ReadAction","target":["https:\/\/bbqentertainment.com\/toode\/cobb-uhekordsed-alumiiniumist-kaitsekausid-6-tk-komplektis\/"]}]},{"@type":"ImageObject","inLanguage":"en-US","@id":"https:\/\/bbqentertainment.com\/toode\/cobb-uhekordsed-alumiiniumist-kaitsekausid-6-tk-komplektis\/#primaryimage","url":"https:\/\/bbqentertainment.com\/wp-content\/uploads\/2024\/04\/BBQ-Entertainment-COBB-uhekordsed-alumiiniumist-kaitsekausid-6-tk-komplektis-1.webp","contentUrl":"https:\/\/bbqentertainment.com\/wp-content\/uploads\/2024\/04\/BBQ-Entertainment-COBB-uhekordsed-alumiiniumist-kaitsekausid-6-tk-komplektis-1.webp","width":1000,"height":1000},{"@type":"BreadcrumbList","@id":"https:\/\/bbqentertainment.com\/toode\/cobb-uhekordsed-alumiiniumist-kaitsekausid-6-tk-komplektis\/#breadcrumb","itemListElement":[{"@type":"ListItem","position":1,"name":"AVALEHT","item":"https:\/\/bbqentertainment.com\/en\/"},{"@type":"ListItem","position":2,"name":"Tooted","item":"https:\/\/bbqentertainment.com\/tooted\/"},{"@type":"ListItem","position":3,"name":"Muud tooted","item":"https:\/\/bbqentertainment.com\/tootekategooria\/muud-tooted\/"},{"@type":"ListItem","position":4,"name":"Muud tooted","item":"https:\/\/bbqentertainment.com\/tootekategooria\/muud-tooted\/muud-tooted-2\/"},{"@type":"ListItem","position":5,"name":"COBB \u00fchekordsed alumiiniumist kaitsekausid 6 tk komplektis"}]},{"@type":"WebSite","@id":"https:\/\/bbqentertainment.com\/#website","url":"https:\/\/bbqentertainment.com\/","name":"BBQ Entertainment","description":"BBQ is a great lifestyle, not just fun!","publisher":{"@id":"https:\/\/bbqentertainment.com\/#organization"},"potentialAction":[{"@type":"SearchAction","target":{"@type":"EntryPoint","urlTemplate":"https:\/\/bbqentertainment.com\/?s={search_term_string}"},"query-input":{"@type":"PropertyValueSpecification","valueRequired":true,"valueName":"search_term_string"}}],"inLanguage":"en-US"},{"@type":"Organization","@id":"https:\/\/bbqentertainment.com\/#organization","name":"BBQ Entertainment O\u00dc","url":"https:\/\/bbqentertainment.com\/","logo":{"@type":"ImageObject","inLanguage":"en-US","@id":"https:\/\/bbqentertainment.com\/#\/schema\/logo\/image\/","url":"https:\/\/bbqentertainment.com\/wp-content\/uploads\/2020\/04\/BBQ-Entertainment-N-Catering-Enn-Tobreluts-Logo.png","contentUrl":"https:\/\/bbqentertainment.com\/wp-content\/uploads\/2020\/04\/BBQ-Entertainment-N-Catering-Enn-Tobreluts-Logo.png","width":628,"height":266,"caption":"BBQ Entertainment O\u00dc"},"image":{"@id":"https:\/\/bbqentertainment.com\/#\/schema\/logo\/image\/"},"sameAs":["https:\/\/www.facebook.com\/BBQ-Entertainment-N-Catering-2437913376443540","https:\/\/www.instagram.com\/bbqentertainmentncatering\/","https:\/\/www.youtube.com\/channel\/UCmpuANQVhLy2Md8nrenp2jA"]}]}},"_links":{"self":[{"href":"https:\/\/bbqentertainment.com\/en\/wp-json\/wp\/v2\/product\/247238","targetHints":{"allow":["GET"]}}],"collection":[{"href":"https:\/\/bbqentertainment.com\/en\/wp-json\/wp\/v2\/product"}],"about":[{"href":"https:\/\/bbqentertainment.com\/en\/wp-json\/wp\/v2\/types\/product"}],"wp:featuredmedia":[{"embeddable":true,"href":"https:\/\/bbqentertainment.com\/en\/wp-json\/wp\/v2\/media\/247241"}],"wp:attachment":[{"href":"https:\/\/bbqentertainment.com\/en\/wp-json\/wp\/v2\/media?parent=247238"}],"wp:term":[{"taxonomy":"product_brand","embeddable":true,"href":"https:\/\/bbqentertainment.com\/en\/wp-json\/wp\/v2\/product_brand?post=247238"},{"taxonomy":"product_cat","embeddable":true,"href":"https:\/\/bbqentertainment.com\/en\/wp-json\/wp\/v2\/product_cat?post=247238"},{"taxonomy":"product_tag","embeddable":true,"href":"https:\/\/bbqentertainment.com\/en\/wp-json\/wp\/v2\/product_tag?post=247238"}],"curies":[{"name":"wp","href":"https:\/\/api.w.org\/{rel}","templated":true}]}}