{"id":247250,"date":"2024-04-30T19:19:02","date_gmt":"2024-04-30T16:19:02","guid":{"rendered":"https:\/\/bbqentertainment.com\/?post_type=product&#038;p=247250"},"modified":"2025-07-25T13:45:58","modified_gmt":"2025-07-25T10:45:58","slug":"smokey-olive-wood-oliivipuust-220-mm-grill-plangud-2-tk-komplektis","status":"publish","type":"product","link":"https:\/\/bbqentertainment.com\/en\/toode\/smokey-olive-wood-oliivipuust-220-mm-grill-plangud-2-tk-komplektis\/","title":{"rendered":"SMOKEY OLIVE WOOD &#8211; oliivipuust 220 mm grill-plangud 2 tk komplektis"},"content":{"rendered":"","protected":false},"excerpt":{"rendered":"<h3><strong>SMOKEY OLIVE WOOD &#8211; oliivipuust 220 mm grill-plangud 2 tk komplektis<\/strong><\/h3>\n<p>Valmistatud Hispaanias kasvavate oliivipuude juurtest. 100% looduslikud, p\u00e4ikese k\u00e4es kuivatatud grill-plangud.<\/p>\n<p>Sobib suurep\u00e4raselt grillimiseks, lisades grilliroale meeldivat maitset, aga ka muljetavaldavaks serveerimiseks: lauale saab asetada grillplaadil k\u00fcpsetatud toitu.<\/p>\n<p>Iga plaat on ainulaadne, erilise puus\u00fc\u00fc mustriga.<\/p>\n<p>Enne kasutamist kata n\u00e4iteks \u00f5liga. Sama plaati saab kasutada 30 v\u00f5i enam korda.<\/p>\n<p>Tootja: AndalubizBB&amp;Q<br \/>\nP\u00e4ritoluriik: Hispaania<br \/>\nKood: V-02-220MM<br \/>\nPakendis: 2 plaati<\/p>\n","protected":false},"featured_media":247259,"template":"","meta":{"inline_featured_image":false},"product_brand":[],"product_cat":[92,479,22,26],"product_tag":[],"class_list":{"0":"post-247250","1":"product","2":"type-product","3":"status-publish","4":"has-post-thumbnail","6":"product_cat-lisatarvikud","7":"product_cat-grillitarvikud","8":"product_cat-grillplank","9":"product_cat-puidulaastud-ja-tukid","11":"first","12":"instock","13":"taxable","14":"shipping-taxable","15":"purchasable","16":"product-type-simple"},"yoast_head":"<!-- This site is optimized with the Yoast SEO plugin v27.4 - https:\/\/yoast.com\/product\/yoast-seo-wordpress\/ -->\n<title>SMOKEY OLIVE WOOD - oliivipuust 220 mm grill-plangud 2 tk komplektis - BBQ Entertainment<\/title>\n<meta name=\"robots\" content=\"index, follow, max-snippet:-1, max-image-preview:large, max-video-preview:-1\" \/>\n<link rel=\"canonical\" href=\"https:\/\/bbqentertainment.com\/toode\/smokey-olive-wood-oliivipuust-220-mm-grill-plangud-2-tk-komplektis\/\" \/>\n<meta property=\"og:locale\" content=\"en_US\" \/>\n<meta property=\"og:type\" content=\"article\" \/>\n<meta property=\"og:title\" content=\"SMOKEY OLIVE WOOD - oliivipuust 220 mm grill-plangud 2 tk komplektis - BBQ Entertainment\" \/>\n<meta property=\"og:description\" content=\"SMOKEY OLIVE WOOD - oliivipuust 220 mm grill-plangud 2 tk komplektis Valmistatud Hispaanias kasvavate oliivipuude juurtest. 100% looduslikud, p\u00e4ikese k\u00e4es kuivatatud grill-plangud.  Sobib suurep\u00e4raselt grillimiseks, lisades grilliroale meeldivat maitset, aga ka muljetavaldavaks serveerimiseks: lauale saab asetada grillplaadil k\u00fcpsetatud toitu.  Iga plaat on ainulaadne, erilise puus\u00fc\u00fc mustriga.  Enne kasutamist kata n\u00e4iteks \u00f5liga. Sama plaati saab kasutada 30 v\u00f5i enam korda.  Tootja: AndalubizBB&amp;Q P\u00e4ritoluriik: Hispaania Kood: V-02-220MM Pakendis: 2 plaati\" \/>\n<meta property=\"og:url\" content=\"https:\/\/bbqentertainment.com\/toode\/smokey-olive-wood-oliivipuust-220-mm-grill-plangud-2-tk-komplektis\/\" \/>\n<meta property=\"og:site_name\" content=\"BBQ Entertainment\" \/>\n<meta property=\"article:publisher\" content=\"https:\/\/www.facebook.com\/BBQ-Entertainment-N-Catering-2437913376443540\" \/>\n<meta property=\"article:modified_time\" content=\"2025-07-25T10:45:58+00:00\" \/>\n<meta property=\"og:image\" content=\"https:\/\/bbqentertainment.com\/wp-content\/uploads\/2024\/04\/BBQ-Entertainment-SMOKEY-OLIVE-WOOD-oliivipuust-220-mm-grill-plangud-2-tk-komplektis-2-1.webp\" \/>\n\t<meta property=\"og:image:width\" content=\"1052\" \/>\n\t<meta property=\"og:image:height\" content=\"1051\" \/>\n\t<meta property=\"og:image:type\" content=\"image\/webp\" \/>\n<meta name=\"twitter:card\" content=\"summary_large_image\" \/>\n<meta name=\"twitter:label1\" content=\"Est. reading time\" \/>\n\t<meta name=\"twitter:data1\" content=\"1 minute\" \/>\n<script type=\"application\/ld+json\" class=\"yoast-schema-graph\">{\"@context\":\"https:\\\/\\\/schema.org\",\"@graph\":[{\"@type\":[\"WebPage\",\"ItemPage\"],\"@id\":\"https:\\\/\\\/bbqentertainment.com\\\/toode\\\/smokey-olive-wood-oliivipuust-220-mm-grill-plangud-2-tk-komplektis\\\/\",\"url\":\"https:\\\/\\\/bbqentertainment.com\\\/toode\\\/smokey-olive-wood-oliivipuust-220-mm-grill-plangud-2-tk-komplektis\\\/\",\"name\":\"SMOKEY OLIVE WOOD - oliivipuust 220 mm grill-plangud 2 tk komplektis - BBQ Entertainment\",\"isPartOf\":{\"@id\":\"https:\\\/\\\/bbqentertainment.com\\\/#website\"},\"primaryImageOfPage\":{\"@id\":\"https:\\\/\\\/bbqentertainment.com\\\/toode\\\/smokey-olive-wood-oliivipuust-220-mm-grill-plangud-2-tk-komplektis\\\/#primaryimage\"},\"image\":{\"@id\":\"https:\\\/\\\/bbqentertainment.com\\\/toode\\\/smokey-olive-wood-oliivipuust-220-mm-grill-plangud-2-tk-komplektis\\\/#primaryimage\"},\"thumbnailUrl\":\"https:\\\/\\\/bbqentertainment.com\\\/wp-content\\\/uploads\\\/2024\\\/04\\\/BBQ-Entertainment-SMOKEY-OLIVE-WOOD-oliivipuust-220-mm-grill-plangud-2-tk-komplektis-2-1.webp\",\"datePublished\":\"2024-04-30T16:19:02+00:00\",\"dateModified\":\"2025-07-25T10:45:58+00:00\",\"breadcrumb\":{\"@id\":\"https:\\\/\\\/bbqentertainment.com\\\/toode\\\/smokey-olive-wood-oliivipuust-220-mm-grill-plangud-2-tk-komplektis\\\/#breadcrumb\"},\"inLanguage\":\"en-US\",\"potentialAction\":[{\"@type\":\"ReadAction\",\"target\":[\"https:\\\/\\\/bbqentertainment.com\\\/toode\\\/smokey-olive-wood-oliivipuust-220-mm-grill-plangud-2-tk-komplektis\\\/\"]}]},{\"@type\":\"ImageObject\",\"inLanguage\":\"en-US\",\"@id\":\"https:\\\/\\\/bbqentertainment.com\\\/toode\\\/smokey-olive-wood-oliivipuust-220-mm-grill-plangud-2-tk-komplektis\\\/#primaryimage\",\"url\":\"https:\\\/\\\/bbqentertainment.com\\\/wp-content\\\/uploads\\\/2024\\\/04\\\/BBQ-Entertainment-SMOKEY-OLIVE-WOOD-oliivipuust-220-mm-grill-plangud-2-tk-komplektis-2-1.webp\",\"contentUrl\":\"https:\\\/\\\/bbqentertainment.com\\\/wp-content\\\/uploads\\\/2024\\\/04\\\/BBQ-Entertainment-SMOKEY-OLIVE-WOOD-oliivipuust-220-mm-grill-plangud-2-tk-komplektis-2-1.webp\",\"width\":1052,\"height\":1051},{\"@type\":\"BreadcrumbList\",\"@id\":\"https:\\\/\\\/bbqentertainment.com\\\/toode\\\/smokey-olive-wood-oliivipuust-220-mm-grill-plangud-2-tk-komplektis\\\/#breadcrumb\",\"itemListElement\":[{\"@type\":\"ListItem\",\"position\":1,\"name\":\"AVALEHT\",\"item\":\"https:\\\/\\\/bbqentertainment.com\\\/en\\\/\"},{\"@type\":\"ListItem\",\"position\":2,\"name\":\"Tooted\",\"item\":\"https:\\\/\\\/bbqentertainment.com\\\/tooted\\\/\"},{\"@type\":\"ListItem\",\"position\":3,\"name\":\"Lisatarvikud\",\"item\":\"https:\\\/\\\/bbqentertainment.com\\\/tootekategooria\\\/lisatarvikud\\\/\"},{\"@type\":\"ListItem\",\"position\":4,\"name\":\"Grillplank\",\"item\":\"https:\\\/\\\/bbqentertainment.com\\\/tootekategooria\\\/lisatarvikud\\\/grillplank\\\/\"},{\"@type\":\"ListItem\",\"position\":5,\"name\":\"SMOKEY OLIVE WOOD &#8211; oliivipuust 220 mm grill-plangud 2 tk komplektis\"}]},{\"@type\":\"WebSite\",\"@id\":\"https:\\\/\\\/bbqentertainment.com\\\/#website\",\"url\":\"https:\\\/\\\/bbqentertainment.com\\\/\",\"name\":\"BBQ Entertainment\",\"description\":\"BBQ is a great lifestyle, not just fun!\",\"publisher\":{\"@id\":\"https:\\\/\\\/bbqentertainment.com\\\/#organization\"},\"potentialAction\":[{\"@type\":\"SearchAction\",\"target\":{\"@type\":\"EntryPoint\",\"urlTemplate\":\"https:\\\/\\\/bbqentertainment.com\\\/?s={search_term_string}\"},\"query-input\":{\"@type\":\"PropertyValueSpecification\",\"valueRequired\":true,\"valueName\":\"search_term_string\"}}],\"inLanguage\":\"en-US\"},{\"@type\":\"Organization\",\"@id\":\"https:\\\/\\\/bbqentertainment.com\\\/#organization\",\"name\":\"BBQ Entertainment O\u00dc\",\"url\":\"https:\\\/\\\/bbqentertainment.com\\\/\",\"logo\":{\"@type\":\"ImageObject\",\"inLanguage\":\"en-US\",\"@id\":\"https:\\\/\\\/bbqentertainment.com\\\/#\\\/schema\\\/logo\\\/image\\\/\",\"url\":\"https:\\\/\\\/bbqentertainment.com\\\/wp-content\\\/uploads\\\/2020\\\/04\\\/BBQ-Entertainment-N-Catering-Enn-Tobreluts-Logo.png\",\"contentUrl\":\"https:\\\/\\\/bbqentertainment.com\\\/wp-content\\\/uploads\\\/2020\\\/04\\\/BBQ-Entertainment-N-Catering-Enn-Tobreluts-Logo.png\",\"width\":628,\"height\":266,\"caption\":\"BBQ Entertainment O\u00dc\"},\"image\":{\"@id\":\"https:\\\/\\\/bbqentertainment.com\\\/#\\\/schema\\\/logo\\\/image\\\/\"},\"sameAs\":[\"https:\\\/\\\/www.facebook.com\\\/BBQ-Entertainment-N-Catering-2437913376443540\",\"https:\\\/\\\/www.instagram.com\\\/bbqentertainmentncatering\\\/\",\"https:\\\/\\\/www.youtube.com\\\/channel\\\/UCmpuANQVhLy2Md8nrenp2jA\"]}]}<\/script>\n<!-- \/ Yoast SEO plugin. -->","yoast_head_json":{"title":"SMOKEY OLIVE WOOD - oliivipuust 220 mm grill-plangud 2 tk komplektis - BBQ Entertainment","robots":{"index":"index","follow":"follow","max-snippet":"max-snippet:-1","max-image-preview":"max-image-preview:large","max-video-preview":"max-video-preview:-1"},"canonical":"https:\/\/bbqentertainment.com\/toode\/smokey-olive-wood-oliivipuust-220-mm-grill-plangud-2-tk-komplektis\/","og_locale":"en_US","og_type":"article","og_title":"SMOKEY OLIVE WOOD - oliivipuust 220 mm grill-plangud 2 tk komplektis - BBQ Entertainment","og_description":"SMOKEY OLIVE WOOD - oliivipuust 220 mm grill-plangud 2 tk komplektis Valmistatud Hispaanias kasvavate oliivipuude juurtest. 100% looduslikud, p\u00e4ikese k\u00e4es kuivatatud grill-plangud.  Sobib suurep\u00e4raselt grillimiseks, lisades grilliroale meeldivat maitset, aga ka muljetavaldavaks serveerimiseks: lauale saab asetada grillplaadil k\u00fcpsetatud toitu.  Iga plaat on ainulaadne, erilise puus\u00fc\u00fc mustriga.  Enne kasutamist kata n\u00e4iteks \u00f5liga. Sama plaati saab kasutada 30 v\u00f5i enam korda.  Tootja: AndalubizBB&amp;Q P\u00e4ritoluriik: Hispaania Kood: V-02-220MM Pakendis: 2 plaati","og_url":"https:\/\/bbqentertainment.com\/toode\/smokey-olive-wood-oliivipuust-220-mm-grill-plangud-2-tk-komplektis\/","og_site_name":"BBQ Entertainment","article_publisher":"https:\/\/www.facebook.com\/BBQ-Entertainment-N-Catering-2437913376443540","article_modified_time":"2025-07-25T10:45:58+00:00","og_image":[{"width":1052,"height":1051,"url":"https:\/\/bbqentertainment.com\/wp-content\/uploads\/2024\/04\/BBQ-Entertainment-SMOKEY-OLIVE-WOOD-oliivipuust-220-mm-grill-plangud-2-tk-komplektis-2-1.webp","type":"image\/webp"}],"twitter_card":"summary_large_image","twitter_misc":{"Est. reading time":"1 minute"},"schema":{"@context":"https:\/\/schema.org","@graph":[{"@type":["WebPage","ItemPage"],"@id":"https:\/\/bbqentertainment.com\/toode\/smokey-olive-wood-oliivipuust-220-mm-grill-plangud-2-tk-komplektis\/","url":"https:\/\/bbqentertainment.com\/toode\/smokey-olive-wood-oliivipuust-220-mm-grill-plangud-2-tk-komplektis\/","name":"SMOKEY OLIVE WOOD - oliivipuust 220 mm grill-plangud 2 tk komplektis - BBQ Entertainment","isPartOf":{"@id":"https:\/\/bbqentertainment.com\/#website"},"primaryImageOfPage":{"@id":"https:\/\/bbqentertainment.com\/toode\/smokey-olive-wood-oliivipuust-220-mm-grill-plangud-2-tk-komplektis\/#primaryimage"},"image":{"@id":"https:\/\/bbqentertainment.com\/toode\/smokey-olive-wood-oliivipuust-220-mm-grill-plangud-2-tk-komplektis\/#primaryimage"},"thumbnailUrl":"https:\/\/bbqentertainment.com\/wp-content\/uploads\/2024\/04\/BBQ-Entertainment-SMOKEY-OLIVE-WOOD-oliivipuust-220-mm-grill-plangud-2-tk-komplektis-2-1.webp","datePublished":"2024-04-30T16:19:02+00:00","dateModified":"2025-07-25T10:45:58+00:00","breadcrumb":{"@id":"https:\/\/bbqentertainment.com\/toode\/smokey-olive-wood-oliivipuust-220-mm-grill-plangud-2-tk-komplektis\/#breadcrumb"},"inLanguage":"en-US","potentialAction":[{"@type":"ReadAction","target":["https:\/\/bbqentertainment.com\/toode\/smokey-olive-wood-oliivipuust-220-mm-grill-plangud-2-tk-komplektis\/"]}]},{"@type":"ImageObject","inLanguage":"en-US","@id":"https:\/\/bbqentertainment.com\/toode\/smokey-olive-wood-oliivipuust-220-mm-grill-plangud-2-tk-komplektis\/#primaryimage","url":"https:\/\/bbqentertainment.com\/wp-content\/uploads\/2024\/04\/BBQ-Entertainment-SMOKEY-OLIVE-WOOD-oliivipuust-220-mm-grill-plangud-2-tk-komplektis-2-1.webp","contentUrl":"https:\/\/bbqentertainment.com\/wp-content\/uploads\/2024\/04\/BBQ-Entertainment-SMOKEY-OLIVE-WOOD-oliivipuust-220-mm-grill-plangud-2-tk-komplektis-2-1.webp","width":1052,"height":1051},{"@type":"BreadcrumbList","@id":"https:\/\/bbqentertainment.com\/toode\/smokey-olive-wood-oliivipuust-220-mm-grill-plangud-2-tk-komplektis\/#breadcrumb","itemListElement":[{"@type":"ListItem","position":1,"name":"AVALEHT","item":"https:\/\/bbqentertainment.com\/en\/"},{"@type":"ListItem","position":2,"name":"Tooted","item":"https:\/\/bbqentertainment.com\/tooted\/"},{"@type":"ListItem","position":3,"name":"Lisatarvikud","item":"https:\/\/bbqentertainment.com\/tootekategooria\/lisatarvikud\/"},{"@type":"ListItem","position":4,"name":"Grillplank","item":"https:\/\/bbqentertainment.com\/tootekategooria\/lisatarvikud\/grillplank\/"},{"@type":"ListItem","position":5,"name":"SMOKEY OLIVE WOOD &#8211; oliivipuust 220 mm grill-plangud 2 tk komplektis"}]},{"@type":"WebSite","@id":"https:\/\/bbqentertainment.com\/#website","url":"https:\/\/bbqentertainment.com\/","name":"BBQ Entertainment","description":"BBQ is a great lifestyle, not just fun!","publisher":{"@id":"https:\/\/bbqentertainment.com\/#organization"},"potentialAction":[{"@type":"SearchAction","target":{"@type":"EntryPoint","urlTemplate":"https:\/\/bbqentertainment.com\/?s={search_term_string}"},"query-input":{"@type":"PropertyValueSpecification","valueRequired":true,"valueName":"search_term_string"}}],"inLanguage":"en-US"},{"@type":"Organization","@id":"https:\/\/bbqentertainment.com\/#organization","name":"BBQ Entertainment O\u00dc","url":"https:\/\/bbqentertainment.com\/","logo":{"@type":"ImageObject","inLanguage":"en-US","@id":"https:\/\/bbqentertainment.com\/#\/schema\/logo\/image\/","url":"https:\/\/bbqentertainment.com\/wp-content\/uploads\/2020\/04\/BBQ-Entertainment-N-Catering-Enn-Tobreluts-Logo.png","contentUrl":"https:\/\/bbqentertainment.com\/wp-content\/uploads\/2020\/04\/BBQ-Entertainment-N-Catering-Enn-Tobreluts-Logo.png","width":628,"height":266,"caption":"BBQ Entertainment O\u00dc"},"image":{"@id":"https:\/\/bbqentertainment.com\/#\/schema\/logo\/image\/"},"sameAs":["https:\/\/www.facebook.com\/BBQ-Entertainment-N-Catering-2437913376443540","https:\/\/www.instagram.com\/bbqentertainmentncatering\/","https:\/\/www.youtube.com\/channel\/UCmpuANQVhLy2Md8nrenp2jA"]}]}},"_links":{"self":[{"href":"https:\/\/bbqentertainment.com\/en\/wp-json\/wp\/v2\/product\/247250","targetHints":{"allow":["GET"]}}],"collection":[{"href":"https:\/\/bbqentertainment.com\/en\/wp-json\/wp\/v2\/product"}],"about":[{"href":"https:\/\/bbqentertainment.com\/en\/wp-json\/wp\/v2\/types\/product"}],"wp:featuredmedia":[{"embeddable":true,"href":"https:\/\/bbqentertainment.com\/en\/wp-json\/wp\/v2\/media\/247259"}],"wp:attachment":[{"href":"https:\/\/bbqentertainment.com\/en\/wp-json\/wp\/v2\/media?parent=247250"}],"wp:term":[{"taxonomy":"product_brand","embeddable":true,"href":"https:\/\/bbqentertainment.com\/en\/wp-json\/wp\/v2\/product_brand?post=247250"},{"taxonomy":"product_cat","embeddable":true,"href":"https:\/\/bbqentertainment.com\/en\/wp-json\/wp\/v2\/product_cat?post=247250"},{"taxonomy":"product_tag","embeddable":true,"href":"https:\/\/bbqentertainment.com\/en\/wp-json\/wp\/v2\/product_tag?post=247250"}],"curies":[{"name":"wp","href":"https:\/\/api.w.org\/{rel}","templated":true}]}}