{"id":247268,"date":"2024-04-30T19:29:24","date_gmt":"2024-04-30T16:29:24","guid":{"rendered":"https:\/\/bbqentertainment.com\/?post_type=product&#038;p=247268"},"modified":"2025-07-25T13:45:56","modified_gmt":"2025-07-25T10:45:56","slug":"smokey-olive-wood-oliivipuust-suitsuklotsid-puidutukid-15-kg","status":"publish","type":"product","link":"https:\/\/bbqentertainment.com\/en\/toode\/smokey-olive-wood-oliivipuust-suitsuklotsid-puidutukid-15-kg\/","title":{"rendered":"SMOKEY OLIVE WOOD &#8211; oliivipuust suitsuklotsid \/ puidut\u00fckid 1,5 kg"},"content":{"rendered":"","protected":false},"excerpt":{"rendered":"<h3>SMOKEY OLIVE WOOD &#8211; oliivipuust suitsuklotsid \/ puidut\u00fckid 1,5 kg<\/h3>\n<p>Puidut\u00fckid SMOKEY OLIVE WOOD (SOW) Olive on valmistatud hoolikalt valitud oliivipuujuurtest. Puitu kuivatatakse looduslikult ja keskkonda kahjustamata \u2013 p\u00e4ikesevalguse k\u00e4es. Sellist kuivatamismeetodit kasutavad suitsutuspuidut\u00f6\u00f6stused kogu maailmas v\u00e4ga v\u00e4hesed.<\/p>\n<p>Oliivipuujuure puit on uskumatult tihe. Selle stabiilsed t\u00fckid p\u00f5levad v\u00e4ga \u00fchtlaselt, eraldades suitsu j\u00e4rk-j\u00e4rgult. Seet\u00f5ttu sobivad need k\u00f5ige paremini suurematesse grillidesse, avatud l\u00f5kkeplatsidele ja suitsuahjudesse.<\/p>\n<p>Oliivipuu lisab roogadele t\u00fc\u00fcpilist, kerget, \u00f5rna, aromaatset oliivipuu aroomi. Sobib eriti h\u00e4sti sealiha, linnuliha, kala, veiseliha, lambaliha ja k\u00f6\u00f6giviljade suitsutamiseks.<\/p>\n<p>P\u00e4ritoluriik: Hispaania<br \/>\nKaal: 1,5 kg<br \/>\nFraktsioon: 10\u201315 cm<\/p>\n","protected":false},"featured_media":247270,"template":"","meta":{"inline_featured_image":false},"product_brand":[],"product_cat":[26],"product_tag":[],"class_list":{"0":"post-247268","1":"product","2":"type-product","3":"status-publish","4":"has-post-thumbnail","6":"product_cat-puidulaastud-ja-tukid","8":"first","9":"instock","10":"taxable","11":"shipping-taxable","12":"purchasable","13":"product-type-simple"},"yoast_head":"<!-- This site is optimized with the Yoast SEO plugin v27.4 - https:\/\/yoast.com\/product\/yoast-seo-wordpress\/ -->\n<title>SMOKEY OLIVE WOOD - oliivipuust suitsuklotsid \/ puidut\u00fckid 1,5 kg - BBQ Entertainment<\/title>\n<meta name=\"robots\" content=\"index, follow, max-snippet:-1, max-image-preview:large, max-video-preview:-1\" \/>\n<link rel=\"canonical\" href=\"https:\/\/bbqentertainment.com\/toode\/smokey-olive-wood-oliivipuust-suitsuklotsid-puidutukid-15-kg\/\" \/>\n<meta property=\"og:locale\" content=\"en_US\" \/>\n<meta property=\"og:type\" content=\"article\" \/>\n<meta property=\"og:title\" content=\"SMOKEY OLIVE WOOD - oliivipuust suitsuklotsid \/ puidut\u00fckid 1,5 kg - BBQ Entertainment\" \/>\n<meta property=\"og:description\" content=\"SMOKEY OLIVE WOOD - oliivipuust suitsuklotsid \/ puidut\u00fckid 1,5 kg Puidut\u00fckid SMOKEY OLIVE WOOD (SOW) Olive on valmistatud hoolikalt valitud oliivipuujuurtest. Puitu kuivatatakse looduslikult ja keskkonda kahjustamata \u2013 p\u00e4ikesevalguse k\u00e4es. Sellist kuivatamismeetodit kasutavad suitsutuspuidut\u00f6\u00f6stused kogu maailmas v\u00e4ga v\u00e4hesed.  Oliivipuujuure puit on uskumatult tihe. Selle stabiilsed t\u00fckid p\u00f5levad v\u00e4ga \u00fchtlaselt, eraldades suitsu j\u00e4rk-j\u00e4rgult. Seet\u00f5ttu sobivad need k\u00f5ige paremini suurematesse grillidesse, avatud l\u00f5kkeplatsidele ja suitsuahjudesse.  Oliivipuu lisab roogadele t\u00fc\u00fcpilist, kerget, \u00f5rna, aromaatset oliivipuu aroomi. Sobib eriti h\u00e4sti sealiha, linnuliha, kala, veiseliha, lambaliha ja k\u00f6\u00f6giviljade suitsutamiseks.  P\u00e4ritoluriik: Hispaania Kaal: 1,5 kg Fraktsioon: 10\u201315 cm\" \/>\n<meta property=\"og:url\" content=\"https:\/\/bbqentertainment.com\/toode\/smokey-olive-wood-oliivipuust-suitsuklotsid-puidutukid-15-kg\/\" \/>\n<meta property=\"og:site_name\" content=\"BBQ Entertainment\" \/>\n<meta property=\"article:publisher\" content=\"https:\/\/www.facebook.com\/BBQ-Entertainment-N-Catering-2437913376443540\" \/>\n<meta property=\"article:modified_time\" content=\"2025-07-25T10:45:56+00:00\" \/>\n<meta property=\"og:image\" content=\"https:\/\/bbqentertainment.com\/wp-content\/uploads\/2024\/04\/BBQ-Entertainment-SMOKEY-OLIVE-WOOD-oliivipuust-suitsuklotsid-puidutukid-15-kg.webp\" \/>\n\t<meta property=\"og:image:width\" content=\"747\" \/>\n\t<meta property=\"og:image:height\" content=\"747\" \/>\n\t<meta property=\"og:image:type\" content=\"image\/webp\" \/>\n<meta name=\"twitter:card\" content=\"summary_large_image\" \/>\n<script type=\"application\/ld+json\" class=\"yoast-schema-graph\">{\"@context\":\"https:\\\/\\\/schema.org\",\"@graph\":[{\"@type\":[\"WebPage\",\"ItemPage\"],\"@id\":\"https:\\\/\\\/bbqentertainment.com\\\/toode\\\/smokey-olive-wood-oliivipuust-suitsuklotsid-puidutukid-15-kg\\\/\",\"url\":\"https:\\\/\\\/bbqentertainment.com\\\/toode\\\/smokey-olive-wood-oliivipuust-suitsuklotsid-puidutukid-15-kg\\\/\",\"name\":\"SMOKEY OLIVE WOOD - oliivipuust suitsuklotsid \\\/ puidut\u00fckid 1,5 kg - BBQ Entertainment\",\"isPartOf\":{\"@id\":\"https:\\\/\\\/bbqentertainment.com\\\/#website\"},\"primaryImageOfPage\":{\"@id\":\"https:\\\/\\\/bbqentertainment.com\\\/toode\\\/smokey-olive-wood-oliivipuust-suitsuklotsid-puidutukid-15-kg\\\/#primaryimage\"},\"image\":{\"@id\":\"https:\\\/\\\/bbqentertainment.com\\\/toode\\\/smokey-olive-wood-oliivipuust-suitsuklotsid-puidutukid-15-kg\\\/#primaryimage\"},\"thumbnailUrl\":\"https:\\\/\\\/bbqentertainment.com\\\/wp-content\\\/uploads\\\/2024\\\/04\\\/BBQ-Entertainment-SMOKEY-OLIVE-WOOD-oliivipuust-suitsuklotsid-puidutukid-15-kg.webp\",\"datePublished\":\"2024-04-30T16:29:24+00:00\",\"dateModified\":\"2025-07-25T10:45:56+00:00\",\"breadcrumb\":{\"@id\":\"https:\\\/\\\/bbqentertainment.com\\\/toode\\\/smokey-olive-wood-oliivipuust-suitsuklotsid-puidutukid-15-kg\\\/#breadcrumb\"},\"inLanguage\":\"en-US\",\"potentialAction\":[{\"@type\":\"ReadAction\",\"target\":[\"https:\\\/\\\/bbqentertainment.com\\\/toode\\\/smokey-olive-wood-oliivipuust-suitsuklotsid-puidutukid-15-kg\\\/\"]}]},{\"@type\":\"ImageObject\",\"inLanguage\":\"en-US\",\"@id\":\"https:\\\/\\\/bbqentertainment.com\\\/toode\\\/smokey-olive-wood-oliivipuust-suitsuklotsid-puidutukid-15-kg\\\/#primaryimage\",\"url\":\"https:\\\/\\\/bbqentertainment.com\\\/wp-content\\\/uploads\\\/2024\\\/04\\\/BBQ-Entertainment-SMOKEY-OLIVE-WOOD-oliivipuust-suitsuklotsid-puidutukid-15-kg.webp\",\"contentUrl\":\"https:\\\/\\\/bbqentertainment.com\\\/wp-content\\\/uploads\\\/2024\\\/04\\\/BBQ-Entertainment-SMOKEY-OLIVE-WOOD-oliivipuust-suitsuklotsid-puidutukid-15-kg.webp\",\"width\":747,\"height\":747},{\"@type\":\"BreadcrumbList\",\"@id\":\"https:\\\/\\\/bbqentertainment.com\\\/toode\\\/smokey-olive-wood-oliivipuust-suitsuklotsid-puidutukid-15-kg\\\/#breadcrumb\",\"itemListElement\":[{\"@type\":\"ListItem\",\"position\":1,\"name\":\"AVALEHT\",\"item\":\"https:\\\/\\\/bbqentertainment.com\\\/en\\\/\"},{\"@type\":\"ListItem\",\"position\":2,\"name\":\"Tooted\",\"item\":\"https:\\\/\\\/bbqentertainment.com\\\/tooted\\\/\"},{\"@type\":\"ListItem\",\"position\":3,\"name\":\"K\u00fcte\",\"item\":\"https:\\\/\\\/bbqentertainment.com\\\/tootekategooria\\\/grillsusi\\\/\"},{\"@type\":\"ListItem\",\"position\":4,\"name\":\"Puidulaastud ja -t\u00fckid\",\"item\":\"https:\\\/\\\/bbqentertainment.com\\\/tootekategooria\\\/grillsusi\\\/puidulaastud-ja-tukid\\\/\"},{\"@type\":\"ListItem\",\"position\":5,\"name\":\"SMOKEY OLIVE WOOD &#8211; oliivipuust suitsuklotsid \\\/ puidut\u00fckid 1,5 kg\"}]},{\"@type\":\"WebSite\",\"@id\":\"https:\\\/\\\/bbqentertainment.com\\\/#website\",\"url\":\"https:\\\/\\\/bbqentertainment.com\\\/\",\"name\":\"BBQ Entertainment\",\"description\":\"BBQ is a great lifestyle, not just fun!\",\"publisher\":{\"@id\":\"https:\\\/\\\/bbqentertainment.com\\\/#organization\"},\"potentialAction\":[{\"@type\":\"SearchAction\",\"target\":{\"@type\":\"EntryPoint\",\"urlTemplate\":\"https:\\\/\\\/bbqentertainment.com\\\/?s={search_term_string}\"},\"query-input\":{\"@type\":\"PropertyValueSpecification\",\"valueRequired\":true,\"valueName\":\"search_term_string\"}}],\"inLanguage\":\"en-US\"},{\"@type\":\"Organization\",\"@id\":\"https:\\\/\\\/bbqentertainment.com\\\/#organization\",\"name\":\"BBQ Entertainment O\u00dc\",\"url\":\"https:\\\/\\\/bbqentertainment.com\\\/\",\"logo\":{\"@type\":\"ImageObject\",\"inLanguage\":\"en-US\",\"@id\":\"https:\\\/\\\/bbqentertainment.com\\\/#\\\/schema\\\/logo\\\/image\\\/\",\"url\":\"https:\\\/\\\/bbqentertainment.com\\\/wp-content\\\/uploads\\\/2020\\\/04\\\/BBQ-Entertainment-N-Catering-Enn-Tobreluts-Logo.png\",\"contentUrl\":\"https:\\\/\\\/bbqentertainment.com\\\/wp-content\\\/uploads\\\/2020\\\/04\\\/BBQ-Entertainment-N-Catering-Enn-Tobreluts-Logo.png\",\"width\":628,\"height\":266,\"caption\":\"BBQ Entertainment O\u00dc\"},\"image\":{\"@id\":\"https:\\\/\\\/bbqentertainment.com\\\/#\\\/schema\\\/logo\\\/image\\\/\"},\"sameAs\":[\"https:\\\/\\\/www.facebook.com\\\/BBQ-Entertainment-N-Catering-2437913376443540\",\"https:\\\/\\\/www.instagram.com\\\/bbqentertainmentncatering\\\/\",\"https:\\\/\\\/www.youtube.com\\\/channel\\\/UCmpuANQVhLy2Md8nrenp2jA\"]}]}<\/script>\n<!-- \/ Yoast SEO plugin. -->","yoast_head_json":{"title":"SMOKEY OLIVE WOOD - oliivipuust suitsuklotsid \/ puidut\u00fckid 1,5 kg - BBQ Entertainment","robots":{"index":"index","follow":"follow","max-snippet":"max-snippet:-1","max-image-preview":"max-image-preview:large","max-video-preview":"max-video-preview:-1"},"canonical":"https:\/\/bbqentertainment.com\/toode\/smokey-olive-wood-oliivipuust-suitsuklotsid-puidutukid-15-kg\/","og_locale":"en_US","og_type":"article","og_title":"SMOKEY OLIVE WOOD - oliivipuust suitsuklotsid \/ puidut\u00fckid 1,5 kg - BBQ Entertainment","og_description":"SMOKEY OLIVE WOOD - oliivipuust suitsuklotsid \/ puidut\u00fckid 1,5 kg Puidut\u00fckid SMOKEY OLIVE WOOD (SOW) Olive on valmistatud hoolikalt valitud oliivipuujuurtest. Puitu kuivatatakse looduslikult ja keskkonda kahjustamata \u2013 p\u00e4ikesevalguse k\u00e4es. Sellist kuivatamismeetodit kasutavad suitsutuspuidut\u00f6\u00f6stused kogu maailmas v\u00e4ga v\u00e4hesed.  Oliivipuujuure puit on uskumatult tihe. Selle stabiilsed t\u00fckid p\u00f5levad v\u00e4ga \u00fchtlaselt, eraldades suitsu j\u00e4rk-j\u00e4rgult. Seet\u00f5ttu sobivad need k\u00f5ige paremini suurematesse grillidesse, avatud l\u00f5kkeplatsidele ja suitsuahjudesse.  Oliivipuu lisab roogadele t\u00fc\u00fcpilist, kerget, \u00f5rna, aromaatset oliivipuu aroomi. Sobib eriti h\u00e4sti sealiha, linnuliha, kala, veiseliha, lambaliha ja k\u00f6\u00f6giviljade suitsutamiseks.  P\u00e4ritoluriik: Hispaania Kaal: 1,5 kg Fraktsioon: 10\u201315 cm","og_url":"https:\/\/bbqentertainment.com\/toode\/smokey-olive-wood-oliivipuust-suitsuklotsid-puidutukid-15-kg\/","og_site_name":"BBQ Entertainment","article_publisher":"https:\/\/www.facebook.com\/BBQ-Entertainment-N-Catering-2437913376443540","article_modified_time":"2025-07-25T10:45:56+00:00","og_image":[{"width":747,"height":747,"url":"https:\/\/bbqentertainment.com\/wp-content\/uploads\/2024\/04\/BBQ-Entertainment-SMOKEY-OLIVE-WOOD-oliivipuust-suitsuklotsid-puidutukid-15-kg.webp","type":"image\/webp"}],"twitter_card":"summary_large_image","schema":{"@context":"https:\/\/schema.org","@graph":[{"@type":["WebPage","ItemPage"],"@id":"https:\/\/bbqentertainment.com\/toode\/smokey-olive-wood-oliivipuust-suitsuklotsid-puidutukid-15-kg\/","url":"https:\/\/bbqentertainment.com\/toode\/smokey-olive-wood-oliivipuust-suitsuklotsid-puidutukid-15-kg\/","name":"SMOKEY OLIVE WOOD - oliivipuust suitsuklotsid \/ puidut\u00fckid 1,5 kg - BBQ Entertainment","isPartOf":{"@id":"https:\/\/bbqentertainment.com\/#website"},"primaryImageOfPage":{"@id":"https:\/\/bbqentertainment.com\/toode\/smokey-olive-wood-oliivipuust-suitsuklotsid-puidutukid-15-kg\/#primaryimage"},"image":{"@id":"https:\/\/bbqentertainment.com\/toode\/smokey-olive-wood-oliivipuust-suitsuklotsid-puidutukid-15-kg\/#primaryimage"},"thumbnailUrl":"https:\/\/bbqentertainment.com\/wp-content\/uploads\/2024\/04\/BBQ-Entertainment-SMOKEY-OLIVE-WOOD-oliivipuust-suitsuklotsid-puidutukid-15-kg.webp","datePublished":"2024-04-30T16:29:24+00:00","dateModified":"2025-07-25T10:45:56+00:00","breadcrumb":{"@id":"https:\/\/bbqentertainment.com\/toode\/smokey-olive-wood-oliivipuust-suitsuklotsid-puidutukid-15-kg\/#breadcrumb"},"inLanguage":"en-US","potentialAction":[{"@type":"ReadAction","target":["https:\/\/bbqentertainment.com\/toode\/smokey-olive-wood-oliivipuust-suitsuklotsid-puidutukid-15-kg\/"]}]},{"@type":"ImageObject","inLanguage":"en-US","@id":"https:\/\/bbqentertainment.com\/toode\/smokey-olive-wood-oliivipuust-suitsuklotsid-puidutukid-15-kg\/#primaryimage","url":"https:\/\/bbqentertainment.com\/wp-content\/uploads\/2024\/04\/BBQ-Entertainment-SMOKEY-OLIVE-WOOD-oliivipuust-suitsuklotsid-puidutukid-15-kg.webp","contentUrl":"https:\/\/bbqentertainment.com\/wp-content\/uploads\/2024\/04\/BBQ-Entertainment-SMOKEY-OLIVE-WOOD-oliivipuust-suitsuklotsid-puidutukid-15-kg.webp","width":747,"height":747},{"@type":"BreadcrumbList","@id":"https:\/\/bbqentertainment.com\/toode\/smokey-olive-wood-oliivipuust-suitsuklotsid-puidutukid-15-kg\/#breadcrumb","itemListElement":[{"@type":"ListItem","position":1,"name":"AVALEHT","item":"https:\/\/bbqentertainment.com\/en\/"},{"@type":"ListItem","position":2,"name":"Tooted","item":"https:\/\/bbqentertainment.com\/tooted\/"},{"@type":"ListItem","position":3,"name":"K\u00fcte","item":"https:\/\/bbqentertainment.com\/tootekategooria\/grillsusi\/"},{"@type":"ListItem","position":4,"name":"Puidulaastud ja -t\u00fckid","item":"https:\/\/bbqentertainment.com\/tootekategooria\/grillsusi\/puidulaastud-ja-tukid\/"},{"@type":"ListItem","position":5,"name":"SMOKEY OLIVE WOOD &#8211; oliivipuust suitsuklotsid \/ puidut\u00fckid 1,5 kg"}]},{"@type":"WebSite","@id":"https:\/\/bbqentertainment.com\/#website","url":"https:\/\/bbqentertainment.com\/","name":"BBQ Entertainment","description":"BBQ is a great lifestyle, not just fun!","publisher":{"@id":"https:\/\/bbqentertainment.com\/#organization"},"potentialAction":[{"@type":"SearchAction","target":{"@type":"EntryPoint","urlTemplate":"https:\/\/bbqentertainment.com\/?s={search_term_string}"},"query-input":{"@type":"PropertyValueSpecification","valueRequired":true,"valueName":"search_term_string"}}],"inLanguage":"en-US"},{"@type":"Organization","@id":"https:\/\/bbqentertainment.com\/#organization","name":"BBQ Entertainment O\u00dc","url":"https:\/\/bbqentertainment.com\/","logo":{"@type":"ImageObject","inLanguage":"en-US","@id":"https:\/\/bbqentertainment.com\/#\/schema\/logo\/image\/","url":"https:\/\/bbqentertainment.com\/wp-content\/uploads\/2020\/04\/BBQ-Entertainment-N-Catering-Enn-Tobreluts-Logo.png","contentUrl":"https:\/\/bbqentertainment.com\/wp-content\/uploads\/2020\/04\/BBQ-Entertainment-N-Catering-Enn-Tobreluts-Logo.png","width":628,"height":266,"caption":"BBQ Entertainment O\u00dc"},"image":{"@id":"https:\/\/bbqentertainment.com\/#\/schema\/logo\/image\/"},"sameAs":["https:\/\/www.facebook.com\/BBQ-Entertainment-N-Catering-2437913376443540","https:\/\/www.instagram.com\/bbqentertainmentncatering\/","https:\/\/www.youtube.com\/channel\/UCmpuANQVhLy2Md8nrenp2jA"]}]}},"_links":{"self":[{"href":"https:\/\/bbqentertainment.com\/en\/wp-json\/wp\/v2\/product\/247268","targetHints":{"allow":["GET"]}}],"collection":[{"href":"https:\/\/bbqentertainment.com\/en\/wp-json\/wp\/v2\/product"}],"about":[{"href":"https:\/\/bbqentertainment.com\/en\/wp-json\/wp\/v2\/types\/product"}],"wp:featuredmedia":[{"embeddable":true,"href":"https:\/\/bbqentertainment.com\/en\/wp-json\/wp\/v2\/media\/247270"}],"wp:attachment":[{"href":"https:\/\/bbqentertainment.com\/en\/wp-json\/wp\/v2\/media?parent=247268"}],"wp:term":[{"taxonomy":"product_brand","embeddable":true,"href":"https:\/\/bbqentertainment.com\/en\/wp-json\/wp\/v2\/product_brand?post=247268"},{"taxonomy":"product_cat","embeddable":true,"href":"https:\/\/bbqentertainment.com\/en\/wp-json\/wp\/v2\/product_cat?post=247268"},{"taxonomy":"product_tag","embeddable":true,"href":"https:\/\/bbqentertainment.com\/en\/wp-json\/wp\/v2\/product_tag?post=247268"}],"curies":[{"name":"wp","href":"https:\/\/api.w.org\/{rel}","templated":true}]}}