{"id":247273,"date":"2024-04-30T19:30:04","date_gmt":"2024-04-30T16:30:04","guid":{"rendered":"https:\/\/bbqentertainment.com\/?post_type=product&#038;p=247273"},"modified":"2025-07-25T13:45:46","modified_gmt":"2025-07-25T10:45:46","slug":"smokey-olive-wood-mandlipuust-suured-suitsulaastud-17-l","status":"publish","type":"product","link":"https:\/\/bbqentertainment.com\/en\/toode\/smokey-olive-wood-mandlipuust-suured-suitsulaastud-17-l\/","title":{"rendered":"SMOKEY OLIVE WOOD &#8211; mandlipuust suured suitsulaastud 1,7 L"},"content":{"rendered":"","protected":false},"excerpt":{"rendered":"<h3>SMOKEY OLIVE WOOD &#8211; mandlipuust suured suitsulaastud 1,7 L<\/h3>\n<p>Suitsutamiseks m\u00f5eldud laastud SMOKEY OLIVE WOOD (SOW) Almond on valmistatud 100% looduslikust, hoolikalt valitud mandlipuupuidust.\u00a0Puitu kuivatatakse v\u00e4ga looduslikult ja keskkonda kahjustamata \u2013 p\u00e4ikesevalguse k\u00e4es. Sellist kuivatamismeetodit kasutavad suitsutamiselaastut\u00f6\u00f6stused kogu maailmas v\u00e4ga v\u00e4hesed<\/p>\n<p>Kasutamine: leotada laaste puhtas vees ca 30 minutit. Enne suitsutamist soovitame need alumiiniumfooliumisse m\u00e4hkida, j\u00e4ttes otsad avatuks, ja asetada siis kuumale s\u00f6ele v\u00f5i restile. Toitu tuleks k\u00fcpsetada laastude suitsu eraldamisel.\u00a0Tugev suitsu intensiivsus! Lisab roogadele t\u00fc\u00fcpilist, \u00f5rna, kergelt magusat ja p\u00e4hklist mandlipuulaastude aroomi. Soovitame seda eriti sealiha, linnuliha, veiseliha ja lambaliha suitsutamiseks.<\/p>\n<p>Laastudega saab suitsutada erinevates suitsuahjudes, gaasi-, s\u00fcsi- v\u00f5i elektrigrillides, millel on hermeetiliselt suletavad kaaned.<\/p>\n<p>P\u00e4ritoluriik: Hispaania<br \/>\nMaht: 1,7 l<br \/>\nFraktsioon: 2\u20133 cm<br \/>\nS\u00e4ilita \u00f5hukindlas pakendis &#8211; sedasi hoiad suitsutamislaastu j\u00e4\u00e4nused kuivalt ja turvaliselt j\u00e4rgmiseks korraks.<\/p>\n","protected":false},"featured_media":247285,"template":"","meta":{"inline_featured_image":false},"product_brand":[],"product_cat":[26],"product_tag":[],"class_list":{"0":"post-247273","1":"product","2":"type-product","3":"status-publish","4":"has-post-thumbnail","6":"product_cat-puidulaastud-ja-tukid","8":"first","9":"instock","10":"taxable","11":"shipping-taxable","12":"purchasable","13":"product-type-simple"},"yoast_head":"<!-- This site is optimized with the Yoast SEO plugin v27.4 - https:\/\/yoast.com\/product\/yoast-seo-wordpress\/ -->\n<title>SMOKEY OLIVE WOOD - mandlipuust suured suitsulaastud 1,7 L - BBQ Entertainment<\/title>\n<meta name=\"robots\" content=\"index, follow, max-snippet:-1, max-image-preview:large, max-video-preview:-1\" \/>\n<link rel=\"canonical\" href=\"https:\/\/bbqentertainment.com\/toode\/smokey-olive-wood-mandlipuust-suured-suitsulaastud-17-l\/\" \/>\n<meta property=\"og:locale\" content=\"en_US\" \/>\n<meta property=\"og:type\" content=\"article\" \/>\n<meta property=\"og:title\" content=\"SMOKEY OLIVE WOOD - mandlipuust suured suitsulaastud 1,7 L - BBQ Entertainment\" \/>\n<meta property=\"og:description\" content=\"SMOKEY OLIVE WOOD - mandlipuust suured suitsulaastud 1,7 L Suitsutamiseks m\u00f5eldud laastud SMOKEY OLIVE WOOD (SOW) Almond on valmistatud 100% looduslikust, hoolikalt valitud mandlipuupuidust.\u00a0Puitu kuivatatakse v\u00e4ga looduslikult ja keskkonda kahjustamata \u2013 p\u00e4ikesevalguse k\u00e4es. Sellist kuivatamismeetodit kasutavad suitsutamiselaastut\u00f6\u00f6stused kogu maailmas v\u00e4ga v\u00e4hesed  Kasutamine: leotada laaste puhtas vees ca 30 minutit. Enne suitsutamist soovitame need alumiiniumfooliumisse m\u00e4hkida, j\u00e4ttes otsad avatuks, ja asetada siis kuumale s\u00f6ele v\u00f5i restile. Toitu tuleks k\u00fcpsetada laastude suitsu eraldamisel.\u00a0Tugev suitsu intensiivsus! Lisab roogadele t\u00fc\u00fcpilist, \u00f5rna, kergelt magusat ja p\u00e4hklist mandlipuulaastude aroomi. Soovitame seda eriti sealiha, linnuliha, veiseliha ja lambaliha suitsutamiseks.  Laastudega saab suitsutada erinevates suitsuahjudes, gaasi-, s\u00fcsi- v\u00f5i elektrigrillides, millel on hermeetiliselt suletavad kaaned.  P\u00e4ritoluriik: Hispaania Maht: 1,7 l Fraktsioon: 2\u20133 cm S\u00e4ilita \u00f5hukindlas pakendis - sedasi hoiad suitsutamislaastu j\u00e4\u00e4nused kuivalt ja turvaliselt j\u00e4rgmiseks korraks.\" \/>\n<meta property=\"og:url\" content=\"https:\/\/bbqentertainment.com\/toode\/smokey-olive-wood-mandlipuust-suured-suitsulaastud-17-l\/\" \/>\n<meta property=\"og:site_name\" content=\"BBQ Entertainment\" \/>\n<meta property=\"article:publisher\" content=\"https:\/\/www.facebook.com\/BBQ-Entertainment-N-Catering-2437913376443540\" \/>\n<meta property=\"article:modified_time\" content=\"2025-07-25T10:45:46+00:00\" \/>\n<meta property=\"og:image\" content=\"https:\/\/bbqentertainment.com\/wp-content\/uploads\/2024\/04\/BBQ-Entertainment-SMOKEY-OLIVE-WOOD-mandlipuust-suured-suitsulaastud-17-L-1.jpg\" \/>\n\t<meta property=\"og:image:width\" content=\"1001\" \/>\n\t<meta property=\"og:image:height\" content=\"1000\" \/>\n\t<meta property=\"og:image:type\" content=\"image\/jpeg\" \/>\n<meta name=\"twitter:card\" content=\"summary_large_image\" \/>\n<meta name=\"twitter:label1\" content=\"Est. reading time\" \/>\n\t<meta name=\"twitter:data1\" content=\"1 minute\" \/>\n<script type=\"application\/ld+json\" class=\"yoast-schema-graph\">{\"@context\":\"https:\\\/\\\/schema.org\",\"@graph\":[{\"@type\":[\"WebPage\",\"ItemPage\"],\"@id\":\"https:\\\/\\\/bbqentertainment.com\\\/toode\\\/smokey-olive-wood-mandlipuust-suured-suitsulaastud-17-l\\\/\",\"url\":\"https:\\\/\\\/bbqentertainment.com\\\/toode\\\/smokey-olive-wood-mandlipuust-suured-suitsulaastud-17-l\\\/\",\"name\":\"SMOKEY OLIVE WOOD - mandlipuust suured suitsulaastud 1,7 L - BBQ Entertainment\",\"isPartOf\":{\"@id\":\"https:\\\/\\\/bbqentertainment.com\\\/#website\"},\"primaryImageOfPage\":{\"@id\":\"https:\\\/\\\/bbqentertainment.com\\\/toode\\\/smokey-olive-wood-mandlipuust-suured-suitsulaastud-17-l\\\/#primaryimage\"},\"image\":{\"@id\":\"https:\\\/\\\/bbqentertainment.com\\\/toode\\\/smokey-olive-wood-mandlipuust-suured-suitsulaastud-17-l\\\/#primaryimage\"},\"thumbnailUrl\":\"https:\\\/\\\/bbqentertainment.com\\\/wp-content\\\/uploads\\\/2024\\\/04\\\/BBQ-Entertainment-SMOKEY-OLIVE-WOOD-mandlipuust-suured-suitsulaastud-17-L-1.jpg\",\"datePublished\":\"2024-04-30T16:30:04+00:00\",\"dateModified\":\"2025-07-25T10:45:46+00:00\",\"breadcrumb\":{\"@id\":\"https:\\\/\\\/bbqentertainment.com\\\/toode\\\/smokey-olive-wood-mandlipuust-suured-suitsulaastud-17-l\\\/#breadcrumb\"},\"inLanguage\":\"en-US\",\"potentialAction\":[{\"@type\":\"ReadAction\",\"target\":[\"https:\\\/\\\/bbqentertainment.com\\\/toode\\\/smokey-olive-wood-mandlipuust-suured-suitsulaastud-17-l\\\/\"]}]},{\"@type\":\"ImageObject\",\"inLanguage\":\"en-US\",\"@id\":\"https:\\\/\\\/bbqentertainment.com\\\/toode\\\/smokey-olive-wood-mandlipuust-suured-suitsulaastud-17-l\\\/#primaryimage\",\"url\":\"https:\\\/\\\/bbqentertainment.com\\\/wp-content\\\/uploads\\\/2024\\\/04\\\/BBQ-Entertainment-SMOKEY-OLIVE-WOOD-mandlipuust-suured-suitsulaastud-17-L-1.jpg\",\"contentUrl\":\"https:\\\/\\\/bbqentertainment.com\\\/wp-content\\\/uploads\\\/2024\\\/04\\\/BBQ-Entertainment-SMOKEY-OLIVE-WOOD-mandlipuust-suured-suitsulaastud-17-L-1.jpg\",\"width\":1001,\"height\":1000},{\"@type\":\"BreadcrumbList\",\"@id\":\"https:\\\/\\\/bbqentertainment.com\\\/toode\\\/smokey-olive-wood-mandlipuust-suured-suitsulaastud-17-l\\\/#breadcrumb\",\"itemListElement\":[{\"@type\":\"ListItem\",\"position\":1,\"name\":\"AVALEHT\",\"item\":\"https:\\\/\\\/bbqentertainment.com\\\/en\\\/\"},{\"@type\":\"ListItem\",\"position\":2,\"name\":\"Tooted\",\"item\":\"https:\\\/\\\/bbqentertainment.com\\\/tooted\\\/\"},{\"@type\":\"ListItem\",\"position\":3,\"name\":\"K\u00fcte\",\"item\":\"https:\\\/\\\/bbqentertainment.com\\\/tootekategooria\\\/grillsusi\\\/\"},{\"@type\":\"ListItem\",\"position\":4,\"name\":\"Puidulaastud ja -t\u00fckid\",\"item\":\"https:\\\/\\\/bbqentertainment.com\\\/tootekategooria\\\/grillsusi\\\/puidulaastud-ja-tukid\\\/\"},{\"@type\":\"ListItem\",\"position\":5,\"name\":\"SMOKEY OLIVE WOOD &#8211; mandlipuust suured suitsulaastud 1,7 L\"}]},{\"@type\":\"WebSite\",\"@id\":\"https:\\\/\\\/bbqentertainment.com\\\/#website\",\"url\":\"https:\\\/\\\/bbqentertainment.com\\\/\",\"name\":\"BBQ Entertainment\",\"description\":\"BBQ is a great lifestyle, not just fun!\",\"publisher\":{\"@id\":\"https:\\\/\\\/bbqentertainment.com\\\/#organization\"},\"potentialAction\":[{\"@type\":\"SearchAction\",\"target\":{\"@type\":\"EntryPoint\",\"urlTemplate\":\"https:\\\/\\\/bbqentertainment.com\\\/?s={search_term_string}\"},\"query-input\":{\"@type\":\"PropertyValueSpecification\",\"valueRequired\":true,\"valueName\":\"search_term_string\"}}],\"inLanguage\":\"en-US\"},{\"@type\":\"Organization\",\"@id\":\"https:\\\/\\\/bbqentertainment.com\\\/#organization\",\"name\":\"BBQ Entertainment O\u00dc\",\"url\":\"https:\\\/\\\/bbqentertainment.com\\\/\",\"logo\":{\"@type\":\"ImageObject\",\"inLanguage\":\"en-US\",\"@id\":\"https:\\\/\\\/bbqentertainment.com\\\/#\\\/schema\\\/logo\\\/image\\\/\",\"url\":\"https:\\\/\\\/bbqentertainment.com\\\/wp-content\\\/uploads\\\/2020\\\/04\\\/BBQ-Entertainment-N-Catering-Enn-Tobreluts-Logo.png\",\"contentUrl\":\"https:\\\/\\\/bbqentertainment.com\\\/wp-content\\\/uploads\\\/2020\\\/04\\\/BBQ-Entertainment-N-Catering-Enn-Tobreluts-Logo.png\",\"width\":628,\"height\":266,\"caption\":\"BBQ Entertainment O\u00dc\"},\"image\":{\"@id\":\"https:\\\/\\\/bbqentertainment.com\\\/#\\\/schema\\\/logo\\\/image\\\/\"},\"sameAs\":[\"https:\\\/\\\/www.facebook.com\\\/BBQ-Entertainment-N-Catering-2437913376443540\",\"https:\\\/\\\/www.instagram.com\\\/bbqentertainmentncatering\\\/\",\"https:\\\/\\\/www.youtube.com\\\/channel\\\/UCmpuANQVhLy2Md8nrenp2jA\"]}]}<\/script>\n<!-- \/ Yoast SEO plugin. -->","yoast_head_json":{"title":"SMOKEY OLIVE WOOD - mandlipuust suured suitsulaastud 1,7 L - BBQ Entertainment","robots":{"index":"index","follow":"follow","max-snippet":"max-snippet:-1","max-image-preview":"max-image-preview:large","max-video-preview":"max-video-preview:-1"},"canonical":"https:\/\/bbqentertainment.com\/toode\/smokey-olive-wood-mandlipuust-suured-suitsulaastud-17-l\/","og_locale":"en_US","og_type":"article","og_title":"SMOKEY OLIVE WOOD - mandlipuust suured suitsulaastud 1,7 L - BBQ Entertainment","og_description":"SMOKEY OLIVE WOOD - mandlipuust suured suitsulaastud 1,7 L Suitsutamiseks m\u00f5eldud laastud SMOKEY OLIVE WOOD (SOW) Almond on valmistatud 100% looduslikust, hoolikalt valitud mandlipuupuidust.\u00a0Puitu kuivatatakse v\u00e4ga looduslikult ja keskkonda kahjustamata \u2013 p\u00e4ikesevalguse k\u00e4es. Sellist kuivatamismeetodit kasutavad suitsutamiselaastut\u00f6\u00f6stused kogu maailmas v\u00e4ga v\u00e4hesed  Kasutamine: leotada laaste puhtas vees ca 30 minutit. Enne suitsutamist soovitame need alumiiniumfooliumisse m\u00e4hkida, j\u00e4ttes otsad avatuks, ja asetada siis kuumale s\u00f6ele v\u00f5i restile. Toitu tuleks k\u00fcpsetada laastude suitsu eraldamisel.\u00a0Tugev suitsu intensiivsus! Lisab roogadele t\u00fc\u00fcpilist, \u00f5rna, kergelt magusat ja p\u00e4hklist mandlipuulaastude aroomi. Soovitame seda eriti sealiha, linnuliha, veiseliha ja lambaliha suitsutamiseks.  Laastudega saab suitsutada erinevates suitsuahjudes, gaasi-, s\u00fcsi- v\u00f5i elektrigrillides, millel on hermeetiliselt suletavad kaaned.  P\u00e4ritoluriik: Hispaania Maht: 1,7 l Fraktsioon: 2\u20133 cm S\u00e4ilita \u00f5hukindlas pakendis - sedasi hoiad suitsutamislaastu j\u00e4\u00e4nused kuivalt ja turvaliselt j\u00e4rgmiseks korraks.","og_url":"https:\/\/bbqentertainment.com\/toode\/smokey-olive-wood-mandlipuust-suured-suitsulaastud-17-l\/","og_site_name":"BBQ Entertainment","article_publisher":"https:\/\/www.facebook.com\/BBQ-Entertainment-N-Catering-2437913376443540","article_modified_time":"2025-07-25T10:45:46+00:00","og_image":[{"width":1001,"height":1000,"url":"https:\/\/bbqentertainment.com\/wp-content\/uploads\/2024\/04\/BBQ-Entertainment-SMOKEY-OLIVE-WOOD-mandlipuust-suured-suitsulaastud-17-L-1.jpg","type":"image\/jpeg"}],"twitter_card":"summary_large_image","twitter_misc":{"Est. reading time":"1 minute"},"schema":{"@context":"https:\/\/schema.org","@graph":[{"@type":["WebPage","ItemPage"],"@id":"https:\/\/bbqentertainment.com\/toode\/smokey-olive-wood-mandlipuust-suured-suitsulaastud-17-l\/","url":"https:\/\/bbqentertainment.com\/toode\/smokey-olive-wood-mandlipuust-suured-suitsulaastud-17-l\/","name":"SMOKEY OLIVE WOOD - mandlipuust suured suitsulaastud 1,7 L - BBQ Entertainment","isPartOf":{"@id":"https:\/\/bbqentertainment.com\/#website"},"primaryImageOfPage":{"@id":"https:\/\/bbqentertainment.com\/toode\/smokey-olive-wood-mandlipuust-suured-suitsulaastud-17-l\/#primaryimage"},"image":{"@id":"https:\/\/bbqentertainment.com\/toode\/smokey-olive-wood-mandlipuust-suured-suitsulaastud-17-l\/#primaryimage"},"thumbnailUrl":"https:\/\/bbqentertainment.com\/wp-content\/uploads\/2024\/04\/BBQ-Entertainment-SMOKEY-OLIVE-WOOD-mandlipuust-suured-suitsulaastud-17-L-1.jpg","datePublished":"2024-04-30T16:30:04+00:00","dateModified":"2025-07-25T10:45:46+00:00","breadcrumb":{"@id":"https:\/\/bbqentertainment.com\/toode\/smokey-olive-wood-mandlipuust-suured-suitsulaastud-17-l\/#breadcrumb"},"inLanguage":"en-US","potentialAction":[{"@type":"ReadAction","target":["https:\/\/bbqentertainment.com\/toode\/smokey-olive-wood-mandlipuust-suured-suitsulaastud-17-l\/"]}]},{"@type":"ImageObject","inLanguage":"en-US","@id":"https:\/\/bbqentertainment.com\/toode\/smokey-olive-wood-mandlipuust-suured-suitsulaastud-17-l\/#primaryimage","url":"https:\/\/bbqentertainment.com\/wp-content\/uploads\/2024\/04\/BBQ-Entertainment-SMOKEY-OLIVE-WOOD-mandlipuust-suured-suitsulaastud-17-L-1.jpg","contentUrl":"https:\/\/bbqentertainment.com\/wp-content\/uploads\/2024\/04\/BBQ-Entertainment-SMOKEY-OLIVE-WOOD-mandlipuust-suured-suitsulaastud-17-L-1.jpg","width":1001,"height":1000},{"@type":"BreadcrumbList","@id":"https:\/\/bbqentertainment.com\/toode\/smokey-olive-wood-mandlipuust-suured-suitsulaastud-17-l\/#breadcrumb","itemListElement":[{"@type":"ListItem","position":1,"name":"AVALEHT","item":"https:\/\/bbqentertainment.com\/en\/"},{"@type":"ListItem","position":2,"name":"Tooted","item":"https:\/\/bbqentertainment.com\/tooted\/"},{"@type":"ListItem","position":3,"name":"K\u00fcte","item":"https:\/\/bbqentertainment.com\/tootekategooria\/grillsusi\/"},{"@type":"ListItem","position":4,"name":"Puidulaastud ja -t\u00fckid","item":"https:\/\/bbqentertainment.com\/tootekategooria\/grillsusi\/puidulaastud-ja-tukid\/"},{"@type":"ListItem","position":5,"name":"SMOKEY OLIVE WOOD &#8211; mandlipuust suured suitsulaastud 1,7 L"}]},{"@type":"WebSite","@id":"https:\/\/bbqentertainment.com\/#website","url":"https:\/\/bbqentertainment.com\/","name":"BBQ Entertainment","description":"BBQ is a great lifestyle, not just fun!","publisher":{"@id":"https:\/\/bbqentertainment.com\/#organization"},"potentialAction":[{"@type":"SearchAction","target":{"@type":"EntryPoint","urlTemplate":"https:\/\/bbqentertainment.com\/?s={search_term_string}"},"query-input":{"@type":"PropertyValueSpecification","valueRequired":true,"valueName":"search_term_string"}}],"inLanguage":"en-US"},{"@type":"Organization","@id":"https:\/\/bbqentertainment.com\/#organization","name":"BBQ Entertainment O\u00dc","url":"https:\/\/bbqentertainment.com\/","logo":{"@type":"ImageObject","inLanguage":"en-US","@id":"https:\/\/bbqentertainment.com\/#\/schema\/logo\/image\/","url":"https:\/\/bbqentertainment.com\/wp-content\/uploads\/2020\/04\/BBQ-Entertainment-N-Catering-Enn-Tobreluts-Logo.png","contentUrl":"https:\/\/bbqentertainment.com\/wp-content\/uploads\/2020\/04\/BBQ-Entertainment-N-Catering-Enn-Tobreluts-Logo.png","width":628,"height":266,"caption":"BBQ Entertainment O\u00dc"},"image":{"@id":"https:\/\/bbqentertainment.com\/#\/schema\/logo\/image\/"},"sameAs":["https:\/\/www.facebook.com\/BBQ-Entertainment-N-Catering-2437913376443540","https:\/\/www.instagram.com\/bbqentertainmentncatering\/","https:\/\/www.youtube.com\/channel\/UCmpuANQVhLy2Md8nrenp2jA"]}]}},"_links":{"self":[{"href":"https:\/\/bbqentertainment.com\/en\/wp-json\/wp\/v2\/product\/247273","targetHints":{"allow":["GET"]}}],"collection":[{"href":"https:\/\/bbqentertainment.com\/en\/wp-json\/wp\/v2\/product"}],"about":[{"href":"https:\/\/bbqentertainment.com\/en\/wp-json\/wp\/v2\/types\/product"}],"wp:featuredmedia":[{"embeddable":true,"href":"https:\/\/bbqentertainment.com\/en\/wp-json\/wp\/v2\/media\/247285"}],"wp:attachment":[{"href":"https:\/\/bbqentertainment.com\/en\/wp-json\/wp\/v2\/media?parent=247273"}],"wp:term":[{"taxonomy":"product_brand","embeddable":true,"href":"https:\/\/bbqentertainment.com\/en\/wp-json\/wp\/v2\/product_brand?post=247273"},{"taxonomy":"product_cat","embeddable":true,"href":"https:\/\/bbqentertainment.com\/en\/wp-json\/wp\/v2\/product_cat?post=247273"},{"taxonomy":"product_tag","embeddable":true,"href":"https:\/\/bbqentertainment.com\/en\/wp-json\/wp\/v2\/product_tag?post=247273"}],"curies":[{"name":"wp","href":"https:\/\/api.w.org\/{rel}","templated":true}]}}