{"id":247294,"date":"2024-04-30T20:05:45","date_gmt":"2024-04-30T17:05:45","guid":{"rendered":"https:\/\/bbqentertainment.com\/?post_type=product&#038;p=247294"},"modified":"2026-04-13T23:31:24","modified_gmt":"2026-04-13T20:31:24","slug":"smokey-olive-wood-holm-oak-tammepuust-suitsuklotsid-puidutukid-15-kg","status":"publish","type":"product","link":"https:\/\/bbqentertainment.com\/en\/toode\/smokey-olive-wood-holm-oak-tammepuust-suitsuklotsid-puidutukid-15-kg\/","title":{"rendered":"SMOKEY OLIVE WOOD &#8211; Holm Oak tammepuust suitsuklotsid \/ puidut\u00fckid 1,5 kg"},"content":{"rendered":"","protected":false},"excerpt":{"rendered":"<h3>SMOKEY OLIVE WOOD &#8211; Holm Oak tammepuust suitsuklotsid \/ puidut\u00fckid 1,5 kg<\/h3>\n<p>Suitsutamiseks m\u00f5eldud puidut\u00fckid SMOKEY OLIVE WOOD (SOW) Holm Oak on valmistatud Holmi tamme puidust, mis kasvab Vahemere ranniku l\u00e4hedal.<\/p>\n<p>See on v\u00e4ga tihe puu, mis tekitab \u00fchtlase tihedusega ja pikaajaliselt p\u00fcsiva suitsu ning lisab roogadele t\u00fc\u00fcpilist p\u00e4hklist maitset. See on haruldane ja on Hispaanias \u00fcks k\u00f5ige hinnatumaid suitsutuspuidu liike.<\/p>\n<p>Sobib eriti h\u00e4sti sealiha, linnuliha, kala, veiseliha, lambaliha ja k\u00f6\u00f6giviljade suitsutamiseks.<\/p>\n<p>Holmi tamm kuulub p\u00f6\u00f6giliste sugukonda ja v\u00f5ib elada kuni 500 aastat. Erinevalt tavalisest tammest on see igihaljas. Seda kutsutakse m\u00f5nikord ka p\u00fchaks tammeoksaks. Selle tiheda puidu t\u00f5ttu toituvad just selle igihalja tamme tammet\u00f5rudest kogu maailmas tuntud ja hinnatud Iberico sead.<\/p>\n<p>Sobib eriti h\u00e4sti sealiha, linnuliha, lambaliha, veiseliha, kala ja k\u00f6\u00f6giviljade suitsutamiseks suuremates grillides ja suitsuahjudes. Puidut\u00fckid on suuremad, v\u00e4ga kasulikud suuremates suitsuahjudes, gaasi-, s\u00fcsi- v\u00f5i elektrigrillides, millel on hermeetiliselt suletavad kaaned. Ideaalne kasutamiseks avatud l\u00f5kkeplatsidel!<\/p>\n<p>P\u00e4ritoluriik: Hispaania<br \/>\nKaal: 1,5 kg<br \/>\nFraktsioon: 10\u201315 cm<\/p>\n","protected":false},"featured_media":247295,"template":"","meta":{"inline_featured_image":false},"product_brand":[],"product_cat":[26],"product_tag":[],"class_list":{"0":"post-247294","1":"product","2":"type-product","3":"status-publish","4":"has-post-thumbnail","6":"product_cat-puidulaastud-ja-tukid","8":"first","9":"outofstock","10":"taxable","11":"shipping-taxable","12":"purchasable","13":"product-type-simple"},"yoast_head":"<!-- This site is optimized with the Yoast SEO plugin v27.4 - https:\/\/yoast.com\/product\/yoast-seo-wordpress\/ -->\n<title>SMOKEY OLIVE WOOD - Holm Oak tammepuust suitsuklotsid \/ puidut\u00fckid 1,5 kg - BBQ Entertainment<\/title>\n<meta name=\"robots\" content=\"index, follow, max-snippet:-1, max-image-preview:large, max-video-preview:-1\" \/>\n<link rel=\"canonical\" href=\"https:\/\/bbqentertainment.com\/toode\/smokey-olive-wood-holm-oak-tammepuust-suitsuklotsid-puidutukid-15-kg\/\" \/>\n<meta property=\"og:locale\" content=\"en_US\" \/>\n<meta property=\"og:type\" content=\"article\" \/>\n<meta property=\"og:title\" content=\"SMOKEY OLIVE WOOD - Holm Oak tammepuust suitsuklotsid \/ puidut\u00fckid 1,5 kg - BBQ Entertainment\" \/>\n<meta property=\"og:description\" content=\"SMOKEY OLIVE WOOD - Holm Oak tammepuust suitsuklotsid \/ puidut\u00fckid 1,5 kg Suitsutamiseks m\u00f5eldud puidut\u00fckid SMOKEY OLIVE WOOD (SOW) Holm Oak on valmistatud Holmi tamme puidust, mis kasvab Vahemere ranniku l\u00e4hedal.  See on v\u00e4ga tihe puu, mis tekitab \u00fchtlase tihedusega ja pikaajaliselt p\u00fcsiva suitsu ning lisab roogadele t\u00fc\u00fcpilist p\u00e4hklist maitset. See on haruldane ja on Hispaanias \u00fcks k\u00f5ige hinnatumaid suitsutuspuidu liike.  Sobib eriti h\u00e4sti sealiha, linnuliha, kala, veiseliha, lambaliha ja k\u00f6\u00f6giviljade suitsutamiseks.  Holmi tamm kuulub p\u00f6\u00f6giliste sugukonda ja v\u00f5ib elada kuni 500 aastat. Erinevalt tavalisest tammest on see igihaljas. Seda kutsutakse m\u00f5nikord ka p\u00fchaks tammeoksaks. Selle tiheda puidu t\u00f5ttu toituvad just selle igihalja tamme tammet\u00f5rudest kogu maailmas tuntud ja hinnatud Iberico sead.  Sobib eriti h\u00e4sti sealiha, linnuliha, lambaliha, veiseliha, kala ja k\u00f6\u00f6giviljade suitsutamiseks suuremates grillides ja suitsuahjudes. Puidut\u00fckid on suuremad, v\u00e4ga kasulikud suuremates suitsuahjudes, gaasi-, s\u00fcsi- v\u00f5i elektrigrillides, millel on hermeetiliselt suletavad kaaned. Ideaalne kasutamiseks avatud l\u00f5kkeplatsidel!  P\u00e4ritoluriik: Hispaania Kaal: 1,5 kg Fraktsioon: 10\u201315 cm\" \/>\n<meta property=\"og:url\" content=\"https:\/\/bbqentertainment.com\/toode\/smokey-olive-wood-holm-oak-tammepuust-suitsuklotsid-puidutukid-15-kg\/\" \/>\n<meta property=\"og:site_name\" content=\"BBQ Entertainment\" \/>\n<meta property=\"article:publisher\" content=\"https:\/\/www.facebook.com\/BBQ-Entertainment-N-Catering-2437913376443540\" \/>\n<meta property=\"article:modified_time\" content=\"2026-04-13T20:31:24+00:00\" \/>\n<meta property=\"og:image\" content=\"https:\/\/bbqentertainment.com\/wp-content\/uploads\/2024\/04\/BBQ-Entertainment-SMOKEY-OLIVE-WOOD-Holm-Oak-tammepuust-suitsuklotsid-puidutukid-15-kg.webp\" \/>\n\t<meta property=\"og:image:width\" content=\"810\" \/>\n\t<meta property=\"og:image:height\" content=\"810\" \/>\n\t<meta property=\"og:image:type\" content=\"image\/webp\" \/>\n<meta name=\"twitter:card\" content=\"summary_large_image\" \/>\n<meta name=\"twitter:label1\" content=\"Est. reading time\" \/>\n\t<meta name=\"twitter:data1\" content=\"1 minute\" \/>\n<script type=\"application\/ld+json\" class=\"yoast-schema-graph\">{\"@context\":\"https:\\\/\\\/schema.org\",\"@graph\":[{\"@type\":[\"WebPage\",\"ItemPage\"],\"@id\":\"https:\\\/\\\/bbqentertainment.com\\\/toode\\\/smokey-olive-wood-holm-oak-tammepuust-suitsuklotsid-puidutukid-15-kg\\\/\",\"url\":\"https:\\\/\\\/bbqentertainment.com\\\/toode\\\/smokey-olive-wood-holm-oak-tammepuust-suitsuklotsid-puidutukid-15-kg\\\/\",\"name\":\"SMOKEY OLIVE WOOD - Holm Oak tammepuust suitsuklotsid \\\/ puidut\u00fckid 1,5 kg - BBQ Entertainment\",\"isPartOf\":{\"@id\":\"https:\\\/\\\/bbqentertainment.com\\\/#website\"},\"primaryImageOfPage\":{\"@id\":\"https:\\\/\\\/bbqentertainment.com\\\/toode\\\/smokey-olive-wood-holm-oak-tammepuust-suitsuklotsid-puidutukid-15-kg\\\/#primaryimage\"},\"image\":{\"@id\":\"https:\\\/\\\/bbqentertainment.com\\\/toode\\\/smokey-olive-wood-holm-oak-tammepuust-suitsuklotsid-puidutukid-15-kg\\\/#primaryimage\"},\"thumbnailUrl\":\"https:\\\/\\\/bbqentertainment.com\\\/wp-content\\\/uploads\\\/2024\\\/04\\\/BBQ-Entertainment-SMOKEY-OLIVE-WOOD-Holm-Oak-tammepuust-suitsuklotsid-puidutukid-15-kg.webp\",\"datePublished\":\"2024-04-30T17:05:45+00:00\",\"dateModified\":\"2026-04-13T20:31:24+00:00\",\"breadcrumb\":{\"@id\":\"https:\\\/\\\/bbqentertainment.com\\\/toode\\\/smokey-olive-wood-holm-oak-tammepuust-suitsuklotsid-puidutukid-15-kg\\\/#breadcrumb\"},\"inLanguage\":\"en-US\",\"potentialAction\":[{\"@type\":\"ReadAction\",\"target\":[\"https:\\\/\\\/bbqentertainment.com\\\/toode\\\/smokey-olive-wood-holm-oak-tammepuust-suitsuklotsid-puidutukid-15-kg\\\/\"]}]},{\"@type\":\"ImageObject\",\"inLanguage\":\"en-US\",\"@id\":\"https:\\\/\\\/bbqentertainment.com\\\/toode\\\/smokey-olive-wood-holm-oak-tammepuust-suitsuklotsid-puidutukid-15-kg\\\/#primaryimage\",\"url\":\"https:\\\/\\\/bbqentertainment.com\\\/wp-content\\\/uploads\\\/2024\\\/04\\\/BBQ-Entertainment-SMOKEY-OLIVE-WOOD-Holm-Oak-tammepuust-suitsuklotsid-puidutukid-15-kg.webp\",\"contentUrl\":\"https:\\\/\\\/bbqentertainment.com\\\/wp-content\\\/uploads\\\/2024\\\/04\\\/BBQ-Entertainment-SMOKEY-OLIVE-WOOD-Holm-Oak-tammepuust-suitsuklotsid-puidutukid-15-kg.webp\",\"width\":810,\"height\":810},{\"@type\":\"BreadcrumbList\",\"@id\":\"https:\\\/\\\/bbqentertainment.com\\\/toode\\\/smokey-olive-wood-holm-oak-tammepuust-suitsuklotsid-puidutukid-15-kg\\\/#breadcrumb\",\"itemListElement\":[{\"@type\":\"ListItem\",\"position\":1,\"name\":\"AVALEHT\",\"item\":\"https:\\\/\\\/bbqentertainment.com\\\/en\\\/\"},{\"@type\":\"ListItem\",\"position\":2,\"name\":\"Tooted\",\"item\":\"https:\\\/\\\/bbqentertainment.com\\\/tooted\\\/\"},{\"@type\":\"ListItem\",\"position\":3,\"name\":\"K\u00fcte\",\"item\":\"https:\\\/\\\/bbqentertainment.com\\\/tootekategooria\\\/grillsusi\\\/\"},{\"@type\":\"ListItem\",\"position\":4,\"name\":\"Puidulaastud ja -t\u00fckid\",\"item\":\"https:\\\/\\\/bbqentertainment.com\\\/tootekategooria\\\/grillsusi\\\/puidulaastud-ja-tukid\\\/\"},{\"@type\":\"ListItem\",\"position\":5,\"name\":\"SMOKEY OLIVE WOOD &#8211; Holm Oak tammepuust suitsuklotsid \\\/ puidut\u00fckid 1,5 kg\"}]},{\"@type\":\"WebSite\",\"@id\":\"https:\\\/\\\/bbqentertainment.com\\\/#website\",\"url\":\"https:\\\/\\\/bbqentertainment.com\\\/\",\"name\":\"BBQ Entertainment\",\"description\":\"BBQ is a great lifestyle, not just fun!\",\"publisher\":{\"@id\":\"https:\\\/\\\/bbqentertainment.com\\\/#organization\"},\"potentialAction\":[{\"@type\":\"SearchAction\",\"target\":{\"@type\":\"EntryPoint\",\"urlTemplate\":\"https:\\\/\\\/bbqentertainment.com\\\/?s={search_term_string}\"},\"query-input\":{\"@type\":\"PropertyValueSpecification\",\"valueRequired\":true,\"valueName\":\"search_term_string\"}}],\"inLanguage\":\"en-US\"},{\"@type\":\"Organization\",\"@id\":\"https:\\\/\\\/bbqentertainment.com\\\/#organization\",\"name\":\"BBQ Entertainment O\u00dc\",\"url\":\"https:\\\/\\\/bbqentertainment.com\\\/\",\"logo\":{\"@type\":\"ImageObject\",\"inLanguage\":\"en-US\",\"@id\":\"https:\\\/\\\/bbqentertainment.com\\\/#\\\/schema\\\/logo\\\/image\\\/\",\"url\":\"https:\\\/\\\/bbqentertainment.com\\\/wp-content\\\/uploads\\\/2020\\\/04\\\/BBQ-Entertainment-N-Catering-Enn-Tobreluts-Logo.png\",\"contentUrl\":\"https:\\\/\\\/bbqentertainment.com\\\/wp-content\\\/uploads\\\/2020\\\/04\\\/BBQ-Entertainment-N-Catering-Enn-Tobreluts-Logo.png\",\"width\":628,\"height\":266,\"caption\":\"BBQ Entertainment O\u00dc\"},\"image\":{\"@id\":\"https:\\\/\\\/bbqentertainment.com\\\/#\\\/schema\\\/logo\\\/image\\\/\"},\"sameAs\":[\"https:\\\/\\\/www.facebook.com\\\/BBQ-Entertainment-N-Catering-2437913376443540\",\"https:\\\/\\\/www.instagram.com\\\/bbqentertainmentncatering\\\/\",\"https:\\\/\\\/www.youtube.com\\\/channel\\\/UCmpuANQVhLy2Md8nrenp2jA\"]}]}<\/script>\n<!-- \/ Yoast SEO plugin. -->","yoast_head_json":{"title":"SMOKEY OLIVE WOOD - Holm Oak tammepuust suitsuklotsid \/ puidut\u00fckid 1,5 kg - BBQ Entertainment","robots":{"index":"index","follow":"follow","max-snippet":"max-snippet:-1","max-image-preview":"max-image-preview:large","max-video-preview":"max-video-preview:-1"},"canonical":"https:\/\/bbqentertainment.com\/toode\/smokey-olive-wood-holm-oak-tammepuust-suitsuklotsid-puidutukid-15-kg\/","og_locale":"en_US","og_type":"article","og_title":"SMOKEY OLIVE WOOD - Holm Oak tammepuust suitsuklotsid \/ puidut\u00fckid 1,5 kg - BBQ Entertainment","og_description":"SMOKEY OLIVE WOOD - Holm Oak tammepuust suitsuklotsid \/ puidut\u00fckid 1,5 kg Suitsutamiseks m\u00f5eldud puidut\u00fckid SMOKEY OLIVE WOOD (SOW) Holm Oak on valmistatud Holmi tamme puidust, mis kasvab Vahemere ranniku l\u00e4hedal.  See on v\u00e4ga tihe puu, mis tekitab \u00fchtlase tihedusega ja pikaajaliselt p\u00fcsiva suitsu ning lisab roogadele t\u00fc\u00fcpilist p\u00e4hklist maitset. See on haruldane ja on Hispaanias \u00fcks k\u00f5ige hinnatumaid suitsutuspuidu liike.  Sobib eriti h\u00e4sti sealiha, linnuliha, kala, veiseliha, lambaliha ja k\u00f6\u00f6giviljade suitsutamiseks.  Holmi tamm kuulub p\u00f6\u00f6giliste sugukonda ja v\u00f5ib elada kuni 500 aastat. Erinevalt tavalisest tammest on see igihaljas. Seda kutsutakse m\u00f5nikord ka p\u00fchaks tammeoksaks. Selle tiheda puidu t\u00f5ttu toituvad just selle igihalja tamme tammet\u00f5rudest kogu maailmas tuntud ja hinnatud Iberico sead.  Sobib eriti h\u00e4sti sealiha, linnuliha, lambaliha, veiseliha, kala ja k\u00f6\u00f6giviljade suitsutamiseks suuremates grillides ja suitsuahjudes. Puidut\u00fckid on suuremad, v\u00e4ga kasulikud suuremates suitsuahjudes, gaasi-, s\u00fcsi- v\u00f5i elektrigrillides, millel on hermeetiliselt suletavad kaaned. Ideaalne kasutamiseks avatud l\u00f5kkeplatsidel!  P\u00e4ritoluriik: Hispaania Kaal: 1,5 kg Fraktsioon: 10\u201315 cm","og_url":"https:\/\/bbqentertainment.com\/toode\/smokey-olive-wood-holm-oak-tammepuust-suitsuklotsid-puidutukid-15-kg\/","og_site_name":"BBQ Entertainment","article_publisher":"https:\/\/www.facebook.com\/BBQ-Entertainment-N-Catering-2437913376443540","article_modified_time":"2026-04-13T20:31:24+00:00","og_image":[{"width":810,"height":810,"url":"https:\/\/bbqentertainment.com\/wp-content\/uploads\/2024\/04\/BBQ-Entertainment-SMOKEY-OLIVE-WOOD-Holm-Oak-tammepuust-suitsuklotsid-puidutukid-15-kg.webp","type":"image\/webp"}],"twitter_card":"summary_large_image","twitter_misc":{"Est. reading time":"1 minute"},"schema":{"@context":"https:\/\/schema.org","@graph":[{"@type":["WebPage","ItemPage"],"@id":"https:\/\/bbqentertainment.com\/toode\/smokey-olive-wood-holm-oak-tammepuust-suitsuklotsid-puidutukid-15-kg\/","url":"https:\/\/bbqentertainment.com\/toode\/smokey-olive-wood-holm-oak-tammepuust-suitsuklotsid-puidutukid-15-kg\/","name":"SMOKEY OLIVE WOOD - Holm Oak tammepuust suitsuklotsid \/ puidut\u00fckid 1,5 kg - BBQ Entertainment","isPartOf":{"@id":"https:\/\/bbqentertainment.com\/#website"},"primaryImageOfPage":{"@id":"https:\/\/bbqentertainment.com\/toode\/smokey-olive-wood-holm-oak-tammepuust-suitsuklotsid-puidutukid-15-kg\/#primaryimage"},"image":{"@id":"https:\/\/bbqentertainment.com\/toode\/smokey-olive-wood-holm-oak-tammepuust-suitsuklotsid-puidutukid-15-kg\/#primaryimage"},"thumbnailUrl":"https:\/\/bbqentertainment.com\/wp-content\/uploads\/2024\/04\/BBQ-Entertainment-SMOKEY-OLIVE-WOOD-Holm-Oak-tammepuust-suitsuklotsid-puidutukid-15-kg.webp","datePublished":"2024-04-30T17:05:45+00:00","dateModified":"2026-04-13T20:31:24+00:00","breadcrumb":{"@id":"https:\/\/bbqentertainment.com\/toode\/smokey-olive-wood-holm-oak-tammepuust-suitsuklotsid-puidutukid-15-kg\/#breadcrumb"},"inLanguage":"en-US","potentialAction":[{"@type":"ReadAction","target":["https:\/\/bbqentertainment.com\/toode\/smokey-olive-wood-holm-oak-tammepuust-suitsuklotsid-puidutukid-15-kg\/"]}]},{"@type":"ImageObject","inLanguage":"en-US","@id":"https:\/\/bbqentertainment.com\/toode\/smokey-olive-wood-holm-oak-tammepuust-suitsuklotsid-puidutukid-15-kg\/#primaryimage","url":"https:\/\/bbqentertainment.com\/wp-content\/uploads\/2024\/04\/BBQ-Entertainment-SMOKEY-OLIVE-WOOD-Holm-Oak-tammepuust-suitsuklotsid-puidutukid-15-kg.webp","contentUrl":"https:\/\/bbqentertainment.com\/wp-content\/uploads\/2024\/04\/BBQ-Entertainment-SMOKEY-OLIVE-WOOD-Holm-Oak-tammepuust-suitsuklotsid-puidutukid-15-kg.webp","width":810,"height":810},{"@type":"BreadcrumbList","@id":"https:\/\/bbqentertainment.com\/toode\/smokey-olive-wood-holm-oak-tammepuust-suitsuklotsid-puidutukid-15-kg\/#breadcrumb","itemListElement":[{"@type":"ListItem","position":1,"name":"AVALEHT","item":"https:\/\/bbqentertainment.com\/en\/"},{"@type":"ListItem","position":2,"name":"Tooted","item":"https:\/\/bbqentertainment.com\/tooted\/"},{"@type":"ListItem","position":3,"name":"K\u00fcte","item":"https:\/\/bbqentertainment.com\/tootekategooria\/grillsusi\/"},{"@type":"ListItem","position":4,"name":"Puidulaastud ja -t\u00fckid","item":"https:\/\/bbqentertainment.com\/tootekategooria\/grillsusi\/puidulaastud-ja-tukid\/"},{"@type":"ListItem","position":5,"name":"SMOKEY OLIVE WOOD &#8211; Holm Oak tammepuust suitsuklotsid \/ puidut\u00fckid 1,5 kg"}]},{"@type":"WebSite","@id":"https:\/\/bbqentertainment.com\/#website","url":"https:\/\/bbqentertainment.com\/","name":"BBQ Entertainment","description":"BBQ is a great lifestyle, not just fun!","publisher":{"@id":"https:\/\/bbqentertainment.com\/#organization"},"potentialAction":[{"@type":"SearchAction","target":{"@type":"EntryPoint","urlTemplate":"https:\/\/bbqentertainment.com\/?s={search_term_string}"},"query-input":{"@type":"PropertyValueSpecification","valueRequired":true,"valueName":"search_term_string"}}],"inLanguage":"en-US"},{"@type":"Organization","@id":"https:\/\/bbqentertainment.com\/#organization","name":"BBQ Entertainment O\u00dc","url":"https:\/\/bbqentertainment.com\/","logo":{"@type":"ImageObject","inLanguage":"en-US","@id":"https:\/\/bbqentertainment.com\/#\/schema\/logo\/image\/","url":"https:\/\/bbqentertainment.com\/wp-content\/uploads\/2020\/04\/BBQ-Entertainment-N-Catering-Enn-Tobreluts-Logo.png","contentUrl":"https:\/\/bbqentertainment.com\/wp-content\/uploads\/2020\/04\/BBQ-Entertainment-N-Catering-Enn-Tobreluts-Logo.png","width":628,"height":266,"caption":"BBQ Entertainment O\u00dc"},"image":{"@id":"https:\/\/bbqentertainment.com\/#\/schema\/logo\/image\/"},"sameAs":["https:\/\/www.facebook.com\/BBQ-Entertainment-N-Catering-2437913376443540","https:\/\/www.instagram.com\/bbqentertainmentncatering\/","https:\/\/www.youtube.com\/channel\/UCmpuANQVhLy2Md8nrenp2jA"]}]}},"_links":{"self":[{"href":"https:\/\/bbqentertainment.com\/en\/wp-json\/wp\/v2\/product\/247294","targetHints":{"allow":["GET"]}}],"collection":[{"href":"https:\/\/bbqentertainment.com\/en\/wp-json\/wp\/v2\/product"}],"about":[{"href":"https:\/\/bbqentertainment.com\/en\/wp-json\/wp\/v2\/types\/product"}],"wp:featuredmedia":[{"embeddable":true,"href":"https:\/\/bbqentertainment.com\/en\/wp-json\/wp\/v2\/media\/247295"}],"wp:attachment":[{"href":"https:\/\/bbqentertainment.com\/en\/wp-json\/wp\/v2\/media?parent=247294"}],"wp:term":[{"taxonomy":"product_brand","embeddable":true,"href":"https:\/\/bbqentertainment.com\/en\/wp-json\/wp\/v2\/product_brand?post=247294"},{"taxonomy":"product_cat","embeddable":true,"href":"https:\/\/bbqentertainment.com\/en\/wp-json\/wp\/v2\/product_cat?post=247294"},{"taxonomy":"product_tag","embeddable":true,"href":"https:\/\/bbqentertainment.com\/en\/wp-json\/wp\/v2\/product_tag?post=247294"}],"curies":[{"name":"wp","href":"https:\/\/api.w.org\/{rel}","templated":true}]}}