{"id":247299,"date":"2024-04-30T20:14:25","date_gmt":"2024-04-30T17:14:25","guid":{"rendered":"https:\/\/bbqentertainment.com\/?post_type=product&#038;p=247299"},"modified":"2025-07-25T13:45:27","modified_gmt":"2025-07-25T10:45:27","slug":"schwarzberg-king-flame-kookose-grillsoe-brigett-kuubikud-1-kg","status":"publish","type":"product","link":"https:\/\/bbqentertainment.com\/en\/toode\/schwarzberg-king-flame-kookose-grillsoe-brigett-kuubikud-1-kg\/","title":{"rendered":"Schwarzberg King Flame kookose grills\u00f6e brigett-kuubikud 1 kg"},"content":{"rendered":"","protected":false},"excerpt":{"rendered":"<h3>Schwarzberg King Flame kookose grills\u00f6e brigett-kuubikud 1 kg<\/h3>\n<p>K\u00f5rgeima kvaliteediga Schwarzberg kookosp\u00e4hkli koore s\u00fcsi kuubikud, m\u00f5\u00f5tmetega 2,7cm x 2,7cm. Need s\u00f6ed eraldavad rohkem soojust ja p\u00f5levad kauem kui tavaline s\u00fcsi.<\/p>\n<p>Loodusearmastajad ja keskkonnas\u00f5bralikud grillis\u00f5brad valivad Schwarzbergi, sest tootmises kasutatakse ainult kookosp\u00e4hkli koort ja puid ei raiuta.<\/p>\n<ul>\n<li>100% looduslikud<\/li>\n<li>Ei eralda suitsu<\/li>\n<li>L\u00f5hnatud<\/li>\n<li>Keskkonnas\u00f5bralikud<\/li>\n<li>\u00dchtlane p\u00f5lemine<\/li>\n<li>J\u00e4rel j\u00e4\u00e4b v\u00e4he tuhka<\/li>\n<li>100% looduslikud briketid<\/li>\n<\/ul>\n<p>Hoiavad \u00fchtlast temperatuuri kuni 2 tundi<br \/>\nP\u00e4rast k\u00fcpsetamist j\u00e4\u00e4b v\u00e4ga v\u00e4he tuhka<br \/>\nBrikettide s\u00fc\u00fctamiseks ei tohi kasutada p\u00f5levvedelikke<br \/>\nAinult t\u00e4ielikult p\u00f5levate brikettidega v\u00f5ib toitu k\u00fcpsetada<br \/>\nBriketi m\u00f5\u00f5tmed: 10 x 5<br \/>\nHoidke kuivas kohas, lastele k\u00e4ttesaamatus kohas<\/p>\n","protected":false},"featured_media":247304,"template":"","meta":{"inline_featured_image":false},"product_brand":[],"product_cat":[587,27,439],"product_tag":[],"class_list":{"0":"post-247299","1":"product","2":"type-product","3":"status-publish","4":"has-post-thumbnail","6":"product_cat-cobb-grillid","7":"product_cat-grillsusi","8":"product_cat-eksootilised-grillsoed","10":"first","11":"instock","12":"taxable","13":"shipping-taxable","14":"purchasable","15":"product-type-simple"},"yoast_head":"<!-- This site is optimized with the Yoast SEO plugin v27.4 - https:\/\/yoast.com\/product\/yoast-seo-wordpress\/ -->\n<title>Schwarzberg King Flame kookose grills\u00f6e brigett-kuubikud 1 kg - BBQ Entertainment<\/title>\n<meta name=\"robots\" content=\"index, follow, max-snippet:-1, max-image-preview:large, max-video-preview:-1\" \/>\n<link rel=\"canonical\" href=\"https:\/\/bbqentertainment.com\/toode\/schwarzberg-king-flame-kookose-grillsoe-brigett-kuubikud-1-kg\/\" \/>\n<meta property=\"og:locale\" content=\"en_US\" \/>\n<meta property=\"og:type\" content=\"article\" \/>\n<meta property=\"og:title\" content=\"Schwarzberg King Flame kookose grills\u00f6e brigett-kuubikud 1 kg - BBQ Entertainment\" \/>\n<meta property=\"og:description\" content=\"Schwarzberg King Flame kookose grills\u00f6e brigett-kuubikud 1 kg K\u00f5rgeima kvaliteediga Schwarzberg kookosp\u00e4hkli koore s\u00fcsi kuubikud, m\u00f5\u00f5tmetega 2,7cm x 2,7cm. Need s\u00f6ed eraldavad rohkem soojust ja p\u00f5levad kauem kui tavaline s\u00fcsi.  Loodusearmastajad ja keskkonnas\u00f5bralikud grillis\u00f5brad valivad Schwarzbergi, sest tootmises kasutatakse ainult kookosp\u00e4hkli koort ja puid ei raiuta.   100% looduslikud  Ei eralda suitsu  L\u00f5hnatud  Keskkonnas\u00f5bralikud  \u00dchtlane p\u00f5lemine  J\u00e4rel j\u00e4\u00e4b v\u00e4he tuhka  100% looduslikud briketid  Hoiavad \u00fchtlast temperatuuri kuni 2 tundi P\u00e4rast k\u00fcpsetamist j\u00e4\u00e4b v\u00e4ga v\u00e4he tuhka Brikettide s\u00fc\u00fctamiseks ei tohi kasutada p\u00f5levvedelikke Ainult t\u00e4ielikult p\u00f5levate brikettidega v\u00f5ib toitu k\u00fcpsetada Briketi m\u00f5\u00f5tmed: 10 x 5 Hoidke kuivas kohas, lastele k\u00e4ttesaamatus kohas\" \/>\n<meta property=\"og:url\" content=\"https:\/\/bbqentertainment.com\/toode\/schwarzberg-king-flame-kookose-grillsoe-brigett-kuubikud-1-kg\/\" \/>\n<meta property=\"og:site_name\" content=\"BBQ Entertainment\" \/>\n<meta property=\"article:publisher\" content=\"https:\/\/www.facebook.com\/BBQ-Entertainment-N-Catering-2437913376443540\" \/>\n<meta property=\"article:modified_time\" content=\"2025-07-25T10:45:27+00:00\" \/>\n<meta property=\"og:image\" content=\"https:\/\/bbqentertainment.com\/wp-content\/uploads\/2024\/04\/BBQ-Entertainment-Schwarzberg-King-Flame-kookose-grillsoe-brigett-kuubikud-1-kg-1.webp\" \/>\n\t<meta property=\"og:image:width\" content=\"1080\" \/>\n\t<meta property=\"og:image:height\" content=\"1080\" \/>\n\t<meta property=\"og:image:type\" content=\"image\/webp\" \/>\n<meta name=\"twitter:card\" content=\"summary_large_image\" \/>\n<meta name=\"twitter:label1\" content=\"Est. reading time\" \/>\n\t<meta name=\"twitter:data1\" content=\"1 minute\" \/>\n<script type=\"application\/ld+json\" class=\"yoast-schema-graph\">{\"@context\":\"https:\\\/\\\/schema.org\",\"@graph\":[{\"@type\":[\"WebPage\",\"ItemPage\"],\"@id\":\"https:\\\/\\\/bbqentertainment.com\\\/toode\\\/schwarzberg-king-flame-kookose-grillsoe-brigett-kuubikud-1-kg\\\/\",\"url\":\"https:\\\/\\\/bbqentertainment.com\\\/toode\\\/schwarzberg-king-flame-kookose-grillsoe-brigett-kuubikud-1-kg\\\/\",\"name\":\"Schwarzberg King Flame kookose grills\u00f6e brigett-kuubikud 1 kg - BBQ Entertainment\",\"isPartOf\":{\"@id\":\"https:\\\/\\\/bbqentertainment.com\\\/#website\"},\"primaryImageOfPage\":{\"@id\":\"https:\\\/\\\/bbqentertainment.com\\\/toode\\\/schwarzberg-king-flame-kookose-grillsoe-brigett-kuubikud-1-kg\\\/#primaryimage\"},\"image\":{\"@id\":\"https:\\\/\\\/bbqentertainment.com\\\/toode\\\/schwarzberg-king-flame-kookose-grillsoe-brigett-kuubikud-1-kg\\\/#primaryimage\"},\"thumbnailUrl\":\"https:\\\/\\\/bbqentertainment.com\\\/wp-content\\\/uploads\\\/2024\\\/04\\\/BBQ-Entertainment-Schwarzberg-King-Flame-kookose-grillsoe-brigett-kuubikud-1-kg-1.webp\",\"datePublished\":\"2024-04-30T17:14:25+00:00\",\"dateModified\":\"2025-07-25T10:45:27+00:00\",\"breadcrumb\":{\"@id\":\"https:\\\/\\\/bbqentertainment.com\\\/toode\\\/schwarzberg-king-flame-kookose-grillsoe-brigett-kuubikud-1-kg\\\/#breadcrumb\"},\"inLanguage\":\"en-US\",\"potentialAction\":[{\"@type\":\"ReadAction\",\"target\":[\"https:\\\/\\\/bbqentertainment.com\\\/toode\\\/schwarzberg-king-flame-kookose-grillsoe-brigett-kuubikud-1-kg\\\/\"]}]},{\"@type\":\"ImageObject\",\"inLanguage\":\"en-US\",\"@id\":\"https:\\\/\\\/bbqentertainment.com\\\/toode\\\/schwarzberg-king-flame-kookose-grillsoe-brigett-kuubikud-1-kg\\\/#primaryimage\",\"url\":\"https:\\\/\\\/bbqentertainment.com\\\/wp-content\\\/uploads\\\/2024\\\/04\\\/BBQ-Entertainment-Schwarzberg-King-Flame-kookose-grillsoe-brigett-kuubikud-1-kg-1.webp\",\"contentUrl\":\"https:\\\/\\\/bbqentertainment.com\\\/wp-content\\\/uploads\\\/2024\\\/04\\\/BBQ-Entertainment-Schwarzberg-King-Flame-kookose-grillsoe-brigett-kuubikud-1-kg-1.webp\",\"width\":1080,\"height\":1080},{\"@type\":\"BreadcrumbList\",\"@id\":\"https:\\\/\\\/bbqentertainment.com\\\/toode\\\/schwarzberg-king-flame-kookose-grillsoe-brigett-kuubikud-1-kg\\\/#breadcrumb\",\"itemListElement\":[{\"@type\":\"ListItem\",\"position\":1,\"name\":\"AVALEHT\",\"item\":\"https:\\\/\\\/bbqentertainment.com\\\/en\\\/\"},{\"@type\":\"ListItem\",\"position\":2,\"name\":\"Tooted\",\"item\":\"https:\\\/\\\/bbqentertainment.com\\\/tooted\\\/\"},{\"@type\":\"ListItem\",\"position\":3,\"name\":\"K\u00fcte\",\"item\":\"https:\\\/\\\/bbqentertainment.com\\\/tootekategooria\\\/grillsusi\\\/\"},{\"@type\":\"ListItem\",\"position\":4,\"name\":\"Eksootilised grills\u00f6ed\",\"item\":\"https:\\\/\\\/bbqentertainment.com\\\/tootekategooria\\\/grillsusi\\\/eksootilised-grillsoed\\\/\"},{\"@type\":\"ListItem\",\"position\":5,\"name\":\"Schwarzberg King Flame kookose grills\u00f6e brigett-kuubikud 1 kg\"}]},{\"@type\":\"WebSite\",\"@id\":\"https:\\\/\\\/bbqentertainment.com\\\/#website\",\"url\":\"https:\\\/\\\/bbqentertainment.com\\\/\",\"name\":\"BBQ Entertainment\",\"description\":\"BBQ is a great lifestyle, not just fun!\",\"publisher\":{\"@id\":\"https:\\\/\\\/bbqentertainment.com\\\/#organization\"},\"potentialAction\":[{\"@type\":\"SearchAction\",\"target\":{\"@type\":\"EntryPoint\",\"urlTemplate\":\"https:\\\/\\\/bbqentertainment.com\\\/?s={search_term_string}\"},\"query-input\":{\"@type\":\"PropertyValueSpecification\",\"valueRequired\":true,\"valueName\":\"search_term_string\"}}],\"inLanguage\":\"en-US\"},{\"@type\":\"Organization\",\"@id\":\"https:\\\/\\\/bbqentertainment.com\\\/#organization\",\"name\":\"BBQ Entertainment O\u00dc\",\"url\":\"https:\\\/\\\/bbqentertainment.com\\\/\",\"logo\":{\"@type\":\"ImageObject\",\"inLanguage\":\"en-US\",\"@id\":\"https:\\\/\\\/bbqentertainment.com\\\/#\\\/schema\\\/logo\\\/image\\\/\",\"url\":\"https:\\\/\\\/bbqentertainment.com\\\/wp-content\\\/uploads\\\/2020\\\/04\\\/BBQ-Entertainment-N-Catering-Enn-Tobreluts-Logo.png\",\"contentUrl\":\"https:\\\/\\\/bbqentertainment.com\\\/wp-content\\\/uploads\\\/2020\\\/04\\\/BBQ-Entertainment-N-Catering-Enn-Tobreluts-Logo.png\",\"width\":628,\"height\":266,\"caption\":\"BBQ Entertainment O\u00dc\"},\"image\":{\"@id\":\"https:\\\/\\\/bbqentertainment.com\\\/#\\\/schema\\\/logo\\\/image\\\/\"},\"sameAs\":[\"https:\\\/\\\/www.facebook.com\\\/BBQ-Entertainment-N-Catering-2437913376443540\",\"https:\\\/\\\/www.instagram.com\\\/bbqentertainmentncatering\\\/\",\"https:\\\/\\\/www.youtube.com\\\/channel\\\/UCmpuANQVhLy2Md8nrenp2jA\"]}]}<\/script>\n<!-- \/ Yoast SEO plugin. -->","yoast_head_json":{"title":"Schwarzberg King Flame kookose grills\u00f6e brigett-kuubikud 1 kg - BBQ Entertainment","robots":{"index":"index","follow":"follow","max-snippet":"max-snippet:-1","max-image-preview":"max-image-preview:large","max-video-preview":"max-video-preview:-1"},"canonical":"https:\/\/bbqentertainment.com\/toode\/schwarzberg-king-flame-kookose-grillsoe-brigett-kuubikud-1-kg\/","og_locale":"en_US","og_type":"article","og_title":"Schwarzberg King Flame kookose grills\u00f6e brigett-kuubikud 1 kg - BBQ Entertainment","og_description":"Schwarzberg King Flame kookose grills\u00f6e brigett-kuubikud 1 kg K\u00f5rgeima kvaliteediga Schwarzberg kookosp\u00e4hkli koore s\u00fcsi kuubikud, m\u00f5\u00f5tmetega 2,7cm x 2,7cm. Need s\u00f6ed eraldavad rohkem soojust ja p\u00f5levad kauem kui tavaline s\u00fcsi.  Loodusearmastajad ja keskkonnas\u00f5bralikud grillis\u00f5brad valivad Schwarzbergi, sest tootmises kasutatakse ainult kookosp\u00e4hkli koort ja puid ei raiuta.   100% looduslikud  Ei eralda suitsu  L\u00f5hnatud  Keskkonnas\u00f5bralikud  \u00dchtlane p\u00f5lemine  J\u00e4rel j\u00e4\u00e4b v\u00e4he tuhka  100% looduslikud briketid  Hoiavad \u00fchtlast temperatuuri kuni 2 tundi P\u00e4rast k\u00fcpsetamist j\u00e4\u00e4b v\u00e4ga v\u00e4he tuhka Brikettide s\u00fc\u00fctamiseks ei tohi kasutada p\u00f5levvedelikke Ainult t\u00e4ielikult p\u00f5levate brikettidega v\u00f5ib toitu k\u00fcpsetada Briketi m\u00f5\u00f5tmed: 10 x 5 Hoidke kuivas kohas, lastele k\u00e4ttesaamatus kohas","og_url":"https:\/\/bbqentertainment.com\/toode\/schwarzberg-king-flame-kookose-grillsoe-brigett-kuubikud-1-kg\/","og_site_name":"BBQ Entertainment","article_publisher":"https:\/\/www.facebook.com\/BBQ-Entertainment-N-Catering-2437913376443540","article_modified_time":"2025-07-25T10:45:27+00:00","og_image":[{"width":1080,"height":1080,"url":"https:\/\/bbqentertainment.com\/wp-content\/uploads\/2024\/04\/BBQ-Entertainment-Schwarzberg-King-Flame-kookose-grillsoe-brigett-kuubikud-1-kg-1.webp","type":"image\/webp"}],"twitter_card":"summary_large_image","twitter_misc":{"Est. reading time":"1 minute"},"schema":{"@context":"https:\/\/schema.org","@graph":[{"@type":["WebPage","ItemPage"],"@id":"https:\/\/bbqentertainment.com\/toode\/schwarzberg-king-flame-kookose-grillsoe-brigett-kuubikud-1-kg\/","url":"https:\/\/bbqentertainment.com\/toode\/schwarzberg-king-flame-kookose-grillsoe-brigett-kuubikud-1-kg\/","name":"Schwarzberg King Flame kookose grills\u00f6e brigett-kuubikud 1 kg - BBQ Entertainment","isPartOf":{"@id":"https:\/\/bbqentertainment.com\/#website"},"primaryImageOfPage":{"@id":"https:\/\/bbqentertainment.com\/toode\/schwarzberg-king-flame-kookose-grillsoe-brigett-kuubikud-1-kg\/#primaryimage"},"image":{"@id":"https:\/\/bbqentertainment.com\/toode\/schwarzberg-king-flame-kookose-grillsoe-brigett-kuubikud-1-kg\/#primaryimage"},"thumbnailUrl":"https:\/\/bbqentertainment.com\/wp-content\/uploads\/2024\/04\/BBQ-Entertainment-Schwarzberg-King-Flame-kookose-grillsoe-brigett-kuubikud-1-kg-1.webp","datePublished":"2024-04-30T17:14:25+00:00","dateModified":"2025-07-25T10:45:27+00:00","breadcrumb":{"@id":"https:\/\/bbqentertainment.com\/toode\/schwarzberg-king-flame-kookose-grillsoe-brigett-kuubikud-1-kg\/#breadcrumb"},"inLanguage":"en-US","potentialAction":[{"@type":"ReadAction","target":["https:\/\/bbqentertainment.com\/toode\/schwarzberg-king-flame-kookose-grillsoe-brigett-kuubikud-1-kg\/"]}]},{"@type":"ImageObject","inLanguage":"en-US","@id":"https:\/\/bbqentertainment.com\/toode\/schwarzberg-king-flame-kookose-grillsoe-brigett-kuubikud-1-kg\/#primaryimage","url":"https:\/\/bbqentertainment.com\/wp-content\/uploads\/2024\/04\/BBQ-Entertainment-Schwarzberg-King-Flame-kookose-grillsoe-brigett-kuubikud-1-kg-1.webp","contentUrl":"https:\/\/bbqentertainment.com\/wp-content\/uploads\/2024\/04\/BBQ-Entertainment-Schwarzberg-King-Flame-kookose-grillsoe-brigett-kuubikud-1-kg-1.webp","width":1080,"height":1080},{"@type":"BreadcrumbList","@id":"https:\/\/bbqentertainment.com\/toode\/schwarzberg-king-flame-kookose-grillsoe-brigett-kuubikud-1-kg\/#breadcrumb","itemListElement":[{"@type":"ListItem","position":1,"name":"AVALEHT","item":"https:\/\/bbqentertainment.com\/en\/"},{"@type":"ListItem","position":2,"name":"Tooted","item":"https:\/\/bbqentertainment.com\/tooted\/"},{"@type":"ListItem","position":3,"name":"K\u00fcte","item":"https:\/\/bbqentertainment.com\/tootekategooria\/grillsusi\/"},{"@type":"ListItem","position":4,"name":"Eksootilised grills\u00f6ed","item":"https:\/\/bbqentertainment.com\/tootekategooria\/grillsusi\/eksootilised-grillsoed\/"},{"@type":"ListItem","position":5,"name":"Schwarzberg King Flame kookose grills\u00f6e brigett-kuubikud 1 kg"}]},{"@type":"WebSite","@id":"https:\/\/bbqentertainment.com\/#website","url":"https:\/\/bbqentertainment.com\/","name":"BBQ Entertainment","description":"BBQ is a great lifestyle, not just fun!","publisher":{"@id":"https:\/\/bbqentertainment.com\/#organization"},"potentialAction":[{"@type":"SearchAction","target":{"@type":"EntryPoint","urlTemplate":"https:\/\/bbqentertainment.com\/?s={search_term_string}"},"query-input":{"@type":"PropertyValueSpecification","valueRequired":true,"valueName":"search_term_string"}}],"inLanguage":"en-US"},{"@type":"Organization","@id":"https:\/\/bbqentertainment.com\/#organization","name":"BBQ Entertainment O\u00dc","url":"https:\/\/bbqentertainment.com\/","logo":{"@type":"ImageObject","inLanguage":"en-US","@id":"https:\/\/bbqentertainment.com\/#\/schema\/logo\/image\/","url":"https:\/\/bbqentertainment.com\/wp-content\/uploads\/2020\/04\/BBQ-Entertainment-N-Catering-Enn-Tobreluts-Logo.png","contentUrl":"https:\/\/bbqentertainment.com\/wp-content\/uploads\/2020\/04\/BBQ-Entertainment-N-Catering-Enn-Tobreluts-Logo.png","width":628,"height":266,"caption":"BBQ Entertainment O\u00dc"},"image":{"@id":"https:\/\/bbqentertainment.com\/#\/schema\/logo\/image\/"},"sameAs":["https:\/\/www.facebook.com\/BBQ-Entertainment-N-Catering-2437913376443540","https:\/\/www.instagram.com\/bbqentertainmentncatering\/","https:\/\/www.youtube.com\/channel\/UCmpuANQVhLy2Md8nrenp2jA"]}]}},"_links":{"self":[{"href":"https:\/\/bbqentertainment.com\/en\/wp-json\/wp\/v2\/product\/247299","targetHints":{"allow":["GET"]}}],"collection":[{"href":"https:\/\/bbqentertainment.com\/en\/wp-json\/wp\/v2\/product"}],"about":[{"href":"https:\/\/bbqentertainment.com\/en\/wp-json\/wp\/v2\/types\/product"}],"wp:featuredmedia":[{"embeddable":true,"href":"https:\/\/bbqentertainment.com\/en\/wp-json\/wp\/v2\/media\/247304"}],"wp:attachment":[{"href":"https:\/\/bbqentertainment.com\/en\/wp-json\/wp\/v2\/media?parent=247299"}],"wp:term":[{"taxonomy":"product_brand","embeddable":true,"href":"https:\/\/bbqentertainment.com\/en\/wp-json\/wp\/v2\/product_brand?post=247299"},{"taxonomy":"product_cat","embeddable":true,"href":"https:\/\/bbqentertainment.com\/en\/wp-json\/wp\/v2\/product_cat?post=247299"},{"taxonomy":"product_tag","embeddable":true,"href":"https:\/\/bbqentertainment.com\/en\/wp-json\/wp\/v2\/product_tag?post=247299"}],"curies":[{"name":"wp","href":"https:\/\/api.w.org\/{rel}","templated":true}]}}