{"id":247306,"date":"2024-04-30T20:22:30","date_gmt":"2024-04-30T17:22:30","guid":{"rendered":"https:\/\/bbqentertainment.com\/?post_type=product&#038;p=247306"},"modified":"2025-07-25T13:45:25","modified_gmt":"2025-07-25T10:45:25","slug":"forged-katai-chef-knife-kokanuga-205-cm","status":"publish","type":"product","link":"https:\/\/bbqentertainment.com\/en\/toode\/forged-katai-chef-knife-kokanuga-205-cm\/","title":{"rendered":"Forged KATAI Chef Knife \/ KOKANUGA 20,5 cm"},"content":{"rendered":"<p>Tootja: Style de Vie Authentique <br \/>P\u00e4ritoluriik: Holland <br \/>Tootekood: KatKoksmes <br \/>Karedus: 60 Rockwell <br \/>Tera pikkus: 20,5 cm <br \/>Tera paksus: 2,5 mm <br \/>Teritusnurk: 18 kraadi <br \/>Kaheaastane garantii <\/p>\n<p>M\u00e4rkus: ei tohi pesta n\u00f5udepesumasinas<\/p>\n<p>Garantiid: \u201eStyle de Vie Authentique\u201c annab noa materjalile ja valmistamiskvaliteedile 10-aastase garantii.<\/p>\n","protected":false},"excerpt":{"rendered":"<h3>Forged KATAI Chef Knife \/ KOKANUGA 20,5 cm<\/h3>\n<p>KATAI peakoka nuga \u2013 meie kollektsiooni k\u00f5ige auhinnatum nuga! 2020. aastal v\u00f5itis see maineka RED DOT auhinna toiduvalmistamise t\u00f6\u00f6riistade kategoorias! RED DOT auhindade jagamisel v\u00f5istles 6500 toodet enam kui 60 riigist. S\u00f5ltumatu \u017e\u00fcrii, mis on juba 65 aastat kokku tulnud, valib v\u00f5itjad nende visuaalse atraktiivsuse, funktsionaalsuse, originaalse disaini, innovatiivsuse, kasutatud materjalide ja tootmise erilisuse p\u00f5hjal.<\/p>\n<p>Peakoka nuga on k\u00f5ige universaalsem ja kohustuslik noat\u00fc\u00fcp. Selle tera pikkus on 20,5 cm.<\/p>\n","protected":false},"featured_media":247309,"template":"","meta":{"inline_featured_image":false},"product_brand":[],"product_cat":[365],"product_tag":[],"class_list":{"0":"post-247306","1":"product","2":"type-product","3":"status-publish","4":"has-post-thumbnail","6":"product_cat-kokanoad-ja-teritajad","8":"first","9":"instock","10":"taxable","11":"shipping-taxable","12":"purchasable","13":"product-type-simple"},"yoast_head":"<!-- This site is optimized with the Yoast SEO plugin v27.4 - https:\/\/yoast.com\/product\/yoast-seo-wordpress\/ -->\n<title>Forged KATAI Chef Knife \/ KOKANUGA 20,5 cm - BBQ Entertainment<\/title>\n<meta name=\"robots\" content=\"index, follow, max-snippet:-1, max-image-preview:large, max-video-preview:-1\" \/>\n<link rel=\"canonical\" href=\"https:\/\/bbqentertainment.com\/toode\/forged-katai-chef-knife-kokanuga-205-cm\/\" \/>\n<meta property=\"og:locale\" content=\"en_US\" \/>\n<meta property=\"og:type\" content=\"article\" \/>\n<meta property=\"og:title\" content=\"Forged KATAI Chef Knife \/ KOKANUGA 20,5 cm - BBQ Entertainment\" \/>\n<meta property=\"og:description\" content=\"Forged KATAI Chef Knife \/ KOKANUGA 20,5 cmKATAI peakoka nuga \u2013 meie kollektsiooni k\u00f5ige auhinnatum nuga! 2020. aastal v\u00f5itis see maineka RED DOT auhinna toiduvalmistamise t\u00f6\u00f6riistade kategoorias! RED DOT auhindade jagamisel v\u00f5istles 6500 toodet enam kui 60 riigist. S\u00f5ltumatu \u017e\u00fcrii, mis on juba 65 aastat kokku tulnud, valib v\u00f5itjad nende visuaalse atraktiivsuse, funktsionaalsuse, originaalse disaini, innovatiivsuse, kasutatud materjalide ja tootmise erilisuse p\u00f5hjal.Peakoka nuga on k\u00f5ige universaalsem ja kohustuslik noat\u00fc\u00fcp. Selle tera pikkus on 20,5 cm.\" \/>\n<meta property=\"og:url\" content=\"https:\/\/bbqentertainment.com\/toode\/forged-katai-chef-knife-kokanuga-205-cm\/\" \/>\n<meta property=\"og:site_name\" content=\"BBQ Entertainment\" \/>\n<meta property=\"article:publisher\" content=\"https:\/\/www.facebook.com\/BBQ-Entertainment-N-Catering-2437913376443540\" \/>\n<meta property=\"article:modified_time\" content=\"2025-07-25T10:45:25+00:00\" \/>\n<meta property=\"og:image\" content=\"https:\/\/bbqentertainment.com\/wp-content\/uploads\/2024\/04\/bbq-Entertainment-Forged-KATAI-Chef-Knife-KOKANUGA-1.webp\" \/>\n\t<meta property=\"og:image:width\" content=\"921\" \/>\n\t<meta property=\"og:image:height\" content=\"921\" \/>\n\t<meta property=\"og:image:type\" content=\"image\/webp\" \/>\n<meta name=\"twitter:card\" content=\"summary_large_image\" \/>\n<meta name=\"twitter:label1\" content=\"Est. reading time\" \/>\n\t<meta name=\"twitter:data1\" content=\"1 minute\" \/>\n<script type=\"application\/ld+json\" class=\"yoast-schema-graph\">{\"@context\":\"https:\\\/\\\/schema.org\",\"@graph\":[{\"@type\":[\"WebPage\",\"ItemPage\"],\"@id\":\"https:\\\/\\\/bbqentertainment.com\\\/toode\\\/forged-katai-chef-knife-kokanuga-205-cm\\\/\",\"url\":\"https:\\\/\\\/bbqentertainment.com\\\/toode\\\/forged-katai-chef-knife-kokanuga-205-cm\\\/\",\"name\":\"Forged KATAI Chef Knife \\\/ KOKANUGA 20,5 cm - BBQ Entertainment\",\"isPartOf\":{\"@id\":\"https:\\\/\\\/bbqentertainment.com\\\/#website\"},\"primaryImageOfPage\":{\"@id\":\"https:\\\/\\\/bbqentertainment.com\\\/toode\\\/forged-katai-chef-knife-kokanuga-205-cm\\\/#primaryimage\"},\"image\":{\"@id\":\"https:\\\/\\\/bbqentertainment.com\\\/toode\\\/forged-katai-chef-knife-kokanuga-205-cm\\\/#primaryimage\"},\"thumbnailUrl\":\"https:\\\/\\\/bbqentertainment.com\\\/wp-content\\\/uploads\\\/2024\\\/04\\\/bbq-Entertainment-Forged-KATAI-Chef-Knife-KOKANUGA-1.webp\",\"datePublished\":\"2024-04-30T17:22:30+00:00\",\"dateModified\":\"2025-07-25T10:45:25+00:00\",\"breadcrumb\":{\"@id\":\"https:\\\/\\\/bbqentertainment.com\\\/toode\\\/forged-katai-chef-knife-kokanuga-205-cm\\\/#breadcrumb\"},\"inLanguage\":\"en-US\",\"potentialAction\":[{\"@type\":\"ReadAction\",\"target\":[\"https:\\\/\\\/bbqentertainment.com\\\/toode\\\/forged-katai-chef-knife-kokanuga-205-cm\\\/\"]}]},{\"@type\":\"ImageObject\",\"inLanguage\":\"en-US\",\"@id\":\"https:\\\/\\\/bbqentertainment.com\\\/toode\\\/forged-katai-chef-knife-kokanuga-205-cm\\\/#primaryimage\",\"url\":\"https:\\\/\\\/bbqentertainment.com\\\/wp-content\\\/uploads\\\/2024\\\/04\\\/bbq-Entertainment-Forged-KATAI-Chef-Knife-KOKANUGA-1.webp\",\"contentUrl\":\"https:\\\/\\\/bbqentertainment.com\\\/wp-content\\\/uploads\\\/2024\\\/04\\\/bbq-Entertainment-Forged-KATAI-Chef-Knife-KOKANUGA-1.webp\",\"width\":921,\"height\":921},{\"@type\":\"BreadcrumbList\",\"@id\":\"https:\\\/\\\/bbqentertainment.com\\\/toode\\\/forged-katai-chef-knife-kokanuga-205-cm\\\/#breadcrumb\",\"itemListElement\":[{\"@type\":\"ListItem\",\"position\":1,\"name\":\"AVALEHT\",\"item\":\"https:\\\/\\\/bbqentertainment.com\\\/en\\\/\"},{\"@type\":\"ListItem\",\"position\":2,\"name\":\"Tooted\",\"item\":\"https:\\\/\\\/bbqentertainment.com\\\/tooted\\\/\"},{\"@type\":\"ListItem\",\"position\":3,\"name\":\"Kokanoad ja -teritajad\",\"item\":\"https:\\\/\\\/bbqentertainment.com\\\/tootekategooria\\\/kokanoad-ja-teritajad\\\/\"},{\"@type\":\"ListItem\",\"position\":4,\"name\":\"Forged KATAI Chef Knife \\\/ KOKANUGA 20,5 cm\"}]},{\"@type\":\"WebSite\",\"@id\":\"https:\\\/\\\/bbqentertainment.com\\\/#website\",\"url\":\"https:\\\/\\\/bbqentertainment.com\\\/\",\"name\":\"BBQ Entertainment\",\"description\":\"BBQ is a great lifestyle, not just fun!\",\"publisher\":{\"@id\":\"https:\\\/\\\/bbqentertainment.com\\\/#organization\"},\"potentialAction\":[{\"@type\":\"SearchAction\",\"target\":{\"@type\":\"EntryPoint\",\"urlTemplate\":\"https:\\\/\\\/bbqentertainment.com\\\/?s={search_term_string}\"},\"query-input\":{\"@type\":\"PropertyValueSpecification\",\"valueRequired\":true,\"valueName\":\"search_term_string\"}}],\"inLanguage\":\"en-US\"},{\"@type\":\"Organization\",\"@id\":\"https:\\\/\\\/bbqentertainment.com\\\/#organization\",\"name\":\"BBQ Entertainment O\u00dc\",\"url\":\"https:\\\/\\\/bbqentertainment.com\\\/\",\"logo\":{\"@type\":\"ImageObject\",\"inLanguage\":\"en-US\",\"@id\":\"https:\\\/\\\/bbqentertainment.com\\\/#\\\/schema\\\/logo\\\/image\\\/\",\"url\":\"https:\\\/\\\/bbqentertainment.com\\\/wp-content\\\/uploads\\\/2020\\\/04\\\/BBQ-Entertainment-N-Catering-Enn-Tobreluts-Logo.png\",\"contentUrl\":\"https:\\\/\\\/bbqentertainment.com\\\/wp-content\\\/uploads\\\/2020\\\/04\\\/BBQ-Entertainment-N-Catering-Enn-Tobreluts-Logo.png\",\"width\":628,\"height\":266,\"caption\":\"BBQ Entertainment O\u00dc\"},\"image\":{\"@id\":\"https:\\\/\\\/bbqentertainment.com\\\/#\\\/schema\\\/logo\\\/image\\\/\"},\"sameAs\":[\"https:\\\/\\\/www.facebook.com\\\/BBQ-Entertainment-N-Catering-2437913376443540\",\"https:\\\/\\\/www.instagram.com\\\/bbqentertainmentncatering\\\/\",\"https:\\\/\\\/www.youtube.com\\\/channel\\\/UCmpuANQVhLy2Md8nrenp2jA\"]}]}<\/script>\n<!-- \/ Yoast SEO plugin. -->","yoast_head_json":{"title":"Forged KATAI Chef Knife \/ KOKANUGA 20,5 cm - BBQ Entertainment","robots":{"index":"index","follow":"follow","max-snippet":"max-snippet:-1","max-image-preview":"max-image-preview:large","max-video-preview":"max-video-preview:-1"},"canonical":"https:\/\/bbqentertainment.com\/toode\/forged-katai-chef-knife-kokanuga-205-cm\/","og_locale":"en_US","og_type":"article","og_title":"Forged KATAI Chef Knife \/ KOKANUGA 20,5 cm - BBQ Entertainment","og_description":"Forged KATAI Chef Knife \/ KOKANUGA 20,5 cmKATAI peakoka nuga \u2013 meie kollektsiooni k\u00f5ige auhinnatum nuga! 2020. aastal v\u00f5itis see maineka RED DOT auhinna toiduvalmistamise t\u00f6\u00f6riistade kategoorias! RED DOT auhindade jagamisel v\u00f5istles 6500 toodet enam kui 60 riigist. S\u00f5ltumatu \u017e\u00fcrii, mis on juba 65 aastat kokku tulnud, valib v\u00f5itjad nende visuaalse atraktiivsuse, funktsionaalsuse, originaalse disaini, innovatiivsuse, kasutatud materjalide ja tootmise erilisuse p\u00f5hjal.Peakoka nuga on k\u00f5ige universaalsem ja kohustuslik noat\u00fc\u00fcp. Selle tera pikkus on 20,5 cm.","og_url":"https:\/\/bbqentertainment.com\/toode\/forged-katai-chef-knife-kokanuga-205-cm\/","og_site_name":"BBQ Entertainment","article_publisher":"https:\/\/www.facebook.com\/BBQ-Entertainment-N-Catering-2437913376443540","article_modified_time":"2025-07-25T10:45:25+00:00","og_image":[{"width":921,"height":921,"url":"https:\/\/bbqentertainment.com\/wp-content\/uploads\/2024\/04\/bbq-Entertainment-Forged-KATAI-Chef-Knife-KOKANUGA-1.webp","type":"image\/webp"}],"twitter_card":"summary_large_image","twitter_misc":{"Est. reading time":"1 minute"},"schema":{"@context":"https:\/\/schema.org","@graph":[{"@type":["WebPage","ItemPage"],"@id":"https:\/\/bbqentertainment.com\/toode\/forged-katai-chef-knife-kokanuga-205-cm\/","url":"https:\/\/bbqentertainment.com\/toode\/forged-katai-chef-knife-kokanuga-205-cm\/","name":"Forged KATAI Chef Knife \/ KOKANUGA 20,5 cm - BBQ Entertainment","isPartOf":{"@id":"https:\/\/bbqentertainment.com\/#website"},"primaryImageOfPage":{"@id":"https:\/\/bbqentertainment.com\/toode\/forged-katai-chef-knife-kokanuga-205-cm\/#primaryimage"},"image":{"@id":"https:\/\/bbqentertainment.com\/toode\/forged-katai-chef-knife-kokanuga-205-cm\/#primaryimage"},"thumbnailUrl":"https:\/\/bbqentertainment.com\/wp-content\/uploads\/2024\/04\/bbq-Entertainment-Forged-KATAI-Chef-Knife-KOKANUGA-1.webp","datePublished":"2024-04-30T17:22:30+00:00","dateModified":"2025-07-25T10:45:25+00:00","breadcrumb":{"@id":"https:\/\/bbqentertainment.com\/toode\/forged-katai-chef-knife-kokanuga-205-cm\/#breadcrumb"},"inLanguage":"en-US","potentialAction":[{"@type":"ReadAction","target":["https:\/\/bbqentertainment.com\/toode\/forged-katai-chef-knife-kokanuga-205-cm\/"]}]},{"@type":"ImageObject","inLanguage":"en-US","@id":"https:\/\/bbqentertainment.com\/toode\/forged-katai-chef-knife-kokanuga-205-cm\/#primaryimage","url":"https:\/\/bbqentertainment.com\/wp-content\/uploads\/2024\/04\/bbq-Entertainment-Forged-KATAI-Chef-Knife-KOKANUGA-1.webp","contentUrl":"https:\/\/bbqentertainment.com\/wp-content\/uploads\/2024\/04\/bbq-Entertainment-Forged-KATAI-Chef-Knife-KOKANUGA-1.webp","width":921,"height":921},{"@type":"BreadcrumbList","@id":"https:\/\/bbqentertainment.com\/toode\/forged-katai-chef-knife-kokanuga-205-cm\/#breadcrumb","itemListElement":[{"@type":"ListItem","position":1,"name":"AVALEHT","item":"https:\/\/bbqentertainment.com\/en\/"},{"@type":"ListItem","position":2,"name":"Tooted","item":"https:\/\/bbqentertainment.com\/tooted\/"},{"@type":"ListItem","position":3,"name":"Kokanoad ja -teritajad","item":"https:\/\/bbqentertainment.com\/tootekategooria\/kokanoad-ja-teritajad\/"},{"@type":"ListItem","position":4,"name":"Forged KATAI Chef Knife \/ KOKANUGA 20,5 cm"}]},{"@type":"WebSite","@id":"https:\/\/bbqentertainment.com\/#website","url":"https:\/\/bbqentertainment.com\/","name":"BBQ Entertainment","description":"BBQ is a great lifestyle, not just fun!","publisher":{"@id":"https:\/\/bbqentertainment.com\/#organization"},"potentialAction":[{"@type":"SearchAction","target":{"@type":"EntryPoint","urlTemplate":"https:\/\/bbqentertainment.com\/?s={search_term_string}"},"query-input":{"@type":"PropertyValueSpecification","valueRequired":true,"valueName":"search_term_string"}}],"inLanguage":"en-US"},{"@type":"Organization","@id":"https:\/\/bbqentertainment.com\/#organization","name":"BBQ Entertainment O\u00dc","url":"https:\/\/bbqentertainment.com\/","logo":{"@type":"ImageObject","inLanguage":"en-US","@id":"https:\/\/bbqentertainment.com\/#\/schema\/logo\/image\/","url":"https:\/\/bbqentertainment.com\/wp-content\/uploads\/2020\/04\/BBQ-Entertainment-N-Catering-Enn-Tobreluts-Logo.png","contentUrl":"https:\/\/bbqentertainment.com\/wp-content\/uploads\/2020\/04\/BBQ-Entertainment-N-Catering-Enn-Tobreluts-Logo.png","width":628,"height":266,"caption":"BBQ Entertainment O\u00dc"},"image":{"@id":"https:\/\/bbqentertainment.com\/#\/schema\/logo\/image\/"},"sameAs":["https:\/\/www.facebook.com\/BBQ-Entertainment-N-Catering-2437913376443540","https:\/\/www.instagram.com\/bbqentertainmentncatering\/","https:\/\/www.youtube.com\/channel\/UCmpuANQVhLy2Md8nrenp2jA"]}]}},"_links":{"self":[{"href":"https:\/\/bbqentertainment.com\/en\/wp-json\/wp\/v2\/product\/247306","targetHints":{"allow":["GET"]}}],"collection":[{"href":"https:\/\/bbqentertainment.com\/en\/wp-json\/wp\/v2\/product"}],"about":[{"href":"https:\/\/bbqentertainment.com\/en\/wp-json\/wp\/v2\/types\/product"}],"wp:featuredmedia":[{"embeddable":true,"href":"https:\/\/bbqentertainment.com\/en\/wp-json\/wp\/v2\/media\/247309"}],"wp:attachment":[{"href":"https:\/\/bbqentertainment.com\/en\/wp-json\/wp\/v2\/media?parent=247306"}],"wp:term":[{"taxonomy":"product_brand","embeddable":true,"href":"https:\/\/bbqentertainment.com\/en\/wp-json\/wp\/v2\/product_brand?post=247306"},{"taxonomy":"product_cat","embeddable":true,"href":"https:\/\/bbqentertainment.com\/en\/wp-json\/wp\/v2\/product_cat?post=247306"},{"taxonomy":"product_tag","embeddable":true,"href":"https:\/\/bbqentertainment.com\/en\/wp-json\/wp\/v2\/product_tag?post=247306"}],"curies":[{"name":"wp","href":"https:\/\/api.w.org\/{rel}","templated":true}]}}