{"id":247318,"date":"2024-04-30T20:27:11","date_gmt":"2024-04-30T17:27:11","guid":{"rendered":"https:\/\/bbqentertainment.com\/?post_type=product&#038;p=247318"},"modified":"2025-07-25T13:45:36","modified_gmt":"2025-07-25T10:45:36","slug":"forged-katai-boning-knife-lihaloikamisnuga-16-cm","status":"publish","type":"product","link":"https:\/\/bbqentertainment.com\/en\/toode\/forged-katai-boning-knife-lihaloikamisnuga-16-cm\/","title":{"rendered":"Forged KATAI Boning Knife \/ LIHAL\u00d5IKAMISNUGA 16 cm"},"content":{"rendered":"<p>Tootja: Style de Vie Authentique <br \/>P\u00e4ritoluriik: Holland <br \/>Tootekood: KatUitbeen <br \/>Metall: 5-kihiline VG10 teras<br \/>Karedus: 60 Rockwell K\u00e4sit\u00f6\u00f6 5-kihiline metall, mis on k\u00e4sitsi sepistatud <br \/>Nuga on m\u00fc\u00fcgil koos kena puidust karbiga, millel on polsterdus ja l\u00e4bipaistev kaas <br \/>Tera pikkus: 16 cm <br \/>Tera paksus: 2 mm <br \/>Teritusnurk: 18 kraadi<\/p>\n<p>M\u00e4rkus: ei tohi pesta n\u00f5udepesumasinas P\u00e4rast pesemist p\u00fchkida kuivaks ja hoida kuivalt<\/p>\n<p>Garantiid: \u201eStyle de Vie Authentique\u201c annab noa materjalile ja valmistamiskvaliteedile 10-aastase garantii.<\/p>\n","protected":false},"excerpt":{"rendered":"<h3>Forged KATAI Boning Knife \/ LIHAL\u00d5IKAMISNUGA 16 cm<\/h3>\n<p>Hollandi ettev\u00f5tte STYLE DE VIE kollektsioon KATAI Forged lihal\u00f5ikamised on k\u00f5ige muljetavaldavam. Just selle kollektsiooni nuga v\u00f5itis 2020. aastal maineka RED DOT auhinna toiduvalmistamise t\u00f6\u00f6riistade kategoorias! See v\u00f5it julgustas laiendama KATAI Forged kollektsiooni, mille eriline ilu, mitmek\u00fclgsus ja mugavus on muljetavaldavad.<\/p>\n<p>K\u00e4sitsi valmistatud, 5-kihiline VG10 Jaapani terase tera, laitmatu tasakaal ja ainulaadne k\u00e4epide, elegantne kuju \u2013 sellised noad sobivad ideaalselt igasse k\u00f6\u00f6ki ning teevad oma t\u00f6\u00f6d veatult.<\/p>\n<p>Luumurdmise (inglise k. Boning) nuga on suhteliselt l\u00fchikese, kaardus ja kitsa teraga nuga, mis on m\u00f5eldud liha mugavaks luudelt eemaldamiseks. Selle noa k\u00e4epide on valmistatud oliivipuude juurest, mis on t\u00e4idetud spetsiaalse, tugeva ja mehaanilistele kahjustustele vastupidava komposiidiga. See on v\u00e4ga mugav kasutada: kitseneb l\u00f5ppu poole, mist\u00f5ttu &#8220;kleepub&#8221; k\u00e4ega kokku.\u00a0<\/p>\n","protected":false},"featured_media":247346,"template":"","meta":{"inline_featured_image":false},"product_brand":[],"product_cat":[365],"product_tag":[],"class_list":{"0":"post-247318","1":"product","2":"type-product","3":"status-publish","4":"has-post-thumbnail","6":"product_cat-kokanoad-ja-teritajad","8":"first","9":"instock","10":"taxable","11":"shipping-taxable","12":"purchasable","13":"product-type-simple"},"yoast_head":"<!-- This site is optimized with the Yoast SEO plugin v27.4 - https:\/\/yoast.com\/product\/yoast-seo-wordpress\/ -->\n<title>Forged KATAI Boning Knife \/ LIHAL\u00d5IKAMISNUGA 16 cm - BBQ Entertainment<\/title>\n<meta name=\"robots\" content=\"index, follow, max-snippet:-1, max-image-preview:large, max-video-preview:-1\" \/>\n<link rel=\"canonical\" href=\"https:\/\/bbqentertainment.com\/toode\/forged-katai-boning-knife-lihaloikamisnuga-16-cm\/\" \/>\n<meta property=\"og:locale\" content=\"en_US\" \/>\n<meta property=\"og:type\" content=\"article\" \/>\n<meta property=\"og:title\" content=\"Forged KATAI Boning Knife \/ LIHAL\u00d5IKAMISNUGA 16 cm - BBQ Entertainment\" \/>\n<meta property=\"og:description\" content=\"Forged KATAI Boning Knife \/ LIHAL\u00d5IKAMISNUGA 16 cmHollandi ettev\u00f5tte STYLE DE VIE kollektsioon KATAI Forged lihal\u00f5ikamised on k\u00f5ige muljetavaldavam. Just selle kollektsiooni nuga v\u00f5itis 2020. aastal maineka RED DOT auhinna toiduvalmistamise t\u00f6\u00f6riistade kategoorias! See v\u00f5it julgustas laiendama KATAI Forged kollektsiooni, mille eriline ilu, mitmek\u00fclgsus ja mugavus on muljetavaldavad.K\u00e4sitsi valmistatud, 5-kihiline VG10 Jaapani terase tera, laitmatu tasakaal ja ainulaadne k\u00e4epide, elegantne kuju \u2013 sellised noad sobivad ideaalselt igasse k\u00f6\u00f6ki ning teevad oma t\u00f6\u00f6d veatult.Luumurdmise (inglise k. Boning) nuga on suhteliselt l\u00fchikese, kaardus ja kitsa teraga nuga, mis on m\u00f5eldud liha mugavaks luudelt eemaldamiseks. Selle noa k\u00e4epide on valmistatud oliivipuude juurest, mis on t\u00e4idetud spetsiaalse, tugeva ja mehaanilistele kahjustustele vastupidava komposiidiga. See on v\u00e4ga mugav kasutada: kitseneb l\u00f5ppu poole, mist\u00f5ttu &quot;kleepub&quot; k\u00e4ega kokku.\u00a0\" \/>\n<meta property=\"og:url\" content=\"https:\/\/bbqentertainment.com\/toode\/forged-katai-boning-knife-lihaloikamisnuga-16-cm\/\" \/>\n<meta property=\"og:site_name\" content=\"BBQ Entertainment\" \/>\n<meta property=\"article:publisher\" content=\"https:\/\/www.facebook.com\/BBQ-Entertainment-N-Catering-2437913376443540\" \/>\n<meta property=\"article:modified_time\" content=\"2025-07-25T10:45:36+00:00\" \/>\n<meta property=\"og:image\" content=\"https:\/\/bbqentertainment.com\/wp-content\/uploads\/2024\/04\/BBQ-Entertainment-Forged-KATAI-Boning-Knife-LIHALOIKAMISNUGA-16-cm-1-1.webp\" \/>\n\t<meta property=\"og:image:width\" content=\"868\" \/>\n\t<meta property=\"og:image:height\" content=\"869\" \/>\n\t<meta property=\"og:image:type\" content=\"image\/webp\" \/>\n<meta name=\"twitter:card\" content=\"summary_large_image\" \/>\n<script type=\"application\/ld+json\" class=\"yoast-schema-graph\">{\"@context\":\"https:\\\/\\\/schema.org\",\"@graph\":[{\"@type\":[\"WebPage\",\"ItemPage\"],\"@id\":\"https:\\\/\\\/bbqentertainment.com\\\/toode\\\/forged-katai-boning-knife-lihaloikamisnuga-16-cm\\\/\",\"url\":\"https:\\\/\\\/bbqentertainment.com\\\/toode\\\/forged-katai-boning-knife-lihaloikamisnuga-16-cm\\\/\",\"name\":\"Forged KATAI Boning Knife \\\/ LIHAL\u00d5IKAMISNUGA 16 cm - BBQ Entertainment\",\"isPartOf\":{\"@id\":\"https:\\\/\\\/bbqentertainment.com\\\/#website\"},\"primaryImageOfPage\":{\"@id\":\"https:\\\/\\\/bbqentertainment.com\\\/toode\\\/forged-katai-boning-knife-lihaloikamisnuga-16-cm\\\/#primaryimage\"},\"image\":{\"@id\":\"https:\\\/\\\/bbqentertainment.com\\\/toode\\\/forged-katai-boning-knife-lihaloikamisnuga-16-cm\\\/#primaryimage\"},\"thumbnailUrl\":\"https:\\\/\\\/bbqentertainment.com\\\/wp-content\\\/uploads\\\/2024\\\/04\\\/BBQ-Entertainment-Forged-KATAI-Boning-Knife-LIHALOIKAMISNUGA-16-cm-1-1.webp\",\"datePublished\":\"2024-04-30T17:27:11+00:00\",\"dateModified\":\"2025-07-25T10:45:36+00:00\",\"breadcrumb\":{\"@id\":\"https:\\\/\\\/bbqentertainment.com\\\/toode\\\/forged-katai-boning-knife-lihaloikamisnuga-16-cm\\\/#breadcrumb\"},\"inLanguage\":\"en-US\",\"potentialAction\":[{\"@type\":\"ReadAction\",\"target\":[\"https:\\\/\\\/bbqentertainment.com\\\/toode\\\/forged-katai-boning-knife-lihaloikamisnuga-16-cm\\\/\"]}]},{\"@type\":\"ImageObject\",\"inLanguage\":\"en-US\",\"@id\":\"https:\\\/\\\/bbqentertainment.com\\\/toode\\\/forged-katai-boning-knife-lihaloikamisnuga-16-cm\\\/#primaryimage\",\"url\":\"https:\\\/\\\/bbqentertainment.com\\\/wp-content\\\/uploads\\\/2024\\\/04\\\/BBQ-Entertainment-Forged-KATAI-Boning-Knife-LIHALOIKAMISNUGA-16-cm-1-1.webp\",\"contentUrl\":\"https:\\\/\\\/bbqentertainment.com\\\/wp-content\\\/uploads\\\/2024\\\/04\\\/BBQ-Entertainment-Forged-KATAI-Boning-Knife-LIHALOIKAMISNUGA-16-cm-1-1.webp\",\"width\":868,\"height\":869},{\"@type\":\"BreadcrumbList\",\"@id\":\"https:\\\/\\\/bbqentertainment.com\\\/toode\\\/forged-katai-boning-knife-lihaloikamisnuga-16-cm\\\/#breadcrumb\",\"itemListElement\":[{\"@type\":\"ListItem\",\"position\":1,\"name\":\"AVALEHT\",\"item\":\"https:\\\/\\\/bbqentertainment.com\\\/en\\\/\"},{\"@type\":\"ListItem\",\"position\":2,\"name\":\"Tooted\",\"item\":\"https:\\\/\\\/bbqentertainment.com\\\/tooted\\\/\"},{\"@type\":\"ListItem\",\"position\":3,\"name\":\"Kokanoad ja -teritajad\",\"item\":\"https:\\\/\\\/bbqentertainment.com\\\/tootekategooria\\\/kokanoad-ja-teritajad\\\/\"},{\"@type\":\"ListItem\",\"position\":4,\"name\":\"Forged KATAI Boning Knife \\\/ LIHAL\u00d5IKAMISNUGA 16 cm\"}]},{\"@type\":\"WebSite\",\"@id\":\"https:\\\/\\\/bbqentertainment.com\\\/#website\",\"url\":\"https:\\\/\\\/bbqentertainment.com\\\/\",\"name\":\"BBQ Entertainment\",\"description\":\"BBQ is a great lifestyle, not just fun!\",\"publisher\":{\"@id\":\"https:\\\/\\\/bbqentertainment.com\\\/#organization\"},\"potentialAction\":[{\"@type\":\"SearchAction\",\"target\":{\"@type\":\"EntryPoint\",\"urlTemplate\":\"https:\\\/\\\/bbqentertainment.com\\\/?s={search_term_string}\"},\"query-input\":{\"@type\":\"PropertyValueSpecification\",\"valueRequired\":true,\"valueName\":\"search_term_string\"}}],\"inLanguage\":\"en-US\"},{\"@type\":\"Organization\",\"@id\":\"https:\\\/\\\/bbqentertainment.com\\\/#organization\",\"name\":\"BBQ Entertainment O\u00dc\",\"url\":\"https:\\\/\\\/bbqentertainment.com\\\/\",\"logo\":{\"@type\":\"ImageObject\",\"inLanguage\":\"en-US\",\"@id\":\"https:\\\/\\\/bbqentertainment.com\\\/#\\\/schema\\\/logo\\\/image\\\/\",\"url\":\"https:\\\/\\\/bbqentertainment.com\\\/wp-content\\\/uploads\\\/2020\\\/04\\\/BBQ-Entertainment-N-Catering-Enn-Tobreluts-Logo.png\",\"contentUrl\":\"https:\\\/\\\/bbqentertainment.com\\\/wp-content\\\/uploads\\\/2020\\\/04\\\/BBQ-Entertainment-N-Catering-Enn-Tobreluts-Logo.png\",\"width\":628,\"height\":266,\"caption\":\"BBQ Entertainment O\u00dc\"},\"image\":{\"@id\":\"https:\\\/\\\/bbqentertainment.com\\\/#\\\/schema\\\/logo\\\/image\\\/\"},\"sameAs\":[\"https:\\\/\\\/www.facebook.com\\\/BBQ-Entertainment-N-Catering-2437913376443540\",\"https:\\\/\\\/www.instagram.com\\\/bbqentertainmentncatering\\\/\",\"https:\\\/\\\/www.youtube.com\\\/channel\\\/UCmpuANQVhLy2Md8nrenp2jA\"]}]}<\/script>\n<!-- \/ Yoast SEO plugin. -->","yoast_head_json":{"title":"Forged KATAI Boning Knife \/ LIHAL\u00d5IKAMISNUGA 16 cm - BBQ Entertainment","robots":{"index":"index","follow":"follow","max-snippet":"max-snippet:-1","max-image-preview":"max-image-preview:large","max-video-preview":"max-video-preview:-1"},"canonical":"https:\/\/bbqentertainment.com\/toode\/forged-katai-boning-knife-lihaloikamisnuga-16-cm\/","og_locale":"en_US","og_type":"article","og_title":"Forged KATAI Boning Knife \/ LIHAL\u00d5IKAMISNUGA 16 cm - BBQ Entertainment","og_description":"Forged KATAI Boning Knife \/ LIHAL\u00d5IKAMISNUGA 16 cmHollandi ettev\u00f5tte STYLE DE VIE kollektsioon KATAI Forged lihal\u00f5ikamised on k\u00f5ige muljetavaldavam. Just selle kollektsiooni nuga v\u00f5itis 2020. aastal maineka RED DOT auhinna toiduvalmistamise t\u00f6\u00f6riistade kategoorias! See v\u00f5it julgustas laiendama KATAI Forged kollektsiooni, mille eriline ilu, mitmek\u00fclgsus ja mugavus on muljetavaldavad.K\u00e4sitsi valmistatud, 5-kihiline VG10 Jaapani terase tera, laitmatu tasakaal ja ainulaadne k\u00e4epide, elegantne kuju \u2013 sellised noad sobivad ideaalselt igasse k\u00f6\u00f6ki ning teevad oma t\u00f6\u00f6d veatult.Luumurdmise (inglise k. Boning) nuga on suhteliselt l\u00fchikese, kaardus ja kitsa teraga nuga, mis on m\u00f5eldud liha mugavaks luudelt eemaldamiseks. Selle noa k\u00e4epide on valmistatud oliivipuude juurest, mis on t\u00e4idetud spetsiaalse, tugeva ja mehaanilistele kahjustustele vastupidava komposiidiga. See on v\u00e4ga mugav kasutada: kitseneb l\u00f5ppu poole, mist\u00f5ttu \"kleepub\" k\u00e4ega kokku.\u00a0","og_url":"https:\/\/bbqentertainment.com\/toode\/forged-katai-boning-knife-lihaloikamisnuga-16-cm\/","og_site_name":"BBQ Entertainment","article_publisher":"https:\/\/www.facebook.com\/BBQ-Entertainment-N-Catering-2437913376443540","article_modified_time":"2025-07-25T10:45:36+00:00","og_image":[{"width":868,"height":869,"url":"https:\/\/bbqentertainment.com\/wp-content\/uploads\/2024\/04\/BBQ-Entertainment-Forged-KATAI-Boning-Knife-LIHALOIKAMISNUGA-16-cm-1-1.webp","type":"image\/webp"}],"twitter_card":"summary_large_image","schema":{"@context":"https:\/\/schema.org","@graph":[{"@type":["WebPage","ItemPage"],"@id":"https:\/\/bbqentertainment.com\/toode\/forged-katai-boning-knife-lihaloikamisnuga-16-cm\/","url":"https:\/\/bbqentertainment.com\/toode\/forged-katai-boning-knife-lihaloikamisnuga-16-cm\/","name":"Forged KATAI Boning Knife \/ LIHAL\u00d5IKAMISNUGA 16 cm - BBQ Entertainment","isPartOf":{"@id":"https:\/\/bbqentertainment.com\/#website"},"primaryImageOfPage":{"@id":"https:\/\/bbqentertainment.com\/toode\/forged-katai-boning-knife-lihaloikamisnuga-16-cm\/#primaryimage"},"image":{"@id":"https:\/\/bbqentertainment.com\/toode\/forged-katai-boning-knife-lihaloikamisnuga-16-cm\/#primaryimage"},"thumbnailUrl":"https:\/\/bbqentertainment.com\/wp-content\/uploads\/2024\/04\/BBQ-Entertainment-Forged-KATAI-Boning-Knife-LIHALOIKAMISNUGA-16-cm-1-1.webp","datePublished":"2024-04-30T17:27:11+00:00","dateModified":"2025-07-25T10:45:36+00:00","breadcrumb":{"@id":"https:\/\/bbqentertainment.com\/toode\/forged-katai-boning-knife-lihaloikamisnuga-16-cm\/#breadcrumb"},"inLanguage":"en-US","potentialAction":[{"@type":"ReadAction","target":["https:\/\/bbqentertainment.com\/toode\/forged-katai-boning-knife-lihaloikamisnuga-16-cm\/"]}]},{"@type":"ImageObject","inLanguage":"en-US","@id":"https:\/\/bbqentertainment.com\/toode\/forged-katai-boning-knife-lihaloikamisnuga-16-cm\/#primaryimage","url":"https:\/\/bbqentertainment.com\/wp-content\/uploads\/2024\/04\/BBQ-Entertainment-Forged-KATAI-Boning-Knife-LIHALOIKAMISNUGA-16-cm-1-1.webp","contentUrl":"https:\/\/bbqentertainment.com\/wp-content\/uploads\/2024\/04\/BBQ-Entertainment-Forged-KATAI-Boning-Knife-LIHALOIKAMISNUGA-16-cm-1-1.webp","width":868,"height":869},{"@type":"BreadcrumbList","@id":"https:\/\/bbqentertainment.com\/toode\/forged-katai-boning-knife-lihaloikamisnuga-16-cm\/#breadcrumb","itemListElement":[{"@type":"ListItem","position":1,"name":"AVALEHT","item":"https:\/\/bbqentertainment.com\/en\/"},{"@type":"ListItem","position":2,"name":"Tooted","item":"https:\/\/bbqentertainment.com\/tooted\/"},{"@type":"ListItem","position":3,"name":"Kokanoad ja -teritajad","item":"https:\/\/bbqentertainment.com\/tootekategooria\/kokanoad-ja-teritajad\/"},{"@type":"ListItem","position":4,"name":"Forged KATAI Boning Knife \/ LIHAL\u00d5IKAMISNUGA 16 cm"}]},{"@type":"WebSite","@id":"https:\/\/bbqentertainment.com\/#website","url":"https:\/\/bbqentertainment.com\/","name":"BBQ Entertainment","description":"BBQ is a great lifestyle, not just fun!","publisher":{"@id":"https:\/\/bbqentertainment.com\/#organization"},"potentialAction":[{"@type":"SearchAction","target":{"@type":"EntryPoint","urlTemplate":"https:\/\/bbqentertainment.com\/?s={search_term_string}"},"query-input":{"@type":"PropertyValueSpecification","valueRequired":true,"valueName":"search_term_string"}}],"inLanguage":"en-US"},{"@type":"Organization","@id":"https:\/\/bbqentertainment.com\/#organization","name":"BBQ Entertainment O\u00dc","url":"https:\/\/bbqentertainment.com\/","logo":{"@type":"ImageObject","inLanguage":"en-US","@id":"https:\/\/bbqentertainment.com\/#\/schema\/logo\/image\/","url":"https:\/\/bbqentertainment.com\/wp-content\/uploads\/2020\/04\/BBQ-Entertainment-N-Catering-Enn-Tobreluts-Logo.png","contentUrl":"https:\/\/bbqentertainment.com\/wp-content\/uploads\/2020\/04\/BBQ-Entertainment-N-Catering-Enn-Tobreluts-Logo.png","width":628,"height":266,"caption":"BBQ Entertainment O\u00dc"},"image":{"@id":"https:\/\/bbqentertainment.com\/#\/schema\/logo\/image\/"},"sameAs":["https:\/\/www.facebook.com\/BBQ-Entertainment-N-Catering-2437913376443540","https:\/\/www.instagram.com\/bbqentertainmentncatering\/","https:\/\/www.youtube.com\/channel\/UCmpuANQVhLy2Md8nrenp2jA"]}]}},"_links":{"self":[{"href":"https:\/\/bbqentertainment.com\/en\/wp-json\/wp\/v2\/product\/247318","targetHints":{"allow":["GET"]}}],"collection":[{"href":"https:\/\/bbqentertainment.com\/en\/wp-json\/wp\/v2\/product"}],"about":[{"href":"https:\/\/bbqentertainment.com\/en\/wp-json\/wp\/v2\/types\/product"}],"wp:featuredmedia":[{"embeddable":true,"href":"https:\/\/bbqentertainment.com\/en\/wp-json\/wp\/v2\/media\/247346"}],"wp:attachment":[{"href":"https:\/\/bbqentertainment.com\/en\/wp-json\/wp\/v2\/media?parent=247318"}],"wp:term":[{"taxonomy":"product_brand","embeddable":true,"href":"https:\/\/bbqentertainment.com\/en\/wp-json\/wp\/v2\/product_brand?post=247318"},{"taxonomy":"product_cat","embeddable":true,"href":"https:\/\/bbqentertainment.com\/en\/wp-json\/wp\/v2\/product_cat?post=247318"},{"taxonomy":"product_tag","embeddable":true,"href":"https:\/\/bbqentertainment.com\/en\/wp-json\/wp\/v2\/product_tag?post=247318"}],"curies":[{"name":"wp","href":"https:\/\/api.w.org\/{rel}","templated":true}]}}