{"id":247358,"date":"2024-05-01T10:41:23","date_gmt":"2024-05-01T07:41:23","guid":{"rendered":"https:\/\/bbqentertainment.com\/?post_type=product&#038;p=247358"},"modified":"2025-07-25T13:45:20","modified_gmt":"2025-07-25T10:45:20","slug":"forged-olive-diamond-noaterituspulk","status":"publish","type":"product","link":"https:\/\/bbqentertainment.com\/en\/toode\/forged-olive-diamond-noaterituspulk\/","title":{"rendered":"Forged OLIVE Diamond \/ NOATERITUSPULK"},"content":{"rendered":"<p>Tootja: Style de Vie Authentique<br \/>\nP\u00e4ritoluriik: Holland<br \/>\nTootekood: OliveAanzet<br \/>\nK\u00e4epideme v\u00e4rv: helepruun<br \/>\nK\u00e4epide: oliivipuu<br \/>\nPikkus: 26 cm<br \/>\nOvaalse kujuga<br \/>\nTeemantteritaja STYLE DE VIE Olive on valmistatud roostevabast terasest<br \/>\nEi soovitata pesta n\u00f5udepesumasinas<br \/>\nTeemantteritaja STYLE DE VIE Olive on m\u00fc\u00fcgil koos luksusliku puidust karbiga<\/p>\n<p>Garantiid:<br \/>\n\u201eStyle de Vie Authentique\u201c annab oma toodetele 10-aastase garantii.<\/p>\n","protected":false},"excerpt":{"rendered":"<h3>Forged OLIVE Diamond \/ NOATERITUSPULK<\/h3>\n<p>Roostevabast terasest teemantteritaja oliivipuust k\u00e4epidemega \u2013 luksuslik k\u00e4sitsi valmistatud k\u00f6\u00f6git\u00f6\u00f6riist.<\/p>\n","protected":false},"featured_media":247361,"template":"","meta":{"inline_featured_image":false},"product_brand":[],"product_cat":[365],"product_tag":[],"class_list":{"0":"post-247358","1":"product","2":"type-product","3":"status-publish","4":"has-post-thumbnail","6":"product_cat-kokanoad-ja-teritajad","8":"first","9":"instock","10":"taxable","11":"shipping-taxable","12":"purchasable","13":"product-type-simple"},"yoast_head":"<!-- This site is optimized with the Yoast SEO plugin v27.4 - https:\/\/yoast.com\/product\/yoast-seo-wordpress\/ -->\n<title>Forged OLIVE Diamond \/ NOATERITUSPULK - BBQ Entertainment<\/title>\n<meta name=\"robots\" content=\"index, follow, max-snippet:-1, max-image-preview:large, max-video-preview:-1\" \/>\n<link rel=\"canonical\" href=\"https:\/\/bbqentertainment.com\/toode\/forged-olive-diamond-noaterituspulk\/\" \/>\n<meta property=\"og:locale\" content=\"en_US\" \/>\n<meta property=\"og:type\" content=\"article\" \/>\n<meta property=\"og:title\" content=\"Forged OLIVE Diamond \/ NOATERITUSPULK - BBQ Entertainment\" \/>\n<meta property=\"og:description\" content=\"Forged OLIVE Diamond \/ NOATERITUSPULK Roostevabast terasest teemantteritaja oliivipuust k\u00e4epidemega \u2013 luksuslik k\u00e4sitsi valmistatud k\u00f6\u00f6git\u00f6\u00f6riist.\" \/>\n<meta property=\"og:url\" content=\"https:\/\/bbqentertainment.com\/toode\/forged-olive-diamond-noaterituspulk\/\" \/>\n<meta property=\"og:site_name\" content=\"BBQ Entertainment\" \/>\n<meta property=\"article:publisher\" content=\"https:\/\/www.facebook.com\/BBQ-Entertainment-N-Catering-2437913376443540\" \/>\n<meta property=\"article:modified_time\" content=\"2025-07-25T10:45:20+00:00\" \/>\n<meta property=\"og:image\" content=\"https:\/\/bbqentertainment.com\/wp-content\/uploads\/2024\/05\/BBQ-Entertainment-Forged-OLIVE-Diamond-NOATERITUSPULK-3.webp\" \/>\n\t<meta property=\"og:image:width\" content=\"1000\" \/>\n\t<meta property=\"og:image:height\" content=\"1000\" \/>\n\t<meta property=\"og:image:type\" content=\"image\/webp\" \/>\n<meta name=\"twitter:card\" content=\"summary_large_image\" \/>\n<meta name=\"twitter:label1\" content=\"Est. reading time\" \/>\n\t<meta name=\"twitter:data1\" content=\"1 minute\" \/>\n<script type=\"application\/ld+json\" class=\"yoast-schema-graph\">{\"@context\":\"https:\\\/\\\/schema.org\",\"@graph\":[{\"@type\":[\"WebPage\",\"ItemPage\"],\"@id\":\"https:\\\/\\\/bbqentertainment.com\\\/toode\\\/forged-olive-diamond-noaterituspulk\\\/\",\"url\":\"https:\\\/\\\/bbqentertainment.com\\\/toode\\\/forged-olive-diamond-noaterituspulk\\\/\",\"name\":\"Forged OLIVE Diamond \\\/ NOATERITUSPULK - BBQ Entertainment\",\"isPartOf\":{\"@id\":\"https:\\\/\\\/bbqentertainment.com\\\/#website\"},\"primaryImageOfPage\":{\"@id\":\"https:\\\/\\\/bbqentertainment.com\\\/toode\\\/forged-olive-diamond-noaterituspulk\\\/#primaryimage\"},\"image\":{\"@id\":\"https:\\\/\\\/bbqentertainment.com\\\/toode\\\/forged-olive-diamond-noaterituspulk\\\/#primaryimage\"},\"thumbnailUrl\":\"https:\\\/\\\/bbqentertainment.com\\\/wp-content\\\/uploads\\\/2024\\\/05\\\/BBQ-Entertainment-Forged-OLIVE-Diamond-NOATERITUSPULK-3.webp\",\"datePublished\":\"2024-05-01T07:41:23+00:00\",\"dateModified\":\"2025-07-25T10:45:20+00:00\",\"breadcrumb\":{\"@id\":\"https:\\\/\\\/bbqentertainment.com\\\/toode\\\/forged-olive-diamond-noaterituspulk\\\/#breadcrumb\"},\"inLanguage\":\"en-US\",\"potentialAction\":[{\"@type\":\"ReadAction\",\"target\":[\"https:\\\/\\\/bbqentertainment.com\\\/toode\\\/forged-olive-diamond-noaterituspulk\\\/\"]}]},{\"@type\":\"ImageObject\",\"inLanguage\":\"en-US\",\"@id\":\"https:\\\/\\\/bbqentertainment.com\\\/toode\\\/forged-olive-diamond-noaterituspulk\\\/#primaryimage\",\"url\":\"https:\\\/\\\/bbqentertainment.com\\\/wp-content\\\/uploads\\\/2024\\\/05\\\/BBQ-Entertainment-Forged-OLIVE-Diamond-NOATERITUSPULK-3.webp\",\"contentUrl\":\"https:\\\/\\\/bbqentertainment.com\\\/wp-content\\\/uploads\\\/2024\\\/05\\\/BBQ-Entertainment-Forged-OLIVE-Diamond-NOATERITUSPULK-3.webp\",\"width\":1000,\"height\":1000},{\"@type\":\"BreadcrumbList\",\"@id\":\"https:\\\/\\\/bbqentertainment.com\\\/toode\\\/forged-olive-diamond-noaterituspulk\\\/#breadcrumb\",\"itemListElement\":[{\"@type\":\"ListItem\",\"position\":1,\"name\":\"AVALEHT\",\"item\":\"https:\\\/\\\/bbqentertainment.com\\\/en\\\/\"},{\"@type\":\"ListItem\",\"position\":2,\"name\":\"Tooted\",\"item\":\"https:\\\/\\\/bbqentertainment.com\\\/tooted\\\/\"},{\"@type\":\"ListItem\",\"position\":3,\"name\":\"Kokanoad ja -teritajad\",\"item\":\"https:\\\/\\\/bbqentertainment.com\\\/tootekategooria\\\/kokanoad-ja-teritajad\\\/\"},{\"@type\":\"ListItem\",\"position\":4,\"name\":\"Forged OLIVE Diamond \\\/ NOATERITUSPULK\"}]},{\"@type\":\"WebSite\",\"@id\":\"https:\\\/\\\/bbqentertainment.com\\\/#website\",\"url\":\"https:\\\/\\\/bbqentertainment.com\\\/\",\"name\":\"BBQ Entertainment\",\"description\":\"BBQ is a great lifestyle, not just fun!\",\"publisher\":{\"@id\":\"https:\\\/\\\/bbqentertainment.com\\\/#organization\"},\"potentialAction\":[{\"@type\":\"SearchAction\",\"target\":{\"@type\":\"EntryPoint\",\"urlTemplate\":\"https:\\\/\\\/bbqentertainment.com\\\/?s={search_term_string}\"},\"query-input\":{\"@type\":\"PropertyValueSpecification\",\"valueRequired\":true,\"valueName\":\"search_term_string\"}}],\"inLanguage\":\"en-US\"},{\"@type\":\"Organization\",\"@id\":\"https:\\\/\\\/bbqentertainment.com\\\/#organization\",\"name\":\"BBQ Entertainment O\u00dc\",\"url\":\"https:\\\/\\\/bbqentertainment.com\\\/\",\"logo\":{\"@type\":\"ImageObject\",\"inLanguage\":\"en-US\",\"@id\":\"https:\\\/\\\/bbqentertainment.com\\\/#\\\/schema\\\/logo\\\/image\\\/\",\"url\":\"https:\\\/\\\/bbqentertainment.com\\\/wp-content\\\/uploads\\\/2020\\\/04\\\/BBQ-Entertainment-N-Catering-Enn-Tobreluts-Logo.png\",\"contentUrl\":\"https:\\\/\\\/bbqentertainment.com\\\/wp-content\\\/uploads\\\/2020\\\/04\\\/BBQ-Entertainment-N-Catering-Enn-Tobreluts-Logo.png\",\"width\":628,\"height\":266,\"caption\":\"BBQ Entertainment O\u00dc\"},\"image\":{\"@id\":\"https:\\\/\\\/bbqentertainment.com\\\/#\\\/schema\\\/logo\\\/image\\\/\"},\"sameAs\":[\"https:\\\/\\\/www.facebook.com\\\/BBQ-Entertainment-N-Catering-2437913376443540\",\"https:\\\/\\\/www.instagram.com\\\/bbqentertainmentncatering\\\/\",\"https:\\\/\\\/www.youtube.com\\\/channel\\\/UCmpuANQVhLy2Md8nrenp2jA\"]}]}<\/script>\n<!-- \/ Yoast SEO plugin. -->","yoast_head_json":{"title":"Forged OLIVE Diamond \/ NOATERITUSPULK - BBQ Entertainment","robots":{"index":"index","follow":"follow","max-snippet":"max-snippet:-1","max-image-preview":"max-image-preview:large","max-video-preview":"max-video-preview:-1"},"canonical":"https:\/\/bbqentertainment.com\/toode\/forged-olive-diamond-noaterituspulk\/","og_locale":"en_US","og_type":"article","og_title":"Forged OLIVE Diamond \/ NOATERITUSPULK - BBQ Entertainment","og_description":"Forged OLIVE Diamond \/ NOATERITUSPULK Roostevabast terasest teemantteritaja oliivipuust k\u00e4epidemega \u2013 luksuslik k\u00e4sitsi valmistatud k\u00f6\u00f6git\u00f6\u00f6riist.","og_url":"https:\/\/bbqentertainment.com\/toode\/forged-olive-diamond-noaterituspulk\/","og_site_name":"BBQ Entertainment","article_publisher":"https:\/\/www.facebook.com\/BBQ-Entertainment-N-Catering-2437913376443540","article_modified_time":"2025-07-25T10:45:20+00:00","og_image":[{"width":1000,"height":1000,"url":"https:\/\/bbqentertainment.com\/wp-content\/uploads\/2024\/05\/BBQ-Entertainment-Forged-OLIVE-Diamond-NOATERITUSPULK-3.webp","type":"image\/webp"}],"twitter_card":"summary_large_image","twitter_misc":{"Est. reading time":"1 minute"},"schema":{"@context":"https:\/\/schema.org","@graph":[{"@type":["WebPage","ItemPage"],"@id":"https:\/\/bbqentertainment.com\/toode\/forged-olive-diamond-noaterituspulk\/","url":"https:\/\/bbqentertainment.com\/toode\/forged-olive-diamond-noaterituspulk\/","name":"Forged OLIVE Diamond \/ NOATERITUSPULK - BBQ Entertainment","isPartOf":{"@id":"https:\/\/bbqentertainment.com\/#website"},"primaryImageOfPage":{"@id":"https:\/\/bbqentertainment.com\/toode\/forged-olive-diamond-noaterituspulk\/#primaryimage"},"image":{"@id":"https:\/\/bbqentertainment.com\/toode\/forged-olive-diamond-noaterituspulk\/#primaryimage"},"thumbnailUrl":"https:\/\/bbqentertainment.com\/wp-content\/uploads\/2024\/05\/BBQ-Entertainment-Forged-OLIVE-Diamond-NOATERITUSPULK-3.webp","datePublished":"2024-05-01T07:41:23+00:00","dateModified":"2025-07-25T10:45:20+00:00","breadcrumb":{"@id":"https:\/\/bbqentertainment.com\/toode\/forged-olive-diamond-noaterituspulk\/#breadcrumb"},"inLanguage":"en-US","potentialAction":[{"@type":"ReadAction","target":["https:\/\/bbqentertainment.com\/toode\/forged-olive-diamond-noaterituspulk\/"]}]},{"@type":"ImageObject","inLanguage":"en-US","@id":"https:\/\/bbqentertainment.com\/toode\/forged-olive-diamond-noaterituspulk\/#primaryimage","url":"https:\/\/bbqentertainment.com\/wp-content\/uploads\/2024\/05\/BBQ-Entertainment-Forged-OLIVE-Diamond-NOATERITUSPULK-3.webp","contentUrl":"https:\/\/bbqentertainment.com\/wp-content\/uploads\/2024\/05\/BBQ-Entertainment-Forged-OLIVE-Diamond-NOATERITUSPULK-3.webp","width":1000,"height":1000},{"@type":"BreadcrumbList","@id":"https:\/\/bbqentertainment.com\/toode\/forged-olive-diamond-noaterituspulk\/#breadcrumb","itemListElement":[{"@type":"ListItem","position":1,"name":"AVALEHT","item":"https:\/\/bbqentertainment.com\/en\/"},{"@type":"ListItem","position":2,"name":"Tooted","item":"https:\/\/bbqentertainment.com\/tooted\/"},{"@type":"ListItem","position":3,"name":"Kokanoad ja -teritajad","item":"https:\/\/bbqentertainment.com\/tootekategooria\/kokanoad-ja-teritajad\/"},{"@type":"ListItem","position":4,"name":"Forged OLIVE Diamond \/ NOATERITUSPULK"}]},{"@type":"WebSite","@id":"https:\/\/bbqentertainment.com\/#website","url":"https:\/\/bbqentertainment.com\/","name":"BBQ Entertainment","description":"BBQ is a great lifestyle, not just fun!","publisher":{"@id":"https:\/\/bbqentertainment.com\/#organization"},"potentialAction":[{"@type":"SearchAction","target":{"@type":"EntryPoint","urlTemplate":"https:\/\/bbqentertainment.com\/?s={search_term_string}"},"query-input":{"@type":"PropertyValueSpecification","valueRequired":true,"valueName":"search_term_string"}}],"inLanguage":"en-US"},{"@type":"Organization","@id":"https:\/\/bbqentertainment.com\/#organization","name":"BBQ Entertainment O\u00dc","url":"https:\/\/bbqentertainment.com\/","logo":{"@type":"ImageObject","inLanguage":"en-US","@id":"https:\/\/bbqentertainment.com\/#\/schema\/logo\/image\/","url":"https:\/\/bbqentertainment.com\/wp-content\/uploads\/2020\/04\/BBQ-Entertainment-N-Catering-Enn-Tobreluts-Logo.png","contentUrl":"https:\/\/bbqentertainment.com\/wp-content\/uploads\/2020\/04\/BBQ-Entertainment-N-Catering-Enn-Tobreluts-Logo.png","width":628,"height":266,"caption":"BBQ Entertainment O\u00dc"},"image":{"@id":"https:\/\/bbqentertainment.com\/#\/schema\/logo\/image\/"},"sameAs":["https:\/\/www.facebook.com\/BBQ-Entertainment-N-Catering-2437913376443540","https:\/\/www.instagram.com\/bbqentertainmentncatering\/","https:\/\/www.youtube.com\/channel\/UCmpuANQVhLy2Md8nrenp2jA"]}]}},"_links":{"self":[{"href":"https:\/\/bbqentertainment.com\/en\/wp-json\/wp\/v2\/product\/247358","targetHints":{"allow":["GET"]}}],"collection":[{"href":"https:\/\/bbqentertainment.com\/en\/wp-json\/wp\/v2\/product"}],"about":[{"href":"https:\/\/bbqentertainment.com\/en\/wp-json\/wp\/v2\/types\/product"}],"wp:featuredmedia":[{"embeddable":true,"href":"https:\/\/bbqentertainment.com\/en\/wp-json\/wp\/v2\/media\/247361"}],"wp:attachment":[{"href":"https:\/\/bbqentertainment.com\/en\/wp-json\/wp\/v2\/media?parent=247358"}],"wp:term":[{"taxonomy":"product_brand","embeddable":true,"href":"https:\/\/bbqentertainment.com\/en\/wp-json\/wp\/v2\/product_brand?post=247358"},{"taxonomy":"product_cat","embeddable":true,"href":"https:\/\/bbqentertainment.com\/en\/wp-json\/wp\/v2\/product_cat?post=247358"},{"taxonomy":"product_tag","embeddable":true,"href":"https:\/\/bbqentertainment.com\/en\/wp-json\/wp\/v2\/product_tag?post=247358"}],"curies":[{"name":"wp","href":"https:\/\/api.w.org\/{rel}","templated":true}]}}