{"id":247395,"date":"2024-05-01T10:54:12","date_gmt":"2024-05-01T07:54:12","guid":{"rendered":"https:\/\/bbqentertainment.com\/?post_type=product&#038;p=247395"},"modified":"2025-07-25T13:45:32","modified_gmt":"2025-07-25T10:45:32","slug":"forged-olive-childrens-chef-knife-laste-kokanuga-175-cm-nahast-noatupp-ja-karp","status":"publish","type":"product","link":"https:\/\/bbqentertainment.com\/en\/toode\/forged-olive-childrens-chef-knife-laste-kokanuga-175-cm-nahast-noatupp-ja-karp\/","title":{"rendered":"Forged OLIVE Children&#8217;s Chef Knife \/ LASTE KOKANUGA 17,5 cm (nahast noatupp ja karp)"},"content":{"rendered":"<p>Tootja: Style de Vie Authentique<br \/>\nP\u00e4ritoluriik: Holland<br \/>\nK\u00e4epideme v\u00e4rv: helepruun<br \/>\nK\u00e4epide: oliivipuu<br \/>\nM\u00f5\u00f5dud: 33,3x13x4,2<br \/>\nAinulaadne \u2013 100% k\u00e4sitsi valmistatud autentne sepistatud nuga!<br \/>\nTera paksus: 2 mm<br \/>\nTera k\u00f5vadus: 60 HRC<br \/>\nJaapani teras: 3Cr14<br \/>\nSTYLE DE VIE Olive Forged Fillet k\u00f6\u00f6ginuga m\u00fc\u00fcakse koos puidust karbiga<br \/>\nM\u00f5eldud kasutamiseks lastele t\u00e4iskasvanu j\u00e4relevalve all<br \/>\nEi soovitata pesta n\u00f5udepesumasinas<\/p>\n<p>Garantiid:<br \/>\n\u201eStyle de Vie Authentique\u201c annab oma nugadele 10-aastase garantii.<\/p>\n","protected":false},"excerpt":{"rendered":"<h3>Forged OLIVE Children&#8217;s Chef Knife \/ LASTE KOKANUGA 17,5 cm (nahast noatupp ja karp)<\/h3>\n<p>Peakoka nuga noortele kokkadele! Ohutu nuga on m\u00f5eldud kasutamiseks lastele ja noortele.<\/p>\n<p>Kaasas s\u00f5rmekaitse, mis tagab, et noor kokk end ei l\u00f5ikaks, ning nahast \u00fcmbris on m\u00f5eldud noa turvaliseks hoiustamiseks.<\/p>\n<p>K\u00f5ik Forged noad on k\u00e4sitsi sepistatud, seet\u00f5ttu on iga\u00fcks ainulaadne. Laste peakoka nuga \u201eForged Olive\u201c on valmistatud 3Cr14 terasest, mille k\u00f5vadus on 54 Rockwelli skaala j\u00e4rgi.<\/p>\n<p>Tera paksus: 2 mm<br \/>\nTera pikkus: 12 cm<br \/>\nOliivipuust k\u00e4epide<br \/>\nEi soovitata pesta n\u00f5udepesumasinas<br \/>\n10-aastane garantii.Pakendatud luksuslikku puidust karpi.<\/p>\n<p>M\u00e4rkus: sobib kasutamiseks alates 7. eluaastast ja alati t\u00e4iskasvanu j\u00e4relevalve all.<\/p>\n","protected":false},"featured_media":247404,"template":"","meta":{"inline_featured_image":false},"product_brand":[],"product_cat":[365],"product_tag":[],"class_list":{"0":"post-247395","1":"product","2":"type-product","3":"status-publish","4":"has-post-thumbnail","6":"product_cat-kokanoad-ja-teritajad","8":"first","9":"instock","10":"taxable","11":"shipping-taxable","12":"purchasable","13":"product-type-simple"},"yoast_head":"<!-- This site is optimized with the Yoast SEO plugin v27.4 - https:\/\/yoast.com\/product\/yoast-seo-wordpress\/ -->\n<title>Forged OLIVE Children&#039;s Chef Knife \/ LASTE KOKANUGA 17,5 cm (nahast noatupp ja karp) - BBQ Entertainment<\/title>\n<meta name=\"robots\" content=\"index, follow, max-snippet:-1, max-image-preview:large, max-video-preview:-1\" \/>\n<link rel=\"canonical\" href=\"https:\/\/bbqentertainment.com\/toode\/forged-olive-childrens-chef-knife-laste-kokanuga-175-cm-nahast-noatupp-ja-karp\/\" \/>\n<meta property=\"og:locale\" content=\"en_US\" \/>\n<meta property=\"og:type\" content=\"article\" \/>\n<meta property=\"og:title\" content=\"Forged OLIVE Children&#039;s Chef Knife \/ LASTE KOKANUGA 17,5 cm (nahast noatupp ja karp) - BBQ Entertainment\" \/>\n<meta property=\"og:description\" content=\"Forged OLIVE Children&#039;s Chef Knife \/ LASTE KOKANUGA 17,5 cm (nahast noatupp ja karp) Peakoka nuga noortele kokkadele! Ohutu nuga on m\u00f5eldud kasutamiseks lastele ja noortele.  Kaasas s\u00f5rmekaitse, mis tagab, et noor kokk end ei l\u00f5ikaks, ning nahast \u00fcmbris on m\u00f5eldud noa turvaliseks hoiustamiseks.  K\u00f5ik Forged noad on k\u00e4sitsi sepistatud, seet\u00f5ttu on iga\u00fcks ainulaadne. Laste peakoka nuga \u201eForged Olive\u201c on valmistatud 3Cr14 terasest, mille k\u00f5vadus on 54 Rockwelli skaala j\u00e4rgi.  Tera paksus: 2 mm Tera pikkus: 12 cm Oliivipuust k\u00e4epide Ei soovitata pesta n\u00f5udepesumasinas 10-aastane garantii.Pakendatud luksuslikku puidust karpi.  M\u00e4rkus: sobib kasutamiseks alates 7. eluaastast ja alati t\u00e4iskasvanu j\u00e4relevalve all.\" \/>\n<meta property=\"og:url\" content=\"https:\/\/bbqentertainment.com\/toode\/forged-olive-childrens-chef-knife-laste-kokanuga-175-cm-nahast-noatupp-ja-karp\/\" \/>\n<meta property=\"og:site_name\" content=\"BBQ Entertainment\" \/>\n<meta property=\"article:publisher\" content=\"https:\/\/www.facebook.com\/BBQ-Entertainment-N-Catering-2437913376443540\" \/>\n<meta property=\"article:modified_time\" content=\"2025-07-25T10:45:32+00:00\" \/>\n<meta property=\"og:image\" content=\"https:\/\/bbqentertainment.com\/wp-content\/uploads\/2024\/05\/BBQ-Entertainment-Forged-OLIVE-Childrens-Chef-Knife-LASTE-KOKANUGA-175-cm-nahast-noatupp-ja-karp-7.webp\" \/>\n\t<meta property=\"og:image:width\" content=\"668\" \/>\n\t<meta property=\"og:image:height\" content=\"667\" \/>\n\t<meta property=\"og:image:type\" content=\"image\/webp\" \/>\n<meta name=\"twitter:card\" content=\"summary_large_image\" \/>\n<meta name=\"twitter:label1\" content=\"Est. reading time\" \/>\n\t<meta name=\"twitter:data1\" content=\"1 minute\" \/>\n<script type=\"application\/ld+json\" class=\"yoast-schema-graph\">{\"@context\":\"https:\\\/\\\/schema.org\",\"@graph\":[{\"@type\":[\"WebPage\",\"ItemPage\"],\"@id\":\"https:\\\/\\\/bbqentertainment.com\\\/toode\\\/forged-olive-childrens-chef-knife-laste-kokanuga-175-cm-nahast-noatupp-ja-karp\\\/\",\"url\":\"https:\\\/\\\/bbqentertainment.com\\\/toode\\\/forged-olive-childrens-chef-knife-laste-kokanuga-175-cm-nahast-noatupp-ja-karp\\\/\",\"name\":\"Forged OLIVE Children's Chef Knife \\\/ LASTE KOKANUGA 17,5 cm (nahast noatupp ja karp) - BBQ Entertainment\",\"isPartOf\":{\"@id\":\"https:\\\/\\\/bbqentertainment.com\\\/#website\"},\"primaryImageOfPage\":{\"@id\":\"https:\\\/\\\/bbqentertainment.com\\\/toode\\\/forged-olive-childrens-chef-knife-laste-kokanuga-175-cm-nahast-noatupp-ja-karp\\\/#primaryimage\"},\"image\":{\"@id\":\"https:\\\/\\\/bbqentertainment.com\\\/toode\\\/forged-olive-childrens-chef-knife-laste-kokanuga-175-cm-nahast-noatupp-ja-karp\\\/#primaryimage\"},\"thumbnailUrl\":\"https:\\\/\\\/bbqentertainment.com\\\/wp-content\\\/uploads\\\/2024\\\/05\\\/BBQ-Entertainment-Forged-OLIVE-Childrens-Chef-Knife-LASTE-KOKANUGA-175-cm-nahast-noatupp-ja-karp-7.webp\",\"datePublished\":\"2024-05-01T07:54:12+00:00\",\"dateModified\":\"2025-07-25T10:45:32+00:00\",\"breadcrumb\":{\"@id\":\"https:\\\/\\\/bbqentertainment.com\\\/toode\\\/forged-olive-childrens-chef-knife-laste-kokanuga-175-cm-nahast-noatupp-ja-karp\\\/#breadcrumb\"},\"inLanguage\":\"en-US\",\"potentialAction\":[{\"@type\":\"ReadAction\",\"target\":[\"https:\\\/\\\/bbqentertainment.com\\\/toode\\\/forged-olive-childrens-chef-knife-laste-kokanuga-175-cm-nahast-noatupp-ja-karp\\\/\"]}]},{\"@type\":\"ImageObject\",\"inLanguage\":\"en-US\",\"@id\":\"https:\\\/\\\/bbqentertainment.com\\\/toode\\\/forged-olive-childrens-chef-knife-laste-kokanuga-175-cm-nahast-noatupp-ja-karp\\\/#primaryimage\",\"url\":\"https:\\\/\\\/bbqentertainment.com\\\/wp-content\\\/uploads\\\/2024\\\/05\\\/BBQ-Entertainment-Forged-OLIVE-Childrens-Chef-Knife-LASTE-KOKANUGA-175-cm-nahast-noatupp-ja-karp-7.webp\",\"contentUrl\":\"https:\\\/\\\/bbqentertainment.com\\\/wp-content\\\/uploads\\\/2024\\\/05\\\/BBQ-Entertainment-Forged-OLIVE-Childrens-Chef-Knife-LASTE-KOKANUGA-175-cm-nahast-noatupp-ja-karp-7.webp\",\"width\":668,\"height\":667},{\"@type\":\"BreadcrumbList\",\"@id\":\"https:\\\/\\\/bbqentertainment.com\\\/toode\\\/forged-olive-childrens-chef-knife-laste-kokanuga-175-cm-nahast-noatupp-ja-karp\\\/#breadcrumb\",\"itemListElement\":[{\"@type\":\"ListItem\",\"position\":1,\"name\":\"AVALEHT\",\"item\":\"https:\\\/\\\/bbqentertainment.com\\\/en\\\/\"},{\"@type\":\"ListItem\",\"position\":2,\"name\":\"Tooted\",\"item\":\"https:\\\/\\\/bbqentertainment.com\\\/tooted\\\/\"},{\"@type\":\"ListItem\",\"position\":3,\"name\":\"Kokanoad ja -teritajad\",\"item\":\"https:\\\/\\\/bbqentertainment.com\\\/tootekategooria\\\/kokanoad-ja-teritajad\\\/\"},{\"@type\":\"ListItem\",\"position\":4,\"name\":\"Forged OLIVE Children&#8217;s Chef Knife \\\/ LASTE KOKANUGA 17,5 cm (nahast noatupp ja karp)\"}]},{\"@type\":\"WebSite\",\"@id\":\"https:\\\/\\\/bbqentertainment.com\\\/#website\",\"url\":\"https:\\\/\\\/bbqentertainment.com\\\/\",\"name\":\"BBQ Entertainment\",\"description\":\"BBQ is a great lifestyle, not just fun!\",\"publisher\":{\"@id\":\"https:\\\/\\\/bbqentertainment.com\\\/#organization\"},\"potentialAction\":[{\"@type\":\"SearchAction\",\"target\":{\"@type\":\"EntryPoint\",\"urlTemplate\":\"https:\\\/\\\/bbqentertainment.com\\\/?s={search_term_string}\"},\"query-input\":{\"@type\":\"PropertyValueSpecification\",\"valueRequired\":true,\"valueName\":\"search_term_string\"}}],\"inLanguage\":\"en-US\"},{\"@type\":\"Organization\",\"@id\":\"https:\\\/\\\/bbqentertainment.com\\\/#organization\",\"name\":\"BBQ Entertainment O\u00dc\",\"url\":\"https:\\\/\\\/bbqentertainment.com\\\/\",\"logo\":{\"@type\":\"ImageObject\",\"inLanguage\":\"en-US\",\"@id\":\"https:\\\/\\\/bbqentertainment.com\\\/#\\\/schema\\\/logo\\\/image\\\/\",\"url\":\"https:\\\/\\\/bbqentertainment.com\\\/wp-content\\\/uploads\\\/2020\\\/04\\\/BBQ-Entertainment-N-Catering-Enn-Tobreluts-Logo.png\",\"contentUrl\":\"https:\\\/\\\/bbqentertainment.com\\\/wp-content\\\/uploads\\\/2020\\\/04\\\/BBQ-Entertainment-N-Catering-Enn-Tobreluts-Logo.png\",\"width\":628,\"height\":266,\"caption\":\"BBQ Entertainment O\u00dc\"},\"image\":{\"@id\":\"https:\\\/\\\/bbqentertainment.com\\\/#\\\/schema\\\/logo\\\/image\\\/\"},\"sameAs\":[\"https:\\\/\\\/www.facebook.com\\\/BBQ-Entertainment-N-Catering-2437913376443540\",\"https:\\\/\\\/www.instagram.com\\\/bbqentertainmentncatering\\\/\",\"https:\\\/\\\/www.youtube.com\\\/channel\\\/UCmpuANQVhLy2Md8nrenp2jA\"]}]}<\/script>\n<!-- \/ Yoast SEO plugin. -->","yoast_head_json":{"title":"Forged OLIVE Children's Chef Knife \/ LASTE KOKANUGA 17,5 cm (nahast noatupp ja karp) - BBQ Entertainment","robots":{"index":"index","follow":"follow","max-snippet":"max-snippet:-1","max-image-preview":"max-image-preview:large","max-video-preview":"max-video-preview:-1"},"canonical":"https:\/\/bbqentertainment.com\/toode\/forged-olive-childrens-chef-knife-laste-kokanuga-175-cm-nahast-noatupp-ja-karp\/","og_locale":"en_US","og_type":"article","og_title":"Forged OLIVE Children's Chef Knife \/ LASTE KOKANUGA 17,5 cm (nahast noatupp ja karp) - BBQ Entertainment","og_description":"Forged OLIVE Children's Chef Knife \/ LASTE KOKANUGA 17,5 cm (nahast noatupp ja karp) Peakoka nuga noortele kokkadele! Ohutu nuga on m\u00f5eldud kasutamiseks lastele ja noortele.  Kaasas s\u00f5rmekaitse, mis tagab, et noor kokk end ei l\u00f5ikaks, ning nahast \u00fcmbris on m\u00f5eldud noa turvaliseks hoiustamiseks.  K\u00f5ik Forged noad on k\u00e4sitsi sepistatud, seet\u00f5ttu on iga\u00fcks ainulaadne. Laste peakoka nuga \u201eForged Olive\u201c on valmistatud 3Cr14 terasest, mille k\u00f5vadus on 54 Rockwelli skaala j\u00e4rgi.  Tera paksus: 2 mm Tera pikkus: 12 cm Oliivipuust k\u00e4epide Ei soovitata pesta n\u00f5udepesumasinas 10-aastane garantii.Pakendatud luksuslikku puidust karpi.  M\u00e4rkus: sobib kasutamiseks alates 7. eluaastast ja alati t\u00e4iskasvanu j\u00e4relevalve all.","og_url":"https:\/\/bbqentertainment.com\/toode\/forged-olive-childrens-chef-knife-laste-kokanuga-175-cm-nahast-noatupp-ja-karp\/","og_site_name":"BBQ Entertainment","article_publisher":"https:\/\/www.facebook.com\/BBQ-Entertainment-N-Catering-2437913376443540","article_modified_time":"2025-07-25T10:45:32+00:00","og_image":[{"width":668,"height":667,"url":"https:\/\/bbqentertainment.com\/wp-content\/uploads\/2024\/05\/BBQ-Entertainment-Forged-OLIVE-Childrens-Chef-Knife-LASTE-KOKANUGA-175-cm-nahast-noatupp-ja-karp-7.webp","type":"image\/webp"}],"twitter_card":"summary_large_image","twitter_misc":{"Est. reading time":"1 minute"},"schema":{"@context":"https:\/\/schema.org","@graph":[{"@type":["WebPage","ItemPage"],"@id":"https:\/\/bbqentertainment.com\/toode\/forged-olive-childrens-chef-knife-laste-kokanuga-175-cm-nahast-noatupp-ja-karp\/","url":"https:\/\/bbqentertainment.com\/toode\/forged-olive-childrens-chef-knife-laste-kokanuga-175-cm-nahast-noatupp-ja-karp\/","name":"Forged OLIVE Children's Chef Knife \/ LASTE KOKANUGA 17,5 cm (nahast noatupp ja karp) - BBQ Entertainment","isPartOf":{"@id":"https:\/\/bbqentertainment.com\/#website"},"primaryImageOfPage":{"@id":"https:\/\/bbqentertainment.com\/toode\/forged-olive-childrens-chef-knife-laste-kokanuga-175-cm-nahast-noatupp-ja-karp\/#primaryimage"},"image":{"@id":"https:\/\/bbqentertainment.com\/toode\/forged-olive-childrens-chef-knife-laste-kokanuga-175-cm-nahast-noatupp-ja-karp\/#primaryimage"},"thumbnailUrl":"https:\/\/bbqentertainment.com\/wp-content\/uploads\/2024\/05\/BBQ-Entertainment-Forged-OLIVE-Childrens-Chef-Knife-LASTE-KOKANUGA-175-cm-nahast-noatupp-ja-karp-7.webp","datePublished":"2024-05-01T07:54:12+00:00","dateModified":"2025-07-25T10:45:32+00:00","breadcrumb":{"@id":"https:\/\/bbqentertainment.com\/toode\/forged-olive-childrens-chef-knife-laste-kokanuga-175-cm-nahast-noatupp-ja-karp\/#breadcrumb"},"inLanguage":"en-US","potentialAction":[{"@type":"ReadAction","target":["https:\/\/bbqentertainment.com\/toode\/forged-olive-childrens-chef-knife-laste-kokanuga-175-cm-nahast-noatupp-ja-karp\/"]}]},{"@type":"ImageObject","inLanguage":"en-US","@id":"https:\/\/bbqentertainment.com\/toode\/forged-olive-childrens-chef-knife-laste-kokanuga-175-cm-nahast-noatupp-ja-karp\/#primaryimage","url":"https:\/\/bbqentertainment.com\/wp-content\/uploads\/2024\/05\/BBQ-Entertainment-Forged-OLIVE-Childrens-Chef-Knife-LASTE-KOKANUGA-175-cm-nahast-noatupp-ja-karp-7.webp","contentUrl":"https:\/\/bbqentertainment.com\/wp-content\/uploads\/2024\/05\/BBQ-Entertainment-Forged-OLIVE-Childrens-Chef-Knife-LASTE-KOKANUGA-175-cm-nahast-noatupp-ja-karp-7.webp","width":668,"height":667},{"@type":"BreadcrumbList","@id":"https:\/\/bbqentertainment.com\/toode\/forged-olive-childrens-chef-knife-laste-kokanuga-175-cm-nahast-noatupp-ja-karp\/#breadcrumb","itemListElement":[{"@type":"ListItem","position":1,"name":"AVALEHT","item":"https:\/\/bbqentertainment.com\/en\/"},{"@type":"ListItem","position":2,"name":"Tooted","item":"https:\/\/bbqentertainment.com\/tooted\/"},{"@type":"ListItem","position":3,"name":"Kokanoad ja -teritajad","item":"https:\/\/bbqentertainment.com\/tootekategooria\/kokanoad-ja-teritajad\/"},{"@type":"ListItem","position":4,"name":"Forged OLIVE Children&#8217;s Chef Knife \/ LASTE KOKANUGA 17,5 cm (nahast noatupp ja karp)"}]},{"@type":"WebSite","@id":"https:\/\/bbqentertainment.com\/#website","url":"https:\/\/bbqentertainment.com\/","name":"BBQ Entertainment","description":"BBQ is a great lifestyle, not just fun!","publisher":{"@id":"https:\/\/bbqentertainment.com\/#organization"},"potentialAction":[{"@type":"SearchAction","target":{"@type":"EntryPoint","urlTemplate":"https:\/\/bbqentertainment.com\/?s={search_term_string}"},"query-input":{"@type":"PropertyValueSpecification","valueRequired":true,"valueName":"search_term_string"}}],"inLanguage":"en-US"},{"@type":"Organization","@id":"https:\/\/bbqentertainment.com\/#organization","name":"BBQ Entertainment O\u00dc","url":"https:\/\/bbqentertainment.com\/","logo":{"@type":"ImageObject","inLanguage":"en-US","@id":"https:\/\/bbqentertainment.com\/#\/schema\/logo\/image\/","url":"https:\/\/bbqentertainment.com\/wp-content\/uploads\/2020\/04\/BBQ-Entertainment-N-Catering-Enn-Tobreluts-Logo.png","contentUrl":"https:\/\/bbqentertainment.com\/wp-content\/uploads\/2020\/04\/BBQ-Entertainment-N-Catering-Enn-Tobreluts-Logo.png","width":628,"height":266,"caption":"BBQ Entertainment O\u00dc"},"image":{"@id":"https:\/\/bbqentertainment.com\/#\/schema\/logo\/image\/"},"sameAs":["https:\/\/www.facebook.com\/BBQ-Entertainment-N-Catering-2437913376443540","https:\/\/www.instagram.com\/bbqentertainmentncatering\/","https:\/\/www.youtube.com\/channel\/UCmpuANQVhLy2Md8nrenp2jA"]}]}},"_links":{"self":[{"href":"https:\/\/bbqentertainment.com\/en\/wp-json\/wp\/v2\/product\/247395","targetHints":{"allow":["GET"]}}],"collection":[{"href":"https:\/\/bbqentertainment.com\/en\/wp-json\/wp\/v2\/product"}],"about":[{"href":"https:\/\/bbqentertainment.com\/en\/wp-json\/wp\/v2\/types\/product"}],"wp:featuredmedia":[{"embeddable":true,"href":"https:\/\/bbqentertainment.com\/en\/wp-json\/wp\/v2\/media\/247404"}],"wp:attachment":[{"href":"https:\/\/bbqentertainment.com\/en\/wp-json\/wp\/v2\/media?parent=247395"}],"wp:term":[{"taxonomy":"product_brand","embeddable":true,"href":"https:\/\/bbqentertainment.com\/en\/wp-json\/wp\/v2\/product_brand?post=247395"},{"taxonomy":"product_cat","embeddable":true,"href":"https:\/\/bbqentertainment.com\/en\/wp-json\/wp\/v2\/product_cat?post=247395"},{"taxonomy":"product_tag","embeddable":true,"href":"https:\/\/bbqentertainment.com\/en\/wp-json\/wp\/v2\/product_tag?post=247395"}],"curies":[{"name":"wp","href":"https:\/\/api.w.org\/{rel}","templated":true}]}}