{"id":247465,"date":"2024-05-01T11:10:44","date_gmt":"2024-05-01T08:10:44","guid":{"rendered":"https:\/\/bbqentertainment.com\/?post_type=product&#038;p=247465"},"modified":"2026-01-11T21:39:42","modified_gmt":"2026-01-11T19:39:42","slug":"forged-olive-carving-knife-kooginuga-205-cm","status":"publish","type":"product","link":"https:\/\/bbqentertainment.com\/en\/toode\/forged-olive-carving-knife-kooginuga-205-cm\/","title":{"rendered":"Forged OLIVE Carving Knife \/ K\u00d6\u00d6GINUGA 20,5 cm"},"content":{"rendered":"<p>Tootja: Style de Vie Authentique<br \/>\nP\u00e4ritoluriik: Holland<br \/>\nTootekood: OliveVlees<br \/>\nK\u00e4epideme v\u00e4rv: helepruun<br \/>\nK\u00e4epide: oliivipuu<br \/>\nTera pikkus: 20,5 cm<br \/>\nTera paksus: 2 mm<br \/>\nTera k\u00f5vadus: 58 HRC<br \/>\nJaapani teras: 7cr17mov<br \/>\nTeritusnurk: 22\u00b0<br \/>\nAinulaadne \u2013 100% k\u00e4sitsi valmistatud autentne sepistatud nuga!<br \/>\nSTYLE DE VIE Olive Forged Carving k\u00f6\u00f6ginuga m\u00fc\u00fcakse koos puidust karbiga<br \/>\nSee nuga on universaalne l\u00f5ikenuga, sobib suurep\u00e4raselt liha l\u00f5ikamiseks ja lihatoodete viilutamiseks<br \/>\nTasakaalustatud, ergonoomiline oliivipuust k\u00e4epide<br \/>\nEi soovitata pesta n\u00f5udepesumasinas<\/p>\n<p>Garantiid:<br \/>\n\u201eStyle de Vie Authentique\u201c annab oma nugadele 10-aastase garantii.<\/p>\n","protected":false},"excerpt":{"rendered":"<h2>Forged OLIVE Carving Knife \/ K\u00d6\u00d6GINUGA 20,5 cm<\/h2>\n<p>K\u00f6\u00f6ginuga STYLE DE VIE Olive Forged Carving on m\u00f5eldud neile, kes otsivad kvaliteetset, h\u00e4sti l\u00f5ikavat ja kaunist k\u00f6\u00f6ginuga.<\/p>\n<p>K\u00e4sitsi valmistatud nuga on tehtud tugevast Jaapani 7cr17mov terasest, mille k\u00f5vadus on 58 HRC.<\/p>\n<p>Viilutamisnuga on universaalne l\u00f5ikenuga \u2013 sobib suurep\u00e4raselt liha l\u00f5ikamiseks ja lihatoodete viilutamiseks.<\/p>\n","protected":false},"featured_media":247472,"template":"","meta":{"inline_featured_image":false},"product_brand":[],"product_cat":[365],"product_tag":[],"class_list":{"0":"post-247465","1":"product","2":"type-product","3":"status-publish","4":"has-post-thumbnail","6":"product_cat-kokanoad-ja-teritajad","8":"first","9":"instock","10":"sale","11":"taxable","12":"shipping-taxable","13":"purchasable","14":"product-type-simple"},"yoast_head":"<!-- This site is optimized with the Yoast SEO plugin v27.4 - https:\/\/yoast.com\/product\/yoast-seo-wordpress\/ -->\n<title>Forged OLIVE Carving Knife \/ K\u00d6\u00d6GINUGA 20,5 cm - BBQ Entertainment<\/title>\n<meta name=\"robots\" content=\"index, follow, max-snippet:-1, max-image-preview:large, max-video-preview:-1\" \/>\n<link rel=\"canonical\" href=\"https:\/\/bbqentertainment.com\/toode\/forged-olive-carving-knife-kooginuga-205-cm\/\" \/>\n<meta property=\"og:locale\" content=\"en_US\" \/>\n<meta property=\"og:type\" content=\"article\" \/>\n<meta property=\"og:title\" content=\"Forged OLIVE Carving Knife \/ K\u00d6\u00d6GINUGA 20,5 cm - BBQ Entertainment\" \/>\n<meta property=\"og:description\" content=\"Forged OLIVE Carving Knife \/ K\u00d6\u00d6GINUGA 20,5 cm K\u00f6\u00f6ginuga STYLE DE VIE Olive Forged Carving on m\u00f5eldud neile, kes otsivad kvaliteetset, h\u00e4sti l\u00f5ikavat ja kaunist k\u00f6\u00f6ginuga.  K\u00e4sitsi valmistatud nuga on tehtud tugevast Jaapani 7cr17mov terasest, mille k\u00f5vadus on 58 HRC.  Viilutamisnuga on universaalne l\u00f5ikenuga \u2013 sobib suurep\u00e4raselt liha l\u00f5ikamiseks ja lihatoodete viilutamiseks.\" \/>\n<meta property=\"og:url\" content=\"https:\/\/bbqentertainment.com\/toode\/forged-olive-carving-knife-kooginuga-205-cm\/\" \/>\n<meta property=\"og:site_name\" content=\"BBQ Entertainment\" \/>\n<meta property=\"article:publisher\" content=\"https:\/\/www.facebook.com\/BBQ-Entertainment-N-Catering-2437913376443540\" \/>\n<meta property=\"article:modified_time\" content=\"2026-01-11T19:39:42+00:00\" \/>\n<meta property=\"og:image\" content=\"https:\/\/bbqentertainment.com\/wp-content\/uploads\/2024\/05\/BBQ-Entertainment-Forged-OLIVE-Carving-Knife-KOOGINUGA-205-cm-8.webp\" \/>\n\t<meta property=\"og:image:width\" content=\"1000\" \/>\n\t<meta property=\"og:image:height\" content=\"1000\" \/>\n\t<meta property=\"og:image:type\" content=\"image\/webp\" \/>\n<meta name=\"twitter:card\" content=\"summary_large_image\" \/>\n<meta name=\"twitter:label1\" content=\"Est. reading time\" \/>\n\t<meta name=\"twitter:data1\" content=\"1 minute\" \/>\n<script type=\"application\/ld+json\" class=\"yoast-schema-graph\">{\"@context\":\"https:\\\/\\\/schema.org\",\"@graph\":[{\"@type\":[\"WebPage\",\"ItemPage\"],\"@id\":\"https:\\\/\\\/bbqentertainment.com\\\/toode\\\/forged-olive-carving-knife-kooginuga-205-cm\\\/\",\"url\":\"https:\\\/\\\/bbqentertainment.com\\\/toode\\\/forged-olive-carving-knife-kooginuga-205-cm\\\/\",\"name\":\"Forged OLIVE Carving Knife \\\/ K\u00d6\u00d6GINUGA 20,5 cm - BBQ Entertainment\",\"isPartOf\":{\"@id\":\"https:\\\/\\\/bbqentertainment.com\\\/#website\"},\"primaryImageOfPage\":{\"@id\":\"https:\\\/\\\/bbqentertainment.com\\\/toode\\\/forged-olive-carving-knife-kooginuga-205-cm\\\/#primaryimage\"},\"image\":{\"@id\":\"https:\\\/\\\/bbqentertainment.com\\\/toode\\\/forged-olive-carving-knife-kooginuga-205-cm\\\/#primaryimage\"},\"thumbnailUrl\":\"https:\\\/\\\/bbqentertainment.com\\\/wp-content\\\/uploads\\\/2024\\\/05\\\/BBQ-Entertainment-Forged-OLIVE-Carving-Knife-KOOGINUGA-205-cm-8.webp\",\"datePublished\":\"2024-05-01T08:10:44+00:00\",\"dateModified\":\"2026-01-11T19:39:42+00:00\",\"breadcrumb\":{\"@id\":\"https:\\\/\\\/bbqentertainment.com\\\/toode\\\/forged-olive-carving-knife-kooginuga-205-cm\\\/#breadcrumb\"},\"inLanguage\":\"en-US\",\"potentialAction\":[{\"@type\":\"ReadAction\",\"target\":[\"https:\\\/\\\/bbqentertainment.com\\\/toode\\\/forged-olive-carving-knife-kooginuga-205-cm\\\/\"]}]},{\"@type\":\"ImageObject\",\"inLanguage\":\"en-US\",\"@id\":\"https:\\\/\\\/bbqentertainment.com\\\/toode\\\/forged-olive-carving-knife-kooginuga-205-cm\\\/#primaryimage\",\"url\":\"https:\\\/\\\/bbqentertainment.com\\\/wp-content\\\/uploads\\\/2024\\\/05\\\/BBQ-Entertainment-Forged-OLIVE-Carving-Knife-KOOGINUGA-205-cm-8.webp\",\"contentUrl\":\"https:\\\/\\\/bbqentertainment.com\\\/wp-content\\\/uploads\\\/2024\\\/05\\\/BBQ-Entertainment-Forged-OLIVE-Carving-Knife-KOOGINUGA-205-cm-8.webp\",\"width\":1000,\"height\":1000},{\"@type\":\"BreadcrumbList\",\"@id\":\"https:\\\/\\\/bbqentertainment.com\\\/toode\\\/forged-olive-carving-knife-kooginuga-205-cm\\\/#breadcrumb\",\"itemListElement\":[{\"@type\":\"ListItem\",\"position\":1,\"name\":\"AVALEHT\",\"item\":\"https:\\\/\\\/bbqentertainment.com\\\/en\\\/\"},{\"@type\":\"ListItem\",\"position\":2,\"name\":\"Tooted\",\"item\":\"https:\\\/\\\/bbqentertainment.com\\\/tooted\\\/\"},{\"@type\":\"ListItem\",\"position\":3,\"name\":\"Kokanoad ja -teritajad\",\"item\":\"https:\\\/\\\/bbqentertainment.com\\\/tootekategooria\\\/kokanoad-ja-teritajad\\\/\"},{\"@type\":\"ListItem\",\"position\":4,\"name\":\"Forged OLIVE Carving Knife \\\/ K\u00d6\u00d6GINUGA 20,5 cm\"}]},{\"@type\":\"WebSite\",\"@id\":\"https:\\\/\\\/bbqentertainment.com\\\/#website\",\"url\":\"https:\\\/\\\/bbqentertainment.com\\\/\",\"name\":\"BBQ Entertainment\",\"description\":\"BBQ is a great lifestyle, not just fun!\",\"publisher\":{\"@id\":\"https:\\\/\\\/bbqentertainment.com\\\/#organization\"},\"potentialAction\":[{\"@type\":\"SearchAction\",\"target\":{\"@type\":\"EntryPoint\",\"urlTemplate\":\"https:\\\/\\\/bbqentertainment.com\\\/?s={search_term_string}\"},\"query-input\":{\"@type\":\"PropertyValueSpecification\",\"valueRequired\":true,\"valueName\":\"search_term_string\"}}],\"inLanguage\":\"en-US\"},{\"@type\":\"Organization\",\"@id\":\"https:\\\/\\\/bbqentertainment.com\\\/#organization\",\"name\":\"BBQ Entertainment O\u00dc\",\"url\":\"https:\\\/\\\/bbqentertainment.com\\\/\",\"logo\":{\"@type\":\"ImageObject\",\"inLanguage\":\"en-US\",\"@id\":\"https:\\\/\\\/bbqentertainment.com\\\/#\\\/schema\\\/logo\\\/image\\\/\",\"url\":\"https:\\\/\\\/bbqentertainment.com\\\/wp-content\\\/uploads\\\/2020\\\/04\\\/BBQ-Entertainment-N-Catering-Enn-Tobreluts-Logo.png\",\"contentUrl\":\"https:\\\/\\\/bbqentertainment.com\\\/wp-content\\\/uploads\\\/2020\\\/04\\\/BBQ-Entertainment-N-Catering-Enn-Tobreluts-Logo.png\",\"width\":628,\"height\":266,\"caption\":\"BBQ Entertainment O\u00dc\"},\"image\":{\"@id\":\"https:\\\/\\\/bbqentertainment.com\\\/#\\\/schema\\\/logo\\\/image\\\/\"},\"sameAs\":[\"https:\\\/\\\/www.facebook.com\\\/BBQ-Entertainment-N-Catering-2437913376443540\",\"https:\\\/\\\/www.instagram.com\\\/bbqentertainmentncatering\\\/\",\"https:\\\/\\\/www.youtube.com\\\/channel\\\/UCmpuANQVhLy2Md8nrenp2jA\"]}]}<\/script>\n<!-- \/ Yoast SEO plugin. -->","yoast_head_json":{"title":"Forged OLIVE Carving Knife \/ K\u00d6\u00d6GINUGA 20,5 cm - BBQ Entertainment","robots":{"index":"index","follow":"follow","max-snippet":"max-snippet:-1","max-image-preview":"max-image-preview:large","max-video-preview":"max-video-preview:-1"},"canonical":"https:\/\/bbqentertainment.com\/toode\/forged-olive-carving-knife-kooginuga-205-cm\/","og_locale":"en_US","og_type":"article","og_title":"Forged OLIVE Carving Knife \/ K\u00d6\u00d6GINUGA 20,5 cm - BBQ Entertainment","og_description":"Forged OLIVE Carving Knife \/ K\u00d6\u00d6GINUGA 20,5 cm K\u00f6\u00f6ginuga STYLE DE VIE Olive Forged Carving on m\u00f5eldud neile, kes otsivad kvaliteetset, h\u00e4sti l\u00f5ikavat ja kaunist k\u00f6\u00f6ginuga.  K\u00e4sitsi valmistatud nuga on tehtud tugevast Jaapani 7cr17mov terasest, mille k\u00f5vadus on 58 HRC.  Viilutamisnuga on universaalne l\u00f5ikenuga \u2013 sobib suurep\u00e4raselt liha l\u00f5ikamiseks ja lihatoodete viilutamiseks.","og_url":"https:\/\/bbqentertainment.com\/toode\/forged-olive-carving-knife-kooginuga-205-cm\/","og_site_name":"BBQ Entertainment","article_publisher":"https:\/\/www.facebook.com\/BBQ-Entertainment-N-Catering-2437913376443540","article_modified_time":"2026-01-11T19:39:42+00:00","og_image":[{"width":1000,"height":1000,"url":"https:\/\/bbqentertainment.com\/wp-content\/uploads\/2024\/05\/BBQ-Entertainment-Forged-OLIVE-Carving-Knife-KOOGINUGA-205-cm-8.webp","type":"image\/webp"}],"twitter_card":"summary_large_image","twitter_misc":{"Est. reading time":"1 minute"},"schema":{"@context":"https:\/\/schema.org","@graph":[{"@type":["WebPage","ItemPage"],"@id":"https:\/\/bbqentertainment.com\/toode\/forged-olive-carving-knife-kooginuga-205-cm\/","url":"https:\/\/bbqentertainment.com\/toode\/forged-olive-carving-knife-kooginuga-205-cm\/","name":"Forged OLIVE Carving Knife \/ K\u00d6\u00d6GINUGA 20,5 cm - BBQ Entertainment","isPartOf":{"@id":"https:\/\/bbqentertainment.com\/#website"},"primaryImageOfPage":{"@id":"https:\/\/bbqentertainment.com\/toode\/forged-olive-carving-knife-kooginuga-205-cm\/#primaryimage"},"image":{"@id":"https:\/\/bbqentertainment.com\/toode\/forged-olive-carving-knife-kooginuga-205-cm\/#primaryimage"},"thumbnailUrl":"https:\/\/bbqentertainment.com\/wp-content\/uploads\/2024\/05\/BBQ-Entertainment-Forged-OLIVE-Carving-Knife-KOOGINUGA-205-cm-8.webp","datePublished":"2024-05-01T08:10:44+00:00","dateModified":"2026-01-11T19:39:42+00:00","breadcrumb":{"@id":"https:\/\/bbqentertainment.com\/toode\/forged-olive-carving-knife-kooginuga-205-cm\/#breadcrumb"},"inLanguage":"en-US","potentialAction":[{"@type":"ReadAction","target":["https:\/\/bbqentertainment.com\/toode\/forged-olive-carving-knife-kooginuga-205-cm\/"]}]},{"@type":"ImageObject","inLanguage":"en-US","@id":"https:\/\/bbqentertainment.com\/toode\/forged-olive-carving-knife-kooginuga-205-cm\/#primaryimage","url":"https:\/\/bbqentertainment.com\/wp-content\/uploads\/2024\/05\/BBQ-Entertainment-Forged-OLIVE-Carving-Knife-KOOGINUGA-205-cm-8.webp","contentUrl":"https:\/\/bbqentertainment.com\/wp-content\/uploads\/2024\/05\/BBQ-Entertainment-Forged-OLIVE-Carving-Knife-KOOGINUGA-205-cm-8.webp","width":1000,"height":1000},{"@type":"BreadcrumbList","@id":"https:\/\/bbqentertainment.com\/toode\/forged-olive-carving-knife-kooginuga-205-cm\/#breadcrumb","itemListElement":[{"@type":"ListItem","position":1,"name":"AVALEHT","item":"https:\/\/bbqentertainment.com\/en\/"},{"@type":"ListItem","position":2,"name":"Tooted","item":"https:\/\/bbqentertainment.com\/tooted\/"},{"@type":"ListItem","position":3,"name":"Kokanoad ja -teritajad","item":"https:\/\/bbqentertainment.com\/tootekategooria\/kokanoad-ja-teritajad\/"},{"@type":"ListItem","position":4,"name":"Forged OLIVE Carving Knife \/ K\u00d6\u00d6GINUGA 20,5 cm"}]},{"@type":"WebSite","@id":"https:\/\/bbqentertainment.com\/#website","url":"https:\/\/bbqentertainment.com\/","name":"BBQ Entertainment","description":"BBQ is a great lifestyle, not just fun!","publisher":{"@id":"https:\/\/bbqentertainment.com\/#organization"},"potentialAction":[{"@type":"SearchAction","target":{"@type":"EntryPoint","urlTemplate":"https:\/\/bbqentertainment.com\/?s={search_term_string}"},"query-input":{"@type":"PropertyValueSpecification","valueRequired":true,"valueName":"search_term_string"}}],"inLanguage":"en-US"},{"@type":"Organization","@id":"https:\/\/bbqentertainment.com\/#organization","name":"BBQ Entertainment O\u00dc","url":"https:\/\/bbqentertainment.com\/","logo":{"@type":"ImageObject","inLanguage":"en-US","@id":"https:\/\/bbqentertainment.com\/#\/schema\/logo\/image\/","url":"https:\/\/bbqentertainment.com\/wp-content\/uploads\/2020\/04\/BBQ-Entertainment-N-Catering-Enn-Tobreluts-Logo.png","contentUrl":"https:\/\/bbqentertainment.com\/wp-content\/uploads\/2020\/04\/BBQ-Entertainment-N-Catering-Enn-Tobreluts-Logo.png","width":628,"height":266,"caption":"BBQ Entertainment O\u00dc"},"image":{"@id":"https:\/\/bbqentertainment.com\/#\/schema\/logo\/image\/"},"sameAs":["https:\/\/www.facebook.com\/BBQ-Entertainment-N-Catering-2437913376443540","https:\/\/www.instagram.com\/bbqentertainmentncatering\/","https:\/\/www.youtube.com\/channel\/UCmpuANQVhLy2Md8nrenp2jA"]}]}},"_links":{"self":[{"href":"https:\/\/bbqentertainment.com\/en\/wp-json\/wp\/v2\/product\/247465","targetHints":{"allow":["GET"]}}],"collection":[{"href":"https:\/\/bbqentertainment.com\/en\/wp-json\/wp\/v2\/product"}],"about":[{"href":"https:\/\/bbqentertainment.com\/en\/wp-json\/wp\/v2\/types\/product"}],"wp:featuredmedia":[{"embeddable":true,"href":"https:\/\/bbqentertainment.com\/en\/wp-json\/wp\/v2\/media\/247472"}],"wp:attachment":[{"href":"https:\/\/bbqentertainment.com\/en\/wp-json\/wp\/v2\/media?parent=247465"}],"wp:term":[{"taxonomy":"product_brand","embeddable":true,"href":"https:\/\/bbqentertainment.com\/en\/wp-json\/wp\/v2\/product_brand?post=247465"},{"taxonomy":"product_cat","embeddable":true,"href":"https:\/\/bbqentertainment.com\/en\/wp-json\/wp\/v2\/product_cat?post=247465"},{"taxonomy":"product_tag","embeddable":true,"href":"https:\/\/bbqentertainment.com\/en\/wp-json\/wp\/v2\/product_tag?post=247465"}],"curies":[{"name":"wp","href":"https:\/\/api.w.org\/{rel}","templated":true}]}}