{"id":247546,"date":"2024-05-01T11:33:35","date_gmt":"2024-05-01T08:33:35","guid":{"rendered":"https:\/\/bbqentertainment.com\/?post_type=product&#038;p=247546"},"modified":"2025-07-25T13:45:55","modified_gmt":"2025-07-25T10:45:55","slug":"forged-style-de-vie-magnetiga-noahoidik-kivialusel","status":"publish","type":"product","link":"https:\/\/bbqentertainment.com\/en\/toode\/forged-style-de-vie-magnetiga-noahoidik-kivialusel\/","title":{"rendered":"Forged Style de Vie MAGNETIGA NOAHOIDIK KIVIALUSEL"},"content":{"rendered":"<p>Tootja: Style de Vie Authentique<br \/>\nP\u00e4ritoluriik: Holland<br \/>\nM\u00f5\u00f5dud: 27,5 cm x 25 cm x 12 cm<br \/>\nPuidu paksus: 5 cm<br \/>\nKivialus<br \/>\nK\u00f5rgeima kvaliteediga tammepuit<br \/>\nMagnetiline noahoidja STYLE DE VIE, valmistatud tammest, sobib k\u00f5igi terasnugade hoidmiseks.<br \/>\nHoidja m\u00f5\u00f5dud, v\u00e4rv v\u00f5i paksus v\u00f5ivad erineda, kuna k\u00f5ik tootmises kasutatavad materjalid on looduslikud.<\/p>\n","protected":false},"excerpt":{"rendered":"<h2>Forged Style de Vie MAGNETIGA NOAHOIDIK KIVIALUSEL<\/h2>\n<p>Luksuslik kahepoolne magnetnugade alus STYLE DE VIE kivialusel mahutab kuni k\u00fcmme k\u00f6\u00f6ginuga.<\/p>\n<p>See alus on mitte ainult funktsionaalne ja mugav kasutada, vaid ka silmapaistev aktsent k\u00f6\u00f6gi v\u00f5i grillialale.<\/p>\n<p>Lisaks on magnetiline puidust alus eriti soovitatav, et v\u00e4ltida kvaliteetsete k\u00f6\u00f6ginugade kahjustamist: noa t\u00f5stmisel v\u00f5i asetamisel ei kahjusta selle tera.<\/p>\n<p>&nbsp;<\/p>\n","protected":false},"featured_media":247547,"template":"","meta":{"inline_featured_image":false},"product_brand":[],"product_cat":[365],"product_tag":[],"class_list":{"0":"post-247546","1":"product","2":"type-product","3":"status-publish","4":"has-post-thumbnail","6":"product_cat-kokanoad-ja-teritajad","8":"first","9":"instock","10":"taxable","11":"shipping-taxable","12":"purchasable","13":"product-type-simple"},"yoast_head":"<!-- This site is optimized with the Yoast SEO plugin v27.4 - https:\/\/yoast.com\/product\/yoast-seo-wordpress\/ -->\n<title>Forged Style de Vie MAGNETIGA NOAHOIDIK KIVIALUSEL - BBQ Entertainment<\/title>\n<meta name=\"robots\" content=\"index, follow, max-snippet:-1, max-image-preview:large, max-video-preview:-1\" \/>\n<link rel=\"canonical\" href=\"https:\/\/bbqentertainment.com\/toode\/forged-style-de-vie-magnetiga-noahoidik-kivialusel\/\" \/>\n<meta property=\"og:locale\" content=\"en_US\" \/>\n<meta property=\"og:type\" content=\"article\" \/>\n<meta property=\"og:title\" content=\"Forged Style de Vie MAGNETIGA NOAHOIDIK KIVIALUSEL - BBQ Entertainment\" \/>\n<meta property=\"og:description\" content=\"Forged Style de Vie MAGNETIGA NOAHOIDIK KIVIALUSEL Luksuslik kahepoolne magnetnugade alus STYLE DE VIE kivialusel mahutab kuni k\u00fcmme k\u00f6\u00f6ginuga.  See alus on mitte ainult funktsionaalne ja mugav kasutada, vaid ka silmapaistev aktsent k\u00f6\u00f6gi v\u00f5i grillialale.  Lisaks on magnetiline puidust alus eriti soovitatav, et v\u00e4ltida kvaliteetsete k\u00f6\u00f6ginugade kahjustamist: noa t\u00f5stmisel v\u00f5i asetamisel ei kahjusta selle tera.  &nbsp;\" \/>\n<meta property=\"og:url\" content=\"https:\/\/bbqentertainment.com\/toode\/forged-style-de-vie-magnetiga-noahoidik-kivialusel\/\" \/>\n<meta property=\"og:site_name\" content=\"BBQ Entertainment\" \/>\n<meta property=\"article:publisher\" content=\"https:\/\/www.facebook.com\/BBQ-Entertainment-N-Catering-2437913376443540\" \/>\n<meta property=\"article:modified_time\" content=\"2025-07-25T10:45:55+00:00\" \/>\n<meta property=\"og:image\" content=\"https:\/\/bbqentertainment.com\/wp-content\/uploads\/2024\/05\/BBQ-Entertainment-Forged-Style-de-Vie-MAGNETIGA-NOAHOIDIK-KIVIALUSEL-3.webp\" \/>\n\t<meta property=\"og:image:width\" content=\"1000\" \/>\n\t<meta property=\"og:image:height\" content=\"1000\" \/>\n\t<meta property=\"og:image:type\" content=\"image\/webp\" \/>\n<meta name=\"twitter:card\" content=\"summary_large_image\" \/>\n<meta name=\"twitter:label1\" content=\"Est. reading time\" \/>\n\t<meta name=\"twitter:data1\" content=\"1 minute\" \/>\n<script type=\"application\/ld+json\" class=\"yoast-schema-graph\">{\"@context\":\"https:\\\/\\\/schema.org\",\"@graph\":[{\"@type\":[\"WebPage\",\"ItemPage\"],\"@id\":\"https:\\\/\\\/bbqentertainment.com\\\/toode\\\/forged-style-de-vie-magnetiga-noahoidik-kivialusel\\\/\",\"url\":\"https:\\\/\\\/bbqentertainment.com\\\/toode\\\/forged-style-de-vie-magnetiga-noahoidik-kivialusel\\\/\",\"name\":\"Forged Style de Vie MAGNETIGA NOAHOIDIK KIVIALUSEL - BBQ Entertainment\",\"isPartOf\":{\"@id\":\"https:\\\/\\\/bbqentertainment.com\\\/#website\"},\"primaryImageOfPage\":{\"@id\":\"https:\\\/\\\/bbqentertainment.com\\\/toode\\\/forged-style-de-vie-magnetiga-noahoidik-kivialusel\\\/#primaryimage\"},\"image\":{\"@id\":\"https:\\\/\\\/bbqentertainment.com\\\/toode\\\/forged-style-de-vie-magnetiga-noahoidik-kivialusel\\\/#primaryimage\"},\"thumbnailUrl\":\"https:\\\/\\\/bbqentertainment.com\\\/wp-content\\\/uploads\\\/2024\\\/05\\\/BBQ-Entertainment-Forged-Style-de-Vie-MAGNETIGA-NOAHOIDIK-KIVIALUSEL-3.webp\",\"datePublished\":\"2024-05-01T08:33:35+00:00\",\"dateModified\":\"2025-07-25T10:45:55+00:00\",\"breadcrumb\":{\"@id\":\"https:\\\/\\\/bbqentertainment.com\\\/toode\\\/forged-style-de-vie-magnetiga-noahoidik-kivialusel\\\/#breadcrumb\"},\"inLanguage\":\"en-US\",\"potentialAction\":[{\"@type\":\"ReadAction\",\"target\":[\"https:\\\/\\\/bbqentertainment.com\\\/toode\\\/forged-style-de-vie-magnetiga-noahoidik-kivialusel\\\/\"]}]},{\"@type\":\"ImageObject\",\"inLanguage\":\"en-US\",\"@id\":\"https:\\\/\\\/bbqentertainment.com\\\/toode\\\/forged-style-de-vie-magnetiga-noahoidik-kivialusel\\\/#primaryimage\",\"url\":\"https:\\\/\\\/bbqentertainment.com\\\/wp-content\\\/uploads\\\/2024\\\/05\\\/BBQ-Entertainment-Forged-Style-de-Vie-MAGNETIGA-NOAHOIDIK-KIVIALUSEL-3.webp\",\"contentUrl\":\"https:\\\/\\\/bbqentertainment.com\\\/wp-content\\\/uploads\\\/2024\\\/05\\\/BBQ-Entertainment-Forged-Style-de-Vie-MAGNETIGA-NOAHOIDIK-KIVIALUSEL-3.webp\",\"width\":1000,\"height\":1000},{\"@type\":\"BreadcrumbList\",\"@id\":\"https:\\\/\\\/bbqentertainment.com\\\/toode\\\/forged-style-de-vie-magnetiga-noahoidik-kivialusel\\\/#breadcrumb\",\"itemListElement\":[{\"@type\":\"ListItem\",\"position\":1,\"name\":\"AVALEHT\",\"item\":\"https:\\\/\\\/bbqentertainment.com\\\/en\\\/\"},{\"@type\":\"ListItem\",\"position\":2,\"name\":\"Tooted\",\"item\":\"https:\\\/\\\/bbqentertainment.com\\\/tooted\\\/\"},{\"@type\":\"ListItem\",\"position\":3,\"name\":\"Kokanoad ja -teritajad\",\"item\":\"https:\\\/\\\/bbqentertainment.com\\\/tootekategooria\\\/kokanoad-ja-teritajad\\\/\"},{\"@type\":\"ListItem\",\"position\":4,\"name\":\"Forged Style de Vie MAGNETIGA NOAHOIDIK KIVIALUSEL\"}]},{\"@type\":\"WebSite\",\"@id\":\"https:\\\/\\\/bbqentertainment.com\\\/#website\",\"url\":\"https:\\\/\\\/bbqentertainment.com\\\/\",\"name\":\"BBQ Entertainment\",\"description\":\"BBQ is a great lifestyle, not just fun!\",\"publisher\":{\"@id\":\"https:\\\/\\\/bbqentertainment.com\\\/#organization\"},\"potentialAction\":[{\"@type\":\"SearchAction\",\"target\":{\"@type\":\"EntryPoint\",\"urlTemplate\":\"https:\\\/\\\/bbqentertainment.com\\\/?s={search_term_string}\"},\"query-input\":{\"@type\":\"PropertyValueSpecification\",\"valueRequired\":true,\"valueName\":\"search_term_string\"}}],\"inLanguage\":\"en-US\"},{\"@type\":\"Organization\",\"@id\":\"https:\\\/\\\/bbqentertainment.com\\\/#organization\",\"name\":\"BBQ Entertainment O\u00dc\",\"url\":\"https:\\\/\\\/bbqentertainment.com\\\/\",\"logo\":{\"@type\":\"ImageObject\",\"inLanguage\":\"en-US\",\"@id\":\"https:\\\/\\\/bbqentertainment.com\\\/#\\\/schema\\\/logo\\\/image\\\/\",\"url\":\"https:\\\/\\\/bbqentertainment.com\\\/wp-content\\\/uploads\\\/2020\\\/04\\\/BBQ-Entertainment-N-Catering-Enn-Tobreluts-Logo.png\",\"contentUrl\":\"https:\\\/\\\/bbqentertainment.com\\\/wp-content\\\/uploads\\\/2020\\\/04\\\/BBQ-Entertainment-N-Catering-Enn-Tobreluts-Logo.png\",\"width\":628,\"height\":266,\"caption\":\"BBQ Entertainment O\u00dc\"},\"image\":{\"@id\":\"https:\\\/\\\/bbqentertainment.com\\\/#\\\/schema\\\/logo\\\/image\\\/\"},\"sameAs\":[\"https:\\\/\\\/www.facebook.com\\\/BBQ-Entertainment-N-Catering-2437913376443540\",\"https:\\\/\\\/www.instagram.com\\\/bbqentertainmentncatering\\\/\",\"https:\\\/\\\/www.youtube.com\\\/channel\\\/UCmpuANQVhLy2Md8nrenp2jA\"]}]}<\/script>\n<!-- \/ Yoast SEO plugin. -->","yoast_head_json":{"title":"Forged Style de Vie MAGNETIGA NOAHOIDIK KIVIALUSEL - BBQ Entertainment","robots":{"index":"index","follow":"follow","max-snippet":"max-snippet:-1","max-image-preview":"max-image-preview:large","max-video-preview":"max-video-preview:-1"},"canonical":"https:\/\/bbqentertainment.com\/toode\/forged-style-de-vie-magnetiga-noahoidik-kivialusel\/","og_locale":"en_US","og_type":"article","og_title":"Forged Style de Vie MAGNETIGA NOAHOIDIK KIVIALUSEL - BBQ Entertainment","og_description":"Forged Style de Vie MAGNETIGA NOAHOIDIK KIVIALUSEL Luksuslik kahepoolne magnetnugade alus STYLE DE VIE kivialusel mahutab kuni k\u00fcmme k\u00f6\u00f6ginuga.  See alus on mitte ainult funktsionaalne ja mugav kasutada, vaid ka silmapaistev aktsent k\u00f6\u00f6gi v\u00f5i grillialale.  Lisaks on magnetiline puidust alus eriti soovitatav, et v\u00e4ltida kvaliteetsete k\u00f6\u00f6ginugade kahjustamist: noa t\u00f5stmisel v\u00f5i asetamisel ei kahjusta selle tera.  &nbsp;","og_url":"https:\/\/bbqentertainment.com\/toode\/forged-style-de-vie-magnetiga-noahoidik-kivialusel\/","og_site_name":"BBQ Entertainment","article_publisher":"https:\/\/www.facebook.com\/BBQ-Entertainment-N-Catering-2437913376443540","article_modified_time":"2025-07-25T10:45:55+00:00","og_image":[{"width":1000,"height":1000,"url":"https:\/\/bbqentertainment.com\/wp-content\/uploads\/2024\/05\/BBQ-Entertainment-Forged-Style-de-Vie-MAGNETIGA-NOAHOIDIK-KIVIALUSEL-3.webp","type":"image\/webp"}],"twitter_card":"summary_large_image","twitter_misc":{"Est. reading time":"1 minute"},"schema":{"@context":"https:\/\/schema.org","@graph":[{"@type":["WebPage","ItemPage"],"@id":"https:\/\/bbqentertainment.com\/toode\/forged-style-de-vie-magnetiga-noahoidik-kivialusel\/","url":"https:\/\/bbqentertainment.com\/toode\/forged-style-de-vie-magnetiga-noahoidik-kivialusel\/","name":"Forged Style de Vie MAGNETIGA NOAHOIDIK KIVIALUSEL - BBQ Entertainment","isPartOf":{"@id":"https:\/\/bbqentertainment.com\/#website"},"primaryImageOfPage":{"@id":"https:\/\/bbqentertainment.com\/toode\/forged-style-de-vie-magnetiga-noahoidik-kivialusel\/#primaryimage"},"image":{"@id":"https:\/\/bbqentertainment.com\/toode\/forged-style-de-vie-magnetiga-noahoidik-kivialusel\/#primaryimage"},"thumbnailUrl":"https:\/\/bbqentertainment.com\/wp-content\/uploads\/2024\/05\/BBQ-Entertainment-Forged-Style-de-Vie-MAGNETIGA-NOAHOIDIK-KIVIALUSEL-3.webp","datePublished":"2024-05-01T08:33:35+00:00","dateModified":"2025-07-25T10:45:55+00:00","breadcrumb":{"@id":"https:\/\/bbqentertainment.com\/toode\/forged-style-de-vie-magnetiga-noahoidik-kivialusel\/#breadcrumb"},"inLanguage":"en-US","potentialAction":[{"@type":"ReadAction","target":["https:\/\/bbqentertainment.com\/toode\/forged-style-de-vie-magnetiga-noahoidik-kivialusel\/"]}]},{"@type":"ImageObject","inLanguage":"en-US","@id":"https:\/\/bbqentertainment.com\/toode\/forged-style-de-vie-magnetiga-noahoidik-kivialusel\/#primaryimage","url":"https:\/\/bbqentertainment.com\/wp-content\/uploads\/2024\/05\/BBQ-Entertainment-Forged-Style-de-Vie-MAGNETIGA-NOAHOIDIK-KIVIALUSEL-3.webp","contentUrl":"https:\/\/bbqentertainment.com\/wp-content\/uploads\/2024\/05\/BBQ-Entertainment-Forged-Style-de-Vie-MAGNETIGA-NOAHOIDIK-KIVIALUSEL-3.webp","width":1000,"height":1000},{"@type":"BreadcrumbList","@id":"https:\/\/bbqentertainment.com\/toode\/forged-style-de-vie-magnetiga-noahoidik-kivialusel\/#breadcrumb","itemListElement":[{"@type":"ListItem","position":1,"name":"AVALEHT","item":"https:\/\/bbqentertainment.com\/en\/"},{"@type":"ListItem","position":2,"name":"Tooted","item":"https:\/\/bbqentertainment.com\/tooted\/"},{"@type":"ListItem","position":3,"name":"Kokanoad ja -teritajad","item":"https:\/\/bbqentertainment.com\/tootekategooria\/kokanoad-ja-teritajad\/"},{"@type":"ListItem","position":4,"name":"Forged Style de Vie MAGNETIGA NOAHOIDIK KIVIALUSEL"}]},{"@type":"WebSite","@id":"https:\/\/bbqentertainment.com\/#website","url":"https:\/\/bbqentertainment.com\/","name":"BBQ Entertainment","description":"BBQ is a great lifestyle, not just fun!","publisher":{"@id":"https:\/\/bbqentertainment.com\/#organization"},"potentialAction":[{"@type":"SearchAction","target":{"@type":"EntryPoint","urlTemplate":"https:\/\/bbqentertainment.com\/?s={search_term_string}"},"query-input":{"@type":"PropertyValueSpecification","valueRequired":true,"valueName":"search_term_string"}}],"inLanguage":"en-US"},{"@type":"Organization","@id":"https:\/\/bbqentertainment.com\/#organization","name":"BBQ Entertainment O\u00dc","url":"https:\/\/bbqentertainment.com\/","logo":{"@type":"ImageObject","inLanguage":"en-US","@id":"https:\/\/bbqentertainment.com\/#\/schema\/logo\/image\/","url":"https:\/\/bbqentertainment.com\/wp-content\/uploads\/2020\/04\/BBQ-Entertainment-N-Catering-Enn-Tobreluts-Logo.png","contentUrl":"https:\/\/bbqentertainment.com\/wp-content\/uploads\/2020\/04\/BBQ-Entertainment-N-Catering-Enn-Tobreluts-Logo.png","width":628,"height":266,"caption":"BBQ Entertainment O\u00dc"},"image":{"@id":"https:\/\/bbqentertainment.com\/#\/schema\/logo\/image\/"},"sameAs":["https:\/\/www.facebook.com\/BBQ-Entertainment-N-Catering-2437913376443540","https:\/\/www.instagram.com\/bbqentertainmentncatering\/","https:\/\/www.youtube.com\/channel\/UCmpuANQVhLy2Md8nrenp2jA"]}]}},"_links":{"self":[{"href":"https:\/\/bbqentertainment.com\/en\/wp-json\/wp\/v2\/product\/247546","targetHints":{"allow":["GET"]}}],"collection":[{"href":"https:\/\/bbqentertainment.com\/en\/wp-json\/wp\/v2\/product"}],"about":[{"href":"https:\/\/bbqentertainment.com\/en\/wp-json\/wp\/v2\/types\/product"}],"wp:featuredmedia":[{"embeddable":true,"href":"https:\/\/bbqentertainment.com\/en\/wp-json\/wp\/v2\/media\/247547"}],"wp:attachment":[{"href":"https:\/\/bbqentertainment.com\/en\/wp-json\/wp\/v2\/media?parent=247546"}],"wp:term":[{"taxonomy":"product_brand","embeddable":true,"href":"https:\/\/bbqentertainment.com\/en\/wp-json\/wp\/v2\/product_brand?post=247546"},{"taxonomy":"product_cat","embeddable":true,"href":"https:\/\/bbqentertainment.com\/en\/wp-json\/wp\/v2\/product_cat?post=247546"},{"taxonomy":"product_tag","embeddable":true,"href":"https:\/\/bbqentertainment.com\/en\/wp-json\/wp\/v2\/product_tag?post=247546"}],"curies":[{"name":"wp","href":"https:\/\/api.w.org\/{rel}","templated":true}]}}