{"id":247570,"date":"2024-05-03T22:13:57","date_gmt":"2024-05-03T19:13:57","guid":{"rendered":"https:\/\/bbqentertainment.com\/?post_type=product&#038;p=247570"},"modified":"2026-03-07T22:05:04","modified_gmt":"2026-03-07T20:05:04","slug":"carelia-grill-9k-80-low-black","status":"publish","type":"product","link":"https:\/\/bbqentertainment.com\/en\/toode\/carelia-grill-9k-80-low-black\/","title":{"rendered":"CARELIA GRILL\u00ae 9K-80 LOW, BLACK"},"content":{"rendered":"<p>Komplekti kuulub suitsukate, korstna kate ja p\u00f5hivarustus.<\/p>\n<p>Materjal:<br \/>\n\u00b7 teras pulberv\u00e4rvkattega<br \/>\n\u00b7 kamin ja grillimistasemed kuumakindla pulberv\u00e4rvkattega<\/p>\n<p>M\u00f5\u00f5tmed:<br \/>\n\u00b7 \u00fcheksak\u00fclgne kamin \u00d8 80 cm<br \/>\n\u00b7 ahju seina paksus 3 mm<br \/>\n\u00b7 t\u00f6\u00f6k\u00f5rgus 50 cm<br \/>\n\u00b7 \u00fcldk\u00f5rgus koos katusega 200 cm<br \/>\n\u00b7 \u00fcldk\u00f5rgus ilma katusega 115 cm<br \/>\n\u00b7 katuse \u00d8 94 cm<\/p>\n<p>P\u00f5hivarustus:<br \/>\n\u00b7 2 p\u00f6\u00f6ratavat grillimistasandit<br \/>\n\u00b7 kohvi\/supi konks<br \/>\n\u00b7 3 musta vertikaalset tuge<br \/>\n\u00b7 3 musta puidust k\u00e4epidet<br \/>\n\u00b7 2 l\u00f5kkeplaati<br \/>\n\u00b7 malmist pann<br \/>\n\u00b7 grillrest \u00d8 38 cm<br \/>\n\u00b7 tulehaak<br \/>\n\u00b7 rest<br \/>\n\u00b7 tuhakorv<br \/>\n\u00b7 6 tihvti<\/p>\n","protected":false},"excerpt":{"rendered":"<h3>CARELIA GRILL\u00ae 9K-80 LOW, BLACK<\/h3>\n<p>CARELIA GRILL\u00ae 9K-80 Low on avatud tulega grill, mis on m\u00f5eldud k\u00f5igile, kes naudivad v\u00e4rskes \u00f5hus viibimist, kokkamist ja l\u00f5busaid hetki pere ja s\u00f5pradega.<\/p>\n<p>Carelia Grill tooted on valmistatud kvaliteetsetest materjalidest. Grillid ja kaminad on vastupidavad suurele kulumisele ja ekstreemsetele tingimustele. 9K-80 Low-l on madal t\u00f6\u00f6k\u00f5rgus 50 cm, mis teeb sellest ideaalse valiku istudes kokkamiseks.<\/p>\n<p>Kaasasolev laiavarustus laiendab teie kokkamisv\u00f5imalusi. N\u00e4iteks, miks mitte proovida m\u00f5nda maitsvat Itaalia pitsat, l\u00f5hnavat kebabi, magusaid pannkooke ja muud, kasutades malmist panni? V\u00f5i ehk meelierutavat leegitatud l\u00f5het puidust leegitamislaudadega? Kui olete kohviarmastaja, \u00e4rge unustage riputada konksu otsa kohvipott, et valmistada aromaatset kohvi &#8211; v\u00f5i keeta teed v\u00f5i maitsvat suppi. Grillrestil saate grillida k\u00f5ige maitsvamaid lihasid ja k\u00f6\u00f6givilju!<\/p>\n<p>2-aastane garantii<\/p>\n","protected":false},"featured_media":247579,"template":"","meta":{"inline_featured_image":false},"product_brand":[],"product_cat":[17,584,583],"product_tag":[],"class_list":{"0":"post-247570","1":"product","2":"type-product","3":"status-publish","4":"has-post-thumbnail","6":"product_cat-grillid-ja-ahjud","7":"product_cat-carelia-grillid","8":"product_cat-lokkease","10":"first","11":"instock","12":"sale","13":"taxable","14":"shipping-taxable","15":"purchasable","16":"product-type-simple"},"yoast_head":"<!-- This site is optimized with the Yoast SEO plugin v27.4 - https:\/\/yoast.com\/product\/yoast-seo-wordpress\/ -->\n<title>CARELIA GRILL\u00ae 9K-80 LOW, BLACK - BBQ Entertainment<\/title>\n<meta name=\"robots\" content=\"index, follow, max-snippet:-1, max-image-preview:large, max-video-preview:-1\" \/>\n<link rel=\"canonical\" href=\"https:\/\/bbqentertainment.com\/toode\/carelia-grill-9k-80-low-black\/\" \/>\n<meta property=\"og:locale\" content=\"en_US\" \/>\n<meta property=\"og:type\" content=\"article\" \/>\n<meta property=\"og:title\" content=\"CARELIA GRILL\u00ae 9K-80 LOW, BLACK - BBQ Entertainment\" \/>\n<meta property=\"og:description\" content=\"CARELIA GRILL\u00ae 9K-80 LOW, BLACK CARELIA GRILL\u00ae 9K-80 Low on avatud tulega grill, mis on m\u00f5eldud k\u00f5igile, kes naudivad v\u00e4rskes \u00f5hus viibimist, kokkamist ja l\u00f5busaid hetki pere ja s\u00f5pradega.  Carelia Grill tooted on valmistatud kvaliteetsetest materjalidest. Grillid ja kaminad on vastupidavad suurele kulumisele ja ekstreemsetele tingimustele. 9K-80 Low-l on madal t\u00f6\u00f6k\u00f5rgus 50 cm, mis teeb sellest ideaalse valiku istudes kokkamiseks.  Kaasasolev laiavarustus laiendab teie kokkamisv\u00f5imalusi. N\u00e4iteks, miks mitte proovida m\u00f5nda maitsvat Itaalia pitsat, l\u00f5hnavat kebabi, magusaid pannkooke ja muud, kasutades malmist panni? V\u00f5i ehk meelierutavat leegitatud l\u00f5het puidust leegitamislaudadega? Kui olete kohviarmastaja, \u00e4rge unustage riputada konksu otsa kohvipott, et valmistada aromaatset kohvi - v\u00f5i keeta teed v\u00f5i maitsvat suppi. Grillrestil saate grillida k\u00f5ige maitsvamaid lihasid ja k\u00f6\u00f6givilju!  2-aastane garantii\" \/>\n<meta property=\"og:url\" content=\"https:\/\/bbqentertainment.com\/toode\/carelia-grill-9k-80-low-black\/\" \/>\n<meta property=\"og:site_name\" content=\"BBQ Entertainment\" \/>\n<meta property=\"article:publisher\" content=\"https:\/\/www.facebook.com\/BBQ-Entertainment-N-Catering-2437913376443540\" \/>\n<meta property=\"article:modified_time\" content=\"2026-03-07T20:05:04+00:00\" \/>\n<meta property=\"og:image\" content=\"https:\/\/bbqentertainment.com\/wp-content\/uploads\/2024\/05\/BBQ-Entertainment-CARELIA-GRILL-9K-80-LOW-BLACK-4.webp\" \/>\n\t<meta property=\"og:image:width\" content=\"2048\" \/>\n\t<meta property=\"og:image:height\" content=\"2048\" \/>\n\t<meta property=\"og:image:type\" content=\"image\/webp\" \/>\n<meta name=\"twitter:card\" content=\"summary_large_image\" \/>\n<meta name=\"twitter:label1\" content=\"Est. reading time\" \/>\n\t<meta name=\"twitter:data1\" content=\"1 minute\" \/>\n<script type=\"application\/ld+json\" class=\"yoast-schema-graph\">{\"@context\":\"https:\\\/\\\/schema.org\",\"@graph\":[{\"@type\":[\"WebPage\",\"ItemPage\"],\"@id\":\"https:\\\/\\\/bbqentertainment.com\\\/toode\\\/carelia-grill-9k-80-low-black\\\/\",\"url\":\"https:\\\/\\\/bbqentertainment.com\\\/toode\\\/carelia-grill-9k-80-low-black\\\/\",\"name\":\"CARELIA GRILL\u00ae 9K-80 LOW, BLACK - BBQ Entertainment\",\"isPartOf\":{\"@id\":\"https:\\\/\\\/bbqentertainment.com\\\/#website\"},\"primaryImageOfPage\":{\"@id\":\"https:\\\/\\\/bbqentertainment.com\\\/toode\\\/carelia-grill-9k-80-low-black\\\/#primaryimage\"},\"image\":{\"@id\":\"https:\\\/\\\/bbqentertainment.com\\\/toode\\\/carelia-grill-9k-80-low-black\\\/#primaryimage\"},\"thumbnailUrl\":\"https:\\\/\\\/bbqentertainment.com\\\/wp-content\\\/uploads\\\/2024\\\/05\\\/BBQ-Entertainment-CARELIA-GRILL-9K-80-LOW-BLACK-4.webp\",\"datePublished\":\"2024-05-03T19:13:57+00:00\",\"dateModified\":\"2026-03-07T20:05:04+00:00\",\"breadcrumb\":{\"@id\":\"https:\\\/\\\/bbqentertainment.com\\\/toode\\\/carelia-grill-9k-80-low-black\\\/#breadcrumb\"},\"inLanguage\":\"en-US\",\"potentialAction\":[{\"@type\":\"ReadAction\",\"target\":[\"https:\\\/\\\/bbqentertainment.com\\\/toode\\\/carelia-grill-9k-80-low-black\\\/\"]}]},{\"@type\":\"ImageObject\",\"inLanguage\":\"en-US\",\"@id\":\"https:\\\/\\\/bbqentertainment.com\\\/toode\\\/carelia-grill-9k-80-low-black\\\/#primaryimage\",\"url\":\"https:\\\/\\\/bbqentertainment.com\\\/wp-content\\\/uploads\\\/2024\\\/05\\\/BBQ-Entertainment-CARELIA-GRILL-9K-80-LOW-BLACK-4.webp\",\"contentUrl\":\"https:\\\/\\\/bbqentertainment.com\\\/wp-content\\\/uploads\\\/2024\\\/05\\\/BBQ-Entertainment-CARELIA-GRILL-9K-80-LOW-BLACK-4.webp\",\"width\":2048,\"height\":2048},{\"@type\":\"BreadcrumbList\",\"@id\":\"https:\\\/\\\/bbqentertainment.com\\\/toode\\\/carelia-grill-9k-80-low-black\\\/#breadcrumb\",\"itemListElement\":[{\"@type\":\"ListItem\",\"position\":1,\"name\":\"AVALEHT\",\"item\":\"https:\\\/\\\/bbqentertainment.com\\\/en\\\/\"},{\"@type\":\"ListItem\",\"position\":2,\"name\":\"Tooted\",\"item\":\"https:\\\/\\\/bbqentertainment.com\\\/tooted\\\/\"},{\"@type\":\"ListItem\",\"position\":3,\"name\":\"Grillid ja ahjud\",\"item\":\"https:\\\/\\\/bbqentertainment.com\\\/tootekategooria\\\/grillid-ja-ahjud\\\/\"},{\"@type\":\"ListItem\",\"position\":4,\"name\":\"CARELIA GRILLID\",\"item\":\"https:\\\/\\\/bbqentertainment.com\\\/tootekategooria\\\/grillid-ja-ahjud\\\/carelia-grillid\\\/\"},{\"@type\":\"ListItem\",\"position\":5,\"name\":\"CARELIA GRILL\u00ae 9K-80 LOW, BLACK\"}]},{\"@type\":\"WebSite\",\"@id\":\"https:\\\/\\\/bbqentertainment.com\\\/#website\",\"url\":\"https:\\\/\\\/bbqentertainment.com\\\/\",\"name\":\"BBQ Entertainment\",\"description\":\"BBQ is a great lifestyle, not just fun!\",\"publisher\":{\"@id\":\"https:\\\/\\\/bbqentertainment.com\\\/#organization\"},\"potentialAction\":[{\"@type\":\"SearchAction\",\"target\":{\"@type\":\"EntryPoint\",\"urlTemplate\":\"https:\\\/\\\/bbqentertainment.com\\\/?s={search_term_string}\"},\"query-input\":{\"@type\":\"PropertyValueSpecification\",\"valueRequired\":true,\"valueName\":\"search_term_string\"}}],\"inLanguage\":\"en-US\"},{\"@type\":\"Organization\",\"@id\":\"https:\\\/\\\/bbqentertainment.com\\\/#organization\",\"name\":\"BBQ Entertainment O\u00dc\",\"url\":\"https:\\\/\\\/bbqentertainment.com\\\/\",\"logo\":{\"@type\":\"ImageObject\",\"inLanguage\":\"en-US\",\"@id\":\"https:\\\/\\\/bbqentertainment.com\\\/#\\\/schema\\\/logo\\\/image\\\/\",\"url\":\"https:\\\/\\\/bbqentertainment.com\\\/wp-content\\\/uploads\\\/2020\\\/04\\\/BBQ-Entertainment-N-Catering-Enn-Tobreluts-Logo.png\",\"contentUrl\":\"https:\\\/\\\/bbqentertainment.com\\\/wp-content\\\/uploads\\\/2020\\\/04\\\/BBQ-Entertainment-N-Catering-Enn-Tobreluts-Logo.png\",\"width\":628,\"height\":266,\"caption\":\"BBQ Entertainment O\u00dc\"},\"image\":{\"@id\":\"https:\\\/\\\/bbqentertainment.com\\\/#\\\/schema\\\/logo\\\/image\\\/\"},\"sameAs\":[\"https:\\\/\\\/www.facebook.com\\\/BBQ-Entertainment-N-Catering-2437913376443540\",\"https:\\\/\\\/www.instagram.com\\\/bbqentertainmentncatering\\\/\",\"https:\\\/\\\/www.youtube.com\\\/channel\\\/UCmpuANQVhLy2Md8nrenp2jA\"]}]}<\/script>\n<!-- \/ Yoast SEO plugin. -->","yoast_head_json":{"title":"CARELIA GRILL\u00ae 9K-80 LOW, BLACK - BBQ Entertainment","robots":{"index":"index","follow":"follow","max-snippet":"max-snippet:-1","max-image-preview":"max-image-preview:large","max-video-preview":"max-video-preview:-1"},"canonical":"https:\/\/bbqentertainment.com\/toode\/carelia-grill-9k-80-low-black\/","og_locale":"en_US","og_type":"article","og_title":"CARELIA GRILL\u00ae 9K-80 LOW, BLACK - BBQ Entertainment","og_description":"CARELIA GRILL\u00ae 9K-80 LOW, BLACK CARELIA GRILL\u00ae 9K-80 Low on avatud tulega grill, mis on m\u00f5eldud k\u00f5igile, kes naudivad v\u00e4rskes \u00f5hus viibimist, kokkamist ja l\u00f5busaid hetki pere ja s\u00f5pradega.  Carelia Grill tooted on valmistatud kvaliteetsetest materjalidest. Grillid ja kaminad on vastupidavad suurele kulumisele ja ekstreemsetele tingimustele. 9K-80 Low-l on madal t\u00f6\u00f6k\u00f5rgus 50 cm, mis teeb sellest ideaalse valiku istudes kokkamiseks.  Kaasasolev laiavarustus laiendab teie kokkamisv\u00f5imalusi. N\u00e4iteks, miks mitte proovida m\u00f5nda maitsvat Itaalia pitsat, l\u00f5hnavat kebabi, magusaid pannkooke ja muud, kasutades malmist panni? V\u00f5i ehk meelierutavat leegitatud l\u00f5het puidust leegitamislaudadega? Kui olete kohviarmastaja, \u00e4rge unustage riputada konksu otsa kohvipott, et valmistada aromaatset kohvi - v\u00f5i keeta teed v\u00f5i maitsvat suppi. Grillrestil saate grillida k\u00f5ige maitsvamaid lihasid ja k\u00f6\u00f6givilju!  2-aastane garantii","og_url":"https:\/\/bbqentertainment.com\/toode\/carelia-grill-9k-80-low-black\/","og_site_name":"BBQ Entertainment","article_publisher":"https:\/\/www.facebook.com\/BBQ-Entertainment-N-Catering-2437913376443540","article_modified_time":"2026-03-07T20:05:04+00:00","og_image":[{"width":2048,"height":2048,"url":"https:\/\/bbqentertainment.com\/wp-content\/uploads\/2024\/05\/BBQ-Entertainment-CARELIA-GRILL-9K-80-LOW-BLACK-4.webp","type":"image\/webp"}],"twitter_card":"summary_large_image","twitter_misc":{"Est. reading time":"1 minute"},"schema":{"@context":"https:\/\/schema.org","@graph":[{"@type":["WebPage","ItemPage"],"@id":"https:\/\/bbqentertainment.com\/toode\/carelia-grill-9k-80-low-black\/","url":"https:\/\/bbqentertainment.com\/toode\/carelia-grill-9k-80-low-black\/","name":"CARELIA GRILL\u00ae 9K-80 LOW, BLACK - BBQ Entertainment","isPartOf":{"@id":"https:\/\/bbqentertainment.com\/#website"},"primaryImageOfPage":{"@id":"https:\/\/bbqentertainment.com\/toode\/carelia-grill-9k-80-low-black\/#primaryimage"},"image":{"@id":"https:\/\/bbqentertainment.com\/toode\/carelia-grill-9k-80-low-black\/#primaryimage"},"thumbnailUrl":"https:\/\/bbqentertainment.com\/wp-content\/uploads\/2024\/05\/BBQ-Entertainment-CARELIA-GRILL-9K-80-LOW-BLACK-4.webp","datePublished":"2024-05-03T19:13:57+00:00","dateModified":"2026-03-07T20:05:04+00:00","breadcrumb":{"@id":"https:\/\/bbqentertainment.com\/toode\/carelia-grill-9k-80-low-black\/#breadcrumb"},"inLanguage":"en-US","potentialAction":[{"@type":"ReadAction","target":["https:\/\/bbqentertainment.com\/toode\/carelia-grill-9k-80-low-black\/"]}]},{"@type":"ImageObject","inLanguage":"en-US","@id":"https:\/\/bbqentertainment.com\/toode\/carelia-grill-9k-80-low-black\/#primaryimage","url":"https:\/\/bbqentertainment.com\/wp-content\/uploads\/2024\/05\/BBQ-Entertainment-CARELIA-GRILL-9K-80-LOW-BLACK-4.webp","contentUrl":"https:\/\/bbqentertainment.com\/wp-content\/uploads\/2024\/05\/BBQ-Entertainment-CARELIA-GRILL-9K-80-LOW-BLACK-4.webp","width":2048,"height":2048},{"@type":"BreadcrumbList","@id":"https:\/\/bbqentertainment.com\/toode\/carelia-grill-9k-80-low-black\/#breadcrumb","itemListElement":[{"@type":"ListItem","position":1,"name":"AVALEHT","item":"https:\/\/bbqentertainment.com\/en\/"},{"@type":"ListItem","position":2,"name":"Tooted","item":"https:\/\/bbqentertainment.com\/tooted\/"},{"@type":"ListItem","position":3,"name":"Grillid ja ahjud","item":"https:\/\/bbqentertainment.com\/tootekategooria\/grillid-ja-ahjud\/"},{"@type":"ListItem","position":4,"name":"CARELIA GRILLID","item":"https:\/\/bbqentertainment.com\/tootekategooria\/grillid-ja-ahjud\/carelia-grillid\/"},{"@type":"ListItem","position":5,"name":"CARELIA GRILL\u00ae 9K-80 LOW, BLACK"}]},{"@type":"WebSite","@id":"https:\/\/bbqentertainment.com\/#website","url":"https:\/\/bbqentertainment.com\/","name":"BBQ Entertainment","description":"BBQ is a great lifestyle, not just fun!","publisher":{"@id":"https:\/\/bbqentertainment.com\/#organization"},"potentialAction":[{"@type":"SearchAction","target":{"@type":"EntryPoint","urlTemplate":"https:\/\/bbqentertainment.com\/?s={search_term_string}"},"query-input":{"@type":"PropertyValueSpecification","valueRequired":true,"valueName":"search_term_string"}}],"inLanguage":"en-US"},{"@type":"Organization","@id":"https:\/\/bbqentertainment.com\/#organization","name":"BBQ Entertainment O\u00dc","url":"https:\/\/bbqentertainment.com\/","logo":{"@type":"ImageObject","inLanguage":"en-US","@id":"https:\/\/bbqentertainment.com\/#\/schema\/logo\/image\/","url":"https:\/\/bbqentertainment.com\/wp-content\/uploads\/2020\/04\/BBQ-Entertainment-N-Catering-Enn-Tobreluts-Logo.png","contentUrl":"https:\/\/bbqentertainment.com\/wp-content\/uploads\/2020\/04\/BBQ-Entertainment-N-Catering-Enn-Tobreluts-Logo.png","width":628,"height":266,"caption":"BBQ Entertainment O\u00dc"},"image":{"@id":"https:\/\/bbqentertainment.com\/#\/schema\/logo\/image\/"},"sameAs":["https:\/\/www.facebook.com\/BBQ-Entertainment-N-Catering-2437913376443540","https:\/\/www.instagram.com\/bbqentertainmentncatering\/","https:\/\/www.youtube.com\/channel\/UCmpuANQVhLy2Md8nrenp2jA"]}]}},"_links":{"self":[{"href":"https:\/\/bbqentertainment.com\/en\/wp-json\/wp\/v2\/product\/247570","targetHints":{"allow":["GET"]}}],"collection":[{"href":"https:\/\/bbqentertainment.com\/en\/wp-json\/wp\/v2\/product"}],"about":[{"href":"https:\/\/bbqentertainment.com\/en\/wp-json\/wp\/v2\/types\/product"}],"wp:featuredmedia":[{"embeddable":true,"href":"https:\/\/bbqentertainment.com\/en\/wp-json\/wp\/v2\/media\/247579"}],"wp:attachment":[{"href":"https:\/\/bbqentertainment.com\/en\/wp-json\/wp\/v2\/media?parent=247570"}],"wp:term":[{"taxonomy":"product_brand","embeddable":true,"href":"https:\/\/bbqentertainment.com\/en\/wp-json\/wp\/v2\/product_brand?post=247570"},{"taxonomy":"product_cat","embeddable":true,"href":"https:\/\/bbqentertainment.com\/en\/wp-json\/wp\/v2\/product_cat?post=247570"},{"taxonomy":"product_tag","embeddable":true,"href":"https:\/\/bbqentertainment.com\/en\/wp-json\/wp\/v2\/product_tag?post=247570"}],"curies":[{"name":"wp","href":"https:\/\/api.w.org\/{rel}","templated":true}]}}