{"id":247583,"date":"2024-05-03T22:22:26","date_gmt":"2024-05-03T19:22:26","guid":{"rendered":"https:\/\/bbqentertainment.com\/?post_type=product&#038;p=247583"},"modified":"2026-03-07T22:08:01","modified_gmt":"2026-03-07T20:08:01","slug":"carelia-grill-9k-100-premium-high-black","status":"publish","type":"product","link":"https:\/\/bbqentertainment.com\/en\/toode\/carelia-grill-9k-100-premium-high-black\/","title":{"rendered":"CARELIA GRILL\u00ae 9K-100 PREMIUM HIGH, BLACK"},"content":{"rendered":"<p>Materjalid:<br \/>\nteras pulberv\u00e4rvkattega, kamin ja grillimistasemed kuumakindla pulberv\u00e4rvkattega<\/p>\n<p>M\u00f5\u00f5tmed:<\/p>\n<ul>\n<li>\u00fcheksak\u00fclgne kamin \u00d8 96 cm<\/li>\n<li>ahju seina paksus 3 mm<\/li>\n<li>kaal:\n<ul>\n<li>koos katusega 95 kg<\/li>\n<li>ilma katusega 75 k<\/li>\n<\/ul>\n<\/li>\n<li>t\u00f6\u00f6k\u00f5rgus 85 cm<\/li>\n<li>\u00fcldk\u00f5rgus:\n<ul>\n<li>koos katusega 235 cm<\/li>\n<li>ilma katusega 145 cm<\/li>\n<\/ul>\n<\/li>\n<li>katuse \u00d8 104 cm<\/li>\n<li>2 suurt p\u00f6\u00f6ratavat grillimistasandit<\/li>\n<li>kohvipoti konks<\/li>\n<li>t\u00f5stemehhanismid 3 tk<\/li>\n<li>roostevabast terasest toetusvaiad 3 tk<\/li>\n<li>leegitamisplaadid 2 tk<\/li>\n<li>malmist pann<\/li>\n<li>grillrest \u00d8 38 cm<\/li>\n<li>tulehaak<\/li>\n<li>rest<\/li>\n<li>tuhasahtel<\/li>\n<\/ul>\n","protected":false},"excerpt":{"rendered":"<h3>CARELIA GRILL\u00ae 9K-100 PREMIUM HIGH, BLACK<\/h3>\n<p>CARELIA GRILL\u00ae 9K-100 High Premium on suurep\u00e4rane valik k\u00f5igile, kes hindavad l\u00e4hedaste seltskonda ja naudivad \u00f5ues kokkamist. 9K-100 kollektsiooni iseloomustab m\u00e4rgatavalt suurem grilli s\u00fcdamiku suurus. Premium mudelite peamine omadus on kaasasolevate t\u00f5stemehhanismide astmeteta reguleerimine roostevabast terasest toetusvarrastega.<\/p>\n<p>9K-100 High Premiumi saab paigaldada v\u00e4litingimustesse, aeda v\u00f5i tagahoovi sellisena, nagu see on. Lisakorstna torustikuga saab grilli paigaldada ka siseruumidesse, n\u00e4iteks grillikotta. Hoolikalt valitud parimad materjalid, on loodud vastu pidama suurele kulumisele ja ekstreemsetele tingimustele.<\/p>\n<p>Mitmekesiste tarvikute abil saate teostada k\u00f5ige julgemaid kokandusfantaasiaid. Olgu selleks mahlane liha, leegitatud l\u00f5he v\u00f5i grillitud k\u00f6\u00f6giviljad, magusad pannkoogid v\u00f5i aromaatne kohv. Selle grilliga on k\u00f5ik eksperimendid v\u00f5imalikud.<\/p>\n<p>K\u00f5igil meie toodetel on 24 kuuline garantii<\/p>\n","protected":false},"featured_media":247584,"template":"","meta":{"inline_featured_image":false},"product_brand":[],"product_cat":[17,584,583],"product_tag":[],"class_list":{"0":"post-247583","1":"product","2":"type-product","3":"status-publish","4":"has-post-thumbnail","6":"product_cat-grillid-ja-ahjud","7":"product_cat-carelia-grillid","8":"product_cat-lokkease","10":"first","11":"instock","12":"sale","13":"taxable","14":"shipping-taxable","15":"purchasable","16":"product-type-simple"},"yoast_head":"<!-- This site is optimized with the Yoast SEO plugin v27.4 - https:\/\/yoast.com\/product\/yoast-seo-wordpress\/ -->\n<title>CARELIA GRILL\u00ae 9K-100 PREMIUM HIGH, BLACK - BBQ Entertainment<\/title>\n<meta name=\"robots\" content=\"index, follow, max-snippet:-1, max-image-preview:large, max-video-preview:-1\" \/>\n<link rel=\"canonical\" href=\"https:\/\/bbqentertainment.com\/toode\/carelia-grill-9k-100-premium-high-black\/\" \/>\n<meta property=\"og:locale\" content=\"en_US\" \/>\n<meta property=\"og:type\" content=\"article\" \/>\n<meta property=\"og:title\" content=\"CARELIA GRILL\u00ae 9K-100 PREMIUM HIGH, BLACK - BBQ Entertainment\" \/>\n<meta property=\"og:description\" content=\"CARELIA GRILL\u00ae 9K-100 PREMIUM HIGH, BLACK CARELIA GRILL\u00ae 9K-100 High Premium on suurep\u00e4rane valik k\u00f5igile, kes hindavad l\u00e4hedaste seltskonda ja naudivad \u00f5ues kokkamist. 9K-100 kollektsiooni iseloomustab m\u00e4rgatavalt suurem grilli s\u00fcdamiku suurus. Premium mudelite peamine omadus on kaasasolevate t\u00f5stemehhanismide astmeteta reguleerimine roostevabast terasest toetusvarrastega.  9K-100 High Premiumi saab paigaldada v\u00e4litingimustesse, aeda v\u00f5i tagahoovi sellisena, nagu see on. Lisakorstna torustikuga saab grilli paigaldada ka siseruumidesse, n\u00e4iteks grillikotta. Hoolikalt valitud parimad materjalid, on loodud vastu pidama suurele kulumisele ja ekstreemsetele tingimustele.  Mitmekesiste tarvikute abil saate teostada k\u00f5ige julgemaid kokandusfantaasiaid. Olgu selleks mahlane liha, leegitatud l\u00f5he v\u00f5i grillitud k\u00f6\u00f6giviljad, magusad pannkoogid v\u00f5i aromaatne kohv. Selle grilliga on k\u00f5ik eksperimendid v\u00f5imalikud.  K\u00f5igil meie toodetel on 24 kuuline garantii\" \/>\n<meta property=\"og:url\" content=\"https:\/\/bbqentertainment.com\/toode\/carelia-grill-9k-100-premium-high-black\/\" \/>\n<meta property=\"og:site_name\" content=\"BBQ Entertainment\" \/>\n<meta property=\"article:publisher\" content=\"https:\/\/www.facebook.com\/BBQ-Entertainment-N-Catering-2437913376443540\" \/>\n<meta property=\"article:modified_time\" content=\"2026-03-07T20:08:01+00:00\" \/>\n<meta property=\"og:image\" content=\"https:\/\/bbqentertainment.com\/wp-content\/uploads\/2024\/05\/bbq-entertainment-CARELIA-GRILl-9K-100-1.webp\" \/>\n\t<meta property=\"og:image:width\" content=\"2048\" \/>\n\t<meta property=\"og:image:height\" content=\"2048\" \/>\n\t<meta property=\"og:image:type\" content=\"image\/webp\" \/>\n<meta name=\"twitter:card\" content=\"summary_large_image\" \/>\n<meta name=\"twitter:label1\" content=\"Est. reading time\" \/>\n\t<meta name=\"twitter:data1\" content=\"1 minute\" \/>\n<script type=\"application\/ld+json\" class=\"yoast-schema-graph\">{\"@context\":\"https:\\\/\\\/schema.org\",\"@graph\":[{\"@type\":[\"WebPage\",\"ItemPage\"],\"@id\":\"https:\\\/\\\/bbqentertainment.com\\\/toode\\\/carelia-grill-9k-100-premium-high-black\\\/\",\"url\":\"https:\\\/\\\/bbqentertainment.com\\\/toode\\\/carelia-grill-9k-100-premium-high-black\\\/\",\"name\":\"CARELIA GRILL\u00ae 9K-100 PREMIUM HIGH, BLACK - BBQ Entertainment\",\"isPartOf\":{\"@id\":\"https:\\\/\\\/bbqentertainment.com\\\/#website\"},\"primaryImageOfPage\":{\"@id\":\"https:\\\/\\\/bbqentertainment.com\\\/toode\\\/carelia-grill-9k-100-premium-high-black\\\/#primaryimage\"},\"image\":{\"@id\":\"https:\\\/\\\/bbqentertainment.com\\\/toode\\\/carelia-grill-9k-100-premium-high-black\\\/#primaryimage\"},\"thumbnailUrl\":\"https:\\\/\\\/bbqentertainment.com\\\/wp-content\\\/uploads\\\/2024\\\/05\\\/bbq-entertainment-CARELIA-GRILl-9K-100-1.webp\",\"datePublished\":\"2024-05-03T19:22:26+00:00\",\"dateModified\":\"2026-03-07T20:08:01+00:00\",\"breadcrumb\":{\"@id\":\"https:\\\/\\\/bbqentertainment.com\\\/toode\\\/carelia-grill-9k-100-premium-high-black\\\/#breadcrumb\"},\"inLanguage\":\"en-US\",\"potentialAction\":[{\"@type\":\"ReadAction\",\"target\":[\"https:\\\/\\\/bbqentertainment.com\\\/toode\\\/carelia-grill-9k-100-premium-high-black\\\/\"]}]},{\"@type\":\"ImageObject\",\"inLanguage\":\"en-US\",\"@id\":\"https:\\\/\\\/bbqentertainment.com\\\/toode\\\/carelia-grill-9k-100-premium-high-black\\\/#primaryimage\",\"url\":\"https:\\\/\\\/bbqentertainment.com\\\/wp-content\\\/uploads\\\/2024\\\/05\\\/bbq-entertainment-CARELIA-GRILl-9K-100-1.webp\",\"contentUrl\":\"https:\\\/\\\/bbqentertainment.com\\\/wp-content\\\/uploads\\\/2024\\\/05\\\/bbq-entertainment-CARELIA-GRILl-9K-100-1.webp\",\"width\":2048,\"height\":2048},{\"@type\":\"BreadcrumbList\",\"@id\":\"https:\\\/\\\/bbqentertainment.com\\\/toode\\\/carelia-grill-9k-100-premium-high-black\\\/#breadcrumb\",\"itemListElement\":[{\"@type\":\"ListItem\",\"position\":1,\"name\":\"AVALEHT\",\"item\":\"https:\\\/\\\/bbqentertainment.com\\\/en\\\/\"},{\"@type\":\"ListItem\",\"position\":2,\"name\":\"Tooted\",\"item\":\"https:\\\/\\\/bbqentertainment.com\\\/tooted\\\/\"},{\"@type\":\"ListItem\",\"position\":3,\"name\":\"Grillid ja ahjud\",\"item\":\"https:\\\/\\\/bbqentertainment.com\\\/tootekategooria\\\/grillid-ja-ahjud\\\/\"},{\"@type\":\"ListItem\",\"position\":4,\"name\":\"CARELIA GRILLID\",\"item\":\"https:\\\/\\\/bbqentertainment.com\\\/tootekategooria\\\/grillid-ja-ahjud\\\/carelia-grillid\\\/\"},{\"@type\":\"ListItem\",\"position\":5,\"name\":\"CARELIA GRILL\u00ae 9K-100 PREMIUM HIGH, BLACK\"}]},{\"@type\":\"WebSite\",\"@id\":\"https:\\\/\\\/bbqentertainment.com\\\/#website\",\"url\":\"https:\\\/\\\/bbqentertainment.com\\\/\",\"name\":\"BBQ Entertainment\",\"description\":\"BBQ is a great lifestyle, not just fun!\",\"publisher\":{\"@id\":\"https:\\\/\\\/bbqentertainment.com\\\/#organization\"},\"potentialAction\":[{\"@type\":\"SearchAction\",\"target\":{\"@type\":\"EntryPoint\",\"urlTemplate\":\"https:\\\/\\\/bbqentertainment.com\\\/?s={search_term_string}\"},\"query-input\":{\"@type\":\"PropertyValueSpecification\",\"valueRequired\":true,\"valueName\":\"search_term_string\"}}],\"inLanguage\":\"en-US\"},{\"@type\":\"Organization\",\"@id\":\"https:\\\/\\\/bbqentertainment.com\\\/#organization\",\"name\":\"BBQ Entertainment O\u00dc\",\"url\":\"https:\\\/\\\/bbqentertainment.com\\\/\",\"logo\":{\"@type\":\"ImageObject\",\"inLanguage\":\"en-US\",\"@id\":\"https:\\\/\\\/bbqentertainment.com\\\/#\\\/schema\\\/logo\\\/image\\\/\",\"url\":\"https:\\\/\\\/bbqentertainment.com\\\/wp-content\\\/uploads\\\/2020\\\/04\\\/BBQ-Entertainment-N-Catering-Enn-Tobreluts-Logo.png\",\"contentUrl\":\"https:\\\/\\\/bbqentertainment.com\\\/wp-content\\\/uploads\\\/2020\\\/04\\\/BBQ-Entertainment-N-Catering-Enn-Tobreluts-Logo.png\",\"width\":628,\"height\":266,\"caption\":\"BBQ Entertainment O\u00dc\"},\"image\":{\"@id\":\"https:\\\/\\\/bbqentertainment.com\\\/#\\\/schema\\\/logo\\\/image\\\/\"},\"sameAs\":[\"https:\\\/\\\/www.facebook.com\\\/BBQ-Entertainment-N-Catering-2437913376443540\",\"https:\\\/\\\/www.instagram.com\\\/bbqentertainmentncatering\\\/\",\"https:\\\/\\\/www.youtube.com\\\/channel\\\/UCmpuANQVhLy2Md8nrenp2jA\"]}]}<\/script>\n<!-- \/ Yoast SEO plugin. -->","yoast_head_json":{"title":"CARELIA GRILL\u00ae 9K-100 PREMIUM HIGH, BLACK - BBQ Entertainment","robots":{"index":"index","follow":"follow","max-snippet":"max-snippet:-1","max-image-preview":"max-image-preview:large","max-video-preview":"max-video-preview:-1"},"canonical":"https:\/\/bbqentertainment.com\/toode\/carelia-grill-9k-100-premium-high-black\/","og_locale":"en_US","og_type":"article","og_title":"CARELIA GRILL\u00ae 9K-100 PREMIUM HIGH, BLACK - BBQ Entertainment","og_description":"CARELIA GRILL\u00ae 9K-100 PREMIUM HIGH, BLACK CARELIA GRILL\u00ae 9K-100 High Premium on suurep\u00e4rane valik k\u00f5igile, kes hindavad l\u00e4hedaste seltskonda ja naudivad \u00f5ues kokkamist. 9K-100 kollektsiooni iseloomustab m\u00e4rgatavalt suurem grilli s\u00fcdamiku suurus. Premium mudelite peamine omadus on kaasasolevate t\u00f5stemehhanismide astmeteta reguleerimine roostevabast terasest toetusvarrastega.  9K-100 High Premiumi saab paigaldada v\u00e4litingimustesse, aeda v\u00f5i tagahoovi sellisena, nagu see on. Lisakorstna torustikuga saab grilli paigaldada ka siseruumidesse, n\u00e4iteks grillikotta. Hoolikalt valitud parimad materjalid, on loodud vastu pidama suurele kulumisele ja ekstreemsetele tingimustele.  Mitmekesiste tarvikute abil saate teostada k\u00f5ige julgemaid kokandusfantaasiaid. Olgu selleks mahlane liha, leegitatud l\u00f5he v\u00f5i grillitud k\u00f6\u00f6giviljad, magusad pannkoogid v\u00f5i aromaatne kohv. Selle grilliga on k\u00f5ik eksperimendid v\u00f5imalikud.  K\u00f5igil meie toodetel on 24 kuuline garantii","og_url":"https:\/\/bbqentertainment.com\/toode\/carelia-grill-9k-100-premium-high-black\/","og_site_name":"BBQ Entertainment","article_publisher":"https:\/\/www.facebook.com\/BBQ-Entertainment-N-Catering-2437913376443540","article_modified_time":"2026-03-07T20:08:01+00:00","og_image":[{"width":2048,"height":2048,"url":"https:\/\/bbqentertainment.com\/wp-content\/uploads\/2024\/05\/bbq-entertainment-CARELIA-GRILl-9K-100-1.webp","type":"image\/webp"}],"twitter_card":"summary_large_image","twitter_misc":{"Est. reading time":"1 minute"},"schema":{"@context":"https:\/\/schema.org","@graph":[{"@type":["WebPage","ItemPage"],"@id":"https:\/\/bbqentertainment.com\/toode\/carelia-grill-9k-100-premium-high-black\/","url":"https:\/\/bbqentertainment.com\/toode\/carelia-grill-9k-100-premium-high-black\/","name":"CARELIA GRILL\u00ae 9K-100 PREMIUM HIGH, BLACK - BBQ Entertainment","isPartOf":{"@id":"https:\/\/bbqentertainment.com\/#website"},"primaryImageOfPage":{"@id":"https:\/\/bbqentertainment.com\/toode\/carelia-grill-9k-100-premium-high-black\/#primaryimage"},"image":{"@id":"https:\/\/bbqentertainment.com\/toode\/carelia-grill-9k-100-premium-high-black\/#primaryimage"},"thumbnailUrl":"https:\/\/bbqentertainment.com\/wp-content\/uploads\/2024\/05\/bbq-entertainment-CARELIA-GRILl-9K-100-1.webp","datePublished":"2024-05-03T19:22:26+00:00","dateModified":"2026-03-07T20:08:01+00:00","breadcrumb":{"@id":"https:\/\/bbqentertainment.com\/toode\/carelia-grill-9k-100-premium-high-black\/#breadcrumb"},"inLanguage":"en-US","potentialAction":[{"@type":"ReadAction","target":["https:\/\/bbqentertainment.com\/toode\/carelia-grill-9k-100-premium-high-black\/"]}]},{"@type":"ImageObject","inLanguage":"en-US","@id":"https:\/\/bbqentertainment.com\/toode\/carelia-grill-9k-100-premium-high-black\/#primaryimage","url":"https:\/\/bbqentertainment.com\/wp-content\/uploads\/2024\/05\/bbq-entertainment-CARELIA-GRILl-9K-100-1.webp","contentUrl":"https:\/\/bbqentertainment.com\/wp-content\/uploads\/2024\/05\/bbq-entertainment-CARELIA-GRILl-9K-100-1.webp","width":2048,"height":2048},{"@type":"BreadcrumbList","@id":"https:\/\/bbqentertainment.com\/toode\/carelia-grill-9k-100-premium-high-black\/#breadcrumb","itemListElement":[{"@type":"ListItem","position":1,"name":"AVALEHT","item":"https:\/\/bbqentertainment.com\/en\/"},{"@type":"ListItem","position":2,"name":"Tooted","item":"https:\/\/bbqentertainment.com\/tooted\/"},{"@type":"ListItem","position":3,"name":"Grillid ja ahjud","item":"https:\/\/bbqentertainment.com\/tootekategooria\/grillid-ja-ahjud\/"},{"@type":"ListItem","position":4,"name":"CARELIA GRILLID","item":"https:\/\/bbqentertainment.com\/tootekategooria\/grillid-ja-ahjud\/carelia-grillid\/"},{"@type":"ListItem","position":5,"name":"CARELIA GRILL\u00ae 9K-100 PREMIUM HIGH, BLACK"}]},{"@type":"WebSite","@id":"https:\/\/bbqentertainment.com\/#website","url":"https:\/\/bbqentertainment.com\/","name":"BBQ Entertainment","description":"BBQ is a great lifestyle, not just fun!","publisher":{"@id":"https:\/\/bbqentertainment.com\/#organization"},"potentialAction":[{"@type":"SearchAction","target":{"@type":"EntryPoint","urlTemplate":"https:\/\/bbqentertainment.com\/?s={search_term_string}"},"query-input":{"@type":"PropertyValueSpecification","valueRequired":true,"valueName":"search_term_string"}}],"inLanguage":"en-US"},{"@type":"Organization","@id":"https:\/\/bbqentertainment.com\/#organization","name":"BBQ Entertainment O\u00dc","url":"https:\/\/bbqentertainment.com\/","logo":{"@type":"ImageObject","inLanguage":"en-US","@id":"https:\/\/bbqentertainment.com\/#\/schema\/logo\/image\/","url":"https:\/\/bbqentertainment.com\/wp-content\/uploads\/2020\/04\/BBQ-Entertainment-N-Catering-Enn-Tobreluts-Logo.png","contentUrl":"https:\/\/bbqentertainment.com\/wp-content\/uploads\/2020\/04\/BBQ-Entertainment-N-Catering-Enn-Tobreluts-Logo.png","width":628,"height":266,"caption":"BBQ Entertainment O\u00dc"},"image":{"@id":"https:\/\/bbqentertainment.com\/#\/schema\/logo\/image\/"},"sameAs":["https:\/\/www.facebook.com\/BBQ-Entertainment-N-Catering-2437913376443540","https:\/\/www.instagram.com\/bbqentertainmentncatering\/","https:\/\/www.youtube.com\/channel\/UCmpuANQVhLy2Md8nrenp2jA"]}]}},"_links":{"self":[{"href":"https:\/\/bbqentertainment.com\/en\/wp-json\/wp\/v2\/product\/247583","targetHints":{"allow":["GET"]}}],"collection":[{"href":"https:\/\/bbqentertainment.com\/en\/wp-json\/wp\/v2\/product"}],"about":[{"href":"https:\/\/bbqentertainment.com\/en\/wp-json\/wp\/v2\/types\/product"}],"wp:featuredmedia":[{"embeddable":true,"href":"https:\/\/bbqentertainment.com\/en\/wp-json\/wp\/v2\/media\/247584"}],"wp:attachment":[{"href":"https:\/\/bbqentertainment.com\/en\/wp-json\/wp\/v2\/media?parent=247583"}],"wp:term":[{"taxonomy":"product_brand","embeddable":true,"href":"https:\/\/bbqentertainment.com\/en\/wp-json\/wp\/v2\/product_brand?post=247583"},{"taxonomy":"product_cat","embeddable":true,"href":"https:\/\/bbqentertainment.com\/en\/wp-json\/wp\/v2\/product_cat?post=247583"},{"taxonomy":"product_tag","embeddable":true,"href":"https:\/\/bbqentertainment.com\/en\/wp-json\/wp\/v2\/product_tag?post=247583"}],"curies":[{"name":"wp","href":"https:\/\/api.w.org\/{rel}","templated":true}]}}