{"id":247596,"date":"2024-05-03T22:37:03","date_gmt":"2024-05-03T19:37:03","guid":{"rendered":"https:\/\/bbqentertainment.com\/?post_type=product&#038;p=247596"},"modified":"2025-07-25T13:46:01","modified_gmt":"2025-07-25T10:46:01","slug":"carelia-grill-blazing-boards-2-pcs","status":"publish","type":"product","link":"https:\/\/bbqentertainment.com\/en\/toode\/carelia-grill-blazing-boards-2-pcs\/","title":{"rendered":"CARELIA GRILL\u00ae BLAZING BOARDS (2 PCS)"},"content":{"rendered":"<p><iframe loading=\"lazy\" title=\"Carelia Grill - Enjoy the lifestyle - Blazed salmon\" width=\"1020\" height=\"574\" src=\"https:\/\/www.youtube.com\/embed\/Fs-y3ylAtck?feature=oembed\" frameborder=\"0\" allow=\"accelerometer; autoplay; clipboard-write; encrypted-media; gyroscope; picture-in-picture; web-share\" referrerpolicy=\"strict-origin-when-cross-origin\" allowfullscreen><\/iframe><\/p>\n<p>&nbsp;<\/p>\n<p>Materjalid: Plaadid on valmistatud Soome kasepuust, raamid roostevabast terasest ja alus alumiiniumist.<\/p>\n<p>Komplekt sisaldab 2 leegitamisplaati tugedega.<\/p>\n","protected":false},"excerpt":{"rendered":"<h3>CARELIA GRILL\u00ae BLAZING BOARDS (2 PCS)<\/h3>\n<p>Leegitamisplaadid CARELIA GRILL\u00ae avatud tulekolletele ja v\u00e4lik\u00f6\u00f6kidele, v\u00f5imaldavad teil valmistada oma lemmikkala v\u00f5i -liha t\u00f5elise tule \u00e4\u00e4res. Erinevalt grillrestist aitab kaudse kuumuse tehnoloogia, v\u00e4ltida delikaatse kala k\u00f5rbemist ja tagab \u00fchtlase k\u00fcpsetamise. Neid plaate on lihtne kasutada ja need muudavad kokkamise kiireks ja nauditavaks!<\/p>\n<p>Carelia Grill\u00ae tooted valmistatakse P\u00f5hja-Karjalas, mida \u00fcmbritsevad tihedad metsad ja j\u00e4rsud kaljud. Tooted valmistatakse P\u00f5hja-Karjala vaimu ja uhkusega, hoides au sees traditsioone ja v\u00e4\u00e4rtusi. Meie tooted on loodud k\u00e4sitsi, austades keskkonda ja meie kliente. K\u00f5rgekvaliteetsed tooted on lihtsad kasutada ja 100% Soome p\u00e4ritolu.<\/p>\n<p>K\u00f5igil toodetel on 24 kuuline garantii.<\/p>\n<p>Materjalid: Plaadid on valmistatud Soome kasepuust, raamid roostevabast terasest ja alus alumiiniumist.<\/p>\n<p>Komplekt sisaldab 2 leegitamisplaati tugedega.<\/p>\n","protected":false},"featured_media":247597,"template":"","meta":{"inline_featured_image":false},"product_brand":[],"product_cat":[584],"product_tag":[],"class_list":{"0":"post-247596","1":"product","2":"type-product","3":"status-publish","4":"has-post-thumbnail","6":"product_cat-carelia-grillid","8":"first","9":"instock","10":"taxable","11":"shipping-taxable","12":"purchasable","13":"product-type-simple"},"yoast_head":"<!-- This site is optimized with the Yoast SEO plugin v27.4 - https:\/\/yoast.com\/product\/yoast-seo-wordpress\/ -->\n<title>CARELIA GRILL\u00ae BLAZING BOARDS (2 PCS) - BBQ Entertainment<\/title>\n<meta name=\"robots\" content=\"index, follow, max-snippet:-1, max-image-preview:large, max-video-preview:-1\" \/>\n<link rel=\"canonical\" href=\"https:\/\/bbqentertainment.com\/toode\/carelia-grill-blazing-boards-2-pcs\/\" \/>\n<meta property=\"og:locale\" content=\"en_US\" \/>\n<meta property=\"og:type\" content=\"article\" \/>\n<meta property=\"og:title\" content=\"CARELIA GRILL\u00ae BLAZING BOARDS (2 PCS) - BBQ Entertainment\" \/>\n<meta property=\"og:description\" content=\"CARELIA GRILL\u00ae BLAZING BOARDS (2 PCS) Leegitamisplaadid CARELIA GRILL\u00ae avatud tulekolletele ja v\u00e4lik\u00f6\u00f6kidele, v\u00f5imaldavad teil valmistada oma lemmikkala v\u00f5i -liha t\u00f5elise tule \u00e4\u00e4res. Erinevalt grillrestist aitab kaudse kuumuse tehnoloogia, v\u00e4ltida delikaatse kala k\u00f5rbemist ja tagab \u00fchtlase k\u00fcpsetamise. Neid plaate on lihtne kasutada ja need muudavad kokkamise kiireks ja nauditavaks!  Carelia Grill\u00ae tooted valmistatakse P\u00f5hja-Karjalas, mida \u00fcmbritsevad tihedad metsad ja j\u00e4rsud kaljud. Tooted valmistatakse P\u00f5hja-Karjala vaimu ja uhkusega, hoides au sees traditsioone ja v\u00e4\u00e4rtusi. Meie tooted on loodud k\u00e4sitsi, austades keskkonda ja meie kliente. K\u00f5rgekvaliteetsed tooted on lihtsad kasutada ja 100% Soome p\u00e4ritolu.  K\u00f5igil toodetel on 24 kuuline garantii.  Materjalid: Plaadid on valmistatud Soome kasepuust, raamid roostevabast terasest ja alus alumiiniumist.  Komplekt sisaldab 2 leegitamisplaati tugedega.\" \/>\n<meta property=\"og:url\" content=\"https:\/\/bbqentertainment.com\/toode\/carelia-grill-blazing-boards-2-pcs\/\" \/>\n<meta property=\"og:site_name\" content=\"BBQ Entertainment\" \/>\n<meta property=\"article:publisher\" content=\"https:\/\/www.facebook.com\/BBQ-Entertainment-N-Catering-2437913376443540\" \/>\n<meta property=\"article:modified_time\" content=\"2025-07-25T10:46:01+00:00\" \/>\n<meta property=\"og:image\" content=\"https:\/\/bbqentertainment.com\/wp-content\/uploads\/2024\/05\/BBQ-Entertainment-CareliaGrill_BlazingBoards-1.webp\" \/>\n\t<meta property=\"og:image:width\" content=\"2048\" \/>\n\t<meta property=\"og:image:height\" content=\"2048\" \/>\n\t<meta property=\"og:image:type\" content=\"image\/webp\" \/>\n<meta name=\"twitter:card\" content=\"summary_large_image\" \/>\n<meta name=\"twitter:label1\" content=\"Est. reading time\" \/>\n\t<meta name=\"twitter:data1\" content=\"1 minute\" \/>\n<script type=\"application\/ld+json\" class=\"yoast-schema-graph\">{\"@context\":\"https:\\\/\\\/schema.org\",\"@graph\":[{\"@type\":[\"WebPage\",\"ItemPage\"],\"@id\":\"https:\\\/\\\/bbqentertainment.com\\\/toode\\\/carelia-grill-blazing-boards-2-pcs\\\/\",\"url\":\"https:\\\/\\\/bbqentertainment.com\\\/toode\\\/carelia-grill-blazing-boards-2-pcs\\\/\",\"name\":\"CARELIA GRILL\u00ae BLAZING BOARDS (2 PCS) - BBQ Entertainment\",\"isPartOf\":{\"@id\":\"https:\\\/\\\/bbqentertainment.com\\\/#website\"},\"primaryImageOfPage\":{\"@id\":\"https:\\\/\\\/bbqentertainment.com\\\/toode\\\/carelia-grill-blazing-boards-2-pcs\\\/#primaryimage\"},\"image\":{\"@id\":\"https:\\\/\\\/bbqentertainment.com\\\/toode\\\/carelia-grill-blazing-boards-2-pcs\\\/#primaryimage\"},\"thumbnailUrl\":\"https:\\\/\\\/bbqentertainment.com\\\/wp-content\\\/uploads\\\/2024\\\/05\\\/BBQ-Entertainment-CareliaGrill_BlazingBoards-1.webp\",\"datePublished\":\"2024-05-03T19:37:03+00:00\",\"dateModified\":\"2025-07-25T10:46:01+00:00\",\"breadcrumb\":{\"@id\":\"https:\\\/\\\/bbqentertainment.com\\\/toode\\\/carelia-grill-blazing-boards-2-pcs\\\/#breadcrumb\"},\"inLanguage\":\"en-US\",\"potentialAction\":[{\"@type\":\"ReadAction\",\"target\":[\"https:\\\/\\\/bbqentertainment.com\\\/toode\\\/carelia-grill-blazing-boards-2-pcs\\\/\"]}]},{\"@type\":\"ImageObject\",\"inLanguage\":\"en-US\",\"@id\":\"https:\\\/\\\/bbqentertainment.com\\\/toode\\\/carelia-grill-blazing-boards-2-pcs\\\/#primaryimage\",\"url\":\"https:\\\/\\\/bbqentertainment.com\\\/wp-content\\\/uploads\\\/2024\\\/05\\\/BBQ-Entertainment-CareliaGrill_BlazingBoards-1.webp\",\"contentUrl\":\"https:\\\/\\\/bbqentertainment.com\\\/wp-content\\\/uploads\\\/2024\\\/05\\\/BBQ-Entertainment-CareliaGrill_BlazingBoards-1.webp\",\"width\":2048,\"height\":2048},{\"@type\":\"BreadcrumbList\",\"@id\":\"https:\\\/\\\/bbqentertainment.com\\\/toode\\\/carelia-grill-blazing-boards-2-pcs\\\/#breadcrumb\",\"itemListElement\":[{\"@type\":\"ListItem\",\"position\":1,\"name\":\"AVALEHT\",\"item\":\"https:\\\/\\\/bbqentertainment.com\\\/en\\\/\"},{\"@type\":\"ListItem\",\"position\":2,\"name\":\"Tooted\",\"item\":\"https:\\\/\\\/bbqentertainment.com\\\/tooted\\\/\"},{\"@type\":\"ListItem\",\"position\":3,\"name\":\"Grillid ja ahjud\",\"item\":\"https:\\\/\\\/bbqentertainment.com\\\/tootekategooria\\\/grillid-ja-ahjud\\\/\"},{\"@type\":\"ListItem\",\"position\":4,\"name\":\"CARELIA GRILLID\",\"item\":\"https:\\\/\\\/bbqentertainment.com\\\/tootekategooria\\\/grillid-ja-ahjud\\\/carelia-grillid\\\/\"},{\"@type\":\"ListItem\",\"position\":5,\"name\":\"CARELIA GRILL\u00ae BLAZING BOARDS (2 PCS)\"}]},{\"@type\":\"WebSite\",\"@id\":\"https:\\\/\\\/bbqentertainment.com\\\/#website\",\"url\":\"https:\\\/\\\/bbqentertainment.com\\\/\",\"name\":\"BBQ Entertainment\",\"description\":\"BBQ is a great lifestyle, not just fun!\",\"publisher\":{\"@id\":\"https:\\\/\\\/bbqentertainment.com\\\/#organization\"},\"potentialAction\":[{\"@type\":\"SearchAction\",\"target\":{\"@type\":\"EntryPoint\",\"urlTemplate\":\"https:\\\/\\\/bbqentertainment.com\\\/?s={search_term_string}\"},\"query-input\":{\"@type\":\"PropertyValueSpecification\",\"valueRequired\":true,\"valueName\":\"search_term_string\"}}],\"inLanguage\":\"en-US\"},{\"@type\":\"Organization\",\"@id\":\"https:\\\/\\\/bbqentertainment.com\\\/#organization\",\"name\":\"BBQ Entertainment O\u00dc\",\"url\":\"https:\\\/\\\/bbqentertainment.com\\\/\",\"logo\":{\"@type\":\"ImageObject\",\"inLanguage\":\"en-US\",\"@id\":\"https:\\\/\\\/bbqentertainment.com\\\/#\\\/schema\\\/logo\\\/image\\\/\",\"url\":\"https:\\\/\\\/bbqentertainment.com\\\/wp-content\\\/uploads\\\/2020\\\/04\\\/BBQ-Entertainment-N-Catering-Enn-Tobreluts-Logo.png\",\"contentUrl\":\"https:\\\/\\\/bbqentertainment.com\\\/wp-content\\\/uploads\\\/2020\\\/04\\\/BBQ-Entertainment-N-Catering-Enn-Tobreluts-Logo.png\",\"width\":628,\"height\":266,\"caption\":\"BBQ Entertainment O\u00dc\"},\"image\":{\"@id\":\"https:\\\/\\\/bbqentertainment.com\\\/#\\\/schema\\\/logo\\\/image\\\/\"},\"sameAs\":[\"https:\\\/\\\/www.facebook.com\\\/BBQ-Entertainment-N-Catering-2437913376443540\",\"https:\\\/\\\/www.instagram.com\\\/bbqentertainmentncatering\\\/\",\"https:\\\/\\\/www.youtube.com\\\/channel\\\/UCmpuANQVhLy2Md8nrenp2jA\"]}]}<\/script>\n<!-- \/ Yoast SEO plugin. -->","yoast_head_json":{"title":"CARELIA GRILL\u00ae BLAZING BOARDS (2 PCS) - BBQ Entertainment","robots":{"index":"index","follow":"follow","max-snippet":"max-snippet:-1","max-image-preview":"max-image-preview:large","max-video-preview":"max-video-preview:-1"},"canonical":"https:\/\/bbqentertainment.com\/toode\/carelia-grill-blazing-boards-2-pcs\/","og_locale":"en_US","og_type":"article","og_title":"CARELIA GRILL\u00ae BLAZING BOARDS (2 PCS) - BBQ Entertainment","og_description":"CARELIA GRILL\u00ae BLAZING BOARDS (2 PCS) Leegitamisplaadid CARELIA GRILL\u00ae avatud tulekolletele ja v\u00e4lik\u00f6\u00f6kidele, v\u00f5imaldavad teil valmistada oma lemmikkala v\u00f5i -liha t\u00f5elise tule \u00e4\u00e4res. Erinevalt grillrestist aitab kaudse kuumuse tehnoloogia, v\u00e4ltida delikaatse kala k\u00f5rbemist ja tagab \u00fchtlase k\u00fcpsetamise. Neid plaate on lihtne kasutada ja need muudavad kokkamise kiireks ja nauditavaks!  Carelia Grill\u00ae tooted valmistatakse P\u00f5hja-Karjalas, mida \u00fcmbritsevad tihedad metsad ja j\u00e4rsud kaljud. Tooted valmistatakse P\u00f5hja-Karjala vaimu ja uhkusega, hoides au sees traditsioone ja v\u00e4\u00e4rtusi. Meie tooted on loodud k\u00e4sitsi, austades keskkonda ja meie kliente. K\u00f5rgekvaliteetsed tooted on lihtsad kasutada ja 100% Soome p\u00e4ritolu.  K\u00f5igil toodetel on 24 kuuline garantii.  Materjalid: Plaadid on valmistatud Soome kasepuust, raamid roostevabast terasest ja alus alumiiniumist.  Komplekt sisaldab 2 leegitamisplaati tugedega.","og_url":"https:\/\/bbqentertainment.com\/toode\/carelia-grill-blazing-boards-2-pcs\/","og_site_name":"BBQ Entertainment","article_publisher":"https:\/\/www.facebook.com\/BBQ-Entertainment-N-Catering-2437913376443540","article_modified_time":"2025-07-25T10:46:01+00:00","og_image":[{"width":2048,"height":2048,"url":"https:\/\/bbqentertainment.com\/wp-content\/uploads\/2024\/05\/BBQ-Entertainment-CareliaGrill_BlazingBoards-1.webp","type":"image\/webp"}],"twitter_card":"summary_large_image","twitter_misc":{"Est. reading time":"1 minute"},"schema":{"@context":"https:\/\/schema.org","@graph":[{"@type":["WebPage","ItemPage"],"@id":"https:\/\/bbqentertainment.com\/toode\/carelia-grill-blazing-boards-2-pcs\/","url":"https:\/\/bbqentertainment.com\/toode\/carelia-grill-blazing-boards-2-pcs\/","name":"CARELIA GRILL\u00ae BLAZING BOARDS (2 PCS) - BBQ Entertainment","isPartOf":{"@id":"https:\/\/bbqentertainment.com\/#website"},"primaryImageOfPage":{"@id":"https:\/\/bbqentertainment.com\/toode\/carelia-grill-blazing-boards-2-pcs\/#primaryimage"},"image":{"@id":"https:\/\/bbqentertainment.com\/toode\/carelia-grill-blazing-boards-2-pcs\/#primaryimage"},"thumbnailUrl":"https:\/\/bbqentertainment.com\/wp-content\/uploads\/2024\/05\/BBQ-Entertainment-CareliaGrill_BlazingBoards-1.webp","datePublished":"2024-05-03T19:37:03+00:00","dateModified":"2025-07-25T10:46:01+00:00","breadcrumb":{"@id":"https:\/\/bbqentertainment.com\/toode\/carelia-grill-blazing-boards-2-pcs\/#breadcrumb"},"inLanguage":"en-US","potentialAction":[{"@type":"ReadAction","target":["https:\/\/bbqentertainment.com\/toode\/carelia-grill-blazing-boards-2-pcs\/"]}]},{"@type":"ImageObject","inLanguage":"en-US","@id":"https:\/\/bbqentertainment.com\/toode\/carelia-grill-blazing-boards-2-pcs\/#primaryimage","url":"https:\/\/bbqentertainment.com\/wp-content\/uploads\/2024\/05\/BBQ-Entertainment-CareliaGrill_BlazingBoards-1.webp","contentUrl":"https:\/\/bbqentertainment.com\/wp-content\/uploads\/2024\/05\/BBQ-Entertainment-CareliaGrill_BlazingBoards-1.webp","width":2048,"height":2048},{"@type":"BreadcrumbList","@id":"https:\/\/bbqentertainment.com\/toode\/carelia-grill-blazing-boards-2-pcs\/#breadcrumb","itemListElement":[{"@type":"ListItem","position":1,"name":"AVALEHT","item":"https:\/\/bbqentertainment.com\/en\/"},{"@type":"ListItem","position":2,"name":"Tooted","item":"https:\/\/bbqentertainment.com\/tooted\/"},{"@type":"ListItem","position":3,"name":"Grillid ja ahjud","item":"https:\/\/bbqentertainment.com\/tootekategooria\/grillid-ja-ahjud\/"},{"@type":"ListItem","position":4,"name":"CARELIA GRILLID","item":"https:\/\/bbqentertainment.com\/tootekategooria\/grillid-ja-ahjud\/carelia-grillid\/"},{"@type":"ListItem","position":5,"name":"CARELIA GRILL\u00ae BLAZING BOARDS (2 PCS)"}]},{"@type":"WebSite","@id":"https:\/\/bbqentertainment.com\/#website","url":"https:\/\/bbqentertainment.com\/","name":"BBQ Entertainment","description":"BBQ is a great lifestyle, not just fun!","publisher":{"@id":"https:\/\/bbqentertainment.com\/#organization"},"potentialAction":[{"@type":"SearchAction","target":{"@type":"EntryPoint","urlTemplate":"https:\/\/bbqentertainment.com\/?s={search_term_string}"},"query-input":{"@type":"PropertyValueSpecification","valueRequired":true,"valueName":"search_term_string"}}],"inLanguage":"en-US"},{"@type":"Organization","@id":"https:\/\/bbqentertainment.com\/#organization","name":"BBQ Entertainment O\u00dc","url":"https:\/\/bbqentertainment.com\/","logo":{"@type":"ImageObject","inLanguage":"en-US","@id":"https:\/\/bbqentertainment.com\/#\/schema\/logo\/image\/","url":"https:\/\/bbqentertainment.com\/wp-content\/uploads\/2020\/04\/BBQ-Entertainment-N-Catering-Enn-Tobreluts-Logo.png","contentUrl":"https:\/\/bbqentertainment.com\/wp-content\/uploads\/2020\/04\/BBQ-Entertainment-N-Catering-Enn-Tobreluts-Logo.png","width":628,"height":266,"caption":"BBQ Entertainment O\u00dc"},"image":{"@id":"https:\/\/bbqentertainment.com\/#\/schema\/logo\/image\/"},"sameAs":["https:\/\/www.facebook.com\/BBQ-Entertainment-N-Catering-2437913376443540","https:\/\/www.instagram.com\/bbqentertainmentncatering\/","https:\/\/www.youtube.com\/channel\/UCmpuANQVhLy2Md8nrenp2jA"]}]}},"_links":{"self":[{"href":"https:\/\/bbqentertainment.com\/en\/wp-json\/wp\/v2\/product\/247596","targetHints":{"allow":["GET"]}}],"collection":[{"href":"https:\/\/bbqentertainment.com\/en\/wp-json\/wp\/v2\/product"}],"about":[{"href":"https:\/\/bbqentertainment.com\/en\/wp-json\/wp\/v2\/types\/product"}],"wp:featuredmedia":[{"embeddable":true,"href":"https:\/\/bbqentertainment.com\/en\/wp-json\/wp\/v2\/media\/247597"}],"wp:attachment":[{"href":"https:\/\/bbqentertainment.com\/en\/wp-json\/wp\/v2\/media?parent=247596"}],"wp:term":[{"taxonomy":"product_brand","embeddable":true,"href":"https:\/\/bbqentertainment.com\/en\/wp-json\/wp\/v2\/product_brand?post=247596"},{"taxonomy":"product_cat","embeddable":true,"href":"https:\/\/bbqentertainment.com\/en\/wp-json\/wp\/v2\/product_cat?post=247596"},{"taxonomy":"product_tag","embeddable":true,"href":"https:\/\/bbqentertainment.com\/en\/wp-json\/wp\/v2\/product_tag?post=247596"}],"curies":[{"name":"wp","href":"https:\/\/api.w.org\/{rel}","templated":true}]}}