{"id":247606,"date":"2024-05-03T22:43:59","date_gmt":"2024-05-03T19:43:59","guid":{"rendered":"https:\/\/bbqentertainment.com\/?post_type=product&#038;p=247606"},"modified":"2025-07-25T13:45:26","modified_gmt":"2025-07-25T10:45:26","slug":"carelia-grill-large-flat-skewers-3-pcs","status":"publish","type":"product","link":"https:\/\/bbqentertainment.com\/en\/toode\/carelia-grill-large-flat-skewers-3-pcs\/","title":{"rendered":"CARELIA GRILL\u00ae SUURED\/LAIAD GRILLVARDAD (3 tk komplektis)"},"content":{"rendered":"","protected":false},"excerpt":{"rendered":"<h3><strong>CARELIA GRILL\u00ae SUURED\/LAIAD GRILLVARDAD (3 tk komplektis)<\/strong><\/h3>\n<p>Kui on vaja k\u00e4sitleda erinevaid proteiiniliike, pakuvad need pikad lapikud vardad muljetavaldavat lahendust. Roostevabast terasest vardad takistavad toidu p\u00f6\u00f6rlemist varda \u00fcmber, v\u00f5imaldades lihal k\u00fcpseda ka seestpoolt, nii et see ei j\u00e4\u00e4 tooreks.<\/p>\n<p>Praktilised ja kaasaskantavad vardad grillimiseks. Kuumakindel materjal hoiab liha saastumise eest, muutes selle kasutamise h\u00fcgieeniliseks.<\/p>\n<p>2-aastane garantii<\/p>\n<p>Materjal: roostevaba teras<br \/>\n\u00dches komplektis on 3 suurt lapikut varrast.<\/p>\n","protected":false},"featured_media":252794,"template":"","meta":{"inline_featured_image":false},"product_brand":[],"product_cat":[584,92,479],"product_tag":[],"class_list":{"0":"post-247606","1":"product","2":"type-product","3":"status-publish","4":"has-post-thumbnail","6":"product_cat-carelia-grillid","7":"product_cat-lisatarvikud","8":"product_cat-grillitarvikud","10":"first","11":"instock","12":"taxable","13":"shipping-taxable","14":"purchasable","15":"product-type-simple"},"yoast_head":"<!-- This site is optimized with the Yoast SEO plugin v27.4 - https:\/\/yoast.com\/product\/yoast-seo-wordpress\/ -->\n<title>CARELIA GRILL\u00ae SUURED\/LAIAD GRILLVARDAD (3 tk komplektis) - BBQ Entertainment<\/title>\n<meta name=\"robots\" content=\"index, follow, max-snippet:-1, max-image-preview:large, max-video-preview:-1\" \/>\n<link rel=\"canonical\" href=\"https:\/\/bbqentertainment.com\/toode\/carelia-grill-large-flat-skewers-3-pcs\/\" \/>\n<meta property=\"og:locale\" content=\"en_US\" \/>\n<meta property=\"og:type\" content=\"article\" \/>\n<meta property=\"og:title\" content=\"CARELIA GRILL\u00ae SUURED\/LAIAD GRILLVARDAD (3 tk komplektis) - BBQ Entertainment\" \/>\n<meta property=\"og:description\" content=\"CARELIA GRILL\u00ae SUURED\/LAIAD GRILLVARDAD (3 tk komplektis) Kui on vaja k\u00e4sitleda erinevaid proteiiniliike, pakuvad need pikad lapikud vardad muljetavaldavat lahendust. Roostevabast terasest vardad takistavad toidu p\u00f6\u00f6rlemist varda \u00fcmber, v\u00f5imaldades lihal k\u00fcpseda ka seestpoolt, nii et see ei j\u00e4\u00e4 tooreks.  Praktilised ja kaasaskantavad vardad grillimiseks. Kuumakindel materjal hoiab liha saastumise eest, muutes selle kasutamise h\u00fcgieeniliseks.  2-aastane garantii  Materjal: roostevaba teras \u00dches komplektis on 3 suurt lapikut varrast.\" \/>\n<meta property=\"og:url\" content=\"https:\/\/bbqentertainment.com\/toode\/carelia-grill-large-flat-skewers-3-pcs\/\" \/>\n<meta property=\"og:site_name\" content=\"BBQ Entertainment\" \/>\n<meta property=\"article:publisher\" content=\"https:\/\/www.facebook.com\/BBQ-Entertainment-N-Catering-2437913376443540\" \/>\n<meta property=\"article:modified_time\" content=\"2025-07-25T10:45:26+00:00\" \/>\n<meta property=\"og:image\" content=\"https:\/\/bbqentertainment.com\/wp-content\/uploads\/2024\/05\/CARELIA-GRILL\u00ae-SUURED-LAIAD-GRILLVARDAD-LARGE-FLAT-SKEWERS-3-tk-komplektis-4082-2.jpg\" \/>\n\t<meta property=\"og:image:width\" content=\"1200\" \/>\n\t<meta property=\"og:image:height\" content=\"1200\" \/>\n\t<meta property=\"og:image:type\" content=\"image\/jpeg\" \/>\n<meta name=\"twitter:card\" content=\"summary_large_image\" \/>\n<meta name=\"twitter:label1\" content=\"Est. reading time\" \/>\n\t<meta name=\"twitter:data1\" content=\"1 minute\" \/>\n<script type=\"application\/ld+json\" class=\"yoast-schema-graph\">{\"@context\":\"https:\\\/\\\/schema.org\",\"@graph\":[{\"@type\":[\"WebPage\",\"ItemPage\"],\"@id\":\"https:\\\/\\\/bbqentertainment.com\\\/toode\\\/carelia-grill-large-flat-skewers-3-pcs\\\/\",\"url\":\"https:\\\/\\\/bbqentertainment.com\\\/toode\\\/carelia-grill-large-flat-skewers-3-pcs\\\/\",\"name\":\"CARELIA GRILL\u00ae SUURED\\\/LAIAD GRILLVARDAD (3 tk komplektis) - BBQ Entertainment\",\"isPartOf\":{\"@id\":\"https:\\\/\\\/bbqentertainment.com\\\/#website\"},\"primaryImageOfPage\":{\"@id\":\"https:\\\/\\\/bbqentertainment.com\\\/toode\\\/carelia-grill-large-flat-skewers-3-pcs\\\/#primaryimage\"},\"image\":{\"@id\":\"https:\\\/\\\/bbqentertainment.com\\\/toode\\\/carelia-grill-large-flat-skewers-3-pcs\\\/#primaryimage\"},\"thumbnailUrl\":\"https:\\\/\\\/bbqentertainment.com\\\/wp-content\\\/uploads\\\/2024\\\/05\\\/CARELIA-GRILL\u00ae-SUURED-LAIAD-GRILLVARDAD-LARGE-FLAT-SKEWERS-3-tk-komplektis-4082-2.jpg\",\"datePublished\":\"2024-05-03T19:43:59+00:00\",\"dateModified\":\"2025-07-25T10:45:26+00:00\",\"breadcrumb\":{\"@id\":\"https:\\\/\\\/bbqentertainment.com\\\/toode\\\/carelia-grill-large-flat-skewers-3-pcs\\\/#breadcrumb\"},\"inLanguage\":\"en-US\",\"potentialAction\":[{\"@type\":\"ReadAction\",\"target\":[\"https:\\\/\\\/bbqentertainment.com\\\/toode\\\/carelia-grill-large-flat-skewers-3-pcs\\\/\"]}]},{\"@type\":\"ImageObject\",\"inLanguage\":\"en-US\",\"@id\":\"https:\\\/\\\/bbqentertainment.com\\\/toode\\\/carelia-grill-large-flat-skewers-3-pcs\\\/#primaryimage\",\"url\":\"https:\\\/\\\/bbqentertainment.com\\\/wp-content\\\/uploads\\\/2024\\\/05\\\/CARELIA-GRILL\u00ae-SUURED-LAIAD-GRILLVARDAD-LARGE-FLAT-SKEWERS-3-tk-komplektis-4082-2.jpg\",\"contentUrl\":\"https:\\\/\\\/bbqentertainment.com\\\/wp-content\\\/uploads\\\/2024\\\/05\\\/CARELIA-GRILL\u00ae-SUURED-LAIAD-GRILLVARDAD-LARGE-FLAT-SKEWERS-3-tk-komplektis-4082-2.jpg\",\"width\":1200,\"height\":1200},{\"@type\":\"BreadcrumbList\",\"@id\":\"https:\\\/\\\/bbqentertainment.com\\\/toode\\\/carelia-grill-large-flat-skewers-3-pcs\\\/#breadcrumb\",\"itemListElement\":[{\"@type\":\"ListItem\",\"position\":1,\"name\":\"AVALEHT\",\"item\":\"https:\\\/\\\/bbqentertainment.com\\\/en\\\/\"},{\"@type\":\"ListItem\",\"position\":2,\"name\":\"Tooted\",\"item\":\"https:\\\/\\\/bbqentertainment.com\\\/tooted\\\/\"},{\"@type\":\"ListItem\",\"position\":3,\"name\":\"Grillid ja ahjud\",\"item\":\"https:\\\/\\\/bbqentertainment.com\\\/tootekategooria\\\/grillid-ja-ahjud\\\/\"},{\"@type\":\"ListItem\",\"position\":4,\"name\":\"CARELIA GRILLID\",\"item\":\"https:\\\/\\\/bbqentertainment.com\\\/tootekategooria\\\/grillid-ja-ahjud\\\/carelia-grillid\\\/\"},{\"@type\":\"ListItem\",\"position\":5,\"name\":\"CARELIA GRILL\u00ae SUURED\\\/LAIAD GRILLVARDAD (3 tk komplektis)\"}]},{\"@type\":\"WebSite\",\"@id\":\"https:\\\/\\\/bbqentertainment.com\\\/#website\",\"url\":\"https:\\\/\\\/bbqentertainment.com\\\/\",\"name\":\"BBQ Entertainment\",\"description\":\"BBQ is a great lifestyle, not just fun!\",\"publisher\":{\"@id\":\"https:\\\/\\\/bbqentertainment.com\\\/#organization\"},\"potentialAction\":[{\"@type\":\"SearchAction\",\"target\":{\"@type\":\"EntryPoint\",\"urlTemplate\":\"https:\\\/\\\/bbqentertainment.com\\\/?s={search_term_string}\"},\"query-input\":{\"@type\":\"PropertyValueSpecification\",\"valueRequired\":true,\"valueName\":\"search_term_string\"}}],\"inLanguage\":\"en-US\"},{\"@type\":\"Organization\",\"@id\":\"https:\\\/\\\/bbqentertainment.com\\\/#organization\",\"name\":\"BBQ Entertainment O\u00dc\",\"url\":\"https:\\\/\\\/bbqentertainment.com\\\/\",\"logo\":{\"@type\":\"ImageObject\",\"inLanguage\":\"en-US\",\"@id\":\"https:\\\/\\\/bbqentertainment.com\\\/#\\\/schema\\\/logo\\\/image\\\/\",\"url\":\"https:\\\/\\\/bbqentertainment.com\\\/wp-content\\\/uploads\\\/2020\\\/04\\\/BBQ-Entertainment-N-Catering-Enn-Tobreluts-Logo.png\",\"contentUrl\":\"https:\\\/\\\/bbqentertainment.com\\\/wp-content\\\/uploads\\\/2020\\\/04\\\/BBQ-Entertainment-N-Catering-Enn-Tobreluts-Logo.png\",\"width\":628,\"height\":266,\"caption\":\"BBQ Entertainment O\u00dc\"},\"image\":{\"@id\":\"https:\\\/\\\/bbqentertainment.com\\\/#\\\/schema\\\/logo\\\/image\\\/\"},\"sameAs\":[\"https:\\\/\\\/www.facebook.com\\\/BBQ-Entertainment-N-Catering-2437913376443540\",\"https:\\\/\\\/www.instagram.com\\\/bbqentertainmentncatering\\\/\",\"https:\\\/\\\/www.youtube.com\\\/channel\\\/UCmpuANQVhLy2Md8nrenp2jA\"]}]}<\/script>\n<!-- \/ Yoast SEO plugin. -->","yoast_head_json":{"title":"CARELIA GRILL\u00ae SUURED\/LAIAD GRILLVARDAD (3 tk komplektis) - BBQ Entertainment","robots":{"index":"index","follow":"follow","max-snippet":"max-snippet:-1","max-image-preview":"max-image-preview:large","max-video-preview":"max-video-preview:-1"},"canonical":"https:\/\/bbqentertainment.com\/toode\/carelia-grill-large-flat-skewers-3-pcs\/","og_locale":"en_US","og_type":"article","og_title":"CARELIA GRILL\u00ae SUURED\/LAIAD GRILLVARDAD (3 tk komplektis) - BBQ Entertainment","og_description":"CARELIA GRILL\u00ae SUURED\/LAIAD GRILLVARDAD (3 tk komplektis) Kui on vaja k\u00e4sitleda erinevaid proteiiniliike, pakuvad need pikad lapikud vardad muljetavaldavat lahendust. Roostevabast terasest vardad takistavad toidu p\u00f6\u00f6rlemist varda \u00fcmber, v\u00f5imaldades lihal k\u00fcpseda ka seestpoolt, nii et see ei j\u00e4\u00e4 tooreks.  Praktilised ja kaasaskantavad vardad grillimiseks. Kuumakindel materjal hoiab liha saastumise eest, muutes selle kasutamise h\u00fcgieeniliseks.  2-aastane garantii  Materjal: roostevaba teras \u00dches komplektis on 3 suurt lapikut varrast.","og_url":"https:\/\/bbqentertainment.com\/toode\/carelia-grill-large-flat-skewers-3-pcs\/","og_site_name":"BBQ Entertainment","article_publisher":"https:\/\/www.facebook.com\/BBQ-Entertainment-N-Catering-2437913376443540","article_modified_time":"2025-07-25T10:45:26+00:00","og_image":[{"width":1200,"height":1200,"url":"https:\/\/bbqentertainment.com\/wp-content\/uploads\/2024\/05\/CARELIA-GRILL\u00ae-SUURED-LAIAD-GRILLVARDAD-LARGE-FLAT-SKEWERS-3-tk-komplektis-4082-2.jpg","type":"image\/jpeg"}],"twitter_card":"summary_large_image","twitter_misc":{"Est. reading time":"1 minute"},"schema":{"@context":"https:\/\/schema.org","@graph":[{"@type":["WebPage","ItemPage"],"@id":"https:\/\/bbqentertainment.com\/toode\/carelia-grill-large-flat-skewers-3-pcs\/","url":"https:\/\/bbqentertainment.com\/toode\/carelia-grill-large-flat-skewers-3-pcs\/","name":"CARELIA GRILL\u00ae SUURED\/LAIAD GRILLVARDAD (3 tk komplektis) - BBQ Entertainment","isPartOf":{"@id":"https:\/\/bbqentertainment.com\/#website"},"primaryImageOfPage":{"@id":"https:\/\/bbqentertainment.com\/toode\/carelia-grill-large-flat-skewers-3-pcs\/#primaryimage"},"image":{"@id":"https:\/\/bbqentertainment.com\/toode\/carelia-grill-large-flat-skewers-3-pcs\/#primaryimage"},"thumbnailUrl":"https:\/\/bbqentertainment.com\/wp-content\/uploads\/2024\/05\/CARELIA-GRILL\u00ae-SUURED-LAIAD-GRILLVARDAD-LARGE-FLAT-SKEWERS-3-tk-komplektis-4082-2.jpg","datePublished":"2024-05-03T19:43:59+00:00","dateModified":"2025-07-25T10:45:26+00:00","breadcrumb":{"@id":"https:\/\/bbqentertainment.com\/toode\/carelia-grill-large-flat-skewers-3-pcs\/#breadcrumb"},"inLanguage":"en-US","potentialAction":[{"@type":"ReadAction","target":["https:\/\/bbqentertainment.com\/toode\/carelia-grill-large-flat-skewers-3-pcs\/"]}]},{"@type":"ImageObject","inLanguage":"en-US","@id":"https:\/\/bbqentertainment.com\/toode\/carelia-grill-large-flat-skewers-3-pcs\/#primaryimage","url":"https:\/\/bbqentertainment.com\/wp-content\/uploads\/2024\/05\/CARELIA-GRILL\u00ae-SUURED-LAIAD-GRILLVARDAD-LARGE-FLAT-SKEWERS-3-tk-komplektis-4082-2.jpg","contentUrl":"https:\/\/bbqentertainment.com\/wp-content\/uploads\/2024\/05\/CARELIA-GRILL\u00ae-SUURED-LAIAD-GRILLVARDAD-LARGE-FLAT-SKEWERS-3-tk-komplektis-4082-2.jpg","width":1200,"height":1200},{"@type":"BreadcrumbList","@id":"https:\/\/bbqentertainment.com\/toode\/carelia-grill-large-flat-skewers-3-pcs\/#breadcrumb","itemListElement":[{"@type":"ListItem","position":1,"name":"AVALEHT","item":"https:\/\/bbqentertainment.com\/en\/"},{"@type":"ListItem","position":2,"name":"Tooted","item":"https:\/\/bbqentertainment.com\/tooted\/"},{"@type":"ListItem","position":3,"name":"Grillid ja ahjud","item":"https:\/\/bbqentertainment.com\/tootekategooria\/grillid-ja-ahjud\/"},{"@type":"ListItem","position":4,"name":"CARELIA GRILLID","item":"https:\/\/bbqentertainment.com\/tootekategooria\/grillid-ja-ahjud\/carelia-grillid\/"},{"@type":"ListItem","position":5,"name":"CARELIA GRILL\u00ae SUURED\/LAIAD GRILLVARDAD (3 tk komplektis)"}]},{"@type":"WebSite","@id":"https:\/\/bbqentertainment.com\/#website","url":"https:\/\/bbqentertainment.com\/","name":"BBQ Entertainment","description":"BBQ is a great lifestyle, not just fun!","publisher":{"@id":"https:\/\/bbqentertainment.com\/#organization"},"potentialAction":[{"@type":"SearchAction","target":{"@type":"EntryPoint","urlTemplate":"https:\/\/bbqentertainment.com\/?s={search_term_string}"},"query-input":{"@type":"PropertyValueSpecification","valueRequired":true,"valueName":"search_term_string"}}],"inLanguage":"en-US"},{"@type":"Organization","@id":"https:\/\/bbqentertainment.com\/#organization","name":"BBQ Entertainment O\u00dc","url":"https:\/\/bbqentertainment.com\/","logo":{"@type":"ImageObject","inLanguage":"en-US","@id":"https:\/\/bbqentertainment.com\/#\/schema\/logo\/image\/","url":"https:\/\/bbqentertainment.com\/wp-content\/uploads\/2020\/04\/BBQ-Entertainment-N-Catering-Enn-Tobreluts-Logo.png","contentUrl":"https:\/\/bbqentertainment.com\/wp-content\/uploads\/2020\/04\/BBQ-Entertainment-N-Catering-Enn-Tobreluts-Logo.png","width":628,"height":266,"caption":"BBQ Entertainment O\u00dc"},"image":{"@id":"https:\/\/bbqentertainment.com\/#\/schema\/logo\/image\/"},"sameAs":["https:\/\/www.facebook.com\/BBQ-Entertainment-N-Catering-2437913376443540","https:\/\/www.instagram.com\/bbqentertainmentncatering\/","https:\/\/www.youtube.com\/channel\/UCmpuANQVhLy2Md8nrenp2jA"]}]}},"_links":{"self":[{"href":"https:\/\/bbqentertainment.com\/en\/wp-json\/wp\/v2\/product\/247606","targetHints":{"allow":["GET"]}}],"collection":[{"href":"https:\/\/bbqentertainment.com\/en\/wp-json\/wp\/v2\/product"}],"about":[{"href":"https:\/\/bbqentertainment.com\/en\/wp-json\/wp\/v2\/types\/product"}],"wp:featuredmedia":[{"embeddable":true,"href":"https:\/\/bbqentertainment.com\/en\/wp-json\/wp\/v2\/media\/252794"}],"wp:attachment":[{"href":"https:\/\/bbqentertainment.com\/en\/wp-json\/wp\/v2\/media?parent=247606"}],"wp:term":[{"taxonomy":"product_brand","embeddable":true,"href":"https:\/\/bbqentertainment.com\/en\/wp-json\/wp\/v2\/product_brand?post=247606"},{"taxonomy":"product_cat","embeddable":true,"href":"https:\/\/bbqentertainment.com\/en\/wp-json\/wp\/v2\/product_cat?post=247606"},{"taxonomy":"product_tag","embeddable":true,"href":"https:\/\/bbqentertainment.com\/en\/wp-json\/wp\/v2\/product_tag?post=247606"}],"curies":[{"name":"wp","href":"https:\/\/api.w.org\/{rel}","templated":true}]}}