{"id":247609,"date":"2024-05-03T22:47:53","date_gmt":"2024-05-03T19:47:53","guid":{"rendered":"https:\/\/bbqentertainment.com\/?post_type=product&#038;p=247609"},"modified":"2025-07-25T13:46:06","modified_gmt":"2025-07-25T10:46:06","slug":"carelia-grill-large-flat-skewers-3-pcs-2","status":"publish","type":"product","link":"https:\/\/bbqentertainment.com\/en\/toode\/carelia-grill-large-flat-skewers-3-pcs-2\/","title":{"rendered":"CARELIA GRILL\u00ae 9K-100 SIDE TABLE"},"content":{"rendered":"<p>Materjal:<br \/>\n20 mm paksune t\u00f6\u00f6tlemata m\u00e4nnipuit<\/p>\n<p>1 t\u00fcki komplekt:<\/p>\n<ul>\n<li>t\u00f6\u00f6tlemata liimpuidust m\u00e4nnipuidust laud<\/li>\n<li>2 roostevabast terasest tuge<\/li>\n<\/ul>\n<p>4 t\u00fcki komplekt:<\/p>\n<ul>\n<li>4 t\u00f6\u00f6tlemata liimpuidust m\u00e4nnipuidust lauda<\/li>\n<li>8 roostevabast terasest tuge<\/li>\n<\/ul>\n","protected":false},"excerpt":{"rendered":"<h3>CARELIA GRILL\u00ae LARGE FLAT SKEWERS (3 pcs)<\/h3>\n<p>Kui k\u00f5ik on k\u00e4eulatuses, v\u00f5ite unustada lisasagimise kokkamise ajal ja keskenduda olulisele. See praktiline k\u00fclglauake on loodud selleks, et teid selles aidata! Lihtne kinnitada\/eraldada<a href=\"https:\/\/bbqentertainment.com\/toode\/carelia-grill-9k-100-premium-high-black\/\"> 9K-100 grilli \u00fcmberm\u00f5\u00f5dul.<\/a><\/p>\n<p>Iga 9K-100 seeria grill v\u00f5ib mahutada maksimaalselt 4 k\u00fclglauakest. Lauad on valmistatud t\u00f6\u00f6tlemata puidust, seega soovitame tungivalt enne kasutamist neid katta mittetoksilise puidulakiga.<\/p>\n<p>K\u00f5igil meie toodetel on 2-aastane garantii.<\/p>\n<p>&nbsp;<\/p>\n","protected":false},"featured_media":247610,"template":"","meta":{"inline_featured_image":false},"product_brand":[],"product_cat":[584],"product_tag":[],"class_list":{"0":"post-247609","1":"product","2":"type-product","3":"status-publish","4":"has-post-thumbnail","6":"product_cat-carelia-grillid","8":"first","9":"instock","10":"taxable","11":"shipping-taxable","12":"purchasable","13":"product-type-simple"},"yoast_head":"<!-- This site is optimized with the Yoast SEO plugin v27.4 - https:\/\/yoast.com\/product\/yoast-seo-wordpress\/ -->\n<title>CARELIA GRILL\u00ae 9K-100 SIDE TABLE - BBQ Entertainment<\/title>\n<meta name=\"robots\" content=\"index, follow, max-snippet:-1, max-image-preview:large, max-video-preview:-1\" \/>\n<link rel=\"canonical\" href=\"https:\/\/bbqentertainment.com\/toode\/carelia-grill-large-flat-skewers-3-pcs-2\/\" \/>\n<meta property=\"og:locale\" content=\"en_US\" \/>\n<meta property=\"og:type\" content=\"article\" \/>\n<meta property=\"og:title\" content=\"CARELIA GRILL\u00ae 9K-100 SIDE TABLE - BBQ Entertainment\" \/>\n<meta property=\"og:description\" content=\"CARELIA GRILL\u00ae LARGE FLAT SKEWERS (3 pcs) Kui k\u00f5ik on k\u00e4eulatuses, v\u00f5ite unustada lisasagimise kokkamise ajal ja keskenduda olulisele. See praktiline k\u00fclglauake on loodud selleks, et teid selles aidata! Lihtne kinnitada\/eraldada 9K-100 grilli \u00fcmberm\u00f5\u00f5dul.  Iga 9K-100 seeria grill v\u00f5ib mahutada maksimaalselt 4 k\u00fclglauakest. Lauad on valmistatud t\u00f6\u00f6tlemata puidust, seega soovitame tungivalt enne kasutamist neid katta mittetoksilise puidulakiga.  K\u00f5igil meie toodetel on 2-aastane garantii.  &nbsp;\" \/>\n<meta property=\"og:url\" content=\"https:\/\/bbqentertainment.com\/toode\/carelia-grill-large-flat-skewers-3-pcs-2\/\" \/>\n<meta property=\"og:site_name\" content=\"BBQ Entertainment\" \/>\n<meta property=\"article:publisher\" content=\"https:\/\/www.facebook.com\/BBQ-Entertainment-N-Catering-2437913376443540\" \/>\n<meta property=\"article:modified_time\" content=\"2025-07-25T10:46:06+00:00\" \/>\n<meta property=\"og:image\" content=\"https:\/\/bbqentertainment.com\/wp-content\/uploads\/2024\/05\/BBQ-Entertainment-CARELIA-GRILL-LARGE-FLAT-SKEWERS.webp\" \/>\n\t<meta property=\"og:image:width\" content=\"2048\" \/>\n\t<meta property=\"og:image:height\" content=\"2048\" \/>\n\t<meta property=\"og:image:type\" content=\"image\/webp\" \/>\n<meta name=\"twitter:card\" content=\"summary_large_image\" \/>\n<meta name=\"twitter:label1\" content=\"Est. reading time\" \/>\n\t<meta name=\"twitter:data1\" content=\"1 minute\" \/>\n<script type=\"application\/ld+json\" class=\"yoast-schema-graph\">{\"@context\":\"https:\\\/\\\/schema.org\",\"@graph\":[{\"@type\":[\"WebPage\",\"ItemPage\"],\"@id\":\"https:\\\/\\\/bbqentertainment.com\\\/toode\\\/carelia-grill-large-flat-skewers-3-pcs-2\\\/\",\"url\":\"https:\\\/\\\/bbqentertainment.com\\\/toode\\\/carelia-grill-large-flat-skewers-3-pcs-2\\\/\",\"name\":\"CARELIA GRILL\u00ae 9K-100 SIDE TABLE - BBQ Entertainment\",\"isPartOf\":{\"@id\":\"https:\\\/\\\/bbqentertainment.com\\\/#website\"},\"primaryImageOfPage\":{\"@id\":\"https:\\\/\\\/bbqentertainment.com\\\/toode\\\/carelia-grill-large-flat-skewers-3-pcs-2\\\/#primaryimage\"},\"image\":{\"@id\":\"https:\\\/\\\/bbqentertainment.com\\\/toode\\\/carelia-grill-large-flat-skewers-3-pcs-2\\\/#primaryimage\"},\"thumbnailUrl\":\"https:\\\/\\\/bbqentertainment.com\\\/wp-content\\\/uploads\\\/2024\\\/05\\\/BBQ-Entertainment-CARELIA-GRILL-LARGE-FLAT-SKEWERS.webp\",\"datePublished\":\"2024-05-03T19:47:53+00:00\",\"dateModified\":\"2025-07-25T10:46:06+00:00\",\"breadcrumb\":{\"@id\":\"https:\\\/\\\/bbqentertainment.com\\\/toode\\\/carelia-grill-large-flat-skewers-3-pcs-2\\\/#breadcrumb\"},\"inLanguage\":\"en-US\",\"potentialAction\":[{\"@type\":\"ReadAction\",\"target\":[\"https:\\\/\\\/bbqentertainment.com\\\/toode\\\/carelia-grill-large-flat-skewers-3-pcs-2\\\/\"]}]},{\"@type\":\"ImageObject\",\"inLanguage\":\"en-US\",\"@id\":\"https:\\\/\\\/bbqentertainment.com\\\/toode\\\/carelia-grill-large-flat-skewers-3-pcs-2\\\/#primaryimage\",\"url\":\"https:\\\/\\\/bbqentertainment.com\\\/wp-content\\\/uploads\\\/2024\\\/05\\\/BBQ-Entertainment-CARELIA-GRILL-LARGE-FLAT-SKEWERS.webp\",\"contentUrl\":\"https:\\\/\\\/bbqentertainment.com\\\/wp-content\\\/uploads\\\/2024\\\/05\\\/BBQ-Entertainment-CARELIA-GRILL-LARGE-FLAT-SKEWERS.webp\",\"width\":2048,\"height\":2048},{\"@type\":\"BreadcrumbList\",\"@id\":\"https:\\\/\\\/bbqentertainment.com\\\/toode\\\/carelia-grill-large-flat-skewers-3-pcs-2\\\/#breadcrumb\",\"itemListElement\":[{\"@type\":\"ListItem\",\"position\":1,\"name\":\"AVALEHT\",\"item\":\"https:\\\/\\\/bbqentertainment.com\\\/en\\\/\"},{\"@type\":\"ListItem\",\"position\":2,\"name\":\"Tooted\",\"item\":\"https:\\\/\\\/bbqentertainment.com\\\/tooted\\\/\"},{\"@type\":\"ListItem\",\"position\":3,\"name\":\"Grillid ja ahjud\",\"item\":\"https:\\\/\\\/bbqentertainment.com\\\/tootekategooria\\\/grillid-ja-ahjud\\\/\"},{\"@type\":\"ListItem\",\"position\":4,\"name\":\"CARELIA GRILLID\",\"item\":\"https:\\\/\\\/bbqentertainment.com\\\/tootekategooria\\\/grillid-ja-ahjud\\\/carelia-grillid\\\/\"},{\"@type\":\"ListItem\",\"position\":5,\"name\":\"CARELIA GRILL\u00ae 9K-100 SIDE TABLE\"}]},{\"@type\":\"WebSite\",\"@id\":\"https:\\\/\\\/bbqentertainment.com\\\/#website\",\"url\":\"https:\\\/\\\/bbqentertainment.com\\\/\",\"name\":\"BBQ Entertainment\",\"description\":\"BBQ is a great lifestyle, not just fun!\",\"publisher\":{\"@id\":\"https:\\\/\\\/bbqentertainment.com\\\/#organization\"},\"potentialAction\":[{\"@type\":\"SearchAction\",\"target\":{\"@type\":\"EntryPoint\",\"urlTemplate\":\"https:\\\/\\\/bbqentertainment.com\\\/?s={search_term_string}\"},\"query-input\":{\"@type\":\"PropertyValueSpecification\",\"valueRequired\":true,\"valueName\":\"search_term_string\"}}],\"inLanguage\":\"en-US\"},{\"@type\":\"Organization\",\"@id\":\"https:\\\/\\\/bbqentertainment.com\\\/#organization\",\"name\":\"BBQ Entertainment O\u00dc\",\"url\":\"https:\\\/\\\/bbqentertainment.com\\\/\",\"logo\":{\"@type\":\"ImageObject\",\"inLanguage\":\"en-US\",\"@id\":\"https:\\\/\\\/bbqentertainment.com\\\/#\\\/schema\\\/logo\\\/image\\\/\",\"url\":\"https:\\\/\\\/bbqentertainment.com\\\/wp-content\\\/uploads\\\/2020\\\/04\\\/BBQ-Entertainment-N-Catering-Enn-Tobreluts-Logo.png\",\"contentUrl\":\"https:\\\/\\\/bbqentertainment.com\\\/wp-content\\\/uploads\\\/2020\\\/04\\\/BBQ-Entertainment-N-Catering-Enn-Tobreluts-Logo.png\",\"width\":628,\"height\":266,\"caption\":\"BBQ Entertainment O\u00dc\"},\"image\":{\"@id\":\"https:\\\/\\\/bbqentertainment.com\\\/#\\\/schema\\\/logo\\\/image\\\/\"},\"sameAs\":[\"https:\\\/\\\/www.facebook.com\\\/BBQ-Entertainment-N-Catering-2437913376443540\",\"https:\\\/\\\/www.instagram.com\\\/bbqentertainmentncatering\\\/\",\"https:\\\/\\\/www.youtube.com\\\/channel\\\/UCmpuANQVhLy2Md8nrenp2jA\"]}]}<\/script>\n<!-- \/ Yoast SEO plugin. -->","yoast_head_json":{"title":"CARELIA GRILL\u00ae 9K-100 SIDE TABLE - BBQ Entertainment","robots":{"index":"index","follow":"follow","max-snippet":"max-snippet:-1","max-image-preview":"max-image-preview:large","max-video-preview":"max-video-preview:-1"},"canonical":"https:\/\/bbqentertainment.com\/toode\/carelia-grill-large-flat-skewers-3-pcs-2\/","og_locale":"en_US","og_type":"article","og_title":"CARELIA GRILL\u00ae 9K-100 SIDE TABLE - BBQ Entertainment","og_description":"CARELIA GRILL\u00ae LARGE FLAT SKEWERS (3 pcs) Kui k\u00f5ik on k\u00e4eulatuses, v\u00f5ite unustada lisasagimise kokkamise ajal ja keskenduda olulisele. See praktiline k\u00fclglauake on loodud selleks, et teid selles aidata! Lihtne kinnitada\/eraldada 9K-100 grilli \u00fcmberm\u00f5\u00f5dul.  Iga 9K-100 seeria grill v\u00f5ib mahutada maksimaalselt 4 k\u00fclglauakest. Lauad on valmistatud t\u00f6\u00f6tlemata puidust, seega soovitame tungivalt enne kasutamist neid katta mittetoksilise puidulakiga.  K\u00f5igil meie toodetel on 2-aastane garantii.  &nbsp;","og_url":"https:\/\/bbqentertainment.com\/toode\/carelia-grill-large-flat-skewers-3-pcs-2\/","og_site_name":"BBQ Entertainment","article_publisher":"https:\/\/www.facebook.com\/BBQ-Entertainment-N-Catering-2437913376443540","article_modified_time":"2025-07-25T10:46:06+00:00","og_image":[{"width":2048,"height":2048,"url":"https:\/\/bbqentertainment.com\/wp-content\/uploads\/2024\/05\/BBQ-Entertainment-CARELIA-GRILL-LARGE-FLAT-SKEWERS.webp","type":"image\/webp"}],"twitter_card":"summary_large_image","twitter_misc":{"Est. reading time":"1 minute"},"schema":{"@context":"https:\/\/schema.org","@graph":[{"@type":["WebPage","ItemPage"],"@id":"https:\/\/bbqentertainment.com\/toode\/carelia-grill-large-flat-skewers-3-pcs-2\/","url":"https:\/\/bbqentertainment.com\/toode\/carelia-grill-large-flat-skewers-3-pcs-2\/","name":"CARELIA GRILL\u00ae 9K-100 SIDE TABLE - BBQ Entertainment","isPartOf":{"@id":"https:\/\/bbqentertainment.com\/#website"},"primaryImageOfPage":{"@id":"https:\/\/bbqentertainment.com\/toode\/carelia-grill-large-flat-skewers-3-pcs-2\/#primaryimage"},"image":{"@id":"https:\/\/bbqentertainment.com\/toode\/carelia-grill-large-flat-skewers-3-pcs-2\/#primaryimage"},"thumbnailUrl":"https:\/\/bbqentertainment.com\/wp-content\/uploads\/2024\/05\/BBQ-Entertainment-CARELIA-GRILL-LARGE-FLAT-SKEWERS.webp","datePublished":"2024-05-03T19:47:53+00:00","dateModified":"2025-07-25T10:46:06+00:00","breadcrumb":{"@id":"https:\/\/bbqentertainment.com\/toode\/carelia-grill-large-flat-skewers-3-pcs-2\/#breadcrumb"},"inLanguage":"en-US","potentialAction":[{"@type":"ReadAction","target":["https:\/\/bbqentertainment.com\/toode\/carelia-grill-large-flat-skewers-3-pcs-2\/"]}]},{"@type":"ImageObject","inLanguage":"en-US","@id":"https:\/\/bbqentertainment.com\/toode\/carelia-grill-large-flat-skewers-3-pcs-2\/#primaryimage","url":"https:\/\/bbqentertainment.com\/wp-content\/uploads\/2024\/05\/BBQ-Entertainment-CARELIA-GRILL-LARGE-FLAT-SKEWERS.webp","contentUrl":"https:\/\/bbqentertainment.com\/wp-content\/uploads\/2024\/05\/BBQ-Entertainment-CARELIA-GRILL-LARGE-FLAT-SKEWERS.webp","width":2048,"height":2048},{"@type":"BreadcrumbList","@id":"https:\/\/bbqentertainment.com\/toode\/carelia-grill-large-flat-skewers-3-pcs-2\/#breadcrumb","itemListElement":[{"@type":"ListItem","position":1,"name":"AVALEHT","item":"https:\/\/bbqentertainment.com\/en\/"},{"@type":"ListItem","position":2,"name":"Tooted","item":"https:\/\/bbqentertainment.com\/tooted\/"},{"@type":"ListItem","position":3,"name":"Grillid ja ahjud","item":"https:\/\/bbqentertainment.com\/tootekategooria\/grillid-ja-ahjud\/"},{"@type":"ListItem","position":4,"name":"CARELIA GRILLID","item":"https:\/\/bbqentertainment.com\/tootekategooria\/grillid-ja-ahjud\/carelia-grillid\/"},{"@type":"ListItem","position":5,"name":"CARELIA GRILL\u00ae 9K-100 SIDE TABLE"}]},{"@type":"WebSite","@id":"https:\/\/bbqentertainment.com\/#website","url":"https:\/\/bbqentertainment.com\/","name":"BBQ Entertainment","description":"BBQ is a great lifestyle, not just fun!","publisher":{"@id":"https:\/\/bbqentertainment.com\/#organization"},"potentialAction":[{"@type":"SearchAction","target":{"@type":"EntryPoint","urlTemplate":"https:\/\/bbqentertainment.com\/?s={search_term_string}"},"query-input":{"@type":"PropertyValueSpecification","valueRequired":true,"valueName":"search_term_string"}}],"inLanguage":"en-US"},{"@type":"Organization","@id":"https:\/\/bbqentertainment.com\/#organization","name":"BBQ Entertainment O\u00dc","url":"https:\/\/bbqentertainment.com\/","logo":{"@type":"ImageObject","inLanguage":"en-US","@id":"https:\/\/bbqentertainment.com\/#\/schema\/logo\/image\/","url":"https:\/\/bbqentertainment.com\/wp-content\/uploads\/2020\/04\/BBQ-Entertainment-N-Catering-Enn-Tobreluts-Logo.png","contentUrl":"https:\/\/bbqentertainment.com\/wp-content\/uploads\/2020\/04\/BBQ-Entertainment-N-Catering-Enn-Tobreluts-Logo.png","width":628,"height":266,"caption":"BBQ Entertainment O\u00dc"},"image":{"@id":"https:\/\/bbqentertainment.com\/#\/schema\/logo\/image\/"},"sameAs":["https:\/\/www.facebook.com\/BBQ-Entertainment-N-Catering-2437913376443540","https:\/\/www.instagram.com\/bbqentertainmentncatering\/","https:\/\/www.youtube.com\/channel\/UCmpuANQVhLy2Md8nrenp2jA"]}]}},"_links":{"self":[{"href":"https:\/\/bbqentertainment.com\/en\/wp-json\/wp\/v2\/product\/247609","targetHints":{"allow":["GET"]}}],"collection":[{"href":"https:\/\/bbqentertainment.com\/en\/wp-json\/wp\/v2\/product"}],"about":[{"href":"https:\/\/bbqentertainment.com\/en\/wp-json\/wp\/v2\/types\/product"}],"wp:featuredmedia":[{"embeddable":true,"href":"https:\/\/bbqentertainment.com\/en\/wp-json\/wp\/v2\/media\/247610"}],"wp:attachment":[{"href":"https:\/\/bbqentertainment.com\/en\/wp-json\/wp\/v2\/media?parent=247609"}],"wp:term":[{"taxonomy":"product_brand","embeddable":true,"href":"https:\/\/bbqentertainment.com\/en\/wp-json\/wp\/v2\/product_brand?post=247609"},{"taxonomy":"product_cat","embeddable":true,"href":"https:\/\/bbqentertainment.com\/en\/wp-json\/wp\/v2\/product_cat?post=247609"},{"taxonomy":"product_tag","embeddable":true,"href":"https:\/\/bbqentertainment.com\/en\/wp-json\/wp\/v2\/product_tag?post=247609"}],"curies":[{"name":"wp","href":"https:\/\/api.w.org\/{rel}","templated":true}]}}