{"id":247613,"date":"2024-05-03T22:52:16","date_gmt":"2024-05-03T19:52:16","guid":{"rendered":"https:\/\/bbqentertainment.com\/?post_type=product&#038;p=247613"},"modified":"2025-07-25T13:45:37","modified_gmt":"2025-07-25T10:45:37","slug":"carelia-grill-9k-100-wind-spark-guard","status":"publish","type":"product","link":"https:\/\/bbqentertainment.com\/en\/toode\/carelia-grill-9k-100-wind-spark-guard\/","title":{"rendered":"CARELIA GRILL\u00ae 9K-100 WIND &#038; SPARK GUARD"},"content":{"rendered":"","protected":false},"excerpt":{"rendered":"<h3>CARELIA GRILL\u00ae 9K-100 WIND &amp; SPARK GUARD<\/h3>\n<p>CARELIA GRILL\u00ae tuule- ja s\u00e4demekaitse 9K mudelitele on suurep\u00e4rane valik, kui naudivad v\u00e4rskes \u00f5hus olemist, kokkamist ning aja veetmist s\u00f5prade ja perega.<\/p>\n<p>Sobib 9K-100 mudelitele.<\/p>\n<p>K\u00f5igil meie toodetel on 24 kuud garantiid.<\/p>\n<p>Materjal: Pulberv\u00e4rvitud teras, valmistatud perforeeritud terasest.<\/p>\n","protected":false},"featured_media":247614,"template":"","meta":{"inline_featured_image":false},"product_brand":[],"product_cat":[584],"product_tag":[],"class_list":{"0":"post-247613","1":"product","2":"type-product","3":"status-publish","4":"has-post-thumbnail","6":"product_cat-carelia-grillid","8":"first","9":"instock","10":"taxable","11":"shipping-taxable","12":"purchasable","13":"product-type-simple"},"yoast_head":"<!-- This site is optimized with the Yoast SEO plugin v27.4 - https:\/\/yoast.com\/product\/yoast-seo-wordpress\/ -->\n<title>CARELIA GRILL\u00ae 9K-100 WIND &amp; SPARK GUARD - BBQ Entertainment<\/title>\n<meta name=\"robots\" content=\"index, follow, max-snippet:-1, max-image-preview:large, max-video-preview:-1\" \/>\n<link rel=\"canonical\" href=\"https:\/\/bbqentertainment.com\/toode\/carelia-grill-9k-100-wind-spark-guard\/\" \/>\n<meta property=\"og:locale\" content=\"en_US\" \/>\n<meta property=\"og:type\" content=\"article\" \/>\n<meta property=\"og:title\" content=\"CARELIA GRILL\u00ae 9K-100 WIND &amp; SPARK GUARD - BBQ Entertainment\" \/>\n<meta property=\"og:description\" content=\"CARELIA GRILL\u00ae 9K-100 WIND &amp; SPARK GUARD CARELIA GRILL\u00ae tuule- ja s\u00e4demekaitse 9K mudelitele on suurep\u00e4rane valik, kui naudivad v\u00e4rskes \u00f5hus olemist, kokkamist ning aja veetmist s\u00f5prade ja perega.  Sobib 9K-100 mudelitele.  K\u00f5igil meie toodetel on 24 kuud garantiid.  Materjal: Pulberv\u00e4rvitud teras, valmistatud perforeeritud terasest.\" \/>\n<meta property=\"og:url\" content=\"https:\/\/bbqentertainment.com\/toode\/carelia-grill-9k-100-wind-spark-guard\/\" \/>\n<meta property=\"og:site_name\" content=\"BBQ Entertainment\" \/>\n<meta property=\"article:publisher\" content=\"https:\/\/www.facebook.com\/BBQ-Entertainment-N-Catering-2437913376443540\" \/>\n<meta property=\"article:modified_time\" content=\"2025-07-25T10:45:37+00:00\" \/>\n<meta property=\"og:image\" content=\"https:\/\/bbqentertainment.com\/wp-content\/uploads\/2024\/05\/BBQ-Entertainment-CARELIA-GRILL-9K-100-WIND-SPARK-GUARD.webp\" \/>\n\t<meta property=\"og:image:width\" content=\"2048\" \/>\n\t<meta property=\"og:image:height\" content=\"2048\" \/>\n\t<meta property=\"og:image:type\" content=\"image\/webp\" \/>\n<meta name=\"twitter:card\" content=\"summary_large_image\" \/>\n<meta name=\"twitter:label1\" content=\"Est. reading time\" \/>\n\t<meta name=\"twitter:data1\" content=\"1 minute\" \/>\n<script type=\"application\/ld+json\" class=\"yoast-schema-graph\">{\"@context\":\"https:\\\/\\\/schema.org\",\"@graph\":[{\"@type\":[\"WebPage\",\"ItemPage\"],\"@id\":\"https:\\\/\\\/bbqentertainment.com\\\/toode\\\/carelia-grill-9k-100-wind-spark-guard\\\/\",\"url\":\"https:\\\/\\\/bbqentertainment.com\\\/toode\\\/carelia-grill-9k-100-wind-spark-guard\\\/\",\"name\":\"CARELIA GRILL\u00ae 9K-100 WIND & SPARK GUARD - BBQ Entertainment\",\"isPartOf\":{\"@id\":\"https:\\\/\\\/bbqentertainment.com\\\/#website\"},\"primaryImageOfPage\":{\"@id\":\"https:\\\/\\\/bbqentertainment.com\\\/toode\\\/carelia-grill-9k-100-wind-spark-guard\\\/#primaryimage\"},\"image\":{\"@id\":\"https:\\\/\\\/bbqentertainment.com\\\/toode\\\/carelia-grill-9k-100-wind-spark-guard\\\/#primaryimage\"},\"thumbnailUrl\":\"https:\\\/\\\/bbqentertainment.com\\\/wp-content\\\/uploads\\\/2024\\\/05\\\/BBQ-Entertainment-CARELIA-GRILL-9K-100-WIND-SPARK-GUARD.webp\",\"datePublished\":\"2024-05-03T19:52:16+00:00\",\"dateModified\":\"2025-07-25T10:45:37+00:00\",\"breadcrumb\":{\"@id\":\"https:\\\/\\\/bbqentertainment.com\\\/toode\\\/carelia-grill-9k-100-wind-spark-guard\\\/#breadcrumb\"},\"inLanguage\":\"en-US\",\"potentialAction\":[{\"@type\":\"ReadAction\",\"target\":[\"https:\\\/\\\/bbqentertainment.com\\\/toode\\\/carelia-grill-9k-100-wind-spark-guard\\\/\"]}]},{\"@type\":\"ImageObject\",\"inLanguage\":\"en-US\",\"@id\":\"https:\\\/\\\/bbqentertainment.com\\\/toode\\\/carelia-grill-9k-100-wind-spark-guard\\\/#primaryimage\",\"url\":\"https:\\\/\\\/bbqentertainment.com\\\/wp-content\\\/uploads\\\/2024\\\/05\\\/BBQ-Entertainment-CARELIA-GRILL-9K-100-WIND-SPARK-GUARD.webp\",\"contentUrl\":\"https:\\\/\\\/bbqentertainment.com\\\/wp-content\\\/uploads\\\/2024\\\/05\\\/BBQ-Entertainment-CARELIA-GRILL-9K-100-WIND-SPARK-GUARD.webp\",\"width\":2048,\"height\":2048},{\"@type\":\"BreadcrumbList\",\"@id\":\"https:\\\/\\\/bbqentertainment.com\\\/toode\\\/carelia-grill-9k-100-wind-spark-guard\\\/#breadcrumb\",\"itemListElement\":[{\"@type\":\"ListItem\",\"position\":1,\"name\":\"AVALEHT\",\"item\":\"https:\\\/\\\/bbqentertainment.com\\\/en\\\/\"},{\"@type\":\"ListItem\",\"position\":2,\"name\":\"Tooted\",\"item\":\"https:\\\/\\\/bbqentertainment.com\\\/tooted\\\/\"},{\"@type\":\"ListItem\",\"position\":3,\"name\":\"Grillid ja ahjud\",\"item\":\"https:\\\/\\\/bbqentertainment.com\\\/tootekategooria\\\/grillid-ja-ahjud\\\/\"},{\"@type\":\"ListItem\",\"position\":4,\"name\":\"CARELIA GRILLID\",\"item\":\"https:\\\/\\\/bbqentertainment.com\\\/tootekategooria\\\/grillid-ja-ahjud\\\/carelia-grillid\\\/\"},{\"@type\":\"ListItem\",\"position\":5,\"name\":\"CARELIA GRILL\u00ae 9K-100 WIND &#038; SPARK GUARD\"}]},{\"@type\":\"WebSite\",\"@id\":\"https:\\\/\\\/bbqentertainment.com\\\/#website\",\"url\":\"https:\\\/\\\/bbqentertainment.com\\\/\",\"name\":\"BBQ Entertainment\",\"description\":\"BBQ is a great lifestyle, not just fun!\",\"publisher\":{\"@id\":\"https:\\\/\\\/bbqentertainment.com\\\/#organization\"},\"potentialAction\":[{\"@type\":\"SearchAction\",\"target\":{\"@type\":\"EntryPoint\",\"urlTemplate\":\"https:\\\/\\\/bbqentertainment.com\\\/?s={search_term_string}\"},\"query-input\":{\"@type\":\"PropertyValueSpecification\",\"valueRequired\":true,\"valueName\":\"search_term_string\"}}],\"inLanguage\":\"en-US\"},{\"@type\":\"Organization\",\"@id\":\"https:\\\/\\\/bbqentertainment.com\\\/#organization\",\"name\":\"BBQ Entertainment O\u00dc\",\"url\":\"https:\\\/\\\/bbqentertainment.com\\\/\",\"logo\":{\"@type\":\"ImageObject\",\"inLanguage\":\"en-US\",\"@id\":\"https:\\\/\\\/bbqentertainment.com\\\/#\\\/schema\\\/logo\\\/image\\\/\",\"url\":\"https:\\\/\\\/bbqentertainment.com\\\/wp-content\\\/uploads\\\/2020\\\/04\\\/BBQ-Entertainment-N-Catering-Enn-Tobreluts-Logo.png\",\"contentUrl\":\"https:\\\/\\\/bbqentertainment.com\\\/wp-content\\\/uploads\\\/2020\\\/04\\\/BBQ-Entertainment-N-Catering-Enn-Tobreluts-Logo.png\",\"width\":628,\"height\":266,\"caption\":\"BBQ Entertainment O\u00dc\"},\"image\":{\"@id\":\"https:\\\/\\\/bbqentertainment.com\\\/#\\\/schema\\\/logo\\\/image\\\/\"},\"sameAs\":[\"https:\\\/\\\/www.facebook.com\\\/BBQ-Entertainment-N-Catering-2437913376443540\",\"https:\\\/\\\/www.instagram.com\\\/bbqentertainmentncatering\\\/\",\"https:\\\/\\\/www.youtube.com\\\/channel\\\/UCmpuANQVhLy2Md8nrenp2jA\"]}]}<\/script>\n<!-- \/ Yoast SEO plugin. -->","yoast_head_json":{"title":"CARELIA GRILL\u00ae 9K-100 WIND & SPARK GUARD - BBQ Entertainment","robots":{"index":"index","follow":"follow","max-snippet":"max-snippet:-1","max-image-preview":"max-image-preview:large","max-video-preview":"max-video-preview:-1"},"canonical":"https:\/\/bbqentertainment.com\/toode\/carelia-grill-9k-100-wind-spark-guard\/","og_locale":"en_US","og_type":"article","og_title":"CARELIA GRILL\u00ae 9K-100 WIND & SPARK GUARD - BBQ Entertainment","og_description":"CARELIA GRILL\u00ae 9K-100 WIND &amp; SPARK GUARD CARELIA GRILL\u00ae tuule- ja s\u00e4demekaitse 9K mudelitele on suurep\u00e4rane valik, kui naudivad v\u00e4rskes \u00f5hus olemist, kokkamist ning aja veetmist s\u00f5prade ja perega.  Sobib 9K-100 mudelitele.  K\u00f5igil meie toodetel on 24 kuud garantiid.  Materjal: Pulberv\u00e4rvitud teras, valmistatud perforeeritud terasest.","og_url":"https:\/\/bbqentertainment.com\/toode\/carelia-grill-9k-100-wind-spark-guard\/","og_site_name":"BBQ Entertainment","article_publisher":"https:\/\/www.facebook.com\/BBQ-Entertainment-N-Catering-2437913376443540","article_modified_time":"2025-07-25T10:45:37+00:00","og_image":[{"width":2048,"height":2048,"url":"https:\/\/bbqentertainment.com\/wp-content\/uploads\/2024\/05\/BBQ-Entertainment-CARELIA-GRILL-9K-100-WIND-SPARK-GUARD.webp","type":"image\/webp"}],"twitter_card":"summary_large_image","twitter_misc":{"Est. reading time":"1 minute"},"schema":{"@context":"https:\/\/schema.org","@graph":[{"@type":["WebPage","ItemPage"],"@id":"https:\/\/bbqentertainment.com\/toode\/carelia-grill-9k-100-wind-spark-guard\/","url":"https:\/\/bbqentertainment.com\/toode\/carelia-grill-9k-100-wind-spark-guard\/","name":"CARELIA GRILL\u00ae 9K-100 WIND & SPARK GUARD - BBQ Entertainment","isPartOf":{"@id":"https:\/\/bbqentertainment.com\/#website"},"primaryImageOfPage":{"@id":"https:\/\/bbqentertainment.com\/toode\/carelia-grill-9k-100-wind-spark-guard\/#primaryimage"},"image":{"@id":"https:\/\/bbqentertainment.com\/toode\/carelia-grill-9k-100-wind-spark-guard\/#primaryimage"},"thumbnailUrl":"https:\/\/bbqentertainment.com\/wp-content\/uploads\/2024\/05\/BBQ-Entertainment-CARELIA-GRILL-9K-100-WIND-SPARK-GUARD.webp","datePublished":"2024-05-03T19:52:16+00:00","dateModified":"2025-07-25T10:45:37+00:00","breadcrumb":{"@id":"https:\/\/bbqentertainment.com\/toode\/carelia-grill-9k-100-wind-spark-guard\/#breadcrumb"},"inLanguage":"en-US","potentialAction":[{"@type":"ReadAction","target":["https:\/\/bbqentertainment.com\/toode\/carelia-grill-9k-100-wind-spark-guard\/"]}]},{"@type":"ImageObject","inLanguage":"en-US","@id":"https:\/\/bbqentertainment.com\/toode\/carelia-grill-9k-100-wind-spark-guard\/#primaryimage","url":"https:\/\/bbqentertainment.com\/wp-content\/uploads\/2024\/05\/BBQ-Entertainment-CARELIA-GRILL-9K-100-WIND-SPARK-GUARD.webp","contentUrl":"https:\/\/bbqentertainment.com\/wp-content\/uploads\/2024\/05\/BBQ-Entertainment-CARELIA-GRILL-9K-100-WIND-SPARK-GUARD.webp","width":2048,"height":2048},{"@type":"BreadcrumbList","@id":"https:\/\/bbqentertainment.com\/toode\/carelia-grill-9k-100-wind-spark-guard\/#breadcrumb","itemListElement":[{"@type":"ListItem","position":1,"name":"AVALEHT","item":"https:\/\/bbqentertainment.com\/en\/"},{"@type":"ListItem","position":2,"name":"Tooted","item":"https:\/\/bbqentertainment.com\/tooted\/"},{"@type":"ListItem","position":3,"name":"Grillid ja ahjud","item":"https:\/\/bbqentertainment.com\/tootekategooria\/grillid-ja-ahjud\/"},{"@type":"ListItem","position":4,"name":"CARELIA GRILLID","item":"https:\/\/bbqentertainment.com\/tootekategooria\/grillid-ja-ahjud\/carelia-grillid\/"},{"@type":"ListItem","position":5,"name":"CARELIA GRILL\u00ae 9K-100 WIND &#038; SPARK GUARD"}]},{"@type":"WebSite","@id":"https:\/\/bbqentertainment.com\/#website","url":"https:\/\/bbqentertainment.com\/","name":"BBQ Entertainment","description":"BBQ is a great lifestyle, not just fun!","publisher":{"@id":"https:\/\/bbqentertainment.com\/#organization"},"potentialAction":[{"@type":"SearchAction","target":{"@type":"EntryPoint","urlTemplate":"https:\/\/bbqentertainment.com\/?s={search_term_string}"},"query-input":{"@type":"PropertyValueSpecification","valueRequired":true,"valueName":"search_term_string"}}],"inLanguage":"en-US"},{"@type":"Organization","@id":"https:\/\/bbqentertainment.com\/#organization","name":"BBQ Entertainment O\u00dc","url":"https:\/\/bbqentertainment.com\/","logo":{"@type":"ImageObject","inLanguage":"en-US","@id":"https:\/\/bbqentertainment.com\/#\/schema\/logo\/image\/","url":"https:\/\/bbqentertainment.com\/wp-content\/uploads\/2020\/04\/BBQ-Entertainment-N-Catering-Enn-Tobreluts-Logo.png","contentUrl":"https:\/\/bbqentertainment.com\/wp-content\/uploads\/2020\/04\/BBQ-Entertainment-N-Catering-Enn-Tobreluts-Logo.png","width":628,"height":266,"caption":"BBQ Entertainment O\u00dc"},"image":{"@id":"https:\/\/bbqentertainment.com\/#\/schema\/logo\/image\/"},"sameAs":["https:\/\/www.facebook.com\/BBQ-Entertainment-N-Catering-2437913376443540","https:\/\/www.instagram.com\/bbqentertainmentncatering\/","https:\/\/www.youtube.com\/channel\/UCmpuANQVhLy2Md8nrenp2jA"]}]}},"_links":{"self":[{"href":"https:\/\/bbqentertainment.com\/en\/wp-json\/wp\/v2\/product\/247613","targetHints":{"allow":["GET"]}}],"collection":[{"href":"https:\/\/bbqentertainment.com\/en\/wp-json\/wp\/v2\/product"}],"about":[{"href":"https:\/\/bbqentertainment.com\/en\/wp-json\/wp\/v2\/types\/product"}],"wp:featuredmedia":[{"embeddable":true,"href":"https:\/\/bbqentertainment.com\/en\/wp-json\/wp\/v2\/media\/247614"}],"wp:attachment":[{"href":"https:\/\/bbqentertainment.com\/en\/wp-json\/wp\/v2\/media?parent=247613"}],"wp:term":[{"taxonomy":"product_brand","embeddable":true,"href":"https:\/\/bbqentertainment.com\/en\/wp-json\/wp\/v2\/product_brand?post=247613"},{"taxonomy":"product_cat","embeddable":true,"href":"https:\/\/bbqentertainment.com\/en\/wp-json\/wp\/v2\/product_cat?post=247613"},{"taxonomy":"product_tag","embeddable":true,"href":"https:\/\/bbqentertainment.com\/en\/wp-json\/wp\/v2\/product_tag?post=247613"}],"curies":[{"name":"wp","href":"https:\/\/api.w.org\/{rel}","templated":true}]}}