{"id":247621,"date":"2024-05-03T23:01:41","date_gmt":"2024-05-03T20:01:41","guid":{"rendered":"https:\/\/bbqentertainment.com\/?post_type=product&#038;p=247621"},"modified":"2026-03-07T22:05:41","modified_gmt":"2026-03-07T20:05:41","slug":"carelia-grill-karu","status":"publish","type":"product","link":"https:\/\/bbqentertainment.com\/en\/toode\/carelia-grill-karu\/","title":{"rendered":"CARELIA GRILL\u00ae KARU"},"content":{"rendered":"","protected":false},"excerpt":{"rendered":"<h3>CARELIA GRILL\u00ae KARU<\/h3>\n<p>Carelia Grill\u00ae KARU on kompaktne, kuid v\u00f5imas matkagrill. Grilli saab kasutada nii tuleasemena, kui ka grillimiseks. Komplektis asendamatud tarvikud: eemaldatavad jalad, grillimistasand koos toetusvarrega, grillrest ja kaas. KARU on loodud olema teie reisikaaslane, kus iganes vajate kaasaskantavat kaminat.<\/p>\n<p>Leegitatud l\u00f5he, grillitud vorstid v\u00f5i k\u00f6\u00f6giviljad, pannkoogid \u2013 valik on teie! T\u00f5elisel tulel valmistatud toit omab alati peent suitsust maitset. Kuigi selle ettevalmistamine v\u00f5tab \u00fcsna kaua aega, on lahendus k\u00e4ep\u00e4rast \u2013 toiduvalmistamine muutub KARU abil kiireks ja lihtsaks. Leegitamisplaadid (l\u00f5he leegitamiseks) on saadaval valikulise lisavarustusena.<\/p>\n<p>K\u00f5igil meie toodetel on 24 kuu garantii.<\/p>\n<p>Materjalid: Teras kuumakindla pulberv\u00e4rvkattega<\/p>\n<p>M\u00f5\u00f5dud:<\/p>\n<ul>\n<li>Kamin \u00d8 55 cm<\/li>\n<li>T\u00f6\u00f6k\u00f5rgus 37 cm<\/li>\n<li>Rest \u00d8 38 cm<\/li>\n<li>Tulehaak<\/li>\n<li>Teraskaas<\/li>\n<\/ul>\n","protected":false},"featured_media":247622,"template":"","meta":{"inline_featured_image":false},"product_brand":[],"product_cat":[17,584,583],"product_tag":[],"class_list":{"0":"post-247621","1":"product","2":"type-product","3":"status-publish","4":"has-post-thumbnail","6":"product_cat-grillid-ja-ahjud","7":"product_cat-carelia-grillid","8":"product_cat-lokkease","10":"first","11":"instock","12":"taxable","13":"shipping-taxable","14":"purchasable","15":"product-type-simple"},"yoast_head":"<!-- This site is optimized with the Yoast SEO plugin v27.4 - https:\/\/yoast.com\/product\/yoast-seo-wordpress\/ -->\n<title>CARELIA GRILL\u00ae KARU - BBQ Entertainment<\/title>\n<meta name=\"robots\" content=\"index, follow, max-snippet:-1, max-image-preview:large, max-video-preview:-1\" \/>\n<link rel=\"canonical\" href=\"https:\/\/bbqentertainment.com\/toode\/carelia-grill-karu\/\" \/>\n<meta property=\"og:locale\" content=\"en_US\" \/>\n<meta property=\"og:type\" content=\"article\" \/>\n<meta property=\"og:title\" content=\"CARELIA GRILL\u00ae KARU - BBQ Entertainment\" \/>\n<meta property=\"og:description\" content=\"CARELIA GRILL\u00ae KARU Carelia Grill\u00ae KARU on kompaktne, kuid v\u00f5imas matkagrill. Grilli saab kasutada nii tuleasemena, kui ka grillimiseks. Komplektis asendamatud tarvikud: eemaldatavad jalad, grillimistasand koos toetusvarrega, grillrest ja kaas. KARU on loodud olema teie reisikaaslane, kus iganes vajate kaasaskantavat kaminat.  Leegitatud l\u00f5he, grillitud vorstid v\u00f5i k\u00f6\u00f6giviljad, pannkoogid \u2013 valik on teie! T\u00f5elisel tulel valmistatud toit omab alati peent suitsust maitset. Kuigi selle ettevalmistamine v\u00f5tab \u00fcsna kaua aega, on lahendus k\u00e4ep\u00e4rast \u2013 toiduvalmistamine muutub KARU abil kiireks ja lihtsaks. Leegitamisplaadid (l\u00f5he leegitamiseks) on saadaval valikulise lisavarustusena.  K\u00f5igil meie toodetel on 24 kuu garantii.  Materjalid: Teras kuumakindla pulberv\u00e4rvkattega  M\u00f5\u00f5dud:   Kamin \u00d8 55 cm  T\u00f6\u00f6k\u00f5rgus 37 cm  Rest \u00d8 38 cm  Tulehaak  Teraskaas\" \/>\n<meta property=\"og:url\" content=\"https:\/\/bbqentertainment.com\/toode\/carelia-grill-karu\/\" \/>\n<meta property=\"og:site_name\" content=\"BBQ Entertainment\" \/>\n<meta property=\"article:publisher\" content=\"https:\/\/www.facebook.com\/BBQ-Entertainment-N-Catering-2437913376443540\" \/>\n<meta property=\"article:modified_time\" content=\"2026-03-07T20:05:41+00:00\" \/>\n<meta property=\"og:image\" content=\"https:\/\/bbqentertainment.com\/wp-content\/uploads\/2024\/05\/BBQ-Entertainment-Carelia-Grill-KARU-1.webp\" \/>\n\t<meta property=\"og:image:width\" content=\"2048\" \/>\n\t<meta property=\"og:image:height\" content=\"2048\" \/>\n\t<meta property=\"og:image:type\" content=\"image\/webp\" \/>\n<meta name=\"twitter:card\" content=\"summary_large_image\" \/>\n<meta name=\"twitter:label1\" content=\"Est. reading time\" \/>\n\t<meta name=\"twitter:data1\" content=\"1 minute\" \/>\n<script type=\"application\/ld+json\" class=\"yoast-schema-graph\">{\"@context\":\"https:\\\/\\\/schema.org\",\"@graph\":[{\"@type\":[\"WebPage\",\"ItemPage\"],\"@id\":\"https:\\\/\\\/bbqentertainment.com\\\/toode\\\/carelia-grill-karu\\\/\",\"url\":\"https:\\\/\\\/bbqentertainment.com\\\/toode\\\/carelia-grill-karu\\\/\",\"name\":\"CARELIA GRILL\u00ae KARU - BBQ Entertainment\",\"isPartOf\":{\"@id\":\"https:\\\/\\\/bbqentertainment.com\\\/#website\"},\"primaryImageOfPage\":{\"@id\":\"https:\\\/\\\/bbqentertainment.com\\\/toode\\\/carelia-grill-karu\\\/#primaryimage\"},\"image\":{\"@id\":\"https:\\\/\\\/bbqentertainment.com\\\/toode\\\/carelia-grill-karu\\\/#primaryimage\"},\"thumbnailUrl\":\"https:\\\/\\\/bbqentertainment.com\\\/wp-content\\\/uploads\\\/2024\\\/05\\\/BBQ-Entertainment-Carelia-Grill-KARU-1.webp\",\"datePublished\":\"2024-05-03T20:01:41+00:00\",\"dateModified\":\"2026-03-07T20:05:41+00:00\",\"breadcrumb\":{\"@id\":\"https:\\\/\\\/bbqentertainment.com\\\/toode\\\/carelia-grill-karu\\\/#breadcrumb\"},\"inLanguage\":\"en-US\",\"potentialAction\":[{\"@type\":\"ReadAction\",\"target\":[\"https:\\\/\\\/bbqentertainment.com\\\/toode\\\/carelia-grill-karu\\\/\"]}]},{\"@type\":\"ImageObject\",\"inLanguage\":\"en-US\",\"@id\":\"https:\\\/\\\/bbqentertainment.com\\\/toode\\\/carelia-grill-karu\\\/#primaryimage\",\"url\":\"https:\\\/\\\/bbqentertainment.com\\\/wp-content\\\/uploads\\\/2024\\\/05\\\/BBQ-Entertainment-Carelia-Grill-KARU-1.webp\",\"contentUrl\":\"https:\\\/\\\/bbqentertainment.com\\\/wp-content\\\/uploads\\\/2024\\\/05\\\/BBQ-Entertainment-Carelia-Grill-KARU-1.webp\",\"width\":2048,\"height\":2048},{\"@type\":\"BreadcrumbList\",\"@id\":\"https:\\\/\\\/bbqentertainment.com\\\/toode\\\/carelia-grill-karu\\\/#breadcrumb\",\"itemListElement\":[{\"@type\":\"ListItem\",\"position\":1,\"name\":\"AVALEHT\",\"item\":\"https:\\\/\\\/bbqentertainment.com\\\/en\\\/\"},{\"@type\":\"ListItem\",\"position\":2,\"name\":\"Tooted\",\"item\":\"https:\\\/\\\/bbqentertainment.com\\\/tooted\\\/\"},{\"@type\":\"ListItem\",\"position\":3,\"name\":\"Grillid ja ahjud\",\"item\":\"https:\\\/\\\/bbqentertainment.com\\\/tootekategooria\\\/grillid-ja-ahjud\\\/\"},{\"@type\":\"ListItem\",\"position\":4,\"name\":\"CARELIA GRILLID\",\"item\":\"https:\\\/\\\/bbqentertainment.com\\\/tootekategooria\\\/grillid-ja-ahjud\\\/carelia-grillid\\\/\"},{\"@type\":\"ListItem\",\"position\":5,\"name\":\"CARELIA GRILL\u00ae KARU\"}]},{\"@type\":\"WebSite\",\"@id\":\"https:\\\/\\\/bbqentertainment.com\\\/#website\",\"url\":\"https:\\\/\\\/bbqentertainment.com\\\/\",\"name\":\"BBQ Entertainment\",\"description\":\"BBQ is a great lifestyle, not just fun!\",\"publisher\":{\"@id\":\"https:\\\/\\\/bbqentertainment.com\\\/#organization\"},\"potentialAction\":[{\"@type\":\"SearchAction\",\"target\":{\"@type\":\"EntryPoint\",\"urlTemplate\":\"https:\\\/\\\/bbqentertainment.com\\\/?s={search_term_string}\"},\"query-input\":{\"@type\":\"PropertyValueSpecification\",\"valueRequired\":true,\"valueName\":\"search_term_string\"}}],\"inLanguage\":\"en-US\"},{\"@type\":\"Organization\",\"@id\":\"https:\\\/\\\/bbqentertainment.com\\\/#organization\",\"name\":\"BBQ Entertainment O\u00dc\",\"url\":\"https:\\\/\\\/bbqentertainment.com\\\/\",\"logo\":{\"@type\":\"ImageObject\",\"inLanguage\":\"en-US\",\"@id\":\"https:\\\/\\\/bbqentertainment.com\\\/#\\\/schema\\\/logo\\\/image\\\/\",\"url\":\"https:\\\/\\\/bbqentertainment.com\\\/wp-content\\\/uploads\\\/2020\\\/04\\\/BBQ-Entertainment-N-Catering-Enn-Tobreluts-Logo.png\",\"contentUrl\":\"https:\\\/\\\/bbqentertainment.com\\\/wp-content\\\/uploads\\\/2020\\\/04\\\/BBQ-Entertainment-N-Catering-Enn-Tobreluts-Logo.png\",\"width\":628,\"height\":266,\"caption\":\"BBQ Entertainment O\u00dc\"},\"image\":{\"@id\":\"https:\\\/\\\/bbqentertainment.com\\\/#\\\/schema\\\/logo\\\/image\\\/\"},\"sameAs\":[\"https:\\\/\\\/www.facebook.com\\\/BBQ-Entertainment-N-Catering-2437913376443540\",\"https:\\\/\\\/www.instagram.com\\\/bbqentertainmentncatering\\\/\",\"https:\\\/\\\/www.youtube.com\\\/channel\\\/UCmpuANQVhLy2Md8nrenp2jA\"]}]}<\/script>\n<!-- \/ Yoast SEO plugin. -->","yoast_head_json":{"title":"CARELIA GRILL\u00ae KARU - BBQ Entertainment","robots":{"index":"index","follow":"follow","max-snippet":"max-snippet:-1","max-image-preview":"max-image-preview:large","max-video-preview":"max-video-preview:-1"},"canonical":"https:\/\/bbqentertainment.com\/toode\/carelia-grill-karu\/","og_locale":"en_US","og_type":"article","og_title":"CARELIA GRILL\u00ae KARU - BBQ Entertainment","og_description":"CARELIA GRILL\u00ae KARU Carelia Grill\u00ae KARU on kompaktne, kuid v\u00f5imas matkagrill. Grilli saab kasutada nii tuleasemena, kui ka grillimiseks. Komplektis asendamatud tarvikud: eemaldatavad jalad, grillimistasand koos toetusvarrega, grillrest ja kaas. KARU on loodud olema teie reisikaaslane, kus iganes vajate kaasaskantavat kaminat.  Leegitatud l\u00f5he, grillitud vorstid v\u00f5i k\u00f6\u00f6giviljad, pannkoogid \u2013 valik on teie! T\u00f5elisel tulel valmistatud toit omab alati peent suitsust maitset. Kuigi selle ettevalmistamine v\u00f5tab \u00fcsna kaua aega, on lahendus k\u00e4ep\u00e4rast \u2013 toiduvalmistamine muutub KARU abil kiireks ja lihtsaks. Leegitamisplaadid (l\u00f5he leegitamiseks) on saadaval valikulise lisavarustusena.  K\u00f5igil meie toodetel on 24 kuu garantii.  Materjalid: Teras kuumakindla pulberv\u00e4rvkattega  M\u00f5\u00f5dud:   Kamin \u00d8 55 cm  T\u00f6\u00f6k\u00f5rgus 37 cm  Rest \u00d8 38 cm  Tulehaak  Teraskaas","og_url":"https:\/\/bbqentertainment.com\/toode\/carelia-grill-karu\/","og_site_name":"BBQ Entertainment","article_publisher":"https:\/\/www.facebook.com\/BBQ-Entertainment-N-Catering-2437913376443540","article_modified_time":"2026-03-07T20:05:41+00:00","og_image":[{"width":2048,"height":2048,"url":"https:\/\/bbqentertainment.com\/wp-content\/uploads\/2024\/05\/BBQ-Entertainment-Carelia-Grill-KARU-1.webp","type":"image\/webp"}],"twitter_card":"summary_large_image","twitter_misc":{"Est. reading time":"1 minute"},"schema":{"@context":"https:\/\/schema.org","@graph":[{"@type":["WebPage","ItemPage"],"@id":"https:\/\/bbqentertainment.com\/toode\/carelia-grill-karu\/","url":"https:\/\/bbqentertainment.com\/toode\/carelia-grill-karu\/","name":"CARELIA GRILL\u00ae KARU - BBQ Entertainment","isPartOf":{"@id":"https:\/\/bbqentertainment.com\/#website"},"primaryImageOfPage":{"@id":"https:\/\/bbqentertainment.com\/toode\/carelia-grill-karu\/#primaryimage"},"image":{"@id":"https:\/\/bbqentertainment.com\/toode\/carelia-grill-karu\/#primaryimage"},"thumbnailUrl":"https:\/\/bbqentertainment.com\/wp-content\/uploads\/2024\/05\/BBQ-Entertainment-Carelia-Grill-KARU-1.webp","datePublished":"2024-05-03T20:01:41+00:00","dateModified":"2026-03-07T20:05:41+00:00","breadcrumb":{"@id":"https:\/\/bbqentertainment.com\/toode\/carelia-grill-karu\/#breadcrumb"},"inLanguage":"en-US","potentialAction":[{"@type":"ReadAction","target":["https:\/\/bbqentertainment.com\/toode\/carelia-grill-karu\/"]}]},{"@type":"ImageObject","inLanguage":"en-US","@id":"https:\/\/bbqentertainment.com\/toode\/carelia-grill-karu\/#primaryimage","url":"https:\/\/bbqentertainment.com\/wp-content\/uploads\/2024\/05\/BBQ-Entertainment-Carelia-Grill-KARU-1.webp","contentUrl":"https:\/\/bbqentertainment.com\/wp-content\/uploads\/2024\/05\/BBQ-Entertainment-Carelia-Grill-KARU-1.webp","width":2048,"height":2048},{"@type":"BreadcrumbList","@id":"https:\/\/bbqentertainment.com\/toode\/carelia-grill-karu\/#breadcrumb","itemListElement":[{"@type":"ListItem","position":1,"name":"AVALEHT","item":"https:\/\/bbqentertainment.com\/en\/"},{"@type":"ListItem","position":2,"name":"Tooted","item":"https:\/\/bbqentertainment.com\/tooted\/"},{"@type":"ListItem","position":3,"name":"Grillid ja ahjud","item":"https:\/\/bbqentertainment.com\/tootekategooria\/grillid-ja-ahjud\/"},{"@type":"ListItem","position":4,"name":"CARELIA GRILLID","item":"https:\/\/bbqentertainment.com\/tootekategooria\/grillid-ja-ahjud\/carelia-grillid\/"},{"@type":"ListItem","position":5,"name":"CARELIA GRILL\u00ae KARU"}]},{"@type":"WebSite","@id":"https:\/\/bbqentertainment.com\/#website","url":"https:\/\/bbqentertainment.com\/","name":"BBQ Entertainment","description":"BBQ is a great lifestyle, not just fun!","publisher":{"@id":"https:\/\/bbqentertainment.com\/#organization"},"potentialAction":[{"@type":"SearchAction","target":{"@type":"EntryPoint","urlTemplate":"https:\/\/bbqentertainment.com\/?s={search_term_string}"},"query-input":{"@type":"PropertyValueSpecification","valueRequired":true,"valueName":"search_term_string"}}],"inLanguage":"en-US"},{"@type":"Organization","@id":"https:\/\/bbqentertainment.com\/#organization","name":"BBQ Entertainment O\u00dc","url":"https:\/\/bbqentertainment.com\/","logo":{"@type":"ImageObject","inLanguage":"en-US","@id":"https:\/\/bbqentertainment.com\/#\/schema\/logo\/image\/","url":"https:\/\/bbqentertainment.com\/wp-content\/uploads\/2020\/04\/BBQ-Entertainment-N-Catering-Enn-Tobreluts-Logo.png","contentUrl":"https:\/\/bbqentertainment.com\/wp-content\/uploads\/2020\/04\/BBQ-Entertainment-N-Catering-Enn-Tobreluts-Logo.png","width":628,"height":266,"caption":"BBQ Entertainment O\u00dc"},"image":{"@id":"https:\/\/bbqentertainment.com\/#\/schema\/logo\/image\/"},"sameAs":["https:\/\/www.facebook.com\/BBQ-Entertainment-N-Catering-2437913376443540","https:\/\/www.instagram.com\/bbqentertainmentncatering\/","https:\/\/www.youtube.com\/channel\/UCmpuANQVhLy2Md8nrenp2jA"]}]}},"_links":{"self":[{"href":"https:\/\/bbqentertainment.com\/en\/wp-json\/wp\/v2\/product\/247621","targetHints":{"allow":["GET"]}}],"collection":[{"href":"https:\/\/bbqentertainment.com\/en\/wp-json\/wp\/v2\/product"}],"about":[{"href":"https:\/\/bbqentertainment.com\/en\/wp-json\/wp\/v2\/types\/product"}],"wp:featuredmedia":[{"embeddable":true,"href":"https:\/\/bbqentertainment.com\/en\/wp-json\/wp\/v2\/media\/247622"}],"wp:attachment":[{"href":"https:\/\/bbqentertainment.com\/en\/wp-json\/wp\/v2\/media?parent=247621"}],"wp:term":[{"taxonomy":"product_brand","embeddable":true,"href":"https:\/\/bbqentertainment.com\/en\/wp-json\/wp\/v2\/product_brand?post=247621"},{"taxonomy":"product_cat","embeddable":true,"href":"https:\/\/bbqentertainment.com\/en\/wp-json\/wp\/v2\/product_cat?post=247621"},{"taxonomy":"product_tag","embeddable":true,"href":"https:\/\/bbqentertainment.com\/en\/wp-json\/wp\/v2\/product_tag?post=247621"}],"curies":[{"name":"wp","href":"https:\/\/api.w.org\/{rel}","templated":true}]}}