{"id":247633,"date":"2024-05-03T23:06:42","date_gmt":"2024-05-03T20:06:42","guid":{"rendered":"https:\/\/bbqentertainment.com\/?post_type=product&#038;p=247633"},"modified":"2025-07-25T13:45:47","modified_gmt":"2025-07-25T10:45:47","slug":"carelia-grill-log-carrier-antique-white","status":"publish","type":"product","link":"https:\/\/bbqentertainment.com\/en\/toode\/carelia-grill-log-carrier-antique-white\/","title":{"rendered":"CARELIA GRILL\u00ae LOG CARRIER, antiik-valge"},"content":{"rendered":"","protected":false},"excerpt":{"rendered":"<h3>CARELIA GRILL\u00ae LOG CARRIER, ANTIQUE WHITE<\/h3>\n<p>CARELIA GRILL\u00ae puukorv on asendamatu tarvik k\u00fcttepuude kandmiseks. See sobib nii grilli v\u00f5i kamina k\u00f5rvale. Puukorvi kerge ja vastupidav konstruktsioon ei lisa kantavate puude kaalule palju juurde. \u00c4\u00e4riste k\u00fcljed takistavad puudel v\u00e4ljakukkumist. K\u00f5igil meie toodetel on 24 kuu garantii. Materjalid: Pulberv\u00e4rvitud tsingitud teras, puidust k\u00e4epide M\u00f5\u00f5dud: 35,5 x 35 x 50 cm<\/p>\n<p>Tarne j\u00e4reletulemisega \u00a0BBQ Entertainment O\u00dc m\u00fc\u00fcgisalongi v\u00f5i kulleriga soovitud aadressile.\u00a0<\/p>\n","protected":false},"featured_media":247634,"template":"","meta":{"inline_featured_image":false},"product_brand":[],"product_cat":[584,26,223],"product_tag":[],"class_list":{"0":"post-247633","1":"product","2":"type-product","3":"status-publish","4":"has-post-thumbnail","6":"product_cat-carelia-grillid","7":"product_cat-puidulaastud-ja-tukid","8":"product_cat-muud-tooted-2","10":"first","11":"instock","12":"taxable","13":"shipping-taxable","14":"purchasable","15":"product-type-simple"},"yoast_head":"<!-- This site is optimized with the Yoast SEO plugin v27.4 - https:\/\/yoast.com\/product\/yoast-seo-wordpress\/ -->\n<title>CARELIA GRILL\u00ae LOG CARRIER, antiik-valge - BBQ Entertainment<\/title>\n<meta name=\"robots\" content=\"index, follow, max-snippet:-1, max-image-preview:large, max-video-preview:-1\" \/>\n<link rel=\"canonical\" href=\"https:\/\/bbqentertainment.com\/toode\/carelia-grill-log-carrier-antique-white\/\" \/>\n<meta property=\"og:locale\" content=\"en_US\" \/>\n<meta property=\"og:type\" content=\"article\" \/>\n<meta property=\"og:title\" content=\"CARELIA GRILL\u00ae LOG CARRIER, antiik-valge - BBQ Entertainment\" \/>\n<meta property=\"og:description\" content=\"CARELIA GRILL\u00ae LOG CARRIER, ANTIQUE WHITECARELIA GRILL\u00ae puukorv on asendamatu tarvik k\u00fcttepuude kandmiseks. See sobib nii grilli v\u00f5i kamina k\u00f5rvale. Puukorvi kerge ja vastupidav konstruktsioon ei lisa kantavate puude kaalule palju juurde. \u00c4\u00e4riste k\u00fcljed takistavad puudel v\u00e4ljakukkumist. K\u00f5igil meie toodetel on 24 kuu garantii. Materjalid: Pulberv\u00e4rvitud tsingitud teras, puidust k\u00e4epide M\u00f5\u00f5dud: 35,5 x 35 x 50 cmTarne j\u00e4reletulemisega \u00a0BBQ Entertainment O\u00dc m\u00fc\u00fcgisalongi v\u00f5i kulleriga soovitud aadressile.\u00a0\" \/>\n<meta property=\"og:url\" content=\"https:\/\/bbqentertainment.com\/toode\/carelia-grill-log-carrier-antique-white\/\" \/>\n<meta property=\"og:site_name\" content=\"BBQ Entertainment\" \/>\n<meta property=\"article:publisher\" content=\"https:\/\/www.facebook.com\/BBQ-Entertainment-N-Catering-2437913376443540\" \/>\n<meta property=\"article:modified_time\" content=\"2025-07-25T10:45:47+00:00\" \/>\n<meta property=\"og:image\" content=\"https:\/\/bbqentertainment.com\/wp-content\/uploads\/2024\/05\/BBQ-Entertainemnt-CareliaGrill_Woodstand_white.webp\" \/>\n\t<meta property=\"og:image:width\" content=\"2048\" \/>\n\t<meta property=\"og:image:height\" content=\"2048\" \/>\n\t<meta property=\"og:image:type\" content=\"image\/webp\" \/>\n<meta name=\"twitter:card\" content=\"summary_large_image\" \/>\n<meta name=\"twitter:label1\" content=\"Est. reading time\" \/>\n\t<meta name=\"twitter:data1\" content=\"1 minute\" \/>\n<script type=\"application\/ld+json\" class=\"yoast-schema-graph\">{\"@context\":\"https:\\\/\\\/schema.org\",\"@graph\":[{\"@type\":[\"WebPage\",\"ItemPage\"],\"@id\":\"https:\\\/\\\/bbqentertainment.com\\\/toode\\\/carelia-grill-log-carrier-antique-white\\\/\",\"url\":\"https:\\\/\\\/bbqentertainment.com\\\/toode\\\/carelia-grill-log-carrier-antique-white\\\/\",\"name\":\"CARELIA GRILL\u00ae LOG CARRIER, antiik-valge - BBQ Entertainment\",\"isPartOf\":{\"@id\":\"https:\\\/\\\/bbqentertainment.com\\\/#website\"},\"primaryImageOfPage\":{\"@id\":\"https:\\\/\\\/bbqentertainment.com\\\/toode\\\/carelia-grill-log-carrier-antique-white\\\/#primaryimage\"},\"image\":{\"@id\":\"https:\\\/\\\/bbqentertainment.com\\\/toode\\\/carelia-grill-log-carrier-antique-white\\\/#primaryimage\"},\"thumbnailUrl\":\"https:\\\/\\\/bbqentertainment.com\\\/wp-content\\\/uploads\\\/2024\\\/05\\\/BBQ-Entertainemnt-CareliaGrill_Woodstand_white.webp\",\"datePublished\":\"2024-05-03T20:06:42+00:00\",\"dateModified\":\"2025-07-25T10:45:47+00:00\",\"breadcrumb\":{\"@id\":\"https:\\\/\\\/bbqentertainment.com\\\/toode\\\/carelia-grill-log-carrier-antique-white\\\/#breadcrumb\"},\"inLanguage\":\"en-US\",\"potentialAction\":[{\"@type\":\"ReadAction\",\"target\":[\"https:\\\/\\\/bbqentertainment.com\\\/toode\\\/carelia-grill-log-carrier-antique-white\\\/\"]}]},{\"@type\":\"ImageObject\",\"inLanguage\":\"en-US\",\"@id\":\"https:\\\/\\\/bbqentertainment.com\\\/toode\\\/carelia-grill-log-carrier-antique-white\\\/#primaryimage\",\"url\":\"https:\\\/\\\/bbqentertainment.com\\\/wp-content\\\/uploads\\\/2024\\\/05\\\/BBQ-Entertainemnt-CareliaGrill_Woodstand_white.webp\",\"contentUrl\":\"https:\\\/\\\/bbqentertainment.com\\\/wp-content\\\/uploads\\\/2024\\\/05\\\/BBQ-Entertainemnt-CareliaGrill_Woodstand_white.webp\",\"width\":2048,\"height\":2048},{\"@type\":\"BreadcrumbList\",\"@id\":\"https:\\\/\\\/bbqentertainment.com\\\/toode\\\/carelia-grill-log-carrier-antique-white\\\/#breadcrumb\",\"itemListElement\":[{\"@type\":\"ListItem\",\"position\":1,\"name\":\"AVALEHT\",\"item\":\"https:\\\/\\\/bbqentertainment.com\\\/en\\\/\"},{\"@type\":\"ListItem\",\"position\":2,\"name\":\"Tooted\",\"item\":\"https:\\\/\\\/bbqentertainment.com\\\/tooted\\\/\"},{\"@type\":\"ListItem\",\"position\":3,\"name\":\"Grillid ja ahjud\",\"item\":\"https:\\\/\\\/bbqentertainment.com\\\/tootekategooria\\\/grillid-ja-ahjud\\\/\"},{\"@type\":\"ListItem\",\"position\":4,\"name\":\"CARELIA GRILLID\",\"item\":\"https:\\\/\\\/bbqentertainment.com\\\/tootekategooria\\\/grillid-ja-ahjud\\\/carelia-grillid\\\/\"},{\"@type\":\"ListItem\",\"position\":5,\"name\":\"CARELIA GRILL\u00ae LOG CARRIER, antiik-valge\"}]},{\"@type\":\"WebSite\",\"@id\":\"https:\\\/\\\/bbqentertainment.com\\\/#website\",\"url\":\"https:\\\/\\\/bbqentertainment.com\\\/\",\"name\":\"BBQ Entertainment\",\"description\":\"BBQ is a great lifestyle, not just fun!\",\"publisher\":{\"@id\":\"https:\\\/\\\/bbqentertainment.com\\\/#organization\"},\"potentialAction\":[{\"@type\":\"SearchAction\",\"target\":{\"@type\":\"EntryPoint\",\"urlTemplate\":\"https:\\\/\\\/bbqentertainment.com\\\/?s={search_term_string}\"},\"query-input\":{\"@type\":\"PropertyValueSpecification\",\"valueRequired\":true,\"valueName\":\"search_term_string\"}}],\"inLanguage\":\"en-US\"},{\"@type\":\"Organization\",\"@id\":\"https:\\\/\\\/bbqentertainment.com\\\/#organization\",\"name\":\"BBQ Entertainment O\u00dc\",\"url\":\"https:\\\/\\\/bbqentertainment.com\\\/\",\"logo\":{\"@type\":\"ImageObject\",\"inLanguage\":\"en-US\",\"@id\":\"https:\\\/\\\/bbqentertainment.com\\\/#\\\/schema\\\/logo\\\/image\\\/\",\"url\":\"https:\\\/\\\/bbqentertainment.com\\\/wp-content\\\/uploads\\\/2020\\\/04\\\/BBQ-Entertainment-N-Catering-Enn-Tobreluts-Logo.png\",\"contentUrl\":\"https:\\\/\\\/bbqentertainment.com\\\/wp-content\\\/uploads\\\/2020\\\/04\\\/BBQ-Entertainment-N-Catering-Enn-Tobreluts-Logo.png\",\"width\":628,\"height\":266,\"caption\":\"BBQ Entertainment O\u00dc\"},\"image\":{\"@id\":\"https:\\\/\\\/bbqentertainment.com\\\/#\\\/schema\\\/logo\\\/image\\\/\"},\"sameAs\":[\"https:\\\/\\\/www.facebook.com\\\/BBQ-Entertainment-N-Catering-2437913376443540\",\"https:\\\/\\\/www.instagram.com\\\/bbqentertainmentncatering\\\/\",\"https:\\\/\\\/www.youtube.com\\\/channel\\\/UCmpuANQVhLy2Md8nrenp2jA\"]}]}<\/script>\n<!-- \/ Yoast SEO plugin. -->","yoast_head_json":{"title":"CARELIA GRILL\u00ae LOG CARRIER, antiik-valge - BBQ Entertainment","robots":{"index":"index","follow":"follow","max-snippet":"max-snippet:-1","max-image-preview":"max-image-preview:large","max-video-preview":"max-video-preview:-1"},"canonical":"https:\/\/bbqentertainment.com\/toode\/carelia-grill-log-carrier-antique-white\/","og_locale":"en_US","og_type":"article","og_title":"CARELIA GRILL\u00ae LOG CARRIER, antiik-valge - BBQ Entertainment","og_description":"CARELIA GRILL\u00ae LOG CARRIER, ANTIQUE WHITECARELIA GRILL\u00ae puukorv on asendamatu tarvik k\u00fcttepuude kandmiseks. See sobib nii grilli v\u00f5i kamina k\u00f5rvale. Puukorvi kerge ja vastupidav konstruktsioon ei lisa kantavate puude kaalule palju juurde. \u00c4\u00e4riste k\u00fcljed takistavad puudel v\u00e4ljakukkumist. K\u00f5igil meie toodetel on 24 kuu garantii. Materjalid: Pulberv\u00e4rvitud tsingitud teras, puidust k\u00e4epide M\u00f5\u00f5dud: 35,5 x 35 x 50 cmTarne j\u00e4reletulemisega \u00a0BBQ Entertainment O\u00dc m\u00fc\u00fcgisalongi v\u00f5i kulleriga soovitud aadressile.\u00a0","og_url":"https:\/\/bbqentertainment.com\/toode\/carelia-grill-log-carrier-antique-white\/","og_site_name":"BBQ Entertainment","article_publisher":"https:\/\/www.facebook.com\/BBQ-Entertainment-N-Catering-2437913376443540","article_modified_time":"2025-07-25T10:45:47+00:00","og_image":[{"width":2048,"height":2048,"url":"https:\/\/bbqentertainment.com\/wp-content\/uploads\/2024\/05\/BBQ-Entertainemnt-CareliaGrill_Woodstand_white.webp","type":"image\/webp"}],"twitter_card":"summary_large_image","twitter_misc":{"Est. reading time":"1 minute"},"schema":{"@context":"https:\/\/schema.org","@graph":[{"@type":["WebPage","ItemPage"],"@id":"https:\/\/bbqentertainment.com\/toode\/carelia-grill-log-carrier-antique-white\/","url":"https:\/\/bbqentertainment.com\/toode\/carelia-grill-log-carrier-antique-white\/","name":"CARELIA GRILL\u00ae LOG CARRIER, antiik-valge - BBQ Entertainment","isPartOf":{"@id":"https:\/\/bbqentertainment.com\/#website"},"primaryImageOfPage":{"@id":"https:\/\/bbqentertainment.com\/toode\/carelia-grill-log-carrier-antique-white\/#primaryimage"},"image":{"@id":"https:\/\/bbqentertainment.com\/toode\/carelia-grill-log-carrier-antique-white\/#primaryimage"},"thumbnailUrl":"https:\/\/bbqentertainment.com\/wp-content\/uploads\/2024\/05\/BBQ-Entertainemnt-CareliaGrill_Woodstand_white.webp","datePublished":"2024-05-03T20:06:42+00:00","dateModified":"2025-07-25T10:45:47+00:00","breadcrumb":{"@id":"https:\/\/bbqentertainment.com\/toode\/carelia-grill-log-carrier-antique-white\/#breadcrumb"},"inLanguage":"en-US","potentialAction":[{"@type":"ReadAction","target":["https:\/\/bbqentertainment.com\/toode\/carelia-grill-log-carrier-antique-white\/"]}]},{"@type":"ImageObject","inLanguage":"en-US","@id":"https:\/\/bbqentertainment.com\/toode\/carelia-grill-log-carrier-antique-white\/#primaryimage","url":"https:\/\/bbqentertainment.com\/wp-content\/uploads\/2024\/05\/BBQ-Entertainemnt-CareliaGrill_Woodstand_white.webp","contentUrl":"https:\/\/bbqentertainment.com\/wp-content\/uploads\/2024\/05\/BBQ-Entertainemnt-CareliaGrill_Woodstand_white.webp","width":2048,"height":2048},{"@type":"BreadcrumbList","@id":"https:\/\/bbqentertainment.com\/toode\/carelia-grill-log-carrier-antique-white\/#breadcrumb","itemListElement":[{"@type":"ListItem","position":1,"name":"AVALEHT","item":"https:\/\/bbqentertainment.com\/en\/"},{"@type":"ListItem","position":2,"name":"Tooted","item":"https:\/\/bbqentertainment.com\/tooted\/"},{"@type":"ListItem","position":3,"name":"Grillid ja ahjud","item":"https:\/\/bbqentertainment.com\/tootekategooria\/grillid-ja-ahjud\/"},{"@type":"ListItem","position":4,"name":"CARELIA GRILLID","item":"https:\/\/bbqentertainment.com\/tootekategooria\/grillid-ja-ahjud\/carelia-grillid\/"},{"@type":"ListItem","position":5,"name":"CARELIA GRILL\u00ae LOG CARRIER, antiik-valge"}]},{"@type":"WebSite","@id":"https:\/\/bbqentertainment.com\/#website","url":"https:\/\/bbqentertainment.com\/","name":"BBQ Entertainment","description":"BBQ is a great lifestyle, not just fun!","publisher":{"@id":"https:\/\/bbqentertainment.com\/#organization"},"potentialAction":[{"@type":"SearchAction","target":{"@type":"EntryPoint","urlTemplate":"https:\/\/bbqentertainment.com\/?s={search_term_string}"},"query-input":{"@type":"PropertyValueSpecification","valueRequired":true,"valueName":"search_term_string"}}],"inLanguage":"en-US"},{"@type":"Organization","@id":"https:\/\/bbqentertainment.com\/#organization","name":"BBQ Entertainment O\u00dc","url":"https:\/\/bbqentertainment.com\/","logo":{"@type":"ImageObject","inLanguage":"en-US","@id":"https:\/\/bbqentertainment.com\/#\/schema\/logo\/image\/","url":"https:\/\/bbqentertainment.com\/wp-content\/uploads\/2020\/04\/BBQ-Entertainment-N-Catering-Enn-Tobreluts-Logo.png","contentUrl":"https:\/\/bbqentertainment.com\/wp-content\/uploads\/2020\/04\/BBQ-Entertainment-N-Catering-Enn-Tobreluts-Logo.png","width":628,"height":266,"caption":"BBQ Entertainment O\u00dc"},"image":{"@id":"https:\/\/bbqentertainment.com\/#\/schema\/logo\/image\/"},"sameAs":["https:\/\/www.facebook.com\/BBQ-Entertainment-N-Catering-2437913376443540","https:\/\/www.instagram.com\/bbqentertainmentncatering\/","https:\/\/www.youtube.com\/channel\/UCmpuANQVhLy2Md8nrenp2jA"]}]}},"_links":{"self":[{"href":"https:\/\/bbqentertainment.com\/en\/wp-json\/wp\/v2\/product\/247633","targetHints":{"allow":["GET"]}}],"collection":[{"href":"https:\/\/bbqentertainment.com\/en\/wp-json\/wp\/v2\/product"}],"about":[{"href":"https:\/\/bbqentertainment.com\/en\/wp-json\/wp\/v2\/types\/product"}],"wp:featuredmedia":[{"embeddable":true,"href":"https:\/\/bbqentertainment.com\/en\/wp-json\/wp\/v2\/media\/247634"}],"wp:attachment":[{"href":"https:\/\/bbqentertainment.com\/en\/wp-json\/wp\/v2\/media?parent=247633"}],"wp:term":[{"taxonomy":"product_brand","embeddable":true,"href":"https:\/\/bbqentertainment.com\/en\/wp-json\/wp\/v2\/product_brand?post=247633"},{"taxonomy":"product_cat","embeddable":true,"href":"https:\/\/bbqentertainment.com\/en\/wp-json\/wp\/v2\/product_cat?post=247633"},{"taxonomy":"product_tag","embeddable":true,"href":"https:\/\/bbqentertainment.com\/en\/wp-json\/wp\/v2\/product_tag?post=247633"}],"curies":[{"name":"wp","href":"https:\/\/api.w.org\/{rel}","templated":true}]}}