{"id":247636,"date":"2024-05-03T23:16:28","date_gmt":"2024-05-03T20:16:28","guid":{"rendered":"https:\/\/bbqentertainment.com\/?post_type=product&#038;p=247636"},"modified":"2024-05-12T20:01:33","modified_gmt":"2024-05-12T17:01:33","slug":"focus-state-karastusjook","status":"publish","type":"product","link":"https:\/\/bbqentertainment.com\/en\/toode\/focus-state-karastusjook\/","title":{"rendered":"Focus State Karastusjook"},"content":{"rendered":"<h4><strong>Toitumisalane Teave<\/strong><\/h4>\n<h4>100ml toodet sisaldab:<\/h4>\n<p>Kaloreid: 152kJ\/36kcal.<\/p>\n<p>Rasv &lt; 0,5g, millest k\u00fcllastunud rasvhapped 0g.<\/p>\n<p>S\u00fcsivesikuid 8.7g, millest suhkruid 7,9g.<\/p>\n<p>Valgud &lt; 0,1g. Sool: 0,015g.<\/p>\n<h4><strong>Soovitatav Annus<\/strong><\/h4>\n<p>Soovitatava annuse osas piirangud puuduvad.<\/p>\n<p>Parima maitseelamuse saamiseks tarbige k\u00fclmalt.<\/p>\n","protected":false},"excerpt":{"rendered":"<div class=\"product__title\">\n<h3 class=\"h3\">Focus State Karastusjook<\/h3>\n<\/div>\n<div class=\"product__description rte quick-add-hidden\">\n<p>Lion`s Mane seen kui v\u00e4rskendav jook?\u00a0<b>Absoluutselt!<\/b>\u00a0V\u00e4rskus igale maitsele.<\/p>\n<p>Vaimne selgus purgis, mis \u00e4ratab Sinu meeled ellu ja annab sulle eluj\u00f5udu!<\/p>\n<p>Unusta energiajoogid \u2013 Shroomwell FOCUS STATE on looduslik ja tervislik funktsionaalne jook, mis annab sulle s\u00e4rtsu ilma kahjulike k\u00f5rvalm\u00f5judeta.<\/p>\n<p>Toeta oma keskendusv\u00f5imet \u00f5una, ingveri, mee ning l\u00f5vilakaga.<\/p>\n<h4 class=\"col2__title\">Kuidas Kasutada<\/h4>\n<div class=\"col2__text\">\n<p>Parima maitseelamuse saamiseks tarbige k\u00fclmalt.<\/p>\n<p><strong>Suletuna s\u00e4ilitatakse toatemperatuuril.<\/strong><\/p>\n<\/div>\n<\/div>\n","protected":false},"featured_media":247647,"template":"","meta":{"inline_featured_image":false},"product_brand":[],"product_cat":[280,237],"product_tag":[],"class_list":{"0":"post-247636","1":"product","2":"type-product","3":"status-publish","4":"has-post-thumbnail","6":"product_cat-joogid","7":"product_cat-toonikud","9":"first","10":"instock","11":"taxable","12":"shipping-taxable","13":"purchasable","14":"product-type-simple"},"yoast_head":"<!-- This site is optimized with the Yoast SEO plugin v27.4 - https:\/\/yoast.com\/product\/yoast-seo-wordpress\/ -->\n<title>Focus State Karastusjook - BBQ Entertainment<\/title>\n<meta name=\"robots\" content=\"index, follow, max-snippet:-1, max-image-preview:large, max-video-preview:-1\" \/>\n<link rel=\"canonical\" href=\"https:\/\/bbqentertainment.com\/toode\/focus-state-karastusjook\/\" \/>\n<meta property=\"og:locale\" content=\"en_US\" \/>\n<meta property=\"og:type\" content=\"article\" \/>\n<meta property=\"og:title\" content=\"Focus State Karastusjook - BBQ Entertainment\" \/>\n<meta property=\"og:description\" content=\"Focus State Karastusjook    Lion`s Mane seen kui v\u00e4rskendav jook?\u00a0Absoluutselt!\u00a0V\u00e4rskus igale maitsele.  Vaimne selgus purgis, mis \u00e4ratab Sinu meeled ellu ja annab sulle eluj\u00f5udu!  Unusta energiajoogid \u2013 Shroomwell FOCUS STATE on looduslik ja tervislik funktsionaalne jook, mis annab sulle s\u00e4rtsu ilma kahjulike k\u00f5rvalm\u00f5judeta.  Toeta oma keskendusv\u00f5imet \u00f5una, ingveri, mee ning l\u00f5vilakaga. Kuidas Kasutada   Parima maitseelamuse saamiseks tarbige k\u00fclmalt.  Suletuna s\u00e4ilitatakse toatemperatuuril.\" \/>\n<meta property=\"og:url\" content=\"https:\/\/bbqentertainment.com\/toode\/focus-state-karastusjook\/\" \/>\n<meta property=\"og:site_name\" content=\"BBQ Entertainment\" \/>\n<meta property=\"article:publisher\" content=\"https:\/\/www.facebook.com\/BBQ-Entertainment-N-Catering-2437913376443540\" \/>\n<meta property=\"article:modified_time\" content=\"2024-05-12T17:01:33+00:00\" \/>\n<meta property=\"og:image\" content=\"https:\/\/bbqentertainment.com\/wp-content\/uploads\/2024\/05\/BBQ-Entertainment-Focus-State-Karastusjook-1-1.webp\" \/>\n\t<meta property=\"og:image:width\" content=\"912\" \/>\n\t<meta property=\"og:image:height\" content=\"912\" \/>\n\t<meta property=\"og:image:type\" content=\"image\/webp\" \/>\n<meta name=\"twitter:card\" content=\"summary_large_image\" \/>\n<meta name=\"twitter:label1\" content=\"Est. reading time\" \/>\n\t<meta name=\"twitter:data1\" content=\"1 minute\" \/>\n<script type=\"application\/ld+json\" class=\"yoast-schema-graph\">{\"@context\":\"https:\\\/\\\/schema.org\",\"@graph\":[{\"@type\":[\"WebPage\",\"ItemPage\"],\"@id\":\"https:\\\/\\\/bbqentertainment.com\\\/toode\\\/focus-state-karastusjook\\\/\",\"url\":\"https:\\\/\\\/bbqentertainment.com\\\/toode\\\/focus-state-karastusjook\\\/\",\"name\":\"Focus State Karastusjook - BBQ Entertainment\",\"isPartOf\":{\"@id\":\"https:\\\/\\\/bbqentertainment.com\\\/#website\"},\"primaryImageOfPage\":{\"@id\":\"https:\\\/\\\/bbqentertainment.com\\\/toode\\\/focus-state-karastusjook\\\/#primaryimage\"},\"image\":{\"@id\":\"https:\\\/\\\/bbqentertainment.com\\\/toode\\\/focus-state-karastusjook\\\/#primaryimage\"},\"thumbnailUrl\":\"https:\\\/\\\/bbqentertainment.com\\\/wp-content\\\/uploads\\\/2024\\\/05\\\/BBQ-Entertainment-Focus-State-Karastusjook-1-1.webp\",\"datePublished\":\"2024-05-03T20:16:28+00:00\",\"dateModified\":\"2024-05-12T17:01:33+00:00\",\"breadcrumb\":{\"@id\":\"https:\\\/\\\/bbqentertainment.com\\\/toode\\\/focus-state-karastusjook\\\/#breadcrumb\"},\"inLanguage\":\"en-US\",\"potentialAction\":[{\"@type\":\"ReadAction\",\"target\":[\"https:\\\/\\\/bbqentertainment.com\\\/toode\\\/focus-state-karastusjook\\\/\"]}]},{\"@type\":\"ImageObject\",\"inLanguage\":\"en-US\",\"@id\":\"https:\\\/\\\/bbqentertainment.com\\\/toode\\\/focus-state-karastusjook\\\/#primaryimage\",\"url\":\"https:\\\/\\\/bbqentertainment.com\\\/wp-content\\\/uploads\\\/2024\\\/05\\\/BBQ-Entertainment-Focus-State-Karastusjook-1-1.webp\",\"contentUrl\":\"https:\\\/\\\/bbqentertainment.com\\\/wp-content\\\/uploads\\\/2024\\\/05\\\/BBQ-Entertainment-Focus-State-Karastusjook-1-1.webp\",\"width\":912,\"height\":912},{\"@type\":\"BreadcrumbList\",\"@id\":\"https:\\\/\\\/bbqentertainment.com\\\/toode\\\/focus-state-karastusjook\\\/#breadcrumb\",\"itemListElement\":[{\"@type\":\"ListItem\",\"position\":1,\"name\":\"AVALEHT\",\"item\":\"https:\\\/\\\/bbqentertainment.com\\\/en\\\/\"},{\"@type\":\"ListItem\",\"position\":2,\"name\":\"Tooted\",\"item\":\"https:\\\/\\\/bbqentertainment.com\\\/tooted\\\/\"},{\"@type\":\"ListItem\",\"position\":3,\"name\":\"Joogid\",\"item\":\"https:\\\/\\\/bbqentertainment.com\\\/tootekategooria\\\/joogid\\\/\"},{\"@type\":\"ListItem\",\"position\":4,\"name\":\"Focus State Karastusjook\"}]},{\"@type\":\"WebSite\",\"@id\":\"https:\\\/\\\/bbqentertainment.com\\\/#website\",\"url\":\"https:\\\/\\\/bbqentertainment.com\\\/\",\"name\":\"BBQ Entertainment\",\"description\":\"BBQ is a great lifestyle, not just fun!\",\"publisher\":{\"@id\":\"https:\\\/\\\/bbqentertainment.com\\\/#organization\"},\"potentialAction\":[{\"@type\":\"SearchAction\",\"target\":{\"@type\":\"EntryPoint\",\"urlTemplate\":\"https:\\\/\\\/bbqentertainment.com\\\/?s={search_term_string}\"},\"query-input\":{\"@type\":\"PropertyValueSpecification\",\"valueRequired\":true,\"valueName\":\"search_term_string\"}}],\"inLanguage\":\"en-US\"},{\"@type\":\"Organization\",\"@id\":\"https:\\\/\\\/bbqentertainment.com\\\/#organization\",\"name\":\"BBQ Entertainment O\u00dc\",\"url\":\"https:\\\/\\\/bbqentertainment.com\\\/\",\"logo\":{\"@type\":\"ImageObject\",\"inLanguage\":\"en-US\",\"@id\":\"https:\\\/\\\/bbqentertainment.com\\\/#\\\/schema\\\/logo\\\/image\\\/\",\"url\":\"https:\\\/\\\/bbqentertainment.com\\\/wp-content\\\/uploads\\\/2020\\\/04\\\/BBQ-Entertainment-N-Catering-Enn-Tobreluts-Logo.png\",\"contentUrl\":\"https:\\\/\\\/bbqentertainment.com\\\/wp-content\\\/uploads\\\/2020\\\/04\\\/BBQ-Entertainment-N-Catering-Enn-Tobreluts-Logo.png\",\"width\":628,\"height\":266,\"caption\":\"BBQ Entertainment O\u00dc\"},\"image\":{\"@id\":\"https:\\\/\\\/bbqentertainment.com\\\/#\\\/schema\\\/logo\\\/image\\\/\"},\"sameAs\":[\"https:\\\/\\\/www.facebook.com\\\/BBQ-Entertainment-N-Catering-2437913376443540\",\"https:\\\/\\\/www.instagram.com\\\/bbqentertainmentncatering\\\/\",\"https:\\\/\\\/www.youtube.com\\\/channel\\\/UCmpuANQVhLy2Md8nrenp2jA\"]}]}<\/script>\n<!-- \/ Yoast SEO plugin. -->","yoast_head_json":{"title":"Focus State Karastusjook - BBQ Entertainment","robots":{"index":"index","follow":"follow","max-snippet":"max-snippet:-1","max-image-preview":"max-image-preview:large","max-video-preview":"max-video-preview:-1"},"canonical":"https:\/\/bbqentertainment.com\/toode\/focus-state-karastusjook\/","og_locale":"en_US","og_type":"article","og_title":"Focus State Karastusjook - BBQ Entertainment","og_description":"Focus State Karastusjook    Lion`s Mane seen kui v\u00e4rskendav jook?\u00a0Absoluutselt!\u00a0V\u00e4rskus igale maitsele.  Vaimne selgus purgis, mis \u00e4ratab Sinu meeled ellu ja annab sulle eluj\u00f5udu!  Unusta energiajoogid \u2013 Shroomwell FOCUS STATE on looduslik ja tervislik funktsionaalne jook, mis annab sulle s\u00e4rtsu ilma kahjulike k\u00f5rvalm\u00f5judeta.  Toeta oma keskendusv\u00f5imet \u00f5una, ingveri, mee ning l\u00f5vilakaga. Kuidas Kasutada   Parima maitseelamuse saamiseks tarbige k\u00fclmalt.  Suletuna s\u00e4ilitatakse toatemperatuuril.","og_url":"https:\/\/bbqentertainment.com\/toode\/focus-state-karastusjook\/","og_site_name":"BBQ Entertainment","article_publisher":"https:\/\/www.facebook.com\/BBQ-Entertainment-N-Catering-2437913376443540","article_modified_time":"2024-05-12T17:01:33+00:00","og_image":[{"width":912,"height":912,"url":"https:\/\/bbqentertainment.com\/wp-content\/uploads\/2024\/05\/BBQ-Entertainment-Focus-State-Karastusjook-1-1.webp","type":"image\/webp"}],"twitter_card":"summary_large_image","twitter_misc":{"Est. reading time":"1 minute"},"schema":{"@context":"https:\/\/schema.org","@graph":[{"@type":["WebPage","ItemPage"],"@id":"https:\/\/bbqentertainment.com\/toode\/focus-state-karastusjook\/","url":"https:\/\/bbqentertainment.com\/toode\/focus-state-karastusjook\/","name":"Focus State Karastusjook - BBQ Entertainment","isPartOf":{"@id":"https:\/\/bbqentertainment.com\/#website"},"primaryImageOfPage":{"@id":"https:\/\/bbqentertainment.com\/toode\/focus-state-karastusjook\/#primaryimage"},"image":{"@id":"https:\/\/bbqentertainment.com\/toode\/focus-state-karastusjook\/#primaryimage"},"thumbnailUrl":"https:\/\/bbqentertainment.com\/wp-content\/uploads\/2024\/05\/BBQ-Entertainment-Focus-State-Karastusjook-1-1.webp","datePublished":"2024-05-03T20:16:28+00:00","dateModified":"2024-05-12T17:01:33+00:00","breadcrumb":{"@id":"https:\/\/bbqentertainment.com\/toode\/focus-state-karastusjook\/#breadcrumb"},"inLanguage":"en-US","potentialAction":[{"@type":"ReadAction","target":["https:\/\/bbqentertainment.com\/toode\/focus-state-karastusjook\/"]}]},{"@type":"ImageObject","inLanguage":"en-US","@id":"https:\/\/bbqentertainment.com\/toode\/focus-state-karastusjook\/#primaryimage","url":"https:\/\/bbqentertainment.com\/wp-content\/uploads\/2024\/05\/BBQ-Entertainment-Focus-State-Karastusjook-1-1.webp","contentUrl":"https:\/\/bbqentertainment.com\/wp-content\/uploads\/2024\/05\/BBQ-Entertainment-Focus-State-Karastusjook-1-1.webp","width":912,"height":912},{"@type":"BreadcrumbList","@id":"https:\/\/bbqentertainment.com\/toode\/focus-state-karastusjook\/#breadcrumb","itemListElement":[{"@type":"ListItem","position":1,"name":"AVALEHT","item":"https:\/\/bbqentertainment.com\/en\/"},{"@type":"ListItem","position":2,"name":"Tooted","item":"https:\/\/bbqentertainment.com\/tooted\/"},{"@type":"ListItem","position":3,"name":"Joogid","item":"https:\/\/bbqentertainment.com\/tootekategooria\/joogid\/"},{"@type":"ListItem","position":4,"name":"Focus State Karastusjook"}]},{"@type":"WebSite","@id":"https:\/\/bbqentertainment.com\/#website","url":"https:\/\/bbqentertainment.com\/","name":"BBQ Entertainment","description":"BBQ is a great lifestyle, not just fun!","publisher":{"@id":"https:\/\/bbqentertainment.com\/#organization"},"potentialAction":[{"@type":"SearchAction","target":{"@type":"EntryPoint","urlTemplate":"https:\/\/bbqentertainment.com\/?s={search_term_string}"},"query-input":{"@type":"PropertyValueSpecification","valueRequired":true,"valueName":"search_term_string"}}],"inLanguage":"en-US"},{"@type":"Organization","@id":"https:\/\/bbqentertainment.com\/#organization","name":"BBQ Entertainment O\u00dc","url":"https:\/\/bbqentertainment.com\/","logo":{"@type":"ImageObject","inLanguage":"en-US","@id":"https:\/\/bbqentertainment.com\/#\/schema\/logo\/image\/","url":"https:\/\/bbqentertainment.com\/wp-content\/uploads\/2020\/04\/BBQ-Entertainment-N-Catering-Enn-Tobreluts-Logo.png","contentUrl":"https:\/\/bbqentertainment.com\/wp-content\/uploads\/2020\/04\/BBQ-Entertainment-N-Catering-Enn-Tobreluts-Logo.png","width":628,"height":266,"caption":"BBQ Entertainment O\u00dc"},"image":{"@id":"https:\/\/bbqentertainment.com\/#\/schema\/logo\/image\/"},"sameAs":["https:\/\/www.facebook.com\/BBQ-Entertainment-N-Catering-2437913376443540","https:\/\/www.instagram.com\/bbqentertainmentncatering\/","https:\/\/www.youtube.com\/channel\/UCmpuANQVhLy2Md8nrenp2jA"]}]}},"_links":{"self":[{"href":"https:\/\/bbqentertainment.com\/en\/wp-json\/wp\/v2\/product\/247636","targetHints":{"allow":["GET"]}}],"collection":[{"href":"https:\/\/bbqentertainment.com\/en\/wp-json\/wp\/v2\/product"}],"about":[{"href":"https:\/\/bbqentertainment.com\/en\/wp-json\/wp\/v2\/types\/product"}],"wp:featuredmedia":[{"embeddable":true,"href":"https:\/\/bbqentertainment.com\/en\/wp-json\/wp\/v2\/media\/247647"}],"wp:attachment":[{"href":"https:\/\/bbqentertainment.com\/en\/wp-json\/wp\/v2\/media?parent=247636"}],"wp:term":[{"taxonomy":"product_brand","embeddable":true,"href":"https:\/\/bbqentertainment.com\/en\/wp-json\/wp\/v2\/product_brand?post=247636"},{"taxonomy":"product_cat","embeddable":true,"href":"https:\/\/bbqentertainment.com\/en\/wp-json\/wp\/v2\/product_cat?post=247636"},{"taxonomy":"product_tag","embeddable":true,"href":"https:\/\/bbqentertainment.com\/en\/wp-json\/wp\/v2\/product_tag?post=247636"}],"curies":[{"name":"wp","href":"https:\/\/api.w.org\/{rel}","templated":true}]}}