{"id":247688,"date":"2024-05-03T23:35:12","date_gmt":"2024-05-03T20:35:12","guid":{"rendered":"https:\/\/bbqentertainment.com\/?post_type=product&#038;p=247688"},"modified":"2025-07-25T13:45:39","modified_gmt":"2025-07-25T10:45:39","slug":"ratastel-kapp-terrassile-kahe-sahtliga","status":"publish","type":"product","link":"https:\/\/bbqentertainment.com\/en\/toode\/ratastel-kapp-terrassile-kahe-sahtliga\/","title":{"rendered":"Ratastel kapp terrassile kahe sahtliga"},"content":{"rendered":"<p><strong>T\u00f6\u00f6tasapind<\/strong>\u00a0&#8211; looduslik graniit Nero Assoluto 20mm<br \/>\n<strong>Puit<\/strong>\u00a0\u2013 \u00f5litatud termosaar<br \/>\n<strong>V\u00e4rv<\/strong>\u00a0\u2013 pulbertsink ja pulberv\u00e4rv<br \/>\n<strong>Raam<\/strong>\u00a0&#8211; metall<br \/>\n<strong>M\u00f5\u00f5dud<\/strong>\u00a0\u2013 900x800x910mm<br \/>\n<strong>Valides ratastega mudeli<\/strong>\u00a0\u2013 Blickle p\u00f6\u00f6rleva kahvliga rattad (4tk) \u201cstop-fix\u201d lukustusega 2tk<br \/>\n<strong>Valides statsionaarse mudeli<\/strong>\u00a0&#8211; jalgadel sokliga lahendus, rattad puuduvad<\/p>\n","protected":false},"excerpt":{"rendered":"<h3>Ratastel kapp terrassile kahe sahtliga<\/h3>\n<h4>LOODUSLIK GRANIIT<\/h4>\n<p>V\u00e4litingimustesse sobiliku ratastel (v\u00f5i statsionaarse) kapi t\u00f6\u00f6tasapinnaks on 20mm paksune looduslik graniit NERO ASSOLUTO. Graniidist t\u00f6\u00f6tasapind on suurep\u00e4rane valik olles kuumakindel (talub \u00fcle 200 kraadi Celsiust), plekikindel (lihtne puhastada) ja v\u00e4hepoorne (poorsus 0,0 &#8211; 0,2%), mis t\u00e4hendab, et t\u00f6\u00f6tasapind vastab ka k\u00f5ige rangematele h\u00fcgieenin\u00f5uetele. Sobilik otseseks kontaktiks toiduga.<\/p>\n<p>T\u00f6\u00f6tasapinnal on v\u00f5imalik valida kolme viimistluse vahel:<\/p>\n<ul>\n<li>harjatud (antiik)<\/li>\n<li>lihvitud matt<\/li>\n<li>poleeritud k\u00f5rgl\u00e4ige<\/li>\n<\/ul>\n<figure id=\"attachment_1408\" class=\"wp-caption alignnone\" aria-describedby=\"caption-attachment-1408\"><img loading=\"lazy\" decoding=\"async\" class=\"size-medium wp-image-1408\" src=\"https:\/\/disainmet.ee\/wp-content\/uploads\/2023\/03\/graniit-www.disainmet.ee_-300x95.jpg\" sizes=\"auto, (max-width: 300px) 100vw, 300px\" srcset=\"https:\/\/disainmet.ee\/wp-content\/uploads\/2023\/03\/graniit-www.disainmet.ee_-300x95.jpg 300w, https:\/\/disainmet.ee\/wp-content\/uploads\/2023\/03\/graniit-www.disainmet.ee_-400x126.jpg 400w, https:\/\/disainmet.ee\/wp-content\/uploads\/2023\/03\/graniit-www.disainmet.ee_-64x20.jpg 64w, https:\/\/disainmet.ee\/wp-content\/uploads\/2023\/03\/graniit-www.disainmet.ee_-600x190.jpg 600w, https:\/\/disainmet.ee\/wp-content\/uploads\/2023\/03\/graniit-www.disainmet.ee_.jpg 759w\" alt=\"T\u00f6\u00f6tasapinna valikud\" width=\"300\" height=\"95\" \/><figcaption id=\"caption-attachment-1408\" class=\"wp-caption-text\">T\u00f6\u00f6tasapinna valikud<\/figcaption><\/figure>\n<h4>TERMOT\u00d6\u00d6DELDUD SAAR<\/h4>\n<p>Puidust osades on kapil kasutatud Thermory termot\u00f6\u00f6deldud saart (PEFC, FSC, Luigem\u00e4rgis, CE), mis on testitud CATAS&#8217;e poolt ja omandanud vastupidavusklassi 1, mis t\u00e4hendab, et vastupidavus m\u00e4danikule on 25+ aastat. Tooraine on p\u00f5hjalikult kontrollitud ning\u00a0<span lang=\"en-US\">p\u00e4rineb<\/span>\u00a0vastutustundlikult majanda<span lang=\"en-US\">tud<\/span>\u00a0metsadest.<\/p>\n<p class=\"western\">Termot\u00f6\u00f6deldud saar ei vaja pinnat\u00f6\u00f6tlust. Sarnaselt iga puiduga muutub ka Thermory toodete pind aja jooksul loomulikult h\u00f5behalliks. See protsess algab kohe ja olenevalt UV kiirguse m\u00f5just v\u00f5tab aega m\u00f5nest kuust kuni m\u00f5ne aastani. See ei muuda laudu v\u00e4hem vastupidavaks.<\/p>\n<figure id=\"attachment_1407\" class=\"wp-caption alignnone\" aria-describedby=\"caption-attachment-1407\"><img loading=\"lazy\" decoding=\"async\" class=\"size-medium wp-image-1407\" src=\"https:\/\/disainmet.ee\/wp-content\/uploads\/2023\/03\/termosaare-kulumine-aja-jooksul-www.disainmet.ee_-300x86.jpg\" sizes=\"auto, (max-width: 300px) 100vw, 300px\" srcset=\"https:\/\/disainmet.ee\/wp-content\/uploads\/2023\/03\/termosaare-kulumine-aja-jooksul-www.disainmet.ee_-300x86.jpg 300w, https:\/\/disainmet.ee\/wp-content\/uploads\/2023\/03\/termosaare-kulumine-aja-jooksul-www.disainmet.ee_-400x115.jpg 400w, https:\/\/disainmet.ee\/wp-content\/uploads\/2023\/03\/termosaare-kulumine-aja-jooksul-www.disainmet.ee_-64x18.jpg 64w, https:\/\/disainmet.ee\/wp-content\/uploads\/2023\/03\/termosaare-kulumine-aja-jooksul-www.disainmet.ee_.jpg 407w\" alt=\"termosaare kulumine aja jooksul\" width=\"300\" height=\"86\" \/><figcaption id=\"caption-attachment-1407\" class=\"wp-caption-text\">termosaare kulumine aja jooksul<\/figcaption><\/figure>\n<p class=\"western\">Kui soovida s\u00e4ilitada v\u00f5i muuta termot\u00f6\u00f6deldud puidu tooni, siis soovitame laudu kord aastas \u00f5litada UV kindla \u00f5liga.\u00a0Orgaaniliste \u00f5lide kasutamist ei soovitata, kuna need sisaldavad aineid, mis on toitumisallikaks bioloogilistele organismidele nagu bakterid, hallitus jne.\u00a0Regulaarne hooldus muudab puidu kauakestvamaks. Soovitame puidust osasid puhastada ja hooldada kevadeti, enne suve algust. \u00d5li v\u00f5ib kanda ainult puhastele, tasastele, tolmuta pindadele. Enne<span lang=\"en-GB\">\u00a0<\/span>laudade \u00f5litamist tehke katse v\u00e4ikesel puidut\u00fckil.<\/p>\n<h4>TUGEV RAAM JA VASTUPIDAV FURNITUUR<\/h4>\n<p>Terrassi kapi raam on valmistatud tugevast nelikanttorust, mis on kokku monteeritud kvaliteetse keevituse ja poltide abil. Raami katab 2 kihti pulberv\u00e4rvi: tsinkkrunt ehk alusv\u00e4rv ja teise kihi moodustab p\u00f5hiv\u00e4rv. Kapi sahtlid on vastupidavatel siinidel ja avanevad t\u00e4ies ulatuses, tagades kerge ligip\u00e4\u00e4su tervele sahtli sisule. Kergeks liigutamiseks on kapil neli kvaliteetset ratast, millest kaks on fikseeritavad.<\/p>\n<h4>KODUMAINE K\u00c4SIT\u00d6\u00d6<\/h4>\n<p>V\u00e4listingimustesse sobiv kapp on valmistatud Eestis k\u00e4sit\u00f6\u00f6na, mille tootmise k\u00e4igus j\u00e4lgitakse pingsalt toote valmimise igat protsessi ja detaili, et tagada toote v\u00f5imalikult parim kvaliteet.<\/p>\n<p>&nbsp;<\/p>\n","protected":false},"featured_media":247693,"template":"","meta":{"inline_featured_image":false},"product_brand":[],"product_cat":[236],"product_tag":[],"class_list":{"0":"post-247688","1":"product","2":"type-product","3":"status-publish","4":"has-post-thumbnail","6":"product_cat-grillilauad","8":"first","9":"instock","10":"taxable","11":"shipping-taxable","12":"purchasable","13":"product-type-simple"},"yoast_head":"<!-- This site is optimized with the Yoast SEO plugin v27.4 - https:\/\/yoast.com\/product\/yoast-seo-wordpress\/ -->\n<title>Ratastel kapp terrassile kahe sahtliga - BBQ Entertainment<\/title>\n<meta name=\"robots\" content=\"index, follow, max-snippet:-1, max-image-preview:large, max-video-preview:-1\" \/>\n<link rel=\"canonical\" href=\"https:\/\/bbqentertainment.com\/toode\/ratastel-kapp-terrassile-kahe-sahtliga\/\" \/>\n<meta property=\"og:locale\" content=\"en_US\" \/>\n<meta property=\"og:type\" content=\"article\" \/>\n<meta property=\"og:title\" content=\"Ratastel kapp terrassile kahe sahtliga - BBQ Entertainment\" \/>\n<meta property=\"og:description\" content=\"Ratastel kapp terrassile kahe sahtliga LOODUSLIK GRANIIT V\u00e4litingimustesse sobiliku ratastel (v\u00f5i statsionaarse) kapi t\u00f6\u00f6tasapinnaks on 20mm paksune looduslik graniit NERO ASSOLUTO. Graniidist t\u00f6\u00f6tasapind on suurep\u00e4rane valik olles kuumakindel (talub \u00fcle 200 kraadi Celsiust), plekikindel (lihtne puhastada) ja v\u00e4hepoorne (poorsus 0,0 - 0,2%), mis t\u00e4hendab, et t\u00f6\u00f6tasapind vastab ka k\u00f5ige rangematele h\u00fcgieenin\u00f5uetele. Sobilik otseseks kontaktiks toiduga.  T\u00f6\u00f6tasapinnal on v\u00f5imalik valida kolme viimistluse vahel:   harjatud (antiik)  lihvitud matt  poleeritud k\u00f5rgl\u00e4ige  T\u00f6\u00f6tasapinna valikud TERMOT\u00d6\u00d6DELDUD SAAR Puidust osades on kapil kasutatud Thermory termot\u00f6\u00f6deldud saart (PEFC, FSC, Luigem\u00e4rgis, CE), mis on testitud CATAS&#039;e poolt ja omandanud vastupidavusklassi 1, mis t\u00e4hendab, et vastupidavus m\u00e4danikule on 25+ aastat. Tooraine on p\u00f5hjalikult kontrollitud ning\u00a0p\u00e4rineb\u00a0vastutustundlikult majandatud\u00a0metsadest. Termot\u00f6\u00f6deldud saar ei vaja pinnat\u00f6\u00f6tlust. Sarnaselt iga puiduga muutub ka Thermory toodete pind aja jooksul loomulikult h\u00f5behalliks. See protsess algab kohe ja olenevalt UV kiirguse m\u00f5just v\u00f5tab aega m\u00f5nest kuust kuni m\u00f5ne aastani. See ei muuda laudu v\u00e4hem vastupidavaks.  termosaare kulumine aja jooksul Kui soovida s\u00e4ilitada v\u00f5i muuta termot\u00f6\u00f6deldud puidu tooni, siis soovitame laudu kord aastas \u00f5litada UV kindla \u00f5liga.\u00a0Orgaaniliste \u00f5lide kasutamist ei soovitata, kuna need sisaldavad aineid, mis on toitumisallikaks bioloogilistele organismidele nagu bakterid, hallitus jne.\u00a0Regulaarne hooldus muudab puidu kauakestvamaks. Soovitame puidust osasid puhastada ja hooldada kevadeti, enne suve algust. \u00d5li v\u00f5ib kanda ainult puhastele, tasastele, tolmuta pindadele. Enne\u00a0laudade \u00f5litamist tehke katse v\u00e4ikesel puidut\u00fckil.  TUGEV RAAM JA VASTUPIDAV FURNITUUR Terrassi kapi raam on valmistatud tugevast nelikanttorust, mis on kokku monteeritud kvaliteetse keevituse ja poltide abil. Raami katab 2 kihti pulberv\u00e4rvi: tsinkkrunt ehk alusv\u00e4rv ja teise kihi moodustab p\u00f5hiv\u00e4rv. Kapi sahtlid on vastupidavatel siinidel ja avanevad t\u00e4ies ulatuses, tagades kerge ligip\u00e4\u00e4su tervele sahtli sisule. Kergeks liigutamiseks on kapil neli kvaliteetset ratast, millest kaks on fikseeritavad. KODUMAINE K\u00c4SIT\u00d6\u00d6 V\u00e4listingimustesse sobiv kapp on valmistatud Eestis k\u00e4sit\u00f6\u00f6na, mille tootmise k\u00e4igus j\u00e4lgitakse pingsalt toote valmimise igat protsessi ja detaili, et tagada toote v\u00f5imalikult parim kvaliteet.  &nbsp;\" \/>\n<meta property=\"og:url\" content=\"https:\/\/bbqentertainment.com\/toode\/ratastel-kapp-terrassile-kahe-sahtliga\/\" \/>\n<meta property=\"og:site_name\" content=\"BBQ Entertainment\" \/>\n<meta property=\"article:publisher\" content=\"https:\/\/www.facebook.com\/BBQ-Entertainment-N-Catering-2437913376443540\" \/>\n<meta property=\"article:modified_time\" content=\"2025-07-25T10:45:39+00:00\" \/>\n<meta property=\"og:image\" content=\"https:\/\/bbqentertainment.com\/wp-content\/uploads\/2024\/05\/BBQ-Entertainment-Ratastel-kapp-terrassile-kahe-sahtliga-6-ruut-www.disainmet.ee_-5.jpg\" \/>\n\t<meta property=\"og:image:width\" content=\"1280\" \/>\n\t<meta property=\"og:image:height\" content=\"1280\" \/>\n\t<meta property=\"og:image:type\" content=\"image\/jpeg\" \/>\n<meta name=\"twitter:card\" content=\"summary_large_image\" \/>\n<meta name=\"twitter:label1\" content=\"Est. reading time\" \/>\n\t<meta name=\"twitter:data1\" content=\"1 minute\" \/>\n<script type=\"application\/ld+json\" class=\"yoast-schema-graph\">{\"@context\":\"https:\\\/\\\/schema.org\",\"@graph\":[{\"@type\":[\"WebPage\",\"ItemPage\"],\"@id\":\"https:\\\/\\\/bbqentertainment.com\\\/toode\\\/ratastel-kapp-terrassile-kahe-sahtliga\\\/\",\"url\":\"https:\\\/\\\/bbqentertainment.com\\\/toode\\\/ratastel-kapp-terrassile-kahe-sahtliga\\\/\",\"name\":\"Ratastel kapp terrassile kahe sahtliga - BBQ Entertainment\",\"isPartOf\":{\"@id\":\"https:\\\/\\\/bbqentertainment.com\\\/#website\"},\"primaryImageOfPage\":{\"@id\":\"https:\\\/\\\/bbqentertainment.com\\\/toode\\\/ratastel-kapp-terrassile-kahe-sahtliga\\\/#primaryimage\"},\"image\":{\"@id\":\"https:\\\/\\\/bbqentertainment.com\\\/toode\\\/ratastel-kapp-terrassile-kahe-sahtliga\\\/#primaryimage\"},\"thumbnailUrl\":\"https:\\\/\\\/bbqentertainment.com\\\/wp-content\\\/uploads\\\/2024\\\/05\\\/BBQ-Entertainment-Ratastel-kapp-terrassile-kahe-sahtliga-6-ruut-www.disainmet.ee_-5.jpg\",\"datePublished\":\"2024-05-03T20:35:12+00:00\",\"dateModified\":\"2025-07-25T10:45:39+00:00\",\"breadcrumb\":{\"@id\":\"https:\\\/\\\/bbqentertainment.com\\\/toode\\\/ratastel-kapp-terrassile-kahe-sahtliga\\\/#breadcrumb\"},\"inLanguage\":\"en-US\",\"potentialAction\":[{\"@type\":\"ReadAction\",\"target\":[\"https:\\\/\\\/bbqentertainment.com\\\/toode\\\/ratastel-kapp-terrassile-kahe-sahtliga\\\/\"]}]},{\"@type\":\"ImageObject\",\"inLanguage\":\"en-US\",\"@id\":\"https:\\\/\\\/bbqentertainment.com\\\/toode\\\/ratastel-kapp-terrassile-kahe-sahtliga\\\/#primaryimage\",\"url\":\"https:\\\/\\\/bbqentertainment.com\\\/wp-content\\\/uploads\\\/2024\\\/05\\\/BBQ-Entertainment-Ratastel-kapp-terrassile-kahe-sahtliga-6-ruut-www.disainmet.ee_-5.jpg\",\"contentUrl\":\"https:\\\/\\\/bbqentertainment.com\\\/wp-content\\\/uploads\\\/2024\\\/05\\\/BBQ-Entertainment-Ratastel-kapp-terrassile-kahe-sahtliga-6-ruut-www.disainmet.ee_-5.jpg\",\"width\":1280,\"height\":1280},{\"@type\":\"BreadcrumbList\",\"@id\":\"https:\\\/\\\/bbqentertainment.com\\\/toode\\\/ratastel-kapp-terrassile-kahe-sahtliga\\\/#breadcrumb\",\"itemListElement\":[{\"@type\":\"ListItem\",\"position\":1,\"name\":\"AVALEHT\",\"item\":\"https:\\\/\\\/bbqentertainment.com\\\/en\\\/\"},{\"@type\":\"ListItem\",\"position\":2,\"name\":\"Tooted\",\"item\":\"https:\\\/\\\/bbqentertainment.com\\\/tooted\\\/\"},{\"@type\":\"ListItem\",\"position\":3,\"name\":\"Lisatarvikud\",\"item\":\"https:\\\/\\\/bbqentertainment.com\\\/tootekategooria\\\/lisatarvikud\\\/\"},{\"@type\":\"ListItem\",\"position\":4,\"name\":\"GRILLILAUAD\",\"item\":\"https:\\\/\\\/bbqentertainment.com\\\/tootekategooria\\\/lisatarvikud\\\/grillilauad\\\/\"},{\"@type\":\"ListItem\",\"position\":5,\"name\":\"Ratastel kapp terrassile kahe sahtliga\"}]},{\"@type\":\"WebSite\",\"@id\":\"https:\\\/\\\/bbqentertainment.com\\\/#website\",\"url\":\"https:\\\/\\\/bbqentertainment.com\\\/\",\"name\":\"BBQ Entertainment\",\"description\":\"BBQ is a great lifestyle, not just fun!\",\"publisher\":{\"@id\":\"https:\\\/\\\/bbqentertainment.com\\\/#organization\"},\"potentialAction\":[{\"@type\":\"SearchAction\",\"target\":{\"@type\":\"EntryPoint\",\"urlTemplate\":\"https:\\\/\\\/bbqentertainment.com\\\/?s={search_term_string}\"},\"query-input\":{\"@type\":\"PropertyValueSpecification\",\"valueRequired\":true,\"valueName\":\"search_term_string\"}}],\"inLanguage\":\"en-US\"},{\"@type\":\"Organization\",\"@id\":\"https:\\\/\\\/bbqentertainment.com\\\/#organization\",\"name\":\"BBQ Entertainment O\u00dc\",\"url\":\"https:\\\/\\\/bbqentertainment.com\\\/\",\"logo\":{\"@type\":\"ImageObject\",\"inLanguage\":\"en-US\",\"@id\":\"https:\\\/\\\/bbqentertainment.com\\\/#\\\/schema\\\/logo\\\/image\\\/\",\"url\":\"https:\\\/\\\/bbqentertainment.com\\\/wp-content\\\/uploads\\\/2020\\\/04\\\/BBQ-Entertainment-N-Catering-Enn-Tobreluts-Logo.png\",\"contentUrl\":\"https:\\\/\\\/bbqentertainment.com\\\/wp-content\\\/uploads\\\/2020\\\/04\\\/BBQ-Entertainment-N-Catering-Enn-Tobreluts-Logo.png\",\"width\":628,\"height\":266,\"caption\":\"BBQ Entertainment O\u00dc\"},\"image\":{\"@id\":\"https:\\\/\\\/bbqentertainment.com\\\/#\\\/schema\\\/logo\\\/image\\\/\"},\"sameAs\":[\"https:\\\/\\\/www.facebook.com\\\/BBQ-Entertainment-N-Catering-2437913376443540\",\"https:\\\/\\\/www.instagram.com\\\/bbqentertainmentncatering\\\/\",\"https:\\\/\\\/www.youtube.com\\\/channel\\\/UCmpuANQVhLy2Md8nrenp2jA\"]}]}<\/script>\n<!-- \/ Yoast SEO plugin. -->","yoast_head_json":{"title":"Ratastel kapp terrassile kahe sahtliga - BBQ Entertainment","robots":{"index":"index","follow":"follow","max-snippet":"max-snippet:-1","max-image-preview":"max-image-preview:large","max-video-preview":"max-video-preview:-1"},"canonical":"https:\/\/bbqentertainment.com\/toode\/ratastel-kapp-terrassile-kahe-sahtliga\/","og_locale":"en_US","og_type":"article","og_title":"Ratastel kapp terrassile kahe sahtliga - BBQ Entertainment","og_description":"Ratastel kapp terrassile kahe sahtliga LOODUSLIK GRANIIT V\u00e4litingimustesse sobiliku ratastel (v\u00f5i statsionaarse) kapi t\u00f6\u00f6tasapinnaks on 20mm paksune looduslik graniit NERO ASSOLUTO. Graniidist t\u00f6\u00f6tasapind on suurep\u00e4rane valik olles kuumakindel (talub \u00fcle 200 kraadi Celsiust), plekikindel (lihtne puhastada) ja v\u00e4hepoorne (poorsus 0,0 - 0,2%), mis t\u00e4hendab, et t\u00f6\u00f6tasapind vastab ka k\u00f5ige rangematele h\u00fcgieenin\u00f5uetele. Sobilik otseseks kontaktiks toiduga.  T\u00f6\u00f6tasapinnal on v\u00f5imalik valida kolme viimistluse vahel:   harjatud (antiik)  lihvitud matt  poleeritud k\u00f5rgl\u00e4ige  T\u00f6\u00f6tasapinna valikud TERMOT\u00d6\u00d6DELDUD SAAR Puidust osades on kapil kasutatud Thermory termot\u00f6\u00f6deldud saart (PEFC, FSC, Luigem\u00e4rgis, CE), mis on testitud CATAS'e poolt ja omandanud vastupidavusklassi 1, mis t\u00e4hendab, et vastupidavus m\u00e4danikule on 25+ aastat. Tooraine on p\u00f5hjalikult kontrollitud ning\u00a0p\u00e4rineb\u00a0vastutustundlikult majandatud\u00a0metsadest. Termot\u00f6\u00f6deldud saar ei vaja pinnat\u00f6\u00f6tlust. Sarnaselt iga puiduga muutub ka Thermory toodete pind aja jooksul loomulikult h\u00f5behalliks. See protsess algab kohe ja olenevalt UV kiirguse m\u00f5just v\u00f5tab aega m\u00f5nest kuust kuni m\u00f5ne aastani. See ei muuda laudu v\u00e4hem vastupidavaks.  termosaare kulumine aja jooksul Kui soovida s\u00e4ilitada v\u00f5i muuta termot\u00f6\u00f6deldud puidu tooni, siis soovitame laudu kord aastas \u00f5litada UV kindla \u00f5liga.\u00a0Orgaaniliste \u00f5lide kasutamist ei soovitata, kuna need sisaldavad aineid, mis on toitumisallikaks bioloogilistele organismidele nagu bakterid, hallitus jne.\u00a0Regulaarne hooldus muudab puidu kauakestvamaks. Soovitame puidust osasid puhastada ja hooldada kevadeti, enne suve algust. \u00d5li v\u00f5ib kanda ainult puhastele, tasastele, tolmuta pindadele. Enne\u00a0laudade \u00f5litamist tehke katse v\u00e4ikesel puidut\u00fckil.  TUGEV RAAM JA VASTUPIDAV FURNITUUR Terrassi kapi raam on valmistatud tugevast nelikanttorust, mis on kokku monteeritud kvaliteetse keevituse ja poltide abil. Raami katab 2 kihti pulberv\u00e4rvi: tsinkkrunt ehk alusv\u00e4rv ja teise kihi moodustab p\u00f5hiv\u00e4rv. Kapi sahtlid on vastupidavatel siinidel ja avanevad t\u00e4ies ulatuses, tagades kerge ligip\u00e4\u00e4su tervele sahtli sisule. Kergeks liigutamiseks on kapil neli kvaliteetset ratast, millest kaks on fikseeritavad. KODUMAINE K\u00c4SIT\u00d6\u00d6 V\u00e4listingimustesse sobiv kapp on valmistatud Eestis k\u00e4sit\u00f6\u00f6na, mille tootmise k\u00e4igus j\u00e4lgitakse pingsalt toote valmimise igat protsessi ja detaili, et tagada toote v\u00f5imalikult parim kvaliteet.  &nbsp;","og_url":"https:\/\/bbqentertainment.com\/toode\/ratastel-kapp-terrassile-kahe-sahtliga\/","og_site_name":"BBQ Entertainment","article_publisher":"https:\/\/www.facebook.com\/BBQ-Entertainment-N-Catering-2437913376443540","article_modified_time":"2025-07-25T10:45:39+00:00","og_image":[{"width":1280,"height":1280,"url":"https:\/\/bbqentertainment.com\/wp-content\/uploads\/2024\/05\/BBQ-Entertainment-Ratastel-kapp-terrassile-kahe-sahtliga-6-ruut-www.disainmet.ee_-5.jpg","type":"image\/jpeg"}],"twitter_card":"summary_large_image","twitter_misc":{"Est. reading time":"1 minute"},"schema":{"@context":"https:\/\/schema.org","@graph":[{"@type":["WebPage","ItemPage"],"@id":"https:\/\/bbqentertainment.com\/toode\/ratastel-kapp-terrassile-kahe-sahtliga\/","url":"https:\/\/bbqentertainment.com\/toode\/ratastel-kapp-terrassile-kahe-sahtliga\/","name":"Ratastel kapp terrassile kahe sahtliga - BBQ Entertainment","isPartOf":{"@id":"https:\/\/bbqentertainment.com\/#website"},"primaryImageOfPage":{"@id":"https:\/\/bbqentertainment.com\/toode\/ratastel-kapp-terrassile-kahe-sahtliga\/#primaryimage"},"image":{"@id":"https:\/\/bbqentertainment.com\/toode\/ratastel-kapp-terrassile-kahe-sahtliga\/#primaryimage"},"thumbnailUrl":"https:\/\/bbqentertainment.com\/wp-content\/uploads\/2024\/05\/BBQ-Entertainment-Ratastel-kapp-terrassile-kahe-sahtliga-6-ruut-www.disainmet.ee_-5.jpg","datePublished":"2024-05-03T20:35:12+00:00","dateModified":"2025-07-25T10:45:39+00:00","breadcrumb":{"@id":"https:\/\/bbqentertainment.com\/toode\/ratastel-kapp-terrassile-kahe-sahtliga\/#breadcrumb"},"inLanguage":"en-US","potentialAction":[{"@type":"ReadAction","target":["https:\/\/bbqentertainment.com\/toode\/ratastel-kapp-terrassile-kahe-sahtliga\/"]}]},{"@type":"ImageObject","inLanguage":"en-US","@id":"https:\/\/bbqentertainment.com\/toode\/ratastel-kapp-terrassile-kahe-sahtliga\/#primaryimage","url":"https:\/\/bbqentertainment.com\/wp-content\/uploads\/2024\/05\/BBQ-Entertainment-Ratastel-kapp-terrassile-kahe-sahtliga-6-ruut-www.disainmet.ee_-5.jpg","contentUrl":"https:\/\/bbqentertainment.com\/wp-content\/uploads\/2024\/05\/BBQ-Entertainment-Ratastel-kapp-terrassile-kahe-sahtliga-6-ruut-www.disainmet.ee_-5.jpg","width":1280,"height":1280},{"@type":"BreadcrumbList","@id":"https:\/\/bbqentertainment.com\/toode\/ratastel-kapp-terrassile-kahe-sahtliga\/#breadcrumb","itemListElement":[{"@type":"ListItem","position":1,"name":"AVALEHT","item":"https:\/\/bbqentertainment.com\/en\/"},{"@type":"ListItem","position":2,"name":"Tooted","item":"https:\/\/bbqentertainment.com\/tooted\/"},{"@type":"ListItem","position":3,"name":"Lisatarvikud","item":"https:\/\/bbqentertainment.com\/tootekategooria\/lisatarvikud\/"},{"@type":"ListItem","position":4,"name":"GRILLILAUAD","item":"https:\/\/bbqentertainment.com\/tootekategooria\/lisatarvikud\/grillilauad\/"},{"@type":"ListItem","position":5,"name":"Ratastel kapp terrassile kahe sahtliga"}]},{"@type":"WebSite","@id":"https:\/\/bbqentertainment.com\/#website","url":"https:\/\/bbqentertainment.com\/","name":"BBQ Entertainment","description":"BBQ is a great lifestyle, not just fun!","publisher":{"@id":"https:\/\/bbqentertainment.com\/#organization"},"potentialAction":[{"@type":"SearchAction","target":{"@type":"EntryPoint","urlTemplate":"https:\/\/bbqentertainment.com\/?s={search_term_string}"},"query-input":{"@type":"PropertyValueSpecification","valueRequired":true,"valueName":"search_term_string"}}],"inLanguage":"en-US"},{"@type":"Organization","@id":"https:\/\/bbqentertainment.com\/#organization","name":"BBQ Entertainment O\u00dc","url":"https:\/\/bbqentertainment.com\/","logo":{"@type":"ImageObject","inLanguage":"en-US","@id":"https:\/\/bbqentertainment.com\/#\/schema\/logo\/image\/","url":"https:\/\/bbqentertainment.com\/wp-content\/uploads\/2020\/04\/BBQ-Entertainment-N-Catering-Enn-Tobreluts-Logo.png","contentUrl":"https:\/\/bbqentertainment.com\/wp-content\/uploads\/2020\/04\/BBQ-Entertainment-N-Catering-Enn-Tobreluts-Logo.png","width":628,"height":266,"caption":"BBQ Entertainment O\u00dc"},"image":{"@id":"https:\/\/bbqentertainment.com\/#\/schema\/logo\/image\/"},"sameAs":["https:\/\/www.facebook.com\/BBQ-Entertainment-N-Catering-2437913376443540","https:\/\/www.instagram.com\/bbqentertainmentncatering\/","https:\/\/www.youtube.com\/channel\/UCmpuANQVhLy2Md8nrenp2jA"]}]}},"_links":{"self":[{"href":"https:\/\/bbqentertainment.com\/en\/wp-json\/wp\/v2\/product\/247688","targetHints":{"allow":["GET"]}}],"collection":[{"href":"https:\/\/bbqentertainment.com\/en\/wp-json\/wp\/v2\/product"}],"about":[{"href":"https:\/\/bbqentertainment.com\/en\/wp-json\/wp\/v2\/types\/product"}],"wp:featuredmedia":[{"embeddable":true,"href":"https:\/\/bbqentertainment.com\/en\/wp-json\/wp\/v2\/media\/247693"}],"wp:attachment":[{"href":"https:\/\/bbqentertainment.com\/en\/wp-json\/wp\/v2\/media?parent=247688"}],"wp:term":[{"taxonomy":"product_brand","embeddable":true,"href":"https:\/\/bbqentertainment.com\/en\/wp-json\/wp\/v2\/product_brand?post=247688"},{"taxonomy":"product_cat","embeddable":true,"href":"https:\/\/bbqentertainment.com\/en\/wp-json\/wp\/v2\/product_cat?post=247688"},{"taxonomy":"product_tag","embeddable":true,"href":"https:\/\/bbqentertainment.com\/en\/wp-json\/wp\/v2\/product_tag?post=247688"}],"curies":[{"name":"wp","href":"https:\/\/api.w.org\/{rel}","templated":true}]}}