{"id":247867,"date":"2024-05-04T10:58:15","date_gmt":"2024-05-04T07:58:15","guid":{"rendered":"https:\/\/bbqentertainment.com\/?post_type=product&#038;p=247867"},"modified":"2025-07-25T13:45:46","modified_gmt":"2025-07-25T10:45:46","slug":"aiamoobel-nostalgia","status":"publish","type":"product","link":"https:\/\/bbqentertainment.com\/en\/toode\/aiamoobel-nostalgia\/","title":{"rendered":"Aiam\u00f6\u00f6bel Nostalgia"},"content":{"rendered":"","protected":false},"excerpt":{"rendered":"<h3>Aiam\u00f6\u00f6bel Nostalgia<\/h3>\n<p>Aiam\u00f6\u00f6bli disain on inspireeritud eelmise sajandi keskpaigast. Stiilne aiam\u00f6\u00f6bel on vastupidav ja kaunis disainelement sinu terrassile ja kodu\u00f5uele. Aiam\u00f6\u00f6bli raam on valmistatud nelikanttorust ja viimistletud pulberv\u00e4rviga. Puitosades on kasutatud ainult kvaliteetset termosaart.<br \/>\nKomplekti kuulub laud, kaks suurt pinki ja kaks v\u00e4ikest pinki.<\/p>\n","protected":false},"featured_media":247868,"template":"","meta":{"inline_featured_image":false},"product_brand":[],"product_cat":[236],"product_tag":[],"class_list":{"0":"post-247867","1":"product","2":"type-product","3":"status-publish","4":"has-post-thumbnail","6":"product_cat-grillilauad","7":"product_shipping_class-tulen-ise-jarele","9":"first","10":"instock","11":"taxable","12":"shipping-taxable","13":"purchasable","14":"product-type-simple"},"yoast_head":"<!-- This site is optimized with the Yoast SEO plugin v27.4 - https:\/\/yoast.com\/product\/yoast-seo-wordpress\/ -->\n<title>Aiam\u00f6\u00f6bel Nostalgia - BBQ Entertainment<\/title>\n<meta name=\"robots\" content=\"index, follow, max-snippet:-1, max-image-preview:large, max-video-preview:-1\" \/>\n<link rel=\"canonical\" href=\"https:\/\/bbqentertainment.com\/toode\/aiamoobel-nostalgia\/\" \/>\n<meta property=\"og:locale\" content=\"en_US\" \/>\n<meta property=\"og:type\" content=\"article\" \/>\n<meta property=\"og:title\" content=\"Aiam\u00f6\u00f6bel Nostalgia - BBQ Entertainment\" \/>\n<meta property=\"og:description\" content=\"Aiam\u00f6\u00f6bel Nostalgia Aiam\u00f6\u00f6bli disain on inspireeritud eelmise sajandi keskpaigast. Stiilne aiam\u00f6\u00f6bel on vastupidav ja kaunis disainelement sinu terrassile ja kodu\u00f5uele. Aiam\u00f6\u00f6bli raam on valmistatud nelikanttorust ja viimistletud pulberv\u00e4rviga. Puitosades on kasutatud ainult kvaliteetset termosaart. Komplekti kuulub laud, kaks suurt pinki ja kaks v\u00e4ikest pinki.\" \/>\n<meta property=\"og:url\" content=\"https:\/\/bbqentertainment.com\/toode\/aiamoobel-nostalgia\/\" \/>\n<meta property=\"og:site_name\" content=\"BBQ Entertainment\" \/>\n<meta property=\"article:publisher\" content=\"https:\/\/www.facebook.com\/BBQ-Entertainment-N-Catering-2437913376443540\" \/>\n<meta property=\"article:modified_time\" content=\"2025-07-25T10:45:46+00:00\" \/>\n<meta property=\"og:image\" content=\"https:\/\/bbqentertainment.com\/wp-content\/uploads\/2024\/05\/BBQ-Entertainment-Aiamoobel-Nostalgia-1.jpg\" \/>\n\t<meta property=\"og:image:width\" content=\"2560\" \/>\n\t<meta property=\"og:image:height\" content=\"2560\" \/>\n\t<meta property=\"og:image:type\" content=\"image\/jpeg\" \/>\n<meta name=\"twitter:card\" content=\"summary_large_image\" \/>\n<meta name=\"twitter:label1\" content=\"Est. reading time\" \/>\n\t<meta name=\"twitter:data1\" content=\"1 minute\" \/>\n<script type=\"application\/ld+json\" class=\"yoast-schema-graph\">{\"@context\":\"https:\\\/\\\/schema.org\",\"@graph\":[{\"@type\":[\"WebPage\",\"ItemPage\"],\"@id\":\"https:\\\/\\\/bbqentertainment.com\\\/toode\\\/aiamoobel-nostalgia\\\/\",\"url\":\"https:\\\/\\\/bbqentertainment.com\\\/toode\\\/aiamoobel-nostalgia\\\/\",\"name\":\"Aiam\u00f6\u00f6bel Nostalgia - BBQ Entertainment\",\"isPartOf\":{\"@id\":\"https:\\\/\\\/bbqentertainment.com\\\/#website\"},\"primaryImageOfPage\":{\"@id\":\"https:\\\/\\\/bbqentertainment.com\\\/toode\\\/aiamoobel-nostalgia\\\/#primaryimage\"},\"image\":{\"@id\":\"https:\\\/\\\/bbqentertainment.com\\\/toode\\\/aiamoobel-nostalgia\\\/#primaryimage\"},\"thumbnailUrl\":\"https:\\\/\\\/bbqentertainment.com\\\/wp-content\\\/uploads\\\/2024\\\/05\\\/BBQ-Entertainment-Aiamoobel-Nostalgia-1.jpg\",\"datePublished\":\"2024-05-04T07:58:15+00:00\",\"dateModified\":\"2025-07-25T10:45:46+00:00\",\"breadcrumb\":{\"@id\":\"https:\\\/\\\/bbqentertainment.com\\\/toode\\\/aiamoobel-nostalgia\\\/#breadcrumb\"},\"inLanguage\":\"en-US\",\"potentialAction\":[{\"@type\":\"ReadAction\",\"target\":[\"https:\\\/\\\/bbqentertainment.com\\\/toode\\\/aiamoobel-nostalgia\\\/\"]}]},{\"@type\":\"ImageObject\",\"inLanguage\":\"en-US\",\"@id\":\"https:\\\/\\\/bbqentertainment.com\\\/toode\\\/aiamoobel-nostalgia\\\/#primaryimage\",\"url\":\"https:\\\/\\\/bbqentertainment.com\\\/wp-content\\\/uploads\\\/2024\\\/05\\\/BBQ-Entertainment-Aiamoobel-Nostalgia-1.jpg\",\"contentUrl\":\"https:\\\/\\\/bbqentertainment.com\\\/wp-content\\\/uploads\\\/2024\\\/05\\\/BBQ-Entertainment-Aiamoobel-Nostalgia-1.jpg\",\"width\":2560,\"height\":2560},{\"@type\":\"BreadcrumbList\",\"@id\":\"https:\\\/\\\/bbqentertainment.com\\\/toode\\\/aiamoobel-nostalgia\\\/#breadcrumb\",\"itemListElement\":[{\"@type\":\"ListItem\",\"position\":1,\"name\":\"AVALEHT\",\"item\":\"https:\\\/\\\/bbqentertainment.com\\\/en\\\/\"},{\"@type\":\"ListItem\",\"position\":2,\"name\":\"Tooted\",\"item\":\"https:\\\/\\\/bbqentertainment.com\\\/tooted\\\/\"},{\"@type\":\"ListItem\",\"position\":3,\"name\":\"Lisatarvikud\",\"item\":\"https:\\\/\\\/bbqentertainment.com\\\/tootekategooria\\\/lisatarvikud\\\/\"},{\"@type\":\"ListItem\",\"position\":4,\"name\":\"GRILLILAUAD\",\"item\":\"https:\\\/\\\/bbqentertainment.com\\\/tootekategooria\\\/lisatarvikud\\\/grillilauad\\\/\"},{\"@type\":\"ListItem\",\"position\":5,\"name\":\"Aiam\u00f6\u00f6bel Nostalgia\"}]},{\"@type\":\"WebSite\",\"@id\":\"https:\\\/\\\/bbqentertainment.com\\\/#website\",\"url\":\"https:\\\/\\\/bbqentertainment.com\\\/\",\"name\":\"BBQ Entertainment\",\"description\":\"BBQ is a great lifestyle, not just fun!\",\"publisher\":{\"@id\":\"https:\\\/\\\/bbqentertainment.com\\\/#organization\"},\"potentialAction\":[{\"@type\":\"SearchAction\",\"target\":{\"@type\":\"EntryPoint\",\"urlTemplate\":\"https:\\\/\\\/bbqentertainment.com\\\/?s={search_term_string}\"},\"query-input\":{\"@type\":\"PropertyValueSpecification\",\"valueRequired\":true,\"valueName\":\"search_term_string\"}}],\"inLanguage\":\"en-US\"},{\"@type\":\"Organization\",\"@id\":\"https:\\\/\\\/bbqentertainment.com\\\/#organization\",\"name\":\"BBQ Entertainment O\u00dc\",\"url\":\"https:\\\/\\\/bbqentertainment.com\\\/\",\"logo\":{\"@type\":\"ImageObject\",\"inLanguage\":\"en-US\",\"@id\":\"https:\\\/\\\/bbqentertainment.com\\\/#\\\/schema\\\/logo\\\/image\\\/\",\"url\":\"https:\\\/\\\/bbqentertainment.com\\\/wp-content\\\/uploads\\\/2020\\\/04\\\/BBQ-Entertainment-N-Catering-Enn-Tobreluts-Logo.png\",\"contentUrl\":\"https:\\\/\\\/bbqentertainment.com\\\/wp-content\\\/uploads\\\/2020\\\/04\\\/BBQ-Entertainment-N-Catering-Enn-Tobreluts-Logo.png\",\"width\":628,\"height\":266,\"caption\":\"BBQ Entertainment O\u00dc\"},\"image\":{\"@id\":\"https:\\\/\\\/bbqentertainment.com\\\/#\\\/schema\\\/logo\\\/image\\\/\"},\"sameAs\":[\"https:\\\/\\\/www.facebook.com\\\/BBQ-Entertainment-N-Catering-2437913376443540\",\"https:\\\/\\\/www.instagram.com\\\/bbqentertainmentncatering\\\/\",\"https:\\\/\\\/www.youtube.com\\\/channel\\\/UCmpuANQVhLy2Md8nrenp2jA\"]}]}<\/script>\n<!-- \/ Yoast SEO plugin. -->","yoast_head_json":{"title":"Aiam\u00f6\u00f6bel Nostalgia - BBQ Entertainment","robots":{"index":"index","follow":"follow","max-snippet":"max-snippet:-1","max-image-preview":"max-image-preview:large","max-video-preview":"max-video-preview:-1"},"canonical":"https:\/\/bbqentertainment.com\/toode\/aiamoobel-nostalgia\/","og_locale":"en_US","og_type":"article","og_title":"Aiam\u00f6\u00f6bel Nostalgia - BBQ Entertainment","og_description":"Aiam\u00f6\u00f6bel Nostalgia Aiam\u00f6\u00f6bli disain on inspireeritud eelmise sajandi keskpaigast. Stiilne aiam\u00f6\u00f6bel on vastupidav ja kaunis disainelement sinu terrassile ja kodu\u00f5uele. Aiam\u00f6\u00f6bli raam on valmistatud nelikanttorust ja viimistletud pulberv\u00e4rviga. Puitosades on kasutatud ainult kvaliteetset termosaart. Komplekti kuulub laud, kaks suurt pinki ja kaks v\u00e4ikest pinki.","og_url":"https:\/\/bbqentertainment.com\/toode\/aiamoobel-nostalgia\/","og_site_name":"BBQ Entertainment","article_publisher":"https:\/\/www.facebook.com\/BBQ-Entertainment-N-Catering-2437913376443540","article_modified_time":"2025-07-25T10:45:46+00:00","og_image":[{"width":2560,"height":2560,"url":"https:\/\/bbqentertainment.com\/wp-content\/uploads\/2024\/05\/BBQ-Entertainment-Aiamoobel-Nostalgia-1.jpg","type":"image\/jpeg"}],"twitter_card":"summary_large_image","twitter_misc":{"Est. reading time":"1 minute"},"schema":{"@context":"https:\/\/schema.org","@graph":[{"@type":["WebPage","ItemPage"],"@id":"https:\/\/bbqentertainment.com\/toode\/aiamoobel-nostalgia\/","url":"https:\/\/bbqentertainment.com\/toode\/aiamoobel-nostalgia\/","name":"Aiam\u00f6\u00f6bel Nostalgia - BBQ Entertainment","isPartOf":{"@id":"https:\/\/bbqentertainment.com\/#website"},"primaryImageOfPage":{"@id":"https:\/\/bbqentertainment.com\/toode\/aiamoobel-nostalgia\/#primaryimage"},"image":{"@id":"https:\/\/bbqentertainment.com\/toode\/aiamoobel-nostalgia\/#primaryimage"},"thumbnailUrl":"https:\/\/bbqentertainment.com\/wp-content\/uploads\/2024\/05\/BBQ-Entertainment-Aiamoobel-Nostalgia-1.jpg","datePublished":"2024-05-04T07:58:15+00:00","dateModified":"2025-07-25T10:45:46+00:00","breadcrumb":{"@id":"https:\/\/bbqentertainment.com\/toode\/aiamoobel-nostalgia\/#breadcrumb"},"inLanguage":"en-US","potentialAction":[{"@type":"ReadAction","target":["https:\/\/bbqentertainment.com\/toode\/aiamoobel-nostalgia\/"]}]},{"@type":"ImageObject","inLanguage":"en-US","@id":"https:\/\/bbqentertainment.com\/toode\/aiamoobel-nostalgia\/#primaryimage","url":"https:\/\/bbqentertainment.com\/wp-content\/uploads\/2024\/05\/BBQ-Entertainment-Aiamoobel-Nostalgia-1.jpg","contentUrl":"https:\/\/bbqentertainment.com\/wp-content\/uploads\/2024\/05\/BBQ-Entertainment-Aiamoobel-Nostalgia-1.jpg","width":2560,"height":2560},{"@type":"BreadcrumbList","@id":"https:\/\/bbqentertainment.com\/toode\/aiamoobel-nostalgia\/#breadcrumb","itemListElement":[{"@type":"ListItem","position":1,"name":"AVALEHT","item":"https:\/\/bbqentertainment.com\/en\/"},{"@type":"ListItem","position":2,"name":"Tooted","item":"https:\/\/bbqentertainment.com\/tooted\/"},{"@type":"ListItem","position":3,"name":"Lisatarvikud","item":"https:\/\/bbqentertainment.com\/tootekategooria\/lisatarvikud\/"},{"@type":"ListItem","position":4,"name":"GRILLILAUAD","item":"https:\/\/bbqentertainment.com\/tootekategooria\/lisatarvikud\/grillilauad\/"},{"@type":"ListItem","position":5,"name":"Aiam\u00f6\u00f6bel Nostalgia"}]},{"@type":"WebSite","@id":"https:\/\/bbqentertainment.com\/#website","url":"https:\/\/bbqentertainment.com\/","name":"BBQ Entertainment","description":"BBQ is a great lifestyle, not just fun!","publisher":{"@id":"https:\/\/bbqentertainment.com\/#organization"},"potentialAction":[{"@type":"SearchAction","target":{"@type":"EntryPoint","urlTemplate":"https:\/\/bbqentertainment.com\/?s={search_term_string}"},"query-input":{"@type":"PropertyValueSpecification","valueRequired":true,"valueName":"search_term_string"}}],"inLanguage":"en-US"},{"@type":"Organization","@id":"https:\/\/bbqentertainment.com\/#organization","name":"BBQ Entertainment O\u00dc","url":"https:\/\/bbqentertainment.com\/","logo":{"@type":"ImageObject","inLanguage":"en-US","@id":"https:\/\/bbqentertainment.com\/#\/schema\/logo\/image\/","url":"https:\/\/bbqentertainment.com\/wp-content\/uploads\/2020\/04\/BBQ-Entertainment-N-Catering-Enn-Tobreluts-Logo.png","contentUrl":"https:\/\/bbqentertainment.com\/wp-content\/uploads\/2020\/04\/BBQ-Entertainment-N-Catering-Enn-Tobreluts-Logo.png","width":628,"height":266,"caption":"BBQ Entertainment O\u00dc"},"image":{"@id":"https:\/\/bbqentertainment.com\/#\/schema\/logo\/image\/"},"sameAs":["https:\/\/www.facebook.com\/BBQ-Entertainment-N-Catering-2437913376443540","https:\/\/www.instagram.com\/bbqentertainmentncatering\/","https:\/\/www.youtube.com\/channel\/UCmpuANQVhLy2Md8nrenp2jA"]}]}},"_links":{"self":[{"href":"https:\/\/bbqentertainment.com\/en\/wp-json\/wp\/v2\/product\/247867","targetHints":{"allow":["GET"]}}],"collection":[{"href":"https:\/\/bbqentertainment.com\/en\/wp-json\/wp\/v2\/product"}],"about":[{"href":"https:\/\/bbqentertainment.com\/en\/wp-json\/wp\/v2\/types\/product"}],"wp:featuredmedia":[{"embeddable":true,"href":"https:\/\/bbqentertainment.com\/en\/wp-json\/wp\/v2\/media\/247868"}],"wp:attachment":[{"href":"https:\/\/bbqentertainment.com\/en\/wp-json\/wp\/v2\/media?parent=247867"}],"wp:term":[{"taxonomy":"product_brand","embeddable":true,"href":"https:\/\/bbqentertainment.com\/en\/wp-json\/wp\/v2\/product_brand?post=247867"},{"taxonomy":"product_cat","embeddable":true,"href":"https:\/\/bbqentertainment.com\/en\/wp-json\/wp\/v2\/product_cat?post=247867"},{"taxonomy":"product_tag","embeddable":true,"href":"https:\/\/bbqentertainment.com\/en\/wp-json\/wp\/v2\/product_tag?post=247867"}],"curies":[{"name":"wp","href":"https:\/\/api.w.org\/{rel}","templated":true}]}}