{"id":247930,"date":"2024-05-07T15:12:22","date_gmt":"2024-05-07T12:12:22","guid":{"rendered":"https:\/\/bbqentertainment.com\/?post_type=product&#038;p=247930"},"modified":"2025-07-25T13:45:55","modified_gmt":"2025-07-25T10:45:55","slug":"tihendi-liim-victor-reinz-70-ml","status":"publish","type":"product","link":"https:\/\/bbqentertainment.com\/en\/toode\/tihendi-liim-victor-reinz-70-ml\/","title":{"rendered":"TIHENDI LIIM Victor Reinz 70 ml (sobib ideaalselt Kamado Joe jt ahjude tihendite liimimiseks)"},"content":{"rendered":"<div>\n<div><strong><u>Kamado Joe TIHENDI PAIGALDAMISE JUHEND<\/u>:<\/strong><\/div>\n<ul>\n<li>Tihendi vahetamiseks eemalda vana tihend ettevaatlikult pahtlilabida abil \u2013 \u00e4ra t\u00f5mba, sest see v\u00f5ib kahjustada vildikihi all olevat keraamikat. Selline kahjustus loetakse valest kasutamisest tingituks.<\/li>\n<li><span style=\"font-size: 14.399999px;\">Tihendi uuesti kinnitamiseks on vaja kuumakindlat liimi \u2013 soovitame tihendiliimi: <\/span><a style=\"font-size: 14.399999px;\" href=\"https:\/\/bbqentertainment.com\/toode\/tihendi-liim-victor-reinz-70-ml\/\">https:\/\/bbqentertainment.com\/toode\/tihendi-liim-victor-reinz-70-ml\/<\/a><\/li>\n<li><span style=\"font-size: 14.399999px;\">Parima tulemuse saavutamiseks puhasta keraamika pind enne liimi pealekandmist isoprop\u00fc\u00fclalkoholi v\u00f5i muu sobiva puhastusvahendiga. Vanast liimist vabanemiseks v\u00f5id samuti kasutada pahtlilabidat.<\/span><\/li>\n<li><span style=\"font-size: 14.399999px;\">Viimase sammuna sule ahju kaas v\u00e4hemalt 12 tunniks enne ahju uuesti kasutamist.<\/span><\/li>\n<\/ul>\n<div>Allpool olevas videos on samm-sammuline juhis tihendi paigaldamiseks liimi abil:<\/div>\n<div><a href=\"https:\/\/www.youtube.com\/watch?v=UsYHd4_PFxQ\">https:\/\/www.youtube.com\/watch?v=UsYHd4_PFxQ<\/a> \u00a0(kuigi siin videos on valesti see vana tihendi eemaldamise osa, kust peab tegelikult kasutama ka pahtlilabida abi, et mitte kahjustada vildikihi all olevat keraamikat)<\/div>\n<\/div>\n<div><\/div>\n","protected":false},"excerpt":{"rendered":"<h3><strong>TIHENDI LIIM Victor Reinz 70 ml (sobib ideaalselt Kamado Joe jt ahjude tihendite liimimiseks)<\/strong><\/h3>\n","protected":false},"featured_media":247931,"template":"","meta":{"inline_featured_image":false},"product_brand":[],"product_cat":[20,147,92,106,105,107,178,223],"product_tag":[],"class_list":{"0":"post-247930","1":"product","2":"type-product","3":"status-publish","4":"has-post-thumbnail","6":"product_cat-ole-hickory-smoke-pits","7":"product_cat-kamado-joe-2","8":"product_cat-lisatarvikud","9":"product_cat-lisatarvikud-junior","10":"product_cat-lisatarvikud-classic","11":"product_cat-lisatarvikud-big","12":"product_cat-muud-tooted","13":"product_cat-muud-tooted-2","15":"first","16":"instock","17":"taxable","18":"shipping-taxable","19":"purchasable","20":"product-type-simple"},"yoast_head":"<!-- This site is optimized with the Yoast SEO plugin v27.2 - https:\/\/yoast.com\/product\/yoast-seo-wordpress\/ -->\n<title>TIHENDI LIIM Victor Reinz 70 ml (sobib ideaalselt Kamado Joe jt ahjude tihendite liimimiseks) - BBQ Entertainment<\/title>\n<meta name=\"robots\" content=\"index, follow, max-snippet:-1, max-image-preview:large, max-video-preview:-1\" \/>\n<link rel=\"canonical\" href=\"https:\/\/bbqentertainment.com\/toode\/tihendi-liim-victor-reinz-70-ml\/\" \/>\n<meta property=\"og:locale\" content=\"en_US\" \/>\n<meta property=\"og:type\" content=\"article\" \/>\n<meta property=\"og:title\" content=\"TIHENDI LIIM Victor Reinz 70 ml (sobib ideaalselt Kamado Joe jt ahjude tihendite liimimiseks) - BBQ Entertainment\" \/>\n<meta property=\"og:description\" content=\"TIHENDI LIIM Victor Reinz 70 ml (sobib ideaalselt Kamado Joe jt ahjude tihendite liimimiseks)\" \/>\n<meta property=\"og:url\" content=\"https:\/\/bbqentertainment.com\/toode\/tihendi-liim-victor-reinz-70-ml\/\" \/>\n<meta property=\"og:site_name\" content=\"BBQ Entertainment\" \/>\n<meta property=\"article:publisher\" content=\"https:\/\/www.facebook.com\/BBQ-Entertainment-N-Catering-2437913376443540\" \/>\n<meta property=\"article:modified_time\" content=\"2025-07-25T10:45:55+00:00\" \/>\n<meta property=\"og:image\" content=\"https:\/\/bbqentertainment.com\/wp-content\/uploads\/2024\/05\/TIHENDI-LIIM-Victor-Reinz-70-ml-sobib-ideaalselt-Kamado-Joe-jt-ahjude-tihendite-liimimiseks.jpg\" \/>\n\t<meta property=\"og:image:width\" content=\"1200\" \/>\n\t<meta property=\"og:image:height\" content=\"1200\" \/>\n\t<meta property=\"og:image:type\" content=\"image\/jpeg\" \/>\n<meta name=\"twitter:card\" content=\"summary_large_image\" \/>\n<meta name=\"twitter:label1\" content=\"Est. reading time\" \/>\n\t<meta name=\"twitter:data1\" content=\"1 minute\" \/>\n<script type=\"application\/ld+json\" class=\"yoast-schema-graph\">{\"@context\":\"https:\/\/schema.org\",\"@graph\":[{\"@type\":[\"WebPage\",\"ItemPage\"],\"@id\":\"https:\/\/bbqentertainment.com\/toode\/tihendi-liim-victor-reinz-70-ml\/\",\"url\":\"https:\/\/bbqentertainment.com\/toode\/tihendi-liim-victor-reinz-70-ml\/\",\"name\":\"TIHENDI LIIM Victor Reinz 70 ml (sobib ideaalselt Kamado Joe jt ahjude tihendite liimimiseks) - BBQ Entertainment\",\"isPartOf\":{\"@id\":\"https:\/\/bbqentertainment.com\/#website\"},\"primaryImageOfPage\":{\"@id\":\"https:\/\/bbqentertainment.com\/toode\/tihendi-liim-victor-reinz-70-ml\/#primaryimage\"},\"image\":{\"@id\":\"https:\/\/bbqentertainment.com\/toode\/tihendi-liim-victor-reinz-70-ml\/#primaryimage\"},\"thumbnailUrl\":\"https:\/\/bbqentertainment.com\/wp-content\/uploads\/2024\/05\/TIHENDI-LIIM-Victor-Reinz-70-ml-sobib-ideaalselt-Kamado-Joe-jt-ahjude-tihendite-liimimiseks.jpg\",\"datePublished\":\"2024-05-07T12:12:22+00:00\",\"dateModified\":\"2025-07-25T10:45:55+00:00\",\"breadcrumb\":{\"@id\":\"https:\/\/bbqentertainment.com\/toode\/tihendi-liim-victor-reinz-70-ml\/#breadcrumb\"},\"inLanguage\":\"en-US\",\"potentialAction\":[{\"@type\":\"ReadAction\",\"target\":[\"https:\/\/bbqentertainment.com\/toode\/tihendi-liim-victor-reinz-70-ml\/\"]}]},{\"@type\":\"ImageObject\",\"inLanguage\":\"en-US\",\"@id\":\"https:\/\/bbqentertainment.com\/toode\/tihendi-liim-victor-reinz-70-ml\/#primaryimage\",\"url\":\"https:\/\/bbqentertainment.com\/wp-content\/uploads\/2024\/05\/TIHENDI-LIIM-Victor-Reinz-70-ml-sobib-ideaalselt-Kamado-Joe-jt-ahjude-tihendite-liimimiseks.jpg\",\"contentUrl\":\"https:\/\/bbqentertainment.com\/wp-content\/uploads\/2024\/05\/TIHENDI-LIIM-Victor-Reinz-70-ml-sobib-ideaalselt-Kamado-Joe-jt-ahjude-tihendite-liimimiseks.jpg\",\"width\":1200,\"height\":1200},{\"@type\":\"BreadcrumbList\",\"@id\":\"https:\/\/bbqentertainment.com\/toode\/tihendi-liim-victor-reinz-70-ml\/#breadcrumb\",\"itemListElement\":[{\"@type\":\"ListItem\",\"position\":1,\"name\":\"AVALEHT\",\"item\":\"https:\/\/bbqentertainment.com\/en\/\"},{\"@type\":\"ListItem\",\"position\":2,\"name\":\"Tooted\",\"item\":\"https:\/\/bbqentertainment.com\/tooted\/\"},{\"@type\":\"ListItem\",\"position\":3,\"name\":\"Kamado Joe lisatarvikud\",\"item\":\"https:\/\/bbqentertainment.com\/en\/tootekategooria\/kamado-joe-2\/\"},{\"@type\":\"ListItem\",\"position\":4,\"name\":\"TIHENDI LIIM Victor Reinz 70 ml (sobib ideaalselt Kamado Joe jt ahjude tihendite liimimiseks)\"}]},{\"@type\":\"WebSite\",\"@id\":\"https:\/\/bbqentertainment.com\/#website\",\"url\":\"https:\/\/bbqentertainment.com\/\",\"name\":\"BBQ Entertainment\",\"description\":\"BBQ is a great lifestyle, not just fun!\",\"publisher\":{\"@id\":\"https:\/\/bbqentertainment.com\/#organization\"},\"potentialAction\":[{\"@type\":\"SearchAction\",\"target\":{\"@type\":\"EntryPoint\",\"urlTemplate\":\"https:\/\/bbqentertainment.com\/?s={search_term_string}\"},\"query-input\":{\"@type\":\"PropertyValueSpecification\",\"valueRequired\":true,\"valueName\":\"search_term_string\"}}],\"inLanguage\":\"en-US\"},{\"@type\":\"Organization\",\"@id\":\"https:\/\/bbqentertainment.com\/#organization\",\"name\":\"BBQ Entertainment O\u00dc\",\"url\":\"https:\/\/bbqentertainment.com\/\",\"logo\":{\"@type\":\"ImageObject\",\"inLanguage\":\"en-US\",\"@id\":\"https:\/\/bbqentertainment.com\/#\/schema\/logo\/image\/\",\"url\":\"https:\/\/bbqentertainment.com\/wp-content\/uploads\/2020\/04\/BBQ-Entertainment-N-Catering-Enn-Tobreluts-Logo.png\",\"contentUrl\":\"https:\/\/bbqentertainment.com\/wp-content\/uploads\/2020\/04\/BBQ-Entertainment-N-Catering-Enn-Tobreluts-Logo.png\",\"width\":628,\"height\":266,\"caption\":\"BBQ Entertainment O\u00dc\"},\"image\":{\"@id\":\"https:\/\/bbqentertainment.com\/#\/schema\/logo\/image\/\"},\"sameAs\":[\"https:\/\/www.facebook.com\/BBQ-Entertainment-N-Catering-2437913376443540\",\"https:\/\/www.instagram.com\/bbqentertainmentncatering\/\",\"https:\/\/www.youtube.com\/channel\/UCmpuANQVhLy2Md8nrenp2jA\"]}]}<\/script>\n<!-- \/ Yoast SEO plugin. -->","yoast_head_json":{"title":"TIHENDI LIIM Victor Reinz 70 ml (sobib ideaalselt Kamado Joe jt ahjude tihendite liimimiseks) - BBQ Entertainment","robots":{"index":"index","follow":"follow","max-snippet":"max-snippet:-1","max-image-preview":"max-image-preview:large","max-video-preview":"max-video-preview:-1"},"canonical":"https:\/\/bbqentertainment.com\/toode\/tihendi-liim-victor-reinz-70-ml\/","og_locale":"en_US","og_type":"article","og_title":"TIHENDI LIIM Victor Reinz 70 ml (sobib ideaalselt Kamado Joe jt ahjude tihendite liimimiseks) - BBQ Entertainment","og_description":"TIHENDI LIIM Victor Reinz 70 ml (sobib ideaalselt Kamado Joe jt ahjude tihendite liimimiseks)","og_url":"https:\/\/bbqentertainment.com\/toode\/tihendi-liim-victor-reinz-70-ml\/","og_site_name":"BBQ Entertainment","article_publisher":"https:\/\/www.facebook.com\/BBQ-Entertainment-N-Catering-2437913376443540","article_modified_time":"2025-07-25T10:45:55+00:00","og_image":[{"width":1200,"height":1200,"url":"https:\/\/bbqentertainment.com\/wp-content\/uploads\/2024\/05\/TIHENDI-LIIM-Victor-Reinz-70-ml-sobib-ideaalselt-Kamado-Joe-jt-ahjude-tihendite-liimimiseks.jpg","type":"image\/jpeg"}],"twitter_card":"summary_large_image","twitter_misc":{"Est. reading time":"1 minute"},"schema":{"@context":"https:\/\/schema.org","@graph":[{"@type":["WebPage","ItemPage"],"@id":"https:\/\/bbqentertainment.com\/toode\/tihendi-liim-victor-reinz-70-ml\/","url":"https:\/\/bbqentertainment.com\/toode\/tihendi-liim-victor-reinz-70-ml\/","name":"TIHENDI LIIM Victor Reinz 70 ml (sobib ideaalselt Kamado Joe jt ahjude tihendite liimimiseks) - BBQ Entertainment","isPartOf":{"@id":"https:\/\/bbqentertainment.com\/#website"},"primaryImageOfPage":{"@id":"https:\/\/bbqentertainment.com\/toode\/tihendi-liim-victor-reinz-70-ml\/#primaryimage"},"image":{"@id":"https:\/\/bbqentertainment.com\/toode\/tihendi-liim-victor-reinz-70-ml\/#primaryimage"},"thumbnailUrl":"https:\/\/bbqentertainment.com\/wp-content\/uploads\/2024\/05\/TIHENDI-LIIM-Victor-Reinz-70-ml-sobib-ideaalselt-Kamado-Joe-jt-ahjude-tihendite-liimimiseks.jpg","datePublished":"2024-05-07T12:12:22+00:00","dateModified":"2025-07-25T10:45:55+00:00","breadcrumb":{"@id":"https:\/\/bbqentertainment.com\/toode\/tihendi-liim-victor-reinz-70-ml\/#breadcrumb"},"inLanguage":"en-US","potentialAction":[{"@type":"ReadAction","target":["https:\/\/bbqentertainment.com\/toode\/tihendi-liim-victor-reinz-70-ml\/"]}]},{"@type":"ImageObject","inLanguage":"en-US","@id":"https:\/\/bbqentertainment.com\/toode\/tihendi-liim-victor-reinz-70-ml\/#primaryimage","url":"https:\/\/bbqentertainment.com\/wp-content\/uploads\/2024\/05\/TIHENDI-LIIM-Victor-Reinz-70-ml-sobib-ideaalselt-Kamado-Joe-jt-ahjude-tihendite-liimimiseks.jpg","contentUrl":"https:\/\/bbqentertainment.com\/wp-content\/uploads\/2024\/05\/TIHENDI-LIIM-Victor-Reinz-70-ml-sobib-ideaalselt-Kamado-Joe-jt-ahjude-tihendite-liimimiseks.jpg","width":1200,"height":1200},{"@type":"BreadcrumbList","@id":"https:\/\/bbqentertainment.com\/toode\/tihendi-liim-victor-reinz-70-ml\/#breadcrumb","itemListElement":[{"@type":"ListItem","position":1,"name":"AVALEHT","item":"https:\/\/bbqentertainment.com\/en\/"},{"@type":"ListItem","position":2,"name":"Tooted","item":"https:\/\/bbqentertainment.com\/tooted\/"},{"@type":"ListItem","position":3,"name":"Kamado Joe lisatarvikud","item":"https:\/\/bbqentertainment.com\/en\/tootekategooria\/kamado-joe-2\/"},{"@type":"ListItem","position":4,"name":"TIHENDI LIIM Victor Reinz 70 ml (sobib ideaalselt Kamado Joe jt ahjude tihendite liimimiseks)"}]},{"@type":"WebSite","@id":"https:\/\/bbqentertainment.com\/#website","url":"https:\/\/bbqentertainment.com\/","name":"BBQ Entertainment","description":"BBQ is a great lifestyle, not just fun!","publisher":{"@id":"https:\/\/bbqentertainment.com\/#organization"},"potentialAction":[{"@type":"SearchAction","target":{"@type":"EntryPoint","urlTemplate":"https:\/\/bbqentertainment.com\/?s={search_term_string}"},"query-input":{"@type":"PropertyValueSpecification","valueRequired":true,"valueName":"search_term_string"}}],"inLanguage":"en-US"},{"@type":"Organization","@id":"https:\/\/bbqentertainment.com\/#organization","name":"BBQ Entertainment O\u00dc","url":"https:\/\/bbqentertainment.com\/","logo":{"@type":"ImageObject","inLanguage":"en-US","@id":"https:\/\/bbqentertainment.com\/#\/schema\/logo\/image\/","url":"https:\/\/bbqentertainment.com\/wp-content\/uploads\/2020\/04\/BBQ-Entertainment-N-Catering-Enn-Tobreluts-Logo.png","contentUrl":"https:\/\/bbqentertainment.com\/wp-content\/uploads\/2020\/04\/BBQ-Entertainment-N-Catering-Enn-Tobreluts-Logo.png","width":628,"height":266,"caption":"BBQ Entertainment O\u00dc"},"image":{"@id":"https:\/\/bbqentertainment.com\/#\/schema\/logo\/image\/"},"sameAs":["https:\/\/www.facebook.com\/BBQ-Entertainment-N-Catering-2437913376443540","https:\/\/www.instagram.com\/bbqentertainmentncatering\/","https:\/\/www.youtube.com\/channel\/UCmpuANQVhLy2Md8nrenp2jA"]}]}},"_links":{"self":[{"href":"https:\/\/bbqentertainment.com\/en\/wp-json\/wp\/v2\/product\/247930","targetHints":{"allow":["GET"]}}],"collection":[{"href":"https:\/\/bbqentertainment.com\/en\/wp-json\/wp\/v2\/product"}],"about":[{"href":"https:\/\/bbqentertainment.com\/en\/wp-json\/wp\/v2\/types\/product"}],"wp:featuredmedia":[{"embeddable":true,"href":"https:\/\/bbqentertainment.com\/en\/wp-json\/wp\/v2\/media\/247931"}],"wp:attachment":[{"href":"https:\/\/bbqentertainment.com\/en\/wp-json\/wp\/v2\/media?parent=247930"}],"wp:term":[{"taxonomy":"product_brand","embeddable":true,"href":"https:\/\/bbqentertainment.com\/en\/wp-json\/wp\/v2\/product_brand?post=247930"},{"taxonomy":"product_cat","embeddable":true,"href":"https:\/\/bbqentertainment.com\/en\/wp-json\/wp\/v2\/product_cat?post=247930"},{"taxonomy":"product_tag","embeddable":true,"href":"https:\/\/bbqentertainment.com\/en\/wp-json\/wp\/v2\/product_tag?post=247930"}],"curies":[{"name":"wp","href":"https:\/\/api.w.org\/{rel}","templated":true}]}}