{"id":247967,"date":"2024-05-12T23:03:48","date_gmt":"2024-05-12T20:03:48","guid":{"rendered":"https:\/\/bbqentertainment.com\/?post_type=product&#038;p=247967"},"modified":"2025-07-25T13:45:50","modified_gmt":"2025-07-25T10:45:50","slug":"looft-lighter-elektriline-grillsoe-ja-lokkesuutaja-tavaline","status":"publish","type":"product","link":"https:\/\/bbqentertainment.com\/en\/toode\/looft-lighter-elektriline-grillsoe-ja-lokkesuutaja-tavaline\/","title":{"rendered":"LOOFT LIGHTER elektriline grills\u00f6e- ja l\u00f5kkes\u00fc\u00fctaja (tavaline)"},"content":{"rendered":"","protected":false},"excerpt":{"rendered":"<h3><span style=\"color: #000000;\"><strong>LOOFT LIGHTER elektriline grills\u00f6e- ja l\u00f5kkes\u00fc\u00fctaja (tavaline)<\/strong><\/span><\/h3>\n<p><span style=\"color: #000000;\">LOOFT LIGHTER elektriline s\u00fc\u00fctaja on kiireim ja mugavaim viis s\u00fc\u00fcdata grills\u00f6ed grilli, puud kaminas v\u00f5i pizzaahjus. S\u00fcte s\u00fc\u00fctamiseks kulub umbes minut. LOOFT s\u00fc\u00fctab s\u00f6ed \u00fclikuuma \u00f5huga \u2014 ei mingit tuld, keemiat ega gaasi tule s\u00fc\u00fctamiseks. Hea ja mugav!<\/span><\/p>\n<ul>\n<li><span style=\"color: #000000;\">S\u00fc\u00fctajaks on \u00fclikuum \u00f5hk, mis ulatub 650\u00b0C-ni<\/span><\/li>\n<li><span style=\"color: #000000;\">S\u00fc\u00fctab nii grills\u00f6ed, grillbrigetid kui ka l\u00f5kke<\/span><\/li>\n<li><span style=\"color: #000000;\">Pikk 1,3 meetrine toitejuhe<\/span><\/li>\n<li><span style=\"color: #000000;\">1750W \/ 230V \/ 50Hz, garantii 2 aastat<\/span><\/li>\n<li><span style=\"color: #000000;\">Pikkus 42 cm, diameeter 6.5 \/ 7,5 cm, kaal 0,7 kg<\/span><\/li>\n<\/ul>\n<p><span style=\"color: #000000;\">Looft Lighter on kiireim, ohutum ja puhtaim viis grilli, l\u00f5kke v\u00f5i kamina s\u00fc\u00fctamiseks.\u00a0<\/span><br \/>\n<span style=\"color: #000000;\">Kiire ja mitmek\u00fclgne \u2013 Looft Lighter on kiireim viis alustada ja oma s\u00f6egrill toiduvalmistamiseks valmis seada. Saavutab t\u00e4iusliku h\u00f5\u00f5gumise m\u00f5ne hetkega.<\/span><br \/>\n<span style=\"color: #000000;\">Lihtne \u2013 vajuta Loofti nuppu ja s\u00fc\u00fcta s\u00fcsi. Grills\u00f6e s\u00fc\u00fctamiseks ei ole olemas lihtsamat viisi.<\/span><br \/>\n<span style=\"color: #000000;\">Puhas \u2013 ei leeki, gaasi ega m\u00fcrgiseid kemikaale. Looft Lighter kasutab s\u00f6e k\u00e4ivitamiseks \u00fclekuumendatud \u00f5hku.<\/span><\/p>\n<p><span style=\"color: #000000;\">Aseta grills\u00f6ed p\u00fcramiidikujuliselt grillile, pane Loofti s\u00fc\u00fctaja ots vastu grills\u00fctt (hunniku keskele) ja vajuta Loofti nuppu, Hoia vastu s\u00fcsisid kuniks tekib s\u00fcteh\u00f5\u00f5gumine (s\u00e4demed ja s\u00e4ra), siis eemaldu veidi s\u00fctest ja hoia Looft suunaga h\u00f5\u00f5gumise suunas kuniks s\u00fcsi on k\u00f5ik h\u00f5\u00f5guma hakanud. Tavaliselt piisab umbes 60 sekundist, et s\u00fcsi ideaalselt s\u00fcttiks.<\/span><\/p>\n<p>&nbsp;<\/p>\n","protected":false},"featured_media":247970,"template":"","meta":{"inline_featured_image":false},"product_brand":[],"product_cat":[92,479,27,104],"product_tag":[],"class_list":{"0":"post-247967","1":"product","2":"type-product","3":"status-publish","4":"has-post-thumbnail","6":"product_cat-lisatarvikud","7":"product_cat-grillitarvikud","8":"product_cat-grillsusi","9":"product_cat-sute-suutamiseks","11":"first","12":"instock","13":"taxable","14":"shipping-taxable","15":"purchasable","16":"product-type-simple"},"yoast_head":"<!-- This site is optimized with the Yoast SEO plugin v27.4 - https:\/\/yoast.com\/product\/yoast-seo-wordpress\/ -->\n<title>LOOFT LIGHTER elektriline grills\u00f6e- ja l\u00f5kkes\u00fc\u00fctaja (tavaline) - BBQ Entertainment<\/title>\n<meta name=\"robots\" content=\"index, follow, max-snippet:-1, max-image-preview:large, max-video-preview:-1\" \/>\n<link rel=\"canonical\" href=\"https:\/\/bbqentertainment.com\/toode\/looft-lighter-elektriline-grillsoe-ja-lokkesuutaja-tavaline\/\" \/>\n<meta property=\"og:locale\" content=\"en_US\" \/>\n<meta property=\"og:type\" content=\"article\" \/>\n<meta property=\"og:title\" content=\"LOOFT LIGHTER elektriline grills\u00f6e- ja l\u00f5kkes\u00fc\u00fctaja (tavaline) - BBQ Entertainment\" \/>\n<meta property=\"og:description\" content=\"LOOFT LIGHTER elektriline grills\u00f6e- ja l\u00f5kkes\u00fc\u00fctaja (tavaline) LOOFT LIGHTER elektriline s\u00fc\u00fctaja on kiireim ja mugavaim viis s\u00fc\u00fcdata grills\u00f6ed grilli, puud kaminas v\u00f5i pizzaahjus. S\u00fcte s\u00fc\u00fctamiseks kulub umbes minut. LOOFT s\u00fc\u00fctab s\u00f6ed \u00fclikuuma \u00f5huga \u2014 ei mingit tuld, keemiat ega gaasi tule s\u00fc\u00fctamiseks. Hea ja mugav!   S\u00fc\u00fctajaks on \u00fclikuum \u00f5hk, mis ulatub 650\u00b0C-ni  S\u00fc\u00fctab nii grills\u00f6ed, grillbrigetid kui ka l\u00f5kke  Pikk 1,3 meetrine toitejuhe  1750W \/ 230V \/ 50Hz, garantii 2 aastat  Pikkus 42 cm, diameeter 6.5 \/ 7,5 cm, kaal 0,7 kg  Looft Lighter on kiireim, ohutum ja puhtaim viis grilli, l\u00f5kke v\u00f5i kamina s\u00fc\u00fctamiseks.\u00a0 Kiire ja mitmek\u00fclgne \u2013 Looft Lighter on kiireim viis alustada ja oma s\u00f6egrill toiduvalmistamiseks valmis seada. Saavutab t\u00e4iusliku h\u00f5\u00f5gumise m\u00f5ne hetkega. Lihtne \u2013 vajuta Loofti nuppu ja s\u00fc\u00fcta s\u00fcsi. Grills\u00f6e s\u00fc\u00fctamiseks ei ole olemas lihtsamat viisi. Puhas \u2013 ei leeki, gaasi ega m\u00fcrgiseid kemikaale. Looft Lighter kasutab s\u00f6e k\u00e4ivitamiseks \u00fclekuumendatud \u00f5hku.  Aseta grills\u00f6ed p\u00fcramiidikujuliselt grillile, pane Loofti s\u00fc\u00fctaja ots vastu grills\u00fctt (hunniku keskele) ja vajuta Loofti nuppu, Hoia vastu s\u00fcsisid kuniks tekib s\u00fcteh\u00f5\u00f5gumine (s\u00e4demed ja s\u00e4ra), siis eemaldu veidi s\u00fctest ja hoia Looft suunaga h\u00f5\u00f5gumise suunas kuniks s\u00fcsi on k\u00f5ik h\u00f5\u00f5guma hakanud. Tavaliselt piisab umbes 60 sekundist, et s\u00fcsi ideaalselt s\u00fcttiks.  &nbsp;\" \/>\n<meta property=\"og:url\" content=\"https:\/\/bbqentertainment.com\/toode\/looft-lighter-elektriline-grillsoe-ja-lokkesuutaja-tavaline\/\" \/>\n<meta property=\"og:site_name\" content=\"BBQ Entertainment\" \/>\n<meta property=\"article:publisher\" content=\"https:\/\/www.facebook.com\/BBQ-Entertainment-N-Catering-2437913376443540\" \/>\n<meta property=\"article:modified_time\" content=\"2025-07-25T10:45:50+00:00\" \/>\n<meta property=\"og:image\" content=\"https:\/\/bbqentertainment.com\/wp-content\/uploads\/2024\/05\/LOOFT-LIGHTER-elektriline-grillsoe-ja-lokkesuutaja-tavaline.jpg-1.webp\" \/>\n\t<meta property=\"og:image:width\" content=\"1540\" \/>\n\t<meta property=\"og:image:height\" content=\"1540\" \/>\n\t<meta property=\"og:image:type\" content=\"image\/webp\" \/>\n<meta name=\"twitter:card\" content=\"summary_large_image\" \/>\n<meta name=\"twitter:label1\" content=\"Est. reading time\" \/>\n\t<meta name=\"twitter:data1\" content=\"1 minute\" \/>\n<script type=\"application\/ld+json\" class=\"yoast-schema-graph\">{\"@context\":\"https:\\\/\\\/schema.org\",\"@graph\":[{\"@type\":[\"WebPage\",\"ItemPage\"],\"@id\":\"https:\\\/\\\/bbqentertainment.com\\\/toode\\\/looft-lighter-elektriline-grillsoe-ja-lokkesuutaja-tavaline\\\/\",\"url\":\"https:\\\/\\\/bbqentertainment.com\\\/toode\\\/looft-lighter-elektriline-grillsoe-ja-lokkesuutaja-tavaline\\\/\",\"name\":\"LOOFT LIGHTER elektriline grills\u00f6e- ja l\u00f5kkes\u00fc\u00fctaja (tavaline) - BBQ Entertainment\",\"isPartOf\":{\"@id\":\"https:\\\/\\\/bbqentertainment.com\\\/#website\"},\"primaryImageOfPage\":{\"@id\":\"https:\\\/\\\/bbqentertainment.com\\\/toode\\\/looft-lighter-elektriline-grillsoe-ja-lokkesuutaja-tavaline\\\/#primaryimage\"},\"image\":{\"@id\":\"https:\\\/\\\/bbqentertainment.com\\\/toode\\\/looft-lighter-elektriline-grillsoe-ja-lokkesuutaja-tavaline\\\/#primaryimage\"},\"thumbnailUrl\":\"https:\\\/\\\/bbqentertainment.com\\\/wp-content\\\/uploads\\\/2024\\\/05\\\/LOOFT-LIGHTER-elektriline-grillsoe-ja-lokkesuutaja-tavaline.jpg-1.webp\",\"datePublished\":\"2024-05-12T20:03:48+00:00\",\"dateModified\":\"2025-07-25T10:45:50+00:00\",\"breadcrumb\":{\"@id\":\"https:\\\/\\\/bbqentertainment.com\\\/toode\\\/looft-lighter-elektriline-grillsoe-ja-lokkesuutaja-tavaline\\\/#breadcrumb\"},\"inLanguage\":\"en-US\",\"potentialAction\":[{\"@type\":\"ReadAction\",\"target\":[\"https:\\\/\\\/bbqentertainment.com\\\/toode\\\/looft-lighter-elektriline-grillsoe-ja-lokkesuutaja-tavaline\\\/\"]}]},{\"@type\":\"ImageObject\",\"inLanguage\":\"en-US\",\"@id\":\"https:\\\/\\\/bbqentertainment.com\\\/toode\\\/looft-lighter-elektriline-grillsoe-ja-lokkesuutaja-tavaline\\\/#primaryimage\",\"url\":\"https:\\\/\\\/bbqentertainment.com\\\/wp-content\\\/uploads\\\/2024\\\/05\\\/LOOFT-LIGHTER-elektriline-grillsoe-ja-lokkesuutaja-tavaline.jpg-1.webp\",\"contentUrl\":\"https:\\\/\\\/bbqentertainment.com\\\/wp-content\\\/uploads\\\/2024\\\/05\\\/LOOFT-LIGHTER-elektriline-grillsoe-ja-lokkesuutaja-tavaline.jpg-1.webp\",\"width\":1540,\"height\":1540},{\"@type\":\"BreadcrumbList\",\"@id\":\"https:\\\/\\\/bbqentertainment.com\\\/toode\\\/looft-lighter-elektriline-grillsoe-ja-lokkesuutaja-tavaline\\\/#breadcrumb\",\"itemListElement\":[{\"@type\":\"ListItem\",\"position\":1,\"name\":\"AVALEHT\",\"item\":\"https:\\\/\\\/bbqentertainment.com\\\/en\\\/\"},{\"@type\":\"ListItem\",\"position\":2,\"name\":\"Tooted\",\"item\":\"https:\\\/\\\/bbqentertainment.com\\\/tooted\\\/\"},{\"@type\":\"ListItem\",\"position\":3,\"name\":\"K\u00fcte\",\"item\":\"https:\\\/\\\/bbqentertainment.com\\\/tootekategooria\\\/grillsusi\\\/\"},{\"@type\":\"ListItem\",\"position\":4,\"name\":\"S\u00fcte s\u00fc\u00fctamiseks\",\"item\":\"https:\\\/\\\/bbqentertainment.com\\\/tootekategooria\\\/grillsusi\\\/sute-suutamiseks\\\/\"},{\"@type\":\"ListItem\",\"position\":5,\"name\":\"LOOFT LIGHTER elektriline grills\u00f6e- ja l\u00f5kkes\u00fc\u00fctaja (tavaline)\"}]},{\"@type\":\"WebSite\",\"@id\":\"https:\\\/\\\/bbqentertainment.com\\\/#website\",\"url\":\"https:\\\/\\\/bbqentertainment.com\\\/\",\"name\":\"BBQ Entertainment\",\"description\":\"BBQ is a great lifestyle, not just fun!\",\"publisher\":{\"@id\":\"https:\\\/\\\/bbqentertainment.com\\\/#organization\"},\"potentialAction\":[{\"@type\":\"SearchAction\",\"target\":{\"@type\":\"EntryPoint\",\"urlTemplate\":\"https:\\\/\\\/bbqentertainment.com\\\/?s={search_term_string}\"},\"query-input\":{\"@type\":\"PropertyValueSpecification\",\"valueRequired\":true,\"valueName\":\"search_term_string\"}}],\"inLanguage\":\"en-US\"},{\"@type\":\"Organization\",\"@id\":\"https:\\\/\\\/bbqentertainment.com\\\/#organization\",\"name\":\"BBQ Entertainment O\u00dc\",\"url\":\"https:\\\/\\\/bbqentertainment.com\\\/\",\"logo\":{\"@type\":\"ImageObject\",\"inLanguage\":\"en-US\",\"@id\":\"https:\\\/\\\/bbqentertainment.com\\\/#\\\/schema\\\/logo\\\/image\\\/\",\"url\":\"https:\\\/\\\/bbqentertainment.com\\\/wp-content\\\/uploads\\\/2020\\\/04\\\/BBQ-Entertainment-N-Catering-Enn-Tobreluts-Logo.png\",\"contentUrl\":\"https:\\\/\\\/bbqentertainment.com\\\/wp-content\\\/uploads\\\/2020\\\/04\\\/BBQ-Entertainment-N-Catering-Enn-Tobreluts-Logo.png\",\"width\":628,\"height\":266,\"caption\":\"BBQ Entertainment O\u00dc\"},\"image\":{\"@id\":\"https:\\\/\\\/bbqentertainment.com\\\/#\\\/schema\\\/logo\\\/image\\\/\"},\"sameAs\":[\"https:\\\/\\\/www.facebook.com\\\/BBQ-Entertainment-N-Catering-2437913376443540\",\"https:\\\/\\\/www.instagram.com\\\/bbqentertainmentncatering\\\/\",\"https:\\\/\\\/www.youtube.com\\\/channel\\\/UCmpuANQVhLy2Md8nrenp2jA\"]}]}<\/script>\n<!-- \/ Yoast SEO plugin. -->","yoast_head_json":{"title":"LOOFT LIGHTER elektriline grills\u00f6e- ja l\u00f5kkes\u00fc\u00fctaja (tavaline) - BBQ Entertainment","robots":{"index":"index","follow":"follow","max-snippet":"max-snippet:-1","max-image-preview":"max-image-preview:large","max-video-preview":"max-video-preview:-1"},"canonical":"https:\/\/bbqentertainment.com\/toode\/looft-lighter-elektriline-grillsoe-ja-lokkesuutaja-tavaline\/","og_locale":"en_US","og_type":"article","og_title":"LOOFT LIGHTER elektriline grills\u00f6e- ja l\u00f5kkes\u00fc\u00fctaja (tavaline) - BBQ Entertainment","og_description":"LOOFT LIGHTER elektriline grills\u00f6e- ja l\u00f5kkes\u00fc\u00fctaja (tavaline) LOOFT LIGHTER elektriline s\u00fc\u00fctaja on kiireim ja mugavaim viis s\u00fc\u00fcdata grills\u00f6ed grilli, puud kaminas v\u00f5i pizzaahjus. S\u00fcte s\u00fc\u00fctamiseks kulub umbes minut. LOOFT s\u00fc\u00fctab s\u00f6ed \u00fclikuuma \u00f5huga \u2014 ei mingit tuld, keemiat ega gaasi tule s\u00fc\u00fctamiseks. Hea ja mugav!   S\u00fc\u00fctajaks on \u00fclikuum \u00f5hk, mis ulatub 650\u00b0C-ni  S\u00fc\u00fctab nii grills\u00f6ed, grillbrigetid kui ka l\u00f5kke  Pikk 1,3 meetrine toitejuhe  1750W \/ 230V \/ 50Hz, garantii 2 aastat  Pikkus 42 cm, diameeter 6.5 \/ 7,5 cm, kaal 0,7 kg  Looft Lighter on kiireim, ohutum ja puhtaim viis grilli, l\u00f5kke v\u00f5i kamina s\u00fc\u00fctamiseks.\u00a0 Kiire ja mitmek\u00fclgne \u2013 Looft Lighter on kiireim viis alustada ja oma s\u00f6egrill toiduvalmistamiseks valmis seada. Saavutab t\u00e4iusliku h\u00f5\u00f5gumise m\u00f5ne hetkega. Lihtne \u2013 vajuta Loofti nuppu ja s\u00fc\u00fcta s\u00fcsi. Grills\u00f6e s\u00fc\u00fctamiseks ei ole olemas lihtsamat viisi. Puhas \u2013 ei leeki, gaasi ega m\u00fcrgiseid kemikaale. Looft Lighter kasutab s\u00f6e k\u00e4ivitamiseks \u00fclekuumendatud \u00f5hku.  Aseta grills\u00f6ed p\u00fcramiidikujuliselt grillile, pane Loofti s\u00fc\u00fctaja ots vastu grills\u00fctt (hunniku keskele) ja vajuta Loofti nuppu, Hoia vastu s\u00fcsisid kuniks tekib s\u00fcteh\u00f5\u00f5gumine (s\u00e4demed ja s\u00e4ra), siis eemaldu veidi s\u00fctest ja hoia Looft suunaga h\u00f5\u00f5gumise suunas kuniks s\u00fcsi on k\u00f5ik h\u00f5\u00f5guma hakanud. Tavaliselt piisab umbes 60 sekundist, et s\u00fcsi ideaalselt s\u00fcttiks.  &nbsp;","og_url":"https:\/\/bbqentertainment.com\/toode\/looft-lighter-elektriline-grillsoe-ja-lokkesuutaja-tavaline\/","og_site_name":"BBQ Entertainment","article_publisher":"https:\/\/www.facebook.com\/BBQ-Entertainment-N-Catering-2437913376443540","article_modified_time":"2025-07-25T10:45:50+00:00","og_image":[{"width":1540,"height":1540,"url":"https:\/\/bbqentertainment.com\/wp-content\/uploads\/2024\/05\/LOOFT-LIGHTER-elektriline-grillsoe-ja-lokkesuutaja-tavaline.jpg-1.webp","type":"image\/webp"}],"twitter_card":"summary_large_image","twitter_misc":{"Est. reading time":"1 minute"},"schema":{"@context":"https:\/\/schema.org","@graph":[{"@type":["WebPage","ItemPage"],"@id":"https:\/\/bbqentertainment.com\/toode\/looft-lighter-elektriline-grillsoe-ja-lokkesuutaja-tavaline\/","url":"https:\/\/bbqentertainment.com\/toode\/looft-lighter-elektriline-grillsoe-ja-lokkesuutaja-tavaline\/","name":"LOOFT LIGHTER elektriline grills\u00f6e- ja l\u00f5kkes\u00fc\u00fctaja (tavaline) - BBQ Entertainment","isPartOf":{"@id":"https:\/\/bbqentertainment.com\/#website"},"primaryImageOfPage":{"@id":"https:\/\/bbqentertainment.com\/toode\/looft-lighter-elektriline-grillsoe-ja-lokkesuutaja-tavaline\/#primaryimage"},"image":{"@id":"https:\/\/bbqentertainment.com\/toode\/looft-lighter-elektriline-grillsoe-ja-lokkesuutaja-tavaline\/#primaryimage"},"thumbnailUrl":"https:\/\/bbqentertainment.com\/wp-content\/uploads\/2024\/05\/LOOFT-LIGHTER-elektriline-grillsoe-ja-lokkesuutaja-tavaline.jpg-1.webp","datePublished":"2024-05-12T20:03:48+00:00","dateModified":"2025-07-25T10:45:50+00:00","breadcrumb":{"@id":"https:\/\/bbqentertainment.com\/toode\/looft-lighter-elektriline-grillsoe-ja-lokkesuutaja-tavaline\/#breadcrumb"},"inLanguage":"en-US","potentialAction":[{"@type":"ReadAction","target":["https:\/\/bbqentertainment.com\/toode\/looft-lighter-elektriline-grillsoe-ja-lokkesuutaja-tavaline\/"]}]},{"@type":"ImageObject","inLanguage":"en-US","@id":"https:\/\/bbqentertainment.com\/toode\/looft-lighter-elektriline-grillsoe-ja-lokkesuutaja-tavaline\/#primaryimage","url":"https:\/\/bbqentertainment.com\/wp-content\/uploads\/2024\/05\/LOOFT-LIGHTER-elektriline-grillsoe-ja-lokkesuutaja-tavaline.jpg-1.webp","contentUrl":"https:\/\/bbqentertainment.com\/wp-content\/uploads\/2024\/05\/LOOFT-LIGHTER-elektriline-grillsoe-ja-lokkesuutaja-tavaline.jpg-1.webp","width":1540,"height":1540},{"@type":"BreadcrumbList","@id":"https:\/\/bbqentertainment.com\/toode\/looft-lighter-elektriline-grillsoe-ja-lokkesuutaja-tavaline\/#breadcrumb","itemListElement":[{"@type":"ListItem","position":1,"name":"AVALEHT","item":"https:\/\/bbqentertainment.com\/en\/"},{"@type":"ListItem","position":2,"name":"Tooted","item":"https:\/\/bbqentertainment.com\/tooted\/"},{"@type":"ListItem","position":3,"name":"K\u00fcte","item":"https:\/\/bbqentertainment.com\/tootekategooria\/grillsusi\/"},{"@type":"ListItem","position":4,"name":"S\u00fcte s\u00fc\u00fctamiseks","item":"https:\/\/bbqentertainment.com\/tootekategooria\/grillsusi\/sute-suutamiseks\/"},{"@type":"ListItem","position":5,"name":"LOOFT LIGHTER elektriline grills\u00f6e- ja l\u00f5kkes\u00fc\u00fctaja (tavaline)"}]},{"@type":"WebSite","@id":"https:\/\/bbqentertainment.com\/#website","url":"https:\/\/bbqentertainment.com\/","name":"BBQ Entertainment","description":"BBQ is a great lifestyle, not just fun!","publisher":{"@id":"https:\/\/bbqentertainment.com\/#organization"},"potentialAction":[{"@type":"SearchAction","target":{"@type":"EntryPoint","urlTemplate":"https:\/\/bbqentertainment.com\/?s={search_term_string}"},"query-input":{"@type":"PropertyValueSpecification","valueRequired":true,"valueName":"search_term_string"}}],"inLanguage":"en-US"},{"@type":"Organization","@id":"https:\/\/bbqentertainment.com\/#organization","name":"BBQ Entertainment O\u00dc","url":"https:\/\/bbqentertainment.com\/","logo":{"@type":"ImageObject","inLanguage":"en-US","@id":"https:\/\/bbqentertainment.com\/#\/schema\/logo\/image\/","url":"https:\/\/bbqentertainment.com\/wp-content\/uploads\/2020\/04\/BBQ-Entertainment-N-Catering-Enn-Tobreluts-Logo.png","contentUrl":"https:\/\/bbqentertainment.com\/wp-content\/uploads\/2020\/04\/BBQ-Entertainment-N-Catering-Enn-Tobreluts-Logo.png","width":628,"height":266,"caption":"BBQ Entertainment O\u00dc"},"image":{"@id":"https:\/\/bbqentertainment.com\/#\/schema\/logo\/image\/"},"sameAs":["https:\/\/www.facebook.com\/BBQ-Entertainment-N-Catering-2437913376443540","https:\/\/www.instagram.com\/bbqentertainmentncatering\/","https:\/\/www.youtube.com\/channel\/UCmpuANQVhLy2Md8nrenp2jA"]}]}},"_links":{"self":[{"href":"https:\/\/bbqentertainment.com\/en\/wp-json\/wp\/v2\/product\/247967","targetHints":{"allow":["GET"]}}],"collection":[{"href":"https:\/\/bbqentertainment.com\/en\/wp-json\/wp\/v2\/product"}],"about":[{"href":"https:\/\/bbqentertainment.com\/en\/wp-json\/wp\/v2\/types\/product"}],"wp:featuredmedia":[{"embeddable":true,"href":"https:\/\/bbqentertainment.com\/en\/wp-json\/wp\/v2\/media\/247970"}],"wp:attachment":[{"href":"https:\/\/bbqentertainment.com\/en\/wp-json\/wp\/v2\/media?parent=247967"}],"wp:term":[{"taxonomy":"product_brand","embeddable":true,"href":"https:\/\/bbqentertainment.com\/en\/wp-json\/wp\/v2\/product_brand?post=247967"},{"taxonomy":"product_cat","embeddable":true,"href":"https:\/\/bbqentertainment.com\/en\/wp-json\/wp\/v2\/product_cat?post=247967"},{"taxonomy":"product_tag","embeddable":true,"href":"https:\/\/bbqentertainment.com\/en\/wp-json\/wp\/v2\/product_tag?post=247967"}],"curies":[{"name":"wp","href":"https:\/\/api.w.org\/{rel}","templated":true}]}}